{"id":36497,"date":"2023-08-28T07:54:27","date_gmt":"2023-08-28T07:54:27","guid":{"rendered":"https:\/\/inti.hr\/product\/komoda-s-kliznim-vratima-80x40x85cm\/"},"modified":"2023-08-28T07:54:27","modified_gmt":"2023-08-28T07:54:27","slug":"komoda-s-kliznim-vratima-80x40x85cm","status":"publish","type":"product","link":"https:\/\/inti.hr\/sr\/proizvod\/komoda-s-kliznim-vratima-80x40x85cm\/","title":{"rendered":"Komoda s kliznim vratima 80x40x85cm"},"content":{"rendered":"<p>Detalji proizvoda:<\/p>\n<p>Te\u017eina: 25 kg<br \/>\nTestirano za: 75 kg.<br \/>\nMaterijal: Drvena vlakna.<br \/>\nMjere proizvoda: 80x40x85cm (vidi sliku)<br \/>\nDimenzije paketa: 94x52x19cm.<br \/>\nS uputama za sastavljanje i vijcima. Jednostavna instalacija.<\/p>\n","protected":false},"excerpt":{"rendered":"<p>Komoda nudi puno dodatnog prostora za pohranu u \u0161ik dizajnu &#8211; &#8230; <\/p>\n","protected":false},"featured_media":36498,"template":"","meta":[],"product_cat":[2421],"product_tag":[2448,3064],"yoast_head":"<!-- This site is optimized with the Yoast SEO plugin v23.7 - https:\/\/yoast.com\/wordpress\/plugins\/seo\/ -->\n<title>Komoda s kliznim vratima 80x40x85cm - Inti<\/title>\n<meta name=\"description\" content=\"Komoda nudi puno dodatnog prostora za pohranu u \u0161ik dizajnu - bilo da stvari \u017eelite staviti u ladice ili ih sakriti iza vrata ili tra\u017eite dobro mjesto za lijepe kuhinjske potrep\u0161tine. S pravim priborom mo\u017eete staviti komodu u sredi\u0161te pozornosti.Zahvaljuju\u0107i prakti\u010dnim kliznim vratima u svakom se trenutku mo\u017eete predomisliti i otvoreno predstaviti drugu stranu ormara.Pet nogu \u010dini stalak za cipele stabilnijim. Uklju\u010duje za\u0161titu za pod za sprje\u010davanje o\u0161te\u0107enja od ogrebotina.Tako\u0111er je mo\u017eete osigurati od slu\u010dajnog pada pri\u010dvr\u0161\u0107ivanjem police na zid.\" \/>\n<meta name=\"robots\" content=\"index, follow, max-snippet:-1, max-image-preview:large, max-video-preview:-1\" \/>\n<link rel=\"canonical\" href=\"https:\/\/inti.hr\/sr\/proizvod\/komoda-s-kliznim-vratima-80x40x85cm\/\" \/>\n<meta property=\"og:locale\" content=\"sr_RS\" \/>\n<meta property=\"og:type\" content=\"article\" \/>\n<meta property=\"og:title\" content=\"Komoda s kliznim vratima 80x40x85cm - Inti\" \/>\n<meta property=\"og:description\" content=\"Komoda nudi puno dodatnog prostora za pohranu u \u0161ik dizajnu - bilo da stvari \u017eelite staviti u ladice ili ih sakriti iza vrata ili tra\u017eite dobro mjesto za lijepe kuhinjske potrep\u0161tine. S pravim priborom mo\u017eete staviti komodu u sredi\u0161te pozornosti.Zahvaljuju\u0107i prakti\u010dnim kliznim vratima u svakom se trenutku mo\u017eete predomisliti i otvoreno predstaviti drugu stranu ormara.Pet nogu \u010dini stalak za cipele stabilnijim. Uklju\u010duje za\u0161titu za pod za sprje\u010davanje o\u0161te\u0107enja od ogrebotina.Tako\u0111er je mo\u017eete osigurati od slu\u010dajnog pada pri\u010dvr\u0161\u0107ivanjem police na zid.\" \/>\n<meta property=\"og:url\" content=\"https:\/\/inti.hr\/sr\/proizvod\/komoda-s-kliznim-vratima-80x40x85cm\/\" \/>\n<meta property=\"og:site_name\" content=\"Inti\" \/>\n<meta property=\"og:image\" content=\"https:\/\/i0.wp.com\/inti.hr\/wp-content\/uploads\/2023\/08\/FSB84-W-S003_1800x1800.webp?fit=1600%2C1600&ssl=1\" \/>\n\t<meta property=\"og:image:width\" content=\"1600\" \/>\n\t<meta property=\"og:image:height\" content=\"1600\" \/>\n\t<meta property=\"og:image:type\" content=\"image\/webp\" \/>\n<meta name=\"twitter:card\" content=\"summary_large_image\" \/>\n<script type=\"application\/ld+json\" class=\"yoast-schema-graph\">{\"@context\":\"https:\/\/schema.org\",\"@graph\":[{\"@type\":\"WebPage\",\"@id\":\"https:\/\/inti.hr\/sr\/proizvod\/komoda-s-kliznim-vratima-80x40x85cm\/\",\"url\":\"https:\/\/inti.hr\/sr\/proizvod\/komoda-s-kliznim-vratima-80x40x85cm\/\",\"name\":\"Komoda s kliznim vratima 80x40x85cm - Inti\",\"isPartOf\":{\"@id\":\"https:\/\/inti.hr\/sr\/#website\"},\"primaryImageOfPage\":{\"@id\":\"https:\/\/inti.hr\/sr\/proizvod\/komoda-s-kliznim-vratima-80x40x85cm\/#primaryimage\"},\"image\":{\"@id\":\"https:\/\/inti.hr\/sr\/proizvod\/komoda-s-kliznim-vratima-80x40x85cm\/#primaryimage\"},\"thumbnailUrl\":\"https:\/\/i0.wp.com\/inti.hr\/wp-content\/uploads\/2023\/08\/FSB84-W-S003_1800x1800.webp?fit=1600%2C1600&ssl=1\",\"datePublished\":\"2023-08-28T07:54:27+00:00\",\"dateModified\":\"2023-08-28T07:54:27+00:00\",\"description\":\"Komoda nudi puno dodatnog prostora za pohranu u \u0161ik dizajnu - bilo da stvari \u017eelite staviti u ladice ili ih sakriti iza vrata ili tra\u017eite dobro mjesto za lijepe kuhinjske potrep\u0161tine. S pravim priborom mo\u017eete staviti komodu u sredi\u0161te pozornosti.Zahvaljuju\u0107i prakti\u010dnim kliznim vratima u svakom se trenutku mo\u017eete predomisliti i otvoreno predstaviti drugu stranu ormara.Pet nogu \u010dini stalak za cipele stabilnijim. Uklju\u010duje za\u0161titu za pod za sprje\u010davanje o\u0161te\u0107enja od ogrebotina.Tako\u0111er je mo\u017eete osigurati od slu\u010dajnog pada pri\u010dvr\u0161\u0107ivanjem police na zid.\",\"breadcrumb\":{\"@id\":\"https:\/\/inti.hr\/sr\/proizvod\/komoda-s-kliznim-vratima-80x40x85cm\/#breadcrumb\"},\"inLanguage\":\"sr-RS\",\"potentialAction\":[{\"@type\":\"ReadAction\",\"target\":[\"https:\/\/inti.hr\/sr\/proizvod\/komoda-s-kliznim-vratima-80x40x85cm\/\"]}]},{\"@type\":\"ImageObject\",\"inLanguage\":\"sr-RS\",\"@id\":\"https:\/\/inti.hr\/sr\/proizvod\/komoda-s-kliznim-vratima-80x40x85cm\/#primaryimage\",\"url\":\"https:\/\/i0.wp.com\/inti.hr\/wp-content\/uploads\/2023\/08\/FSB84-W-S003_1800x1800.webp?fit=1600%2C1600&ssl=1\",\"contentUrl\":\"https:\/\/i0.wp.com\/inti.hr\/wp-content\/uploads\/2023\/08\/FSB84-W-S003_1800x1800.webp?fit=1600%2C1600&ssl=1\",\"width\":1600,\"height\":1600},{\"@type\":\"BreadcrumbList\",\"@id\":\"https:\/\/inti.hr\/sr\/proizvod\/komoda-s-kliznim-vratima-80x40x85cm\/#breadcrumb\",\"itemListElement\":[{\"@type\":\"ListItem\",\"position\":1,\"name\":\"Po\u010detna stranica\",\"item\":\"https:\/\/inti.hr\/sr\/\"},{\"@type\":\"ListItem\",\"position\":2,\"name\":\"Prodavnica\",\"item\":\"https:\/\/inti.hr\/sr\/prodavnica\/\"},{\"@type\":\"ListItem\",\"position\":3,\"name\":\"Komoda s kliznim vratima 80x40x85cm\"}]},{\"@type\":\"WebSite\",\"@id\":\"https:\/\/inti.hr\/sr\/#website\",\"url\":\"https:\/\/inti.hr\/sr\/\",\"name\":\"Inti\",\"description\":\"trgovina\",\"potentialAction\":[{\"@type\":\"SearchAction\",\"target\":{\"@type\":\"EntryPoint\",\"urlTemplate\":\"https:\/\/inti.hr\/sr\/?s={search_term_string}\"},\"query-input\":{\"@type\":\"PropertyValueSpecification\",\"valueRequired\":true,\"valueName\":\"search_term_string\"}}],\"inLanguage\":\"sr-RS\"}]}<\/script>\n<!-- \/ Yoast SEO plugin. -->","yoast_head_json":{"title":"Komoda s kliznim vratima 80x40x85cm - Inti","description":"Komoda nudi puno dodatnog prostora za pohranu u \u0161ik dizajnu - bilo da stvari \u017eelite staviti u ladice ili ih sakriti iza vrata ili tra\u017eite dobro mjesto za lijepe kuhinjske potrep\u0161tine. S pravim priborom mo\u017eete staviti komodu u sredi\u0161te pozornosti.Zahvaljuju\u0107i prakti\u010dnim kliznim vratima u svakom se trenutku mo\u017eete predomisliti i otvoreno predstaviti drugu stranu ormara.Pet nogu \u010dini stalak za cipele stabilnijim. Uklju\u010duje za\u0161titu za pod za sprje\u010davanje o\u0161te\u0107enja od ogrebotina.Tako\u0111er je mo\u017eete osigurati od slu\u010dajnog pada pri\u010dvr\u0161\u0107ivanjem police na zid.","robots":{"index":"index","follow":"follow","max-snippet":"max-snippet:-1","max-image-preview":"max-image-preview:large","max-video-preview":"max-video-preview:-1"},"canonical":"https:\/\/inti.hr\/sr\/proizvod\/komoda-s-kliznim-vratima-80x40x85cm\/","og_locale":"sr_RS","og_type":"article","og_title":"Komoda s kliznim vratima 80x40x85cm - Inti","og_description":"Komoda nudi puno dodatnog prostora za pohranu u \u0161ik dizajnu - bilo da stvari \u017eelite staviti u ladice ili ih sakriti iza vrata ili tra\u017eite dobro mjesto za lijepe kuhinjske potrep\u0161tine. S pravim priborom mo\u017eete staviti komodu u sredi\u0161te pozornosti.Zahvaljuju\u0107i prakti\u010dnim kliznim vratima u svakom se trenutku mo\u017eete predomisliti i otvoreno predstaviti drugu stranu ormara.Pet nogu \u010dini stalak za cipele stabilnijim. Uklju\u010duje za\u0161titu za pod za sprje\u010davanje o\u0161te\u0107enja od ogrebotina.Tako\u0111er je mo\u017eete osigurati od slu\u010dajnog pada pri\u010dvr\u0161\u0107ivanjem police na zid.","og_url":"https:\/\/inti.hr\/sr\/proizvod\/komoda-s-kliznim-vratima-80x40x85cm\/","og_site_name":"Inti","og_image":[{"width":1600,"height":1600,"url":"https:\/\/i0.wp.com\/inti.hr\/wp-content\/uploads\/2023\/08\/FSB84-W-S003_1800x1800.webp?fit=1600%2C1600&ssl=1","type":"image\/webp"}],"twitter_card":"summary_large_image","schema":{"@context":"https:\/\/schema.org","@graph":[{"@type":"WebPage","@id":"https:\/\/inti.hr\/sr\/proizvod\/komoda-s-kliznim-vratima-80x40x85cm\/","url":"https:\/\/inti.hr\/sr\/proizvod\/komoda-s-kliznim-vratima-80x40x85cm\/","name":"Komoda s kliznim vratima 80x40x85cm - Inti","isPartOf":{"@id":"https:\/\/inti.hr\/sr\/#website"},"primaryImageOfPage":{"@id":"https:\/\/inti.hr\/sr\/proizvod\/komoda-s-kliznim-vratima-80x40x85cm\/#primaryimage"},"image":{"@id":"https:\/\/inti.hr\/sr\/proizvod\/komoda-s-kliznim-vratima-80x40x85cm\/#primaryimage"},"thumbnailUrl":"https:\/\/i0.wp.com\/inti.hr\/wp-content\/uploads\/2023\/08\/FSB84-W-S003_1800x1800.webp?fit=1600%2C1600&ssl=1","datePublished":"2023-08-28T07:54:27+00:00","dateModified":"2023-08-28T07:54:27+00:00","description":"Komoda nudi puno dodatnog prostora za pohranu u \u0161ik dizajnu - bilo da stvari \u017eelite staviti u ladice ili ih sakriti iza vrata ili tra\u017eite dobro mjesto za lijepe kuhinjske potrep\u0161tine. S pravim priborom mo\u017eete staviti komodu u sredi\u0161te pozornosti.Zahvaljuju\u0107i prakti\u010dnim kliznim vratima u svakom se trenutku mo\u017eete predomisliti i otvoreno predstaviti drugu stranu ormara.Pet nogu \u010dini stalak za cipele stabilnijim. Uklju\u010duje za\u0161titu za pod za sprje\u010davanje o\u0161te\u0107enja od ogrebotina.Tako\u0111er je mo\u017eete osigurati od slu\u010dajnog pada pri\u010dvr\u0161\u0107ivanjem police na zid.","breadcrumb":{"@id":"https:\/\/inti.hr\/sr\/proizvod\/komoda-s-kliznim-vratima-80x40x85cm\/#breadcrumb"},"inLanguage":"sr-RS","potentialAction":[{"@type":"ReadAction","target":["https:\/\/inti.hr\/sr\/proizvod\/komoda-s-kliznim-vratima-80x40x85cm\/"]}]},{"@type":"ImageObject","inLanguage":"sr-RS","@id":"https:\/\/inti.hr\/sr\/proizvod\/komoda-s-kliznim-vratima-80x40x85cm\/#primaryimage","url":"https:\/\/i0.wp.com\/inti.hr\/wp-content\/uploads\/2023\/08\/FSB84-W-S003_1800x1800.webp?fit=1600%2C1600&ssl=1","contentUrl":"https:\/\/i0.wp.com\/inti.hr\/wp-content\/uploads\/2023\/08\/FSB84-W-S003_1800x1800.webp?fit=1600%2C1600&ssl=1","width":1600,"height":1600},{"@type":"BreadcrumbList","@id":"https:\/\/inti.hr\/sr\/proizvod\/komoda-s-kliznim-vratima-80x40x85cm\/#breadcrumb","itemListElement":[{"@type":"ListItem","position":1,"name":"Po\u010detna stranica","item":"https:\/\/inti.hr\/sr\/"},{"@type":"ListItem","position":2,"name":"Prodavnica","item":"https:\/\/inti.hr\/sr\/prodavnica\/"},{"@type":"ListItem","position":3,"name":"Komoda s kliznim vratima 80x40x85cm"}]},{"@type":"WebSite","@id":"https:\/\/inti.hr\/sr\/#website","url":"https:\/\/inti.hr\/sr\/","name":"Inti","description":"trgovina","potentialAction":[{"@type":"SearchAction","target":{"@type":"EntryPoint","urlTemplate":"https:\/\/inti.hr\/sr\/?s={search_term_string}"},"query-input":{"@type":"PropertyValueSpecification","valueRequired":true,"valueName":"search_term_string"}}],"inLanguage":"sr-RS"}]}},"jetpack_sharing_enabled":true,"jetpack-related-posts":[],"_links":{"self":[{"href":"https:\/\/inti.hr\/sr\/wp-json\/wp\/v2\/product\/36497"}],"collection":[{"href":"https:\/\/inti.hr\/sr\/wp-json\/wp\/v2\/product"}],"about":[{"href":"https:\/\/inti.hr\/sr\/wp-json\/wp\/v2\/types\/product"}],"wp:featuredmedia":[{"embeddable":true,"href":"https:\/\/inti.hr\/sr\/wp-json\/wp\/v2\/media\/36498"}],"wp:attachment":[{"href":"https:\/\/inti.hr\/sr\/wp-json\/wp\/v2\/media?parent=36497"}],"wp:term":[{"taxonomy":"product_cat","embeddable":true,"href":"https:\/\/inti.hr\/sr\/wp-json\/wp\/v2\/product_cat?post=36497"},{"taxonomy":"product_tag","embeddable":true,"href":"https:\/\/inti.hr\/sr\/wp-json\/wp\/v2\/product_tag?post=36497"}],"curies":[{"name":"wp","href":"https:\/\/api.w.org\/{rel}","templated":true}]}}