{"id":36517,"date":"2023-03-14T18:22:07","date_gmt":"2023-03-14T18:22:07","guid":{"rendered":"https:\/\/inti.hr\/product\/djecji-krevet-na-razvlacenje-90x200cm\/"},"modified":"2023-03-14T18:22:07","modified_gmt":"2023-03-14T18:22:07","slug":"djecji-krevet-na-razvlacenje-90x200cm","status":"publish","type":"product","link":"https:\/\/inti.hr\/sr\/proizvod\/djecji-krevet-na-razvlacenje-90x200cm\/","title":{"rendered":"Dje\u010dji krevet na razvla\u010denje 90x200cm"},"content":{"rendered":"<p>Detalji o proizvodu:<\/p>\n<p>&#8211; Kau\u010d na razvla\u010denje od borovine nudi dva mjesta za spavanje<br \/>\n&#8211; \u0160tedi prostor i stabilna je konstrukcija<br \/>\n&#8211; Jednostavna monta\u017ea<\/p>\n<p>Dimenzije:<\/p>\n<p>&#8211; Sofa (Dx\u0160xV): 205x97x66cm<br \/>\n&#8211; Ukupne dimenzije razvu\u010dene (Dx\u0160xV): 205&#215;190,5x66cm<br \/>\n&#8211; \u0160irina razvu\u010denog le\u017eaja: 93,5 cm<br \/>\n&#8211; Visina sjedala: 30cm<br \/>\n&#8211; Dimenzije madraca (Dx\u0160): 200x90cm<\/p>\n<p>elasti\u010dnost:<\/p>\n<p>&#8211; Sofa: Max 100 kg<br \/>\n&#8211; Krevet na izvla\u010denje: Max 100 kg<\/p>\n<p>Materijal:<\/p>\n<p>Okvir kreveta: borovina<br \/>\nLetvi\u010dni okvir: \u0161perplo\u010da<\/p>\n<p>Boja:<\/p>\n<p>Bijelo, mat lakirano<\/p>\n<p>Madrac ne dolazi sa krevetom.<\/p>\n","protected":false},"excerpt":{"rendered":"<p>Krevet \u200b\u200bna razvla\u010denje izra\u0111en od borovine nudi ne samo udobno sjedenje &#8230; <\/p>\n","protected":false},"featured_media":36518,"template":"","meta":[],"product_cat":[2411],"product_tag":[4848,4849],"yoast_head":"<!-- This site is optimized with the Yoast SEO plugin v23.7 - https:\/\/yoast.com\/wordpress\/plugins\/seo\/ -->\n<title>Dje\u010dji krevet na razvla\u010denje 90x200cm - Inti<\/title>\n<meta name=\"description\" content=\"Krevet \u200b\u200bna razvla\u010denje izra\u0111en od borovine nudi ne samo udobno sjedenje ve\u0107 i ugodno mjesto za spavanje. Dodatni le\u017eaj se po potrebi mo\u017ee izvu\u0107i, \u0161to kau\u010d na razvla\u010denje tako\u0111er \u010dini u\u0161tedom prostora.\" \/>\n<meta name=\"robots\" content=\"index, follow, max-snippet:-1, max-image-preview:large, max-video-preview:-1\" \/>\n<link rel=\"canonical\" href=\"https:\/\/inti.hr\/sr\/proizvod\/djecji-krevet-na-razvlacenje-90x200cm\/\" \/>\n<meta property=\"og:locale\" content=\"sr_RS\" \/>\n<meta property=\"og:type\" content=\"article\" \/>\n<meta property=\"og:title\" content=\"Dje\u010dji krevet na razvla\u010denje 90x200cm - Inti\" \/>\n<meta property=\"og:description\" content=\"Krevet \u200b\u200bna razvla\u010denje izra\u0111en od borovine nudi ne samo udobno sjedenje ve\u0107 i ugodno mjesto za spavanje. Dodatni le\u017eaj se po potrebi mo\u017ee izvu\u0107i, \u0161to kau\u010d na razvla\u010denje tako\u0111er \u010dini u\u0161tedom prostora.\" \/>\n<meta property=\"og:url\" content=\"https:\/\/inti.hr\/sr\/proizvod\/djecji-krevet-na-razvlacenje-90x200cm\/\" \/>\n<meta property=\"og:site_name\" content=\"Inti\" \/>\n<meta property=\"og:image\" content=\"https:\/\/i0.wp.com\/inti.hr\/wp-content\/uploads\/2023\/03\/9bb634e5ebe7e6b1145c9832b868e584.jpg?fit=1400%2C1400&ssl=1\" \/>\n\t<meta property=\"og:image:width\" content=\"1400\" \/>\n\t<meta property=\"og:image:height\" content=\"1400\" \/>\n\t<meta property=\"og:image:type\" content=\"image\/jpeg\" \/>\n<meta name=\"twitter:card\" content=\"summary_large_image\" \/>\n<script type=\"application\/ld+json\" class=\"yoast-schema-graph\">{\"@context\":\"https:\/\/schema.org\",\"@graph\":[{\"@type\":\"WebPage\",\"@id\":\"https:\/\/inti.hr\/sr\/proizvod\/djecji-krevet-na-razvlacenje-90x200cm\/\",\"url\":\"https:\/\/inti.hr\/sr\/proizvod\/djecji-krevet-na-razvlacenje-90x200cm\/\",\"name\":\"Dje\u010dji krevet na razvla\u010denje 90x200cm - Inti\",\"isPartOf\":{\"@id\":\"https:\/\/inti.hr\/sr\/#website\"},\"primaryImageOfPage\":{\"@id\":\"https:\/\/inti.hr\/sr\/proizvod\/djecji-krevet-na-razvlacenje-90x200cm\/#primaryimage\"},\"image\":{\"@id\":\"https:\/\/inti.hr\/sr\/proizvod\/djecji-krevet-na-razvlacenje-90x200cm\/#primaryimage\"},\"thumbnailUrl\":\"https:\/\/i0.wp.com\/inti.hr\/wp-content\/uploads\/2023\/03\/9bb634e5ebe7e6b1145c9832b868e584.jpg?fit=1400%2C1400&ssl=1\",\"datePublished\":\"2023-03-14T18:22:07+00:00\",\"dateModified\":\"2023-03-14T18:22:07+00:00\",\"description\":\"Krevet \u200b\u200bna razvla\u010denje izra\u0111en od borovine nudi ne samo udobno sjedenje ve\u0107 i ugodno mjesto za spavanje. Dodatni le\u017eaj se po potrebi mo\u017ee izvu\u0107i, \u0161to kau\u010d na razvla\u010denje tako\u0111er \u010dini u\u0161tedom prostora.\",\"breadcrumb\":{\"@id\":\"https:\/\/inti.hr\/sr\/proizvod\/djecji-krevet-na-razvlacenje-90x200cm\/#breadcrumb\"},\"inLanguage\":\"sr-RS\",\"potentialAction\":[{\"@type\":\"ReadAction\",\"target\":[\"https:\/\/inti.hr\/sr\/proizvod\/djecji-krevet-na-razvlacenje-90x200cm\/\"]}]},{\"@type\":\"ImageObject\",\"inLanguage\":\"sr-RS\",\"@id\":\"https:\/\/inti.hr\/sr\/proizvod\/djecji-krevet-na-razvlacenje-90x200cm\/#primaryimage\",\"url\":\"https:\/\/i0.wp.com\/inti.hr\/wp-content\/uploads\/2023\/03\/9bb634e5ebe7e6b1145c9832b868e584.jpg?fit=1400%2C1400&ssl=1\",\"contentUrl\":\"https:\/\/i0.wp.com\/inti.hr\/wp-content\/uploads\/2023\/03\/9bb634e5ebe7e6b1145c9832b868e584.jpg?fit=1400%2C1400&ssl=1\",\"width\":1400,\"height\":1400},{\"@type\":\"BreadcrumbList\",\"@id\":\"https:\/\/inti.hr\/sr\/proizvod\/djecji-krevet-na-razvlacenje-90x200cm\/#breadcrumb\",\"itemListElement\":[{\"@type\":\"ListItem\",\"position\":1,\"name\":\"Po\u010detna stranica\",\"item\":\"https:\/\/inti.hr\/sr\/\"},{\"@type\":\"ListItem\",\"position\":2,\"name\":\"Prodavnica\",\"item\":\"https:\/\/inti.hr\/sr\/prodavnica\/\"},{\"@type\":\"ListItem\",\"position\":3,\"name\":\"Dje\u010dji krevet na razvla\u010denje 90x200cm\"}]},{\"@type\":\"WebSite\",\"@id\":\"https:\/\/inti.hr\/sr\/#website\",\"url\":\"https:\/\/inti.hr\/sr\/\",\"name\":\"Inti\",\"description\":\"trgovina\",\"potentialAction\":[{\"@type\":\"SearchAction\",\"target\":{\"@type\":\"EntryPoint\",\"urlTemplate\":\"https:\/\/inti.hr\/sr\/?s={search_term_string}\"},\"query-input\":{\"@type\":\"PropertyValueSpecification\",\"valueRequired\":true,\"valueName\":\"search_term_string\"}}],\"inLanguage\":\"sr-RS\"}]}<\/script>\n<!-- \/ Yoast SEO plugin. -->","yoast_head_json":{"title":"Dje\u010dji krevet na razvla\u010denje 90x200cm - Inti","description":"Krevet \u200b\u200bna razvla\u010denje izra\u0111en od borovine nudi ne samo udobno sjedenje ve\u0107 i ugodno mjesto za spavanje. Dodatni le\u017eaj se po potrebi mo\u017ee izvu\u0107i, \u0161to kau\u010d na razvla\u010denje tako\u0111er \u010dini u\u0161tedom prostora.","robots":{"index":"index","follow":"follow","max-snippet":"max-snippet:-1","max-image-preview":"max-image-preview:large","max-video-preview":"max-video-preview:-1"},"canonical":"https:\/\/inti.hr\/sr\/proizvod\/djecji-krevet-na-razvlacenje-90x200cm\/","og_locale":"sr_RS","og_type":"article","og_title":"Dje\u010dji krevet na razvla\u010denje 90x200cm - Inti","og_description":"Krevet \u200b\u200bna razvla\u010denje izra\u0111en od borovine nudi ne samo udobno sjedenje ve\u0107 i ugodno mjesto za spavanje. Dodatni le\u017eaj se po potrebi mo\u017ee izvu\u0107i, \u0161to kau\u010d na razvla\u010denje tako\u0111er \u010dini u\u0161tedom prostora.","og_url":"https:\/\/inti.hr\/sr\/proizvod\/djecji-krevet-na-razvlacenje-90x200cm\/","og_site_name":"Inti","og_image":[{"width":1400,"height":1400,"url":"https:\/\/i0.wp.com\/inti.hr\/wp-content\/uploads\/2023\/03\/9bb634e5ebe7e6b1145c9832b868e584.jpg?fit=1400%2C1400&ssl=1","type":"image\/jpeg"}],"twitter_card":"summary_large_image","schema":{"@context":"https:\/\/schema.org","@graph":[{"@type":"WebPage","@id":"https:\/\/inti.hr\/sr\/proizvod\/djecji-krevet-na-razvlacenje-90x200cm\/","url":"https:\/\/inti.hr\/sr\/proizvod\/djecji-krevet-na-razvlacenje-90x200cm\/","name":"Dje\u010dji krevet na razvla\u010denje 90x200cm - Inti","isPartOf":{"@id":"https:\/\/inti.hr\/sr\/#website"},"primaryImageOfPage":{"@id":"https:\/\/inti.hr\/sr\/proizvod\/djecji-krevet-na-razvlacenje-90x200cm\/#primaryimage"},"image":{"@id":"https:\/\/inti.hr\/sr\/proizvod\/djecji-krevet-na-razvlacenje-90x200cm\/#primaryimage"},"thumbnailUrl":"https:\/\/i0.wp.com\/inti.hr\/wp-content\/uploads\/2023\/03\/9bb634e5ebe7e6b1145c9832b868e584.jpg?fit=1400%2C1400&ssl=1","datePublished":"2023-03-14T18:22:07+00:00","dateModified":"2023-03-14T18:22:07+00:00","description":"Krevet \u200b\u200bna razvla\u010denje izra\u0111en od borovine nudi ne samo udobno sjedenje ve\u0107 i ugodno mjesto za spavanje. Dodatni le\u017eaj se po potrebi mo\u017ee izvu\u0107i, \u0161to kau\u010d na razvla\u010denje tako\u0111er \u010dini u\u0161tedom prostora.","breadcrumb":{"@id":"https:\/\/inti.hr\/sr\/proizvod\/djecji-krevet-na-razvlacenje-90x200cm\/#breadcrumb"},"inLanguage":"sr-RS","potentialAction":[{"@type":"ReadAction","target":["https:\/\/inti.hr\/sr\/proizvod\/djecji-krevet-na-razvlacenje-90x200cm\/"]}]},{"@type":"ImageObject","inLanguage":"sr-RS","@id":"https:\/\/inti.hr\/sr\/proizvod\/djecji-krevet-na-razvlacenje-90x200cm\/#primaryimage","url":"https:\/\/i0.wp.com\/inti.hr\/wp-content\/uploads\/2023\/03\/9bb634e5ebe7e6b1145c9832b868e584.jpg?fit=1400%2C1400&ssl=1","contentUrl":"https:\/\/i0.wp.com\/inti.hr\/wp-content\/uploads\/2023\/03\/9bb634e5ebe7e6b1145c9832b868e584.jpg?fit=1400%2C1400&ssl=1","width":1400,"height":1400},{"@type":"BreadcrumbList","@id":"https:\/\/inti.hr\/sr\/proizvod\/djecji-krevet-na-razvlacenje-90x200cm\/#breadcrumb","itemListElement":[{"@type":"ListItem","position":1,"name":"Po\u010detna stranica","item":"https:\/\/inti.hr\/sr\/"},{"@type":"ListItem","position":2,"name":"Prodavnica","item":"https:\/\/inti.hr\/sr\/prodavnica\/"},{"@type":"ListItem","position":3,"name":"Dje\u010dji krevet na razvla\u010denje 90x200cm"}]},{"@type":"WebSite","@id":"https:\/\/inti.hr\/sr\/#website","url":"https:\/\/inti.hr\/sr\/","name":"Inti","description":"trgovina","potentialAction":[{"@type":"SearchAction","target":{"@type":"EntryPoint","urlTemplate":"https:\/\/inti.hr\/sr\/?s={search_term_string}"},"query-input":{"@type":"PropertyValueSpecification","valueRequired":true,"valueName":"search_term_string"}}],"inLanguage":"sr-RS"}]}},"jetpack_sharing_enabled":true,"jetpack-related-posts":[],"_links":{"self":[{"href":"https:\/\/inti.hr\/sr\/wp-json\/wp\/v2\/product\/36517"}],"collection":[{"href":"https:\/\/inti.hr\/sr\/wp-json\/wp\/v2\/product"}],"about":[{"href":"https:\/\/inti.hr\/sr\/wp-json\/wp\/v2\/types\/product"}],"wp:featuredmedia":[{"embeddable":true,"href":"https:\/\/inti.hr\/sr\/wp-json\/wp\/v2\/media\/36518"}],"wp:attachment":[{"href":"https:\/\/inti.hr\/sr\/wp-json\/wp\/v2\/media?parent=36517"}],"wp:term":[{"taxonomy":"product_cat","embeddable":true,"href":"https:\/\/inti.hr\/sr\/wp-json\/wp\/v2\/product_cat?post=36517"},{"taxonomy":"product_tag","embeddable":true,"href":"https:\/\/inti.hr\/sr\/wp-json\/wp\/v2\/product_tag?post=36517"}],"curies":[{"name":"wp","href":"https:\/\/api.w.org\/{rel}","templated":true}]}}