{"id":36593,"date":"2023-02-25T11:05:56","date_gmt":"2023-02-25T11:05:56","guid":{"rendered":"https:\/\/inti.hr\/product\/blagovaonski-stol-s-2-klupe\/"},"modified":"2023-02-25T11:05:56","modified_gmt":"2023-02-25T11:05:56","slug":"blagovaonski-stol-s-2-klupe","status":"publish","type":"product","link":"https:\/\/inti.hr\/sr\/proizvod\/blagovaonski-stol-s-2-klupe\/","title":{"rendered":"Blagovaonski stol s 2 klupe"},"content":{"rendered":"<p>Detalji proizvoda:<\/p>\n<ul>\n<li>Te\u017eina: Pribli\u017eno: 22,4 kg<\/li>\n<li>stol mo\u017ee opteretiti maksimalno do 75 kg<\/li>\n<li>Klupa mo\u017ee opteretiti maksimalno do 150 kg<\/li>\n<li>Materijal: MDF(E1) \/ Metal<\/li>\n<li>Stol: 110x58x74cm<\/li>\n<li>Klupa: 95x29x46cm<\/li>\n<li>Veli\u010dina pakiranja: 122x71x13cm<\/li>\n<li>Lako se sastavlja i \u010disti.\u00a0Upute, vijci i tiple uklju\u010deni u paket.<\/li>\n<\/ul>\n","protected":false},"excerpt":{"rendered":"<p>Blagovaonski stol nedvojbeno je mjesto dru\u017eenja.\u00a0Ovdje se okupljaju obitelji kako bi &#8230; <\/p>\n","protected":false},"featured_media":36594,"template":"","meta":[],"product_cat":[2728,2539],"product_tag":[4873],"yoast_head":"<!-- This site is optimized with the Yoast SEO plugin v23.7 - https:\/\/yoast.com\/wordpress\/plugins\/seo\/ -->\n<title>Blagovaonski stol s 2 klupe - Inti<\/title>\n<meta name=\"description\" content=\"Blagovaonski stol nedvojbeno je mjesto dru\u017eenja. Ovdje se okupljaju obitelji kako bi zajedno jeli i to je mjesto gdje sjedite s prijateljima i razmjenjujete novosti uz pi\u0107e. Ali budu\u0107i da sam stol nije dovoljan, od nas \u0107ete dobiti kompletan set stolova uklju\u010duju\u0107i udobne klupe .Blagovaonski set sastoji se od stola i dvije odgovaraju\u0107e klupe, \u0161to ga \u010dini rje\u0161enjem za u\u0161tedu prostora za do \u010detiri osobe. Povr\u0161ina nudi dovoljno mjesta za 4 osobe. Idealno za ugodan ru\u010dak s obitelji i prijateljima!2 klupe lijepo stanu ispod stola tako da se blagovaonski set mo\u017ee pospremiti radi u\u0161tede prostora. Zahvaljuju\u0107i svestranom dizajnu, set je prikladan za razli\u010dita okru\u017eenja, kako za kuhinju tako i za blagovaonicu. Ovaj set je tako\u0111er idealan za restorane, kafi\u0107e ili barove. MDF stolovi i stolice lako se \u010diste, otporni su na ogrebotine, vodootporni su, dugo zadr\u017eavaju svoju prirodnu boju i stoga uvijek izgledaju kao novi. S efektom drva\/crnom shemom boja, ovaj se stol skladno uklapa u va\u0161u kuhinju ili blagovaonicu i izgleda primamljivo u svakom stanu. U\u017eivajte u intimnoj ve\u010deri sa svojom obitelji ili prijateljima za ovim stolom.\" \/>\n<meta name=\"robots\" content=\"index, follow, max-snippet:-1, max-image-preview:large, max-video-preview:-1\" \/>\n<link rel=\"canonical\" href=\"https:\/\/inti.hr\/sr\/proizvod\/blagovaonski-stol-s-2-klupe\/\" \/>\n<meta property=\"og:locale\" content=\"sr_RS\" \/>\n<meta property=\"og:type\" content=\"article\" \/>\n<meta property=\"og:title\" content=\"Blagovaonski stol s 2 klupe - Inti\" \/>\n<meta property=\"og:description\" content=\"Blagovaonski stol nedvojbeno je mjesto dru\u017eenja. Ovdje se okupljaju obitelji kako bi zajedno jeli i to je mjesto gdje sjedite s prijateljima i razmjenjujete novosti uz pi\u0107e. Ali budu\u0107i da sam stol nije dovoljan, od nas \u0107ete dobiti kompletan set stolova uklju\u010duju\u0107i udobne klupe .Blagovaonski set sastoji se od stola i dvije odgovaraju\u0107e klupe, \u0161to ga \u010dini rje\u0161enjem za u\u0161tedu prostora za do \u010detiri osobe. Povr\u0161ina nudi dovoljno mjesta za 4 osobe. Idealno za ugodan ru\u010dak s obitelji i prijateljima!2 klupe lijepo stanu ispod stola tako da se blagovaonski set mo\u017ee pospremiti radi u\u0161tede prostora. Zahvaljuju\u0107i svestranom dizajnu, set je prikladan za razli\u010dita okru\u017eenja, kako za kuhinju tako i za blagovaonicu. Ovaj set je tako\u0111er idealan za restorane, kafi\u0107e ili barove. MDF stolovi i stolice lako se \u010diste, otporni su na ogrebotine, vodootporni su, dugo zadr\u017eavaju svoju prirodnu boju i stoga uvijek izgledaju kao novi. S efektom drva\/crnom shemom boja, ovaj se stol skladno uklapa u va\u0161u kuhinju ili blagovaonicu i izgleda primamljivo u svakom stanu. U\u017eivajte u intimnoj ve\u010deri sa svojom obitelji ili prijateljima za ovim stolom.\" \/>\n<meta property=\"og:url\" content=\"https:\/\/inti.hr\/sr\/proizvod\/blagovaonski-stol-s-2-klupe\/\" \/>\n<meta property=\"og:site_name\" content=\"Inti\" \/>\n<meta property=\"og:image\" content=\"https:\/\/i0.wp.com\/inti.hr\/wp-content\/uploads\/2023\/02\/OGT25-N-S001.webp?fit=1600%2C1600&ssl=1\" \/>\n\t<meta property=\"og:image:width\" content=\"1600\" \/>\n\t<meta property=\"og:image:height\" content=\"1600\" \/>\n\t<meta property=\"og:image:type\" content=\"image\/webp\" \/>\n<meta name=\"twitter:card\" content=\"summary_large_image\" \/>\n<script type=\"application\/ld+json\" class=\"yoast-schema-graph\">{\"@context\":\"https:\/\/schema.org\",\"@graph\":[{\"@type\":\"WebPage\",\"@id\":\"https:\/\/inti.hr\/sr\/proizvod\/blagovaonski-stol-s-2-klupe\/\",\"url\":\"https:\/\/inti.hr\/sr\/proizvod\/blagovaonski-stol-s-2-klupe\/\",\"name\":\"Blagovaonski stol s 2 klupe - Inti\",\"isPartOf\":{\"@id\":\"https:\/\/inti.hr\/sr\/#website\"},\"primaryImageOfPage\":{\"@id\":\"https:\/\/inti.hr\/sr\/proizvod\/blagovaonski-stol-s-2-klupe\/#primaryimage\"},\"image\":{\"@id\":\"https:\/\/inti.hr\/sr\/proizvod\/blagovaonski-stol-s-2-klupe\/#primaryimage\"},\"thumbnailUrl\":\"https:\/\/i0.wp.com\/inti.hr\/wp-content\/uploads\/2023\/02\/OGT25-N-S001.webp?fit=1600%2C1600&ssl=1\",\"datePublished\":\"2023-02-25T11:05:56+00:00\",\"dateModified\":\"2023-02-25T11:05:56+00:00\",\"description\":\"Blagovaonski stol nedvojbeno je mjesto dru\u017eenja. Ovdje se okupljaju obitelji kako bi zajedno jeli i to je mjesto gdje sjedite s prijateljima i razmjenjujete novosti uz pi\u0107e. Ali budu\u0107i da sam stol nije dovoljan, od nas \u0107ete dobiti kompletan set stolova uklju\u010duju\u0107i udobne klupe .Blagovaonski set sastoji se od stola i dvije odgovaraju\u0107e klupe, \u0161to ga \u010dini rje\u0161enjem za u\u0161tedu prostora za do \u010detiri osobe. Povr\u0161ina nudi dovoljno mjesta za 4 osobe. Idealno za ugodan ru\u010dak s obitelji i prijateljima!2 klupe lijepo stanu ispod stola tako da se blagovaonski set mo\u017ee pospremiti radi u\u0161tede prostora. Zahvaljuju\u0107i svestranom dizajnu, set je prikladan za razli\u010dita okru\u017eenja, kako za kuhinju tako i za blagovaonicu. Ovaj set je tako\u0111er idealan za restorane, kafi\u0107e ili barove. MDF stolovi i stolice lako se \u010diste, otporni su na ogrebotine, vodootporni su, dugo zadr\u017eavaju svoju prirodnu boju i stoga uvijek izgledaju kao novi. S efektom drva\/crnom shemom boja, ovaj se stol skladno uklapa u va\u0161u kuhinju ili blagovaonicu i izgleda primamljivo u svakom stanu. U\u017eivajte u intimnoj ve\u010deri sa svojom obitelji ili prijateljima za ovim stolom.\",\"breadcrumb\":{\"@id\":\"https:\/\/inti.hr\/sr\/proizvod\/blagovaonski-stol-s-2-klupe\/#breadcrumb\"},\"inLanguage\":\"sr-RS\",\"potentialAction\":[{\"@type\":\"ReadAction\",\"target\":[\"https:\/\/inti.hr\/sr\/proizvod\/blagovaonski-stol-s-2-klupe\/\"]}]},{\"@type\":\"ImageObject\",\"inLanguage\":\"sr-RS\",\"@id\":\"https:\/\/inti.hr\/sr\/proizvod\/blagovaonski-stol-s-2-klupe\/#primaryimage\",\"url\":\"https:\/\/i0.wp.com\/inti.hr\/wp-content\/uploads\/2023\/02\/OGT25-N-S001.webp?fit=1600%2C1600&ssl=1\",\"contentUrl\":\"https:\/\/i0.wp.com\/inti.hr\/wp-content\/uploads\/2023\/02\/OGT25-N-S001.webp?fit=1600%2C1600&ssl=1\",\"width\":1600,\"height\":1600},{\"@type\":\"BreadcrumbList\",\"@id\":\"https:\/\/inti.hr\/sr\/proizvod\/blagovaonski-stol-s-2-klupe\/#breadcrumb\",\"itemListElement\":[{\"@type\":\"ListItem\",\"position\":1,\"name\":\"Po\u010detna stranica\",\"item\":\"https:\/\/inti.hr\/sr\/\"},{\"@type\":\"ListItem\",\"position\":2,\"name\":\"Prodavnica\",\"item\":\"https:\/\/inti.hr\/sr\/prodavnica\/\"},{\"@type\":\"ListItem\",\"position\":3,\"name\":\"Blagovaonski stol s 2 klupe\"}]},{\"@type\":\"WebSite\",\"@id\":\"https:\/\/inti.hr\/sr\/#website\",\"url\":\"https:\/\/inti.hr\/sr\/\",\"name\":\"Inti\",\"description\":\"trgovina\",\"potentialAction\":[{\"@type\":\"SearchAction\",\"target\":{\"@type\":\"EntryPoint\",\"urlTemplate\":\"https:\/\/inti.hr\/sr\/?s={search_term_string}\"},\"query-input\":{\"@type\":\"PropertyValueSpecification\",\"valueRequired\":true,\"valueName\":\"search_term_string\"}}],\"inLanguage\":\"sr-RS\"}]}<\/script>\n<!-- \/ Yoast SEO plugin. -->","yoast_head_json":{"title":"Blagovaonski stol s 2 klupe - Inti","description":"Blagovaonski stol nedvojbeno je mjesto dru\u017eenja. Ovdje se okupljaju obitelji kako bi zajedno jeli i to je mjesto gdje sjedite s prijateljima i razmjenjujete novosti uz pi\u0107e. Ali budu\u0107i da sam stol nije dovoljan, od nas \u0107ete dobiti kompletan set stolova uklju\u010duju\u0107i udobne klupe .Blagovaonski set sastoji se od stola i dvije odgovaraju\u0107e klupe, \u0161to ga \u010dini rje\u0161enjem za u\u0161tedu prostora za do \u010detiri osobe. Povr\u0161ina nudi dovoljno mjesta za 4 osobe. Idealno za ugodan ru\u010dak s obitelji i prijateljima!2 klupe lijepo stanu ispod stola tako da se blagovaonski set mo\u017ee pospremiti radi u\u0161tede prostora. Zahvaljuju\u0107i svestranom dizajnu, set je prikladan za razli\u010dita okru\u017eenja, kako za kuhinju tako i za blagovaonicu. Ovaj set je tako\u0111er idealan za restorane, kafi\u0107e ili barove. MDF stolovi i stolice lako se \u010diste, otporni su na ogrebotine, vodootporni su, dugo zadr\u017eavaju svoju prirodnu boju i stoga uvijek izgledaju kao novi. S efektom drva\/crnom shemom boja, ovaj se stol skladno uklapa u va\u0161u kuhinju ili blagovaonicu i izgleda primamljivo u svakom stanu. U\u017eivajte u intimnoj ve\u010deri sa svojom obitelji ili prijateljima za ovim stolom.","robots":{"index":"index","follow":"follow","max-snippet":"max-snippet:-1","max-image-preview":"max-image-preview:large","max-video-preview":"max-video-preview:-1"},"canonical":"https:\/\/inti.hr\/sr\/proizvod\/blagovaonski-stol-s-2-klupe\/","og_locale":"sr_RS","og_type":"article","og_title":"Blagovaonski stol s 2 klupe - Inti","og_description":"Blagovaonski stol nedvojbeno je mjesto dru\u017eenja. Ovdje se okupljaju obitelji kako bi zajedno jeli i to je mjesto gdje sjedite s prijateljima i razmjenjujete novosti uz pi\u0107e. Ali budu\u0107i da sam stol nije dovoljan, od nas \u0107ete dobiti kompletan set stolova uklju\u010duju\u0107i udobne klupe .Blagovaonski set sastoji se od stola i dvije odgovaraju\u0107e klupe, \u0161to ga \u010dini rje\u0161enjem za u\u0161tedu prostora za do \u010detiri osobe. Povr\u0161ina nudi dovoljno mjesta za 4 osobe. Idealno za ugodan ru\u010dak s obitelji i prijateljima!2 klupe lijepo stanu ispod stola tako da se blagovaonski set mo\u017ee pospremiti radi u\u0161tede prostora. Zahvaljuju\u0107i svestranom dizajnu, set je prikladan za razli\u010dita okru\u017eenja, kako za kuhinju tako i za blagovaonicu. Ovaj set je tako\u0111er idealan za restorane, kafi\u0107e ili barove. MDF stolovi i stolice lako se \u010diste, otporni su na ogrebotine, vodootporni su, dugo zadr\u017eavaju svoju prirodnu boju i stoga uvijek izgledaju kao novi. S efektom drva\/crnom shemom boja, ovaj se stol skladno uklapa u va\u0161u kuhinju ili blagovaonicu i izgleda primamljivo u svakom stanu. U\u017eivajte u intimnoj ve\u010deri sa svojom obitelji ili prijateljima za ovim stolom.","og_url":"https:\/\/inti.hr\/sr\/proizvod\/blagovaonski-stol-s-2-klupe\/","og_site_name":"Inti","og_image":[{"width":1600,"height":1600,"url":"https:\/\/i0.wp.com\/inti.hr\/wp-content\/uploads\/2023\/02\/OGT25-N-S001.webp?fit=1600%2C1600&ssl=1","type":"image\/webp"}],"twitter_card":"summary_large_image","schema":{"@context":"https:\/\/schema.org","@graph":[{"@type":"WebPage","@id":"https:\/\/inti.hr\/sr\/proizvod\/blagovaonski-stol-s-2-klupe\/","url":"https:\/\/inti.hr\/sr\/proizvod\/blagovaonski-stol-s-2-klupe\/","name":"Blagovaonski stol s 2 klupe - Inti","isPartOf":{"@id":"https:\/\/inti.hr\/sr\/#website"},"primaryImageOfPage":{"@id":"https:\/\/inti.hr\/sr\/proizvod\/blagovaonski-stol-s-2-klupe\/#primaryimage"},"image":{"@id":"https:\/\/inti.hr\/sr\/proizvod\/blagovaonski-stol-s-2-klupe\/#primaryimage"},"thumbnailUrl":"https:\/\/i0.wp.com\/inti.hr\/wp-content\/uploads\/2023\/02\/OGT25-N-S001.webp?fit=1600%2C1600&ssl=1","datePublished":"2023-02-25T11:05:56+00:00","dateModified":"2023-02-25T11:05:56+00:00","description":"Blagovaonski stol nedvojbeno je mjesto dru\u017eenja. Ovdje se okupljaju obitelji kako bi zajedno jeli i to je mjesto gdje sjedite s prijateljima i razmjenjujete novosti uz pi\u0107e. Ali budu\u0107i da sam stol nije dovoljan, od nas \u0107ete dobiti kompletan set stolova uklju\u010duju\u0107i udobne klupe .Blagovaonski set sastoji se od stola i dvije odgovaraju\u0107e klupe, \u0161to ga \u010dini rje\u0161enjem za u\u0161tedu prostora za do \u010detiri osobe. Povr\u0161ina nudi dovoljno mjesta za 4 osobe. Idealno za ugodan ru\u010dak s obitelji i prijateljima!2 klupe lijepo stanu ispod stola tako da se blagovaonski set mo\u017ee pospremiti radi u\u0161tede prostora. Zahvaljuju\u0107i svestranom dizajnu, set je prikladan za razli\u010dita okru\u017eenja, kako za kuhinju tako i za blagovaonicu. Ovaj set je tako\u0111er idealan za restorane, kafi\u0107e ili barove. MDF stolovi i stolice lako se \u010diste, otporni su na ogrebotine, vodootporni su, dugo zadr\u017eavaju svoju prirodnu boju i stoga uvijek izgledaju kao novi. S efektom drva\/crnom shemom boja, ovaj se stol skladno uklapa u va\u0161u kuhinju ili blagovaonicu i izgleda primamljivo u svakom stanu. U\u017eivajte u intimnoj ve\u010deri sa svojom obitelji ili prijateljima za ovim stolom.","breadcrumb":{"@id":"https:\/\/inti.hr\/sr\/proizvod\/blagovaonski-stol-s-2-klupe\/#breadcrumb"},"inLanguage":"sr-RS","potentialAction":[{"@type":"ReadAction","target":["https:\/\/inti.hr\/sr\/proizvod\/blagovaonski-stol-s-2-klupe\/"]}]},{"@type":"ImageObject","inLanguage":"sr-RS","@id":"https:\/\/inti.hr\/sr\/proizvod\/blagovaonski-stol-s-2-klupe\/#primaryimage","url":"https:\/\/i0.wp.com\/inti.hr\/wp-content\/uploads\/2023\/02\/OGT25-N-S001.webp?fit=1600%2C1600&ssl=1","contentUrl":"https:\/\/i0.wp.com\/inti.hr\/wp-content\/uploads\/2023\/02\/OGT25-N-S001.webp?fit=1600%2C1600&ssl=1","width":1600,"height":1600},{"@type":"BreadcrumbList","@id":"https:\/\/inti.hr\/sr\/proizvod\/blagovaonski-stol-s-2-klupe\/#breadcrumb","itemListElement":[{"@type":"ListItem","position":1,"name":"Po\u010detna stranica","item":"https:\/\/inti.hr\/sr\/"},{"@type":"ListItem","position":2,"name":"Prodavnica","item":"https:\/\/inti.hr\/sr\/prodavnica\/"},{"@type":"ListItem","position":3,"name":"Blagovaonski stol s 2 klupe"}]},{"@type":"WebSite","@id":"https:\/\/inti.hr\/sr\/#website","url":"https:\/\/inti.hr\/sr\/","name":"Inti","description":"trgovina","potentialAction":[{"@type":"SearchAction","target":{"@type":"EntryPoint","urlTemplate":"https:\/\/inti.hr\/sr\/?s={search_term_string}"},"query-input":{"@type":"PropertyValueSpecification","valueRequired":true,"valueName":"search_term_string"}}],"inLanguage":"sr-RS"}]}},"jetpack_sharing_enabled":true,"jetpack-related-posts":[],"_links":{"self":[{"href":"https:\/\/inti.hr\/sr\/wp-json\/wp\/v2\/product\/36593"}],"collection":[{"href":"https:\/\/inti.hr\/sr\/wp-json\/wp\/v2\/product"}],"about":[{"href":"https:\/\/inti.hr\/sr\/wp-json\/wp\/v2\/types\/product"}],"wp:featuredmedia":[{"embeddable":true,"href":"https:\/\/inti.hr\/sr\/wp-json\/wp\/v2\/media\/36594"}],"wp:attachment":[{"href":"https:\/\/inti.hr\/sr\/wp-json\/wp\/v2\/media?parent=36593"}],"wp:term":[{"taxonomy":"product_cat","embeddable":true,"href":"https:\/\/inti.hr\/sr\/wp-json\/wp\/v2\/product_cat?post=36593"},{"taxonomy":"product_tag","embeddable":true,"href":"https:\/\/inti.hr\/sr\/wp-json\/wp\/v2\/product_tag?post=36593"}],"curies":[{"name":"wp","href":"https:\/\/api.w.org\/{rel}","templated":true}]}}