{"id":36605,"date":"2023-02-17T13:12:16","date_gmt":"2023-02-17T13:12:16","guid":{"rendered":"https:\/\/inti.hr\/product\/kupaonski-ormaric-60x29x60cm\/"},"modified":"2023-02-17T13:12:16","modified_gmt":"2023-02-17T13:12:16","slug":"kupaonski-ormaric-60x29x60cm","status":"publish","type":"product","link":"https:\/\/inti.hr\/sr\/proizvod\/kupaonski-ormaric-60x29x60cm\/","title":{"rendered":"Kupaonski ormari\u0107 60x29x60cm"},"content":{"rendered":"<p>Detalji proizvoda:<\/p>\n<p>Te\u017eina: 11,1 kg<br \/>\nNosivost: 30kg<br \/>\nMaterijal: MDF (E1), Hevea drvo;<br \/>\nVeli\u010dina proizvoda: 60x30x60cm (vidi sliku)<br \/>\nVeli\u010dina pakiranja: 72x47x14cm<br \/>\nS uputama za sastavljanje i vijcima. Jednostavna instalacija.<\/p>\n","protected":false},"excerpt":{"rendered":"<p>Britvica, gel za tu\u0161iranje i losion za tijelo &#8211; umivaonik nudi &#8230; <\/p>\n","protected":false},"featured_media":36606,"template":"","meta":[],"product_cat":[2396],"product_tag":[2995,2523],"yoast_head":"<!-- This site is optimized with the Yoast SEO plugin v23.7 - https:\/\/yoast.com\/wordpress\/plugins\/seo\/ -->\n<title>Kupaonski ormari\u0107 60x29x60cm - Inti<\/title>\n<meta name=\"description\" content=\"Britvica, gel za tu\u0161iranje i losion za tijelo - umivaonik nudi prostor za njih. Pribor koji vam je potreban u kupaonici mo\u017eete staviti na tanjur ili ga spremiti u ormari\u0107 ispod.Klimavi ormari oduvijek nisu bili u milosti. Ispod svake noge nalazi se mali jastu\u010di\u0107 za za\u0161titu poda od ogrebotina.Visokokvalitetne plo\u010de jam\u010de savr\u0161enu stabilnost i dug vijek trajanja, \u010dak iu vla\u017enim okru\u017eenjima. Povr\u0161ina se lako \u010disti, \u0161to olak\u0161ava ku\u0107anske poslove.Iza vrata ovaj ormari\u0107 pru\u017ea dovoljno prostora za pohranu pra\u0161ka za pranje rublja, sredstva za \u010di\u0161\u0107enje WC \u0161koljke i ostalih potrep\u0161tina za kupaonicu te ih bolje za\u0161titi od vode, pra\u0161ine itd.Noge od gumenog drveta daju ovom ormari\u0107u ruralni \u0161tih i \u010dine ga stabilnijim.2 susjedna otvorena odjeljka nude prostor za \u010desto kori\u0161tene predmete poput ru\u010dnika i toaletnog papira.\" \/>\n<meta name=\"robots\" content=\"index, follow, max-snippet:-1, max-image-preview:large, max-video-preview:-1\" \/>\n<link rel=\"canonical\" href=\"https:\/\/inti.hr\/sr\/proizvod\/kupaonski-ormaric-60x29x60cm\/\" \/>\n<meta property=\"og:locale\" content=\"sr_RS\" \/>\n<meta property=\"og:type\" content=\"article\" \/>\n<meta property=\"og:title\" content=\"Kupaonski ormari\u0107 60x29x60cm - Inti\" \/>\n<meta property=\"og:description\" content=\"Britvica, gel za tu\u0161iranje i losion za tijelo - umivaonik nudi prostor za njih. Pribor koji vam je potreban u kupaonici mo\u017eete staviti na tanjur ili ga spremiti u ormari\u0107 ispod.Klimavi ormari oduvijek nisu bili u milosti. Ispod svake noge nalazi se mali jastu\u010di\u0107 za za\u0161titu poda od ogrebotina.Visokokvalitetne plo\u010de jam\u010de savr\u0161enu stabilnost i dug vijek trajanja, \u010dak iu vla\u017enim okru\u017eenjima. Povr\u0161ina se lako \u010disti, \u0161to olak\u0161ava ku\u0107anske poslove.Iza vrata ovaj ormari\u0107 pru\u017ea dovoljno prostora za pohranu pra\u0161ka za pranje rublja, sredstva za \u010di\u0161\u0107enje WC \u0161koljke i ostalih potrep\u0161tina za kupaonicu te ih bolje za\u0161titi od vode, pra\u0161ine itd.Noge od gumenog drveta daju ovom ormari\u0107u ruralni \u0161tih i \u010dine ga stabilnijim.2 susjedna otvorena odjeljka nude prostor za \u010desto kori\u0161tene predmete poput ru\u010dnika i toaletnog papira.\" \/>\n<meta property=\"og:url\" content=\"https:\/\/inti.hr\/sr\/proizvod\/kupaonski-ormaric-60x29x60cm\/\" \/>\n<meta property=\"og:site_name\" content=\"Inti\" \/>\n<meta property=\"og:image\" content=\"https:\/\/i0.wp.com\/inti.hr\/wp-content\/uploads\/2023\/02\/BZR75-W-Y003.webp?fit=1600%2C1600&ssl=1\" \/>\n\t<meta property=\"og:image:width\" content=\"1600\" \/>\n\t<meta property=\"og:image:height\" content=\"1600\" \/>\n\t<meta property=\"og:image:type\" content=\"image\/webp\" \/>\n<meta name=\"twitter:card\" content=\"summary_large_image\" \/>\n<script type=\"application\/ld+json\" class=\"yoast-schema-graph\">{\"@context\":\"https:\/\/schema.org\",\"@graph\":[{\"@type\":\"WebPage\",\"@id\":\"https:\/\/inti.hr\/sr\/proizvod\/kupaonski-ormaric-60x29x60cm\/\",\"url\":\"https:\/\/inti.hr\/sr\/proizvod\/kupaonski-ormaric-60x29x60cm\/\",\"name\":\"Kupaonski ormari\u0107 60x29x60cm - Inti\",\"isPartOf\":{\"@id\":\"https:\/\/inti.hr\/sr\/#website\"},\"primaryImageOfPage\":{\"@id\":\"https:\/\/inti.hr\/sr\/proizvod\/kupaonski-ormaric-60x29x60cm\/#primaryimage\"},\"image\":{\"@id\":\"https:\/\/inti.hr\/sr\/proizvod\/kupaonski-ormaric-60x29x60cm\/#primaryimage\"},\"thumbnailUrl\":\"https:\/\/i0.wp.com\/inti.hr\/wp-content\/uploads\/2023\/02\/BZR75-W-Y003.webp?fit=1600%2C1600&ssl=1\",\"datePublished\":\"2023-02-17T13:12:16+00:00\",\"dateModified\":\"2023-02-17T13:12:16+00:00\",\"description\":\"Britvica, gel za tu\u0161iranje i losion za tijelo - umivaonik nudi prostor za njih. Pribor koji vam je potreban u kupaonici mo\u017eete staviti na tanjur ili ga spremiti u ormari\u0107 ispod.Klimavi ormari oduvijek nisu bili u milosti. Ispod svake noge nalazi se mali jastu\u010di\u0107 za za\u0161titu poda od ogrebotina.Visokokvalitetne plo\u010de jam\u010de savr\u0161enu stabilnost i dug vijek trajanja, \u010dak iu vla\u017enim okru\u017eenjima. Povr\u0161ina se lako \u010disti, \u0161to olak\u0161ava ku\u0107anske poslove.Iza vrata ovaj ormari\u0107 pru\u017ea dovoljno prostora za pohranu pra\u0161ka za pranje rublja, sredstva za \u010di\u0161\u0107enje WC \u0161koljke i ostalih potrep\u0161tina za kupaonicu te ih bolje za\u0161titi od vode, pra\u0161ine itd.Noge od gumenog drveta daju ovom ormari\u0107u ruralni \u0161tih i \u010dine ga stabilnijim.2 susjedna otvorena odjeljka nude prostor za \u010desto kori\u0161tene predmete poput ru\u010dnika i toaletnog papira.\",\"breadcrumb\":{\"@id\":\"https:\/\/inti.hr\/sr\/proizvod\/kupaonski-ormaric-60x29x60cm\/#breadcrumb\"},\"inLanguage\":\"sr-RS\",\"potentialAction\":[{\"@type\":\"ReadAction\",\"target\":[\"https:\/\/inti.hr\/sr\/proizvod\/kupaonski-ormaric-60x29x60cm\/\"]}]},{\"@type\":\"ImageObject\",\"inLanguage\":\"sr-RS\",\"@id\":\"https:\/\/inti.hr\/sr\/proizvod\/kupaonski-ormaric-60x29x60cm\/#primaryimage\",\"url\":\"https:\/\/i0.wp.com\/inti.hr\/wp-content\/uploads\/2023\/02\/BZR75-W-Y003.webp?fit=1600%2C1600&ssl=1\",\"contentUrl\":\"https:\/\/i0.wp.com\/inti.hr\/wp-content\/uploads\/2023\/02\/BZR75-W-Y003.webp?fit=1600%2C1600&ssl=1\",\"width\":1600,\"height\":1600},{\"@type\":\"BreadcrumbList\",\"@id\":\"https:\/\/inti.hr\/sr\/proizvod\/kupaonski-ormaric-60x29x60cm\/#breadcrumb\",\"itemListElement\":[{\"@type\":\"ListItem\",\"position\":1,\"name\":\"Po\u010detna stranica\",\"item\":\"https:\/\/inti.hr\/sr\/\"},{\"@type\":\"ListItem\",\"position\":2,\"name\":\"Prodavnica\",\"item\":\"https:\/\/inti.hr\/sr\/prodavnica\/\"},{\"@type\":\"ListItem\",\"position\":3,\"name\":\"Kupaonski ormari\u0107 60x29x60cm\"}]},{\"@type\":\"WebSite\",\"@id\":\"https:\/\/inti.hr\/sr\/#website\",\"url\":\"https:\/\/inti.hr\/sr\/\",\"name\":\"Inti\",\"description\":\"trgovina\",\"potentialAction\":[{\"@type\":\"SearchAction\",\"target\":{\"@type\":\"EntryPoint\",\"urlTemplate\":\"https:\/\/inti.hr\/sr\/?s={search_term_string}\"},\"query-input\":{\"@type\":\"PropertyValueSpecification\",\"valueRequired\":true,\"valueName\":\"search_term_string\"}}],\"inLanguage\":\"sr-RS\"}]}<\/script>\n<!-- \/ Yoast SEO plugin. -->","yoast_head_json":{"title":"Kupaonski ormari\u0107 60x29x60cm - Inti","description":"Britvica, gel za tu\u0161iranje i losion za tijelo - umivaonik nudi prostor za njih. Pribor koji vam je potreban u kupaonici mo\u017eete staviti na tanjur ili ga spremiti u ormari\u0107 ispod.Klimavi ormari oduvijek nisu bili u milosti. Ispod svake noge nalazi se mali jastu\u010di\u0107 za za\u0161titu poda od ogrebotina.Visokokvalitetne plo\u010de jam\u010de savr\u0161enu stabilnost i dug vijek trajanja, \u010dak iu vla\u017enim okru\u017eenjima. Povr\u0161ina se lako \u010disti, \u0161to olak\u0161ava ku\u0107anske poslove.Iza vrata ovaj ormari\u0107 pru\u017ea dovoljno prostora za pohranu pra\u0161ka za pranje rublja, sredstva za \u010di\u0161\u0107enje WC \u0161koljke i ostalih potrep\u0161tina za kupaonicu te ih bolje za\u0161titi od vode, pra\u0161ine itd.Noge od gumenog drveta daju ovom ormari\u0107u ruralni \u0161tih i \u010dine ga stabilnijim.2 susjedna otvorena odjeljka nude prostor za \u010desto kori\u0161tene predmete poput ru\u010dnika i toaletnog papira.","robots":{"index":"index","follow":"follow","max-snippet":"max-snippet:-1","max-image-preview":"max-image-preview:large","max-video-preview":"max-video-preview:-1"},"canonical":"https:\/\/inti.hr\/sr\/proizvod\/kupaonski-ormaric-60x29x60cm\/","og_locale":"sr_RS","og_type":"article","og_title":"Kupaonski ormari\u0107 60x29x60cm - Inti","og_description":"Britvica, gel za tu\u0161iranje i losion za tijelo - umivaonik nudi prostor za njih. Pribor koji vam je potreban u kupaonici mo\u017eete staviti na tanjur ili ga spremiti u ormari\u0107 ispod.Klimavi ormari oduvijek nisu bili u milosti. Ispod svake noge nalazi se mali jastu\u010di\u0107 za za\u0161titu poda od ogrebotina.Visokokvalitetne plo\u010de jam\u010de savr\u0161enu stabilnost i dug vijek trajanja, \u010dak iu vla\u017enim okru\u017eenjima. Povr\u0161ina se lako \u010disti, \u0161to olak\u0161ava ku\u0107anske poslove.Iza vrata ovaj ormari\u0107 pru\u017ea dovoljno prostora za pohranu pra\u0161ka za pranje rublja, sredstva za \u010di\u0161\u0107enje WC \u0161koljke i ostalih potrep\u0161tina za kupaonicu te ih bolje za\u0161titi od vode, pra\u0161ine itd.Noge od gumenog drveta daju ovom ormari\u0107u ruralni \u0161tih i \u010dine ga stabilnijim.2 susjedna otvorena odjeljka nude prostor za \u010desto kori\u0161tene predmete poput ru\u010dnika i toaletnog papira.","og_url":"https:\/\/inti.hr\/sr\/proizvod\/kupaonski-ormaric-60x29x60cm\/","og_site_name":"Inti","og_image":[{"width":1600,"height":1600,"url":"https:\/\/i0.wp.com\/inti.hr\/wp-content\/uploads\/2023\/02\/BZR75-W-Y003.webp?fit=1600%2C1600&ssl=1","type":"image\/webp"}],"twitter_card":"summary_large_image","schema":{"@context":"https:\/\/schema.org","@graph":[{"@type":"WebPage","@id":"https:\/\/inti.hr\/sr\/proizvod\/kupaonski-ormaric-60x29x60cm\/","url":"https:\/\/inti.hr\/sr\/proizvod\/kupaonski-ormaric-60x29x60cm\/","name":"Kupaonski ormari\u0107 60x29x60cm - Inti","isPartOf":{"@id":"https:\/\/inti.hr\/sr\/#website"},"primaryImageOfPage":{"@id":"https:\/\/inti.hr\/sr\/proizvod\/kupaonski-ormaric-60x29x60cm\/#primaryimage"},"image":{"@id":"https:\/\/inti.hr\/sr\/proizvod\/kupaonski-ormaric-60x29x60cm\/#primaryimage"},"thumbnailUrl":"https:\/\/i0.wp.com\/inti.hr\/wp-content\/uploads\/2023\/02\/BZR75-W-Y003.webp?fit=1600%2C1600&ssl=1","datePublished":"2023-02-17T13:12:16+00:00","dateModified":"2023-02-17T13:12:16+00:00","description":"Britvica, gel za tu\u0161iranje i losion za tijelo - umivaonik nudi prostor za njih. Pribor koji vam je potreban u kupaonici mo\u017eete staviti na tanjur ili ga spremiti u ormari\u0107 ispod.Klimavi ormari oduvijek nisu bili u milosti. Ispod svake noge nalazi se mali jastu\u010di\u0107 za za\u0161titu poda od ogrebotina.Visokokvalitetne plo\u010de jam\u010de savr\u0161enu stabilnost i dug vijek trajanja, \u010dak iu vla\u017enim okru\u017eenjima. Povr\u0161ina se lako \u010disti, \u0161to olak\u0161ava ku\u0107anske poslove.Iza vrata ovaj ormari\u0107 pru\u017ea dovoljno prostora za pohranu pra\u0161ka za pranje rublja, sredstva za \u010di\u0161\u0107enje WC \u0161koljke i ostalih potrep\u0161tina za kupaonicu te ih bolje za\u0161titi od vode, pra\u0161ine itd.Noge od gumenog drveta daju ovom ormari\u0107u ruralni \u0161tih i \u010dine ga stabilnijim.2 susjedna otvorena odjeljka nude prostor za \u010desto kori\u0161tene predmete poput ru\u010dnika i toaletnog papira.","breadcrumb":{"@id":"https:\/\/inti.hr\/sr\/proizvod\/kupaonski-ormaric-60x29x60cm\/#breadcrumb"},"inLanguage":"sr-RS","potentialAction":[{"@type":"ReadAction","target":["https:\/\/inti.hr\/sr\/proizvod\/kupaonski-ormaric-60x29x60cm\/"]}]},{"@type":"ImageObject","inLanguage":"sr-RS","@id":"https:\/\/inti.hr\/sr\/proizvod\/kupaonski-ormaric-60x29x60cm\/#primaryimage","url":"https:\/\/i0.wp.com\/inti.hr\/wp-content\/uploads\/2023\/02\/BZR75-W-Y003.webp?fit=1600%2C1600&ssl=1","contentUrl":"https:\/\/i0.wp.com\/inti.hr\/wp-content\/uploads\/2023\/02\/BZR75-W-Y003.webp?fit=1600%2C1600&ssl=1","width":1600,"height":1600},{"@type":"BreadcrumbList","@id":"https:\/\/inti.hr\/sr\/proizvod\/kupaonski-ormaric-60x29x60cm\/#breadcrumb","itemListElement":[{"@type":"ListItem","position":1,"name":"Po\u010detna stranica","item":"https:\/\/inti.hr\/sr\/"},{"@type":"ListItem","position":2,"name":"Prodavnica","item":"https:\/\/inti.hr\/sr\/prodavnica\/"},{"@type":"ListItem","position":3,"name":"Kupaonski ormari\u0107 60x29x60cm"}]},{"@type":"WebSite","@id":"https:\/\/inti.hr\/sr\/#website","url":"https:\/\/inti.hr\/sr\/","name":"Inti","description":"trgovina","potentialAction":[{"@type":"SearchAction","target":{"@type":"EntryPoint","urlTemplate":"https:\/\/inti.hr\/sr\/?s={search_term_string}"},"query-input":{"@type":"PropertyValueSpecification","valueRequired":true,"valueName":"search_term_string"}}],"inLanguage":"sr-RS"}]}},"jetpack_sharing_enabled":true,"jetpack-related-posts":[],"_links":{"self":[{"href":"https:\/\/inti.hr\/sr\/wp-json\/wp\/v2\/product\/36605"}],"collection":[{"href":"https:\/\/inti.hr\/sr\/wp-json\/wp\/v2\/product"}],"about":[{"href":"https:\/\/inti.hr\/sr\/wp-json\/wp\/v2\/types\/product"}],"wp:featuredmedia":[{"embeddable":true,"href":"https:\/\/inti.hr\/sr\/wp-json\/wp\/v2\/media\/36606"}],"wp:attachment":[{"href":"https:\/\/inti.hr\/sr\/wp-json\/wp\/v2\/media?parent=36605"}],"wp:term":[{"taxonomy":"product_cat","embeddable":true,"href":"https:\/\/inti.hr\/sr\/wp-json\/wp\/v2\/product_cat?post=36605"},{"taxonomy":"product_tag","embeddable":true,"href":"https:\/\/inti.hr\/sr\/wp-json\/wp\/v2\/product_tag?post=36605"}],"curies":[{"name":"wp","href":"https:\/\/api.w.org\/{rel}","templated":true}]}}