{"id":36609,"date":"2023-02-17T07:13:11","date_gmt":"2023-02-17T07:13:11","guid":{"rendered":"https:\/\/inti.hr\/product\/kupaonski-stupni-ormaric-s-kosarom\/"},"modified":"2023-02-17T07:13:11","modified_gmt":"2023-02-17T07:13:11","slug":"kupaonski-stupni-ormaric-s-kosarom","status":"publish","type":"product","link":"https:\/\/inti.hr\/sr\/proizvod\/kupaonski-stupni-ormaric-s-kosarom\/","title":{"rendered":"Kupaonski stupni ormari\u0107 s ko\u0161arom"},"content":{"rendered":"<p>Detalji proizvoda:<\/p>\n<ul>\n<li>Te\u017eina: 24 kg<\/li>\n<li>Maksimalno optere\u0107enje 25 kg<\/li>\n<li>Materijal: MDF (E1), Puno gumeno drvo<\/li>\n<li>Dimenzije proizvoda: 31x32x170cm (vidi sliku)<\/li>\n<li>Veli\u010dina pakiranja: 92x39x17cm<\/li>\n<li>S uputama za sastavljanje i vijcima.\u00a0Jednostavna instalacija.<\/li>\n<\/ul>\n","protected":false},"excerpt":{"rendered":"<p>Ovaj atraktivan i jednostavan visoki ormar impresionira svojim jednostavnim i bezvremenskim &#8230; <\/p>\n","protected":false},"featured_media":36610,"template":"","meta":[],"product_cat":[2396],"product_tag":[4879,2522],"yoast_head":"<!-- This site is optimized with the Yoast SEO plugin v23.7 - https:\/\/yoast.com\/wordpress\/plugins\/seo\/ -->\n<title>Kupaonski stupni ormari\u0107 s ko\u0161arom - Inti<\/title>\n<meta name=\"description\" content=\"Ovaj atraktivan i jednostavan visoki ormar impresionira svojim jednostavnim i bezvremenskim dizajnom. Visokokvalitetne MDF plo\u010de jam\u010de savr\u0161enu stabilnost i dug vijek trajanja, \u010dak i u vla\u017enim prostorijama. Povr\u0161ina se lako \u010disti, \u0161to olak\u0161ava ku\u0107anske poslove. Svojim modernim i elegantnim izgledom ovaj komad namje\u0161taja privla\u010di sva\u010diju pa\u017enju.Otvoreni pretinci i police iza vrata nude obilje prakti\u010dnog prostora za pohranu. Veliki kupaonski visoki ormari\u0107 nudi prostor za ru\u010dnike, proizvode za njegu i druge kupaonske potrep\u0161tine.Prljavo rublje mo\u017ee nestati iza zatvorenih vrata, a tako\u0111er je pri ruci i fleksibilno u rukovanju.Noge od gumenog drveta daju ovom ormari\u0107u ruralni \u0161tih i \u010dine ga stabilnijim.\" \/>\n<meta name=\"robots\" content=\"index, follow, max-snippet:-1, max-image-preview:large, max-video-preview:-1\" \/>\n<link rel=\"canonical\" href=\"https:\/\/inti.hr\/sr\/proizvod\/kupaonski-stupni-ormaric-s-kosarom\/\" \/>\n<meta property=\"og:locale\" content=\"sr_RS\" \/>\n<meta property=\"og:type\" content=\"article\" \/>\n<meta property=\"og:title\" content=\"Kupaonski stupni ormari\u0107 s ko\u0161arom - Inti\" \/>\n<meta property=\"og:description\" content=\"Ovaj atraktivan i jednostavan visoki ormar impresionira svojim jednostavnim i bezvremenskim dizajnom. Visokokvalitetne MDF plo\u010de jam\u010de savr\u0161enu stabilnost i dug vijek trajanja, \u010dak i u vla\u017enim prostorijama. Povr\u0161ina se lako \u010disti, \u0161to olak\u0161ava ku\u0107anske poslove. Svojim modernim i elegantnim izgledom ovaj komad namje\u0161taja privla\u010di sva\u010diju pa\u017enju.Otvoreni pretinci i police iza vrata nude obilje prakti\u010dnog prostora za pohranu. Veliki kupaonski visoki ormari\u0107 nudi prostor za ru\u010dnike, proizvode za njegu i druge kupaonske potrep\u0161tine.Prljavo rublje mo\u017ee nestati iza zatvorenih vrata, a tako\u0111er je pri ruci i fleksibilno u rukovanju.Noge od gumenog drveta daju ovom ormari\u0107u ruralni \u0161tih i \u010dine ga stabilnijim.\" \/>\n<meta property=\"og:url\" content=\"https:\/\/inti.hr\/sr\/proizvod\/kupaonski-stupni-ormaric-s-kosarom\/\" \/>\n<meta property=\"og:site_name\" content=\"Inti\" \/>\n<meta property=\"og:image\" content=\"https:\/\/i0.wp.com\/inti.hr\/wp-content\/uploads\/2023\/02\/BZR74-W-S003.webp?fit=1600%2C1600&ssl=1\" \/>\n\t<meta property=\"og:image:width\" content=\"1600\" \/>\n\t<meta property=\"og:image:height\" content=\"1600\" \/>\n\t<meta property=\"og:image:type\" content=\"image\/webp\" \/>\n<meta name=\"twitter:card\" content=\"summary_large_image\" \/>\n<script type=\"application\/ld+json\" class=\"yoast-schema-graph\">{\"@context\":\"https:\/\/schema.org\",\"@graph\":[{\"@type\":\"WebPage\",\"@id\":\"https:\/\/inti.hr\/sr\/proizvod\/kupaonski-stupni-ormaric-s-kosarom\/\",\"url\":\"https:\/\/inti.hr\/sr\/proizvod\/kupaonski-stupni-ormaric-s-kosarom\/\",\"name\":\"Kupaonski stupni ormari\u0107 s ko\u0161arom - Inti\",\"isPartOf\":{\"@id\":\"https:\/\/inti.hr\/sr\/#website\"},\"primaryImageOfPage\":{\"@id\":\"https:\/\/inti.hr\/sr\/proizvod\/kupaonski-stupni-ormaric-s-kosarom\/#primaryimage\"},\"image\":{\"@id\":\"https:\/\/inti.hr\/sr\/proizvod\/kupaonski-stupni-ormaric-s-kosarom\/#primaryimage\"},\"thumbnailUrl\":\"https:\/\/i0.wp.com\/inti.hr\/wp-content\/uploads\/2023\/02\/BZR74-W-S003.webp?fit=1600%2C1600&ssl=1\",\"datePublished\":\"2023-02-17T07:13:11+00:00\",\"dateModified\":\"2023-02-17T07:13:11+00:00\",\"description\":\"Ovaj atraktivan i jednostavan visoki ormar impresionira svojim jednostavnim i bezvremenskim dizajnom. Visokokvalitetne MDF plo\u010de jam\u010de savr\u0161enu stabilnost i dug vijek trajanja, \u010dak i u vla\u017enim prostorijama. Povr\u0161ina se lako \u010disti, \u0161to olak\u0161ava ku\u0107anske poslove. Svojim modernim i elegantnim izgledom ovaj komad namje\u0161taja privla\u010di sva\u010diju pa\u017enju.Otvoreni pretinci i police iza vrata nude obilje prakti\u010dnog prostora za pohranu. Veliki kupaonski visoki ormari\u0107 nudi prostor za ru\u010dnike, proizvode za njegu i druge kupaonske potrep\u0161tine.Prljavo rublje mo\u017ee nestati iza zatvorenih vrata, a tako\u0111er je pri ruci i fleksibilno u rukovanju.Noge od gumenog drveta daju ovom ormari\u0107u ruralni \u0161tih i \u010dine ga stabilnijim.\",\"breadcrumb\":{\"@id\":\"https:\/\/inti.hr\/sr\/proizvod\/kupaonski-stupni-ormaric-s-kosarom\/#breadcrumb\"},\"inLanguage\":\"sr-RS\",\"potentialAction\":[{\"@type\":\"ReadAction\",\"target\":[\"https:\/\/inti.hr\/sr\/proizvod\/kupaonski-stupni-ormaric-s-kosarom\/\"]}]},{\"@type\":\"ImageObject\",\"inLanguage\":\"sr-RS\",\"@id\":\"https:\/\/inti.hr\/sr\/proizvod\/kupaonski-stupni-ormaric-s-kosarom\/#primaryimage\",\"url\":\"https:\/\/i0.wp.com\/inti.hr\/wp-content\/uploads\/2023\/02\/BZR74-W-S003.webp?fit=1600%2C1600&ssl=1\",\"contentUrl\":\"https:\/\/i0.wp.com\/inti.hr\/wp-content\/uploads\/2023\/02\/BZR74-W-S003.webp?fit=1600%2C1600&ssl=1\",\"width\":1600,\"height\":1600},{\"@type\":\"BreadcrumbList\",\"@id\":\"https:\/\/inti.hr\/sr\/proizvod\/kupaonski-stupni-ormaric-s-kosarom\/#breadcrumb\",\"itemListElement\":[{\"@type\":\"ListItem\",\"position\":1,\"name\":\"Po\u010detna stranica\",\"item\":\"https:\/\/inti.hr\/sr\/\"},{\"@type\":\"ListItem\",\"position\":2,\"name\":\"Prodavnica\",\"item\":\"https:\/\/inti.hr\/sr\/prodavnica\/\"},{\"@type\":\"ListItem\",\"position\":3,\"name\":\"Kupaonski stupni ormari\u0107 s ko\u0161arom\"}]},{\"@type\":\"WebSite\",\"@id\":\"https:\/\/inti.hr\/sr\/#website\",\"url\":\"https:\/\/inti.hr\/sr\/\",\"name\":\"Inti\",\"description\":\"trgovina\",\"potentialAction\":[{\"@type\":\"SearchAction\",\"target\":{\"@type\":\"EntryPoint\",\"urlTemplate\":\"https:\/\/inti.hr\/sr\/?s={search_term_string}\"},\"query-input\":{\"@type\":\"PropertyValueSpecification\",\"valueRequired\":true,\"valueName\":\"search_term_string\"}}],\"inLanguage\":\"sr-RS\"}]}<\/script>\n<!-- \/ Yoast SEO plugin. -->","yoast_head_json":{"title":"Kupaonski stupni ormari\u0107 s ko\u0161arom - Inti","description":"Ovaj atraktivan i jednostavan visoki ormar impresionira svojim jednostavnim i bezvremenskim dizajnom. Visokokvalitetne MDF plo\u010de jam\u010de savr\u0161enu stabilnost i dug vijek trajanja, \u010dak i u vla\u017enim prostorijama. Povr\u0161ina se lako \u010disti, \u0161to olak\u0161ava ku\u0107anske poslove. Svojim modernim i elegantnim izgledom ovaj komad namje\u0161taja privla\u010di sva\u010diju pa\u017enju.Otvoreni pretinci i police iza vrata nude obilje prakti\u010dnog prostora za pohranu. Veliki kupaonski visoki ormari\u0107 nudi prostor za ru\u010dnike, proizvode za njegu i druge kupaonske potrep\u0161tine.Prljavo rublje mo\u017ee nestati iza zatvorenih vrata, a tako\u0111er je pri ruci i fleksibilno u rukovanju.Noge od gumenog drveta daju ovom ormari\u0107u ruralni \u0161tih i \u010dine ga stabilnijim.","robots":{"index":"index","follow":"follow","max-snippet":"max-snippet:-1","max-image-preview":"max-image-preview:large","max-video-preview":"max-video-preview:-1"},"canonical":"https:\/\/inti.hr\/sr\/proizvod\/kupaonski-stupni-ormaric-s-kosarom\/","og_locale":"sr_RS","og_type":"article","og_title":"Kupaonski stupni ormari\u0107 s ko\u0161arom - Inti","og_description":"Ovaj atraktivan i jednostavan visoki ormar impresionira svojim jednostavnim i bezvremenskim dizajnom. Visokokvalitetne MDF plo\u010de jam\u010de savr\u0161enu stabilnost i dug vijek trajanja, \u010dak i u vla\u017enim prostorijama. Povr\u0161ina se lako \u010disti, \u0161to olak\u0161ava ku\u0107anske poslove. Svojim modernim i elegantnim izgledom ovaj komad namje\u0161taja privla\u010di sva\u010diju pa\u017enju.Otvoreni pretinci i police iza vrata nude obilje prakti\u010dnog prostora za pohranu. Veliki kupaonski visoki ormari\u0107 nudi prostor za ru\u010dnike, proizvode za njegu i druge kupaonske potrep\u0161tine.Prljavo rublje mo\u017ee nestati iza zatvorenih vrata, a tako\u0111er je pri ruci i fleksibilno u rukovanju.Noge od gumenog drveta daju ovom ormari\u0107u ruralni \u0161tih i \u010dine ga stabilnijim.","og_url":"https:\/\/inti.hr\/sr\/proizvod\/kupaonski-stupni-ormaric-s-kosarom\/","og_site_name":"Inti","og_image":[{"width":1600,"height":1600,"url":"https:\/\/i0.wp.com\/inti.hr\/wp-content\/uploads\/2023\/02\/BZR74-W-S003.webp?fit=1600%2C1600&ssl=1","type":"image\/webp"}],"twitter_card":"summary_large_image","schema":{"@context":"https:\/\/schema.org","@graph":[{"@type":"WebPage","@id":"https:\/\/inti.hr\/sr\/proizvod\/kupaonski-stupni-ormaric-s-kosarom\/","url":"https:\/\/inti.hr\/sr\/proizvod\/kupaonski-stupni-ormaric-s-kosarom\/","name":"Kupaonski stupni ormari\u0107 s ko\u0161arom - Inti","isPartOf":{"@id":"https:\/\/inti.hr\/sr\/#website"},"primaryImageOfPage":{"@id":"https:\/\/inti.hr\/sr\/proizvod\/kupaonski-stupni-ormaric-s-kosarom\/#primaryimage"},"image":{"@id":"https:\/\/inti.hr\/sr\/proizvod\/kupaonski-stupni-ormaric-s-kosarom\/#primaryimage"},"thumbnailUrl":"https:\/\/i0.wp.com\/inti.hr\/wp-content\/uploads\/2023\/02\/BZR74-W-S003.webp?fit=1600%2C1600&ssl=1","datePublished":"2023-02-17T07:13:11+00:00","dateModified":"2023-02-17T07:13:11+00:00","description":"Ovaj atraktivan i jednostavan visoki ormar impresionira svojim jednostavnim i bezvremenskim dizajnom. Visokokvalitetne MDF plo\u010de jam\u010de savr\u0161enu stabilnost i dug vijek trajanja, \u010dak i u vla\u017enim prostorijama. Povr\u0161ina se lako \u010disti, \u0161to olak\u0161ava ku\u0107anske poslove. Svojim modernim i elegantnim izgledom ovaj komad namje\u0161taja privla\u010di sva\u010diju pa\u017enju.Otvoreni pretinci i police iza vrata nude obilje prakti\u010dnog prostora za pohranu. Veliki kupaonski visoki ormari\u0107 nudi prostor za ru\u010dnike, proizvode za njegu i druge kupaonske potrep\u0161tine.Prljavo rublje mo\u017ee nestati iza zatvorenih vrata, a tako\u0111er je pri ruci i fleksibilno u rukovanju.Noge od gumenog drveta daju ovom ormari\u0107u ruralni \u0161tih i \u010dine ga stabilnijim.","breadcrumb":{"@id":"https:\/\/inti.hr\/sr\/proizvod\/kupaonski-stupni-ormaric-s-kosarom\/#breadcrumb"},"inLanguage":"sr-RS","potentialAction":[{"@type":"ReadAction","target":["https:\/\/inti.hr\/sr\/proizvod\/kupaonski-stupni-ormaric-s-kosarom\/"]}]},{"@type":"ImageObject","inLanguage":"sr-RS","@id":"https:\/\/inti.hr\/sr\/proizvod\/kupaonski-stupni-ormaric-s-kosarom\/#primaryimage","url":"https:\/\/i0.wp.com\/inti.hr\/wp-content\/uploads\/2023\/02\/BZR74-W-S003.webp?fit=1600%2C1600&ssl=1","contentUrl":"https:\/\/i0.wp.com\/inti.hr\/wp-content\/uploads\/2023\/02\/BZR74-W-S003.webp?fit=1600%2C1600&ssl=1","width":1600,"height":1600},{"@type":"BreadcrumbList","@id":"https:\/\/inti.hr\/sr\/proizvod\/kupaonski-stupni-ormaric-s-kosarom\/#breadcrumb","itemListElement":[{"@type":"ListItem","position":1,"name":"Po\u010detna stranica","item":"https:\/\/inti.hr\/sr\/"},{"@type":"ListItem","position":2,"name":"Prodavnica","item":"https:\/\/inti.hr\/sr\/prodavnica\/"},{"@type":"ListItem","position":3,"name":"Kupaonski stupni ormari\u0107 s ko\u0161arom"}]},{"@type":"WebSite","@id":"https:\/\/inti.hr\/sr\/#website","url":"https:\/\/inti.hr\/sr\/","name":"Inti","description":"trgovina","potentialAction":[{"@type":"SearchAction","target":{"@type":"EntryPoint","urlTemplate":"https:\/\/inti.hr\/sr\/?s={search_term_string}"},"query-input":{"@type":"PropertyValueSpecification","valueRequired":true,"valueName":"search_term_string"}}],"inLanguage":"sr-RS"}]}},"jetpack_sharing_enabled":true,"jetpack-related-posts":[],"_links":{"self":[{"href":"https:\/\/inti.hr\/sr\/wp-json\/wp\/v2\/product\/36609"}],"collection":[{"href":"https:\/\/inti.hr\/sr\/wp-json\/wp\/v2\/product"}],"about":[{"href":"https:\/\/inti.hr\/sr\/wp-json\/wp\/v2\/types\/product"}],"wp:featuredmedia":[{"embeddable":true,"href":"https:\/\/inti.hr\/sr\/wp-json\/wp\/v2\/media\/36610"}],"wp:attachment":[{"href":"https:\/\/inti.hr\/sr\/wp-json\/wp\/v2\/media?parent=36609"}],"wp:term":[{"taxonomy":"product_cat","embeddable":true,"href":"https:\/\/inti.hr\/sr\/wp-json\/wp\/v2\/product_cat?post=36609"},{"taxonomy":"product_tag","embeddable":true,"href":"https:\/\/inti.hr\/sr\/wp-json\/wp\/v2\/product_tag?post=36609"}],"curies":[{"name":"wp","href":"https:\/\/api.w.org\/{rel}","templated":true}]}}