{"id":36625,"date":"2023-02-15T08:04:51","date_gmt":"2023-02-15T08:04:51","guid":{"rendered":"https:\/\/inti.hr\/product\/kuhinjska-kolica-170x60x89cm\/"},"modified":"2023-02-15T08:04:51","modified_gmt":"2023-02-15T08:04:51","slug":"kuhinjska-kolica-170x60x89cm","status":"publish","type":"product","link":"https:\/\/inti.hr\/sr\/proizvod\/kuhinjska-kolica-170x60x89cm\/","title":{"rendered":"Kuhinjska kolica 170x60x89cm"},"content":{"rendered":"<p>Detalji proizvoda:<\/p>\n<p>Te\u017eina: 55,3 kg<br \/>\nNosivost: 150kg<br \/>\nMaterijal: MDF (E1), metalni okvir.<br \/>\nDimenzije proizvoda: 170x60x89cm (vidi sliku)<br \/>\nPaket A: 97x66x24cm<br \/>\nPaket B: 104x44x21cm<br \/>\nIsporuka: 2 pakiranja, s uputama za sastavljanje i vijcima.<\/p>\n","protected":false},"excerpt":{"rendered":"<p>Zahvaljuju\u0107i ovom funkcionalnom ormaru vi\u0161e ne\u0107e biti kaosa. Vikendom ima vi\u0161e &#8230; <\/p>\n","protected":false},"featured_media":36626,"template":"","meta":[],"product_cat":[2539],"product_tag":[2540,3746],"yoast_head":"<!-- This site is optimized with the Yoast SEO plugin v23.7 - https:\/\/yoast.com\/wordpress\/plugins\/seo\/ -->\n<title>Kuhinjska kolica 170x60x89cm - Inti<\/title>\n<meta name=\"description\" content=\"Zahvaljuju\u0107i ovom funkcionalnom ormaru vi\u0161e ne\u0107e biti kaosa. Vikendom ima vi\u0161e mjesta za gurmansku ve\u010der ili intimni razgovor uz \u010da\u0161u dobrog vina.4 otvorena pretinca i 1 polica (podesiva) iza 2 vrata daju vam dovoljno prostora za organiziranje va\u0161ih predmeta.Mikrovalna pe\u0107nica i toster na vrhu, kvarljiva hrana u 4 otvorena odjeljka. Otvorite vrata i uzmite pribor za jelo, posu\u0111e i \u010da\u0161e s podesive police - vrijeme je da u\u017eivate u ve\u010deri!Tako\u0111er mo\u017eete potpuno izostaviti me\u0111upolice iza vrata. Zatim unutra mo\u017eete staviti ve\u0107e predmete.Velika plo\u010da stola, du\u017eine 170 cm i \u0161irine 60 cm, dovoljno je velika za pripremu ukusnog ru\u010dka i za zajedni\u010dko \u010ditanje ili u\u010denje dvoje ljudi.Nemojte komad namje\u0161taja koristiti samo kao komodu, ve\u0107 ga postavite u svoju kuhinju, primjerice, kako biste stvorili dodatnu radnu povr\u0161inu i prostor za pohranu. Ili \u0161to ka\u017eete na barski stol?Zahvaljuju\u0107i visokokvalitetnoj izradi, komoda je posebno izdr\u017eljiva i uspje\u0161no podnosi svakodnevno habanje, \u0161to zna\u010di da i nakon dugo vremena i dalje fino kroji.Ova kombinacija crnog i sme\u0111eg kuhinjskog otoka pristaje industrijskom stilu. Zahvaljuju\u0107i jednostavnom obliku, mo\u017ee se postaviti u bilo koju prostoriju.\" \/>\n<meta name=\"robots\" content=\"index, follow, max-snippet:-1, max-image-preview:large, max-video-preview:-1\" \/>\n<link rel=\"canonical\" href=\"https:\/\/inti.hr\/sr\/proizvod\/kuhinjska-kolica-170x60x89cm\/\" \/>\n<meta property=\"og:locale\" content=\"sr_RS\" \/>\n<meta property=\"og:type\" content=\"article\" \/>\n<meta property=\"og:title\" content=\"Kuhinjska kolica 170x60x89cm - Inti\" \/>\n<meta property=\"og:description\" content=\"Zahvaljuju\u0107i ovom funkcionalnom ormaru vi\u0161e ne\u0107e biti kaosa. Vikendom ima vi\u0161e mjesta za gurmansku ve\u010der ili intimni razgovor uz \u010da\u0161u dobrog vina.4 otvorena pretinca i 1 polica (podesiva) iza 2 vrata daju vam dovoljno prostora za organiziranje va\u0161ih predmeta.Mikrovalna pe\u0107nica i toster na vrhu, kvarljiva hrana u 4 otvorena odjeljka. Otvorite vrata i uzmite pribor za jelo, posu\u0111e i \u010da\u0161e s podesive police - vrijeme je da u\u017eivate u ve\u010deri!Tako\u0111er mo\u017eete potpuno izostaviti me\u0111upolice iza vrata. Zatim unutra mo\u017eete staviti ve\u0107e predmete.Velika plo\u010da stola, du\u017eine 170 cm i \u0161irine 60 cm, dovoljno je velika za pripremu ukusnog ru\u010dka i za zajedni\u010dko \u010ditanje ili u\u010denje dvoje ljudi.Nemojte komad namje\u0161taja koristiti samo kao komodu, ve\u0107 ga postavite u svoju kuhinju, primjerice, kako biste stvorili dodatnu radnu povr\u0161inu i prostor za pohranu. Ili \u0161to ka\u017eete na barski stol?Zahvaljuju\u0107i visokokvalitetnoj izradi, komoda je posebno izdr\u017eljiva i uspje\u0161no podnosi svakodnevno habanje, \u0161to zna\u010di da i nakon dugo vremena i dalje fino kroji.Ova kombinacija crnog i sme\u0111eg kuhinjskog otoka pristaje industrijskom stilu. Zahvaljuju\u0107i jednostavnom obliku, mo\u017ee se postaviti u bilo koju prostoriju.\" \/>\n<meta property=\"og:url\" content=\"https:\/\/inti.hr\/sr\/proizvod\/kuhinjska-kolica-170x60x89cm\/\" \/>\n<meta property=\"og:site_name\" content=\"Inti\" \/>\n<meta property=\"og:image\" content=\"https:\/\/i0.wp.com\/inti.hr\/wp-content\/uploads\/2023\/02\/KNL01-F-S006.webp?fit=1600%2C1600&ssl=1\" \/>\n\t<meta property=\"og:image:width\" content=\"1600\" \/>\n\t<meta property=\"og:image:height\" content=\"1600\" \/>\n\t<meta property=\"og:image:type\" content=\"image\/webp\" \/>\n<meta name=\"twitter:card\" content=\"summary_large_image\" \/>\n<script type=\"application\/ld+json\" class=\"yoast-schema-graph\">{\"@context\":\"https:\/\/schema.org\",\"@graph\":[{\"@type\":\"WebPage\",\"@id\":\"https:\/\/inti.hr\/sr\/proizvod\/kuhinjska-kolica-170x60x89cm\/\",\"url\":\"https:\/\/inti.hr\/sr\/proizvod\/kuhinjska-kolica-170x60x89cm\/\",\"name\":\"Kuhinjska kolica 170x60x89cm - Inti\",\"isPartOf\":{\"@id\":\"https:\/\/inti.hr\/sr\/#website\"},\"primaryImageOfPage\":{\"@id\":\"https:\/\/inti.hr\/sr\/proizvod\/kuhinjska-kolica-170x60x89cm\/#primaryimage\"},\"image\":{\"@id\":\"https:\/\/inti.hr\/sr\/proizvod\/kuhinjska-kolica-170x60x89cm\/#primaryimage\"},\"thumbnailUrl\":\"https:\/\/i0.wp.com\/inti.hr\/wp-content\/uploads\/2023\/02\/KNL01-F-S006.webp?fit=1600%2C1600&ssl=1\",\"datePublished\":\"2023-02-15T08:04:51+00:00\",\"dateModified\":\"2023-02-15T08:04:51+00:00\",\"description\":\"Zahvaljuju\u0107i ovom funkcionalnom ormaru vi\u0161e ne\u0107e biti kaosa. Vikendom ima vi\u0161e mjesta za gurmansku ve\u010der ili intimni razgovor uz \u010da\u0161u dobrog vina.4 otvorena pretinca i 1 polica (podesiva) iza 2 vrata daju vam dovoljno prostora za organiziranje va\u0161ih predmeta.Mikrovalna pe\u0107nica i toster na vrhu, kvarljiva hrana u 4 otvorena odjeljka. Otvorite vrata i uzmite pribor za jelo, posu\u0111e i \u010da\u0161e s podesive police - vrijeme je da u\u017eivate u ve\u010deri!Tako\u0111er mo\u017eete potpuno izostaviti me\u0111upolice iza vrata. Zatim unutra mo\u017eete staviti ve\u0107e predmete.Velika plo\u010da stola, du\u017eine 170 cm i \u0161irine 60 cm, dovoljno je velika za pripremu ukusnog ru\u010dka i za zajedni\u010dko \u010ditanje ili u\u010denje dvoje ljudi.Nemojte komad namje\u0161taja koristiti samo kao komodu, ve\u0107 ga postavite u svoju kuhinju, primjerice, kako biste stvorili dodatnu radnu povr\u0161inu i prostor za pohranu. Ili \u0161to ka\u017eete na barski stol?Zahvaljuju\u0107i visokokvalitetnoj izradi, komoda je posebno izdr\u017eljiva i uspje\u0161no podnosi svakodnevno habanje, \u0161to zna\u010di da i nakon dugo vremena i dalje fino kroji.Ova kombinacija crnog i sme\u0111eg kuhinjskog otoka pristaje industrijskom stilu. Zahvaljuju\u0107i jednostavnom obliku, mo\u017ee se postaviti u bilo koju prostoriju.\",\"breadcrumb\":{\"@id\":\"https:\/\/inti.hr\/sr\/proizvod\/kuhinjska-kolica-170x60x89cm\/#breadcrumb\"},\"inLanguage\":\"sr-RS\",\"potentialAction\":[{\"@type\":\"ReadAction\",\"target\":[\"https:\/\/inti.hr\/sr\/proizvod\/kuhinjska-kolica-170x60x89cm\/\"]}]},{\"@type\":\"ImageObject\",\"inLanguage\":\"sr-RS\",\"@id\":\"https:\/\/inti.hr\/sr\/proizvod\/kuhinjska-kolica-170x60x89cm\/#primaryimage\",\"url\":\"https:\/\/i0.wp.com\/inti.hr\/wp-content\/uploads\/2023\/02\/KNL01-F-S006.webp?fit=1600%2C1600&ssl=1\",\"contentUrl\":\"https:\/\/i0.wp.com\/inti.hr\/wp-content\/uploads\/2023\/02\/KNL01-F-S006.webp?fit=1600%2C1600&ssl=1\",\"width\":1600,\"height\":1600},{\"@type\":\"BreadcrumbList\",\"@id\":\"https:\/\/inti.hr\/sr\/proizvod\/kuhinjska-kolica-170x60x89cm\/#breadcrumb\",\"itemListElement\":[{\"@type\":\"ListItem\",\"position\":1,\"name\":\"Po\u010detna stranica\",\"item\":\"https:\/\/inti.hr\/sr\/\"},{\"@type\":\"ListItem\",\"position\":2,\"name\":\"Prodavnica\",\"item\":\"https:\/\/inti.hr\/sr\/prodavnica\/\"},{\"@type\":\"ListItem\",\"position\":3,\"name\":\"Kuhinjska kolica 170x60x89cm\"}]},{\"@type\":\"WebSite\",\"@id\":\"https:\/\/inti.hr\/sr\/#website\",\"url\":\"https:\/\/inti.hr\/sr\/\",\"name\":\"Inti\",\"description\":\"trgovina\",\"potentialAction\":[{\"@type\":\"SearchAction\",\"target\":{\"@type\":\"EntryPoint\",\"urlTemplate\":\"https:\/\/inti.hr\/sr\/?s={search_term_string}\"},\"query-input\":{\"@type\":\"PropertyValueSpecification\",\"valueRequired\":true,\"valueName\":\"search_term_string\"}}],\"inLanguage\":\"sr-RS\"}]}<\/script>\n<!-- \/ Yoast SEO plugin. -->","yoast_head_json":{"title":"Kuhinjska kolica 170x60x89cm - Inti","description":"Zahvaljuju\u0107i ovom funkcionalnom ormaru vi\u0161e ne\u0107e biti kaosa. Vikendom ima vi\u0161e mjesta za gurmansku ve\u010der ili intimni razgovor uz \u010da\u0161u dobrog vina.4 otvorena pretinca i 1 polica (podesiva) iza 2 vrata daju vam dovoljno prostora za organiziranje va\u0161ih predmeta.Mikrovalna pe\u0107nica i toster na vrhu, kvarljiva hrana u 4 otvorena odjeljka. Otvorite vrata i uzmite pribor za jelo, posu\u0111e i \u010da\u0161e s podesive police - vrijeme je da u\u017eivate u ve\u010deri!Tako\u0111er mo\u017eete potpuno izostaviti me\u0111upolice iza vrata. Zatim unutra mo\u017eete staviti ve\u0107e predmete.Velika plo\u010da stola, du\u017eine 170 cm i \u0161irine 60 cm, dovoljno je velika za pripremu ukusnog ru\u010dka i za zajedni\u010dko \u010ditanje ili u\u010denje dvoje ljudi.Nemojte komad namje\u0161taja koristiti samo kao komodu, ve\u0107 ga postavite u svoju kuhinju, primjerice, kako biste stvorili dodatnu radnu povr\u0161inu i prostor za pohranu. Ili \u0161to ka\u017eete na barski stol?Zahvaljuju\u0107i visokokvalitetnoj izradi, komoda je posebno izdr\u017eljiva i uspje\u0161no podnosi svakodnevno habanje, \u0161to zna\u010di da i nakon dugo vremena i dalje fino kroji.Ova kombinacija crnog i sme\u0111eg kuhinjskog otoka pristaje industrijskom stilu. Zahvaljuju\u0107i jednostavnom obliku, mo\u017ee se postaviti u bilo koju prostoriju.","robots":{"index":"index","follow":"follow","max-snippet":"max-snippet:-1","max-image-preview":"max-image-preview:large","max-video-preview":"max-video-preview:-1"},"canonical":"https:\/\/inti.hr\/sr\/proizvod\/kuhinjska-kolica-170x60x89cm\/","og_locale":"sr_RS","og_type":"article","og_title":"Kuhinjska kolica 170x60x89cm - Inti","og_description":"Zahvaljuju\u0107i ovom funkcionalnom ormaru vi\u0161e ne\u0107e biti kaosa. Vikendom ima vi\u0161e mjesta za gurmansku ve\u010der ili intimni razgovor uz \u010da\u0161u dobrog vina.4 otvorena pretinca i 1 polica (podesiva) iza 2 vrata daju vam dovoljno prostora za organiziranje va\u0161ih predmeta.Mikrovalna pe\u0107nica i toster na vrhu, kvarljiva hrana u 4 otvorena odjeljka. Otvorite vrata i uzmite pribor za jelo, posu\u0111e i \u010da\u0161e s podesive police - vrijeme je da u\u017eivate u ve\u010deri!Tako\u0111er mo\u017eete potpuno izostaviti me\u0111upolice iza vrata. Zatim unutra mo\u017eete staviti ve\u0107e predmete.Velika plo\u010da stola, du\u017eine 170 cm i \u0161irine 60 cm, dovoljno je velika za pripremu ukusnog ru\u010dka i za zajedni\u010dko \u010ditanje ili u\u010denje dvoje ljudi.Nemojte komad namje\u0161taja koristiti samo kao komodu, ve\u0107 ga postavite u svoju kuhinju, primjerice, kako biste stvorili dodatnu radnu povr\u0161inu i prostor za pohranu. Ili \u0161to ka\u017eete na barski stol?Zahvaljuju\u0107i visokokvalitetnoj izradi, komoda je posebno izdr\u017eljiva i uspje\u0161no podnosi svakodnevno habanje, \u0161to zna\u010di da i nakon dugo vremena i dalje fino kroji.Ova kombinacija crnog i sme\u0111eg kuhinjskog otoka pristaje industrijskom stilu. Zahvaljuju\u0107i jednostavnom obliku, mo\u017ee se postaviti u bilo koju prostoriju.","og_url":"https:\/\/inti.hr\/sr\/proizvod\/kuhinjska-kolica-170x60x89cm\/","og_site_name":"Inti","og_image":[{"width":1600,"height":1600,"url":"https:\/\/i0.wp.com\/inti.hr\/wp-content\/uploads\/2023\/02\/KNL01-F-S006.webp?fit=1600%2C1600&ssl=1","type":"image\/webp"}],"twitter_card":"summary_large_image","schema":{"@context":"https:\/\/schema.org","@graph":[{"@type":"WebPage","@id":"https:\/\/inti.hr\/sr\/proizvod\/kuhinjska-kolica-170x60x89cm\/","url":"https:\/\/inti.hr\/sr\/proizvod\/kuhinjska-kolica-170x60x89cm\/","name":"Kuhinjska kolica 170x60x89cm - Inti","isPartOf":{"@id":"https:\/\/inti.hr\/sr\/#website"},"primaryImageOfPage":{"@id":"https:\/\/inti.hr\/sr\/proizvod\/kuhinjska-kolica-170x60x89cm\/#primaryimage"},"image":{"@id":"https:\/\/inti.hr\/sr\/proizvod\/kuhinjska-kolica-170x60x89cm\/#primaryimage"},"thumbnailUrl":"https:\/\/i0.wp.com\/inti.hr\/wp-content\/uploads\/2023\/02\/KNL01-F-S006.webp?fit=1600%2C1600&ssl=1","datePublished":"2023-02-15T08:04:51+00:00","dateModified":"2023-02-15T08:04:51+00:00","description":"Zahvaljuju\u0107i ovom funkcionalnom ormaru vi\u0161e ne\u0107e biti kaosa. Vikendom ima vi\u0161e mjesta za gurmansku ve\u010der ili intimni razgovor uz \u010da\u0161u dobrog vina.4 otvorena pretinca i 1 polica (podesiva) iza 2 vrata daju vam dovoljno prostora za organiziranje va\u0161ih predmeta.Mikrovalna pe\u0107nica i toster na vrhu, kvarljiva hrana u 4 otvorena odjeljka. Otvorite vrata i uzmite pribor za jelo, posu\u0111e i \u010da\u0161e s podesive police - vrijeme je da u\u017eivate u ve\u010deri!Tako\u0111er mo\u017eete potpuno izostaviti me\u0111upolice iza vrata. Zatim unutra mo\u017eete staviti ve\u0107e predmete.Velika plo\u010da stola, du\u017eine 170 cm i \u0161irine 60 cm, dovoljno je velika za pripremu ukusnog ru\u010dka i za zajedni\u010dko \u010ditanje ili u\u010denje dvoje ljudi.Nemojte komad namje\u0161taja koristiti samo kao komodu, ve\u0107 ga postavite u svoju kuhinju, primjerice, kako biste stvorili dodatnu radnu povr\u0161inu i prostor za pohranu. Ili \u0161to ka\u017eete na barski stol?Zahvaljuju\u0107i visokokvalitetnoj izradi, komoda je posebno izdr\u017eljiva i uspje\u0161no podnosi svakodnevno habanje, \u0161to zna\u010di da i nakon dugo vremena i dalje fino kroji.Ova kombinacija crnog i sme\u0111eg kuhinjskog otoka pristaje industrijskom stilu. Zahvaljuju\u0107i jednostavnom obliku, mo\u017ee se postaviti u bilo koju prostoriju.","breadcrumb":{"@id":"https:\/\/inti.hr\/sr\/proizvod\/kuhinjska-kolica-170x60x89cm\/#breadcrumb"},"inLanguage":"sr-RS","potentialAction":[{"@type":"ReadAction","target":["https:\/\/inti.hr\/sr\/proizvod\/kuhinjska-kolica-170x60x89cm\/"]}]},{"@type":"ImageObject","inLanguage":"sr-RS","@id":"https:\/\/inti.hr\/sr\/proizvod\/kuhinjska-kolica-170x60x89cm\/#primaryimage","url":"https:\/\/i0.wp.com\/inti.hr\/wp-content\/uploads\/2023\/02\/KNL01-F-S006.webp?fit=1600%2C1600&ssl=1","contentUrl":"https:\/\/i0.wp.com\/inti.hr\/wp-content\/uploads\/2023\/02\/KNL01-F-S006.webp?fit=1600%2C1600&ssl=1","width":1600,"height":1600},{"@type":"BreadcrumbList","@id":"https:\/\/inti.hr\/sr\/proizvod\/kuhinjska-kolica-170x60x89cm\/#breadcrumb","itemListElement":[{"@type":"ListItem","position":1,"name":"Po\u010detna stranica","item":"https:\/\/inti.hr\/sr\/"},{"@type":"ListItem","position":2,"name":"Prodavnica","item":"https:\/\/inti.hr\/sr\/prodavnica\/"},{"@type":"ListItem","position":3,"name":"Kuhinjska kolica 170x60x89cm"}]},{"@type":"WebSite","@id":"https:\/\/inti.hr\/sr\/#website","url":"https:\/\/inti.hr\/sr\/","name":"Inti","description":"trgovina","potentialAction":[{"@type":"SearchAction","target":{"@type":"EntryPoint","urlTemplate":"https:\/\/inti.hr\/sr\/?s={search_term_string}"},"query-input":{"@type":"PropertyValueSpecification","valueRequired":true,"valueName":"search_term_string"}}],"inLanguage":"sr-RS"}]}},"jetpack_sharing_enabled":true,"jetpack-related-posts":[],"_links":{"self":[{"href":"https:\/\/inti.hr\/sr\/wp-json\/wp\/v2\/product\/36625"}],"collection":[{"href":"https:\/\/inti.hr\/sr\/wp-json\/wp\/v2\/product"}],"about":[{"href":"https:\/\/inti.hr\/sr\/wp-json\/wp\/v2\/types\/product"}],"wp:featuredmedia":[{"embeddable":true,"href":"https:\/\/inti.hr\/sr\/wp-json\/wp\/v2\/media\/36626"}],"wp:attachment":[{"href":"https:\/\/inti.hr\/sr\/wp-json\/wp\/v2\/media?parent=36625"}],"wp:term":[{"taxonomy":"product_cat","embeddable":true,"href":"https:\/\/inti.hr\/sr\/wp-json\/wp\/v2\/product_cat?post=36625"},{"taxonomy":"product_tag","embeddable":true,"href":"https:\/\/inti.hr\/sr\/wp-json\/wp\/v2\/product_tag?post=36625"}],"curies":[{"name":"wp","href":"https:\/\/api.w.org\/{rel}","templated":true}]}}