{"id":36641,"date":"2022-10-07T08:23:54","date_gmt":"2022-10-07T08:23:54","guid":{"rendered":"https:\/\/inti.hr\/product\/kupaonski-ormaric-komoda\/"},"modified":"2022-10-07T08:23:54","modified_gmt":"2022-10-07T08:23:54","slug":"kupaonski-ormaric-komoda","status":"publish","type":"product","link":"https:\/\/inti.hr\/sr\/proizvod\/kupaonski-ormaric-komoda\/","title":{"rendered":"Kupaonski ormari\u0107 komoda"},"content":{"rendered":"<p>Detalji proizvoda:<\/p>\n<ul>\n<li>Materijali: MDF i Multiplex<\/li>\n<li>Mjere: L60 x D35 x H87 cm<\/li>\n<li>Te\u017eina proizvoda: 16,6 kg<\/li>\n<li>Maksimalno optere\u0107enje: 50 kg<\/li>\n<li>S uputama za sastavljanje i vijcima.\u00a0Jednostavna instalacija<\/li>\n<li>S protukliznom gumom koja nudi ve\u0107u \u010dvrsto\u0107u i sigurnost.<\/li>\n<\/ul>\n","protected":false},"excerpt":{"rendered":"<p>To je najbolji na\u010din da svojoj kupaonici unesete puno \u0161arma i &#8230; <\/p>\n","protected":false},"featured_media":36642,"template":"","meta":[],"product_cat":[2573,2396],"product_tag":[3064,2522,2523],"yoast_head":"<!-- This site is optimized with the Yoast SEO plugin v23.7 - https:\/\/yoast.com\/wordpress\/plugins\/seo\/ -->\n<title>Kupaonski ormari\u0107 komoda - Inti<\/title>\n<meta name=\"description\" content=\"To je najbolji na\u010din da svojoj kupaonici unesete puno \u0161arma i karaktera. S ovim vintage bijelim kupaonskim ormari\u0107em s originalnim re\u0161etkastim vratima va\u0161a \u0107e se kupaonica izdvajati od ostalih! Ormar s vratima i jednom ladicom nudi dovoljno prostora za Va\u0161 kupaonski pribor. \u010ce\u0161ljevi, gelovi za tu\u0161iranje i \u0161amponi razbacani uokolo \u010dine va\u0161u kupaonicu neurednom? Sakrijte ih sve na police iza vrata i va\u0161a \u0107e se kupaonica odmah vratiti uredna i \u010dista. Ormari\u0107 od MDF-a (vlakna srednje gusto\u0107e) zavodi svojim trezvenim dizajnom. Njegov prekrasan dizajn, izvrsna otpornost na vlagu i dobra ventilacija, \u010dine ovaj ormari\u0107 savr\u0161enim izborom za moderan namje\u0161taj. Glatka povr\u0161ina mo\u017ee se lako \u010distiti, a zahvaljuju\u0107i postojanju no\u017eica stvara se udaljenost od poda, kako bi se olak\u0161alo \u010di\u0161\u0107enje i sprije\u010dilo stvaranje plijesni.\" \/>\n<meta name=\"robots\" content=\"index, follow, max-snippet:-1, max-image-preview:large, max-video-preview:-1\" \/>\n<link rel=\"canonical\" href=\"https:\/\/inti.hr\/sr\/proizvod\/kupaonski-ormaric-komoda\/\" \/>\n<meta property=\"og:locale\" content=\"sr_RS\" \/>\n<meta property=\"og:type\" content=\"article\" \/>\n<meta property=\"og:title\" content=\"Kupaonski ormari\u0107 komoda - Inti\" \/>\n<meta property=\"og:description\" content=\"To je najbolji na\u010din da svojoj kupaonici unesete puno \u0161arma i karaktera. S ovim vintage bijelim kupaonskim ormari\u0107em s originalnim re\u0161etkastim vratima va\u0161a \u0107e se kupaonica izdvajati od ostalih! Ormar s vratima i jednom ladicom nudi dovoljno prostora za Va\u0161 kupaonski pribor. \u010ce\u0161ljevi, gelovi za tu\u0161iranje i \u0161amponi razbacani uokolo \u010dine va\u0161u kupaonicu neurednom? Sakrijte ih sve na police iza vrata i va\u0161a \u0107e se kupaonica odmah vratiti uredna i \u010dista. Ormari\u0107 od MDF-a (vlakna srednje gusto\u0107e) zavodi svojim trezvenim dizajnom. Njegov prekrasan dizajn, izvrsna otpornost na vlagu i dobra ventilacija, \u010dine ovaj ormari\u0107 savr\u0161enim izborom za moderan namje\u0161taj. Glatka povr\u0161ina mo\u017ee se lako \u010distiti, a zahvaljuju\u0107i postojanju no\u017eica stvara se udaljenost od poda, kako bi se olak\u0161alo \u010di\u0161\u0107enje i sprije\u010dilo stvaranje plijesni.\" \/>\n<meta property=\"og:url\" content=\"https:\/\/inti.hr\/sr\/proizvod\/kupaonski-ormaric-komoda\/\" \/>\n<meta property=\"og:site_name\" content=\"Inti\" \/>\n<meta property=\"og:image\" content=\"https:\/\/i0.wp.com\/inti.hr\/wp-content\/uploads\/2022\/10\/FRG238-W-Y005.webp?fit=1600%2C1600&ssl=1\" \/>\n\t<meta property=\"og:image:width\" content=\"1600\" \/>\n\t<meta property=\"og:image:height\" content=\"1600\" \/>\n\t<meta property=\"og:image:type\" content=\"image\/webp\" \/>\n<meta name=\"twitter:card\" content=\"summary_large_image\" \/>\n<script type=\"application\/ld+json\" class=\"yoast-schema-graph\">{\"@context\":\"https:\/\/schema.org\",\"@graph\":[{\"@type\":\"WebPage\",\"@id\":\"https:\/\/inti.hr\/sr\/proizvod\/kupaonski-ormaric-komoda\/\",\"url\":\"https:\/\/inti.hr\/sr\/proizvod\/kupaonski-ormaric-komoda\/\",\"name\":\"Kupaonski ormari\u0107 komoda - Inti\",\"isPartOf\":{\"@id\":\"https:\/\/inti.hr\/sr\/#website\"},\"primaryImageOfPage\":{\"@id\":\"https:\/\/inti.hr\/sr\/proizvod\/kupaonski-ormaric-komoda\/#primaryimage\"},\"image\":{\"@id\":\"https:\/\/inti.hr\/sr\/proizvod\/kupaonski-ormaric-komoda\/#primaryimage\"},\"thumbnailUrl\":\"https:\/\/i0.wp.com\/inti.hr\/wp-content\/uploads\/2022\/10\/FRG238-W-Y005.webp?fit=1600%2C1600&ssl=1\",\"datePublished\":\"2022-10-07T08:23:54+00:00\",\"dateModified\":\"2022-10-07T08:23:54+00:00\",\"description\":\"To je najbolji na\u010din da svojoj kupaonici unesete puno \u0161arma i karaktera. S ovim vintage bijelim kupaonskim ormari\u0107em s originalnim re\u0161etkastim vratima va\u0161a \u0107e se kupaonica izdvajati od ostalih! Ormar s vratima i jednom ladicom nudi dovoljno prostora za Va\u0161 kupaonski pribor. \u010ce\u0161ljevi, gelovi za tu\u0161iranje i \u0161amponi razbacani uokolo \u010dine va\u0161u kupaonicu neurednom? Sakrijte ih sve na police iza vrata i va\u0161a \u0107e se kupaonica odmah vratiti uredna i \u010dista. Ormari\u0107 od MDF-a (vlakna srednje gusto\u0107e) zavodi svojim trezvenim dizajnom. Njegov prekrasan dizajn, izvrsna otpornost na vlagu i dobra ventilacija, \u010dine ovaj ormari\u0107 savr\u0161enim izborom za moderan namje\u0161taj. Glatka povr\u0161ina mo\u017ee se lako \u010distiti, a zahvaljuju\u0107i postojanju no\u017eica stvara se udaljenost od poda, kako bi se olak\u0161alo \u010di\u0161\u0107enje i sprije\u010dilo stvaranje plijesni.\",\"breadcrumb\":{\"@id\":\"https:\/\/inti.hr\/sr\/proizvod\/kupaonski-ormaric-komoda\/#breadcrumb\"},\"inLanguage\":\"sr-RS\",\"potentialAction\":[{\"@type\":\"ReadAction\",\"target\":[\"https:\/\/inti.hr\/sr\/proizvod\/kupaonski-ormaric-komoda\/\"]}]},{\"@type\":\"ImageObject\",\"inLanguage\":\"sr-RS\",\"@id\":\"https:\/\/inti.hr\/sr\/proizvod\/kupaonski-ormaric-komoda\/#primaryimage\",\"url\":\"https:\/\/i0.wp.com\/inti.hr\/wp-content\/uploads\/2022\/10\/FRG238-W-Y005.webp?fit=1600%2C1600&ssl=1\",\"contentUrl\":\"https:\/\/i0.wp.com\/inti.hr\/wp-content\/uploads\/2022\/10\/FRG238-W-Y005.webp?fit=1600%2C1600&ssl=1\",\"width\":1600,\"height\":1600},{\"@type\":\"BreadcrumbList\",\"@id\":\"https:\/\/inti.hr\/sr\/proizvod\/kupaonski-ormaric-komoda\/#breadcrumb\",\"itemListElement\":[{\"@type\":\"ListItem\",\"position\":1,\"name\":\"Po\u010detna stranica\",\"item\":\"https:\/\/inti.hr\/sr\/\"},{\"@type\":\"ListItem\",\"position\":2,\"name\":\"Prodavnica\",\"item\":\"https:\/\/inti.hr\/sr\/prodavnica\/\"},{\"@type\":\"ListItem\",\"position\":3,\"name\":\"Kupaonski ormari\u0107 komoda\"}]},{\"@type\":\"WebSite\",\"@id\":\"https:\/\/inti.hr\/sr\/#website\",\"url\":\"https:\/\/inti.hr\/sr\/\",\"name\":\"Inti\",\"description\":\"trgovina\",\"potentialAction\":[{\"@type\":\"SearchAction\",\"target\":{\"@type\":\"EntryPoint\",\"urlTemplate\":\"https:\/\/inti.hr\/sr\/?s={search_term_string}\"},\"query-input\":{\"@type\":\"PropertyValueSpecification\",\"valueRequired\":true,\"valueName\":\"search_term_string\"}}],\"inLanguage\":\"sr-RS\"}]}<\/script>\n<!-- \/ Yoast SEO plugin. -->","yoast_head_json":{"title":"Kupaonski ormari\u0107 komoda - Inti","description":"To je najbolji na\u010din da svojoj kupaonici unesete puno \u0161arma i karaktera. S ovim vintage bijelim kupaonskim ormari\u0107em s originalnim re\u0161etkastim vratima va\u0161a \u0107e se kupaonica izdvajati od ostalih! Ormar s vratima i jednom ladicom nudi dovoljno prostora za Va\u0161 kupaonski pribor. \u010ce\u0161ljevi, gelovi za tu\u0161iranje i \u0161amponi razbacani uokolo \u010dine va\u0161u kupaonicu neurednom? Sakrijte ih sve na police iza vrata i va\u0161a \u0107e se kupaonica odmah vratiti uredna i \u010dista. Ormari\u0107 od MDF-a (vlakna srednje gusto\u0107e) zavodi svojim trezvenim dizajnom. Njegov prekrasan dizajn, izvrsna otpornost na vlagu i dobra ventilacija, \u010dine ovaj ormari\u0107 savr\u0161enim izborom za moderan namje\u0161taj. Glatka povr\u0161ina mo\u017ee se lako \u010distiti, a zahvaljuju\u0107i postojanju no\u017eica stvara se udaljenost od poda, kako bi se olak\u0161alo \u010di\u0161\u0107enje i sprije\u010dilo stvaranje plijesni.","robots":{"index":"index","follow":"follow","max-snippet":"max-snippet:-1","max-image-preview":"max-image-preview:large","max-video-preview":"max-video-preview:-1"},"canonical":"https:\/\/inti.hr\/sr\/proizvod\/kupaonski-ormaric-komoda\/","og_locale":"sr_RS","og_type":"article","og_title":"Kupaonski ormari\u0107 komoda - Inti","og_description":"To je najbolji na\u010din da svojoj kupaonici unesete puno \u0161arma i karaktera. S ovim vintage bijelim kupaonskim ormari\u0107em s originalnim re\u0161etkastim vratima va\u0161a \u0107e se kupaonica izdvajati od ostalih! Ormar s vratima i jednom ladicom nudi dovoljno prostora za Va\u0161 kupaonski pribor. \u010ce\u0161ljevi, gelovi za tu\u0161iranje i \u0161amponi razbacani uokolo \u010dine va\u0161u kupaonicu neurednom? Sakrijte ih sve na police iza vrata i va\u0161a \u0107e se kupaonica odmah vratiti uredna i \u010dista. Ormari\u0107 od MDF-a (vlakna srednje gusto\u0107e) zavodi svojim trezvenim dizajnom. Njegov prekrasan dizajn, izvrsna otpornost na vlagu i dobra ventilacija, \u010dine ovaj ormari\u0107 savr\u0161enim izborom za moderan namje\u0161taj. Glatka povr\u0161ina mo\u017ee se lako \u010distiti, a zahvaljuju\u0107i postojanju no\u017eica stvara se udaljenost od poda, kako bi se olak\u0161alo \u010di\u0161\u0107enje i sprije\u010dilo stvaranje plijesni.","og_url":"https:\/\/inti.hr\/sr\/proizvod\/kupaonski-ormaric-komoda\/","og_site_name":"Inti","og_image":[{"width":1600,"height":1600,"url":"https:\/\/i0.wp.com\/inti.hr\/wp-content\/uploads\/2022\/10\/FRG238-W-Y005.webp?fit=1600%2C1600&ssl=1","type":"image\/webp"}],"twitter_card":"summary_large_image","schema":{"@context":"https:\/\/schema.org","@graph":[{"@type":"WebPage","@id":"https:\/\/inti.hr\/sr\/proizvod\/kupaonski-ormaric-komoda\/","url":"https:\/\/inti.hr\/sr\/proizvod\/kupaonski-ormaric-komoda\/","name":"Kupaonski ormari\u0107 komoda - Inti","isPartOf":{"@id":"https:\/\/inti.hr\/sr\/#website"},"primaryImageOfPage":{"@id":"https:\/\/inti.hr\/sr\/proizvod\/kupaonski-ormaric-komoda\/#primaryimage"},"image":{"@id":"https:\/\/inti.hr\/sr\/proizvod\/kupaonski-ormaric-komoda\/#primaryimage"},"thumbnailUrl":"https:\/\/i0.wp.com\/inti.hr\/wp-content\/uploads\/2022\/10\/FRG238-W-Y005.webp?fit=1600%2C1600&ssl=1","datePublished":"2022-10-07T08:23:54+00:00","dateModified":"2022-10-07T08:23:54+00:00","description":"To je najbolji na\u010din da svojoj kupaonici unesete puno \u0161arma i karaktera. S ovim vintage bijelim kupaonskim ormari\u0107em s originalnim re\u0161etkastim vratima va\u0161a \u0107e se kupaonica izdvajati od ostalih! Ormar s vratima i jednom ladicom nudi dovoljno prostora za Va\u0161 kupaonski pribor. \u010ce\u0161ljevi, gelovi za tu\u0161iranje i \u0161amponi razbacani uokolo \u010dine va\u0161u kupaonicu neurednom? Sakrijte ih sve na police iza vrata i va\u0161a \u0107e se kupaonica odmah vratiti uredna i \u010dista. Ormari\u0107 od MDF-a (vlakna srednje gusto\u0107e) zavodi svojim trezvenim dizajnom. Njegov prekrasan dizajn, izvrsna otpornost na vlagu i dobra ventilacija, \u010dine ovaj ormari\u0107 savr\u0161enim izborom za moderan namje\u0161taj. Glatka povr\u0161ina mo\u017ee se lako \u010distiti, a zahvaljuju\u0107i postojanju no\u017eica stvara se udaljenost od poda, kako bi se olak\u0161alo \u010di\u0161\u0107enje i sprije\u010dilo stvaranje plijesni.","breadcrumb":{"@id":"https:\/\/inti.hr\/sr\/proizvod\/kupaonski-ormaric-komoda\/#breadcrumb"},"inLanguage":"sr-RS","potentialAction":[{"@type":"ReadAction","target":["https:\/\/inti.hr\/sr\/proizvod\/kupaonski-ormaric-komoda\/"]}]},{"@type":"ImageObject","inLanguage":"sr-RS","@id":"https:\/\/inti.hr\/sr\/proizvod\/kupaonski-ormaric-komoda\/#primaryimage","url":"https:\/\/i0.wp.com\/inti.hr\/wp-content\/uploads\/2022\/10\/FRG238-W-Y005.webp?fit=1600%2C1600&ssl=1","contentUrl":"https:\/\/i0.wp.com\/inti.hr\/wp-content\/uploads\/2022\/10\/FRG238-W-Y005.webp?fit=1600%2C1600&ssl=1","width":1600,"height":1600},{"@type":"BreadcrumbList","@id":"https:\/\/inti.hr\/sr\/proizvod\/kupaonski-ormaric-komoda\/#breadcrumb","itemListElement":[{"@type":"ListItem","position":1,"name":"Po\u010detna stranica","item":"https:\/\/inti.hr\/sr\/"},{"@type":"ListItem","position":2,"name":"Prodavnica","item":"https:\/\/inti.hr\/sr\/prodavnica\/"},{"@type":"ListItem","position":3,"name":"Kupaonski ormari\u0107 komoda"}]},{"@type":"WebSite","@id":"https:\/\/inti.hr\/sr\/#website","url":"https:\/\/inti.hr\/sr\/","name":"Inti","description":"trgovina","potentialAction":[{"@type":"SearchAction","target":{"@type":"EntryPoint","urlTemplate":"https:\/\/inti.hr\/sr\/?s={search_term_string}"},"query-input":{"@type":"PropertyValueSpecification","valueRequired":true,"valueName":"search_term_string"}}],"inLanguage":"sr-RS"}]}},"jetpack_sharing_enabled":true,"jetpack-related-posts":[],"_links":{"self":[{"href":"https:\/\/inti.hr\/sr\/wp-json\/wp\/v2\/product\/36641"}],"collection":[{"href":"https:\/\/inti.hr\/sr\/wp-json\/wp\/v2\/product"}],"about":[{"href":"https:\/\/inti.hr\/sr\/wp-json\/wp\/v2\/types\/product"}],"wp:featuredmedia":[{"embeddable":true,"href":"https:\/\/inti.hr\/sr\/wp-json\/wp\/v2\/media\/36642"}],"wp:attachment":[{"href":"https:\/\/inti.hr\/sr\/wp-json\/wp\/v2\/media?parent=36641"}],"wp:term":[{"taxonomy":"product_cat","embeddable":true,"href":"https:\/\/inti.hr\/sr\/wp-json\/wp\/v2\/product_cat?post=36641"},{"taxonomy":"product_tag","embeddable":true,"href":"https:\/\/inti.hr\/sr\/wp-json\/wp\/v2\/product_tag?post=36641"}],"curies":[{"name":"wp","href":"https:\/\/api.w.org\/{rel}","templated":true}]}}