{"id":36645,"date":"2022-10-07T06:42:24","date_gmt":"2022-10-07T06:42:24","guid":{"rendered":"https:\/\/inti.hr\/product\/ormaric-za-cipele-s-jastukom-2\/"},"modified":"2022-10-07T06:42:24","modified_gmt":"2022-10-07T06:42:24","slug":"ormaric-za-cipele-s-jastukom-2","status":"publish","type":"product","link":"https:\/\/inti.hr\/sr\/proizvod\/ormaric-za-cipele-s-jastukom-2\/","title":{"rendered":"Ormari\u0107 za cipele s jastukom"},"content":{"rendered":"<p>Detalji proizvoda:<\/p>\n<ul>\n<li>Te\u017eina: 17,9 kg<\/li>\n<li>Nosivost: 150 kg<\/li>\n<li>Materijal: MDF (E1), borovina<\/li>\n<li>Veli\u010dina proizvoda: 81x36x46cm<\/li>\n<li>Dimenzije paketa: 93x42x20cm<\/li>\n<\/ul>\n","protected":false},"excerpt":{"rendered":"<p>Upotrijebite ovaj koristan i privla\u010dan ormari\u0107 za cipele kako biste ukrasili &#8230; <\/p>\n","protected":false},"featured_media":36646,"template":"","meta":[],"product_cat":[2635],"product_tag":[2659,2640],"yoast_head":"<!-- This site is optimized with the Yoast SEO plugin v23.7 - https:\/\/yoast.com\/wordpress\/plugins\/seo\/ -->\n<title>Ormari\u0107 za cipele s jastukom - Inti<\/title>\n<meta name=\"description\" content=\"Upotrijebite ovaj koristan i privla\u010dan ormari\u0107 za cipele kako biste ukrasili svoj hodnik i pritom ga odr\u017eavali urednim. Zahvaljuju\u0107i maloj veli\u010dini, idealan je za hodnike, walk-in ormare, pa \u010dak i spava\u0107e sobe. Ovaj ormari\u0107 za cipele sastoji se od otvorenog odjeljka, ladice i vrata. U njega mo\u017eete pohraniti razne predmete. Zahvaljuju\u0107i re\u0161etkastim vratima sprje\u010davate stvaranje plijesni u ormaru jer je re\u0161etka propusna za zrak. Ovaj ormari\u0107 za cipele ima 2 pretinca iza vrata, a ladice su prikladne za odlaganje ki\u0161obrana, kreme za cipele itd. Ovaj ormari\u0107 za cipele dolazi s jastukom za sjedenje za obuvanje ili izuvanje cipela dok sjedite. Pet nogu vam daje dodatnu sigurnost. Uklju\u010duje za\u0161titu od filca za za\u0161titu od ogrebotina. Ovu klupu mo\u017eete koristiti kao ormari\u0107 za cipele u predsoblju, kao klupu za odlaganje odje\u0107e u spava\u0107oj sobi ili kao klupu u dje\u010djoj sobi. Materijal ormari\u0107a za cipele je ekolo\u0161ki prihvatljiv i siguran MDF, stabilan je i izdr\u017eljiv. \u017duta re\u0161etkasta vrata, sivi jastuk, ru\u010dka od konoplje... Ovaj ormari\u0107 za cipele unijet \u0107e da\u0161ak prirode u va\u0161 dom. Savr\u0161ena je kao zabavna klupa u va\u0161em hodniku i spava\u0107oj sobi.\" \/>\n<meta name=\"robots\" content=\"index, follow, max-snippet:-1, max-image-preview:large, max-video-preview:-1\" \/>\n<link rel=\"canonical\" href=\"https:\/\/inti.hr\/sr\/proizvod\/ormaric-za-cipele-s-jastukom-2\/\" \/>\n<meta property=\"og:locale\" content=\"sr_RS\" \/>\n<meta property=\"og:type\" content=\"article\" \/>\n<meta property=\"og:title\" content=\"Ormari\u0107 za cipele s jastukom - Inti\" \/>\n<meta property=\"og:description\" content=\"Upotrijebite ovaj koristan i privla\u010dan ormari\u0107 za cipele kako biste ukrasili svoj hodnik i pritom ga odr\u017eavali urednim. Zahvaljuju\u0107i maloj veli\u010dini, idealan je za hodnike, walk-in ormare, pa \u010dak i spava\u0107e sobe. Ovaj ormari\u0107 za cipele sastoji se od otvorenog odjeljka, ladice i vrata. U njega mo\u017eete pohraniti razne predmete. Zahvaljuju\u0107i re\u0161etkastim vratima sprje\u010davate stvaranje plijesni u ormaru jer je re\u0161etka propusna za zrak. Ovaj ormari\u0107 za cipele ima 2 pretinca iza vrata, a ladice su prikladne za odlaganje ki\u0161obrana, kreme za cipele itd. Ovaj ormari\u0107 za cipele dolazi s jastukom za sjedenje za obuvanje ili izuvanje cipela dok sjedite. Pet nogu vam daje dodatnu sigurnost. Uklju\u010duje za\u0161titu od filca za za\u0161titu od ogrebotina. Ovu klupu mo\u017eete koristiti kao ormari\u0107 za cipele u predsoblju, kao klupu za odlaganje odje\u0107e u spava\u0107oj sobi ili kao klupu u dje\u010djoj sobi. Materijal ormari\u0107a za cipele je ekolo\u0161ki prihvatljiv i siguran MDF, stabilan je i izdr\u017eljiv. \u017duta re\u0161etkasta vrata, sivi jastuk, ru\u010dka od konoplje... Ovaj ormari\u0107 za cipele unijet \u0107e da\u0161ak prirode u va\u0161 dom. Savr\u0161ena je kao zabavna klupa u va\u0161em hodniku i spava\u0107oj sobi.\" \/>\n<meta property=\"og:url\" content=\"https:\/\/inti.hr\/sr\/proizvod\/ormaric-za-cipele-s-jastukom-2\/\" \/>\n<meta property=\"og:site_name\" content=\"Inti\" \/>\n<meta property=\"og:image\" content=\"https:\/\/i0.wp.com\/inti.hr\/wp-content\/uploads\/2022\/10\/FSR126-W-Y002.webp?fit=1600%2C1600&ssl=1\" \/>\n\t<meta property=\"og:image:width\" content=\"1600\" \/>\n\t<meta property=\"og:image:height\" content=\"1600\" \/>\n\t<meta property=\"og:image:type\" content=\"image\/webp\" \/>\n<meta name=\"twitter:card\" content=\"summary_large_image\" \/>\n<script type=\"application\/ld+json\" class=\"yoast-schema-graph\">{\"@context\":\"https:\/\/schema.org\",\"@graph\":[{\"@type\":\"WebPage\",\"@id\":\"https:\/\/inti.hr\/sr\/proizvod\/ormaric-za-cipele-s-jastukom-2\/\",\"url\":\"https:\/\/inti.hr\/sr\/proizvod\/ormaric-za-cipele-s-jastukom-2\/\",\"name\":\"Ormari\u0107 za cipele s jastukom - Inti\",\"isPartOf\":{\"@id\":\"https:\/\/inti.hr\/sr\/#website\"},\"primaryImageOfPage\":{\"@id\":\"https:\/\/inti.hr\/sr\/proizvod\/ormaric-za-cipele-s-jastukom-2\/#primaryimage\"},\"image\":{\"@id\":\"https:\/\/inti.hr\/sr\/proizvod\/ormaric-za-cipele-s-jastukom-2\/#primaryimage\"},\"thumbnailUrl\":\"https:\/\/i0.wp.com\/inti.hr\/wp-content\/uploads\/2022\/10\/FSR126-W-Y002.webp?fit=1600%2C1600&ssl=1\",\"datePublished\":\"2022-10-07T06:42:24+00:00\",\"dateModified\":\"2022-10-07T06:42:24+00:00\",\"description\":\"Upotrijebite ovaj koristan i privla\u010dan ormari\u0107 za cipele kako biste ukrasili svoj hodnik i pritom ga odr\u017eavali urednim. Zahvaljuju\u0107i maloj veli\u010dini, idealan je za hodnike, walk-in ormare, pa \u010dak i spava\u0107e sobe. Ovaj ormari\u0107 za cipele sastoji se od otvorenog odjeljka, ladice i vrata. U njega mo\u017eete pohraniti razne predmete. Zahvaljuju\u0107i re\u0161etkastim vratima sprje\u010davate stvaranje plijesni u ormaru jer je re\u0161etka propusna za zrak. Ovaj ormari\u0107 za cipele ima 2 pretinca iza vrata, a ladice su prikladne za odlaganje ki\u0161obrana, kreme za cipele itd. Ovaj ormari\u0107 za cipele dolazi s jastukom za sjedenje za obuvanje ili izuvanje cipela dok sjedite. Pet nogu vam daje dodatnu sigurnost. Uklju\u010duje za\u0161titu od filca za za\u0161titu od ogrebotina. Ovu klupu mo\u017eete koristiti kao ormari\u0107 za cipele u predsoblju, kao klupu za odlaganje odje\u0107e u spava\u0107oj sobi ili kao klupu u dje\u010djoj sobi. Materijal ormari\u0107a za cipele je ekolo\u0161ki prihvatljiv i siguran MDF, stabilan je i izdr\u017eljiv. \u017duta re\u0161etkasta vrata, sivi jastuk, ru\u010dka od konoplje... Ovaj ormari\u0107 za cipele unijet \u0107e da\u0161ak prirode u va\u0161 dom. Savr\u0161ena je kao zabavna klupa u va\u0161em hodniku i spava\u0107oj sobi.\",\"breadcrumb\":{\"@id\":\"https:\/\/inti.hr\/sr\/proizvod\/ormaric-za-cipele-s-jastukom-2\/#breadcrumb\"},\"inLanguage\":\"sr-RS\",\"potentialAction\":[{\"@type\":\"ReadAction\",\"target\":[\"https:\/\/inti.hr\/sr\/proizvod\/ormaric-za-cipele-s-jastukom-2\/\"]}]},{\"@type\":\"ImageObject\",\"inLanguage\":\"sr-RS\",\"@id\":\"https:\/\/inti.hr\/sr\/proizvod\/ormaric-za-cipele-s-jastukom-2\/#primaryimage\",\"url\":\"https:\/\/i0.wp.com\/inti.hr\/wp-content\/uploads\/2022\/10\/FSR126-W-Y002.webp?fit=1600%2C1600&ssl=1\",\"contentUrl\":\"https:\/\/i0.wp.com\/inti.hr\/wp-content\/uploads\/2022\/10\/FSR126-W-Y002.webp?fit=1600%2C1600&ssl=1\",\"width\":1600,\"height\":1600},{\"@type\":\"BreadcrumbList\",\"@id\":\"https:\/\/inti.hr\/sr\/proizvod\/ormaric-za-cipele-s-jastukom-2\/#breadcrumb\",\"itemListElement\":[{\"@type\":\"ListItem\",\"position\":1,\"name\":\"Po\u010detna stranica\",\"item\":\"https:\/\/inti.hr\/sr\/\"},{\"@type\":\"ListItem\",\"position\":2,\"name\":\"Prodavnica\",\"item\":\"https:\/\/inti.hr\/sr\/prodavnica\/\"},{\"@type\":\"ListItem\",\"position\":3,\"name\":\"Ormari\u0107 za cipele s jastukom\"}]},{\"@type\":\"WebSite\",\"@id\":\"https:\/\/inti.hr\/sr\/#website\",\"url\":\"https:\/\/inti.hr\/sr\/\",\"name\":\"Inti\",\"description\":\"trgovina\",\"potentialAction\":[{\"@type\":\"SearchAction\",\"target\":{\"@type\":\"EntryPoint\",\"urlTemplate\":\"https:\/\/inti.hr\/sr\/?s={search_term_string}\"},\"query-input\":{\"@type\":\"PropertyValueSpecification\",\"valueRequired\":true,\"valueName\":\"search_term_string\"}}],\"inLanguage\":\"sr-RS\"}]}<\/script>\n<!-- \/ Yoast SEO plugin. -->","yoast_head_json":{"title":"Ormari\u0107 za cipele s jastukom - Inti","description":"Upotrijebite ovaj koristan i privla\u010dan ormari\u0107 za cipele kako biste ukrasili svoj hodnik i pritom ga odr\u017eavali urednim. Zahvaljuju\u0107i maloj veli\u010dini, idealan je za hodnike, walk-in ormare, pa \u010dak i spava\u0107e sobe. Ovaj ormari\u0107 za cipele sastoji se od otvorenog odjeljka, ladice i vrata. U njega mo\u017eete pohraniti razne predmete. Zahvaljuju\u0107i re\u0161etkastim vratima sprje\u010davate stvaranje plijesni u ormaru jer je re\u0161etka propusna za zrak. Ovaj ormari\u0107 za cipele ima 2 pretinca iza vrata, a ladice su prikladne za odlaganje ki\u0161obrana, kreme za cipele itd. Ovaj ormari\u0107 za cipele dolazi s jastukom za sjedenje za obuvanje ili izuvanje cipela dok sjedite. Pet nogu vam daje dodatnu sigurnost. Uklju\u010duje za\u0161titu od filca za za\u0161titu od ogrebotina. Ovu klupu mo\u017eete koristiti kao ormari\u0107 za cipele u predsoblju, kao klupu za odlaganje odje\u0107e u spava\u0107oj sobi ili kao klupu u dje\u010djoj sobi. Materijal ormari\u0107a za cipele je ekolo\u0161ki prihvatljiv i siguran MDF, stabilan je i izdr\u017eljiv. \u017duta re\u0161etkasta vrata, sivi jastuk, ru\u010dka od konoplje... Ovaj ormari\u0107 za cipele unijet \u0107e da\u0161ak prirode u va\u0161 dom. Savr\u0161ena je kao zabavna klupa u va\u0161em hodniku i spava\u0107oj sobi.","robots":{"index":"index","follow":"follow","max-snippet":"max-snippet:-1","max-image-preview":"max-image-preview:large","max-video-preview":"max-video-preview:-1"},"canonical":"https:\/\/inti.hr\/sr\/proizvod\/ormaric-za-cipele-s-jastukom-2\/","og_locale":"sr_RS","og_type":"article","og_title":"Ormari\u0107 za cipele s jastukom - Inti","og_description":"Upotrijebite ovaj koristan i privla\u010dan ormari\u0107 za cipele kako biste ukrasili svoj hodnik i pritom ga odr\u017eavali urednim. Zahvaljuju\u0107i maloj veli\u010dini, idealan je za hodnike, walk-in ormare, pa \u010dak i spava\u0107e sobe. Ovaj ormari\u0107 za cipele sastoji se od otvorenog odjeljka, ladice i vrata. U njega mo\u017eete pohraniti razne predmete. Zahvaljuju\u0107i re\u0161etkastim vratima sprje\u010davate stvaranje plijesni u ormaru jer je re\u0161etka propusna za zrak. Ovaj ormari\u0107 za cipele ima 2 pretinca iza vrata, a ladice su prikladne za odlaganje ki\u0161obrana, kreme za cipele itd. Ovaj ormari\u0107 za cipele dolazi s jastukom za sjedenje za obuvanje ili izuvanje cipela dok sjedite. Pet nogu vam daje dodatnu sigurnost. Uklju\u010duje za\u0161titu od filca za za\u0161titu od ogrebotina. Ovu klupu mo\u017eete koristiti kao ormari\u0107 za cipele u predsoblju, kao klupu za odlaganje odje\u0107e u spava\u0107oj sobi ili kao klupu u dje\u010djoj sobi. Materijal ormari\u0107a za cipele je ekolo\u0161ki prihvatljiv i siguran MDF, stabilan je i izdr\u017eljiv. \u017duta re\u0161etkasta vrata, sivi jastuk, ru\u010dka od konoplje... Ovaj ormari\u0107 za cipele unijet \u0107e da\u0161ak prirode u va\u0161 dom. Savr\u0161ena je kao zabavna klupa u va\u0161em hodniku i spava\u0107oj sobi.","og_url":"https:\/\/inti.hr\/sr\/proizvod\/ormaric-za-cipele-s-jastukom-2\/","og_site_name":"Inti","og_image":[{"width":1600,"height":1600,"url":"https:\/\/i0.wp.com\/inti.hr\/wp-content\/uploads\/2022\/10\/FSR126-W-Y002.webp?fit=1600%2C1600&ssl=1","type":"image\/webp"}],"twitter_card":"summary_large_image","schema":{"@context":"https:\/\/schema.org","@graph":[{"@type":"WebPage","@id":"https:\/\/inti.hr\/sr\/proizvod\/ormaric-za-cipele-s-jastukom-2\/","url":"https:\/\/inti.hr\/sr\/proizvod\/ormaric-za-cipele-s-jastukom-2\/","name":"Ormari\u0107 za cipele s jastukom - Inti","isPartOf":{"@id":"https:\/\/inti.hr\/sr\/#website"},"primaryImageOfPage":{"@id":"https:\/\/inti.hr\/sr\/proizvod\/ormaric-za-cipele-s-jastukom-2\/#primaryimage"},"image":{"@id":"https:\/\/inti.hr\/sr\/proizvod\/ormaric-za-cipele-s-jastukom-2\/#primaryimage"},"thumbnailUrl":"https:\/\/i0.wp.com\/inti.hr\/wp-content\/uploads\/2022\/10\/FSR126-W-Y002.webp?fit=1600%2C1600&ssl=1","datePublished":"2022-10-07T06:42:24+00:00","dateModified":"2022-10-07T06:42:24+00:00","description":"Upotrijebite ovaj koristan i privla\u010dan ormari\u0107 za cipele kako biste ukrasili svoj hodnik i pritom ga odr\u017eavali urednim. Zahvaljuju\u0107i maloj veli\u010dini, idealan je za hodnike, walk-in ormare, pa \u010dak i spava\u0107e sobe. Ovaj ormari\u0107 za cipele sastoji se od otvorenog odjeljka, ladice i vrata. U njega mo\u017eete pohraniti razne predmete. Zahvaljuju\u0107i re\u0161etkastim vratima sprje\u010davate stvaranje plijesni u ormaru jer je re\u0161etka propusna za zrak. Ovaj ormari\u0107 za cipele ima 2 pretinca iza vrata, a ladice su prikladne za odlaganje ki\u0161obrana, kreme za cipele itd. Ovaj ormari\u0107 za cipele dolazi s jastukom za sjedenje za obuvanje ili izuvanje cipela dok sjedite. Pet nogu vam daje dodatnu sigurnost. Uklju\u010duje za\u0161titu od filca za za\u0161titu od ogrebotina. Ovu klupu mo\u017eete koristiti kao ormari\u0107 za cipele u predsoblju, kao klupu za odlaganje odje\u0107e u spava\u0107oj sobi ili kao klupu u dje\u010djoj sobi. Materijal ormari\u0107a za cipele je ekolo\u0161ki prihvatljiv i siguran MDF, stabilan je i izdr\u017eljiv. \u017duta re\u0161etkasta vrata, sivi jastuk, ru\u010dka od konoplje... Ovaj ormari\u0107 za cipele unijet \u0107e da\u0161ak prirode u va\u0161 dom. Savr\u0161ena je kao zabavna klupa u va\u0161em hodniku i spava\u0107oj sobi.","breadcrumb":{"@id":"https:\/\/inti.hr\/sr\/proizvod\/ormaric-za-cipele-s-jastukom-2\/#breadcrumb"},"inLanguage":"sr-RS","potentialAction":[{"@type":"ReadAction","target":["https:\/\/inti.hr\/sr\/proizvod\/ormaric-za-cipele-s-jastukom-2\/"]}]},{"@type":"ImageObject","inLanguage":"sr-RS","@id":"https:\/\/inti.hr\/sr\/proizvod\/ormaric-za-cipele-s-jastukom-2\/#primaryimage","url":"https:\/\/i0.wp.com\/inti.hr\/wp-content\/uploads\/2022\/10\/FSR126-W-Y002.webp?fit=1600%2C1600&ssl=1","contentUrl":"https:\/\/i0.wp.com\/inti.hr\/wp-content\/uploads\/2022\/10\/FSR126-W-Y002.webp?fit=1600%2C1600&ssl=1","width":1600,"height":1600},{"@type":"BreadcrumbList","@id":"https:\/\/inti.hr\/sr\/proizvod\/ormaric-za-cipele-s-jastukom-2\/#breadcrumb","itemListElement":[{"@type":"ListItem","position":1,"name":"Po\u010detna stranica","item":"https:\/\/inti.hr\/sr\/"},{"@type":"ListItem","position":2,"name":"Prodavnica","item":"https:\/\/inti.hr\/sr\/prodavnica\/"},{"@type":"ListItem","position":3,"name":"Ormari\u0107 za cipele s jastukom"}]},{"@type":"WebSite","@id":"https:\/\/inti.hr\/sr\/#website","url":"https:\/\/inti.hr\/sr\/","name":"Inti","description":"trgovina","potentialAction":[{"@type":"SearchAction","target":{"@type":"EntryPoint","urlTemplate":"https:\/\/inti.hr\/sr\/?s={search_term_string}"},"query-input":{"@type":"PropertyValueSpecification","valueRequired":true,"valueName":"search_term_string"}}],"inLanguage":"sr-RS"}]}},"jetpack_sharing_enabled":true,"jetpack-related-posts":[],"_links":{"self":[{"href":"https:\/\/inti.hr\/sr\/wp-json\/wp\/v2\/product\/36645"}],"collection":[{"href":"https:\/\/inti.hr\/sr\/wp-json\/wp\/v2\/product"}],"about":[{"href":"https:\/\/inti.hr\/sr\/wp-json\/wp\/v2\/types\/product"}],"wp:featuredmedia":[{"embeddable":true,"href":"https:\/\/inti.hr\/sr\/wp-json\/wp\/v2\/media\/36646"}],"wp:attachment":[{"href":"https:\/\/inti.hr\/sr\/wp-json\/wp\/v2\/media?parent=36645"}],"wp:term":[{"taxonomy":"product_cat","embeddable":true,"href":"https:\/\/inti.hr\/sr\/wp-json\/wp\/v2\/product_cat?post=36645"},{"taxonomy":"product_tag","embeddable":true,"href":"https:\/\/inti.hr\/sr\/wp-json\/wp\/v2\/product_tag?post=36645"}],"curies":[{"name":"wp","href":"https:\/\/api.w.org\/{rel}","templated":true}]}}