{"id":36657,"date":"2022-10-06T08:47:34","date_gmt":"2022-10-06T08:47:34","guid":{"rendered":"https:\/\/inti.hr\/product\/kupaonski-ormaric-stup\/"},"modified":"2022-10-06T08:47:34","modified_gmt":"2022-10-06T08:47:34","slug":"kupaonski-ormaric-stup","status":"publish","type":"product","link":"https:\/\/inti.hr\/sr\/proizvod\/kupaonski-ormaric-stup\/","title":{"rendered":"Kupaonski ormari\u0107 stup"},"content":{"rendered":"<p>Detalji proizvoda:<\/p>\n<ul>\n<li>Materijali: MDF, obojen u bijelo.<\/li>\n<li>Te\u017eina proizvoda: 16,6 kg, Maksimalno optere\u0107enje: 10 kg \/ polica<\/li>\n<li>Mjere: L32 * A170 * D29 cm<\/li>\n<li>Ladica lako klizi po teleskopskim i tihim vodilicama<\/li>\n<li>S dva vrata u stilu grilja<\/li>\n<\/ul>\n","protected":false},"excerpt":{"rendered":"<p>Vrata s re\u0161etkama dodaju dodatnu notu originalnosti.<\/p>\n<p>\u010ce\u0161ljevi, gelovi za tu\u0161iranje i &#8230; <\/p>\n","protected":false},"featured_media":36658,"template":"","meta":[],"product_cat":[2396],"product_tag":[2522,3011],"yoast_head":"<!-- This site is optimized with the Yoast SEO plugin v23.7 - https:\/\/yoast.com\/wordpress\/plugins\/seo\/ -->\n<title>Kupaonski ormari\u0107 stup - Inti<\/title>\n<meta name=\"description\" content=\"Vrata s re\u0161etkama dodaju dodatnu notu originalnosti.\u010ce\u0161ljevi, gelovi za tu\u0161iranje i \u0161amponi razbacani uokolo \u010dine va\u0161u kupaonicu neurednom? Sakrijte ih sve na police unutar vrata i va\u0161a \u0107e kupaonica odmah ponovno biti uredna i \u010dista.Ormar izra\u0111en od MDF-a (vlaknaste plo\u010de srednje gusto\u0107e) zavodi svojim trezvenim dizajnom. Njegov prekrasan dizajn, izvrsna otpornost na vlagu i dobra ventilacija \u010dine ovaj ormari\u0107 savr\u0161enim izborom za moderan namje\u0161taj.Glatka povr\u0161ina mo\u017ee se lako \u010distiti, a zahvaljuju\u0107i postojanju no\u017eica stvara se udaljenost od poda kako bi se olak\u0161alo \u010di\u0161\u0107enje i sprije\u010dilo stvaranje plijesni.S protukliznom gumom koja nudi ve\u0107u stabilnost i sigurnostKupaonski namje\u0161taj idealan je za kupaonicu koju karakterizira prakti\u010dnost i modernost\" \/>\n<meta name=\"robots\" content=\"index, follow, max-snippet:-1, max-image-preview:large, max-video-preview:-1\" \/>\n<link rel=\"canonical\" href=\"https:\/\/inti.hr\/sr\/proizvod\/kupaonski-ormaric-stup\/\" \/>\n<meta property=\"og:locale\" content=\"sr_RS\" \/>\n<meta property=\"og:type\" content=\"article\" \/>\n<meta property=\"og:title\" content=\"Kupaonski ormari\u0107 stup - Inti\" \/>\n<meta property=\"og:description\" content=\"Vrata s re\u0161etkama dodaju dodatnu notu originalnosti.\u010ce\u0161ljevi, gelovi za tu\u0161iranje i \u0161amponi razbacani uokolo \u010dine va\u0161u kupaonicu neurednom? Sakrijte ih sve na police unutar vrata i va\u0161a \u0107e kupaonica odmah ponovno biti uredna i \u010dista.Ormar izra\u0111en od MDF-a (vlaknaste plo\u010de srednje gusto\u0107e) zavodi svojim trezvenim dizajnom. Njegov prekrasan dizajn, izvrsna otpornost na vlagu i dobra ventilacija \u010dine ovaj ormari\u0107 savr\u0161enim izborom za moderan namje\u0161taj.Glatka povr\u0161ina mo\u017ee se lako \u010distiti, a zahvaljuju\u0107i postojanju no\u017eica stvara se udaljenost od poda kako bi se olak\u0161alo \u010di\u0161\u0107enje i sprije\u010dilo stvaranje plijesni.S protukliznom gumom koja nudi ve\u0107u stabilnost i sigurnostKupaonski namje\u0161taj idealan je za kupaonicu koju karakterizira prakti\u010dnost i modernost\" \/>\n<meta property=\"og:url\" content=\"https:\/\/inti.hr\/sr\/proizvod\/kupaonski-ormaric-stup\/\" \/>\n<meta property=\"og:site_name\" content=\"Inti\" \/>\n<meta property=\"og:image\" content=\"https:\/\/i0.wp.com\/inti.hr\/wp-content\/uploads\/2022\/10\/FRG236-W-Y001.webp?fit=1600%2C1600&ssl=1\" \/>\n\t<meta property=\"og:image:width\" content=\"1600\" \/>\n\t<meta property=\"og:image:height\" content=\"1600\" \/>\n\t<meta property=\"og:image:type\" content=\"image\/webp\" \/>\n<meta name=\"twitter:card\" content=\"summary_large_image\" \/>\n<script type=\"application\/ld+json\" class=\"yoast-schema-graph\">{\"@context\":\"https:\/\/schema.org\",\"@graph\":[{\"@type\":\"WebPage\",\"@id\":\"https:\/\/inti.hr\/sr\/proizvod\/kupaonski-ormaric-stup\/\",\"url\":\"https:\/\/inti.hr\/sr\/proizvod\/kupaonski-ormaric-stup\/\",\"name\":\"Kupaonski ormari\u0107 stup - Inti\",\"isPartOf\":{\"@id\":\"https:\/\/inti.hr\/sr\/#website\"},\"primaryImageOfPage\":{\"@id\":\"https:\/\/inti.hr\/sr\/proizvod\/kupaonski-ormaric-stup\/#primaryimage\"},\"image\":{\"@id\":\"https:\/\/inti.hr\/sr\/proizvod\/kupaonski-ormaric-stup\/#primaryimage\"},\"thumbnailUrl\":\"https:\/\/i0.wp.com\/inti.hr\/wp-content\/uploads\/2022\/10\/FRG236-W-Y001.webp?fit=1600%2C1600&ssl=1\",\"datePublished\":\"2022-10-06T08:47:34+00:00\",\"dateModified\":\"2022-10-06T08:47:34+00:00\",\"description\":\"Vrata s re\u0161etkama dodaju dodatnu notu originalnosti.\u010ce\u0161ljevi, gelovi za tu\u0161iranje i \u0161amponi razbacani uokolo \u010dine va\u0161u kupaonicu neurednom? Sakrijte ih sve na police unutar vrata i va\u0161a \u0107e kupaonica odmah ponovno biti uredna i \u010dista.Ormar izra\u0111en od MDF-a (vlaknaste plo\u010de srednje gusto\u0107e) zavodi svojim trezvenim dizajnom. Njegov prekrasan dizajn, izvrsna otpornost na vlagu i dobra ventilacija \u010dine ovaj ormari\u0107 savr\u0161enim izborom za moderan namje\u0161taj.Glatka povr\u0161ina mo\u017ee se lako \u010distiti, a zahvaljuju\u0107i postojanju no\u017eica stvara se udaljenost od poda kako bi se olak\u0161alo \u010di\u0161\u0107enje i sprije\u010dilo stvaranje plijesni.S protukliznom gumom koja nudi ve\u0107u stabilnost i sigurnostKupaonski namje\u0161taj idealan je za kupaonicu koju karakterizira prakti\u010dnost i modernost\",\"breadcrumb\":{\"@id\":\"https:\/\/inti.hr\/sr\/proizvod\/kupaonski-ormaric-stup\/#breadcrumb\"},\"inLanguage\":\"sr-RS\",\"potentialAction\":[{\"@type\":\"ReadAction\",\"target\":[\"https:\/\/inti.hr\/sr\/proizvod\/kupaonski-ormaric-stup\/\"]}]},{\"@type\":\"ImageObject\",\"inLanguage\":\"sr-RS\",\"@id\":\"https:\/\/inti.hr\/sr\/proizvod\/kupaonski-ormaric-stup\/#primaryimage\",\"url\":\"https:\/\/i0.wp.com\/inti.hr\/wp-content\/uploads\/2022\/10\/FRG236-W-Y001.webp?fit=1600%2C1600&ssl=1\",\"contentUrl\":\"https:\/\/i0.wp.com\/inti.hr\/wp-content\/uploads\/2022\/10\/FRG236-W-Y001.webp?fit=1600%2C1600&ssl=1\",\"width\":1600,\"height\":1600,\"caption\":\"Kupaonski ormari\u0107 stup\"},{\"@type\":\"BreadcrumbList\",\"@id\":\"https:\/\/inti.hr\/sr\/proizvod\/kupaonski-ormaric-stup\/#breadcrumb\",\"itemListElement\":[{\"@type\":\"ListItem\",\"position\":1,\"name\":\"Po\u010detna stranica\",\"item\":\"https:\/\/inti.hr\/sr\/\"},{\"@type\":\"ListItem\",\"position\":2,\"name\":\"Prodavnica\",\"item\":\"https:\/\/inti.hr\/sr\/prodavnica\/\"},{\"@type\":\"ListItem\",\"position\":3,\"name\":\"Kupaonski ormari\u0107 stup\"}]},{\"@type\":\"WebSite\",\"@id\":\"https:\/\/inti.hr\/sr\/#website\",\"url\":\"https:\/\/inti.hr\/sr\/\",\"name\":\"Inti\",\"description\":\"trgovina\",\"potentialAction\":[{\"@type\":\"SearchAction\",\"target\":{\"@type\":\"EntryPoint\",\"urlTemplate\":\"https:\/\/inti.hr\/sr\/?s={search_term_string}\"},\"query-input\":{\"@type\":\"PropertyValueSpecification\",\"valueRequired\":true,\"valueName\":\"search_term_string\"}}],\"inLanguage\":\"sr-RS\"}]}<\/script>\n<!-- \/ Yoast SEO plugin. -->","yoast_head_json":{"title":"Kupaonski ormari\u0107 stup - Inti","description":"Vrata s re\u0161etkama dodaju dodatnu notu originalnosti.\u010ce\u0161ljevi, gelovi za tu\u0161iranje i \u0161amponi razbacani uokolo \u010dine va\u0161u kupaonicu neurednom? Sakrijte ih sve na police unutar vrata i va\u0161a \u0107e kupaonica odmah ponovno biti uredna i \u010dista.Ormar izra\u0111en od MDF-a (vlaknaste plo\u010de srednje gusto\u0107e) zavodi svojim trezvenim dizajnom. Njegov prekrasan dizajn, izvrsna otpornost na vlagu i dobra ventilacija \u010dine ovaj ormari\u0107 savr\u0161enim izborom za moderan namje\u0161taj.Glatka povr\u0161ina mo\u017ee se lako \u010distiti, a zahvaljuju\u0107i postojanju no\u017eica stvara se udaljenost od poda kako bi se olak\u0161alo \u010di\u0161\u0107enje i sprije\u010dilo stvaranje plijesni.S protukliznom gumom koja nudi ve\u0107u stabilnost i sigurnostKupaonski namje\u0161taj idealan je za kupaonicu koju karakterizira prakti\u010dnost i modernost","robots":{"index":"index","follow":"follow","max-snippet":"max-snippet:-1","max-image-preview":"max-image-preview:large","max-video-preview":"max-video-preview:-1"},"canonical":"https:\/\/inti.hr\/sr\/proizvod\/kupaonski-ormaric-stup\/","og_locale":"sr_RS","og_type":"article","og_title":"Kupaonski ormari\u0107 stup - Inti","og_description":"Vrata s re\u0161etkama dodaju dodatnu notu originalnosti.\u010ce\u0161ljevi, gelovi za tu\u0161iranje i \u0161amponi razbacani uokolo \u010dine va\u0161u kupaonicu neurednom? Sakrijte ih sve na police unutar vrata i va\u0161a \u0107e kupaonica odmah ponovno biti uredna i \u010dista.Ormar izra\u0111en od MDF-a (vlaknaste plo\u010de srednje gusto\u0107e) zavodi svojim trezvenim dizajnom. Njegov prekrasan dizajn, izvrsna otpornost na vlagu i dobra ventilacija \u010dine ovaj ormari\u0107 savr\u0161enim izborom za moderan namje\u0161taj.Glatka povr\u0161ina mo\u017ee se lako \u010distiti, a zahvaljuju\u0107i postojanju no\u017eica stvara se udaljenost od poda kako bi se olak\u0161alo \u010di\u0161\u0107enje i sprije\u010dilo stvaranje plijesni.S protukliznom gumom koja nudi ve\u0107u stabilnost i sigurnostKupaonski namje\u0161taj idealan je za kupaonicu koju karakterizira prakti\u010dnost i modernost","og_url":"https:\/\/inti.hr\/sr\/proizvod\/kupaonski-ormaric-stup\/","og_site_name":"Inti","og_image":[{"width":1600,"height":1600,"url":"https:\/\/i0.wp.com\/inti.hr\/wp-content\/uploads\/2022\/10\/FRG236-W-Y001.webp?fit=1600%2C1600&ssl=1","type":"image\/webp"}],"twitter_card":"summary_large_image","schema":{"@context":"https:\/\/schema.org","@graph":[{"@type":"WebPage","@id":"https:\/\/inti.hr\/sr\/proizvod\/kupaonski-ormaric-stup\/","url":"https:\/\/inti.hr\/sr\/proizvod\/kupaonski-ormaric-stup\/","name":"Kupaonski ormari\u0107 stup - Inti","isPartOf":{"@id":"https:\/\/inti.hr\/sr\/#website"},"primaryImageOfPage":{"@id":"https:\/\/inti.hr\/sr\/proizvod\/kupaonski-ormaric-stup\/#primaryimage"},"image":{"@id":"https:\/\/inti.hr\/sr\/proizvod\/kupaonski-ormaric-stup\/#primaryimage"},"thumbnailUrl":"https:\/\/i0.wp.com\/inti.hr\/wp-content\/uploads\/2022\/10\/FRG236-W-Y001.webp?fit=1600%2C1600&ssl=1","datePublished":"2022-10-06T08:47:34+00:00","dateModified":"2022-10-06T08:47:34+00:00","description":"Vrata s re\u0161etkama dodaju dodatnu notu originalnosti.\u010ce\u0161ljevi, gelovi za tu\u0161iranje i \u0161amponi razbacani uokolo \u010dine va\u0161u kupaonicu neurednom? Sakrijte ih sve na police unutar vrata i va\u0161a \u0107e kupaonica odmah ponovno biti uredna i \u010dista.Ormar izra\u0111en od MDF-a (vlaknaste plo\u010de srednje gusto\u0107e) zavodi svojim trezvenim dizajnom. Njegov prekrasan dizajn, izvrsna otpornost na vlagu i dobra ventilacija \u010dine ovaj ormari\u0107 savr\u0161enim izborom za moderan namje\u0161taj.Glatka povr\u0161ina mo\u017ee se lako \u010distiti, a zahvaljuju\u0107i postojanju no\u017eica stvara se udaljenost od poda kako bi se olak\u0161alo \u010di\u0161\u0107enje i sprije\u010dilo stvaranje plijesni.S protukliznom gumom koja nudi ve\u0107u stabilnost i sigurnostKupaonski namje\u0161taj idealan je za kupaonicu koju karakterizira prakti\u010dnost i modernost","breadcrumb":{"@id":"https:\/\/inti.hr\/sr\/proizvod\/kupaonski-ormaric-stup\/#breadcrumb"},"inLanguage":"sr-RS","potentialAction":[{"@type":"ReadAction","target":["https:\/\/inti.hr\/sr\/proizvod\/kupaonski-ormaric-stup\/"]}]},{"@type":"ImageObject","inLanguage":"sr-RS","@id":"https:\/\/inti.hr\/sr\/proizvod\/kupaonski-ormaric-stup\/#primaryimage","url":"https:\/\/i0.wp.com\/inti.hr\/wp-content\/uploads\/2022\/10\/FRG236-W-Y001.webp?fit=1600%2C1600&ssl=1","contentUrl":"https:\/\/i0.wp.com\/inti.hr\/wp-content\/uploads\/2022\/10\/FRG236-W-Y001.webp?fit=1600%2C1600&ssl=1","width":1600,"height":1600,"caption":"Kupaonski ormari\u0107 stup"},{"@type":"BreadcrumbList","@id":"https:\/\/inti.hr\/sr\/proizvod\/kupaonski-ormaric-stup\/#breadcrumb","itemListElement":[{"@type":"ListItem","position":1,"name":"Po\u010detna stranica","item":"https:\/\/inti.hr\/sr\/"},{"@type":"ListItem","position":2,"name":"Prodavnica","item":"https:\/\/inti.hr\/sr\/prodavnica\/"},{"@type":"ListItem","position":3,"name":"Kupaonski ormari\u0107 stup"}]},{"@type":"WebSite","@id":"https:\/\/inti.hr\/sr\/#website","url":"https:\/\/inti.hr\/sr\/","name":"Inti","description":"trgovina","potentialAction":[{"@type":"SearchAction","target":{"@type":"EntryPoint","urlTemplate":"https:\/\/inti.hr\/sr\/?s={search_term_string}"},"query-input":{"@type":"PropertyValueSpecification","valueRequired":true,"valueName":"search_term_string"}}],"inLanguage":"sr-RS"}]}},"jetpack_sharing_enabled":true,"jetpack-related-posts":[],"_links":{"self":[{"href":"https:\/\/inti.hr\/sr\/wp-json\/wp\/v2\/product\/36657"}],"collection":[{"href":"https:\/\/inti.hr\/sr\/wp-json\/wp\/v2\/product"}],"about":[{"href":"https:\/\/inti.hr\/sr\/wp-json\/wp\/v2\/types\/product"}],"wp:featuredmedia":[{"embeddable":true,"href":"https:\/\/inti.hr\/sr\/wp-json\/wp\/v2\/media\/36658"}],"wp:attachment":[{"href":"https:\/\/inti.hr\/sr\/wp-json\/wp\/v2\/media?parent=36657"}],"wp:term":[{"taxonomy":"product_cat","embeddable":true,"href":"https:\/\/inti.hr\/sr\/wp-json\/wp\/v2\/product_cat?post=36657"},{"taxonomy":"product_tag","embeddable":true,"href":"https:\/\/inti.hr\/sr\/wp-json\/wp\/v2\/product_tag?post=36657"}],"curies":[{"name":"wp","href":"https:\/\/api.w.org\/{rel}","templated":true}]}}