{"id":36669,"date":"2022-10-03T09:17:57","date_gmt":"2022-10-03T09:17:57","guid":{"rendered":"https:\/\/inti.hr\/product\/ormaric-za-umivaonik-white\/"},"modified":"2022-10-03T09:17:57","modified_gmt":"2022-10-03T09:17:57","slug":"ormaric-za-umivaonik-white","status":"publish","type":"product","link":"https:\/\/inti.hr\/sr\/proizvod\/ormaric-za-umivaonik-white\/","title":{"rendered":"Ormari\u0107 za umivaonik White"},"content":{"rendered":"<p>Detalji proizvoda:<\/p>\n<ul>\n<li>Materijal: MDF (E1)<\/li>\n<li>Te\u017eina: 11,2 kg<\/li>\n<li>Nosivost: 50 kg<\/li>\n<li>Veli\u010dina proizvoda: 60x30x60cm<\/li>\n<li>Veli\u010dina pakiranja: 69x39x17cm<\/li>\n<li>S uputama za sastavljanje i vijcima.\u00a0Jednostavna instalacija.<\/li>\n<\/ul>\n","protected":false},"excerpt":{"rendered":"<p>S prakti\u010dnim i jednostavnim ormari\u0107em za umivaonik kona\u010dno imate dovoljno mjesta &#8230; <\/p>\n","protected":false},"featured_media":36670,"template":"","meta":[],"product_cat":[2396],"product_tag":[2522,2523,3585],"yoast_head":"<!-- This site is optimized with the Yoast SEO plugin v23.7 - https:\/\/yoast.com\/wordpress\/plugins\/seo\/ -->\n<title>Ormari\u0107 za umivaonik White - Inti<\/title>\n<meta name=\"description\" content=\"S prakti\u010dnim i jednostavnim ormari\u0107em za umivaonik kona\u010dno imate dovoljno mjesta u kupaonici. To je idealno rje\u0161enje za odr\u017eavanje va\u0161e kupaonice urednom. Ovaj ormar nudi dovoljno prostora iza vrata za pohranjivanje ru\u010dnika, toaletnog papira, deterd\u017eenta, sredstva za \u010di\u0161\u0107enje kupaonice i ostalih potrep\u0161tina za kupaonicu. Zahvaljuju\u0107i udubljenju za sifon, ovaj komad namje\u0161taja nudi mogu\u0107nost da ga postavite ispod umivaonika i tako ga sakrijete. Poseban vizualni naglasak su moderna i bezvremenska vrata s \u017ealuzinama. Zahvaljuju\u0107i vratima sprje\u010davate stvaranje plijesni u ormaru. Visokokvalitetne MDF plo\u010de jam\u010de savr\u0161enu stabilnost i dug vijek trajanja, \u010dak iu vla\u017enim okru\u017eenjima. Povr\u0161ina se lako \u010disti, \u0161to olak\u0161ava ku\u0107anske poslove. Svojim modernim i elegantnim izgledom ovaj komad namje\u0161taja privla\u010di sva\u010diju pa\u017enju.\" \/>\n<meta name=\"robots\" content=\"index, follow, max-snippet:-1, max-image-preview:large, max-video-preview:-1\" \/>\n<link rel=\"canonical\" href=\"https:\/\/inti.hr\/sr\/proizvod\/ormaric-za-umivaonik-white\/\" \/>\n<meta property=\"og:locale\" content=\"sr_RS\" \/>\n<meta property=\"og:type\" content=\"article\" \/>\n<meta property=\"og:title\" content=\"Ormari\u0107 za umivaonik White - Inti\" \/>\n<meta property=\"og:description\" content=\"S prakti\u010dnim i jednostavnim ormari\u0107em za umivaonik kona\u010dno imate dovoljno mjesta u kupaonici. To je idealno rje\u0161enje za odr\u017eavanje va\u0161e kupaonice urednom. Ovaj ormar nudi dovoljno prostora iza vrata za pohranjivanje ru\u010dnika, toaletnog papira, deterd\u017eenta, sredstva za \u010di\u0161\u0107enje kupaonice i ostalih potrep\u0161tina za kupaonicu. Zahvaljuju\u0107i udubljenju za sifon, ovaj komad namje\u0161taja nudi mogu\u0107nost da ga postavite ispod umivaonika i tako ga sakrijete. Poseban vizualni naglasak su moderna i bezvremenska vrata s \u017ealuzinama. Zahvaljuju\u0107i vratima sprje\u010davate stvaranje plijesni u ormaru. Visokokvalitetne MDF plo\u010de jam\u010de savr\u0161enu stabilnost i dug vijek trajanja, \u010dak iu vla\u017enim okru\u017eenjima. Povr\u0161ina se lako \u010disti, \u0161to olak\u0161ava ku\u0107anske poslove. Svojim modernim i elegantnim izgledom ovaj komad namje\u0161taja privla\u010di sva\u010diju pa\u017enju.\" \/>\n<meta property=\"og:url\" content=\"https:\/\/inti.hr\/sr\/proizvod\/ormaric-za-umivaonik-white\/\" \/>\n<meta property=\"og:site_name\" content=\"Inti\" \/>\n<meta property=\"og:image\" content=\"https:\/\/i0.wp.com\/inti.hr\/wp-content\/uploads\/2022\/10\/BZR58-W-Z004.webp?fit=1600%2C1600&ssl=1\" \/>\n\t<meta property=\"og:image:width\" content=\"1600\" \/>\n\t<meta property=\"og:image:height\" content=\"1600\" \/>\n\t<meta property=\"og:image:type\" content=\"image\/webp\" \/>\n<meta name=\"twitter:card\" content=\"summary_large_image\" \/>\n<script type=\"application\/ld+json\" class=\"yoast-schema-graph\">{\"@context\":\"https:\/\/schema.org\",\"@graph\":[{\"@type\":\"WebPage\",\"@id\":\"https:\/\/inti.hr\/sr\/proizvod\/ormaric-za-umivaonik-white\/\",\"url\":\"https:\/\/inti.hr\/sr\/proizvod\/ormaric-za-umivaonik-white\/\",\"name\":\"Ormari\u0107 za umivaonik White - Inti\",\"isPartOf\":{\"@id\":\"https:\/\/inti.hr\/sr\/#website\"},\"primaryImageOfPage\":{\"@id\":\"https:\/\/inti.hr\/sr\/proizvod\/ormaric-za-umivaonik-white\/#primaryimage\"},\"image\":{\"@id\":\"https:\/\/inti.hr\/sr\/proizvod\/ormaric-za-umivaonik-white\/#primaryimage\"},\"thumbnailUrl\":\"https:\/\/i0.wp.com\/inti.hr\/wp-content\/uploads\/2022\/10\/BZR58-W-Z004.webp?fit=1600%2C1600&ssl=1\",\"datePublished\":\"2022-10-03T09:17:57+00:00\",\"dateModified\":\"2022-10-03T09:17:57+00:00\",\"description\":\"S prakti\u010dnim i jednostavnim ormari\u0107em za umivaonik kona\u010dno imate dovoljno mjesta u kupaonici. To je idealno rje\u0161enje za odr\u017eavanje va\u0161e kupaonice urednom. Ovaj ormar nudi dovoljno prostora iza vrata za pohranjivanje ru\u010dnika, toaletnog papira, deterd\u017eenta, sredstva za \u010di\u0161\u0107enje kupaonice i ostalih potrep\u0161tina za kupaonicu. Zahvaljuju\u0107i udubljenju za sifon, ovaj komad namje\u0161taja nudi mogu\u0107nost da ga postavite ispod umivaonika i tako ga sakrijete. Poseban vizualni naglasak su moderna i bezvremenska vrata s \u017ealuzinama. Zahvaljuju\u0107i vratima sprje\u010davate stvaranje plijesni u ormaru. Visokokvalitetne MDF plo\u010de jam\u010de savr\u0161enu stabilnost i dug vijek trajanja, \u010dak iu vla\u017enim okru\u017eenjima. Povr\u0161ina se lako \u010disti, \u0161to olak\u0161ava ku\u0107anske poslove. Svojim modernim i elegantnim izgledom ovaj komad namje\u0161taja privla\u010di sva\u010diju pa\u017enju.\",\"breadcrumb\":{\"@id\":\"https:\/\/inti.hr\/sr\/proizvod\/ormaric-za-umivaonik-white\/#breadcrumb\"},\"inLanguage\":\"sr-RS\",\"potentialAction\":[{\"@type\":\"ReadAction\",\"target\":[\"https:\/\/inti.hr\/sr\/proizvod\/ormaric-za-umivaonik-white\/\"]}]},{\"@type\":\"ImageObject\",\"inLanguage\":\"sr-RS\",\"@id\":\"https:\/\/inti.hr\/sr\/proizvod\/ormaric-za-umivaonik-white\/#primaryimage\",\"url\":\"https:\/\/i0.wp.com\/inti.hr\/wp-content\/uploads\/2022\/10\/BZR58-W-Z004.webp?fit=1600%2C1600&ssl=1\",\"contentUrl\":\"https:\/\/i0.wp.com\/inti.hr\/wp-content\/uploads\/2022\/10\/BZR58-W-Z004.webp?fit=1600%2C1600&ssl=1\",\"width\":1600,\"height\":1600},{\"@type\":\"BreadcrumbList\",\"@id\":\"https:\/\/inti.hr\/sr\/proizvod\/ormaric-za-umivaonik-white\/#breadcrumb\",\"itemListElement\":[{\"@type\":\"ListItem\",\"position\":1,\"name\":\"Po\u010detna stranica\",\"item\":\"https:\/\/inti.hr\/sr\/\"},{\"@type\":\"ListItem\",\"position\":2,\"name\":\"Prodavnica\",\"item\":\"https:\/\/inti.hr\/sr\/prodavnica\/\"},{\"@type\":\"ListItem\",\"position\":3,\"name\":\"Ormari\u0107 za umivaonik White\"}]},{\"@type\":\"WebSite\",\"@id\":\"https:\/\/inti.hr\/sr\/#website\",\"url\":\"https:\/\/inti.hr\/sr\/\",\"name\":\"Inti\",\"description\":\"trgovina\",\"potentialAction\":[{\"@type\":\"SearchAction\",\"target\":{\"@type\":\"EntryPoint\",\"urlTemplate\":\"https:\/\/inti.hr\/sr\/?s={search_term_string}\"},\"query-input\":{\"@type\":\"PropertyValueSpecification\",\"valueRequired\":true,\"valueName\":\"search_term_string\"}}],\"inLanguage\":\"sr-RS\"}]}<\/script>\n<!-- \/ Yoast SEO plugin. -->","yoast_head_json":{"title":"Ormari\u0107 za umivaonik White - Inti","description":"S prakti\u010dnim i jednostavnim ormari\u0107em za umivaonik kona\u010dno imate dovoljno mjesta u kupaonici. To je idealno rje\u0161enje za odr\u017eavanje va\u0161e kupaonice urednom. Ovaj ormar nudi dovoljno prostora iza vrata za pohranjivanje ru\u010dnika, toaletnog papira, deterd\u017eenta, sredstva za \u010di\u0161\u0107enje kupaonice i ostalih potrep\u0161tina za kupaonicu. Zahvaljuju\u0107i udubljenju za sifon, ovaj komad namje\u0161taja nudi mogu\u0107nost da ga postavite ispod umivaonika i tako ga sakrijete. Poseban vizualni naglasak su moderna i bezvremenska vrata s \u017ealuzinama. Zahvaljuju\u0107i vratima sprje\u010davate stvaranje plijesni u ormaru. Visokokvalitetne MDF plo\u010de jam\u010de savr\u0161enu stabilnost i dug vijek trajanja, \u010dak iu vla\u017enim okru\u017eenjima. Povr\u0161ina se lako \u010disti, \u0161to olak\u0161ava ku\u0107anske poslove. Svojim modernim i elegantnim izgledom ovaj komad namje\u0161taja privla\u010di sva\u010diju pa\u017enju.","robots":{"index":"index","follow":"follow","max-snippet":"max-snippet:-1","max-image-preview":"max-image-preview:large","max-video-preview":"max-video-preview:-1"},"canonical":"https:\/\/inti.hr\/sr\/proizvod\/ormaric-za-umivaonik-white\/","og_locale":"sr_RS","og_type":"article","og_title":"Ormari\u0107 za umivaonik White - Inti","og_description":"S prakti\u010dnim i jednostavnim ormari\u0107em za umivaonik kona\u010dno imate dovoljno mjesta u kupaonici. To je idealno rje\u0161enje za odr\u017eavanje va\u0161e kupaonice urednom. Ovaj ormar nudi dovoljno prostora iza vrata za pohranjivanje ru\u010dnika, toaletnog papira, deterd\u017eenta, sredstva za \u010di\u0161\u0107enje kupaonice i ostalih potrep\u0161tina za kupaonicu. Zahvaljuju\u0107i udubljenju za sifon, ovaj komad namje\u0161taja nudi mogu\u0107nost da ga postavite ispod umivaonika i tako ga sakrijete. Poseban vizualni naglasak su moderna i bezvremenska vrata s \u017ealuzinama. Zahvaljuju\u0107i vratima sprje\u010davate stvaranje plijesni u ormaru. Visokokvalitetne MDF plo\u010de jam\u010de savr\u0161enu stabilnost i dug vijek trajanja, \u010dak iu vla\u017enim okru\u017eenjima. Povr\u0161ina se lako \u010disti, \u0161to olak\u0161ava ku\u0107anske poslove. Svojim modernim i elegantnim izgledom ovaj komad namje\u0161taja privla\u010di sva\u010diju pa\u017enju.","og_url":"https:\/\/inti.hr\/sr\/proizvod\/ormaric-za-umivaonik-white\/","og_site_name":"Inti","og_image":[{"width":1600,"height":1600,"url":"https:\/\/i0.wp.com\/inti.hr\/wp-content\/uploads\/2022\/10\/BZR58-W-Z004.webp?fit=1600%2C1600&ssl=1","type":"image\/webp"}],"twitter_card":"summary_large_image","schema":{"@context":"https:\/\/schema.org","@graph":[{"@type":"WebPage","@id":"https:\/\/inti.hr\/sr\/proizvod\/ormaric-za-umivaonik-white\/","url":"https:\/\/inti.hr\/sr\/proizvod\/ormaric-za-umivaonik-white\/","name":"Ormari\u0107 za umivaonik White - Inti","isPartOf":{"@id":"https:\/\/inti.hr\/sr\/#website"},"primaryImageOfPage":{"@id":"https:\/\/inti.hr\/sr\/proizvod\/ormaric-za-umivaonik-white\/#primaryimage"},"image":{"@id":"https:\/\/inti.hr\/sr\/proizvod\/ormaric-za-umivaonik-white\/#primaryimage"},"thumbnailUrl":"https:\/\/i0.wp.com\/inti.hr\/wp-content\/uploads\/2022\/10\/BZR58-W-Z004.webp?fit=1600%2C1600&ssl=1","datePublished":"2022-10-03T09:17:57+00:00","dateModified":"2022-10-03T09:17:57+00:00","description":"S prakti\u010dnim i jednostavnim ormari\u0107em za umivaonik kona\u010dno imate dovoljno mjesta u kupaonici. To je idealno rje\u0161enje za odr\u017eavanje va\u0161e kupaonice urednom. Ovaj ormar nudi dovoljno prostora iza vrata za pohranjivanje ru\u010dnika, toaletnog papira, deterd\u017eenta, sredstva za \u010di\u0161\u0107enje kupaonice i ostalih potrep\u0161tina za kupaonicu. Zahvaljuju\u0107i udubljenju za sifon, ovaj komad namje\u0161taja nudi mogu\u0107nost da ga postavite ispod umivaonika i tako ga sakrijete. Poseban vizualni naglasak su moderna i bezvremenska vrata s \u017ealuzinama. Zahvaljuju\u0107i vratima sprje\u010davate stvaranje plijesni u ormaru. Visokokvalitetne MDF plo\u010de jam\u010de savr\u0161enu stabilnost i dug vijek trajanja, \u010dak iu vla\u017enim okru\u017eenjima. Povr\u0161ina se lako \u010disti, \u0161to olak\u0161ava ku\u0107anske poslove. Svojim modernim i elegantnim izgledom ovaj komad namje\u0161taja privla\u010di sva\u010diju pa\u017enju.","breadcrumb":{"@id":"https:\/\/inti.hr\/sr\/proizvod\/ormaric-za-umivaonik-white\/#breadcrumb"},"inLanguage":"sr-RS","potentialAction":[{"@type":"ReadAction","target":["https:\/\/inti.hr\/sr\/proizvod\/ormaric-za-umivaonik-white\/"]}]},{"@type":"ImageObject","inLanguage":"sr-RS","@id":"https:\/\/inti.hr\/sr\/proizvod\/ormaric-za-umivaonik-white\/#primaryimage","url":"https:\/\/i0.wp.com\/inti.hr\/wp-content\/uploads\/2022\/10\/BZR58-W-Z004.webp?fit=1600%2C1600&ssl=1","contentUrl":"https:\/\/i0.wp.com\/inti.hr\/wp-content\/uploads\/2022\/10\/BZR58-W-Z004.webp?fit=1600%2C1600&ssl=1","width":1600,"height":1600},{"@type":"BreadcrumbList","@id":"https:\/\/inti.hr\/sr\/proizvod\/ormaric-za-umivaonik-white\/#breadcrumb","itemListElement":[{"@type":"ListItem","position":1,"name":"Po\u010detna stranica","item":"https:\/\/inti.hr\/sr\/"},{"@type":"ListItem","position":2,"name":"Prodavnica","item":"https:\/\/inti.hr\/sr\/prodavnica\/"},{"@type":"ListItem","position":3,"name":"Ormari\u0107 za umivaonik White"}]},{"@type":"WebSite","@id":"https:\/\/inti.hr\/sr\/#website","url":"https:\/\/inti.hr\/sr\/","name":"Inti","description":"trgovina","potentialAction":[{"@type":"SearchAction","target":{"@type":"EntryPoint","urlTemplate":"https:\/\/inti.hr\/sr\/?s={search_term_string}"},"query-input":{"@type":"PropertyValueSpecification","valueRequired":true,"valueName":"search_term_string"}}],"inLanguage":"sr-RS"}]}},"jetpack_sharing_enabled":true,"jetpack-related-posts":[],"_links":{"self":[{"href":"https:\/\/inti.hr\/sr\/wp-json\/wp\/v2\/product\/36669"}],"collection":[{"href":"https:\/\/inti.hr\/sr\/wp-json\/wp\/v2\/product"}],"about":[{"href":"https:\/\/inti.hr\/sr\/wp-json\/wp\/v2\/types\/product"}],"wp:featuredmedia":[{"embeddable":true,"href":"https:\/\/inti.hr\/sr\/wp-json\/wp\/v2\/media\/36670"}],"wp:attachment":[{"href":"https:\/\/inti.hr\/sr\/wp-json\/wp\/v2\/media?parent=36669"}],"wp:term":[{"taxonomy":"product_cat","embeddable":true,"href":"https:\/\/inti.hr\/sr\/wp-json\/wp\/v2\/product_cat?post=36669"},{"taxonomy":"product_tag","embeddable":true,"href":"https:\/\/inti.hr\/sr\/wp-json\/wp\/v2\/product_tag?post=36669"}],"curies":[{"name":"wp","href":"https:\/\/api.w.org\/{rel}","templated":true}]}}