{"id":36677,"date":"2022-09-21T08:59:32","date_gmt":"2022-09-21T08:59:32","guid":{"rendered":"https:\/\/inti.hr\/product\/djecji-ormaric-sa-vjesalicom-za-odjecu\/"},"modified":"2022-09-21T08:59:32","modified_gmt":"2022-09-21T08:59:32","slug":"djecji-ormaric-sa-vjesalicom-za-odjecu","status":"publish","type":"product","link":"https:\/\/inti.hr\/sr\/proizvod\/djecji-ormaric-sa-vjesalicom-za-odjecu\/","title":{"rendered":"Dje\u010dji ormari\u0107 sa vje\u0161alicom za odje\u0107u"},"content":{"rendered":"<p>Detalji proizvoda:<\/p>\n<ul>\n<li>Te\u017eina: 21,2 kg<\/li>\n<li>Nosivost: 50 kg<\/li>\n<li>Materijal: MDF (E1) \/ netkani materijal.<\/li>\n<li>Veli\u010dina proizvoda: 97x35x108cm (vidi sliku)<\/li>\n<li>Veli\u010dina pakiranja: 110x40x16cm.<\/li>\n<\/ul>\n","protected":false},"excerpt":{"rendered":"<p>Zahvaljuju\u0107i visini ormara prilago\u0111enoj djeci (cca. 108 cm), djeca tako\u0111er mogu &#8230; <\/p>\n","protected":false},"featured_media":36678,"template":"","meta":[],"product_cat":[2411],"product_tag":[2413,4893,4894],"yoast_head":"<!-- This site is optimized with the Yoast SEO plugin v23.7 - https:\/\/yoast.com\/wordpress\/plugins\/seo\/ -->\n<title>Dje\u010dji ormari\u0107 sa vje\u0161alicom za odje\u0107u - Inti<\/title>\n<meta name=\"description\" content=\"Zahvaljuju\u0107i visini ormara prilago\u0111enoj djeci (cca. 108 cm), djeca tako\u0111er mogu sama organizirati svoju odje\u0107u. To \u0107e pomo\u0107i va\u0161em djetetu da razvije naviku odr\u017eavanja ku\u0107e urednom i \u010distom. Dje\u010dji ormar jedan je od bitnih namje\u0161taja u dje\u010djoj sobi - odje\u0107a, igra\u010dke, knjige i pli\u0161ane igra\u010dke mogu se dobro i uredno pospremiti. Sigurnost va\u0161eg djeteta je o\u010dito izuzetno va\u017ena kada se igra s ovom policom. Zaobljeni uglovi osiguravaju da dijete ne mo\u017ee udariti u policu. Prazna polica prakti\u010dki raste s va\u0161om bebom. Lako se mo\u017ee kombinirati s ostalim namje\u0161tajem i kasnije koristiti kao prostor za odlaganje u mladena\u010dkoj sobi.3 pretinca pru\u017eaju dovoljno prostora za odlaganje odje\u0107e va\u0161e bebe. Nakon bu\u0111enja mogu odmah prona\u0107i odje\u0107u koju \u017eele. S 3 kuke i 1 \u0161ipkom za odje\u0107u, ormar je svestrani talent i ostavlja dovoljno mjesta za \u0161e\u0161ire i ruksake.1 kutija za pohranjivanje od netkanog materijala tako\u0111er se mo\u017ee postaviti na pod po \u017eelji i \u010dak ozna\u010diti kako bi va\u0161e dijete uvijek moglo dobro sortirati stvari.\" \/>\n<meta name=\"robots\" content=\"index, follow, max-snippet:-1, max-image-preview:large, max-video-preview:-1\" \/>\n<link rel=\"canonical\" href=\"https:\/\/inti.hr\/sr\/proizvod\/djecji-ormaric-sa-vjesalicom-za-odjecu\/\" \/>\n<meta property=\"og:locale\" content=\"sr_RS\" \/>\n<meta property=\"og:type\" content=\"article\" \/>\n<meta property=\"og:title\" content=\"Dje\u010dji ormari\u0107 sa vje\u0161alicom za odje\u0107u - Inti\" \/>\n<meta property=\"og:description\" content=\"Zahvaljuju\u0107i visini ormara prilago\u0111enoj djeci (cca. 108 cm), djeca tako\u0111er mogu sama organizirati svoju odje\u0107u. To \u0107e pomo\u0107i va\u0161em djetetu da razvije naviku odr\u017eavanja ku\u0107e urednom i \u010distom. Dje\u010dji ormar jedan je od bitnih namje\u0161taja u dje\u010djoj sobi - odje\u0107a, igra\u010dke, knjige i pli\u0161ane igra\u010dke mogu se dobro i uredno pospremiti. Sigurnost va\u0161eg djeteta je o\u010dito izuzetno va\u017ena kada se igra s ovom policom. Zaobljeni uglovi osiguravaju da dijete ne mo\u017ee udariti u policu. Prazna polica prakti\u010dki raste s va\u0161om bebom. Lako se mo\u017ee kombinirati s ostalim namje\u0161tajem i kasnije koristiti kao prostor za odlaganje u mladena\u010dkoj sobi.3 pretinca pru\u017eaju dovoljno prostora za odlaganje odje\u0107e va\u0161e bebe. Nakon bu\u0111enja mogu odmah prona\u0107i odje\u0107u koju \u017eele. S 3 kuke i 1 \u0161ipkom za odje\u0107u, ormar je svestrani talent i ostavlja dovoljno mjesta za \u0161e\u0161ire i ruksake.1 kutija za pohranjivanje od netkanog materijala tako\u0111er se mo\u017ee postaviti na pod po \u017eelji i \u010dak ozna\u010diti kako bi va\u0161e dijete uvijek moglo dobro sortirati stvari.\" \/>\n<meta property=\"og:url\" content=\"https:\/\/inti.hr\/sr\/proizvod\/djecji-ormaric-sa-vjesalicom-za-odjecu\/\" \/>\n<meta property=\"og:site_name\" content=\"Inti\" \/>\n<meta property=\"og:image\" content=\"https:\/\/i0.wp.com\/inti.hr\/wp-content\/uploads\/2022\/09\/KMB40-W-Y006.webp?fit=1600%2C1600&ssl=1\" \/>\n\t<meta property=\"og:image:width\" content=\"1600\" \/>\n\t<meta property=\"og:image:height\" content=\"1600\" \/>\n\t<meta property=\"og:image:type\" content=\"image\/webp\" \/>\n<meta name=\"twitter:card\" content=\"summary_large_image\" \/>\n<script type=\"application\/ld+json\" class=\"yoast-schema-graph\">{\"@context\":\"https:\/\/schema.org\",\"@graph\":[{\"@type\":\"WebPage\",\"@id\":\"https:\/\/inti.hr\/sr\/proizvod\/djecji-ormaric-sa-vjesalicom-za-odjecu\/\",\"url\":\"https:\/\/inti.hr\/sr\/proizvod\/djecji-ormaric-sa-vjesalicom-za-odjecu\/\",\"name\":\"Dje\u010dji ormari\u0107 sa vje\u0161alicom za odje\u0107u - Inti\",\"isPartOf\":{\"@id\":\"https:\/\/inti.hr\/sr\/#website\"},\"primaryImageOfPage\":{\"@id\":\"https:\/\/inti.hr\/sr\/proizvod\/djecji-ormaric-sa-vjesalicom-za-odjecu\/#primaryimage\"},\"image\":{\"@id\":\"https:\/\/inti.hr\/sr\/proizvod\/djecji-ormaric-sa-vjesalicom-za-odjecu\/#primaryimage\"},\"thumbnailUrl\":\"https:\/\/i0.wp.com\/inti.hr\/wp-content\/uploads\/2022\/09\/KMB40-W-Y006.webp?fit=1600%2C1600&ssl=1\",\"datePublished\":\"2022-09-21T08:59:32+00:00\",\"dateModified\":\"2022-09-21T08:59:32+00:00\",\"description\":\"Zahvaljuju\u0107i visini ormara prilago\u0111enoj djeci (cca. 108 cm), djeca tako\u0111er mogu sama organizirati svoju odje\u0107u. To \u0107e pomo\u0107i va\u0161em djetetu da razvije naviku odr\u017eavanja ku\u0107e urednom i \u010distom. Dje\u010dji ormar jedan je od bitnih namje\u0161taja u dje\u010djoj sobi - odje\u0107a, igra\u010dke, knjige i pli\u0161ane igra\u010dke mogu se dobro i uredno pospremiti. Sigurnost va\u0161eg djeteta je o\u010dito izuzetno va\u017ena kada se igra s ovom policom. Zaobljeni uglovi osiguravaju da dijete ne mo\u017ee udariti u policu. Prazna polica prakti\u010dki raste s va\u0161om bebom. Lako se mo\u017ee kombinirati s ostalim namje\u0161tajem i kasnije koristiti kao prostor za odlaganje u mladena\u010dkoj sobi.3 pretinca pru\u017eaju dovoljno prostora za odlaganje odje\u0107e va\u0161e bebe. Nakon bu\u0111enja mogu odmah prona\u0107i odje\u0107u koju \u017eele. S 3 kuke i 1 \u0161ipkom za odje\u0107u, ormar je svestrani talent i ostavlja dovoljno mjesta za \u0161e\u0161ire i ruksake.1 kutija za pohranjivanje od netkanog materijala tako\u0111er se mo\u017ee postaviti na pod po \u017eelji i \u010dak ozna\u010diti kako bi va\u0161e dijete uvijek moglo dobro sortirati stvari.\",\"breadcrumb\":{\"@id\":\"https:\/\/inti.hr\/sr\/proizvod\/djecji-ormaric-sa-vjesalicom-za-odjecu\/#breadcrumb\"},\"inLanguage\":\"sr-RS\",\"potentialAction\":[{\"@type\":\"ReadAction\",\"target\":[\"https:\/\/inti.hr\/sr\/proizvod\/djecji-ormaric-sa-vjesalicom-za-odjecu\/\"]}]},{\"@type\":\"ImageObject\",\"inLanguage\":\"sr-RS\",\"@id\":\"https:\/\/inti.hr\/sr\/proizvod\/djecji-ormaric-sa-vjesalicom-za-odjecu\/#primaryimage\",\"url\":\"https:\/\/i0.wp.com\/inti.hr\/wp-content\/uploads\/2022\/09\/KMB40-W-Y006.webp?fit=1600%2C1600&ssl=1\",\"contentUrl\":\"https:\/\/i0.wp.com\/inti.hr\/wp-content\/uploads\/2022\/09\/KMB40-W-Y006.webp?fit=1600%2C1600&ssl=1\",\"width\":1600,\"height\":1600,\"caption\":\"Dje\u010dji ormari\u0107 sa vje\u0161alicom za odje\u0107u\"},{\"@type\":\"BreadcrumbList\",\"@id\":\"https:\/\/inti.hr\/sr\/proizvod\/djecji-ormaric-sa-vjesalicom-za-odjecu\/#breadcrumb\",\"itemListElement\":[{\"@type\":\"ListItem\",\"position\":1,\"name\":\"Po\u010detna stranica\",\"item\":\"https:\/\/inti.hr\/sr\/\"},{\"@type\":\"ListItem\",\"position\":2,\"name\":\"Prodavnica\",\"item\":\"https:\/\/inti.hr\/sr\/prodavnica\/\"},{\"@type\":\"ListItem\",\"position\":3,\"name\":\"Dje\u010dji ormari\u0107 sa vje\u0161alicom za odje\u0107u\"}]},{\"@type\":\"WebSite\",\"@id\":\"https:\/\/inti.hr\/sr\/#website\",\"url\":\"https:\/\/inti.hr\/sr\/\",\"name\":\"Inti\",\"description\":\"trgovina\",\"potentialAction\":[{\"@type\":\"SearchAction\",\"target\":{\"@type\":\"EntryPoint\",\"urlTemplate\":\"https:\/\/inti.hr\/sr\/?s={search_term_string}\"},\"query-input\":{\"@type\":\"PropertyValueSpecification\",\"valueRequired\":true,\"valueName\":\"search_term_string\"}}],\"inLanguage\":\"sr-RS\"}]}<\/script>\n<!-- \/ Yoast SEO plugin. -->","yoast_head_json":{"title":"Dje\u010dji ormari\u0107 sa vje\u0161alicom za odje\u0107u - Inti","description":"Zahvaljuju\u0107i visini ormara prilago\u0111enoj djeci (cca. 108 cm), djeca tako\u0111er mogu sama organizirati svoju odje\u0107u. To \u0107e pomo\u0107i va\u0161em djetetu da razvije naviku odr\u017eavanja ku\u0107e urednom i \u010distom. Dje\u010dji ormar jedan je od bitnih namje\u0161taja u dje\u010djoj sobi - odje\u0107a, igra\u010dke, knjige i pli\u0161ane igra\u010dke mogu se dobro i uredno pospremiti. Sigurnost va\u0161eg djeteta je o\u010dito izuzetno va\u017ena kada se igra s ovom policom. Zaobljeni uglovi osiguravaju da dijete ne mo\u017ee udariti u policu. Prazna polica prakti\u010dki raste s va\u0161om bebom. Lako se mo\u017ee kombinirati s ostalim namje\u0161tajem i kasnije koristiti kao prostor za odlaganje u mladena\u010dkoj sobi.3 pretinca pru\u017eaju dovoljno prostora za odlaganje odje\u0107e va\u0161e bebe. Nakon bu\u0111enja mogu odmah prona\u0107i odje\u0107u koju \u017eele. S 3 kuke i 1 \u0161ipkom za odje\u0107u, ormar je svestrani talent i ostavlja dovoljno mjesta za \u0161e\u0161ire i ruksake.1 kutija za pohranjivanje od netkanog materijala tako\u0111er se mo\u017ee postaviti na pod po \u017eelji i \u010dak ozna\u010diti kako bi va\u0161e dijete uvijek moglo dobro sortirati stvari.","robots":{"index":"index","follow":"follow","max-snippet":"max-snippet:-1","max-image-preview":"max-image-preview:large","max-video-preview":"max-video-preview:-1"},"canonical":"https:\/\/inti.hr\/sr\/proizvod\/djecji-ormaric-sa-vjesalicom-za-odjecu\/","og_locale":"sr_RS","og_type":"article","og_title":"Dje\u010dji ormari\u0107 sa vje\u0161alicom za odje\u0107u - Inti","og_description":"Zahvaljuju\u0107i visini ormara prilago\u0111enoj djeci (cca. 108 cm), djeca tako\u0111er mogu sama organizirati svoju odje\u0107u. To \u0107e pomo\u0107i va\u0161em djetetu da razvije naviku odr\u017eavanja ku\u0107e urednom i \u010distom. Dje\u010dji ormar jedan je od bitnih namje\u0161taja u dje\u010djoj sobi - odje\u0107a, igra\u010dke, knjige i pli\u0161ane igra\u010dke mogu se dobro i uredno pospremiti. Sigurnost va\u0161eg djeteta je o\u010dito izuzetno va\u017ena kada se igra s ovom policom. Zaobljeni uglovi osiguravaju da dijete ne mo\u017ee udariti u policu. Prazna polica prakti\u010dki raste s va\u0161om bebom. Lako se mo\u017ee kombinirati s ostalim namje\u0161tajem i kasnije koristiti kao prostor za odlaganje u mladena\u010dkoj sobi.3 pretinca pru\u017eaju dovoljno prostora za odlaganje odje\u0107e va\u0161e bebe. Nakon bu\u0111enja mogu odmah prona\u0107i odje\u0107u koju \u017eele. S 3 kuke i 1 \u0161ipkom za odje\u0107u, ormar je svestrani talent i ostavlja dovoljno mjesta za \u0161e\u0161ire i ruksake.1 kutija za pohranjivanje od netkanog materijala tako\u0111er se mo\u017ee postaviti na pod po \u017eelji i \u010dak ozna\u010diti kako bi va\u0161e dijete uvijek moglo dobro sortirati stvari.","og_url":"https:\/\/inti.hr\/sr\/proizvod\/djecji-ormaric-sa-vjesalicom-za-odjecu\/","og_site_name":"Inti","og_image":[{"width":1600,"height":1600,"url":"https:\/\/i0.wp.com\/inti.hr\/wp-content\/uploads\/2022\/09\/KMB40-W-Y006.webp?fit=1600%2C1600&ssl=1","type":"image\/webp"}],"twitter_card":"summary_large_image","schema":{"@context":"https:\/\/schema.org","@graph":[{"@type":"WebPage","@id":"https:\/\/inti.hr\/sr\/proizvod\/djecji-ormaric-sa-vjesalicom-za-odjecu\/","url":"https:\/\/inti.hr\/sr\/proizvod\/djecji-ormaric-sa-vjesalicom-za-odjecu\/","name":"Dje\u010dji ormari\u0107 sa vje\u0161alicom za odje\u0107u - Inti","isPartOf":{"@id":"https:\/\/inti.hr\/sr\/#website"},"primaryImageOfPage":{"@id":"https:\/\/inti.hr\/sr\/proizvod\/djecji-ormaric-sa-vjesalicom-za-odjecu\/#primaryimage"},"image":{"@id":"https:\/\/inti.hr\/sr\/proizvod\/djecji-ormaric-sa-vjesalicom-za-odjecu\/#primaryimage"},"thumbnailUrl":"https:\/\/i0.wp.com\/inti.hr\/wp-content\/uploads\/2022\/09\/KMB40-W-Y006.webp?fit=1600%2C1600&ssl=1","datePublished":"2022-09-21T08:59:32+00:00","dateModified":"2022-09-21T08:59:32+00:00","description":"Zahvaljuju\u0107i visini ormara prilago\u0111enoj djeci (cca. 108 cm), djeca tako\u0111er mogu sama organizirati svoju odje\u0107u. To \u0107e pomo\u0107i va\u0161em djetetu da razvije naviku odr\u017eavanja ku\u0107e urednom i \u010distom. Dje\u010dji ormar jedan je od bitnih namje\u0161taja u dje\u010djoj sobi - odje\u0107a, igra\u010dke, knjige i pli\u0161ane igra\u010dke mogu se dobro i uredno pospremiti. Sigurnost va\u0161eg djeteta je o\u010dito izuzetno va\u017ena kada se igra s ovom policom. Zaobljeni uglovi osiguravaju da dijete ne mo\u017ee udariti u policu. Prazna polica prakti\u010dki raste s va\u0161om bebom. Lako se mo\u017ee kombinirati s ostalim namje\u0161tajem i kasnije koristiti kao prostor za odlaganje u mladena\u010dkoj sobi.3 pretinca pru\u017eaju dovoljno prostora za odlaganje odje\u0107e va\u0161e bebe. Nakon bu\u0111enja mogu odmah prona\u0107i odje\u0107u koju \u017eele. S 3 kuke i 1 \u0161ipkom za odje\u0107u, ormar je svestrani talent i ostavlja dovoljno mjesta za \u0161e\u0161ire i ruksake.1 kutija za pohranjivanje od netkanog materijala tako\u0111er se mo\u017ee postaviti na pod po \u017eelji i \u010dak ozna\u010diti kako bi va\u0161e dijete uvijek moglo dobro sortirati stvari.","breadcrumb":{"@id":"https:\/\/inti.hr\/sr\/proizvod\/djecji-ormaric-sa-vjesalicom-za-odjecu\/#breadcrumb"},"inLanguage":"sr-RS","potentialAction":[{"@type":"ReadAction","target":["https:\/\/inti.hr\/sr\/proizvod\/djecji-ormaric-sa-vjesalicom-za-odjecu\/"]}]},{"@type":"ImageObject","inLanguage":"sr-RS","@id":"https:\/\/inti.hr\/sr\/proizvod\/djecji-ormaric-sa-vjesalicom-za-odjecu\/#primaryimage","url":"https:\/\/i0.wp.com\/inti.hr\/wp-content\/uploads\/2022\/09\/KMB40-W-Y006.webp?fit=1600%2C1600&ssl=1","contentUrl":"https:\/\/i0.wp.com\/inti.hr\/wp-content\/uploads\/2022\/09\/KMB40-W-Y006.webp?fit=1600%2C1600&ssl=1","width":1600,"height":1600,"caption":"Dje\u010dji ormari\u0107 sa vje\u0161alicom za odje\u0107u"},{"@type":"BreadcrumbList","@id":"https:\/\/inti.hr\/sr\/proizvod\/djecji-ormaric-sa-vjesalicom-za-odjecu\/#breadcrumb","itemListElement":[{"@type":"ListItem","position":1,"name":"Po\u010detna stranica","item":"https:\/\/inti.hr\/sr\/"},{"@type":"ListItem","position":2,"name":"Prodavnica","item":"https:\/\/inti.hr\/sr\/prodavnica\/"},{"@type":"ListItem","position":3,"name":"Dje\u010dji ormari\u0107 sa vje\u0161alicom za odje\u0107u"}]},{"@type":"WebSite","@id":"https:\/\/inti.hr\/sr\/#website","url":"https:\/\/inti.hr\/sr\/","name":"Inti","description":"trgovina","potentialAction":[{"@type":"SearchAction","target":{"@type":"EntryPoint","urlTemplate":"https:\/\/inti.hr\/sr\/?s={search_term_string}"},"query-input":{"@type":"PropertyValueSpecification","valueRequired":true,"valueName":"search_term_string"}}],"inLanguage":"sr-RS"}]}},"jetpack_sharing_enabled":true,"jetpack-related-posts":[],"_links":{"self":[{"href":"https:\/\/inti.hr\/sr\/wp-json\/wp\/v2\/product\/36677"}],"collection":[{"href":"https:\/\/inti.hr\/sr\/wp-json\/wp\/v2\/product"}],"about":[{"href":"https:\/\/inti.hr\/sr\/wp-json\/wp\/v2\/types\/product"}],"wp:featuredmedia":[{"embeddable":true,"href":"https:\/\/inti.hr\/sr\/wp-json\/wp\/v2\/media\/36678"}],"wp:attachment":[{"href":"https:\/\/inti.hr\/sr\/wp-json\/wp\/v2\/media?parent=36677"}],"wp:term":[{"taxonomy":"product_cat","embeddable":true,"href":"https:\/\/inti.hr\/sr\/wp-json\/wp\/v2\/product_cat?post=36677"},{"taxonomy":"product_tag","embeddable":true,"href":"https:\/\/inti.hr\/sr\/wp-json\/wp\/v2\/product_tag?post=36677"}],"curies":[{"name":"wp","href":"https:\/\/api.w.org\/{rel}","templated":true}]}}