{"id":36681,"date":"2022-09-21T08:50:44","date_gmt":"2022-09-21T08:50:44","guid":{"rendered":"https:\/\/inti.hr\/product\/nocni-ormaric-za-spavacu-sobu\/"},"modified":"2022-09-21T08:50:44","modified_gmt":"2022-09-21T08:50:44","slug":"nocni-ormaric-za-spavacu-sobu","status":"publish","type":"product","link":"https:\/\/inti.hr\/sr\/proizvod\/nocni-ormaric-za-spavacu-sobu\/","title":{"rendered":"No\u0107ni ormari\u0107 za spava\u0107u sobu"},"content":{"rendered":"<p>Detalji proizvoda:<\/p>\n<p>&nbsp;<\/p>\n<ul>\n<li>Te\u017eina: 10,5 kg<\/li>\n<li>Nosivost: 50 kg<\/li>\n<li>Materijal: MDF (E1)<\/li>\n<li>Veli\u010dina proizvoda: 45x35x60cm<\/li>\n<li>Veli\u010dina pakiranja: 85x48x9cm<\/li>\n<\/ul>\n","protected":false},"excerpt":{"rendered":"<p>Sve osobne stvari koje bi trebale ostati skrivene od znati\u017eeljnih pogleda &#8230; <\/p>\n","protected":false},"featured_media":36682,"template":"","meta":[],"product_cat":[2416],"product_tag":[2676,3585,2677],"yoast_head":"<!-- This site is optimized with the Yoast SEO plugin v23.7 - https:\/\/yoast.com\/wordpress\/plugins\/seo\/ -->\n<title>No\u0107ni ormari\u0107 za spava\u0107u sobu - Inti<\/title>\n<meta name=\"description\" content=\"Sve osobne stvari koje bi trebale ostati skrivene od znati\u017eeljnih pogleda mogu se pospremiti iza vrata no\u0107nog ormari\u0107a. Tako\u0111er mo\u017eete jednostavno ukloniti policu za smje\u0161taj ve\u0107ih predmeta. Zahvaljuju\u0107i maloj povr\u0161ini, no\u0107ni ormari\u0107 \u0161tedi prostor, a pristaje i u uske kutove i ni\u0161e. Idealan je i kao pomo\u0107ni ormari\u0107 u dnevnoj sobi ili kao telefonski ormari\u0107 u hodniku.1 otvoreni pretinac nudi idealan prostor za spremanje ostalih sitnica. Be\u017e no\u0107ni ormari\u0107 daje udobnost i toplinu. Uklju\u010duju\u0107i za\u0161titu poda. Nema vi\u0161e straha od izgrebanih podova! Koristite tanjur za no\u0107nu lampu, fotografije, ukrasne predmete itd. Svijetle, glatke povr\u0161ine lako se \u010diste i stvaraju ugodno okru\u017eenje. S dobro izra\u0111enom strukturom, ovaj elegantni no\u0107ni ormari\u0107 ne\u0107e se klimati, \u0161to osigurava njegovu izdr\u017eljivost i \u010dvrsto\u0107u.\" \/>\n<meta name=\"robots\" content=\"index, follow, max-snippet:-1, max-image-preview:large, max-video-preview:-1\" \/>\n<link rel=\"canonical\" href=\"https:\/\/inti.hr\/sr\/proizvod\/nocni-ormaric-za-spavacu-sobu\/\" \/>\n<meta property=\"og:locale\" content=\"sr_RS\" \/>\n<meta property=\"og:type\" content=\"article\" \/>\n<meta property=\"og:title\" content=\"No\u0107ni ormari\u0107 za spava\u0107u sobu - Inti\" \/>\n<meta property=\"og:description\" content=\"Sve osobne stvari koje bi trebale ostati skrivene od znati\u017eeljnih pogleda mogu se pospremiti iza vrata no\u0107nog ormari\u0107a. Tako\u0111er mo\u017eete jednostavno ukloniti policu za smje\u0161taj ve\u0107ih predmeta. Zahvaljuju\u0107i maloj povr\u0161ini, no\u0107ni ormari\u0107 \u0161tedi prostor, a pristaje i u uske kutove i ni\u0161e. Idealan je i kao pomo\u0107ni ormari\u0107 u dnevnoj sobi ili kao telefonski ormari\u0107 u hodniku.1 otvoreni pretinac nudi idealan prostor za spremanje ostalih sitnica. Be\u017e no\u0107ni ormari\u0107 daje udobnost i toplinu. Uklju\u010duju\u0107i za\u0161titu poda. Nema vi\u0161e straha od izgrebanih podova! Koristite tanjur za no\u0107nu lampu, fotografije, ukrasne predmete itd. Svijetle, glatke povr\u0161ine lako se \u010diste i stvaraju ugodno okru\u017eenje. S dobro izra\u0111enom strukturom, ovaj elegantni no\u0107ni ormari\u0107 ne\u0107e se klimati, \u0161to osigurava njegovu izdr\u017eljivost i \u010dvrsto\u0107u.\" \/>\n<meta property=\"og:url\" content=\"https:\/\/inti.hr\/sr\/proizvod\/nocni-ormaric-za-spavacu-sobu\/\" \/>\n<meta property=\"og:site_name\" content=\"Inti\" \/>\n<meta property=\"og:image\" content=\"https:\/\/i0.wp.com\/inti.hr\/wp-content\/uploads\/2022\/09\/FBT113-MI-Y002.webp?fit=1600%2C1600&ssl=1\" \/>\n\t<meta property=\"og:image:width\" content=\"1600\" \/>\n\t<meta property=\"og:image:height\" content=\"1600\" \/>\n\t<meta property=\"og:image:type\" content=\"image\/webp\" \/>\n<meta name=\"twitter:card\" content=\"summary_large_image\" \/>\n<script type=\"application\/ld+json\" class=\"yoast-schema-graph\">{\"@context\":\"https:\/\/schema.org\",\"@graph\":[{\"@type\":\"WebPage\",\"@id\":\"https:\/\/inti.hr\/sr\/proizvod\/nocni-ormaric-za-spavacu-sobu\/\",\"url\":\"https:\/\/inti.hr\/sr\/proizvod\/nocni-ormaric-za-spavacu-sobu\/\",\"name\":\"No\u0107ni ormari\u0107 za spava\u0107u sobu - Inti\",\"isPartOf\":{\"@id\":\"https:\/\/inti.hr\/sr\/#website\"},\"primaryImageOfPage\":{\"@id\":\"https:\/\/inti.hr\/sr\/proizvod\/nocni-ormaric-za-spavacu-sobu\/#primaryimage\"},\"image\":{\"@id\":\"https:\/\/inti.hr\/sr\/proizvod\/nocni-ormaric-za-spavacu-sobu\/#primaryimage\"},\"thumbnailUrl\":\"https:\/\/i0.wp.com\/inti.hr\/wp-content\/uploads\/2022\/09\/FBT113-MI-Y002.webp?fit=1600%2C1600&ssl=1\",\"datePublished\":\"2022-09-21T08:50:44+00:00\",\"dateModified\":\"2022-09-21T08:50:44+00:00\",\"description\":\"Sve osobne stvari koje bi trebale ostati skrivene od znati\u017eeljnih pogleda mogu se pospremiti iza vrata no\u0107nog ormari\u0107a. Tako\u0111er mo\u017eete jednostavno ukloniti policu za smje\u0161taj ve\u0107ih predmeta. Zahvaljuju\u0107i maloj povr\u0161ini, no\u0107ni ormari\u0107 \u0161tedi prostor, a pristaje i u uske kutove i ni\u0161e. Idealan je i kao pomo\u0107ni ormari\u0107 u dnevnoj sobi ili kao telefonski ormari\u0107 u hodniku.1 otvoreni pretinac nudi idealan prostor za spremanje ostalih sitnica. Be\u017e no\u0107ni ormari\u0107 daje udobnost i toplinu. Uklju\u010duju\u0107i za\u0161titu poda. Nema vi\u0161e straha od izgrebanih podova! Koristite tanjur za no\u0107nu lampu, fotografije, ukrasne predmete itd. Svijetle, glatke povr\u0161ine lako se \u010diste i stvaraju ugodno okru\u017eenje. S dobro izra\u0111enom strukturom, ovaj elegantni no\u0107ni ormari\u0107 ne\u0107e se klimati, \u0161to osigurava njegovu izdr\u017eljivost i \u010dvrsto\u0107u.\",\"breadcrumb\":{\"@id\":\"https:\/\/inti.hr\/sr\/proizvod\/nocni-ormaric-za-spavacu-sobu\/#breadcrumb\"},\"inLanguage\":\"sr-RS\",\"potentialAction\":[{\"@type\":\"ReadAction\",\"target\":[\"https:\/\/inti.hr\/sr\/proizvod\/nocni-ormaric-za-spavacu-sobu\/\"]}]},{\"@type\":\"ImageObject\",\"inLanguage\":\"sr-RS\",\"@id\":\"https:\/\/inti.hr\/sr\/proizvod\/nocni-ormaric-za-spavacu-sobu\/#primaryimage\",\"url\":\"https:\/\/i0.wp.com\/inti.hr\/wp-content\/uploads\/2022\/09\/FBT113-MI-Y002.webp?fit=1600%2C1600&ssl=1\",\"contentUrl\":\"https:\/\/i0.wp.com\/inti.hr\/wp-content\/uploads\/2022\/09\/FBT113-MI-Y002.webp?fit=1600%2C1600&ssl=1\",\"width\":1600,\"height\":1600},{\"@type\":\"BreadcrumbList\",\"@id\":\"https:\/\/inti.hr\/sr\/proizvod\/nocni-ormaric-za-spavacu-sobu\/#breadcrumb\",\"itemListElement\":[{\"@type\":\"ListItem\",\"position\":1,\"name\":\"Po\u010detna stranica\",\"item\":\"https:\/\/inti.hr\/sr\/\"},{\"@type\":\"ListItem\",\"position\":2,\"name\":\"Prodavnica\",\"item\":\"https:\/\/inti.hr\/sr\/prodavnica\/\"},{\"@type\":\"ListItem\",\"position\":3,\"name\":\"No\u0107ni ormari\u0107 za spava\u0107u sobu\"}]},{\"@type\":\"WebSite\",\"@id\":\"https:\/\/inti.hr\/sr\/#website\",\"url\":\"https:\/\/inti.hr\/sr\/\",\"name\":\"Inti\",\"description\":\"trgovina\",\"potentialAction\":[{\"@type\":\"SearchAction\",\"target\":{\"@type\":\"EntryPoint\",\"urlTemplate\":\"https:\/\/inti.hr\/sr\/?s={search_term_string}\"},\"query-input\":{\"@type\":\"PropertyValueSpecification\",\"valueRequired\":true,\"valueName\":\"search_term_string\"}}],\"inLanguage\":\"sr-RS\"}]}<\/script>\n<!-- \/ Yoast SEO plugin. -->","yoast_head_json":{"title":"No\u0107ni ormari\u0107 za spava\u0107u sobu - Inti","description":"Sve osobne stvari koje bi trebale ostati skrivene od znati\u017eeljnih pogleda mogu se pospremiti iza vrata no\u0107nog ormari\u0107a. Tako\u0111er mo\u017eete jednostavno ukloniti policu za smje\u0161taj ve\u0107ih predmeta. Zahvaljuju\u0107i maloj povr\u0161ini, no\u0107ni ormari\u0107 \u0161tedi prostor, a pristaje i u uske kutove i ni\u0161e. Idealan je i kao pomo\u0107ni ormari\u0107 u dnevnoj sobi ili kao telefonski ormari\u0107 u hodniku.1 otvoreni pretinac nudi idealan prostor za spremanje ostalih sitnica. Be\u017e no\u0107ni ormari\u0107 daje udobnost i toplinu. Uklju\u010duju\u0107i za\u0161titu poda. Nema vi\u0161e straha od izgrebanih podova! Koristite tanjur za no\u0107nu lampu, fotografije, ukrasne predmete itd. Svijetle, glatke povr\u0161ine lako se \u010diste i stvaraju ugodno okru\u017eenje. S dobro izra\u0111enom strukturom, ovaj elegantni no\u0107ni ormari\u0107 ne\u0107e se klimati, \u0161to osigurava njegovu izdr\u017eljivost i \u010dvrsto\u0107u.","robots":{"index":"index","follow":"follow","max-snippet":"max-snippet:-1","max-image-preview":"max-image-preview:large","max-video-preview":"max-video-preview:-1"},"canonical":"https:\/\/inti.hr\/sr\/proizvod\/nocni-ormaric-za-spavacu-sobu\/","og_locale":"sr_RS","og_type":"article","og_title":"No\u0107ni ormari\u0107 za spava\u0107u sobu - Inti","og_description":"Sve osobne stvari koje bi trebale ostati skrivene od znati\u017eeljnih pogleda mogu se pospremiti iza vrata no\u0107nog ormari\u0107a. Tako\u0111er mo\u017eete jednostavno ukloniti policu za smje\u0161taj ve\u0107ih predmeta. Zahvaljuju\u0107i maloj povr\u0161ini, no\u0107ni ormari\u0107 \u0161tedi prostor, a pristaje i u uske kutove i ni\u0161e. Idealan je i kao pomo\u0107ni ormari\u0107 u dnevnoj sobi ili kao telefonski ormari\u0107 u hodniku.1 otvoreni pretinac nudi idealan prostor za spremanje ostalih sitnica. Be\u017e no\u0107ni ormari\u0107 daje udobnost i toplinu. Uklju\u010duju\u0107i za\u0161titu poda. Nema vi\u0161e straha od izgrebanih podova! Koristite tanjur za no\u0107nu lampu, fotografije, ukrasne predmete itd. Svijetle, glatke povr\u0161ine lako se \u010diste i stvaraju ugodno okru\u017eenje. S dobro izra\u0111enom strukturom, ovaj elegantni no\u0107ni ormari\u0107 ne\u0107e se klimati, \u0161to osigurava njegovu izdr\u017eljivost i \u010dvrsto\u0107u.","og_url":"https:\/\/inti.hr\/sr\/proizvod\/nocni-ormaric-za-spavacu-sobu\/","og_site_name":"Inti","og_image":[{"width":1600,"height":1600,"url":"https:\/\/i0.wp.com\/inti.hr\/wp-content\/uploads\/2022\/09\/FBT113-MI-Y002.webp?fit=1600%2C1600&ssl=1","type":"image\/webp"}],"twitter_card":"summary_large_image","schema":{"@context":"https:\/\/schema.org","@graph":[{"@type":"WebPage","@id":"https:\/\/inti.hr\/sr\/proizvod\/nocni-ormaric-za-spavacu-sobu\/","url":"https:\/\/inti.hr\/sr\/proizvod\/nocni-ormaric-za-spavacu-sobu\/","name":"No\u0107ni ormari\u0107 za spava\u0107u sobu - Inti","isPartOf":{"@id":"https:\/\/inti.hr\/sr\/#website"},"primaryImageOfPage":{"@id":"https:\/\/inti.hr\/sr\/proizvod\/nocni-ormaric-za-spavacu-sobu\/#primaryimage"},"image":{"@id":"https:\/\/inti.hr\/sr\/proizvod\/nocni-ormaric-za-spavacu-sobu\/#primaryimage"},"thumbnailUrl":"https:\/\/i0.wp.com\/inti.hr\/wp-content\/uploads\/2022\/09\/FBT113-MI-Y002.webp?fit=1600%2C1600&ssl=1","datePublished":"2022-09-21T08:50:44+00:00","dateModified":"2022-09-21T08:50:44+00:00","description":"Sve osobne stvari koje bi trebale ostati skrivene od znati\u017eeljnih pogleda mogu se pospremiti iza vrata no\u0107nog ormari\u0107a. Tako\u0111er mo\u017eete jednostavno ukloniti policu za smje\u0161taj ve\u0107ih predmeta. Zahvaljuju\u0107i maloj povr\u0161ini, no\u0107ni ormari\u0107 \u0161tedi prostor, a pristaje i u uske kutove i ni\u0161e. Idealan je i kao pomo\u0107ni ormari\u0107 u dnevnoj sobi ili kao telefonski ormari\u0107 u hodniku.1 otvoreni pretinac nudi idealan prostor za spremanje ostalih sitnica. Be\u017e no\u0107ni ormari\u0107 daje udobnost i toplinu. Uklju\u010duju\u0107i za\u0161titu poda. Nema vi\u0161e straha od izgrebanih podova! Koristite tanjur za no\u0107nu lampu, fotografije, ukrasne predmete itd. Svijetle, glatke povr\u0161ine lako se \u010diste i stvaraju ugodno okru\u017eenje. S dobro izra\u0111enom strukturom, ovaj elegantni no\u0107ni ormari\u0107 ne\u0107e se klimati, \u0161to osigurava njegovu izdr\u017eljivost i \u010dvrsto\u0107u.","breadcrumb":{"@id":"https:\/\/inti.hr\/sr\/proizvod\/nocni-ormaric-za-spavacu-sobu\/#breadcrumb"},"inLanguage":"sr-RS","potentialAction":[{"@type":"ReadAction","target":["https:\/\/inti.hr\/sr\/proizvod\/nocni-ormaric-za-spavacu-sobu\/"]}]},{"@type":"ImageObject","inLanguage":"sr-RS","@id":"https:\/\/inti.hr\/sr\/proizvod\/nocni-ormaric-za-spavacu-sobu\/#primaryimage","url":"https:\/\/i0.wp.com\/inti.hr\/wp-content\/uploads\/2022\/09\/FBT113-MI-Y002.webp?fit=1600%2C1600&ssl=1","contentUrl":"https:\/\/i0.wp.com\/inti.hr\/wp-content\/uploads\/2022\/09\/FBT113-MI-Y002.webp?fit=1600%2C1600&ssl=1","width":1600,"height":1600},{"@type":"BreadcrumbList","@id":"https:\/\/inti.hr\/sr\/proizvod\/nocni-ormaric-za-spavacu-sobu\/#breadcrumb","itemListElement":[{"@type":"ListItem","position":1,"name":"Po\u010detna stranica","item":"https:\/\/inti.hr\/sr\/"},{"@type":"ListItem","position":2,"name":"Prodavnica","item":"https:\/\/inti.hr\/sr\/prodavnica\/"},{"@type":"ListItem","position":3,"name":"No\u0107ni ormari\u0107 za spava\u0107u sobu"}]},{"@type":"WebSite","@id":"https:\/\/inti.hr\/sr\/#website","url":"https:\/\/inti.hr\/sr\/","name":"Inti","description":"trgovina","potentialAction":[{"@type":"SearchAction","target":{"@type":"EntryPoint","urlTemplate":"https:\/\/inti.hr\/sr\/?s={search_term_string}"},"query-input":{"@type":"PropertyValueSpecification","valueRequired":true,"valueName":"search_term_string"}}],"inLanguage":"sr-RS"}]}},"jetpack_sharing_enabled":true,"jetpack-related-posts":[],"_links":{"self":[{"href":"https:\/\/inti.hr\/sr\/wp-json\/wp\/v2\/product\/36681"}],"collection":[{"href":"https:\/\/inti.hr\/sr\/wp-json\/wp\/v2\/product"}],"about":[{"href":"https:\/\/inti.hr\/sr\/wp-json\/wp\/v2\/types\/product"}],"wp:featuredmedia":[{"embeddable":true,"href":"https:\/\/inti.hr\/sr\/wp-json\/wp\/v2\/media\/36682"}],"wp:attachment":[{"href":"https:\/\/inti.hr\/sr\/wp-json\/wp\/v2\/media?parent=36681"}],"wp:term":[{"taxonomy":"product_cat","embeddable":true,"href":"https:\/\/inti.hr\/sr\/wp-json\/wp\/v2\/product_cat?post=36681"},{"taxonomy":"product_tag","embeddable":true,"href":"https:\/\/inti.hr\/sr\/wp-json\/wp\/v2\/product_tag?post=36681"}],"curies":[{"name":"wp","href":"https:\/\/api.w.org\/{rel}","templated":true}]}}