{"id":36685,"date":"2022-09-21T08:39:09","date_gmt":"2022-09-21T08:39:09","guid":{"rendered":"https:\/\/inti.hr\/product\/klupa-sa-sjedalom-chia\/"},"modified":"2022-09-21T08:39:09","modified_gmt":"2022-09-21T08:39:09","slug":"klupa-sa-sjedalom-chia","status":"publish","type":"product","link":"https:\/\/inti.hr\/sr\/proizvod\/klupa-sa-sjedalom-chia\/","title":{"rendered":"Klupa sa sjedalom CHIA"},"content":{"rendered":"<p>Detalji proizvoda:<\/p>\n<ul>\n<li>Te\u017eina: 18 kg<\/li>\n<li>Nosivost: 150 kg<\/li>\n<li>Materijal: MDF (E1), metal, bambus<\/li>\n<li>Veli\u010dina proizvoda: 85x37x49cm (vidi sliku)<\/li>\n<li>Dimenzije paketa: 93x44x20cm<\/li>\n<\/ul>\n","protected":false},"excerpt":{"rendered":"<p>Voljet \u0107ete do\u0107i ku\u0107i gdje ne morate brinuti o neredu.\u00a0Prakti\u010dan ormari\u0107 &#8230; <\/p>\n","protected":false},"featured_media":36686,"template":"","meta":[],"product_cat":[2635],"product_tag":[2636,4897,2640],"yoast_head":"<!-- This site is optimized with the Yoast SEO plugin v23.7 - https:\/\/yoast.com\/wordpress\/plugins\/seo\/ -->\n<title>Klupa sa sjedalom CHIA - Inti<\/title>\n<meta name=\"description\" content=\"Voljet \u0107ete do\u0107i ku\u0107i gdje ne morate brinuti o neredu. Prakti\u010dan ormari\u0107 za cipele \u010desto je ve\u0107i luksuz nego imati mnogo lijepih cipela. Zahvaljuju\u0107i maloj veli\u010dini, idealan je za hodnike, walk-in ormare, pa \u010dak i spava\u0107e sobe. Dobro osmi\u0161ljena konstrukcija i visokokvalitetni materijali \u010dine ovaj ormari\u0107 za cipele \u010dvrstim i izdr\u017eljivim. Povr\u0161ina je otporna na ogrebotine i lako se \u010disti. Koristite samo vla\u017enu krpu. Bez ladica i ru\u010dki na vratima ostavlja dojam reda. Svojim izgledom ovaj ormar privla\u010di sva\u010diju pa\u017enju, bilo da se nalazi u hodniku, dnevnoj ili spava\u0107oj sobi. Ova klupa za cipele ima mekani \u017euti jastuk za sjedenje od PU ko\u017ee. Na njega se mo\u017ee staviti i lijepi jastuk: osim obuvanja i izuvanja, mo\u017eete se jednostavno opustiti nakon svakodnevice. Dvoja klizna vrata \u0161tite od pra\u0161ine. Dvije police iza njega se mogu podesiti na tri visine, tako da u ovaj ormari\u0107 za cipele mo\u017eete pohraniti razli\u010dite cipele i predmete. Peta noga u sredini ormari\u0107a \u010dini ovaj komad namje\u0161taja jo\u0161 stabilnijim. I dalje \u0107e obavljati svoju funkciju \u010dak i nakon dugo vremena.Ve\u0107ina robota za \u010di\u0161\u0107enje mo\u017ee dolaziti i odlaziti kad ho\u0107e jer su noge visoke 10 cm.\" \/>\n<meta name=\"robots\" content=\"index, follow, max-snippet:-1, max-image-preview:large, max-video-preview:-1\" \/>\n<link rel=\"canonical\" href=\"https:\/\/inti.hr\/sr\/proizvod\/klupa-sa-sjedalom-chia\/\" \/>\n<meta property=\"og:locale\" content=\"sr_RS\" \/>\n<meta property=\"og:type\" content=\"article\" \/>\n<meta property=\"og:title\" content=\"Klupa sa sjedalom CHIA - Inti\" \/>\n<meta property=\"og:description\" content=\"Voljet \u0107ete do\u0107i ku\u0107i gdje ne morate brinuti o neredu. Prakti\u010dan ormari\u0107 za cipele \u010desto je ve\u0107i luksuz nego imati mnogo lijepih cipela. Zahvaljuju\u0107i maloj veli\u010dini, idealan je za hodnike, walk-in ormare, pa \u010dak i spava\u0107e sobe. Dobro osmi\u0161ljena konstrukcija i visokokvalitetni materijali \u010dine ovaj ormari\u0107 za cipele \u010dvrstim i izdr\u017eljivim. Povr\u0161ina je otporna na ogrebotine i lako se \u010disti. Koristite samo vla\u017enu krpu. Bez ladica i ru\u010dki na vratima ostavlja dojam reda. Svojim izgledom ovaj ormar privla\u010di sva\u010diju pa\u017enju, bilo da se nalazi u hodniku, dnevnoj ili spava\u0107oj sobi. Ova klupa za cipele ima mekani \u017euti jastuk za sjedenje od PU ko\u017ee. Na njega se mo\u017ee staviti i lijepi jastuk: osim obuvanja i izuvanja, mo\u017eete se jednostavno opustiti nakon svakodnevice. Dvoja klizna vrata \u0161tite od pra\u0161ine. Dvije police iza njega se mogu podesiti na tri visine, tako da u ovaj ormari\u0107 za cipele mo\u017eete pohraniti razli\u010dite cipele i predmete. Peta noga u sredini ormari\u0107a \u010dini ovaj komad namje\u0161taja jo\u0161 stabilnijim. I dalje \u0107e obavljati svoju funkciju \u010dak i nakon dugo vremena.Ve\u0107ina robota za \u010di\u0161\u0107enje mo\u017ee dolaziti i odlaziti kad ho\u0107e jer su noge visoke 10 cm.\" \/>\n<meta property=\"og:url\" content=\"https:\/\/inti.hr\/sr\/proizvod\/klupa-sa-sjedalom-chia\/\" \/>\n<meta property=\"og:site_name\" content=\"Inti\" \/>\n<meta property=\"og:image\" content=\"https:\/\/i0.wp.com\/inti.hr\/wp-content\/uploads\/2022\/09\/FSR116-W-Y008.webp?fit=1600%2C1600&ssl=1\" \/>\n\t<meta property=\"og:image:width\" content=\"1600\" \/>\n\t<meta property=\"og:image:height\" content=\"1600\" \/>\n\t<meta property=\"og:image:type\" content=\"image\/webp\" \/>\n<meta name=\"twitter:card\" content=\"summary_large_image\" \/>\n<script type=\"application\/ld+json\" class=\"yoast-schema-graph\">{\"@context\":\"https:\/\/schema.org\",\"@graph\":[{\"@type\":\"WebPage\",\"@id\":\"https:\/\/inti.hr\/sr\/proizvod\/klupa-sa-sjedalom-chia\/\",\"url\":\"https:\/\/inti.hr\/sr\/proizvod\/klupa-sa-sjedalom-chia\/\",\"name\":\"Klupa sa sjedalom CHIA - Inti\",\"isPartOf\":{\"@id\":\"https:\/\/inti.hr\/sr\/#website\"},\"primaryImageOfPage\":{\"@id\":\"https:\/\/inti.hr\/sr\/proizvod\/klupa-sa-sjedalom-chia\/#primaryimage\"},\"image\":{\"@id\":\"https:\/\/inti.hr\/sr\/proizvod\/klupa-sa-sjedalom-chia\/#primaryimage\"},\"thumbnailUrl\":\"https:\/\/i0.wp.com\/inti.hr\/wp-content\/uploads\/2022\/09\/FSR116-W-Y008.webp?fit=1600%2C1600&ssl=1\",\"datePublished\":\"2022-09-21T08:39:09+00:00\",\"dateModified\":\"2022-09-21T08:39:09+00:00\",\"description\":\"Voljet \u0107ete do\u0107i ku\u0107i gdje ne morate brinuti o neredu. Prakti\u010dan ormari\u0107 za cipele \u010desto je ve\u0107i luksuz nego imati mnogo lijepih cipela. Zahvaljuju\u0107i maloj veli\u010dini, idealan je za hodnike, walk-in ormare, pa \u010dak i spava\u0107e sobe. Dobro osmi\u0161ljena konstrukcija i visokokvalitetni materijali \u010dine ovaj ormari\u0107 za cipele \u010dvrstim i izdr\u017eljivim. Povr\u0161ina je otporna na ogrebotine i lako se \u010disti. Koristite samo vla\u017enu krpu. Bez ladica i ru\u010dki na vratima ostavlja dojam reda. Svojim izgledom ovaj ormar privla\u010di sva\u010diju pa\u017enju, bilo da se nalazi u hodniku, dnevnoj ili spava\u0107oj sobi. Ova klupa za cipele ima mekani \u017euti jastuk za sjedenje od PU ko\u017ee. Na njega se mo\u017ee staviti i lijepi jastuk: osim obuvanja i izuvanja, mo\u017eete se jednostavno opustiti nakon svakodnevice. Dvoja klizna vrata \u0161tite od pra\u0161ine. Dvije police iza njega se mogu podesiti na tri visine, tako da u ovaj ormari\u0107 za cipele mo\u017eete pohraniti razli\u010dite cipele i predmete. Peta noga u sredini ormari\u0107a \u010dini ovaj komad namje\u0161taja jo\u0161 stabilnijim. I dalje \u0107e obavljati svoju funkciju \u010dak i nakon dugo vremena.Ve\u0107ina robota za \u010di\u0161\u0107enje mo\u017ee dolaziti i odlaziti kad ho\u0107e jer su noge visoke 10 cm.\",\"breadcrumb\":{\"@id\":\"https:\/\/inti.hr\/sr\/proizvod\/klupa-sa-sjedalom-chia\/#breadcrumb\"},\"inLanguage\":\"sr-RS\",\"potentialAction\":[{\"@type\":\"ReadAction\",\"target\":[\"https:\/\/inti.hr\/sr\/proizvod\/klupa-sa-sjedalom-chia\/\"]}]},{\"@type\":\"ImageObject\",\"inLanguage\":\"sr-RS\",\"@id\":\"https:\/\/inti.hr\/sr\/proizvod\/klupa-sa-sjedalom-chia\/#primaryimage\",\"url\":\"https:\/\/i0.wp.com\/inti.hr\/wp-content\/uploads\/2022\/09\/FSR116-W-Y008.webp?fit=1600%2C1600&ssl=1\",\"contentUrl\":\"https:\/\/i0.wp.com\/inti.hr\/wp-content\/uploads\/2022\/09\/FSR116-W-Y008.webp?fit=1600%2C1600&ssl=1\",\"width\":1600,\"height\":1600},{\"@type\":\"BreadcrumbList\",\"@id\":\"https:\/\/inti.hr\/sr\/proizvod\/klupa-sa-sjedalom-chia\/#breadcrumb\",\"itemListElement\":[{\"@type\":\"ListItem\",\"position\":1,\"name\":\"Po\u010detna stranica\",\"item\":\"https:\/\/inti.hr\/sr\/\"},{\"@type\":\"ListItem\",\"position\":2,\"name\":\"Prodavnica\",\"item\":\"https:\/\/inti.hr\/sr\/prodavnica\/\"},{\"@type\":\"ListItem\",\"position\":3,\"name\":\"Klupa sa sjedalom CHIA\"}]},{\"@type\":\"WebSite\",\"@id\":\"https:\/\/inti.hr\/sr\/#website\",\"url\":\"https:\/\/inti.hr\/sr\/\",\"name\":\"Inti\",\"description\":\"trgovina\",\"potentialAction\":[{\"@type\":\"SearchAction\",\"target\":{\"@type\":\"EntryPoint\",\"urlTemplate\":\"https:\/\/inti.hr\/sr\/?s={search_term_string}\"},\"query-input\":{\"@type\":\"PropertyValueSpecification\",\"valueRequired\":true,\"valueName\":\"search_term_string\"}}],\"inLanguage\":\"sr-RS\"}]}<\/script>\n<!-- \/ Yoast SEO plugin. -->","yoast_head_json":{"title":"Klupa sa sjedalom CHIA - Inti","description":"Voljet \u0107ete do\u0107i ku\u0107i gdje ne morate brinuti o neredu. Prakti\u010dan ormari\u0107 za cipele \u010desto je ve\u0107i luksuz nego imati mnogo lijepih cipela. Zahvaljuju\u0107i maloj veli\u010dini, idealan je za hodnike, walk-in ormare, pa \u010dak i spava\u0107e sobe. Dobro osmi\u0161ljena konstrukcija i visokokvalitetni materijali \u010dine ovaj ormari\u0107 za cipele \u010dvrstim i izdr\u017eljivim. Povr\u0161ina je otporna na ogrebotine i lako se \u010disti. Koristite samo vla\u017enu krpu. Bez ladica i ru\u010dki na vratima ostavlja dojam reda. Svojim izgledom ovaj ormar privla\u010di sva\u010diju pa\u017enju, bilo da se nalazi u hodniku, dnevnoj ili spava\u0107oj sobi. Ova klupa za cipele ima mekani \u017euti jastuk za sjedenje od PU ko\u017ee. Na njega se mo\u017ee staviti i lijepi jastuk: osim obuvanja i izuvanja, mo\u017eete se jednostavno opustiti nakon svakodnevice. Dvoja klizna vrata \u0161tite od pra\u0161ine. Dvije police iza njega se mogu podesiti na tri visine, tako da u ovaj ormari\u0107 za cipele mo\u017eete pohraniti razli\u010dite cipele i predmete. Peta noga u sredini ormari\u0107a \u010dini ovaj komad namje\u0161taja jo\u0161 stabilnijim. I dalje \u0107e obavljati svoju funkciju \u010dak i nakon dugo vremena.Ve\u0107ina robota za \u010di\u0161\u0107enje mo\u017ee dolaziti i odlaziti kad ho\u0107e jer su noge visoke 10 cm.","robots":{"index":"index","follow":"follow","max-snippet":"max-snippet:-1","max-image-preview":"max-image-preview:large","max-video-preview":"max-video-preview:-1"},"canonical":"https:\/\/inti.hr\/sr\/proizvod\/klupa-sa-sjedalom-chia\/","og_locale":"sr_RS","og_type":"article","og_title":"Klupa sa sjedalom CHIA - Inti","og_description":"Voljet \u0107ete do\u0107i ku\u0107i gdje ne morate brinuti o neredu. Prakti\u010dan ormari\u0107 za cipele \u010desto je ve\u0107i luksuz nego imati mnogo lijepih cipela. Zahvaljuju\u0107i maloj veli\u010dini, idealan je za hodnike, walk-in ormare, pa \u010dak i spava\u0107e sobe. Dobro osmi\u0161ljena konstrukcija i visokokvalitetni materijali \u010dine ovaj ormari\u0107 za cipele \u010dvrstim i izdr\u017eljivim. Povr\u0161ina je otporna na ogrebotine i lako se \u010disti. Koristite samo vla\u017enu krpu. Bez ladica i ru\u010dki na vratima ostavlja dojam reda. Svojim izgledom ovaj ormar privla\u010di sva\u010diju pa\u017enju, bilo da se nalazi u hodniku, dnevnoj ili spava\u0107oj sobi. Ova klupa za cipele ima mekani \u017euti jastuk za sjedenje od PU ko\u017ee. Na njega se mo\u017ee staviti i lijepi jastuk: osim obuvanja i izuvanja, mo\u017eete se jednostavno opustiti nakon svakodnevice. Dvoja klizna vrata \u0161tite od pra\u0161ine. Dvije police iza njega se mogu podesiti na tri visine, tako da u ovaj ormari\u0107 za cipele mo\u017eete pohraniti razli\u010dite cipele i predmete. Peta noga u sredini ormari\u0107a \u010dini ovaj komad namje\u0161taja jo\u0161 stabilnijim. I dalje \u0107e obavljati svoju funkciju \u010dak i nakon dugo vremena.Ve\u0107ina robota za \u010di\u0161\u0107enje mo\u017ee dolaziti i odlaziti kad ho\u0107e jer su noge visoke 10 cm.","og_url":"https:\/\/inti.hr\/sr\/proizvod\/klupa-sa-sjedalom-chia\/","og_site_name":"Inti","og_image":[{"width":1600,"height":1600,"url":"https:\/\/i0.wp.com\/inti.hr\/wp-content\/uploads\/2022\/09\/FSR116-W-Y008.webp?fit=1600%2C1600&ssl=1","type":"image\/webp"}],"twitter_card":"summary_large_image","schema":{"@context":"https:\/\/schema.org","@graph":[{"@type":"WebPage","@id":"https:\/\/inti.hr\/sr\/proizvod\/klupa-sa-sjedalom-chia\/","url":"https:\/\/inti.hr\/sr\/proizvod\/klupa-sa-sjedalom-chia\/","name":"Klupa sa sjedalom CHIA - Inti","isPartOf":{"@id":"https:\/\/inti.hr\/sr\/#website"},"primaryImageOfPage":{"@id":"https:\/\/inti.hr\/sr\/proizvod\/klupa-sa-sjedalom-chia\/#primaryimage"},"image":{"@id":"https:\/\/inti.hr\/sr\/proizvod\/klupa-sa-sjedalom-chia\/#primaryimage"},"thumbnailUrl":"https:\/\/i0.wp.com\/inti.hr\/wp-content\/uploads\/2022\/09\/FSR116-W-Y008.webp?fit=1600%2C1600&ssl=1","datePublished":"2022-09-21T08:39:09+00:00","dateModified":"2022-09-21T08:39:09+00:00","description":"Voljet \u0107ete do\u0107i ku\u0107i gdje ne morate brinuti o neredu. Prakti\u010dan ormari\u0107 za cipele \u010desto je ve\u0107i luksuz nego imati mnogo lijepih cipela. Zahvaljuju\u0107i maloj veli\u010dini, idealan je za hodnike, walk-in ormare, pa \u010dak i spava\u0107e sobe. Dobro osmi\u0161ljena konstrukcija i visokokvalitetni materijali \u010dine ovaj ormari\u0107 za cipele \u010dvrstim i izdr\u017eljivim. Povr\u0161ina je otporna na ogrebotine i lako se \u010disti. Koristite samo vla\u017enu krpu. Bez ladica i ru\u010dki na vratima ostavlja dojam reda. Svojim izgledom ovaj ormar privla\u010di sva\u010diju pa\u017enju, bilo da se nalazi u hodniku, dnevnoj ili spava\u0107oj sobi. Ova klupa za cipele ima mekani \u017euti jastuk za sjedenje od PU ko\u017ee. Na njega se mo\u017ee staviti i lijepi jastuk: osim obuvanja i izuvanja, mo\u017eete se jednostavno opustiti nakon svakodnevice. Dvoja klizna vrata \u0161tite od pra\u0161ine. Dvije police iza njega se mogu podesiti na tri visine, tako da u ovaj ormari\u0107 za cipele mo\u017eete pohraniti razli\u010dite cipele i predmete. Peta noga u sredini ormari\u0107a \u010dini ovaj komad namje\u0161taja jo\u0161 stabilnijim. I dalje \u0107e obavljati svoju funkciju \u010dak i nakon dugo vremena.Ve\u0107ina robota za \u010di\u0161\u0107enje mo\u017ee dolaziti i odlaziti kad ho\u0107e jer su noge visoke 10 cm.","breadcrumb":{"@id":"https:\/\/inti.hr\/sr\/proizvod\/klupa-sa-sjedalom-chia\/#breadcrumb"},"inLanguage":"sr-RS","potentialAction":[{"@type":"ReadAction","target":["https:\/\/inti.hr\/sr\/proizvod\/klupa-sa-sjedalom-chia\/"]}]},{"@type":"ImageObject","inLanguage":"sr-RS","@id":"https:\/\/inti.hr\/sr\/proizvod\/klupa-sa-sjedalom-chia\/#primaryimage","url":"https:\/\/i0.wp.com\/inti.hr\/wp-content\/uploads\/2022\/09\/FSR116-W-Y008.webp?fit=1600%2C1600&ssl=1","contentUrl":"https:\/\/i0.wp.com\/inti.hr\/wp-content\/uploads\/2022\/09\/FSR116-W-Y008.webp?fit=1600%2C1600&ssl=1","width":1600,"height":1600},{"@type":"BreadcrumbList","@id":"https:\/\/inti.hr\/sr\/proizvod\/klupa-sa-sjedalom-chia\/#breadcrumb","itemListElement":[{"@type":"ListItem","position":1,"name":"Po\u010detna stranica","item":"https:\/\/inti.hr\/sr\/"},{"@type":"ListItem","position":2,"name":"Prodavnica","item":"https:\/\/inti.hr\/sr\/prodavnica\/"},{"@type":"ListItem","position":3,"name":"Klupa sa sjedalom CHIA"}]},{"@type":"WebSite","@id":"https:\/\/inti.hr\/sr\/#website","url":"https:\/\/inti.hr\/sr\/","name":"Inti","description":"trgovina","potentialAction":[{"@type":"SearchAction","target":{"@type":"EntryPoint","urlTemplate":"https:\/\/inti.hr\/sr\/?s={search_term_string}"},"query-input":{"@type":"PropertyValueSpecification","valueRequired":true,"valueName":"search_term_string"}}],"inLanguage":"sr-RS"}]}},"jetpack_sharing_enabled":true,"jetpack-related-posts":[],"_links":{"self":[{"href":"https:\/\/inti.hr\/sr\/wp-json\/wp\/v2\/product\/36685"}],"collection":[{"href":"https:\/\/inti.hr\/sr\/wp-json\/wp\/v2\/product"}],"about":[{"href":"https:\/\/inti.hr\/sr\/wp-json\/wp\/v2\/types\/product"}],"wp:featuredmedia":[{"embeddable":true,"href":"https:\/\/inti.hr\/sr\/wp-json\/wp\/v2\/media\/36686"}],"wp:attachment":[{"href":"https:\/\/inti.hr\/sr\/wp-json\/wp\/v2\/media?parent=36685"}],"wp:term":[{"taxonomy":"product_cat","embeddable":true,"href":"https:\/\/inti.hr\/sr\/wp-json\/wp\/v2\/product_cat?post=36685"},{"taxonomy":"product_tag","embeddable":true,"href":"https:\/\/inti.hr\/sr\/wp-json\/wp\/v2\/product_tag?post=36685"}],"curies":[{"name":"wp","href":"https:\/\/api.w.org\/{rel}","templated":true}]}}