{"id":36697,"date":"2022-09-15T13:45:14","date_gmt":"2022-09-15T13:45:14","guid":{"rendered":"https:\/\/inti.hr\/product\/stalak-za-odjecu-s-ormaricem-za-odlaganje\/"},"modified":"2022-09-15T13:45:14","modified_gmt":"2022-09-15T13:45:14","slug":"stalak-za-odjecu-s-ormaricem-za-odlaganje","status":"publish","type":"product","link":"https:\/\/inti.hr\/sr\/proizvod\/stalak-za-odjecu-s-ormaricem-za-odlaganje\/","title":{"rendered":"Stalak za odje\u0107u s ormari\u0107em za odlaganje"},"content":{"rendered":"<p>Detalji proizvoda:<\/p>\n<ul>\n<li>Materijal: metal + MDF<\/li>\n<li>Ukupne dimenzije: 90x40x167 cm (Dx\u0160xV)<\/li>\n<li>Promjer \u010deli\u010dne cijevi: 2 cm<\/li>\n<li>Debljina plo\u010de: 1,5 cm<\/li>\n<li>Bruto te\u017eina: cca.\u00a023 kg<\/li>\n<li>Maksimalno optere\u0107enje: 20 kg po polici;\u00a025 kg<\/li>\n<\/ul>\n","protected":false},"excerpt":{"rendered":"<ul>\n<li>Jednostavan za \u010di\u0161\u0107enje<\/li>\n<li>Prekrasan dizajn<\/li>\n<li>Visoka kvaliteta i dobra otpornost<\/li>\n<p> &#8230; <\/p>\n","protected":false},"featured_media":36698,"template":"","meta":[],"product_cat":[2416,2635],"product_tag":[2677,3533,2640,4885],"yoast_head":"<!-- This site is optimized with the Yoast SEO plugin v23.7 - https:\/\/yoast.com\/wordpress\/plugins\/seo\/ -->\n<title>Stalak za odje\u0107u s ormari\u0107em za odlaganje - Inti<\/title>\n<meta name=\"description\" content=\"Jednostavan za \u010di\u0161\u0107enje Prekrasan dizajn Visoka kvaliteta i dobra otpornost Podesive noge\" \/>\n<meta name=\"robots\" content=\"index, follow, max-snippet:-1, max-image-preview:large, max-video-preview:-1\" \/>\n<link rel=\"canonical\" href=\"https:\/\/inti.hr\/sr\/proizvod\/stalak-za-odjecu-s-ormaricem-za-odlaganje\/\" \/>\n<meta property=\"og:locale\" content=\"sr_RS\" \/>\n<meta property=\"og:type\" content=\"article\" \/>\n<meta property=\"og:title\" content=\"Stalak za odje\u0107u s ormari\u0107em za odlaganje - Inti\" \/>\n<meta property=\"og:description\" content=\"Jednostavan za \u010di\u0161\u0107enje Prekrasan dizajn Visoka kvaliteta i dobra otpornost Podesive noge\" \/>\n<meta property=\"og:url\" content=\"https:\/\/inti.hr\/sr\/proizvod\/stalak-za-odjecu-s-ormaricem-za-odlaganje\/\" \/>\n<meta property=\"og:site_name\" content=\"Inti\" \/>\n<meta property=\"og:image\" content=\"https:\/\/i0.wp.com\/inti.hr\/wp-content\/uploads\/2022\/09\/Kleiderstaender-mit-Lagerschrank-Kleiderschrank-Offener-Garderobenstaender-SR0131hei-Hell-Eiche-schwarz2.jpg?fit=1280%2C1280&ssl=1\" \/>\n\t<meta property=\"og:image:width\" content=\"1280\" \/>\n\t<meta property=\"og:image:height\" content=\"1280\" \/>\n\t<meta property=\"og:image:type\" content=\"image\/jpeg\" \/>\n<meta name=\"twitter:card\" content=\"summary_large_image\" \/>\n<script type=\"application\/ld+json\" class=\"yoast-schema-graph\">{\"@context\":\"https:\/\/schema.org\",\"@graph\":[{\"@type\":\"WebPage\",\"@id\":\"https:\/\/inti.hr\/sr\/proizvod\/stalak-za-odjecu-s-ormaricem-za-odlaganje\/\",\"url\":\"https:\/\/inti.hr\/sr\/proizvod\/stalak-za-odjecu-s-ormaricem-za-odlaganje\/\",\"name\":\"Stalak za odje\u0107u s ormari\u0107em za odlaganje - Inti\",\"isPartOf\":{\"@id\":\"https:\/\/inti.hr\/sr\/#website\"},\"primaryImageOfPage\":{\"@id\":\"https:\/\/inti.hr\/sr\/proizvod\/stalak-za-odjecu-s-ormaricem-za-odlaganje\/#primaryimage\"},\"image\":{\"@id\":\"https:\/\/inti.hr\/sr\/proizvod\/stalak-za-odjecu-s-ormaricem-za-odlaganje\/#primaryimage\"},\"thumbnailUrl\":\"https:\/\/i0.wp.com\/inti.hr\/wp-content\/uploads\/2022\/09\/Kleiderstaender-mit-Lagerschrank-Kleiderschrank-Offener-Garderobenstaender-SR0131hei-Hell-Eiche-schwarz2.jpg?fit=1280%2C1280&ssl=1\",\"datePublished\":\"2022-09-15T13:45:14+00:00\",\"dateModified\":\"2022-09-15T13:45:14+00:00\",\"description\":\"Jednostavan za \u010di\u0161\u0107enje Prekrasan dizajn Visoka kvaliteta i dobra otpornost Podesive noge\",\"breadcrumb\":{\"@id\":\"https:\/\/inti.hr\/sr\/proizvod\/stalak-za-odjecu-s-ormaricem-za-odlaganje\/#breadcrumb\"},\"inLanguage\":\"sr-RS\",\"potentialAction\":[{\"@type\":\"ReadAction\",\"target\":[\"https:\/\/inti.hr\/sr\/proizvod\/stalak-za-odjecu-s-ormaricem-za-odlaganje\/\"]}]},{\"@type\":\"ImageObject\",\"inLanguage\":\"sr-RS\",\"@id\":\"https:\/\/inti.hr\/sr\/proizvod\/stalak-za-odjecu-s-ormaricem-za-odlaganje\/#primaryimage\",\"url\":\"https:\/\/i0.wp.com\/inti.hr\/wp-content\/uploads\/2022\/09\/Kleiderstaender-mit-Lagerschrank-Kleiderschrank-Offener-Garderobenstaender-SR0131hei-Hell-Eiche-schwarz2.jpg?fit=1280%2C1280&ssl=1\",\"contentUrl\":\"https:\/\/i0.wp.com\/inti.hr\/wp-content\/uploads\/2022\/09\/Kleiderstaender-mit-Lagerschrank-Kleiderschrank-Offener-Garderobenstaender-SR0131hei-Hell-Eiche-schwarz2.jpg?fit=1280%2C1280&ssl=1\",\"width\":1280,\"height\":1280},{\"@type\":\"BreadcrumbList\",\"@id\":\"https:\/\/inti.hr\/sr\/proizvod\/stalak-za-odjecu-s-ormaricem-za-odlaganje\/#breadcrumb\",\"itemListElement\":[{\"@type\":\"ListItem\",\"position\":1,\"name\":\"Po\u010detna stranica\",\"item\":\"https:\/\/inti.hr\/sr\/\"},{\"@type\":\"ListItem\",\"position\":2,\"name\":\"Prodavnica\",\"item\":\"https:\/\/inti.hr\/sr\/prodavnica\/\"},{\"@type\":\"ListItem\",\"position\":3,\"name\":\"Stalak za odje\u0107u s ormari\u0107em za odlaganje\"}]},{\"@type\":\"WebSite\",\"@id\":\"https:\/\/inti.hr\/sr\/#website\",\"url\":\"https:\/\/inti.hr\/sr\/\",\"name\":\"Inti\",\"description\":\"trgovina\",\"potentialAction\":[{\"@type\":\"SearchAction\",\"target\":{\"@type\":\"EntryPoint\",\"urlTemplate\":\"https:\/\/inti.hr\/sr\/?s={search_term_string}\"},\"query-input\":{\"@type\":\"PropertyValueSpecification\",\"valueRequired\":true,\"valueName\":\"search_term_string\"}}],\"inLanguage\":\"sr-RS\"}]}<\/script>\n<!-- \/ Yoast SEO plugin. -->","yoast_head_json":{"title":"Stalak za odje\u0107u s ormari\u0107em za odlaganje - Inti","description":"Jednostavan za \u010di\u0161\u0107enje Prekrasan dizajn Visoka kvaliteta i dobra otpornost Podesive noge","robots":{"index":"index","follow":"follow","max-snippet":"max-snippet:-1","max-image-preview":"max-image-preview:large","max-video-preview":"max-video-preview:-1"},"canonical":"https:\/\/inti.hr\/sr\/proizvod\/stalak-za-odjecu-s-ormaricem-za-odlaganje\/","og_locale":"sr_RS","og_type":"article","og_title":"Stalak za odje\u0107u s ormari\u0107em za odlaganje - Inti","og_description":"Jednostavan za \u010di\u0161\u0107enje Prekrasan dizajn Visoka kvaliteta i dobra otpornost Podesive noge","og_url":"https:\/\/inti.hr\/sr\/proizvod\/stalak-za-odjecu-s-ormaricem-za-odlaganje\/","og_site_name":"Inti","og_image":[{"width":1280,"height":1280,"url":"https:\/\/i0.wp.com\/inti.hr\/wp-content\/uploads\/2022\/09\/Kleiderstaender-mit-Lagerschrank-Kleiderschrank-Offener-Garderobenstaender-SR0131hei-Hell-Eiche-schwarz2.jpg?fit=1280%2C1280&ssl=1","type":"image\/jpeg"}],"twitter_card":"summary_large_image","schema":{"@context":"https:\/\/schema.org","@graph":[{"@type":"WebPage","@id":"https:\/\/inti.hr\/sr\/proizvod\/stalak-za-odjecu-s-ormaricem-za-odlaganje\/","url":"https:\/\/inti.hr\/sr\/proizvod\/stalak-za-odjecu-s-ormaricem-za-odlaganje\/","name":"Stalak za odje\u0107u s ormari\u0107em za odlaganje - Inti","isPartOf":{"@id":"https:\/\/inti.hr\/sr\/#website"},"primaryImageOfPage":{"@id":"https:\/\/inti.hr\/sr\/proizvod\/stalak-za-odjecu-s-ormaricem-za-odlaganje\/#primaryimage"},"image":{"@id":"https:\/\/inti.hr\/sr\/proizvod\/stalak-za-odjecu-s-ormaricem-za-odlaganje\/#primaryimage"},"thumbnailUrl":"https:\/\/i0.wp.com\/inti.hr\/wp-content\/uploads\/2022\/09\/Kleiderstaender-mit-Lagerschrank-Kleiderschrank-Offener-Garderobenstaender-SR0131hei-Hell-Eiche-schwarz2.jpg?fit=1280%2C1280&ssl=1","datePublished":"2022-09-15T13:45:14+00:00","dateModified":"2022-09-15T13:45:14+00:00","description":"Jednostavan za \u010di\u0161\u0107enje Prekrasan dizajn Visoka kvaliteta i dobra otpornost Podesive noge","breadcrumb":{"@id":"https:\/\/inti.hr\/sr\/proizvod\/stalak-za-odjecu-s-ormaricem-za-odlaganje\/#breadcrumb"},"inLanguage":"sr-RS","potentialAction":[{"@type":"ReadAction","target":["https:\/\/inti.hr\/sr\/proizvod\/stalak-za-odjecu-s-ormaricem-za-odlaganje\/"]}]},{"@type":"ImageObject","inLanguage":"sr-RS","@id":"https:\/\/inti.hr\/sr\/proizvod\/stalak-za-odjecu-s-ormaricem-za-odlaganje\/#primaryimage","url":"https:\/\/i0.wp.com\/inti.hr\/wp-content\/uploads\/2022\/09\/Kleiderstaender-mit-Lagerschrank-Kleiderschrank-Offener-Garderobenstaender-SR0131hei-Hell-Eiche-schwarz2.jpg?fit=1280%2C1280&ssl=1","contentUrl":"https:\/\/i0.wp.com\/inti.hr\/wp-content\/uploads\/2022\/09\/Kleiderstaender-mit-Lagerschrank-Kleiderschrank-Offener-Garderobenstaender-SR0131hei-Hell-Eiche-schwarz2.jpg?fit=1280%2C1280&ssl=1","width":1280,"height":1280},{"@type":"BreadcrumbList","@id":"https:\/\/inti.hr\/sr\/proizvod\/stalak-za-odjecu-s-ormaricem-za-odlaganje\/#breadcrumb","itemListElement":[{"@type":"ListItem","position":1,"name":"Po\u010detna stranica","item":"https:\/\/inti.hr\/sr\/"},{"@type":"ListItem","position":2,"name":"Prodavnica","item":"https:\/\/inti.hr\/sr\/prodavnica\/"},{"@type":"ListItem","position":3,"name":"Stalak za odje\u0107u s ormari\u0107em za odlaganje"}]},{"@type":"WebSite","@id":"https:\/\/inti.hr\/sr\/#website","url":"https:\/\/inti.hr\/sr\/","name":"Inti","description":"trgovina","potentialAction":[{"@type":"SearchAction","target":{"@type":"EntryPoint","urlTemplate":"https:\/\/inti.hr\/sr\/?s={search_term_string}"},"query-input":{"@type":"PropertyValueSpecification","valueRequired":true,"valueName":"search_term_string"}}],"inLanguage":"sr-RS"}]}},"jetpack_sharing_enabled":true,"jetpack-related-posts":[],"_links":{"self":[{"href":"https:\/\/inti.hr\/sr\/wp-json\/wp\/v2\/product\/36697"}],"collection":[{"href":"https:\/\/inti.hr\/sr\/wp-json\/wp\/v2\/product"}],"about":[{"href":"https:\/\/inti.hr\/sr\/wp-json\/wp\/v2\/types\/product"}],"wp:featuredmedia":[{"embeddable":true,"href":"https:\/\/inti.hr\/sr\/wp-json\/wp\/v2\/media\/36698"}],"wp:attachment":[{"href":"https:\/\/inti.hr\/sr\/wp-json\/wp\/v2\/media?parent=36697"}],"wp:term":[{"taxonomy":"product_cat","embeddable":true,"href":"https:\/\/inti.hr\/sr\/wp-json\/wp\/v2\/product_cat?post=36697"},{"taxonomy":"product_tag","embeddable":true,"href":"https:\/\/inti.hr\/sr\/wp-json\/wp\/v2\/product_tag?post=36697"}],"curies":[{"name":"wp","href":"https:\/\/api.w.org\/{rel}","templated":true}]}}