{"id":36711,"date":"2022-09-08T07:02:45","date_gmt":"2022-09-08T07:02:45","guid":{"rendered":"https:\/\/inti.hr\/product\/komoda-sa-kliznim-staklenim-vratima\/"},"modified":"2022-09-08T07:02:45","modified_gmt":"2022-09-08T07:02:45","slug":"komoda-sa-kliznim-staklenim-vratima","status":"publish","type":"product","link":"https:\/\/inti.hr\/sr\/proizvod\/komoda-sa-kliznim-staklenim-vratima\/","title":{"rendered":"Komoda sa kliznim staklenim vratima"},"content":{"rendered":"<p>Detalji proizvoda:<\/p>\n<ul>\n<li>Te\u017eina: 24 kg<\/li>\n<li>Nosivost: 25 kg<\/li>\n<li>Materijal: MDF (E1), metal, staklo<\/li>\n<li>Veli\u010dina proizvoda: 70x33x90cm (vidi sliku)<\/li>\n<li>Dimenzije paketa: 85x42x21cm.<\/li>\n<\/ul>\n","protected":false},"excerpt":{"rendered":"<p>Komoda vam nudi mnogo dodatnog prostora za pohranu u elegantnom dizajnu. &#8230; <\/p>\n","protected":false},"featured_media":36712,"template":"","meta":[],"product_cat":[2421,2635],"product_tag":[2448,4900,4901,2640],"yoast_head":"<!-- This site is optimized with the Yoast SEO plugin v23.7 - https:\/\/yoast.com\/wordpress\/plugins\/seo\/ -->\n<title>Komoda sa kliznim staklenim vratima - Inti<\/title>\n<meta name=\"description\" content=\"Komoda vam nudi mnogo dodatnog prostora za pohranu u elegantnom dizajnu. S pravim priborom mo\u017eete staviti komodu u sredi\u0161te pozornosti. S policama, ormar stvara obilje prostora za pohranu predmeta kao \u0161to su fine \u010da\u0161e, prekrasno posu\u0111e, ukrasni predmeti ili drugi omiljeni predmeti. Bez ladica i ru\u010dki na vratima ostavlja dojam reda.\u00a0Svojim izgledom ovaj ormar privla\u010di sva\u010diju pa\u017enju, bilo da se nalazi u hodniku, dnevnoj ili spava\u0107oj sobi. Prostranu posudu za poslu\u017eivanje ukrasite ilustracijama, mirisnim svije\u0107ama i cvije\u0107em kako bi ovaj kutak bio jo\u0161 elegantniji. Ova vrata od kaljenog stakla sprje\u010davaju prodor pra\u0161ine u sadr\u017eaj ku\u0107i\u0161ta.\u00a0Polica s desne strane je podesiva u 3 visine.\u00a0Prilagodite ih za svoju upotrebu. Peta noga u sredini ormari\u0107a \u010dini ovaj komad namje\u0161taja jo\u0161 stabilnijim.\u00a0I dalje \u0107e obavljati svoju funkciju \u010dak i nakon dugo vremena.\" \/>\n<meta name=\"robots\" content=\"index, follow, max-snippet:-1, max-image-preview:large, max-video-preview:-1\" \/>\n<link rel=\"canonical\" href=\"https:\/\/inti.hr\/sr\/proizvod\/komoda-sa-kliznim-staklenim-vratima\/\" \/>\n<meta property=\"og:locale\" content=\"sr_RS\" \/>\n<meta property=\"og:type\" content=\"article\" \/>\n<meta property=\"og:title\" content=\"Komoda sa kliznim staklenim vratima - Inti\" \/>\n<meta property=\"og:description\" content=\"Komoda vam nudi mnogo dodatnog prostora za pohranu u elegantnom dizajnu. S pravim priborom mo\u017eete staviti komodu u sredi\u0161te pozornosti. S policama, ormar stvara obilje prostora za pohranu predmeta kao \u0161to su fine \u010da\u0161e, prekrasno posu\u0111e, ukrasni predmeti ili drugi omiljeni predmeti. Bez ladica i ru\u010dki na vratima ostavlja dojam reda.\u00a0Svojim izgledom ovaj ormar privla\u010di sva\u010diju pa\u017enju, bilo da se nalazi u hodniku, dnevnoj ili spava\u0107oj sobi. Prostranu posudu za poslu\u017eivanje ukrasite ilustracijama, mirisnim svije\u0107ama i cvije\u0107em kako bi ovaj kutak bio jo\u0161 elegantniji. Ova vrata od kaljenog stakla sprje\u010davaju prodor pra\u0161ine u sadr\u017eaj ku\u0107i\u0161ta.\u00a0Polica s desne strane je podesiva u 3 visine.\u00a0Prilagodite ih za svoju upotrebu. Peta noga u sredini ormari\u0107a \u010dini ovaj komad namje\u0161taja jo\u0161 stabilnijim.\u00a0I dalje \u0107e obavljati svoju funkciju \u010dak i nakon dugo vremena.\" \/>\n<meta property=\"og:url\" content=\"https:\/\/inti.hr\/sr\/proizvod\/komoda-sa-kliznim-staklenim-vratima\/\" \/>\n<meta property=\"og:site_name\" content=\"Inti\" \/>\n<meta property=\"og:image\" content=\"https:\/\/i0.wp.com\/inti.hr\/wp-content\/uploads\/2022\/09\/FSB61-GR-Y001.webp?fit=1600%2C1600&ssl=1\" \/>\n\t<meta property=\"og:image:width\" content=\"1600\" \/>\n\t<meta property=\"og:image:height\" content=\"1600\" \/>\n\t<meta property=\"og:image:type\" content=\"image\/webp\" \/>\n<meta name=\"twitter:card\" content=\"summary_large_image\" \/>\n<script type=\"application\/ld+json\" class=\"yoast-schema-graph\">{\"@context\":\"https:\/\/schema.org\",\"@graph\":[{\"@type\":\"WebPage\",\"@id\":\"https:\/\/inti.hr\/sr\/proizvod\/komoda-sa-kliznim-staklenim-vratima\/\",\"url\":\"https:\/\/inti.hr\/sr\/proizvod\/komoda-sa-kliznim-staklenim-vratima\/\",\"name\":\"Komoda sa kliznim staklenim vratima - Inti\",\"isPartOf\":{\"@id\":\"https:\/\/inti.hr\/sr\/#website\"},\"primaryImageOfPage\":{\"@id\":\"https:\/\/inti.hr\/sr\/proizvod\/komoda-sa-kliznim-staklenim-vratima\/#primaryimage\"},\"image\":{\"@id\":\"https:\/\/inti.hr\/sr\/proizvod\/komoda-sa-kliznim-staklenim-vratima\/#primaryimage\"},\"thumbnailUrl\":\"https:\/\/i0.wp.com\/inti.hr\/wp-content\/uploads\/2022\/09\/FSB61-GR-Y001.webp?fit=1600%2C1600&ssl=1\",\"datePublished\":\"2022-09-08T07:02:45+00:00\",\"dateModified\":\"2022-09-08T07:02:45+00:00\",\"description\":\"Komoda vam nudi mnogo dodatnog prostora za pohranu u elegantnom dizajnu. S pravim priborom mo\u017eete staviti komodu u sredi\u0161te pozornosti. S policama, ormar stvara obilje prostora za pohranu predmeta kao \u0161to su fine \u010da\u0161e, prekrasno posu\u0111e, ukrasni predmeti ili drugi omiljeni predmeti. Bez ladica i ru\u010dki na vratima ostavlja dojam reda.\u00a0Svojim izgledom ovaj ormar privla\u010di sva\u010diju pa\u017enju, bilo da se nalazi u hodniku, dnevnoj ili spava\u0107oj sobi. Prostranu posudu za poslu\u017eivanje ukrasite ilustracijama, mirisnim svije\u0107ama i cvije\u0107em kako bi ovaj kutak bio jo\u0161 elegantniji. Ova vrata od kaljenog stakla sprje\u010davaju prodor pra\u0161ine u sadr\u017eaj ku\u0107i\u0161ta.\u00a0Polica s desne strane je podesiva u 3 visine.\u00a0Prilagodite ih za svoju upotrebu. Peta noga u sredini ormari\u0107a \u010dini ovaj komad namje\u0161taja jo\u0161 stabilnijim.\u00a0I dalje \u0107e obavljati svoju funkciju \u010dak i nakon dugo vremena.\",\"breadcrumb\":{\"@id\":\"https:\/\/inti.hr\/sr\/proizvod\/komoda-sa-kliznim-staklenim-vratima\/#breadcrumb\"},\"inLanguage\":\"sr-RS\",\"potentialAction\":[{\"@type\":\"ReadAction\",\"target\":[\"https:\/\/inti.hr\/sr\/proizvod\/komoda-sa-kliznim-staklenim-vratima\/\"]}]},{\"@type\":\"ImageObject\",\"inLanguage\":\"sr-RS\",\"@id\":\"https:\/\/inti.hr\/sr\/proizvod\/komoda-sa-kliznim-staklenim-vratima\/#primaryimage\",\"url\":\"https:\/\/i0.wp.com\/inti.hr\/wp-content\/uploads\/2022\/09\/FSB61-GR-Y001.webp?fit=1600%2C1600&ssl=1\",\"contentUrl\":\"https:\/\/i0.wp.com\/inti.hr\/wp-content\/uploads\/2022\/09\/FSB61-GR-Y001.webp?fit=1600%2C1600&ssl=1\",\"width\":1600,\"height\":1600},{\"@type\":\"BreadcrumbList\",\"@id\":\"https:\/\/inti.hr\/sr\/proizvod\/komoda-sa-kliznim-staklenim-vratima\/#breadcrumb\",\"itemListElement\":[{\"@type\":\"ListItem\",\"position\":1,\"name\":\"Po\u010detna stranica\",\"item\":\"https:\/\/inti.hr\/sr\/\"},{\"@type\":\"ListItem\",\"position\":2,\"name\":\"Prodavnica\",\"item\":\"https:\/\/inti.hr\/sr\/prodavnica\/\"},{\"@type\":\"ListItem\",\"position\":3,\"name\":\"Komoda sa kliznim staklenim vratima\"}]},{\"@type\":\"WebSite\",\"@id\":\"https:\/\/inti.hr\/sr\/#website\",\"url\":\"https:\/\/inti.hr\/sr\/\",\"name\":\"Inti\",\"description\":\"trgovina\",\"potentialAction\":[{\"@type\":\"SearchAction\",\"target\":{\"@type\":\"EntryPoint\",\"urlTemplate\":\"https:\/\/inti.hr\/sr\/?s={search_term_string}\"},\"query-input\":{\"@type\":\"PropertyValueSpecification\",\"valueRequired\":true,\"valueName\":\"search_term_string\"}}],\"inLanguage\":\"sr-RS\"}]}<\/script>\n<!-- \/ Yoast SEO plugin. -->","yoast_head_json":{"title":"Komoda sa kliznim staklenim vratima - Inti","description":"Komoda vam nudi mnogo dodatnog prostora za pohranu u elegantnom dizajnu. S pravim priborom mo\u017eete staviti komodu u sredi\u0161te pozornosti. S policama, ormar stvara obilje prostora za pohranu predmeta kao \u0161to su fine \u010da\u0161e, prekrasno posu\u0111e, ukrasni predmeti ili drugi omiljeni predmeti. Bez ladica i ru\u010dki na vratima ostavlja dojam reda.\u00a0Svojim izgledom ovaj ormar privla\u010di sva\u010diju pa\u017enju, bilo da se nalazi u hodniku, dnevnoj ili spava\u0107oj sobi. Prostranu posudu za poslu\u017eivanje ukrasite ilustracijama, mirisnim svije\u0107ama i cvije\u0107em kako bi ovaj kutak bio jo\u0161 elegantniji. Ova vrata od kaljenog stakla sprje\u010davaju prodor pra\u0161ine u sadr\u017eaj ku\u0107i\u0161ta.\u00a0Polica s desne strane je podesiva u 3 visine.\u00a0Prilagodite ih za svoju upotrebu. Peta noga u sredini ormari\u0107a \u010dini ovaj komad namje\u0161taja jo\u0161 stabilnijim.\u00a0I dalje \u0107e obavljati svoju funkciju \u010dak i nakon dugo vremena.","robots":{"index":"index","follow":"follow","max-snippet":"max-snippet:-1","max-image-preview":"max-image-preview:large","max-video-preview":"max-video-preview:-1"},"canonical":"https:\/\/inti.hr\/sr\/proizvod\/komoda-sa-kliznim-staklenim-vratima\/","og_locale":"sr_RS","og_type":"article","og_title":"Komoda sa kliznim staklenim vratima - Inti","og_description":"Komoda vam nudi mnogo dodatnog prostora za pohranu u elegantnom dizajnu. S pravim priborom mo\u017eete staviti komodu u sredi\u0161te pozornosti. S policama, ormar stvara obilje prostora za pohranu predmeta kao \u0161to su fine \u010da\u0161e, prekrasno posu\u0111e, ukrasni predmeti ili drugi omiljeni predmeti. Bez ladica i ru\u010dki na vratima ostavlja dojam reda.\u00a0Svojim izgledom ovaj ormar privla\u010di sva\u010diju pa\u017enju, bilo da se nalazi u hodniku, dnevnoj ili spava\u0107oj sobi. Prostranu posudu za poslu\u017eivanje ukrasite ilustracijama, mirisnim svije\u0107ama i cvije\u0107em kako bi ovaj kutak bio jo\u0161 elegantniji. Ova vrata od kaljenog stakla sprje\u010davaju prodor pra\u0161ine u sadr\u017eaj ku\u0107i\u0161ta.\u00a0Polica s desne strane je podesiva u 3 visine.\u00a0Prilagodite ih za svoju upotrebu. Peta noga u sredini ormari\u0107a \u010dini ovaj komad namje\u0161taja jo\u0161 stabilnijim.\u00a0I dalje \u0107e obavljati svoju funkciju \u010dak i nakon dugo vremena.","og_url":"https:\/\/inti.hr\/sr\/proizvod\/komoda-sa-kliznim-staklenim-vratima\/","og_site_name":"Inti","og_image":[{"width":1600,"height":1600,"url":"https:\/\/i0.wp.com\/inti.hr\/wp-content\/uploads\/2022\/09\/FSB61-GR-Y001.webp?fit=1600%2C1600&ssl=1","type":"image\/webp"}],"twitter_card":"summary_large_image","schema":{"@context":"https:\/\/schema.org","@graph":[{"@type":"WebPage","@id":"https:\/\/inti.hr\/sr\/proizvod\/komoda-sa-kliznim-staklenim-vratima\/","url":"https:\/\/inti.hr\/sr\/proizvod\/komoda-sa-kliznim-staklenim-vratima\/","name":"Komoda sa kliznim staklenim vratima - Inti","isPartOf":{"@id":"https:\/\/inti.hr\/sr\/#website"},"primaryImageOfPage":{"@id":"https:\/\/inti.hr\/sr\/proizvod\/komoda-sa-kliznim-staklenim-vratima\/#primaryimage"},"image":{"@id":"https:\/\/inti.hr\/sr\/proizvod\/komoda-sa-kliznim-staklenim-vratima\/#primaryimage"},"thumbnailUrl":"https:\/\/i0.wp.com\/inti.hr\/wp-content\/uploads\/2022\/09\/FSB61-GR-Y001.webp?fit=1600%2C1600&ssl=1","datePublished":"2022-09-08T07:02:45+00:00","dateModified":"2022-09-08T07:02:45+00:00","description":"Komoda vam nudi mnogo dodatnog prostora za pohranu u elegantnom dizajnu. S pravim priborom mo\u017eete staviti komodu u sredi\u0161te pozornosti. S policama, ormar stvara obilje prostora za pohranu predmeta kao \u0161to su fine \u010da\u0161e, prekrasno posu\u0111e, ukrasni predmeti ili drugi omiljeni predmeti. Bez ladica i ru\u010dki na vratima ostavlja dojam reda.\u00a0Svojim izgledom ovaj ormar privla\u010di sva\u010diju pa\u017enju, bilo da se nalazi u hodniku, dnevnoj ili spava\u0107oj sobi. Prostranu posudu za poslu\u017eivanje ukrasite ilustracijama, mirisnim svije\u0107ama i cvije\u0107em kako bi ovaj kutak bio jo\u0161 elegantniji. Ova vrata od kaljenog stakla sprje\u010davaju prodor pra\u0161ine u sadr\u017eaj ku\u0107i\u0161ta.\u00a0Polica s desne strane je podesiva u 3 visine.\u00a0Prilagodite ih za svoju upotrebu. Peta noga u sredini ormari\u0107a \u010dini ovaj komad namje\u0161taja jo\u0161 stabilnijim.\u00a0I dalje \u0107e obavljati svoju funkciju \u010dak i nakon dugo vremena.","breadcrumb":{"@id":"https:\/\/inti.hr\/sr\/proizvod\/komoda-sa-kliznim-staklenim-vratima\/#breadcrumb"},"inLanguage":"sr-RS","potentialAction":[{"@type":"ReadAction","target":["https:\/\/inti.hr\/sr\/proizvod\/komoda-sa-kliznim-staklenim-vratima\/"]}]},{"@type":"ImageObject","inLanguage":"sr-RS","@id":"https:\/\/inti.hr\/sr\/proizvod\/komoda-sa-kliznim-staklenim-vratima\/#primaryimage","url":"https:\/\/i0.wp.com\/inti.hr\/wp-content\/uploads\/2022\/09\/FSB61-GR-Y001.webp?fit=1600%2C1600&ssl=1","contentUrl":"https:\/\/i0.wp.com\/inti.hr\/wp-content\/uploads\/2022\/09\/FSB61-GR-Y001.webp?fit=1600%2C1600&ssl=1","width":1600,"height":1600},{"@type":"BreadcrumbList","@id":"https:\/\/inti.hr\/sr\/proizvod\/komoda-sa-kliznim-staklenim-vratima\/#breadcrumb","itemListElement":[{"@type":"ListItem","position":1,"name":"Po\u010detna stranica","item":"https:\/\/inti.hr\/sr\/"},{"@type":"ListItem","position":2,"name":"Prodavnica","item":"https:\/\/inti.hr\/sr\/prodavnica\/"},{"@type":"ListItem","position":3,"name":"Komoda sa kliznim staklenim vratima"}]},{"@type":"WebSite","@id":"https:\/\/inti.hr\/sr\/#website","url":"https:\/\/inti.hr\/sr\/","name":"Inti","description":"trgovina","potentialAction":[{"@type":"SearchAction","target":{"@type":"EntryPoint","urlTemplate":"https:\/\/inti.hr\/sr\/?s={search_term_string}"},"query-input":{"@type":"PropertyValueSpecification","valueRequired":true,"valueName":"search_term_string"}}],"inLanguage":"sr-RS"}]}},"jetpack_sharing_enabled":true,"jetpack-related-posts":[],"_links":{"self":[{"href":"https:\/\/inti.hr\/sr\/wp-json\/wp\/v2\/product\/36711"}],"collection":[{"href":"https:\/\/inti.hr\/sr\/wp-json\/wp\/v2\/product"}],"about":[{"href":"https:\/\/inti.hr\/sr\/wp-json\/wp\/v2\/types\/product"}],"wp:featuredmedia":[{"embeddable":true,"href":"https:\/\/inti.hr\/sr\/wp-json\/wp\/v2\/media\/36712"}],"wp:attachment":[{"href":"https:\/\/inti.hr\/sr\/wp-json\/wp\/v2\/media?parent=36711"}],"wp:term":[{"taxonomy":"product_cat","embeddable":true,"href":"https:\/\/inti.hr\/sr\/wp-json\/wp\/v2\/product_cat?post=36711"},{"taxonomy":"product_tag","embeddable":true,"href":"https:\/\/inti.hr\/sr\/wp-json\/wp\/v2\/product_tag?post=36711"}],"curies":[{"name":"wp","href":"https:\/\/api.w.org\/{rel}","templated":true}]}}