{"id":36737,"date":"2022-08-29T07:48:59","date_gmt":"2022-08-29T07:48:59","guid":{"rendered":"https:\/\/inti.hr\/product\/ormaric-s-kliznim-vratima-za-kupaonicu\/"},"modified":"2022-08-29T07:48:59","modified_gmt":"2022-08-29T07:48:59","slug":"ormaric-s-kliznim-vratima-za-kupaonicu","status":"publish","type":"product","link":"https:\/\/inti.hr\/sr\/proizvod\/ormaric-s-kliznim-vratima-za-kupaonicu\/","title":{"rendered":"Ormari\u0107 s kliznim vratima za kupaonicu"},"content":{"rendered":"<p>Detalji proizvoda:<\/p>\n<ul>\n<li>Materijal: MDF (E1), metal<\/li>\n<li>Te\u017eina: 11,8 kg<\/li>\n<li>Nosivost: 35 kg<\/li>\n<li>Veli\u010dina proizvoda: 60x30x62cm<\/li>\n<li>Dimenzije paketa: 71x43x16cm.<\/li>\n<\/ul>\n","protected":false},"excerpt":{"rendered":"<p>S prakti\u010dnim i jednostavnim ormari\u0107em za umivaonik kona\u010dno imate dovoljno mjesta &#8230; <\/p>\n","protected":false},"featured_media":36738,"template":"","meta":[],"product_cat":[2396],"product_tag":[2522,2523],"yoast_head":"<!-- This site is optimized with the Yoast SEO plugin v23.7 - https:\/\/yoast.com\/wordpress\/plugins\/seo\/ -->\n<title>Ormari\u0107 s kliznim vratima za kupaonicu - Inti<\/title>\n<meta name=\"description\" content=\"S prakti\u010dnim i jednostavnim ormari\u0107em za umivaonik kona\u010dno imate dovoljno mjesta u kupaonici. To je idealno rje\u0161enje za odr\u017eavanje va\u0161e kupaonice urednom.Ru\u010dnici i toaletni papir mogu se jednostavno spremiti u otvoreni pretinac. Iza vrata, ovaj ormari\u0107 nudi dovoljno prostora za pohranu deterd\u017eenta, sredstva za \u010di\u0161\u0107enje kupaonice i ostalih potrep\u0161tina za kupaonicu te ih bolje za\u0161titi od vode, pra\u0161ine itd.Klimavi ormari\u0107i oduvijek nisu bili omiljeni. Ispod svake noge nalazi se mali jastu\u010di\u0107 za za\u0161titu poda od ogrebotina. Noge osiguravaju da se neravnine na podu izravnaju i da se stol ne klima.Zahvaljuju\u0107i otvoru za sifon, ormari\u0107 nudi mogu\u0107nost da ga postavite ispod umivaonika i na taj na\u010din prekrijete komponente koje vam smetaju.Bijele MDF plo\u010de i 1 rustikalna klizna vrata daju mu vintage \u0161arm. Svojim dobrim izgledom ovaj ormari\u0107 za umivaonik privla\u010di sva\u010diju pozornost.\" \/>\n<meta name=\"robots\" content=\"index, follow, max-snippet:-1, max-image-preview:large, max-video-preview:-1\" \/>\n<link rel=\"canonical\" href=\"https:\/\/inti.hr\/sr\/proizvod\/ormaric-s-kliznim-vratima-za-kupaonicu\/\" \/>\n<meta property=\"og:locale\" content=\"sr_RS\" \/>\n<meta property=\"og:type\" content=\"article\" \/>\n<meta property=\"og:title\" content=\"Ormari\u0107 s kliznim vratima za kupaonicu - Inti\" \/>\n<meta property=\"og:description\" content=\"S prakti\u010dnim i jednostavnim ormari\u0107em za umivaonik kona\u010dno imate dovoljno mjesta u kupaonici. To je idealno rje\u0161enje za odr\u017eavanje va\u0161e kupaonice urednom.Ru\u010dnici i toaletni papir mogu se jednostavno spremiti u otvoreni pretinac. Iza vrata, ovaj ormari\u0107 nudi dovoljno prostora za pohranu deterd\u017eenta, sredstva za \u010di\u0161\u0107enje kupaonice i ostalih potrep\u0161tina za kupaonicu te ih bolje za\u0161titi od vode, pra\u0161ine itd.Klimavi ormari\u0107i oduvijek nisu bili omiljeni. Ispod svake noge nalazi se mali jastu\u010di\u0107 za za\u0161titu poda od ogrebotina. Noge osiguravaju da se neravnine na podu izravnaju i da se stol ne klima.Zahvaljuju\u0107i otvoru za sifon, ormari\u0107 nudi mogu\u0107nost da ga postavite ispod umivaonika i na taj na\u010din prekrijete komponente koje vam smetaju.Bijele MDF plo\u010de i 1 rustikalna klizna vrata daju mu vintage \u0161arm. Svojim dobrim izgledom ovaj ormari\u0107 za umivaonik privla\u010di sva\u010diju pozornost.\" \/>\n<meta property=\"og:url\" content=\"https:\/\/inti.hr\/sr\/proizvod\/ormaric-s-kliznim-vratima-za-kupaonicu\/\" \/>\n<meta property=\"og:site_name\" content=\"Inti\" \/>\n<meta property=\"og:image\" content=\"https:\/\/i0.wp.com\/inti.hr\/wp-content\/uploads\/2022\/08\/BZR61-W-Y001_1800x1800.webp?fit=1600%2C1600&ssl=1\" \/>\n\t<meta property=\"og:image:width\" content=\"1600\" \/>\n\t<meta property=\"og:image:height\" content=\"1600\" \/>\n\t<meta property=\"og:image:type\" content=\"image\/webp\" \/>\n<meta name=\"twitter:card\" content=\"summary_large_image\" \/>\n<script type=\"application\/ld+json\" class=\"yoast-schema-graph\">{\"@context\":\"https:\/\/schema.org\",\"@graph\":[{\"@type\":\"WebPage\",\"@id\":\"https:\/\/inti.hr\/sr\/proizvod\/ormaric-s-kliznim-vratima-za-kupaonicu\/\",\"url\":\"https:\/\/inti.hr\/sr\/proizvod\/ormaric-s-kliznim-vratima-za-kupaonicu\/\",\"name\":\"Ormari\u0107 s kliznim vratima za kupaonicu - Inti\",\"isPartOf\":{\"@id\":\"https:\/\/inti.hr\/sr\/#website\"},\"primaryImageOfPage\":{\"@id\":\"https:\/\/inti.hr\/sr\/proizvod\/ormaric-s-kliznim-vratima-za-kupaonicu\/#primaryimage\"},\"image\":{\"@id\":\"https:\/\/inti.hr\/sr\/proizvod\/ormaric-s-kliznim-vratima-za-kupaonicu\/#primaryimage\"},\"thumbnailUrl\":\"https:\/\/i0.wp.com\/inti.hr\/wp-content\/uploads\/2022\/08\/BZR61-W-Y001_1800x1800.webp?fit=1600%2C1600&ssl=1\",\"datePublished\":\"2022-08-29T07:48:59+00:00\",\"dateModified\":\"2022-08-29T07:48:59+00:00\",\"description\":\"S prakti\u010dnim i jednostavnim ormari\u0107em za umivaonik kona\u010dno imate dovoljno mjesta u kupaonici. To je idealno rje\u0161enje za odr\u017eavanje va\u0161e kupaonice urednom.Ru\u010dnici i toaletni papir mogu se jednostavno spremiti u otvoreni pretinac. Iza vrata, ovaj ormari\u0107 nudi dovoljno prostora za pohranu deterd\u017eenta, sredstva za \u010di\u0161\u0107enje kupaonice i ostalih potrep\u0161tina za kupaonicu te ih bolje za\u0161titi od vode, pra\u0161ine itd.Klimavi ormari\u0107i oduvijek nisu bili omiljeni. Ispod svake noge nalazi se mali jastu\u010di\u0107 za za\u0161titu poda od ogrebotina. Noge osiguravaju da se neravnine na podu izravnaju i da se stol ne klima.Zahvaljuju\u0107i otvoru za sifon, ormari\u0107 nudi mogu\u0107nost da ga postavite ispod umivaonika i na taj na\u010din prekrijete komponente koje vam smetaju.Bijele MDF plo\u010de i 1 rustikalna klizna vrata daju mu vintage \u0161arm. Svojim dobrim izgledom ovaj ormari\u0107 za umivaonik privla\u010di sva\u010diju pozornost.\",\"breadcrumb\":{\"@id\":\"https:\/\/inti.hr\/sr\/proizvod\/ormaric-s-kliznim-vratima-za-kupaonicu\/#breadcrumb\"},\"inLanguage\":\"sr-RS\",\"potentialAction\":[{\"@type\":\"ReadAction\",\"target\":[\"https:\/\/inti.hr\/sr\/proizvod\/ormaric-s-kliznim-vratima-za-kupaonicu\/\"]}]},{\"@type\":\"ImageObject\",\"inLanguage\":\"sr-RS\",\"@id\":\"https:\/\/inti.hr\/sr\/proizvod\/ormaric-s-kliznim-vratima-za-kupaonicu\/#primaryimage\",\"url\":\"https:\/\/i0.wp.com\/inti.hr\/wp-content\/uploads\/2022\/08\/BZR61-W-Y001_1800x1800.webp?fit=1600%2C1600&ssl=1\",\"contentUrl\":\"https:\/\/i0.wp.com\/inti.hr\/wp-content\/uploads\/2022\/08\/BZR61-W-Y001_1800x1800.webp?fit=1600%2C1600&ssl=1\",\"width\":1600,\"height\":1600},{\"@type\":\"BreadcrumbList\",\"@id\":\"https:\/\/inti.hr\/sr\/proizvod\/ormaric-s-kliznim-vratima-za-kupaonicu\/#breadcrumb\",\"itemListElement\":[{\"@type\":\"ListItem\",\"position\":1,\"name\":\"Po\u010detna stranica\",\"item\":\"https:\/\/inti.hr\/sr\/\"},{\"@type\":\"ListItem\",\"position\":2,\"name\":\"Prodavnica\",\"item\":\"https:\/\/inti.hr\/sr\/prodavnica\/\"},{\"@type\":\"ListItem\",\"position\":3,\"name\":\"Ormari\u0107 s kliznim vratima za kupaonicu\"}]},{\"@type\":\"WebSite\",\"@id\":\"https:\/\/inti.hr\/sr\/#website\",\"url\":\"https:\/\/inti.hr\/sr\/\",\"name\":\"Inti\",\"description\":\"trgovina\",\"potentialAction\":[{\"@type\":\"SearchAction\",\"target\":{\"@type\":\"EntryPoint\",\"urlTemplate\":\"https:\/\/inti.hr\/sr\/?s={search_term_string}\"},\"query-input\":{\"@type\":\"PropertyValueSpecification\",\"valueRequired\":true,\"valueName\":\"search_term_string\"}}],\"inLanguage\":\"sr-RS\"}]}<\/script>\n<!-- \/ Yoast SEO plugin. -->","yoast_head_json":{"title":"Ormari\u0107 s kliznim vratima za kupaonicu - Inti","description":"S prakti\u010dnim i jednostavnim ormari\u0107em za umivaonik kona\u010dno imate dovoljno mjesta u kupaonici. To je idealno rje\u0161enje za odr\u017eavanje va\u0161e kupaonice urednom.Ru\u010dnici i toaletni papir mogu se jednostavno spremiti u otvoreni pretinac. Iza vrata, ovaj ormari\u0107 nudi dovoljno prostora za pohranu deterd\u017eenta, sredstva za \u010di\u0161\u0107enje kupaonice i ostalih potrep\u0161tina za kupaonicu te ih bolje za\u0161titi od vode, pra\u0161ine itd.Klimavi ormari\u0107i oduvijek nisu bili omiljeni. Ispod svake noge nalazi se mali jastu\u010di\u0107 za za\u0161titu poda od ogrebotina. Noge osiguravaju da se neravnine na podu izravnaju i da se stol ne klima.Zahvaljuju\u0107i otvoru za sifon, ormari\u0107 nudi mogu\u0107nost da ga postavite ispod umivaonika i na taj na\u010din prekrijete komponente koje vam smetaju.Bijele MDF plo\u010de i 1 rustikalna klizna vrata daju mu vintage \u0161arm. Svojim dobrim izgledom ovaj ormari\u0107 za umivaonik privla\u010di sva\u010diju pozornost.","robots":{"index":"index","follow":"follow","max-snippet":"max-snippet:-1","max-image-preview":"max-image-preview:large","max-video-preview":"max-video-preview:-1"},"canonical":"https:\/\/inti.hr\/sr\/proizvod\/ormaric-s-kliznim-vratima-za-kupaonicu\/","og_locale":"sr_RS","og_type":"article","og_title":"Ormari\u0107 s kliznim vratima za kupaonicu - Inti","og_description":"S prakti\u010dnim i jednostavnim ormari\u0107em za umivaonik kona\u010dno imate dovoljno mjesta u kupaonici. To je idealno rje\u0161enje za odr\u017eavanje va\u0161e kupaonice urednom.Ru\u010dnici i toaletni papir mogu se jednostavno spremiti u otvoreni pretinac. Iza vrata, ovaj ormari\u0107 nudi dovoljno prostora za pohranu deterd\u017eenta, sredstva za \u010di\u0161\u0107enje kupaonice i ostalih potrep\u0161tina za kupaonicu te ih bolje za\u0161titi od vode, pra\u0161ine itd.Klimavi ormari\u0107i oduvijek nisu bili omiljeni. Ispod svake noge nalazi se mali jastu\u010di\u0107 za za\u0161titu poda od ogrebotina. Noge osiguravaju da se neravnine na podu izravnaju i da se stol ne klima.Zahvaljuju\u0107i otvoru za sifon, ormari\u0107 nudi mogu\u0107nost da ga postavite ispod umivaonika i na taj na\u010din prekrijete komponente koje vam smetaju.Bijele MDF plo\u010de i 1 rustikalna klizna vrata daju mu vintage \u0161arm. Svojim dobrim izgledom ovaj ormari\u0107 za umivaonik privla\u010di sva\u010diju pozornost.","og_url":"https:\/\/inti.hr\/sr\/proizvod\/ormaric-s-kliznim-vratima-za-kupaonicu\/","og_site_name":"Inti","og_image":[{"width":1600,"height":1600,"url":"https:\/\/i0.wp.com\/inti.hr\/wp-content\/uploads\/2022\/08\/BZR61-W-Y001_1800x1800.webp?fit=1600%2C1600&ssl=1","type":"image\/webp"}],"twitter_card":"summary_large_image","schema":{"@context":"https:\/\/schema.org","@graph":[{"@type":"WebPage","@id":"https:\/\/inti.hr\/sr\/proizvod\/ormaric-s-kliznim-vratima-za-kupaonicu\/","url":"https:\/\/inti.hr\/sr\/proizvod\/ormaric-s-kliznim-vratima-za-kupaonicu\/","name":"Ormari\u0107 s kliznim vratima za kupaonicu - Inti","isPartOf":{"@id":"https:\/\/inti.hr\/sr\/#website"},"primaryImageOfPage":{"@id":"https:\/\/inti.hr\/sr\/proizvod\/ormaric-s-kliznim-vratima-za-kupaonicu\/#primaryimage"},"image":{"@id":"https:\/\/inti.hr\/sr\/proizvod\/ormaric-s-kliznim-vratima-za-kupaonicu\/#primaryimage"},"thumbnailUrl":"https:\/\/i0.wp.com\/inti.hr\/wp-content\/uploads\/2022\/08\/BZR61-W-Y001_1800x1800.webp?fit=1600%2C1600&ssl=1","datePublished":"2022-08-29T07:48:59+00:00","dateModified":"2022-08-29T07:48:59+00:00","description":"S prakti\u010dnim i jednostavnim ormari\u0107em za umivaonik kona\u010dno imate dovoljno mjesta u kupaonici. To je idealno rje\u0161enje za odr\u017eavanje va\u0161e kupaonice urednom.Ru\u010dnici i toaletni papir mogu se jednostavno spremiti u otvoreni pretinac. Iza vrata, ovaj ormari\u0107 nudi dovoljno prostora za pohranu deterd\u017eenta, sredstva za \u010di\u0161\u0107enje kupaonice i ostalih potrep\u0161tina za kupaonicu te ih bolje za\u0161titi od vode, pra\u0161ine itd.Klimavi ormari\u0107i oduvijek nisu bili omiljeni. Ispod svake noge nalazi se mali jastu\u010di\u0107 za za\u0161titu poda od ogrebotina. Noge osiguravaju da se neravnine na podu izravnaju i da se stol ne klima.Zahvaljuju\u0107i otvoru za sifon, ormari\u0107 nudi mogu\u0107nost da ga postavite ispod umivaonika i na taj na\u010din prekrijete komponente koje vam smetaju.Bijele MDF plo\u010de i 1 rustikalna klizna vrata daju mu vintage \u0161arm. Svojim dobrim izgledom ovaj ormari\u0107 za umivaonik privla\u010di sva\u010diju pozornost.","breadcrumb":{"@id":"https:\/\/inti.hr\/sr\/proizvod\/ormaric-s-kliznim-vratima-za-kupaonicu\/#breadcrumb"},"inLanguage":"sr-RS","potentialAction":[{"@type":"ReadAction","target":["https:\/\/inti.hr\/sr\/proizvod\/ormaric-s-kliznim-vratima-za-kupaonicu\/"]}]},{"@type":"ImageObject","inLanguage":"sr-RS","@id":"https:\/\/inti.hr\/sr\/proizvod\/ormaric-s-kliznim-vratima-za-kupaonicu\/#primaryimage","url":"https:\/\/i0.wp.com\/inti.hr\/wp-content\/uploads\/2022\/08\/BZR61-W-Y001_1800x1800.webp?fit=1600%2C1600&ssl=1","contentUrl":"https:\/\/i0.wp.com\/inti.hr\/wp-content\/uploads\/2022\/08\/BZR61-W-Y001_1800x1800.webp?fit=1600%2C1600&ssl=1","width":1600,"height":1600},{"@type":"BreadcrumbList","@id":"https:\/\/inti.hr\/sr\/proizvod\/ormaric-s-kliznim-vratima-za-kupaonicu\/#breadcrumb","itemListElement":[{"@type":"ListItem","position":1,"name":"Po\u010detna stranica","item":"https:\/\/inti.hr\/sr\/"},{"@type":"ListItem","position":2,"name":"Prodavnica","item":"https:\/\/inti.hr\/sr\/prodavnica\/"},{"@type":"ListItem","position":3,"name":"Ormari\u0107 s kliznim vratima za kupaonicu"}]},{"@type":"WebSite","@id":"https:\/\/inti.hr\/sr\/#website","url":"https:\/\/inti.hr\/sr\/","name":"Inti","description":"trgovina","potentialAction":[{"@type":"SearchAction","target":{"@type":"EntryPoint","urlTemplate":"https:\/\/inti.hr\/sr\/?s={search_term_string}"},"query-input":{"@type":"PropertyValueSpecification","valueRequired":true,"valueName":"search_term_string"}}],"inLanguage":"sr-RS"}]}},"jetpack_sharing_enabled":true,"jetpack-related-posts":[],"_links":{"self":[{"href":"https:\/\/inti.hr\/sr\/wp-json\/wp\/v2\/product\/36737"}],"collection":[{"href":"https:\/\/inti.hr\/sr\/wp-json\/wp\/v2\/product"}],"about":[{"href":"https:\/\/inti.hr\/sr\/wp-json\/wp\/v2\/types\/product"}],"wp:featuredmedia":[{"embeddable":true,"href":"https:\/\/inti.hr\/sr\/wp-json\/wp\/v2\/media\/36738"}],"wp:attachment":[{"href":"https:\/\/inti.hr\/sr\/wp-json\/wp\/v2\/media?parent=36737"}],"wp:term":[{"taxonomy":"product_cat","embeddable":true,"href":"https:\/\/inti.hr\/sr\/wp-json\/wp\/v2\/product_cat?post=36737"},{"taxonomy":"product_tag","embeddable":true,"href":"https:\/\/inti.hr\/sr\/wp-json\/wp\/v2\/product_tag?post=36737"}],"curies":[{"name":"wp","href":"https:\/\/api.w.org\/{rel}","templated":true}]}}