{"id":36749,"date":"2022-08-29T07:03:16","date_gmt":"2022-08-29T07:03:16","guid":{"rendered":"https:\/\/inti.hr\/product\/uredska-stolica-crna\/"},"modified":"2022-08-29T07:03:16","modified_gmt":"2022-08-29T07:03:16","slug":"uredska-stolica-crna","status":"publish","type":"product","link":"https:\/\/inti.hr\/sr\/proizvod\/uredska-stolica-crna\/","title":{"rendered":"Uredska stolica crna"},"content":{"rendered":"<p><span>Detalji o proizvodu:<\/span><\/p>\n<p><span>Crna boja<\/span><\/p>\n<p><span>Materijal: okvir od \u010delika i \u0161perplo\u010de, punjenje od pjene, povr\u0161ina od imitacije platna, kota\u010di\u0107i od PU plastike<\/span><\/p>\n<p><span>Ukupna veli\u010dina stolice: 65 x 69 x (83-93) cm (D x \u0160 x V)<\/span><\/p>\n<p><span>Visina sjedala (od tla): 45-55 cm<\/span><\/p>\n<p><span>Dimenzije sjedala: 47,5 x 44 cm (D x \u0160)<\/span><\/p>\n<p><span>Visina naslona: 49 cm<\/span><\/p>\n<p><span>Te\u017eina: 9,4 kg<\/span><\/p>\n<p><span>Maksimalno stati\u010dko optere\u0107enje: 120 kg<\/span><\/p>\n","protected":false},"excerpt":{"rendered":"<p><span>Zahvaljuju\u0107i dobro podstavljenom naslonu za le\u0111a i ruke, pritisak na va\u0161e &#8230; <\/p>\n","protected":false},"featured_media":36750,"template":"","meta":[],"product_cat":[2440],"product_tag":[2656,2795,2833],"yoast_head":"<!-- This site is optimized with the Yoast SEO plugin v23.7 - https:\/\/yoast.com\/wordpress\/plugins\/seo\/ -->\n<title>Uredska stolica crna - Inti<\/title>\n<meta name=\"description\" content=\"Zahvaljuju\u0107i dobro podstavljenom naslonu za le\u0111a i ruke, pritisak na va\u0161e tijelo tako\u0111er je idealno raspore\u0111en.\u00a0Prozra\u010dna povr\u0161ina imitacije crnog lana tako\u0111er \u010dini sjedenje na ovoj stolici \u010distim u\u017eitkom. Obline naslona za le\u0111a i ruke daju ovoj uredskoj stolici jedinstven moderan dodir.\u00a0PU kota\u010di\u0107i osiguravaju da mo\u017eete glatko kliziti kroz radnu sobu, dnevni boravak, spava\u0107u sobu i ured.\u00a0Zahvaljuju\u0107i uklju\u010denim rezervnim vijcima, uvijek ste dobro pripremljeni za neo\u010dekivane doga\u0111aje.\" \/>\n<meta name=\"robots\" content=\"index, follow, max-snippet:-1, max-image-preview:large, max-video-preview:-1\" \/>\n<link rel=\"canonical\" href=\"https:\/\/inti.hr\/sr\/proizvod\/uredska-stolica-crna\/\" \/>\n<meta property=\"og:locale\" content=\"sr_RS\" \/>\n<meta property=\"og:type\" content=\"article\" \/>\n<meta property=\"og:title\" content=\"Uredska stolica crna - Inti\" \/>\n<meta property=\"og:description\" content=\"Zahvaljuju\u0107i dobro podstavljenom naslonu za le\u0111a i ruke, pritisak na va\u0161e tijelo tako\u0111er je idealno raspore\u0111en.\u00a0Prozra\u010dna povr\u0161ina imitacije crnog lana tako\u0111er \u010dini sjedenje na ovoj stolici \u010distim u\u017eitkom. Obline naslona za le\u0111a i ruke daju ovoj uredskoj stolici jedinstven moderan dodir.\u00a0PU kota\u010di\u0107i osiguravaju da mo\u017eete glatko kliziti kroz radnu sobu, dnevni boravak, spava\u0107u sobu i ured.\u00a0Zahvaljuju\u0107i uklju\u010denim rezervnim vijcima, uvijek ste dobro pripremljeni za neo\u010dekivane doga\u0111aje.\" \/>\n<meta property=\"og:url\" content=\"https:\/\/inti.hr\/sr\/proizvod\/uredska-stolica-crna\/\" \/>\n<meta property=\"og:site_name\" content=\"Inti\" \/>\n<meta property=\"og:image\" content=\"https:\/\/i0.wp.com\/inti.hr\/wp-content\/uploads\/2022\/08\/OBG019B01-2.jpg?fit=750%2C750&ssl=1\" \/>\n\t<meta property=\"og:image:width\" content=\"750\" \/>\n\t<meta property=\"og:image:height\" content=\"750\" \/>\n\t<meta property=\"og:image:type\" content=\"image\/jpeg\" \/>\n<meta name=\"twitter:card\" content=\"summary_large_image\" \/>\n<script type=\"application\/ld+json\" class=\"yoast-schema-graph\">{\"@context\":\"https:\/\/schema.org\",\"@graph\":[{\"@type\":\"WebPage\",\"@id\":\"https:\/\/inti.hr\/sr\/proizvod\/uredska-stolica-crna\/\",\"url\":\"https:\/\/inti.hr\/sr\/proizvod\/uredska-stolica-crna\/\",\"name\":\"Uredska stolica crna - Inti\",\"isPartOf\":{\"@id\":\"https:\/\/inti.hr\/sr\/#website\"},\"primaryImageOfPage\":{\"@id\":\"https:\/\/inti.hr\/sr\/proizvod\/uredska-stolica-crna\/#primaryimage\"},\"image\":{\"@id\":\"https:\/\/inti.hr\/sr\/proizvod\/uredska-stolica-crna\/#primaryimage\"},\"thumbnailUrl\":\"https:\/\/i0.wp.com\/inti.hr\/wp-content\/uploads\/2022\/08\/OBG019B01-2.jpg?fit=750%2C750&ssl=1\",\"datePublished\":\"2022-08-29T07:03:16+00:00\",\"dateModified\":\"2022-08-29T07:03:16+00:00\",\"description\":\"Zahvaljuju\u0107i dobro podstavljenom naslonu za le\u0111a i ruke, pritisak na va\u0161e tijelo tako\u0111er je idealno raspore\u0111en.\u00a0Prozra\u010dna povr\u0161ina imitacije crnog lana tako\u0111er \u010dini sjedenje na ovoj stolici \u010distim u\u017eitkom. Obline naslona za le\u0111a i ruke daju ovoj uredskoj stolici jedinstven moderan dodir.\u00a0PU kota\u010di\u0107i osiguravaju da mo\u017eete glatko kliziti kroz radnu sobu, dnevni boravak, spava\u0107u sobu i ured.\u00a0Zahvaljuju\u0107i uklju\u010denim rezervnim vijcima, uvijek ste dobro pripremljeni za neo\u010dekivane doga\u0111aje.\",\"breadcrumb\":{\"@id\":\"https:\/\/inti.hr\/sr\/proizvod\/uredska-stolica-crna\/#breadcrumb\"},\"inLanguage\":\"sr-RS\",\"potentialAction\":[{\"@type\":\"ReadAction\",\"target\":[\"https:\/\/inti.hr\/sr\/proizvod\/uredska-stolica-crna\/\"]}]},{\"@type\":\"ImageObject\",\"inLanguage\":\"sr-RS\",\"@id\":\"https:\/\/inti.hr\/sr\/proizvod\/uredska-stolica-crna\/#primaryimage\",\"url\":\"https:\/\/i0.wp.com\/inti.hr\/wp-content\/uploads\/2022\/08\/OBG019B01-2.jpg?fit=750%2C750&ssl=1\",\"contentUrl\":\"https:\/\/i0.wp.com\/inti.hr\/wp-content\/uploads\/2022\/08\/OBG019B01-2.jpg?fit=750%2C750&ssl=1\",\"width\":750,\"height\":750},{\"@type\":\"BreadcrumbList\",\"@id\":\"https:\/\/inti.hr\/sr\/proizvod\/uredska-stolica-crna\/#breadcrumb\",\"itemListElement\":[{\"@type\":\"ListItem\",\"position\":1,\"name\":\"Po\u010detna stranica\",\"item\":\"https:\/\/inti.hr\/sr\/\"},{\"@type\":\"ListItem\",\"position\":2,\"name\":\"Prodavnica\",\"item\":\"https:\/\/inti.hr\/sr\/prodavnica\/\"},{\"@type\":\"ListItem\",\"position\":3,\"name\":\"Uredska stolica crna\"}]},{\"@type\":\"WebSite\",\"@id\":\"https:\/\/inti.hr\/sr\/#website\",\"url\":\"https:\/\/inti.hr\/sr\/\",\"name\":\"Inti\",\"description\":\"trgovina\",\"potentialAction\":[{\"@type\":\"SearchAction\",\"target\":{\"@type\":\"EntryPoint\",\"urlTemplate\":\"https:\/\/inti.hr\/sr\/?s={search_term_string}\"},\"query-input\":{\"@type\":\"PropertyValueSpecification\",\"valueRequired\":true,\"valueName\":\"search_term_string\"}}],\"inLanguage\":\"sr-RS\"}]}<\/script>\n<!-- \/ Yoast SEO plugin. -->","yoast_head_json":{"title":"Uredska stolica crna - Inti","description":"Zahvaljuju\u0107i dobro podstavljenom naslonu za le\u0111a i ruke, pritisak na va\u0161e tijelo tako\u0111er je idealno raspore\u0111en.\u00a0Prozra\u010dna povr\u0161ina imitacije crnog lana tako\u0111er \u010dini sjedenje na ovoj stolici \u010distim u\u017eitkom. Obline naslona za le\u0111a i ruke daju ovoj uredskoj stolici jedinstven moderan dodir.\u00a0PU kota\u010di\u0107i osiguravaju da mo\u017eete glatko kliziti kroz radnu sobu, dnevni boravak, spava\u0107u sobu i ured.\u00a0Zahvaljuju\u0107i uklju\u010denim rezervnim vijcima, uvijek ste dobro pripremljeni za neo\u010dekivane doga\u0111aje.","robots":{"index":"index","follow":"follow","max-snippet":"max-snippet:-1","max-image-preview":"max-image-preview:large","max-video-preview":"max-video-preview:-1"},"canonical":"https:\/\/inti.hr\/sr\/proizvod\/uredska-stolica-crna\/","og_locale":"sr_RS","og_type":"article","og_title":"Uredska stolica crna - Inti","og_description":"Zahvaljuju\u0107i dobro podstavljenom naslonu za le\u0111a i ruke, pritisak na va\u0161e tijelo tako\u0111er je idealno raspore\u0111en.\u00a0Prozra\u010dna povr\u0161ina imitacije crnog lana tako\u0111er \u010dini sjedenje na ovoj stolici \u010distim u\u017eitkom. Obline naslona za le\u0111a i ruke daju ovoj uredskoj stolici jedinstven moderan dodir.\u00a0PU kota\u010di\u0107i osiguravaju da mo\u017eete glatko kliziti kroz radnu sobu, dnevni boravak, spava\u0107u sobu i ured.\u00a0Zahvaljuju\u0107i uklju\u010denim rezervnim vijcima, uvijek ste dobro pripremljeni za neo\u010dekivane doga\u0111aje.","og_url":"https:\/\/inti.hr\/sr\/proizvod\/uredska-stolica-crna\/","og_site_name":"Inti","og_image":[{"width":750,"height":750,"url":"https:\/\/i0.wp.com\/inti.hr\/wp-content\/uploads\/2022\/08\/OBG019B01-2.jpg?fit=750%2C750&ssl=1","type":"image\/jpeg"}],"twitter_card":"summary_large_image","schema":{"@context":"https:\/\/schema.org","@graph":[{"@type":"WebPage","@id":"https:\/\/inti.hr\/sr\/proizvod\/uredska-stolica-crna\/","url":"https:\/\/inti.hr\/sr\/proizvod\/uredska-stolica-crna\/","name":"Uredska stolica crna - Inti","isPartOf":{"@id":"https:\/\/inti.hr\/sr\/#website"},"primaryImageOfPage":{"@id":"https:\/\/inti.hr\/sr\/proizvod\/uredska-stolica-crna\/#primaryimage"},"image":{"@id":"https:\/\/inti.hr\/sr\/proizvod\/uredska-stolica-crna\/#primaryimage"},"thumbnailUrl":"https:\/\/i0.wp.com\/inti.hr\/wp-content\/uploads\/2022\/08\/OBG019B01-2.jpg?fit=750%2C750&ssl=1","datePublished":"2022-08-29T07:03:16+00:00","dateModified":"2022-08-29T07:03:16+00:00","description":"Zahvaljuju\u0107i dobro podstavljenom naslonu za le\u0111a i ruke, pritisak na va\u0161e tijelo tako\u0111er je idealno raspore\u0111en.\u00a0Prozra\u010dna povr\u0161ina imitacije crnog lana tako\u0111er \u010dini sjedenje na ovoj stolici \u010distim u\u017eitkom. Obline naslona za le\u0111a i ruke daju ovoj uredskoj stolici jedinstven moderan dodir.\u00a0PU kota\u010di\u0107i osiguravaju da mo\u017eete glatko kliziti kroz radnu sobu, dnevni boravak, spava\u0107u sobu i ured.\u00a0Zahvaljuju\u0107i uklju\u010denim rezervnim vijcima, uvijek ste dobro pripremljeni za neo\u010dekivane doga\u0111aje.","breadcrumb":{"@id":"https:\/\/inti.hr\/sr\/proizvod\/uredska-stolica-crna\/#breadcrumb"},"inLanguage":"sr-RS","potentialAction":[{"@type":"ReadAction","target":["https:\/\/inti.hr\/sr\/proizvod\/uredska-stolica-crna\/"]}]},{"@type":"ImageObject","inLanguage":"sr-RS","@id":"https:\/\/inti.hr\/sr\/proizvod\/uredska-stolica-crna\/#primaryimage","url":"https:\/\/i0.wp.com\/inti.hr\/wp-content\/uploads\/2022\/08\/OBG019B01-2.jpg?fit=750%2C750&ssl=1","contentUrl":"https:\/\/i0.wp.com\/inti.hr\/wp-content\/uploads\/2022\/08\/OBG019B01-2.jpg?fit=750%2C750&ssl=1","width":750,"height":750},{"@type":"BreadcrumbList","@id":"https:\/\/inti.hr\/sr\/proizvod\/uredska-stolica-crna\/#breadcrumb","itemListElement":[{"@type":"ListItem","position":1,"name":"Po\u010detna stranica","item":"https:\/\/inti.hr\/sr\/"},{"@type":"ListItem","position":2,"name":"Prodavnica","item":"https:\/\/inti.hr\/sr\/prodavnica\/"},{"@type":"ListItem","position":3,"name":"Uredska stolica crna"}]},{"@type":"WebSite","@id":"https:\/\/inti.hr\/sr\/#website","url":"https:\/\/inti.hr\/sr\/","name":"Inti","description":"trgovina","potentialAction":[{"@type":"SearchAction","target":{"@type":"EntryPoint","urlTemplate":"https:\/\/inti.hr\/sr\/?s={search_term_string}"},"query-input":{"@type":"PropertyValueSpecification","valueRequired":true,"valueName":"search_term_string"}}],"inLanguage":"sr-RS"}]}},"jetpack_sharing_enabled":true,"jetpack-related-posts":[],"_links":{"self":[{"href":"https:\/\/inti.hr\/sr\/wp-json\/wp\/v2\/product\/36749"}],"collection":[{"href":"https:\/\/inti.hr\/sr\/wp-json\/wp\/v2\/product"}],"about":[{"href":"https:\/\/inti.hr\/sr\/wp-json\/wp\/v2\/types\/product"}],"wp:featuredmedia":[{"embeddable":true,"href":"https:\/\/inti.hr\/sr\/wp-json\/wp\/v2\/media\/36750"}],"wp:attachment":[{"href":"https:\/\/inti.hr\/sr\/wp-json\/wp\/v2\/media?parent=36749"}],"wp:term":[{"taxonomy":"product_cat","embeddable":true,"href":"https:\/\/inti.hr\/sr\/wp-json\/wp\/v2\/product_cat?post=36749"},{"taxonomy":"product_tag","embeddable":true,"href":"https:\/\/inti.hr\/sr\/wp-json\/wp\/v2\/product_tag?post=36749"}],"curies":[{"name":"wp","href":"https:\/\/api.w.org\/{rel}","templated":true}]}}