{"id":36757,"date":"2022-05-26T10:23:43","date_gmt":"2022-05-26T10:23:43","guid":{"rendered":"https:\/\/inti.hr\/product\/modularni-ormar-za-garderobu\/"},"modified":"2022-05-26T10:23:43","modified_gmt":"2022-05-26T10:23:43","slug":"modularni-ormar-za-garderobu","status":"publish","type":"product","link":"https:\/\/inti.hr\/sr\/proizvod\/modularni-ormar-za-garderobu\/","title":{"rendered":"Modularni ormar za garderobu"},"content":{"rendered":"<p>Detalji proizvoda:<\/p>\n<ul>\n<li>Podesiva visina: 103 ~ 278 cm; Duljina: 160 ~ 195 cm<\/li>\n<li>Materijal: \u017eeljezo premazano prahom i PP;\u00a0te\u017eina: 8 kg<\/li>\n<li>Mo\u017ee se montirati bez bu\u0161ilice izme\u0111u poda i stropa; uklju\u010den 1 besplatni stup za u\u017ead<\/li>\n<li>Velika stabilnost, maksimalno optere\u0107enje: 15 kg svaka ko\u0161ara; 20 kg svaki stup.<\/li>\n<\/ul>\n","protected":false},"excerpt":{"rendered":"<p>Teleskopski sustav za odr\u017eavanje urednosti svake sobe.<\/p>\n<p>Set je podesiv po visini &#8230; <\/p>\n","protected":false},"featured_media":36758,"template":"","meta":[],"product_cat":[2416],"product_tag":[4910,4911,2677],"yoast_head":"<!-- This site is optimized with the Yoast SEO plugin v23.7 - https:\/\/yoast.com\/wordpress\/plugins\/seo\/ -->\n<title>Modularni ormar za garderobu - Inti<\/title>\n<meta name=\"description\" content=\"Teleskopski sustav za odr\u017eavanje urednosti svake sobe.Set je podesiv po visini prema va\u0161im potrebama.Monta\u017ea je brza i jednostavna, bez vijaka ili rupa, izra\u0111ena od \u010dvrstog metala premazanog prahom i kvalitetnih PP plasti\u010dnih dijelova.\" \/>\n<meta name=\"robots\" content=\"index, follow, max-snippet:-1, max-image-preview:large, max-video-preview:-1\" \/>\n<link rel=\"canonical\" href=\"https:\/\/inti.hr\/sr\/proizvod\/modularni-ormar-za-garderobu\/\" \/>\n<meta property=\"og:locale\" content=\"sr_RS\" \/>\n<meta property=\"og:type\" content=\"article\" \/>\n<meta property=\"og:title\" content=\"Modularni ormar za garderobu - Inti\" \/>\n<meta property=\"og:description\" content=\"Teleskopski sustav za odr\u017eavanje urednosti svake sobe.Set je podesiv po visini prema va\u0161im potrebama.Monta\u017ea je brza i jednostavna, bez vijaka ili rupa, izra\u0111ena od \u010dvrstog metala premazanog prahom i kvalitetnih PP plasti\u010dnih dijelova.\" \/>\n<meta property=\"og:url\" content=\"https:\/\/inti.hr\/sr\/proizvod\/modularni-ormar-za-garderobu\/\" \/>\n<meta property=\"og:site_name\" content=\"Inti\" \/>\n<meta property=\"og:image\" content=\"https:\/\/i0.wp.com\/inti.hr\/wp-content\/uploads\/2022\/05\/FRG34-W-S002.webp?fit=1600%2C1600&ssl=1\" \/>\n\t<meta property=\"og:image:width\" content=\"1600\" \/>\n\t<meta property=\"og:image:height\" content=\"1600\" \/>\n\t<meta property=\"og:image:type\" content=\"image\/webp\" \/>\n<meta name=\"twitter:card\" content=\"summary_large_image\" \/>\n<script type=\"application\/ld+json\" class=\"yoast-schema-graph\">{\"@context\":\"https:\/\/schema.org\",\"@graph\":[{\"@type\":\"WebPage\",\"@id\":\"https:\/\/inti.hr\/sr\/proizvod\/modularni-ormar-za-garderobu\/\",\"url\":\"https:\/\/inti.hr\/sr\/proizvod\/modularni-ormar-za-garderobu\/\",\"name\":\"Modularni ormar za garderobu - Inti\",\"isPartOf\":{\"@id\":\"https:\/\/inti.hr\/sr\/#website\"},\"primaryImageOfPage\":{\"@id\":\"https:\/\/inti.hr\/sr\/proizvod\/modularni-ormar-za-garderobu\/#primaryimage\"},\"image\":{\"@id\":\"https:\/\/inti.hr\/sr\/proizvod\/modularni-ormar-za-garderobu\/#primaryimage\"},\"thumbnailUrl\":\"https:\/\/i0.wp.com\/inti.hr\/wp-content\/uploads\/2022\/05\/FRG34-W-S002.webp?fit=1600%2C1600&ssl=1\",\"datePublished\":\"2022-05-26T10:23:43+00:00\",\"dateModified\":\"2022-05-26T10:23:43+00:00\",\"description\":\"Teleskopski sustav za odr\u017eavanje urednosti svake sobe.Set je podesiv po visini prema va\u0161im potrebama.Monta\u017ea je brza i jednostavna, bez vijaka ili rupa, izra\u0111ena od \u010dvrstog metala premazanog prahom i kvalitetnih PP plasti\u010dnih dijelova.\",\"breadcrumb\":{\"@id\":\"https:\/\/inti.hr\/sr\/proizvod\/modularni-ormar-za-garderobu\/#breadcrumb\"},\"inLanguage\":\"sr-RS\",\"potentialAction\":[{\"@type\":\"ReadAction\",\"target\":[\"https:\/\/inti.hr\/sr\/proizvod\/modularni-ormar-za-garderobu\/\"]}]},{\"@type\":\"ImageObject\",\"inLanguage\":\"sr-RS\",\"@id\":\"https:\/\/inti.hr\/sr\/proizvod\/modularni-ormar-za-garderobu\/#primaryimage\",\"url\":\"https:\/\/i0.wp.com\/inti.hr\/wp-content\/uploads\/2022\/05\/FRG34-W-S002.webp?fit=1600%2C1600&ssl=1\",\"contentUrl\":\"https:\/\/i0.wp.com\/inti.hr\/wp-content\/uploads\/2022\/05\/FRG34-W-S002.webp?fit=1600%2C1600&ssl=1\",\"width\":1600,\"height\":1600},{\"@type\":\"BreadcrumbList\",\"@id\":\"https:\/\/inti.hr\/sr\/proizvod\/modularni-ormar-za-garderobu\/#breadcrumb\",\"itemListElement\":[{\"@type\":\"ListItem\",\"position\":1,\"name\":\"Po\u010detna stranica\",\"item\":\"https:\/\/inti.hr\/sr\/\"},{\"@type\":\"ListItem\",\"position\":2,\"name\":\"Prodavnica\",\"item\":\"https:\/\/inti.hr\/sr\/prodavnica\/\"},{\"@type\":\"ListItem\",\"position\":3,\"name\":\"Modularni ormar za garderobu\"}]},{\"@type\":\"WebSite\",\"@id\":\"https:\/\/inti.hr\/sr\/#website\",\"url\":\"https:\/\/inti.hr\/sr\/\",\"name\":\"Inti\",\"description\":\"trgovina\",\"potentialAction\":[{\"@type\":\"SearchAction\",\"target\":{\"@type\":\"EntryPoint\",\"urlTemplate\":\"https:\/\/inti.hr\/sr\/?s={search_term_string}\"},\"query-input\":{\"@type\":\"PropertyValueSpecification\",\"valueRequired\":true,\"valueName\":\"search_term_string\"}}],\"inLanguage\":\"sr-RS\"}]}<\/script>\n<!-- \/ Yoast SEO plugin. -->","yoast_head_json":{"title":"Modularni ormar za garderobu - Inti","description":"Teleskopski sustav za odr\u017eavanje urednosti svake sobe.Set je podesiv po visini prema va\u0161im potrebama.Monta\u017ea je brza i jednostavna, bez vijaka ili rupa, izra\u0111ena od \u010dvrstog metala premazanog prahom i kvalitetnih PP plasti\u010dnih dijelova.","robots":{"index":"index","follow":"follow","max-snippet":"max-snippet:-1","max-image-preview":"max-image-preview:large","max-video-preview":"max-video-preview:-1"},"canonical":"https:\/\/inti.hr\/sr\/proizvod\/modularni-ormar-za-garderobu\/","og_locale":"sr_RS","og_type":"article","og_title":"Modularni ormar za garderobu - Inti","og_description":"Teleskopski sustav za odr\u017eavanje urednosti svake sobe.Set je podesiv po visini prema va\u0161im potrebama.Monta\u017ea je brza i jednostavna, bez vijaka ili rupa, izra\u0111ena od \u010dvrstog metala premazanog prahom i kvalitetnih PP plasti\u010dnih dijelova.","og_url":"https:\/\/inti.hr\/sr\/proizvod\/modularni-ormar-za-garderobu\/","og_site_name":"Inti","og_image":[{"width":1600,"height":1600,"url":"https:\/\/i0.wp.com\/inti.hr\/wp-content\/uploads\/2022\/05\/FRG34-W-S002.webp?fit=1600%2C1600&ssl=1","type":"image\/webp"}],"twitter_card":"summary_large_image","schema":{"@context":"https:\/\/schema.org","@graph":[{"@type":"WebPage","@id":"https:\/\/inti.hr\/sr\/proizvod\/modularni-ormar-za-garderobu\/","url":"https:\/\/inti.hr\/sr\/proizvod\/modularni-ormar-za-garderobu\/","name":"Modularni ormar za garderobu - Inti","isPartOf":{"@id":"https:\/\/inti.hr\/sr\/#website"},"primaryImageOfPage":{"@id":"https:\/\/inti.hr\/sr\/proizvod\/modularni-ormar-za-garderobu\/#primaryimage"},"image":{"@id":"https:\/\/inti.hr\/sr\/proizvod\/modularni-ormar-za-garderobu\/#primaryimage"},"thumbnailUrl":"https:\/\/i0.wp.com\/inti.hr\/wp-content\/uploads\/2022\/05\/FRG34-W-S002.webp?fit=1600%2C1600&ssl=1","datePublished":"2022-05-26T10:23:43+00:00","dateModified":"2022-05-26T10:23:43+00:00","description":"Teleskopski sustav za odr\u017eavanje urednosti svake sobe.Set je podesiv po visini prema va\u0161im potrebama.Monta\u017ea je brza i jednostavna, bez vijaka ili rupa, izra\u0111ena od \u010dvrstog metala premazanog prahom i kvalitetnih PP plasti\u010dnih dijelova.","breadcrumb":{"@id":"https:\/\/inti.hr\/sr\/proizvod\/modularni-ormar-za-garderobu\/#breadcrumb"},"inLanguage":"sr-RS","potentialAction":[{"@type":"ReadAction","target":["https:\/\/inti.hr\/sr\/proizvod\/modularni-ormar-za-garderobu\/"]}]},{"@type":"ImageObject","inLanguage":"sr-RS","@id":"https:\/\/inti.hr\/sr\/proizvod\/modularni-ormar-za-garderobu\/#primaryimage","url":"https:\/\/i0.wp.com\/inti.hr\/wp-content\/uploads\/2022\/05\/FRG34-W-S002.webp?fit=1600%2C1600&ssl=1","contentUrl":"https:\/\/i0.wp.com\/inti.hr\/wp-content\/uploads\/2022\/05\/FRG34-W-S002.webp?fit=1600%2C1600&ssl=1","width":1600,"height":1600},{"@type":"BreadcrumbList","@id":"https:\/\/inti.hr\/sr\/proizvod\/modularni-ormar-za-garderobu\/#breadcrumb","itemListElement":[{"@type":"ListItem","position":1,"name":"Po\u010detna stranica","item":"https:\/\/inti.hr\/sr\/"},{"@type":"ListItem","position":2,"name":"Prodavnica","item":"https:\/\/inti.hr\/sr\/prodavnica\/"},{"@type":"ListItem","position":3,"name":"Modularni ormar za garderobu"}]},{"@type":"WebSite","@id":"https:\/\/inti.hr\/sr\/#website","url":"https:\/\/inti.hr\/sr\/","name":"Inti","description":"trgovina","potentialAction":[{"@type":"SearchAction","target":{"@type":"EntryPoint","urlTemplate":"https:\/\/inti.hr\/sr\/?s={search_term_string}"},"query-input":{"@type":"PropertyValueSpecification","valueRequired":true,"valueName":"search_term_string"}}],"inLanguage":"sr-RS"}]}},"jetpack_sharing_enabled":true,"jetpack-related-posts":[],"_links":{"self":[{"href":"https:\/\/inti.hr\/sr\/wp-json\/wp\/v2\/product\/36757"}],"collection":[{"href":"https:\/\/inti.hr\/sr\/wp-json\/wp\/v2\/product"}],"about":[{"href":"https:\/\/inti.hr\/sr\/wp-json\/wp\/v2\/types\/product"}],"wp:featuredmedia":[{"embeddable":true,"href":"https:\/\/inti.hr\/sr\/wp-json\/wp\/v2\/media\/36758"}],"wp:attachment":[{"href":"https:\/\/inti.hr\/sr\/wp-json\/wp\/v2\/media?parent=36757"}],"wp:term":[{"taxonomy":"product_cat","embeddable":true,"href":"https:\/\/inti.hr\/sr\/wp-json\/wp\/v2\/product_cat?post=36757"},{"taxonomy":"product_tag","embeddable":true,"href":"https:\/\/inti.hr\/sr\/wp-json\/wp\/v2\/product_tag?post=36757"}],"curies":[{"name":"wp","href":"https:\/\/api.w.org\/{rel}","templated":true}]}}