{"id":36761,"date":"2022-05-26T10:14:56","date_gmt":"2022-05-26T10:14:56","guid":{"rendered":"https:\/\/inti.hr\/product\/djecji-ormaric-za-knjige-bijeli\/"},"modified":"2022-05-26T10:14:56","modified_gmt":"2022-05-26T10:14:56","slug":"djecji-ormaric-za-knjige-bijeli","status":"publish","type":"product","link":"https:\/\/inti.hr\/sr\/proizvod\/djecji-ormaric-za-knjige-bijeli\/","title":{"rendered":"Dje\u010dji ormari\u0107 za knjige bijeli"},"content":{"rendered":"<p>Detalji proizvoda:<\/p>\n<ul>\n<li>Materijali: MDF i iverica, povr\u0161ina: PVC furnir u bijeloj boji<\/li>\n<li>Mjere: L60 * D24 * H107 cm, Te\u017eina: 15 kg, Maksimalno optere\u0107enje: 40 kg<\/li>\n<li>2 police za knjige i \u010dasopise i 2 police i 1 ormar razumno dijele prostor<\/li>\n<li>Zasebno organizirajte knjige i igra\u010dke kako biste zadovoljili razli\u010dite potrebe djece i roditelja.<\/li>\n<li>S uputama za monta\u017eu i vijcima.\u00a0Jednostavna instalacija.<\/li>\n<\/ul>\n","protected":false},"excerpt":{"rendered":"<p>Ovaj bijeli ormari\u0107, jednostavnog i uvijek modernog modela, nesumnjivo \u0107e privu\u0107i &#8230; <\/p>\n","protected":false},"featured_media":36762,"template":"","meta":[],"product_cat":[2411],"product_tag":[3007,2413,4913],"yoast_head":"<!-- This site is optimized with the Yoast SEO plugin v23.7 - https:\/\/yoast.com\/wordpress\/plugins\/seo\/ -->\n<title>Dje\u010dji ormari\u0107 za knjige bijeli - Inti<\/title>\n<meta name=\"description\" content=\"Ovaj bijeli ormari\u0107, jednostavnog i uvijek modernog modela, nesumnjivo \u0107e privu\u0107i pa\u017enju u dnevnom boravku, radnoj ili dje\u010djoj spava\u0107oj sobi. Polica s 2 police za knjige i \u010dasopise te 2 police i 1 ormari\u0107 pru\u017eaju dovoljno prakti\u010dnog prostora za \u010dasopise, knjige, igra\u010dke i jo\u0161 mnogo toga. Moderan dizajn, jednostavan, ali prakti\u010dan. Organizirajte odvojeno knjige i igra\u010dke kako biste zadovoljili razli\u010dite potrebe djece i roditelja.J ednostavna monta\u017ea sa svim isporu\u010denim priborom\" \/>\n<meta name=\"robots\" content=\"index, follow, max-snippet:-1, max-image-preview:large, max-video-preview:-1\" \/>\n<link rel=\"canonical\" href=\"https:\/\/inti.hr\/sr\/proizvod\/djecji-ormaric-za-knjige-bijeli\/\" \/>\n<meta property=\"og:locale\" content=\"sr_RS\" \/>\n<meta property=\"og:type\" content=\"article\" \/>\n<meta property=\"og:title\" content=\"Dje\u010dji ormari\u0107 za knjige bijeli - Inti\" \/>\n<meta property=\"og:description\" content=\"Ovaj bijeli ormari\u0107, jednostavnog i uvijek modernog modela, nesumnjivo \u0107e privu\u0107i pa\u017enju u dnevnom boravku, radnoj ili dje\u010djoj spava\u0107oj sobi. Polica s 2 police za knjige i \u010dasopise te 2 police i 1 ormari\u0107 pru\u017eaju dovoljno prakti\u010dnog prostora za \u010dasopise, knjige, igra\u010dke i jo\u0161 mnogo toga. Moderan dizajn, jednostavan, ali prakti\u010dan. Organizirajte odvojeno knjige i igra\u010dke kako biste zadovoljili razli\u010dite potrebe djece i roditelja.J ednostavna monta\u017ea sa svim isporu\u010denim priborom\" \/>\n<meta property=\"og:url\" content=\"https:\/\/inti.hr\/sr\/proizvod\/djecji-ormaric-za-knjige-bijeli\/\" \/>\n<meta property=\"og:site_name\" content=\"Inti\" \/>\n<meta property=\"og:image\" content=\"https:\/\/i0.wp.com\/inti.hr\/wp-content\/uploads\/2022\/05\/KMB11-W-Y001_39f5fec8-a91c-4f48-926e-ecabd76413d7.webp?fit=709%2C709&ssl=1\" \/>\n\t<meta property=\"og:image:width\" content=\"709\" \/>\n\t<meta property=\"og:image:height\" content=\"709\" \/>\n\t<meta property=\"og:image:type\" content=\"image\/webp\" \/>\n<meta name=\"twitter:card\" content=\"summary_large_image\" \/>\n<script type=\"application\/ld+json\" class=\"yoast-schema-graph\">{\"@context\":\"https:\/\/schema.org\",\"@graph\":[{\"@type\":\"WebPage\",\"@id\":\"https:\/\/inti.hr\/sr\/proizvod\/djecji-ormaric-za-knjige-bijeli\/\",\"url\":\"https:\/\/inti.hr\/sr\/proizvod\/djecji-ormaric-za-knjige-bijeli\/\",\"name\":\"Dje\u010dji ormari\u0107 za knjige bijeli - Inti\",\"isPartOf\":{\"@id\":\"https:\/\/inti.hr\/sr\/#website\"},\"primaryImageOfPage\":{\"@id\":\"https:\/\/inti.hr\/sr\/proizvod\/djecji-ormaric-za-knjige-bijeli\/#primaryimage\"},\"image\":{\"@id\":\"https:\/\/inti.hr\/sr\/proizvod\/djecji-ormaric-za-knjige-bijeli\/#primaryimage\"},\"thumbnailUrl\":\"https:\/\/i0.wp.com\/inti.hr\/wp-content\/uploads\/2022\/05\/KMB11-W-Y001_39f5fec8-a91c-4f48-926e-ecabd76413d7.webp?fit=709%2C709&ssl=1\",\"datePublished\":\"2022-05-26T10:14:56+00:00\",\"dateModified\":\"2022-05-26T10:14:56+00:00\",\"description\":\"Ovaj bijeli ormari\u0107, jednostavnog i uvijek modernog modela, nesumnjivo \u0107e privu\u0107i pa\u017enju u dnevnom boravku, radnoj ili dje\u010djoj spava\u0107oj sobi. Polica s 2 police za knjige i \u010dasopise te 2 police i 1 ormari\u0107 pru\u017eaju dovoljno prakti\u010dnog prostora za \u010dasopise, knjige, igra\u010dke i jo\u0161 mnogo toga. Moderan dizajn, jednostavan, ali prakti\u010dan. Organizirajte odvojeno knjige i igra\u010dke kako biste zadovoljili razli\u010dite potrebe djece i roditelja.J ednostavna monta\u017ea sa svim isporu\u010denim priborom\",\"breadcrumb\":{\"@id\":\"https:\/\/inti.hr\/sr\/proizvod\/djecji-ormaric-za-knjige-bijeli\/#breadcrumb\"},\"inLanguage\":\"sr-RS\",\"potentialAction\":[{\"@type\":\"ReadAction\",\"target\":[\"https:\/\/inti.hr\/sr\/proizvod\/djecji-ormaric-za-knjige-bijeli\/\"]}]},{\"@type\":\"ImageObject\",\"inLanguage\":\"sr-RS\",\"@id\":\"https:\/\/inti.hr\/sr\/proizvod\/djecji-ormaric-za-knjige-bijeli\/#primaryimage\",\"url\":\"https:\/\/i0.wp.com\/inti.hr\/wp-content\/uploads\/2022\/05\/KMB11-W-Y001_39f5fec8-a91c-4f48-926e-ecabd76413d7.webp?fit=709%2C709&ssl=1\",\"contentUrl\":\"https:\/\/i0.wp.com\/inti.hr\/wp-content\/uploads\/2022\/05\/KMB11-W-Y001_39f5fec8-a91c-4f48-926e-ecabd76413d7.webp?fit=709%2C709&ssl=1\",\"width\":709,\"height\":709},{\"@type\":\"BreadcrumbList\",\"@id\":\"https:\/\/inti.hr\/sr\/proizvod\/djecji-ormaric-za-knjige-bijeli\/#breadcrumb\",\"itemListElement\":[{\"@type\":\"ListItem\",\"position\":1,\"name\":\"Po\u010detna stranica\",\"item\":\"https:\/\/inti.hr\/sr\/\"},{\"@type\":\"ListItem\",\"position\":2,\"name\":\"Prodavnica\",\"item\":\"https:\/\/inti.hr\/sr\/prodavnica\/\"},{\"@type\":\"ListItem\",\"position\":3,\"name\":\"Dje\u010dji ormari\u0107 za knjige bijeli\"}]},{\"@type\":\"WebSite\",\"@id\":\"https:\/\/inti.hr\/sr\/#website\",\"url\":\"https:\/\/inti.hr\/sr\/\",\"name\":\"Inti\",\"description\":\"trgovina\",\"potentialAction\":[{\"@type\":\"SearchAction\",\"target\":{\"@type\":\"EntryPoint\",\"urlTemplate\":\"https:\/\/inti.hr\/sr\/?s={search_term_string}\"},\"query-input\":{\"@type\":\"PropertyValueSpecification\",\"valueRequired\":true,\"valueName\":\"search_term_string\"}}],\"inLanguage\":\"sr-RS\"}]}<\/script>\n<!-- \/ Yoast SEO plugin. -->","yoast_head_json":{"title":"Dje\u010dji ormari\u0107 za knjige bijeli - Inti","description":"Ovaj bijeli ormari\u0107, jednostavnog i uvijek modernog modela, nesumnjivo \u0107e privu\u0107i pa\u017enju u dnevnom boravku, radnoj ili dje\u010djoj spava\u0107oj sobi. Polica s 2 police za knjige i \u010dasopise te 2 police i 1 ormari\u0107 pru\u017eaju dovoljno prakti\u010dnog prostora za \u010dasopise, knjige, igra\u010dke i jo\u0161 mnogo toga. Moderan dizajn, jednostavan, ali prakti\u010dan. Organizirajte odvojeno knjige i igra\u010dke kako biste zadovoljili razli\u010dite potrebe djece i roditelja.J ednostavna monta\u017ea sa svim isporu\u010denim priborom","robots":{"index":"index","follow":"follow","max-snippet":"max-snippet:-1","max-image-preview":"max-image-preview:large","max-video-preview":"max-video-preview:-1"},"canonical":"https:\/\/inti.hr\/sr\/proizvod\/djecji-ormaric-za-knjige-bijeli\/","og_locale":"sr_RS","og_type":"article","og_title":"Dje\u010dji ormari\u0107 za knjige bijeli - Inti","og_description":"Ovaj bijeli ormari\u0107, jednostavnog i uvijek modernog modela, nesumnjivo \u0107e privu\u0107i pa\u017enju u dnevnom boravku, radnoj ili dje\u010djoj spava\u0107oj sobi. Polica s 2 police za knjige i \u010dasopise te 2 police i 1 ormari\u0107 pru\u017eaju dovoljno prakti\u010dnog prostora za \u010dasopise, knjige, igra\u010dke i jo\u0161 mnogo toga. Moderan dizajn, jednostavan, ali prakti\u010dan. Organizirajte odvojeno knjige i igra\u010dke kako biste zadovoljili razli\u010dite potrebe djece i roditelja.J ednostavna monta\u017ea sa svim isporu\u010denim priborom","og_url":"https:\/\/inti.hr\/sr\/proizvod\/djecji-ormaric-za-knjige-bijeli\/","og_site_name":"Inti","og_image":[{"width":709,"height":709,"url":"https:\/\/i0.wp.com\/inti.hr\/wp-content\/uploads\/2022\/05\/KMB11-W-Y001_39f5fec8-a91c-4f48-926e-ecabd76413d7.webp?fit=709%2C709&ssl=1","type":"image\/webp"}],"twitter_card":"summary_large_image","schema":{"@context":"https:\/\/schema.org","@graph":[{"@type":"WebPage","@id":"https:\/\/inti.hr\/sr\/proizvod\/djecji-ormaric-za-knjige-bijeli\/","url":"https:\/\/inti.hr\/sr\/proizvod\/djecji-ormaric-za-knjige-bijeli\/","name":"Dje\u010dji ormari\u0107 za knjige bijeli - Inti","isPartOf":{"@id":"https:\/\/inti.hr\/sr\/#website"},"primaryImageOfPage":{"@id":"https:\/\/inti.hr\/sr\/proizvod\/djecji-ormaric-za-knjige-bijeli\/#primaryimage"},"image":{"@id":"https:\/\/inti.hr\/sr\/proizvod\/djecji-ormaric-za-knjige-bijeli\/#primaryimage"},"thumbnailUrl":"https:\/\/i0.wp.com\/inti.hr\/wp-content\/uploads\/2022\/05\/KMB11-W-Y001_39f5fec8-a91c-4f48-926e-ecabd76413d7.webp?fit=709%2C709&ssl=1","datePublished":"2022-05-26T10:14:56+00:00","dateModified":"2022-05-26T10:14:56+00:00","description":"Ovaj bijeli ormari\u0107, jednostavnog i uvijek modernog modela, nesumnjivo \u0107e privu\u0107i pa\u017enju u dnevnom boravku, radnoj ili dje\u010djoj spava\u0107oj sobi. Polica s 2 police za knjige i \u010dasopise te 2 police i 1 ormari\u0107 pru\u017eaju dovoljno prakti\u010dnog prostora za \u010dasopise, knjige, igra\u010dke i jo\u0161 mnogo toga. Moderan dizajn, jednostavan, ali prakti\u010dan. Organizirajte odvojeno knjige i igra\u010dke kako biste zadovoljili razli\u010dite potrebe djece i roditelja.J ednostavna monta\u017ea sa svim isporu\u010denim priborom","breadcrumb":{"@id":"https:\/\/inti.hr\/sr\/proizvod\/djecji-ormaric-za-knjige-bijeli\/#breadcrumb"},"inLanguage":"sr-RS","potentialAction":[{"@type":"ReadAction","target":["https:\/\/inti.hr\/sr\/proizvod\/djecji-ormaric-za-knjige-bijeli\/"]}]},{"@type":"ImageObject","inLanguage":"sr-RS","@id":"https:\/\/inti.hr\/sr\/proizvod\/djecji-ormaric-za-knjige-bijeli\/#primaryimage","url":"https:\/\/i0.wp.com\/inti.hr\/wp-content\/uploads\/2022\/05\/KMB11-W-Y001_39f5fec8-a91c-4f48-926e-ecabd76413d7.webp?fit=709%2C709&ssl=1","contentUrl":"https:\/\/i0.wp.com\/inti.hr\/wp-content\/uploads\/2022\/05\/KMB11-W-Y001_39f5fec8-a91c-4f48-926e-ecabd76413d7.webp?fit=709%2C709&ssl=1","width":709,"height":709},{"@type":"BreadcrumbList","@id":"https:\/\/inti.hr\/sr\/proizvod\/djecji-ormaric-za-knjige-bijeli\/#breadcrumb","itemListElement":[{"@type":"ListItem","position":1,"name":"Po\u010detna stranica","item":"https:\/\/inti.hr\/sr\/"},{"@type":"ListItem","position":2,"name":"Prodavnica","item":"https:\/\/inti.hr\/sr\/prodavnica\/"},{"@type":"ListItem","position":3,"name":"Dje\u010dji ormari\u0107 za knjige bijeli"}]},{"@type":"WebSite","@id":"https:\/\/inti.hr\/sr\/#website","url":"https:\/\/inti.hr\/sr\/","name":"Inti","description":"trgovina","potentialAction":[{"@type":"SearchAction","target":{"@type":"EntryPoint","urlTemplate":"https:\/\/inti.hr\/sr\/?s={search_term_string}"},"query-input":{"@type":"PropertyValueSpecification","valueRequired":true,"valueName":"search_term_string"}}],"inLanguage":"sr-RS"}]}},"jetpack_sharing_enabled":true,"jetpack-related-posts":[],"_links":{"self":[{"href":"https:\/\/inti.hr\/sr\/wp-json\/wp\/v2\/product\/36761"}],"collection":[{"href":"https:\/\/inti.hr\/sr\/wp-json\/wp\/v2\/product"}],"about":[{"href":"https:\/\/inti.hr\/sr\/wp-json\/wp\/v2\/types\/product"}],"wp:featuredmedia":[{"embeddable":true,"href":"https:\/\/inti.hr\/sr\/wp-json\/wp\/v2\/media\/36762"}],"wp:attachment":[{"href":"https:\/\/inti.hr\/sr\/wp-json\/wp\/v2\/media?parent=36761"}],"wp:term":[{"taxonomy":"product_cat","embeddable":true,"href":"https:\/\/inti.hr\/sr\/wp-json\/wp\/v2\/product_cat?post=36761"},{"taxonomy":"product_tag","embeddable":true,"href":"https:\/\/inti.hr\/sr\/wp-json\/wp\/v2\/product_tag?post=36761"}],"curies":[{"name":"wp","href":"https:\/\/api.w.org\/{rel}","templated":true}]}}