{"id":36771,"date":"2022-05-25T12:33:14","date_gmt":"2022-05-25T12:33:14","guid":{"rendered":"https:\/\/inti.hr\/product\/barsunasta-stolica-sa-zlatnim-nogicama\/"},"modified":"2022-05-25T12:33:14","modified_gmt":"2022-05-25T12:33:14","slug":"barsunasta-stolica-sa-zlatnim-nogicama","status":"publish","type":"product","link":"https:\/\/inti.hr\/sr\/proizvod\/barsunasta-stolica-sa-zlatnim-nogicama\/","title":{"rendered":"Bar\u0161unasta stolica sa zlatnim nogicama"},"content":{"rendered":"<p><strong>Zna\u010dajke<\/strong><\/p>\n<ul>\n<li>Dizajnerske blagovaonske stolice lijepe su za va\u0161 dom.<\/li>\n<li>Okvir od stabilnog metala jam\u010di dug radni vijek.<\/li>\n<li>Dobro podstavljeno bar\u0161unasto sjedalo nudi vam vrlo udobno sjedenje.<\/li>\n<li>Podni \u0161titnici \u0161tite pod od ogrebotina.<\/li>\n<li>Zaobljeni uglovi i rubovi.<\/li>\n<li>Stabilna i kvalitetna izrada.<\/li>\n<li>Jednostavna i brza instalacija.<\/li>\n<li><strong>Detalji proizvoda:<\/strong>\n<ul>\n<li>Materijal okvira: metal.<\/li>\n<li>Materijal sjedala: bar\u0161un.<\/li>\n<li>Ukupna visina: cca.\u00a081 cm;\u00a0Visina sjedala: cca.\u00a047 cm.<\/li>\n<li>Sjedalo: 49 \u00d7 43 cm (\u0160 x D).<\/li>\n<li>Visina naslona: cca.\u00a040 cm.<\/li>\n<li>Nosivost: 100 kg.<\/li>\n<li>Boja: tamno siva, tamno zelena, crna, roza, plava, tirkizna.<\/li>\n<\/ul>\n<\/li>\n<\/ul>\n","protected":false},"excerpt":{"rendered":"<p>Ova stolica za blagovanje izra\u0111ena je od bar\u0161una modernog dizajna i &#8230; <\/p>\n","protected":false},"featured_media":36773,"template":"","meta":[],"product_cat":[2573],"product_tag":[2574,3604,2540,4916,4917],"yoast_head":"<!-- This site is optimized with the Yoast SEO plugin v23.7 - https:\/\/yoast.com\/wordpress\/plugins\/seo\/ -->\n<title>Bar\u0161unasta stolica sa zlatnim nogicama - Inti<\/title>\n<meta name=\"description\" content=\"Ova stolica za blagovanje izra\u0111ena je od bar\u0161una modernog dizajna i vrlo je stabilna. Ima vrlo udoban osje\u0107aj sjedenja zahvaljuju\u0107i dobro podstavljenom sjedalu. Ergonomski oblik stolice osigurava udobnost. Nije prikladan samo za blagovaonicu, ve\u0107 i za kuhinju, dnevni boravak, dje\u010dju sobu, spava\u0107u sobu, pa \u010dak i za ulazni prostor. Stolica se uklapa u svaki moderni interijer.\" \/>\n<meta name=\"robots\" content=\"index, follow, max-snippet:-1, max-image-preview:large, max-video-preview:-1\" \/>\n<link rel=\"canonical\" href=\"https:\/\/inti.hr\/sr\/proizvod\/barsunasta-stolica-sa-zlatnim-nogicama\/\" \/>\n<meta property=\"og:locale\" content=\"sr_RS\" \/>\n<meta property=\"og:type\" content=\"article\" \/>\n<meta property=\"og:title\" content=\"Bar\u0161unasta stolica sa zlatnim nogicama - Inti\" \/>\n<meta property=\"og:description\" content=\"Ova stolica za blagovanje izra\u0111ena je od bar\u0161una modernog dizajna i vrlo je stabilna. Ima vrlo udoban osje\u0107aj sjedenja zahvaljuju\u0107i dobro podstavljenom sjedalu. Ergonomski oblik stolice osigurava udobnost. Nije prikladan samo za blagovaonicu, ve\u0107 i za kuhinju, dnevni boravak, dje\u010dju sobu, spava\u0107u sobu, pa \u010dak i za ulazni prostor. Stolica se uklapa u svaki moderni interijer.\" \/>\n<meta property=\"og:url\" content=\"https:\/\/inti.hr\/sr\/proizvod\/barsunasta-stolica-sa-zlatnim-nogicama\/\" \/>\n<meta property=\"og:site_name\" content=\"Inti\" \/>\n<meta property=\"og:image\" content=\"https:\/\/i0.wp.com\/inti.hr\/wp-content\/uploads\/2022\/05\/K-chenstuhl-Polsterstuhl-Wohnzimmerstuhl-dunkelgrau2.jpg?fit=1500%2C1500&ssl=1\" \/>\n\t<meta property=\"og:image:width\" content=\"1500\" \/>\n\t<meta property=\"og:image:height\" content=\"1500\" \/>\n\t<meta property=\"og:image:type\" content=\"image\/jpeg\" \/>\n<meta name=\"twitter:card\" content=\"summary_large_image\" \/>\n<script type=\"application\/ld+json\" class=\"yoast-schema-graph\">{\"@context\":\"https:\/\/schema.org\",\"@graph\":[{\"@type\":\"WebPage\",\"@id\":\"https:\/\/inti.hr\/sr\/proizvod\/barsunasta-stolica-sa-zlatnim-nogicama\/\",\"url\":\"https:\/\/inti.hr\/sr\/proizvod\/barsunasta-stolica-sa-zlatnim-nogicama\/\",\"name\":\"Bar\u0161unasta stolica sa zlatnim nogicama - Inti\",\"isPartOf\":{\"@id\":\"https:\/\/inti.hr\/sr\/#website\"},\"primaryImageOfPage\":{\"@id\":\"https:\/\/inti.hr\/sr\/proizvod\/barsunasta-stolica-sa-zlatnim-nogicama\/#primaryimage\"},\"image\":{\"@id\":\"https:\/\/inti.hr\/sr\/proizvod\/barsunasta-stolica-sa-zlatnim-nogicama\/#primaryimage\"},\"thumbnailUrl\":\"https:\/\/i0.wp.com\/inti.hr\/wp-content\/uploads\/2022\/05\/K-chenstuhl-Polsterstuhl-Wohnzimmerstuhl-dunkelgrau2.jpg?fit=1500%2C1500&ssl=1\",\"datePublished\":\"2022-05-25T12:33:14+00:00\",\"dateModified\":\"2022-05-25T12:33:14+00:00\",\"description\":\"Ova stolica za blagovanje izra\u0111ena je od bar\u0161una modernog dizajna i vrlo je stabilna. Ima vrlo udoban osje\u0107aj sjedenja zahvaljuju\u0107i dobro podstavljenom sjedalu. Ergonomski oblik stolice osigurava udobnost. Nije prikladan samo za blagovaonicu, ve\u0107 i za kuhinju, dnevni boravak, dje\u010dju sobu, spava\u0107u sobu, pa \u010dak i za ulazni prostor. Stolica se uklapa u svaki moderni interijer.\",\"breadcrumb\":{\"@id\":\"https:\/\/inti.hr\/sr\/proizvod\/barsunasta-stolica-sa-zlatnim-nogicama\/#breadcrumb\"},\"inLanguage\":\"sr-RS\",\"potentialAction\":[{\"@type\":\"ReadAction\",\"target\":[\"https:\/\/inti.hr\/sr\/proizvod\/barsunasta-stolica-sa-zlatnim-nogicama\/\"]}]},{\"@type\":\"ImageObject\",\"inLanguage\":\"sr-RS\",\"@id\":\"https:\/\/inti.hr\/sr\/proizvod\/barsunasta-stolica-sa-zlatnim-nogicama\/#primaryimage\",\"url\":\"https:\/\/i0.wp.com\/inti.hr\/wp-content\/uploads\/2022\/05\/K-chenstuhl-Polsterstuhl-Wohnzimmerstuhl-dunkelgrau2.jpg?fit=1500%2C1500&ssl=1\",\"contentUrl\":\"https:\/\/i0.wp.com\/inti.hr\/wp-content\/uploads\/2022\/05\/K-chenstuhl-Polsterstuhl-Wohnzimmerstuhl-dunkelgrau2.jpg?fit=1500%2C1500&ssl=1\",\"width\":1500,\"height\":1500},{\"@type\":\"BreadcrumbList\",\"@id\":\"https:\/\/inti.hr\/sr\/proizvod\/barsunasta-stolica-sa-zlatnim-nogicama\/#breadcrumb\",\"itemListElement\":[{\"@type\":\"ListItem\",\"position\":1,\"name\":\"Po\u010detna stranica\",\"item\":\"https:\/\/inti.hr\/sr\/\"},{\"@type\":\"ListItem\",\"position\":2,\"name\":\"Prodavnica\",\"item\":\"https:\/\/inti.hr\/sr\/prodavnica\/\"},{\"@type\":\"ListItem\",\"position\":3,\"name\":\"Bar\u0161unasta stolica sa zlatnim nogicama\"}]},{\"@type\":\"WebSite\",\"@id\":\"https:\/\/inti.hr\/sr\/#website\",\"url\":\"https:\/\/inti.hr\/sr\/\",\"name\":\"Inti\",\"description\":\"trgovina\",\"potentialAction\":[{\"@type\":\"SearchAction\",\"target\":{\"@type\":\"EntryPoint\",\"urlTemplate\":\"https:\/\/inti.hr\/sr\/?s={search_term_string}\"},\"query-input\":{\"@type\":\"PropertyValueSpecification\",\"valueRequired\":true,\"valueName\":\"search_term_string\"}}],\"inLanguage\":\"sr-RS\"}]}<\/script>\n<!-- \/ Yoast SEO plugin. -->","yoast_head_json":{"title":"Bar\u0161unasta stolica sa zlatnim nogicama - Inti","description":"Ova stolica za blagovanje izra\u0111ena je od bar\u0161una modernog dizajna i vrlo je stabilna. Ima vrlo udoban osje\u0107aj sjedenja zahvaljuju\u0107i dobro podstavljenom sjedalu. Ergonomski oblik stolice osigurava udobnost. Nije prikladan samo za blagovaonicu, ve\u0107 i za kuhinju, dnevni boravak, dje\u010dju sobu, spava\u0107u sobu, pa \u010dak i za ulazni prostor. Stolica se uklapa u svaki moderni interijer.","robots":{"index":"index","follow":"follow","max-snippet":"max-snippet:-1","max-image-preview":"max-image-preview:large","max-video-preview":"max-video-preview:-1"},"canonical":"https:\/\/inti.hr\/sr\/proizvod\/barsunasta-stolica-sa-zlatnim-nogicama\/","og_locale":"sr_RS","og_type":"article","og_title":"Bar\u0161unasta stolica sa zlatnim nogicama - Inti","og_description":"Ova stolica za blagovanje izra\u0111ena je od bar\u0161una modernog dizajna i vrlo je stabilna. Ima vrlo udoban osje\u0107aj sjedenja zahvaljuju\u0107i dobro podstavljenom sjedalu. Ergonomski oblik stolice osigurava udobnost. Nije prikladan samo za blagovaonicu, ve\u0107 i za kuhinju, dnevni boravak, dje\u010dju sobu, spava\u0107u sobu, pa \u010dak i za ulazni prostor. Stolica se uklapa u svaki moderni interijer.","og_url":"https:\/\/inti.hr\/sr\/proizvod\/barsunasta-stolica-sa-zlatnim-nogicama\/","og_site_name":"Inti","og_image":[{"width":1500,"height":1500,"url":"https:\/\/i0.wp.com\/inti.hr\/wp-content\/uploads\/2022\/05\/K-chenstuhl-Polsterstuhl-Wohnzimmerstuhl-dunkelgrau2.jpg?fit=1500%2C1500&ssl=1","type":"image\/jpeg"}],"twitter_card":"summary_large_image","schema":{"@context":"https:\/\/schema.org","@graph":[{"@type":"WebPage","@id":"https:\/\/inti.hr\/sr\/proizvod\/barsunasta-stolica-sa-zlatnim-nogicama\/","url":"https:\/\/inti.hr\/sr\/proizvod\/barsunasta-stolica-sa-zlatnim-nogicama\/","name":"Bar\u0161unasta stolica sa zlatnim nogicama - Inti","isPartOf":{"@id":"https:\/\/inti.hr\/sr\/#website"},"primaryImageOfPage":{"@id":"https:\/\/inti.hr\/sr\/proizvod\/barsunasta-stolica-sa-zlatnim-nogicama\/#primaryimage"},"image":{"@id":"https:\/\/inti.hr\/sr\/proizvod\/barsunasta-stolica-sa-zlatnim-nogicama\/#primaryimage"},"thumbnailUrl":"https:\/\/i0.wp.com\/inti.hr\/wp-content\/uploads\/2022\/05\/K-chenstuhl-Polsterstuhl-Wohnzimmerstuhl-dunkelgrau2.jpg?fit=1500%2C1500&ssl=1","datePublished":"2022-05-25T12:33:14+00:00","dateModified":"2022-05-25T12:33:14+00:00","description":"Ova stolica za blagovanje izra\u0111ena je od bar\u0161una modernog dizajna i vrlo je stabilna. Ima vrlo udoban osje\u0107aj sjedenja zahvaljuju\u0107i dobro podstavljenom sjedalu. Ergonomski oblik stolice osigurava udobnost. Nije prikladan samo za blagovaonicu, ve\u0107 i za kuhinju, dnevni boravak, dje\u010dju sobu, spava\u0107u sobu, pa \u010dak i za ulazni prostor. Stolica se uklapa u svaki moderni interijer.","breadcrumb":{"@id":"https:\/\/inti.hr\/sr\/proizvod\/barsunasta-stolica-sa-zlatnim-nogicama\/#breadcrumb"},"inLanguage":"sr-RS","potentialAction":[{"@type":"ReadAction","target":["https:\/\/inti.hr\/sr\/proizvod\/barsunasta-stolica-sa-zlatnim-nogicama\/"]}]},{"@type":"ImageObject","inLanguage":"sr-RS","@id":"https:\/\/inti.hr\/sr\/proizvod\/barsunasta-stolica-sa-zlatnim-nogicama\/#primaryimage","url":"https:\/\/i0.wp.com\/inti.hr\/wp-content\/uploads\/2022\/05\/K-chenstuhl-Polsterstuhl-Wohnzimmerstuhl-dunkelgrau2.jpg?fit=1500%2C1500&ssl=1","contentUrl":"https:\/\/i0.wp.com\/inti.hr\/wp-content\/uploads\/2022\/05\/K-chenstuhl-Polsterstuhl-Wohnzimmerstuhl-dunkelgrau2.jpg?fit=1500%2C1500&ssl=1","width":1500,"height":1500},{"@type":"BreadcrumbList","@id":"https:\/\/inti.hr\/sr\/proizvod\/barsunasta-stolica-sa-zlatnim-nogicama\/#breadcrumb","itemListElement":[{"@type":"ListItem","position":1,"name":"Po\u010detna stranica","item":"https:\/\/inti.hr\/sr\/"},{"@type":"ListItem","position":2,"name":"Prodavnica","item":"https:\/\/inti.hr\/sr\/prodavnica\/"},{"@type":"ListItem","position":3,"name":"Bar\u0161unasta stolica sa zlatnim nogicama"}]},{"@type":"WebSite","@id":"https:\/\/inti.hr\/sr\/#website","url":"https:\/\/inti.hr\/sr\/","name":"Inti","description":"trgovina","potentialAction":[{"@type":"SearchAction","target":{"@type":"EntryPoint","urlTemplate":"https:\/\/inti.hr\/sr\/?s={search_term_string}"},"query-input":{"@type":"PropertyValueSpecification","valueRequired":true,"valueName":"search_term_string"}}],"inLanguage":"sr-RS"}]}},"jetpack_sharing_enabled":true,"jetpack-related-posts":[],"_links":{"self":[{"href":"https:\/\/inti.hr\/sr\/wp-json\/wp\/v2\/product\/36771"}],"collection":[{"href":"https:\/\/inti.hr\/sr\/wp-json\/wp\/v2\/product"}],"about":[{"href":"https:\/\/inti.hr\/sr\/wp-json\/wp\/v2\/types\/product"}],"wp:featuredmedia":[{"embeddable":true,"href":"https:\/\/inti.hr\/sr\/wp-json\/wp\/v2\/media\/36773"}],"wp:attachment":[{"href":"https:\/\/inti.hr\/sr\/wp-json\/wp\/v2\/media?parent=36771"}],"wp:term":[{"taxonomy":"product_cat","embeddable":true,"href":"https:\/\/inti.hr\/sr\/wp-json\/wp\/v2\/product_cat?post=36771"},{"taxonomy":"product_tag","embeddable":true,"href":"https:\/\/inti.hr\/sr\/wp-json\/wp\/v2\/product_tag?post=36771"}],"curies":[{"name":"wp","href":"https:\/\/api.w.org\/{rel}","templated":true}]}}