{"id":36781,"date":"2022-05-24T14:28:12","date_gmt":"2022-05-24T14:28:12","guid":{"rendered":"https:\/\/inti.hr\/product\/lezaljka-s-debelim-jastukom\/"},"modified":"2022-05-24T14:28:12","modified_gmt":"2022-05-24T14:28:12","slug":"lezaljka-s-debelim-jastukom","status":"publish","type":"product","link":"https:\/\/inti.hr\/sr\/proizvod\/lezaljka-s-debelim-jastukom\/","title":{"rendered":"Le\u017ealjka s debelim jastukom"},"content":{"rendered":"<p>Detalji o proizvodu:<br \/>\n&#8211; Boja: be\u017e<br \/>\n&#8211; Materijal: \u017eeljezo, plastika, poliesterska tkanina, pjena<br \/>\n&#8211; Veli\u010dina: 59 x 198 x 28 cm (D x \u0160 x V)<br \/>\n&#8211; Te\u017eina: 14 kg<br \/>\n&#8211; Maksimalno stati\u010dko optere\u0107enje: 150 kg<\/p>\n<p>Opseg isporuke:<br \/>\n&#8211; 1 x le\u017ealjka<br \/>\n&#8211; 1 x jastuk<\/p>\n","protected":false},"excerpt":{"rendered":"<p>Sjednite na ovu le\u017ealjku s velikom povr\u0161inom za le\u017eanje, namjestite njezin &#8230; <\/p>\n","protected":false},"featured_media":36782,"template":"","meta":[],"product_cat":[2485,2461],"product_tag":[3909,2480,4920,4921,2561],"yoast_head":"<!-- This site is optimized with the Yoast SEO plugin v23.7 - https:\/\/yoast.com\/wordpress\/plugins\/seo\/ -->\n<title>Le\u017ealjka s debelim jastukom - Inti<\/title>\n<meta name=\"description\" content=\"Sjednite na ovu le\u017ealjku s velikom povr\u0161inom za le\u017eanje, namjestite njezin naslon (podesiv u 5 polo\u017eaja) i prona\u0111ite svoj omiljeni polo\u017eaj.\u00a0Zavalite se i slu\u0161ajte cvrkut ptica... Ovako punite baterije! Le\u017ee\u0107a povr\u0161ina va\u0161e stare vrtne le\u017ealjke je izlizana i tvrda, tako da se na njoj ne mo\u017eete ba\u0161 opustiti?\u00a0Ova le\u017ealjka ima mekani madrac debljine 5 cm koji se s par traka povezuje s le\u017ealjkom, tako da uvijek stoji na mjestu.\u00a0Sun\u010danje je sada ugodnije nego ikad!\" \/>\n<meta name=\"robots\" content=\"index, follow, max-snippet:-1, max-image-preview:large, max-video-preview:-1\" \/>\n<link rel=\"canonical\" href=\"https:\/\/inti.hr\/sr\/proizvod\/lezaljka-s-debelim-jastukom\/\" \/>\n<meta property=\"og:locale\" content=\"sr_RS\" \/>\n<meta property=\"og:type\" content=\"article\" \/>\n<meta property=\"og:title\" content=\"Le\u017ealjka s debelim jastukom - Inti\" \/>\n<meta property=\"og:description\" content=\"Sjednite na ovu le\u017ealjku s velikom povr\u0161inom za le\u017eanje, namjestite njezin naslon (podesiv u 5 polo\u017eaja) i prona\u0111ite svoj omiljeni polo\u017eaj.\u00a0Zavalite se i slu\u0161ajte cvrkut ptica... Ovako punite baterije! Le\u017ee\u0107a povr\u0161ina va\u0161e stare vrtne le\u017ealjke je izlizana i tvrda, tako da se na njoj ne mo\u017eete ba\u0161 opustiti?\u00a0Ova le\u017ealjka ima mekani madrac debljine 5 cm koji se s par traka povezuje s le\u017ealjkom, tako da uvijek stoji na mjestu.\u00a0Sun\u010danje je sada ugodnije nego ikad!\" \/>\n<meta property=\"og:url\" content=\"https:\/\/inti.hr\/sr\/proizvod\/lezaljka-s-debelim-jastukom\/\" \/>\n<meta property=\"og:site_name\" content=\"Inti\" \/>\n<meta property=\"og:image\" content=\"https:\/\/i0.wp.com\/inti.hr\/wp-content\/uploads\/2022\/05\/81GkYhJVHxL._AC_SL1500_.jpg?fit=1500%2C1500&ssl=1\" \/>\n\t<meta property=\"og:image:width\" content=\"1500\" \/>\n\t<meta property=\"og:image:height\" content=\"1500\" \/>\n\t<meta property=\"og:image:type\" content=\"image\/jpeg\" \/>\n<meta name=\"twitter:card\" content=\"summary_large_image\" \/>\n<script type=\"application\/ld+json\" class=\"yoast-schema-graph\">{\"@context\":\"https:\/\/schema.org\",\"@graph\":[{\"@type\":\"WebPage\",\"@id\":\"https:\/\/inti.hr\/sr\/proizvod\/lezaljka-s-debelim-jastukom\/\",\"url\":\"https:\/\/inti.hr\/sr\/proizvod\/lezaljka-s-debelim-jastukom\/\",\"name\":\"Le\u017ealjka s debelim jastukom - Inti\",\"isPartOf\":{\"@id\":\"https:\/\/inti.hr\/sr\/#website\"},\"primaryImageOfPage\":{\"@id\":\"https:\/\/inti.hr\/sr\/proizvod\/lezaljka-s-debelim-jastukom\/#primaryimage\"},\"image\":{\"@id\":\"https:\/\/inti.hr\/sr\/proizvod\/lezaljka-s-debelim-jastukom\/#primaryimage\"},\"thumbnailUrl\":\"https:\/\/i0.wp.com\/inti.hr\/wp-content\/uploads\/2022\/05\/81GkYhJVHxL._AC_SL1500_.jpg?fit=1500%2C1500&ssl=1\",\"datePublished\":\"2022-05-24T14:28:12+00:00\",\"dateModified\":\"2022-05-24T14:28:12+00:00\",\"description\":\"Sjednite na ovu le\u017ealjku s velikom povr\u0161inom za le\u017eanje, namjestite njezin naslon (podesiv u 5 polo\u017eaja) i prona\u0111ite svoj omiljeni polo\u017eaj.\u00a0Zavalite se i slu\u0161ajte cvrkut ptica... Ovako punite baterije! Le\u017ee\u0107a povr\u0161ina va\u0161e stare vrtne le\u017ealjke je izlizana i tvrda, tako da se na njoj ne mo\u017eete ba\u0161 opustiti?\u00a0Ova le\u017ealjka ima mekani madrac debljine 5 cm koji se s par traka povezuje s le\u017ealjkom, tako da uvijek stoji na mjestu.\u00a0Sun\u010danje je sada ugodnije nego ikad!\",\"breadcrumb\":{\"@id\":\"https:\/\/inti.hr\/sr\/proizvod\/lezaljka-s-debelim-jastukom\/#breadcrumb\"},\"inLanguage\":\"sr-RS\",\"potentialAction\":[{\"@type\":\"ReadAction\",\"target\":[\"https:\/\/inti.hr\/sr\/proizvod\/lezaljka-s-debelim-jastukom\/\"]}]},{\"@type\":\"ImageObject\",\"inLanguage\":\"sr-RS\",\"@id\":\"https:\/\/inti.hr\/sr\/proizvod\/lezaljka-s-debelim-jastukom\/#primaryimage\",\"url\":\"https:\/\/i0.wp.com\/inti.hr\/wp-content\/uploads\/2022\/05\/81GkYhJVHxL._AC_SL1500_.jpg?fit=1500%2C1500&ssl=1\",\"contentUrl\":\"https:\/\/i0.wp.com\/inti.hr\/wp-content\/uploads\/2022\/05\/81GkYhJVHxL._AC_SL1500_.jpg?fit=1500%2C1500&ssl=1\",\"width\":1500,\"height\":1500},{\"@type\":\"BreadcrumbList\",\"@id\":\"https:\/\/inti.hr\/sr\/proizvod\/lezaljka-s-debelim-jastukom\/#breadcrumb\",\"itemListElement\":[{\"@type\":\"ListItem\",\"position\":1,\"name\":\"Po\u010detna stranica\",\"item\":\"https:\/\/inti.hr\/sr\/\"},{\"@type\":\"ListItem\",\"position\":2,\"name\":\"Prodavnica\",\"item\":\"https:\/\/inti.hr\/sr\/prodavnica\/\"},{\"@type\":\"ListItem\",\"position\":3,\"name\":\"Le\u017ealjka s debelim jastukom\"}]},{\"@type\":\"WebSite\",\"@id\":\"https:\/\/inti.hr\/sr\/#website\",\"url\":\"https:\/\/inti.hr\/sr\/\",\"name\":\"Inti\",\"description\":\"trgovina\",\"potentialAction\":[{\"@type\":\"SearchAction\",\"target\":{\"@type\":\"EntryPoint\",\"urlTemplate\":\"https:\/\/inti.hr\/sr\/?s={search_term_string}\"},\"query-input\":{\"@type\":\"PropertyValueSpecification\",\"valueRequired\":true,\"valueName\":\"search_term_string\"}}],\"inLanguage\":\"sr-RS\"}]}<\/script>\n<!-- \/ Yoast SEO plugin. -->","yoast_head_json":{"title":"Le\u017ealjka s debelim jastukom - Inti","description":"Sjednite na ovu le\u017ealjku s velikom povr\u0161inom za le\u017eanje, namjestite njezin naslon (podesiv u 5 polo\u017eaja) i prona\u0111ite svoj omiljeni polo\u017eaj.\u00a0Zavalite se i slu\u0161ajte cvrkut ptica... Ovako punite baterije! Le\u017ee\u0107a povr\u0161ina va\u0161e stare vrtne le\u017ealjke je izlizana i tvrda, tako da se na njoj ne mo\u017eete ba\u0161 opustiti?\u00a0Ova le\u017ealjka ima mekani madrac debljine 5 cm koji se s par traka povezuje s le\u017ealjkom, tako da uvijek stoji na mjestu.\u00a0Sun\u010danje je sada ugodnije nego ikad!","robots":{"index":"index","follow":"follow","max-snippet":"max-snippet:-1","max-image-preview":"max-image-preview:large","max-video-preview":"max-video-preview:-1"},"canonical":"https:\/\/inti.hr\/sr\/proizvod\/lezaljka-s-debelim-jastukom\/","og_locale":"sr_RS","og_type":"article","og_title":"Le\u017ealjka s debelim jastukom - Inti","og_description":"Sjednite na ovu le\u017ealjku s velikom povr\u0161inom za le\u017eanje, namjestite njezin naslon (podesiv u 5 polo\u017eaja) i prona\u0111ite svoj omiljeni polo\u017eaj.\u00a0Zavalite se i slu\u0161ajte cvrkut ptica... Ovako punite baterije! Le\u017ee\u0107a povr\u0161ina va\u0161e stare vrtne le\u017ealjke je izlizana i tvrda, tako da se na njoj ne mo\u017eete ba\u0161 opustiti?\u00a0Ova le\u017ealjka ima mekani madrac debljine 5 cm koji se s par traka povezuje s le\u017ealjkom, tako da uvijek stoji na mjestu.\u00a0Sun\u010danje je sada ugodnije nego ikad!","og_url":"https:\/\/inti.hr\/sr\/proizvod\/lezaljka-s-debelim-jastukom\/","og_site_name":"Inti","og_image":[{"width":1500,"height":1500,"url":"https:\/\/i0.wp.com\/inti.hr\/wp-content\/uploads\/2022\/05\/81GkYhJVHxL._AC_SL1500_.jpg?fit=1500%2C1500&ssl=1","type":"image\/jpeg"}],"twitter_card":"summary_large_image","schema":{"@context":"https:\/\/schema.org","@graph":[{"@type":"WebPage","@id":"https:\/\/inti.hr\/sr\/proizvod\/lezaljka-s-debelim-jastukom\/","url":"https:\/\/inti.hr\/sr\/proizvod\/lezaljka-s-debelim-jastukom\/","name":"Le\u017ealjka s debelim jastukom - Inti","isPartOf":{"@id":"https:\/\/inti.hr\/sr\/#website"},"primaryImageOfPage":{"@id":"https:\/\/inti.hr\/sr\/proizvod\/lezaljka-s-debelim-jastukom\/#primaryimage"},"image":{"@id":"https:\/\/inti.hr\/sr\/proizvod\/lezaljka-s-debelim-jastukom\/#primaryimage"},"thumbnailUrl":"https:\/\/i0.wp.com\/inti.hr\/wp-content\/uploads\/2022\/05\/81GkYhJVHxL._AC_SL1500_.jpg?fit=1500%2C1500&ssl=1","datePublished":"2022-05-24T14:28:12+00:00","dateModified":"2022-05-24T14:28:12+00:00","description":"Sjednite na ovu le\u017ealjku s velikom povr\u0161inom za le\u017eanje, namjestite njezin naslon (podesiv u 5 polo\u017eaja) i prona\u0111ite svoj omiljeni polo\u017eaj.\u00a0Zavalite se i slu\u0161ajte cvrkut ptica... Ovako punite baterije! Le\u017ee\u0107a povr\u0161ina va\u0161e stare vrtne le\u017ealjke je izlizana i tvrda, tako da se na njoj ne mo\u017eete ba\u0161 opustiti?\u00a0Ova le\u017ealjka ima mekani madrac debljine 5 cm koji se s par traka povezuje s le\u017ealjkom, tako da uvijek stoji na mjestu.\u00a0Sun\u010danje je sada ugodnije nego ikad!","breadcrumb":{"@id":"https:\/\/inti.hr\/sr\/proizvod\/lezaljka-s-debelim-jastukom\/#breadcrumb"},"inLanguage":"sr-RS","potentialAction":[{"@type":"ReadAction","target":["https:\/\/inti.hr\/sr\/proizvod\/lezaljka-s-debelim-jastukom\/"]}]},{"@type":"ImageObject","inLanguage":"sr-RS","@id":"https:\/\/inti.hr\/sr\/proizvod\/lezaljka-s-debelim-jastukom\/#primaryimage","url":"https:\/\/i0.wp.com\/inti.hr\/wp-content\/uploads\/2022\/05\/81GkYhJVHxL._AC_SL1500_.jpg?fit=1500%2C1500&ssl=1","contentUrl":"https:\/\/i0.wp.com\/inti.hr\/wp-content\/uploads\/2022\/05\/81GkYhJVHxL._AC_SL1500_.jpg?fit=1500%2C1500&ssl=1","width":1500,"height":1500},{"@type":"BreadcrumbList","@id":"https:\/\/inti.hr\/sr\/proizvod\/lezaljka-s-debelim-jastukom\/#breadcrumb","itemListElement":[{"@type":"ListItem","position":1,"name":"Po\u010detna stranica","item":"https:\/\/inti.hr\/sr\/"},{"@type":"ListItem","position":2,"name":"Prodavnica","item":"https:\/\/inti.hr\/sr\/prodavnica\/"},{"@type":"ListItem","position":3,"name":"Le\u017ealjka s debelim jastukom"}]},{"@type":"WebSite","@id":"https:\/\/inti.hr\/sr\/#website","url":"https:\/\/inti.hr\/sr\/","name":"Inti","description":"trgovina","potentialAction":[{"@type":"SearchAction","target":{"@type":"EntryPoint","urlTemplate":"https:\/\/inti.hr\/sr\/?s={search_term_string}"},"query-input":{"@type":"PropertyValueSpecification","valueRequired":true,"valueName":"search_term_string"}}],"inLanguage":"sr-RS"}]}},"jetpack_sharing_enabled":true,"jetpack-related-posts":[],"_links":{"self":[{"href":"https:\/\/inti.hr\/sr\/wp-json\/wp\/v2\/product\/36781"}],"collection":[{"href":"https:\/\/inti.hr\/sr\/wp-json\/wp\/v2\/product"}],"about":[{"href":"https:\/\/inti.hr\/sr\/wp-json\/wp\/v2\/types\/product"}],"wp:featuredmedia":[{"embeddable":true,"href":"https:\/\/inti.hr\/sr\/wp-json\/wp\/v2\/media\/36782"}],"wp:attachment":[{"href":"https:\/\/inti.hr\/sr\/wp-json\/wp\/v2\/media?parent=36781"}],"wp:term":[{"taxonomy":"product_cat","embeddable":true,"href":"https:\/\/inti.hr\/sr\/wp-json\/wp\/v2\/product_cat?post=36781"},{"taxonomy":"product_tag","embeddable":true,"href":"https:\/\/inti.hr\/sr\/wp-json\/wp\/v2\/product_tag?post=36781"}],"curies":[{"name":"wp","href":"https:\/\/api.w.org\/{rel}","templated":true}]}}