{"id":36785,"date":"2022-05-24T14:15:31","date_gmt":"2022-05-24T14:15:31","guid":{"rendered":"https:\/\/inti.hr\/product\/velika-lezaljka-s-krovom\/"},"modified":"2022-05-24T14:15:31","modified_gmt":"2022-05-24T14:15:31","slug":"velika-lezaljka-s-krovom","status":"publish","type":"product","link":"https:\/\/inti.hr\/sr\/proizvod\/velika-lezaljka-s-krovom\/","title":{"rendered":"Velika le\u017ealjka s krovom"},"content":{"rendered":"<p><b>Detalji o proizvodu:<\/b><\/p>\n<p>Boja be\u017e<\/p>\n<p>Materijal: aluminij, \u017eeljezo, tkanina od sinteti\u010dkih vlakana<\/p>\n<p>Veli\u010dina: 65 x 200 x 48 cm (D x \u0160 x V)<\/p>\n<p>Te\u017eina: 9,4 kg<\/p>\n<p>Maksimalno stati\u010dko optere\u0107enje: 150 kg<\/p>\n<p><b>Opseg isporuke:<\/b><\/p>\n<p>1 x le\u017ealjka s baldahinom<\/p>\n","protected":false},"excerpt":{"rendered":"<p>Opustite se na ovoj izuzetno velikoj, 48 cm visokoj le\u017ealjci, namjestite &#8230; <\/p>\n","protected":false},"featured_media":36786,"template":"","meta":[],"product_cat":[2485,2461],"product_tag":[3909,2480,4923],"yoast_head":"<!-- This site is optimized with the Yoast SEO plugin v23.7 - https:\/\/yoast.com\/wordpress\/plugins\/seo\/ -->\n<title>Velika le\u017ealjka s krovom - Inti<\/title>\n<meta name=\"description\" content=\"Opustite se na ovoj izuzetno velikoj, 48 cm visokoj le\u017ealjci, namjestite naslon (podesiv u 5 polo\u017eaja) i prona\u0111ite svoj omiljeni polo\u017eaj.\u00a0Naslonite se i slu\u0161ajte pjev ptica... Ova XXL le\u017ealjka izra\u0111ena od prozra\u010dne sinteti\u010dke tkanine savr\u0161ena je za opu\u0161tanje! Izra\u0111ena od jakih metalnih cijevi s aluminijskim premazom otpornim na hr\u0111u i tkaninom od sinteti\u010dkih vlakana otpornih na UV zra\u010denje, ova le\u017ealjka mo\u017ee podnijeti velika optere\u0107enja (do 150 kg).\u00a0Sigurnosne brave tako\u0111er sprje\u010davaju da se kau\u010d nenamjerno sru\u0161i.\" \/>\n<meta name=\"robots\" content=\"index, follow, max-snippet:-1, max-image-preview:large, max-video-preview:-1\" \/>\n<link rel=\"canonical\" href=\"https:\/\/inti.hr\/sr\/proizvod\/velika-lezaljka-s-krovom\/\" \/>\n<meta property=\"og:locale\" content=\"sr_RS\" \/>\n<meta property=\"og:type\" content=\"article\" \/>\n<meta property=\"og:title\" content=\"Velika le\u017ealjka s krovom - Inti\" \/>\n<meta property=\"og:description\" content=\"Opustite se na ovoj izuzetno velikoj, 48 cm visokoj le\u017ealjci, namjestite naslon (podesiv u 5 polo\u017eaja) i prona\u0111ite svoj omiljeni polo\u017eaj.\u00a0Naslonite se i slu\u0161ajte pjev ptica... Ova XXL le\u017ealjka izra\u0111ena od prozra\u010dne sinteti\u010dke tkanine savr\u0161ena je za opu\u0161tanje! Izra\u0111ena od jakih metalnih cijevi s aluminijskim premazom otpornim na hr\u0111u i tkaninom od sinteti\u010dkih vlakana otpornih na UV zra\u010denje, ova le\u017ealjka mo\u017ee podnijeti velika optere\u0107enja (do 150 kg).\u00a0Sigurnosne brave tako\u0111er sprje\u010davaju da se kau\u010d nenamjerno sru\u0161i.\" \/>\n<meta property=\"og:url\" content=\"https:\/\/inti.hr\/sr\/proizvod\/velika-lezaljka-s-krovom\/\" \/>\n<meta property=\"og:site_name\" content=\"Inti\" \/>\n<meta property=\"og:image\" content=\"https:\/\/i0.wp.com\/inti.hr\/wp-content\/uploads\/2022\/05\/91qzq8JZnbL._AC_SL1500_.jpg?fit=1500%2C1500&ssl=1\" \/>\n\t<meta property=\"og:image:width\" content=\"1500\" \/>\n\t<meta property=\"og:image:height\" content=\"1500\" \/>\n\t<meta property=\"og:image:type\" content=\"image\/jpeg\" \/>\n<meta name=\"twitter:card\" content=\"summary_large_image\" \/>\n<script type=\"application\/ld+json\" class=\"yoast-schema-graph\">{\"@context\":\"https:\/\/schema.org\",\"@graph\":[{\"@type\":\"WebPage\",\"@id\":\"https:\/\/inti.hr\/sr\/proizvod\/velika-lezaljka-s-krovom\/\",\"url\":\"https:\/\/inti.hr\/sr\/proizvod\/velika-lezaljka-s-krovom\/\",\"name\":\"Velika le\u017ealjka s krovom - Inti\",\"isPartOf\":{\"@id\":\"https:\/\/inti.hr\/sr\/#website\"},\"primaryImageOfPage\":{\"@id\":\"https:\/\/inti.hr\/sr\/proizvod\/velika-lezaljka-s-krovom\/#primaryimage\"},\"image\":{\"@id\":\"https:\/\/inti.hr\/sr\/proizvod\/velika-lezaljka-s-krovom\/#primaryimage\"},\"thumbnailUrl\":\"https:\/\/i0.wp.com\/inti.hr\/wp-content\/uploads\/2022\/05\/91qzq8JZnbL._AC_SL1500_.jpg?fit=1500%2C1500&ssl=1\",\"datePublished\":\"2022-05-24T14:15:31+00:00\",\"dateModified\":\"2022-05-24T14:15:31+00:00\",\"description\":\"Opustite se na ovoj izuzetno velikoj, 48 cm visokoj le\u017ealjci, namjestite naslon (podesiv u 5 polo\u017eaja) i prona\u0111ite svoj omiljeni polo\u017eaj.\u00a0Naslonite se i slu\u0161ajte pjev ptica... Ova XXL le\u017ealjka izra\u0111ena od prozra\u010dne sinteti\u010dke tkanine savr\u0161ena je za opu\u0161tanje! Izra\u0111ena od jakih metalnih cijevi s aluminijskim premazom otpornim na hr\u0111u i tkaninom od sinteti\u010dkih vlakana otpornih na UV zra\u010denje, ova le\u017ealjka mo\u017ee podnijeti velika optere\u0107enja (do 150 kg).\u00a0Sigurnosne brave tako\u0111er sprje\u010davaju da se kau\u010d nenamjerno sru\u0161i.\",\"breadcrumb\":{\"@id\":\"https:\/\/inti.hr\/sr\/proizvod\/velika-lezaljka-s-krovom\/#breadcrumb\"},\"inLanguage\":\"sr-RS\",\"potentialAction\":[{\"@type\":\"ReadAction\",\"target\":[\"https:\/\/inti.hr\/sr\/proizvod\/velika-lezaljka-s-krovom\/\"]}]},{\"@type\":\"ImageObject\",\"inLanguage\":\"sr-RS\",\"@id\":\"https:\/\/inti.hr\/sr\/proizvod\/velika-lezaljka-s-krovom\/#primaryimage\",\"url\":\"https:\/\/i0.wp.com\/inti.hr\/wp-content\/uploads\/2022\/05\/91qzq8JZnbL._AC_SL1500_.jpg?fit=1500%2C1500&ssl=1\",\"contentUrl\":\"https:\/\/i0.wp.com\/inti.hr\/wp-content\/uploads\/2022\/05\/91qzq8JZnbL._AC_SL1500_.jpg?fit=1500%2C1500&ssl=1\",\"width\":1500,\"height\":1500},{\"@type\":\"BreadcrumbList\",\"@id\":\"https:\/\/inti.hr\/sr\/proizvod\/velika-lezaljka-s-krovom\/#breadcrumb\",\"itemListElement\":[{\"@type\":\"ListItem\",\"position\":1,\"name\":\"Po\u010detna stranica\",\"item\":\"https:\/\/inti.hr\/sr\/\"},{\"@type\":\"ListItem\",\"position\":2,\"name\":\"Prodavnica\",\"item\":\"https:\/\/inti.hr\/sr\/prodavnica\/\"},{\"@type\":\"ListItem\",\"position\":3,\"name\":\"Velika le\u017ealjka s krovom\"}]},{\"@type\":\"WebSite\",\"@id\":\"https:\/\/inti.hr\/sr\/#website\",\"url\":\"https:\/\/inti.hr\/sr\/\",\"name\":\"Inti\",\"description\":\"trgovina\",\"potentialAction\":[{\"@type\":\"SearchAction\",\"target\":{\"@type\":\"EntryPoint\",\"urlTemplate\":\"https:\/\/inti.hr\/sr\/?s={search_term_string}\"},\"query-input\":{\"@type\":\"PropertyValueSpecification\",\"valueRequired\":true,\"valueName\":\"search_term_string\"}}],\"inLanguage\":\"sr-RS\"}]}<\/script>\n<!-- \/ Yoast SEO plugin. -->","yoast_head_json":{"title":"Velika le\u017ealjka s krovom - Inti","description":"Opustite se na ovoj izuzetno velikoj, 48 cm visokoj le\u017ealjci, namjestite naslon (podesiv u 5 polo\u017eaja) i prona\u0111ite svoj omiljeni polo\u017eaj.\u00a0Naslonite se i slu\u0161ajte pjev ptica... Ova XXL le\u017ealjka izra\u0111ena od prozra\u010dne sinteti\u010dke tkanine savr\u0161ena je za opu\u0161tanje! Izra\u0111ena od jakih metalnih cijevi s aluminijskim premazom otpornim na hr\u0111u i tkaninom od sinteti\u010dkih vlakana otpornih na UV zra\u010denje, ova le\u017ealjka mo\u017ee podnijeti velika optere\u0107enja (do 150 kg).\u00a0Sigurnosne brave tako\u0111er sprje\u010davaju da se kau\u010d nenamjerno sru\u0161i.","robots":{"index":"index","follow":"follow","max-snippet":"max-snippet:-1","max-image-preview":"max-image-preview:large","max-video-preview":"max-video-preview:-1"},"canonical":"https:\/\/inti.hr\/sr\/proizvod\/velika-lezaljka-s-krovom\/","og_locale":"sr_RS","og_type":"article","og_title":"Velika le\u017ealjka s krovom - Inti","og_description":"Opustite se na ovoj izuzetno velikoj, 48 cm visokoj le\u017ealjci, namjestite naslon (podesiv u 5 polo\u017eaja) i prona\u0111ite svoj omiljeni polo\u017eaj.\u00a0Naslonite se i slu\u0161ajte pjev ptica... Ova XXL le\u017ealjka izra\u0111ena od prozra\u010dne sinteti\u010dke tkanine savr\u0161ena je za opu\u0161tanje! Izra\u0111ena od jakih metalnih cijevi s aluminijskim premazom otpornim na hr\u0111u i tkaninom od sinteti\u010dkih vlakana otpornih na UV zra\u010denje, ova le\u017ealjka mo\u017ee podnijeti velika optere\u0107enja (do 150 kg).\u00a0Sigurnosne brave tako\u0111er sprje\u010davaju da se kau\u010d nenamjerno sru\u0161i.","og_url":"https:\/\/inti.hr\/sr\/proizvod\/velika-lezaljka-s-krovom\/","og_site_name":"Inti","og_image":[{"width":1500,"height":1500,"url":"https:\/\/i0.wp.com\/inti.hr\/wp-content\/uploads\/2022\/05\/91qzq8JZnbL._AC_SL1500_.jpg?fit=1500%2C1500&ssl=1","type":"image\/jpeg"}],"twitter_card":"summary_large_image","schema":{"@context":"https:\/\/schema.org","@graph":[{"@type":"WebPage","@id":"https:\/\/inti.hr\/sr\/proizvod\/velika-lezaljka-s-krovom\/","url":"https:\/\/inti.hr\/sr\/proizvod\/velika-lezaljka-s-krovom\/","name":"Velika le\u017ealjka s krovom - Inti","isPartOf":{"@id":"https:\/\/inti.hr\/sr\/#website"},"primaryImageOfPage":{"@id":"https:\/\/inti.hr\/sr\/proizvod\/velika-lezaljka-s-krovom\/#primaryimage"},"image":{"@id":"https:\/\/inti.hr\/sr\/proizvod\/velika-lezaljka-s-krovom\/#primaryimage"},"thumbnailUrl":"https:\/\/i0.wp.com\/inti.hr\/wp-content\/uploads\/2022\/05\/91qzq8JZnbL._AC_SL1500_.jpg?fit=1500%2C1500&ssl=1","datePublished":"2022-05-24T14:15:31+00:00","dateModified":"2022-05-24T14:15:31+00:00","description":"Opustite se na ovoj izuzetno velikoj, 48 cm visokoj le\u017ealjci, namjestite naslon (podesiv u 5 polo\u017eaja) i prona\u0111ite svoj omiljeni polo\u017eaj.\u00a0Naslonite se i slu\u0161ajte pjev ptica... Ova XXL le\u017ealjka izra\u0111ena od prozra\u010dne sinteti\u010dke tkanine savr\u0161ena je za opu\u0161tanje! Izra\u0111ena od jakih metalnih cijevi s aluminijskim premazom otpornim na hr\u0111u i tkaninom od sinteti\u010dkih vlakana otpornih na UV zra\u010denje, ova le\u017ealjka mo\u017ee podnijeti velika optere\u0107enja (do 150 kg).\u00a0Sigurnosne brave tako\u0111er sprje\u010davaju da se kau\u010d nenamjerno sru\u0161i.","breadcrumb":{"@id":"https:\/\/inti.hr\/sr\/proizvod\/velika-lezaljka-s-krovom\/#breadcrumb"},"inLanguage":"sr-RS","potentialAction":[{"@type":"ReadAction","target":["https:\/\/inti.hr\/sr\/proizvod\/velika-lezaljka-s-krovom\/"]}]},{"@type":"ImageObject","inLanguage":"sr-RS","@id":"https:\/\/inti.hr\/sr\/proizvod\/velika-lezaljka-s-krovom\/#primaryimage","url":"https:\/\/i0.wp.com\/inti.hr\/wp-content\/uploads\/2022\/05\/91qzq8JZnbL._AC_SL1500_.jpg?fit=1500%2C1500&ssl=1","contentUrl":"https:\/\/i0.wp.com\/inti.hr\/wp-content\/uploads\/2022\/05\/91qzq8JZnbL._AC_SL1500_.jpg?fit=1500%2C1500&ssl=1","width":1500,"height":1500},{"@type":"BreadcrumbList","@id":"https:\/\/inti.hr\/sr\/proizvod\/velika-lezaljka-s-krovom\/#breadcrumb","itemListElement":[{"@type":"ListItem","position":1,"name":"Po\u010detna stranica","item":"https:\/\/inti.hr\/sr\/"},{"@type":"ListItem","position":2,"name":"Prodavnica","item":"https:\/\/inti.hr\/sr\/prodavnica\/"},{"@type":"ListItem","position":3,"name":"Velika le\u017ealjka s krovom"}]},{"@type":"WebSite","@id":"https:\/\/inti.hr\/sr\/#website","url":"https:\/\/inti.hr\/sr\/","name":"Inti","description":"trgovina","potentialAction":[{"@type":"SearchAction","target":{"@type":"EntryPoint","urlTemplate":"https:\/\/inti.hr\/sr\/?s={search_term_string}"},"query-input":{"@type":"PropertyValueSpecification","valueRequired":true,"valueName":"search_term_string"}}],"inLanguage":"sr-RS"}]}},"jetpack_sharing_enabled":true,"jetpack-related-posts":[],"_links":{"self":[{"href":"https:\/\/inti.hr\/sr\/wp-json\/wp\/v2\/product\/36785"}],"collection":[{"href":"https:\/\/inti.hr\/sr\/wp-json\/wp\/v2\/product"}],"about":[{"href":"https:\/\/inti.hr\/sr\/wp-json\/wp\/v2\/types\/product"}],"wp:featuredmedia":[{"embeddable":true,"href":"https:\/\/inti.hr\/sr\/wp-json\/wp\/v2\/media\/36786"}],"wp:attachment":[{"href":"https:\/\/inti.hr\/sr\/wp-json\/wp\/v2\/media?parent=36785"}],"wp:term":[{"taxonomy":"product_cat","embeddable":true,"href":"https:\/\/inti.hr\/sr\/wp-json\/wp\/v2\/product_cat?post=36785"},{"taxonomy":"product_tag","embeddable":true,"href":"https:\/\/inti.hr\/sr\/wp-json\/wp\/v2\/product_tag?post=36785"}],"curies":[{"name":"wp","href":"https:\/\/api.w.org\/{rel}","templated":true}]}}