{"id":36818,"date":"2022-05-21T15:47:10","date_gmt":"2022-05-21T15:47:10","guid":{"rendered":"https:\/\/inti.hr\/product\/viseca-stolica-peralvillo\/"},"modified":"2022-05-21T15:47:10","modified_gmt":"2022-05-21T15:47:10","slug":"viseca-stolica-peralvillo","status":"publish","type":"product","link":"https:\/\/inti.hr\/sr\/proizvod\/viseca-stolica-peralvillo\/","title":{"rendered":"Vise\u0107a stolica Peralvillo"},"content":{"rendered":"<p><b>Detalji o proizvodu:<\/b><\/p>\n<p>&#8211; Vrlo robustan, zahvaljuju\u0107i ru\u010dno upletenim pletenicama na krajevima<br \/>\n&#8211; Vise\u0107a stolica za unutarnju i vanjsku upotrebu<br \/>\n&#8211; Mo\u017ee se pri\u010dvrstiti univerzalno (npr. drvo, grana, strop ili odgovaraju\u0107i okvir vise\u0107e stolice)<br \/>\n&#8211; Jednostavan za transport pomo\u0107u isporu\u010dene torbe za no\u0161enje<br \/>\n&#8211; Sa 2 jastuka<\/p>\n<p><b>Dimenzije:<\/b><\/p>\n<p>&#8211; Ukupne dimenzije tkanine (Dx\u0160): 175 x 130 cm<br \/>\n&#8211; Ukupna du\u017eina drvenog \u0161tapa: 110 cm<br \/>\n&#8211; Ukupna visina uklju\u010duju\u0107i ovjes: pribli\u017eno 125 cm<br \/>\n&#8211; Sjedalo (Dx\u0160): pribli\u017eno 60 x 60 cm<br \/>\n&#8211; Jastuk (Vx\u0160): 60 x 60 cm svaki<\/p>\n<p><b>Materijal:<\/b><\/p>\n<p>&#8211; Tkanina: 65% poliester \/ 35% pamuk &#8211; 300g\/m\u00b2<br \/>\n&#8211; \u0161ipka: puno drvo<\/p>\n<p><b>elasti\u010dnost:<\/b><\/p>\n<p>Maksimalno 120 kg<\/p>\n<p><b>Opseg isporuke:<\/b><\/p>\n<p>&#8211; 1 x vise\u0107a stolica<br \/>\n&#8211; 2 x jastu\u010di\u0107a<br \/>\n&#8211; 1 x transportna torba<\/p>\n","protected":false},"excerpt":{"rendered":"<p>Pustite samo da vam du\u0161a visi \u2013 s ovom vise\u0107om stolicom &#8230; <\/p>\n","protected":false},"featured_media":36820,"template":"","meta":[],"product_cat":[2485,2461],"product_tag":[2464,4937],"yoast_head":"<!-- This site is optimized with the Yoast SEO plugin v23.7 - https:\/\/yoast.com\/wordpress\/plugins\/seo\/ -->\n<title>Vise\u0107a stolica Peralvillo - Inti<\/title>\n<meta name=\"description\" content=\"Pustite samo da vam du\u0161a visi \u2013 s ovom vise\u0107om stolicom to ne bi trebalo biti te\u0161ko.Vise\u0107a stolica mjesto je opu\u0161tanja i prenosi ugodan stav prema \u017eivotu.\" \/>\n<meta name=\"robots\" content=\"index, follow, max-snippet:-1, max-image-preview:large, max-video-preview:-1\" \/>\n<link rel=\"canonical\" href=\"https:\/\/inti.hr\/sr\/proizvod\/viseca-stolica-peralvillo\/\" \/>\n<meta property=\"og:locale\" content=\"sr_RS\" \/>\n<meta property=\"og:type\" content=\"article\" \/>\n<meta property=\"og:title\" content=\"Vise\u0107a stolica Peralvillo - Inti\" \/>\n<meta property=\"og:description\" content=\"Pustite samo da vam du\u0161a visi \u2013 s ovom vise\u0107om stolicom to ne bi trebalo biti te\u0161ko.Vise\u0107a stolica mjesto je opu\u0161tanja i prenosi ugodan stav prema \u017eivotu.\" \/>\n<meta property=\"og:url\" content=\"https:\/\/inti.hr\/sr\/proizvod\/viseca-stolica-peralvillo\/\" \/>\n<meta property=\"og:site_name\" content=\"Inti\" \/>\n<meta property=\"og:image\" content=\"https:\/\/i0.wp.com\/inti.hr\/wp-content\/uploads\/2022\/05\/6003e52f270b5b8a8da0ff46be62e7be.webp?fit=700%2C700&ssl=1\" \/>\n\t<meta property=\"og:image:width\" content=\"700\" \/>\n\t<meta property=\"og:image:height\" content=\"700\" \/>\n\t<meta property=\"og:image:type\" content=\"image\/webp\" \/>\n<meta name=\"twitter:card\" content=\"summary_large_image\" \/>\n<meta name=\"twitter:label1\" content=\"\u041f\u0440\u043e\u0446\u0435\u045a\u0435\u043d\u043e \u0432\u0440\u0435\u043c\u0435 \u0447\u0438\u0442\u0430\u045a\u0430\" \/>\n\t<meta name=\"twitter:data1\" content=\"1 \u043c\u0438\u043d\u0443\u0442\" \/>\n<script type=\"application\/ld+json\" class=\"yoast-schema-graph\">{\"@context\":\"https:\/\/schema.org\",\"@graph\":[{\"@type\":\"WebPage\",\"@id\":\"https:\/\/inti.hr\/sr\/proizvod\/viseca-stolica-peralvillo\/\",\"url\":\"https:\/\/inti.hr\/sr\/proizvod\/viseca-stolica-peralvillo\/\",\"name\":\"Vise\u0107a stolica Peralvillo - Inti\",\"isPartOf\":{\"@id\":\"https:\/\/inti.hr\/sr\/#website\"},\"primaryImageOfPage\":{\"@id\":\"https:\/\/inti.hr\/sr\/proizvod\/viseca-stolica-peralvillo\/#primaryimage\"},\"image\":{\"@id\":\"https:\/\/inti.hr\/sr\/proizvod\/viseca-stolica-peralvillo\/#primaryimage\"},\"thumbnailUrl\":\"https:\/\/i0.wp.com\/inti.hr\/wp-content\/uploads\/2022\/05\/6003e52f270b5b8a8da0ff46be62e7be.webp?fit=700%2C700&ssl=1\",\"datePublished\":\"2022-05-21T15:47:10+00:00\",\"dateModified\":\"2022-05-21T15:47:10+00:00\",\"description\":\"Pustite samo da vam du\u0161a visi \u2013 s ovom vise\u0107om stolicom to ne bi trebalo biti te\u0161ko.Vise\u0107a stolica mjesto je opu\u0161tanja i prenosi ugodan stav prema \u017eivotu.\",\"breadcrumb\":{\"@id\":\"https:\/\/inti.hr\/sr\/proizvod\/viseca-stolica-peralvillo\/#breadcrumb\"},\"inLanguage\":\"sr-RS\",\"potentialAction\":[{\"@type\":\"ReadAction\",\"target\":[\"https:\/\/inti.hr\/sr\/proizvod\/viseca-stolica-peralvillo\/\"]}]},{\"@type\":\"ImageObject\",\"inLanguage\":\"sr-RS\",\"@id\":\"https:\/\/inti.hr\/sr\/proizvod\/viseca-stolica-peralvillo\/#primaryimage\",\"url\":\"https:\/\/i0.wp.com\/inti.hr\/wp-content\/uploads\/2022\/05\/6003e52f270b5b8a8da0ff46be62e7be.webp?fit=700%2C700&ssl=1\",\"contentUrl\":\"https:\/\/i0.wp.com\/inti.hr\/wp-content\/uploads\/2022\/05\/6003e52f270b5b8a8da0ff46be62e7be.webp?fit=700%2C700&ssl=1\",\"width\":700,\"height\":700},{\"@type\":\"BreadcrumbList\",\"@id\":\"https:\/\/inti.hr\/sr\/proizvod\/viseca-stolica-peralvillo\/#breadcrumb\",\"itemListElement\":[{\"@type\":\"ListItem\",\"position\":1,\"name\":\"Po\u010detna stranica\",\"item\":\"https:\/\/inti.hr\/sr\/\"},{\"@type\":\"ListItem\",\"position\":2,\"name\":\"Prodavnica\",\"item\":\"https:\/\/inti.hr\/sr\/prodavnica\/\"},{\"@type\":\"ListItem\",\"position\":3,\"name\":\"Vise\u0107a stolica Peralvillo\"}]},{\"@type\":\"WebSite\",\"@id\":\"https:\/\/inti.hr\/sr\/#website\",\"url\":\"https:\/\/inti.hr\/sr\/\",\"name\":\"Inti\",\"description\":\"trgovina\",\"potentialAction\":[{\"@type\":\"SearchAction\",\"target\":{\"@type\":\"EntryPoint\",\"urlTemplate\":\"https:\/\/inti.hr\/sr\/?s={search_term_string}\"},\"query-input\":{\"@type\":\"PropertyValueSpecification\",\"valueRequired\":true,\"valueName\":\"search_term_string\"}}],\"inLanguage\":\"sr-RS\"}]}<\/script>\n<!-- \/ Yoast SEO plugin. -->","yoast_head_json":{"title":"Vise\u0107a stolica Peralvillo - Inti","description":"Pustite samo da vam du\u0161a visi \u2013 s ovom vise\u0107om stolicom to ne bi trebalo biti te\u0161ko.Vise\u0107a stolica mjesto je opu\u0161tanja i prenosi ugodan stav prema \u017eivotu.","robots":{"index":"index","follow":"follow","max-snippet":"max-snippet:-1","max-image-preview":"max-image-preview:large","max-video-preview":"max-video-preview:-1"},"canonical":"https:\/\/inti.hr\/sr\/proizvod\/viseca-stolica-peralvillo\/","og_locale":"sr_RS","og_type":"article","og_title":"Vise\u0107a stolica Peralvillo - Inti","og_description":"Pustite samo da vam du\u0161a visi \u2013 s ovom vise\u0107om stolicom to ne bi trebalo biti te\u0161ko.Vise\u0107a stolica mjesto je opu\u0161tanja i prenosi ugodan stav prema \u017eivotu.","og_url":"https:\/\/inti.hr\/sr\/proizvod\/viseca-stolica-peralvillo\/","og_site_name":"Inti","og_image":[{"width":700,"height":700,"url":"https:\/\/i0.wp.com\/inti.hr\/wp-content\/uploads\/2022\/05\/6003e52f270b5b8a8da0ff46be62e7be.webp?fit=700%2C700&ssl=1","type":"image\/webp"}],"twitter_card":"summary_large_image","twitter_misc":{"\u041f\u0440\u043e\u0446\u0435\u045a\u0435\u043d\u043e \u0432\u0440\u0435\u043c\u0435 \u0447\u0438\u0442\u0430\u045a\u0430":"1 \u043c\u0438\u043d\u0443\u0442"},"schema":{"@context":"https:\/\/schema.org","@graph":[{"@type":"WebPage","@id":"https:\/\/inti.hr\/sr\/proizvod\/viseca-stolica-peralvillo\/","url":"https:\/\/inti.hr\/sr\/proizvod\/viseca-stolica-peralvillo\/","name":"Vise\u0107a stolica Peralvillo - Inti","isPartOf":{"@id":"https:\/\/inti.hr\/sr\/#website"},"primaryImageOfPage":{"@id":"https:\/\/inti.hr\/sr\/proizvod\/viseca-stolica-peralvillo\/#primaryimage"},"image":{"@id":"https:\/\/inti.hr\/sr\/proizvod\/viseca-stolica-peralvillo\/#primaryimage"},"thumbnailUrl":"https:\/\/i0.wp.com\/inti.hr\/wp-content\/uploads\/2022\/05\/6003e52f270b5b8a8da0ff46be62e7be.webp?fit=700%2C700&ssl=1","datePublished":"2022-05-21T15:47:10+00:00","dateModified":"2022-05-21T15:47:10+00:00","description":"Pustite samo da vam du\u0161a visi \u2013 s ovom vise\u0107om stolicom to ne bi trebalo biti te\u0161ko.Vise\u0107a stolica mjesto je opu\u0161tanja i prenosi ugodan stav prema \u017eivotu.","breadcrumb":{"@id":"https:\/\/inti.hr\/sr\/proizvod\/viseca-stolica-peralvillo\/#breadcrumb"},"inLanguage":"sr-RS","potentialAction":[{"@type":"ReadAction","target":["https:\/\/inti.hr\/sr\/proizvod\/viseca-stolica-peralvillo\/"]}]},{"@type":"ImageObject","inLanguage":"sr-RS","@id":"https:\/\/inti.hr\/sr\/proizvod\/viseca-stolica-peralvillo\/#primaryimage","url":"https:\/\/i0.wp.com\/inti.hr\/wp-content\/uploads\/2022\/05\/6003e52f270b5b8a8da0ff46be62e7be.webp?fit=700%2C700&ssl=1","contentUrl":"https:\/\/i0.wp.com\/inti.hr\/wp-content\/uploads\/2022\/05\/6003e52f270b5b8a8da0ff46be62e7be.webp?fit=700%2C700&ssl=1","width":700,"height":700},{"@type":"BreadcrumbList","@id":"https:\/\/inti.hr\/sr\/proizvod\/viseca-stolica-peralvillo\/#breadcrumb","itemListElement":[{"@type":"ListItem","position":1,"name":"Po\u010detna stranica","item":"https:\/\/inti.hr\/sr\/"},{"@type":"ListItem","position":2,"name":"Prodavnica","item":"https:\/\/inti.hr\/sr\/prodavnica\/"},{"@type":"ListItem","position":3,"name":"Vise\u0107a stolica Peralvillo"}]},{"@type":"WebSite","@id":"https:\/\/inti.hr\/sr\/#website","url":"https:\/\/inti.hr\/sr\/","name":"Inti","description":"trgovina","potentialAction":[{"@type":"SearchAction","target":{"@type":"EntryPoint","urlTemplate":"https:\/\/inti.hr\/sr\/?s={search_term_string}"},"query-input":{"@type":"PropertyValueSpecification","valueRequired":true,"valueName":"search_term_string"}}],"inLanguage":"sr-RS"}]}},"jetpack_sharing_enabled":true,"jetpack-related-posts":[],"_links":{"self":[{"href":"https:\/\/inti.hr\/sr\/wp-json\/wp\/v2\/product\/36818"}],"collection":[{"href":"https:\/\/inti.hr\/sr\/wp-json\/wp\/v2\/product"}],"about":[{"href":"https:\/\/inti.hr\/sr\/wp-json\/wp\/v2\/types\/product"}],"wp:featuredmedia":[{"embeddable":true,"href":"https:\/\/inti.hr\/sr\/wp-json\/wp\/v2\/media\/36820"}],"wp:attachment":[{"href":"https:\/\/inti.hr\/sr\/wp-json\/wp\/v2\/media?parent=36818"}],"wp:term":[{"taxonomy":"product_cat","embeddable":true,"href":"https:\/\/inti.hr\/sr\/wp-json\/wp\/v2\/product_cat?post=36818"},{"taxonomy":"product_tag","embeddable":true,"href":"https:\/\/inti.hr\/sr\/wp-json\/wp\/v2\/product_tag?post=36818"}],"curies":[{"name":"wp","href":"https:\/\/api.w.org\/{rel}","templated":true}]}}