{"id":36829,"date":"2022-05-20T08:18:01","date_gmt":"2022-05-20T08:18:01","guid":{"rendered":"https:\/\/inti.hr\/product\/set-stolova-za-kavu-korenica\/"},"modified":"2022-05-20T08:18:01","modified_gmt":"2022-05-20T08:18:01","slug":"set-stolova-za-kavu-korenica","status":"publish","type":"product","link":"https:\/\/inti.hr\/sr\/proizvod\/set-stolova-za-kavu-korenica\/","title":{"rendered":"Set stolova za kavu Korenica"},"content":{"rendered":"<p><b>Detalji o proizvodu:<\/b><\/p>\n<p>&#8211; Set stoli\u0107a za kavu koji se sastoji od 2 stola razli\u010ditih veli\u010dina<br \/>\n&#8211; Mogu se gurnuti jedan u drugi radi u\u0161tede prostora &#8211; Jednostavna<br \/>\npovr\u0161ina za odr\u017eavanje<br \/>\n&#8211; Jednostavna monta\u017ea<\/p>\n<p><b>Dimenzije:<\/b><\/p>\n<p>&#8211; Veliki stol (Vx\u00d8): 46 x 74 cm<br \/>\n&#8211; Mali stol (Vx\u00d8): 41,5 x 58 cm<br \/>\n&#8211; Debljina plo\u010de stola (veliki stol): 1,8 cm<br \/>\n&#8211; Debljina plo\u010de stola (mali stol): 1,5 cm<\/p>\n<p><b>Materijal:<\/b><\/p>\n<p>\u017eeljezo<\/p>\n<p><b>Boja:<\/b><\/p>\n<p>Crno<\/p>\n<p><b>elasti\u010dnost:<\/b><\/p>\n<p>Svaki do 20 kg<\/p>\n","protected":false},"excerpt":{"rendered":"<p>Ovaj dekorativni i prakti\u010dan set stoli\u0107a savr\u0161en je za svaki dom. &#8230; <\/p>\n","protected":false},"featured_media":36830,"template":"","meta":[],"product_cat":[2421],"product_tag":[2448,4943],"yoast_head":"<!-- This site is optimized with the Yoast SEO plugin v23.7 - https:\/\/yoast.com\/wordpress\/plugins\/seo\/ -->\n<title>Set stolova za kavu Korenica - Inti<\/title>\n<meta name=\"description\" content=\"Ovaj dekorativni i prakti\u010dan set stoli\u0107a savr\u0161en je za svaki dom.\" \/>\n<meta name=\"robots\" content=\"index, follow, max-snippet:-1, max-image-preview:large, max-video-preview:-1\" \/>\n<link rel=\"canonical\" href=\"https:\/\/inti.hr\/sr\/proizvod\/set-stolova-za-kavu-korenica\/\" \/>\n<meta property=\"og:locale\" content=\"sr_RS\" \/>\n<meta property=\"og:type\" content=\"article\" \/>\n<meta property=\"og:title\" content=\"Set stolova za kavu Korenica - Inti\" \/>\n<meta property=\"og:description\" content=\"Ovaj dekorativni i prakti\u010dan set stoli\u0107a savr\u0161en je za svaki dom.\" \/>\n<meta property=\"og:url\" content=\"https:\/\/inti.hr\/sr\/proizvod\/set-stolova-za-kavu-korenica\/\" \/>\n<meta property=\"og:site_name\" content=\"Inti\" \/>\n<meta property=\"og:image\" content=\"https:\/\/i0.wp.com\/inti.hr\/wp-content\/uploads\/2022\/05\/ab0f2719bb8be198f935e701fec8943b.webp?fit=2000%2C2000&ssl=1\" \/>\n\t<meta property=\"og:image:width\" content=\"2000\" \/>\n\t<meta property=\"og:image:height\" content=\"2000\" \/>\n\t<meta property=\"og:image:type\" content=\"image\/webp\" \/>\n<meta name=\"twitter:card\" content=\"summary_large_image\" \/>\n<script type=\"application\/ld+json\" class=\"yoast-schema-graph\">{\"@context\":\"https:\/\/schema.org\",\"@graph\":[{\"@type\":\"WebPage\",\"@id\":\"https:\/\/inti.hr\/sr\/proizvod\/set-stolova-za-kavu-korenica\/\",\"url\":\"https:\/\/inti.hr\/sr\/proizvod\/set-stolova-za-kavu-korenica\/\",\"name\":\"Set stolova za kavu Korenica - Inti\",\"isPartOf\":{\"@id\":\"https:\/\/inti.hr\/sr\/#website\"},\"primaryImageOfPage\":{\"@id\":\"https:\/\/inti.hr\/sr\/proizvod\/set-stolova-za-kavu-korenica\/#primaryimage\"},\"image\":{\"@id\":\"https:\/\/inti.hr\/sr\/proizvod\/set-stolova-za-kavu-korenica\/#primaryimage\"},\"thumbnailUrl\":\"https:\/\/i0.wp.com\/inti.hr\/wp-content\/uploads\/2022\/05\/ab0f2719bb8be198f935e701fec8943b.webp?fit=2000%2C2000&ssl=1\",\"datePublished\":\"2022-05-20T08:18:01+00:00\",\"dateModified\":\"2022-05-20T08:18:01+00:00\",\"description\":\"Ovaj dekorativni i prakti\u010dan set stoli\u0107a savr\u0161en je za svaki dom.\",\"breadcrumb\":{\"@id\":\"https:\/\/inti.hr\/sr\/proizvod\/set-stolova-za-kavu-korenica\/#breadcrumb\"},\"inLanguage\":\"sr-RS\",\"potentialAction\":[{\"@type\":\"ReadAction\",\"target\":[\"https:\/\/inti.hr\/sr\/proizvod\/set-stolova-za-kavu-korenica\/\"]}]},{\"@type\":\"ImageObject\",\"inLanguage\":\"sr-RS\",\"@id\":\"https:\/\/inti.hr\/sr\/proizvod\/set-stolova-za-kavu-korenica\/#primaryimage\",\"url\":\"https:\/\/i0.wp.com\/inti.hr\/wp-content\/uploads\/2022\/05\/ab0f2719bb8be198f935e701fec8943b.webp?fit=2000%2C2000&ssl=1\",\"contentUrl\":\"https:\/\/i0.wp.com\/inti.hr\/wp-content\/uploads\/2022\/05\/ab0f2719bb8be198f935e701fec8943b.webp?fit=2000%2C2000&ssl=1\",\"width\":2000,\"height\":2000},{\"@type\":\"BreadcrumbList\",\"@id\":\"https:\/\/inti.hr\/sr\/proizvod\/set-stolova-za-kavu-korenica\/#breadcrumb\",\"itemListElement\":[{\"@type\":\"ListItem\",\"position\":1,\"name\":\"Po\u010detna stranica\",\"item\":\"https:\/\/inti.hr\/sr\/\"},{\"@type\":\"ListItem\",\"position\":2,\"name\":\"Prodavnica\",\"item\":\"https:\/\/inti.hr\/sr\/prodavnica\/\"},{\"@type\":\"ListItem\",\"position\":3,\"name\":\"Set stolova za kavu Korenica\"}]},{\"@type\":\"WebSite\",\"@id\":\"https:\/\/inti.hr\/sr\/#website\",\"url\":\"https:\/\/inti.hr\/sr\/\",\"name\":\"Inti\",\"description\":\"trgovina\",\"potentialAction\":[{\"@type\":\"SearchAction\",\"target\":{\"@type\":\"EntryPoint\",\"urlTemplate\":\"https:\/\/inti.hr\/sr\/?s={search_term_string}\"},\"query-input\":{\"@type\":\"PropertyValueSpecification\",\"valueRequired\":true,\"valueName\":\"search_term_string\"}}],\"inLanguage\":\"sr-RS\"}]}<\/script>\n<!-- \/ Yoast SEO plugin. -->","yoast_head_json":{"title":"Set stolova za kavu Korenica - Inti","description":"Ovaj dekorativni i prakti\u010dan set stoli\u0107a savr\u0161en je za svaki dom.","robots":{"index":"index","follow":"follow","max-snippet":"max-snippet:-1","max-image-preview":"max-image-preview:large","max-video-preview":"max-video-preview:-1"},"canonical":"https:\/\/inti.hr\/sr\/proizvod\/set-stolova-za-kavu-korenica\/","og_locale":"sr_RS","og_type":"article","og_title":"Set stolova za kavu Korenica - Inti","og_description":"Ovaj dekorativni i prakti\u010dan set stoli\u0107a savr\u0161en je za svaki dom.","og_url":"https:\/\/inti.hr\/sr\/proizvod\/set-stolova-za-kavu-korenica\/","og_site_name":"Inti","og_image":[{"width":2000,"height":2000,"url":"https:\/\/i0.wp.com\/inti.hr\/wp-content\/uploads\/2022\/05\/ab0f2719bb8be198f935e701fec8943b.webp?fit=2000%2C2000&ssl=1","type":"image\/webp"}],"twitter_card":"summary_large_image","schema":{"@context":"https:\/\/schema.org","@graph":[{"@type":"WebPage","@id":"https:\/\/inti.hr\/sr\/proizvod\/set-stolova-za-kavu-korenica\/","url":"https:\/\/inti.hr\/sr\/proizvod\/set-stolova-za-kavu-korenica\/","name":"Set stolova za kavu Korenica - Inti","isPartOf":{"@id":"https:\/\/inti.hr\/sr\/#website"},"primaryImageOfPage":{"@id":"https:\/\/inti.hr\/sr\/proizvod\/set-stolova-za-kavu-korenica\/#primaryimage"},"image":{"@id":"https:\/\/inti.hr\/sr\/proizvod\/set-stolova-za-kavu-korenica\/#primaryimage"},"thumbnailUrl":"https:\/\/i0.wp.com\/inti.hr\/wp-content\/uploads\/2022\/05\/ab0f2719bb8be198f935e701fec8943b.webp?fit=2000%2C2000&ssl=1","datePublished":"2022-05-20T08:18:01+00:00","dateModified":"2022-05-20T08:18:01+00:00","description":"Ovaj dekorativni i prakti\u010dan set stoli\u0107a savr\u0161en je za svaki dom.","breadcrumb":{"@id":"https:\/\/inti.hr\/sr\/proizvod\/set-stolova-za-kavu-korenica\/#breadcrumb"},"inLanguage":"sr-RS","potentialAction":[{"@type":"ReadAction","target":["https:\/\/inti.hr\/sr\/proizvod\/set-stolova-za-kavu-korenica\/"]}]},{"@type":"ImageObject","inLanguage":"sr-RS","@id":"https:\/\/inti.hr\/sr\/proizvod\/set-stolova-za-kavu-korenica\/#primaryimage","url":"https:\/\/i0.wp.com\/inti.hr\/wp-content\/uploads\/2022\/05\/ab0f2719bb8be198f935e701fec8943b.webp?fit=2000%2C2000&ssl=1","contentUrl":"https:\/\/i0.wp.com\/inti.hr\/wp-content\/uploads\/2022\/05\/ab0f2719bb8be198f935e701fec8943b.webp?fit=2000%2C2000&ssl=1","width":2000,"height":2000},{"@type":"BreadcrumbList","@id":"https:\/\/inti.hr\/sr\/proizvod\/set-stolova-za-kavu-korenica\/#breadcrumb","itemListElement":[{"@type":"ListItem","position":1,"name":"Po\u010detna stranica","item":"https:\/\/inti.hr\/sr\/"},{"@type":"ListItem","position":2,"name":"Prodavnica","item":"https:\/\/inti.hr\/sr\/prodavnica\/"},{"@type":"ListItem","position":3,"name":"Set stolova za kavu Korenica"}]},{"@type":"WebSite","@id":"https:\/\/inti.hr\/sr\/#website","url":"https:\/\/inti.hr\/sr\/","name":"Inti","description":"trgovina","potentialAction":[{"@type":"SearchAction","target":{"@type":"EntryPoint","urlTemplate":"https:\/\/inti.hr\/sr\/?s={search_term_string}"},"query-input":{"@type":"PropertyValueSpecification","valueRequired":true,"valueName":"search_term_string"}}],"inLanguage":"sr-RS"}]}},"jetpack_sharing_enabled":true,"jetpack-related-posts":[],"_links":{"self":[{"href":"https:\/\/inti.hr\/sr\/wp-json\/wp\/v2\/product\/36829"}],"collection":[{"href":"https:\/\/inti.hr\/sr\/wp-json\/wp\/v2\/product"}],"about":[{"href":"https:\/\/inti.hr\/sr\/wp-json\/wp\/v2\/types\/product"}],"wp:featuredmedia":[{"embeddable":true,"href":"https:\/\/inti.hr\/sr\/wp-json\/wp\/v2\/media\/36830"}],"wp:attachment":[{"href":"https:\/\/inti.hr\/sr\/wp-json\/wp\/v2\/media?parent=36829"}],"wp:term":[{"taxonomy":"product_cat","embeddable":true,"href":"https:\/\/inti.hr\/sr\/wp-json\/wp\/v2\/product_cat?post=36829"},{"taxonomy":"product_tag","embeddable":true,"href":"https:\/\/inti.hr\/sr\/wp-json\/wp\/v2\/product_tag?post=36829"}],"curies":[{"name":"wp","href":"https:\/\/api.w.org\/{rel}","templated":true}]}}