{"id":36837,"date":"2022-05-19T12:19:56","date_gmt":"2022-05-19T12:19:56","guid":{"rendered":"https:\/\/inti.hr\/product\/visoki-kupaonski-ormaric-samostojeci\/"},"modified":"2022-05-19T12:19:56","modified_gmt":"2022-05-19T12:19:56","slug":"visoki-kupaonski-ormaric-samostojeci","status":"publish","type":"product","link":"https:\/\/inti.hr\/sr\/proizvod\/visoki-kupaonski-ormaric-samostojeci\/","title":{"rendered":"Visoki kupaonski ormari\u0107 samostoje\u0107i"},"content":{"rendered":"<p><strong>Detalji proizvoda:<\/strong><\/p>\n<ul>\n<li>Te\u017eina: 24,2 kg<\/li>\n<li>Nosivost: 30 kg<\/li>\n<li>Materijal: PB (E1), metalni okvir<\/li>\n<li>Veli\u010dina proizvoda: 30x28x168cm (vidi sliku)<\/li>\n<li>Dimenzije pakiranja: 104x20x36cm<\/li>\n<li>S uputama za monta\u017eu i vijcima.\u00a0Jednostavna instalacija.<\/li>\n<\/ul>\n","protected":false},"excerpt":{"rendered":"<p>Ovaj atraktivan i jednostavan visoki ormari\u0107 impresionira svojim jednostavnim i bezvremenskim &#8230; <\/p>\n","protected":false},"featured_media":36838,"template":"","meta":[],"product_cat":[2396],"product_tag":[2522,2523,4947],"yoast_head":"<!-- This site is optimized with the Yoast SEO plugin v23.7 - https:\/\/yoast.com\/wordpress\/plugins\/seo\/ -->\n<title>Visoki kupaonski ormari\u0107 samostoje\u0107i - Inti<\/title>\n<meta name=\"description\" content=\"Ovaj atraktivan i jednostavan visoki ormari\u0107 impresionira svojim jednostavnim i bezvremenskim dizajnom. Otvoreni pretinci i police iza vrata nude vrlo prakti\u010dan prostor za pohranu. Veliki visoki kupaonski ormari\u0107 nudi prostor za ru\u010dnike, proizvode za njegu i drugi kupaonski pribor. Klimavi ormari\u0107i oduvijek nisu bili u milosti. Ovaj visoki ormari\u0107 mo\u017ee se sigurno pri\u010dvrstiti na zid s prilo\u017eenim anti-vrhom kako bi se sprije\u010dile nezgode. Sme\u0111a PB plo\u010da i crni metalni okvir daju mu starinski \u0161arm. Svojim prekrasnim izgledom ovaj ormari\u0107 privla\u010di sva\u010diju pa\u017enju, u kupaonici, dnevnom boravku ili spava\u0107oj sobi. Visokokvalitetne plo\u010de jam\u010de savr\u0161enu stabilnost i dug radni vijek, \u010dak i u vla\u017enim okru\u017eenjima. Povr\u0161ina se lako \u010disti, \u0161to olak\u0161ava ku\u0107anske poslove.\" \/>\n<meta name=\"robots\" content=\"index, follow, max-snippet:-1, max-image-preview:large, max-video-preview:-1\" \/>\n<link rel=\"canonical\" href=\"https:\/\/inti.hr\/sr\/proizvod\/visoki-kupaonski-ormaric-samostojeci\/\" \/>\n<meta property=\"og:locale\" content=\"sr_RS\" \/>\n<meta property=\"og:type\" content=\"article\" \/>\n<meta property=\"og:title\" content=\"Visoki kupaonski ormari\u0107 samostoje\u0107i - Inti\" \/>\n<meta property=\"og:description\" content=\"Ovaj atraktivan i jednostavan visoki ormari\u0107 impresionira svojim jednostavnim i bezvremenskim dizajnom. Otvoreni pretinci i police iza vrata nude vrlo prakti\u010dan prostor za pohranu. Veliki visoki kupaonski ormari\u0107 nudi prostor za ru\u010dnike, proizvode za njegu i drugi kupaonski pribor. Klimavi ormari\u0107i oduvijek nisu bili u milosti. Ovaj visoki ormari\u0107 mo\u017ee se sigurno pri\u010dvrstiti na zid s prilo\u017eenim anti-vrhom kako bi se sprije\u010dile nezgode. Sme\u0111a PB plo\u010da i crni metalni okvir daju mu starinski \u0161arm. Svojim prekrasnim izgledom ovaj ormari\u0107 privla\u010di sva\u010diju pa\u017enju, u kupaonici, dnevnom boravku ili spava\u0107oj sobi. Visokokvalitetne plo\u010de jam\u010de savr\u0161enu stabilnost i dug radni vijek, \u010dak i u vla\u017enim okru\u017eenjima. Povr\u0161ina se lako \u010disti, \u0161to olak\u0161ava ku\u0107anske poslove.\" \/>\n<meta property=\"og:url\" content=\"https:\/\/inti.hr\/sr\/proizvod\/visoki-kupaonski-ormaric-samostojeci\/\" \/>\n<meta property=\"og:site_name\" content=\"Inti\" \/>\n<meta property=\"og:image\" content=\"https:\/\/i0.wp.com\/inti.hr\/wp-content\/uploads\/2022\/05\/BZR62-PF-Y002_670x.webp?fit=670%2C670&ssl=1\" \/>\n\t<meta property=\"og:image:width\" content=\"670\" \/>\n\t<meta property=\"og:image:height\" content=\"670\" \/>\n\t<meta property=\"og:image:type\" content=\"image\/webp\" \/>\n<meta name=\"twitter:card\" content=\"summary_large_image\" \/>\n<script type=\"application\/ld+json\" class=\"yoast-schema-graph\">{\"@context\":\"https:\/\/schema.org\",\"@graph\":[{\"@type\":\"WebPage\",\"@id\":\"https:\/\/inti.hr\/sr\/proizvod\/visoki-kupaonski-ormaric-samostojeci\/\",\"url\":\"https:\/\/inti.hr\/sr\/proizvod\/visoki-kupaonski-ormaric-samostojeci\/\",\"name\":\"Visoki kupaonski ormari\u0107 samostoje\u0107i - Inti\",\"isPartOf\":{\"@id\":\"https:\/\/inti.hr\/sr\/#website\"},\"primaryImageOfPage\":{\"@id\":\"https:\/\/inti.hr\/sr\/proizvod\/visoki-kupaonski-ormaric-samostojeci\/#primaryimage\"},\"image\":{\"@id\":\"https:\/\/inti.hr\/sr\/proizvod\/visoki-kupaonski-ormaric-samostojeci\/#primaryimage\"},\"thumbnailUrl\":\"https:\/\/i0.wp.com\/inti.hr\/wp-content\/uploads\/2022\/05\/BZR62-PF-Y002_670x.webp?fit=670%2C670&ssl=1\",\"datePublished\":\"2022-05-19T12:19:56+00:00\",\"dateModified\":\"2022-05-19T12:19:56+00:00\",\"description\":\"Ovaj atraktivan i jednostavan visoki ormari\u0107 impresionira svojim jednostavnim i bezvremenskim dizajnom. Otvoreni pretinci i police iza vrata nude vrlo prakti\u010dan prostor za pohranu. Veliki visoki kupaonski ormari\u0107 nudi prostor za ru\u010dnike, proizvode za njegu i drugi kupaonski pribor. Klimavi ormari\u0107i oduvijek nisu bili u milosti. Ovaj visoki ormari\u0107 mo\u017ee se sigurno pri\u010dvrstiti na zid s prilo\u017eenim anti-vrhom kako bi se sprije\u010dile nezgode. Sme\u0111a PB plo\u010da i crni metalni okvir daju mu starinski \u0161arm. Svojim prekrasnim izgledom ovaj ormari\u0107 privla\u010di sva\u010diju pa\u017enju, u kupaonici, dnevnom boravku ili spava\u0107oj sobi. Visokokvalitetne plo\u010de jam\u010de savr\u0161enu stabilnost i dug radni vijek, \u010dak i u vla\u017enim okru\u017eenjima. Povr\u0161ina se lako \u010disti, \u0161to olak\u0161ava ku\u0107anske poslove.\",\"breadcrumb\":{\"@id\":\"https:\/\/inti.hr\/sr\/proizvod\/visoki-kupaonski-ormaric-samostojeci\/#breadcrumb\"},\"inLanguage\":\"sr-RS\",\"potentialAction\":[{\"@type\":\"ReadAction\",\"target\":[\"https:\/\/inti.hr\/sr\/proizvod\/visoki-kupaonski-ormaric-samostojeci\/\"]}]},{\"@type\":\"ImageObject\",\"inLanguage\":\"sr-RS\",\"@id\":\"https:\/\/inti.hr\/sr\/proizvod\/visoki-kupaonski-ormaric-samostojeci\/#primaryimage\",\"url\":\"https:\/\/i0.wp.com\/inti.hr\/wp-content\/uploads\/2022\/05\/BZR62-PF-Y002_670x.webp?fit=670%2C670&ssl=1\",\"contentUrl\":\"https:\/\/i0.wp.com\/inti.hr\/wp-content\/uploads\/2022\/05\/BZR62-PF-Y002_670x.webp?fit=670%2C670&ssl=1\",\"width\":670,\"height\":670},{\"@type\":\"BreadcrumbList\",\"@id\":\"https:\/\/inti.hr\/sr\/proizvod\/visoki-kupaonski-ormaric-samostojeci\/#breadcrumb\",\"itemListElement\":[{\"@type\":\"ListItem\",\"position\":1,\"name\":\"Po\u010detna stranica\",\"item\":\"https:\/\/inti.hr\/sr\/\"},{\"@type\":\"ListItem\",\"position\":2,\"name\":\"Prodavnica\",\"item\":\"https:\/\/inti.hr\/sr\/prodavnica\/\"},{\"@type\":\"ListItem\",\"position\":3,\"name\":\"Visoki kupaonski ormari\u0107 samostoje\u0107i\"}]},{\"@type\":\"WebSite\",\"@id\":\"https:\/\/inti.hr\/sr\/#website\",\"url\":\"https:\/\/inti.hr\/sr\/\",\"name\":\"Inti\",\"description\":\"trgovina\",\"potentialAction\":[{\"@type\":\"SearchAction\",\"target\":{\"@type\":\"EntryPoint\",\"urlTemplate\":\"https:\/\/inti.hr\/sr\/?s={search_term_string}\"},\"query-input\":{\"@type\":\"PropertyValueSpecification\",\"valueRequired\":true,\"valueName\":\"search_term_string\"}}],\"inLanguage\":\"sr-RS\"}]}<\/script>\n<!-- \/ Yoast SEO plugin. -->","yoast_head_json":{"title":"Visoki kupaonski ormari\u0107 samostoje\u0107i - Inti","description":"Ovaj atraktivan i jednostavan visoki ormari\u0107 impresionira svojim jednostavnim i bezvremenskim dizajnom. Otvoreni pretinci i police iza vrata nude vrlo prakti\u010dan prostor za pohranu. Veliki visoki kupaonski ormari\u0107 nudi prostor za ru\u010dnike, proizvode za njegu i drugi kupaonski pribor. Klimavi ormari\u0107i oduvijek nisu bili u milosti. Ovaj visoki ormari\u0107 mo\u017ee se sigurno pri\u010dvrstiti na zid s prilo\u017eenim anti-vrhom kako bi se sprije\u010dile nezgode. Sme\u0111a PB plo\u010da i crni metalni okvir daju mu starinski \u0161arm. Svojim prekrasnim izgledom ovaj ormari\u0107 privla\u010di sva\u010diju pa\u017enju, u kupaonici, dnevnom boravku ili spava\u0107oj sobi. Visokokvalitetne plo\u010de jam\u010de savr\u0161enu stabilnost i dug radni vijek, \u010dak i u vla\u017enim okru\u017eenjima. Povr\u0161ina se lako \u010disti, \u0161to olak\u0161ava ku\u0107anske poslove.","robots":{"index":"index","follow":"follow","max-snippet":"max-snippet:-1","max-image-preview":"max-image-preview:large","max-video-preview":"max-video-preview:-1"},"canonical":"https:\/\/inti.hr\/sr\/proizvod\/visoki-kupaonski-ormaric-samostojeci\/","og_locale":"sr_RS","og_type":"article","og_title":"Visoki kupaonski ormari\u0107 samostoje\u0107i - Inti","og_description":"Ovaj atraktivan i jednostavan visoki ormari\u0107 impresionira svojim jednostavnim i bezvremenskim dizajnom. Otvoreni pretinci i police iza vrata nude vrlo prakti\u010dan prostor za pohranu. Veliki visoki kupaonski ormari\u0107 nudi prostor za ru\u010dnike, proizvode za njegu i drugi kupaonski pribor. Klimavi ormari\u0107i oduvijek nisu bili u milosti. Ovaj visoki ormari\u0107 mo\u017ee se sigurno pri\u010dvrstiti na zid s prilo\u017eenim anti-vrhom kako bi se sprije\u010dile nezgode. Sme\u0111a PB plo\u010da i crni metalni okvir daju mu starinski \u0161arm. Svojim prekrasnim izgledom ovaj ormari\u0107 privla\u010di sva\u010diju pa\u017enju, u kupaonici, dnevnom boravku ili spava\u0107oj sobi. Visokokvalitetne plo\u010de jam\u010de savr\u0161enu stabilnost i dug radni vijek, \u010dak i u vla\u017enim okru\u017eenjima. Povr\u0161ina se lako \u010disti, \u0161to olak\u0161ava ku\u0107anske poslove.","og_url":"https:\/\/inti.hr\/sr\/proizvod\/visoki-kupaonski-ormaric-samostojeci\/","og_site_name":"Inti","og_image":[{"width":670,"height":670,"url":"https:\/\/i0.wp.com\/inti.hr\/wp-content\/uploads\/2022\/05\/BZR62-PF-Y002_670x.webp?fit=670%2C670&ssl=1","type":"image\/webp"}],"twitter_card":"summary_large_image","schema":{"@context":"https:\/\/schema.org","@graph":[{"@type":"WebPage","@id":"https:\/\/inti.hr\/sr\/proizvod\/visoki-kupaonski-ormaric-samostojeci\/","url":"https:\/\/inti.hr\/sr\/proizvod\/visoki-kupaonski-ormaric-samostojeci\/","name":"Visoki kupaonski ormari\u0107 samostoje\u0107i - Inti","isPartOf":{"@id":"https:\/\/inti.hr\/sr\/#website"},"primaryImageOfPage":{"@id":"https:\/\/inti.hr\/sr\/proizvod\/visoki-kupaonski-ormaric-samostojeci\/#primaryimage"},"image":{"@id":"https:\/\/inti.hr\/sr\/proizvod\/visoki-kupaonski-ormaric-samostojeci\/#primaryimage"},"thumbnailUrl":"https:\/\/i0.wp.com\/inti.hr\/wp-content\/uploads\/2022\/05\/BZR62-PF-Y002_670x.webp?fit=670%2C670&ssl=1","datePublished":"2022-05-19T12:19:56+00:00","dateModified":"2022-05-19T12:19:56+00:00","description":"Ovaj atraktivan i jednostavan visoki ormari\u0107 impresionira svojim jednostavnim i bezvremenskim dizajnom. Otvoreni pretinci i police iza vrata nude vrlo prakti\u010dan prostor za pohranu. Veliki visoki kupaonski ormari\u0107 nudi prostor za ru\u010dnike, proizvode za njegu i drugi kupaonski pribor. Klimavi ormari\u0107i oduvijek nisu bili u milosti. Ovaj visoki ormari\u0107 mo\u017ee se sigurno pri\u010dvrstiti na zid s prilo\u017eenim anti-vrhom kako bi se sprije\u010dile nezgode. Sme\u0111a PB plo\u010da i crni metalni okvir daju mu starinski \u0161arm. Svojim prekrasnim izgledom ovaj ormari\u0107 privla\u010di sva\u010diju pa\u017enju, u kupaonici, dnevnom boravku ili spava\u0107oj sobi. Visokokvalitetne plo\u010de jam\u010de savr\u0161enu stabilnost i dug radni vijek, \u010dak i u vla\u017enim okru\u017eenjima. Povr\u0161ina se lako \u010disti, \u0161to olak\u0161ava ku\u0107anske poslove.","breadcrumb":{"@id":"https:\/\/inti.hr\/sr\/proizvod\/visoki-kupaonski-ormaric-samostojeci\/#breadcrumb"},"inLanguage":"sr-RS","potentialAction":[{"@type":"ReadAction","target":["https:\/\/inti.hr\/sr\/proizvod\/visoki-kupaonski-ormaric-samostojeci\/"]}]},{"@type":"ImageObject","inLanguage":"sr-RS","@id":"https:\/\/inti.hr\/sr\/proizvod\/visoki-kupaonski-ormaric-samostojeci\/#primaryimage","url":"https:\/\/i0.wp.com\/inti.hr\/wp-content\/uploads\/2022\/05\/BZR62-PF-Y002_670x.webp?fit=670%2C670&ssl=1","contentUrl":"https:\/\/i0.wp.com\/inti.hr\/wp-content\/uploads\/2022\/05\/BZR62-PF-Y002_670x.webp?fit=670%2C670&ssl=1","width":670,"height":670},{"@type":"BreadcrumbList","@id":"https:\/\/inti.hr\/sr\/proizvod\/visoki-kupaonski-ormaric-samostojeci\/#breadcrumb","itemListElement":[{"@type":"ListItem","position":1,"name":"Po\u010detna stranica","item":"https:\/\/inti.hr\/sr\/"},{"@type":"ListItem","position":2,"name":"Prodavnica","item":"https:\/\/inti.hr\/sr\/prodavnica\/"},{"@type":"ListItem","position":3,"name":"Visoki kupaonski ormari\u0107 samostoje\u0107i"}]},{"@type":"WebSite","@id":"https:\/\/inti.hr\/sr\/#website","url":"https:\/\/inti.hr\/sr\/","name":"Inti","description":"trgovina","potentialAction":[{"@type":"SearchAction","target":{"@type":"EntryPoint","urlTemplate":"https:\/\/inti.hr\/sr\/?s={search_term_string}"},"query-input":{"@type":"PropertyValueSpecification","valueRequired":true,"valueName":"search_term_string"}}],"inLanguage":"sr-RS"}]}},"jetpack_sharing_enabled":true,"jetpack-related-posts":[],"_links":{"self":[{"href":"https:\/\/inti.hr\/sr\/wp-json\/wp\/v2\/product\/36837"}],"collection":[{"href":"https:\/\/inti.hr\/sr\/wp-json\/wp\/v2\/product"}],"about":[{"href":"https:\/\/inti.hr\/sr\/wp-json\/wp\/v2\/types\/product"}],"wp:featuredmedia":[{"embeddable":true,"href":"https:\/\/inti.hr\/sr\/wp-json\/wp\/v2\/media\/36838"}],"wp:attachment":[{"href":"https:\/\/inti.hr\/sr\/wp-json\/wp\/v2\/media?parent=36837"}],"wp:term":[{"taxonomy":"product_cat","embeddable":true,"href":"https:\/\/inti.hr\/sr\/wp-json\/wp\/v2\/product_cat?post=36837"},{"taxonomy":"product_tag","embeddable":true,"href":"https:\/\/inti.hr\/sr\/wp-json\/wp\/v2\/product_tag?post=36837"}],"curies":[{"name":"wp","href":"https:\/\/api.w.org\/{rel}","templated":true}]}}