{"id":36856,"date":"2022-05-17T09:13:38","date_gmt":"2022-05-17T09:13:38","guid":{"rendered":"https:\/\/inti.hr\/product\/pivski-stupac-s-tocionom-35-l-aparat-za-pivo\/"},"modified":"2022-05-17T09:13:38","modified_gmt":"2022-05-17T09:13:38","slug":"pivski-stupac-s-tocionom-35-l-aparat-za-pivo","status":"publish","type":"product","link":"https:\/\/inti.hr\/sr\/proizvod\/pivski-stupac-s-tocionom-35-l-aparat-za-pivo\/","title":{"rendered":"\u017dirafa s to\u010dionikom 3,5 L"},"content":{"rendered":"<p>Tehni\u010dki detalji:<\/p>\n<p>A \/ \u00d8 ukupno cca. 88,2 \/ 19 cm.<br \/>\nA\/\u00d8 stup: pribl. 66,7\/9 cm<br \/>\nA \/ \u00d8 baza: pribl. 20\/19 cm<br \/>\nMaterijal: sintetika.<br \/>\nBoja: crna.<\/p>\n","protected":false},"excerpt":{"rendered":"<p>Pivski toranj apsolutno je vrhunac na va\u0161oj sljede\u0107oj zabavi ili zabavi &#8230; <\/p>\n","protected":false},"featured_media":36858,"template":"","meta":[],"product_cat":[4015,2822],"product_tag":[4959,4960,4961,4962],"yoast_head":"<!-- This site is optimized with the Yoast SEO plugin v23.7 - https:\/\/yoast.com\/wordpress\/plugins\/seo\/ -->\n<title>\u017dirafa s to\u010dionikom 3,5 L - Inti<\/title>\n<meta name=\"description\" content=\"Pivski toranj apsolutno je vrhunac na va\u0161oj sljede\u0107oj zabavi ili zabavi s ro\u0161tiljem.Sprema do 3 litre piva (ili drugih napitaka) i napunit \u0107e va\u0161e \u010da\u0161e sa stilom. Prozirni pivski toranj puni se odozgo povla\u010denjem poklopca.\u00a0Dozator pi\u0107a za pivo, vino, bezalkoholna pi\u0107a i ostalo.Prozirni stupac zapremine 3 litreUtika\u010d za jednostavan prijenos.Lako se puni odozgo.\" \/>\n<meta name=\"robots\" content=\"index, follow, max-snippet:-1, max-image-preview:large, max-video-preview:-1\" \/>\n<link rel=\"canonical\" href=\"https:\/\/inti.hr\/sr\/proizvod\/pivski-stupac-s-tocionom-35-l-aparat-za-pivo\/\" \/>\n<meta property=\"og:locale\" content=\"sr_RS\" \/>\n<meta property=\"og:type\" content=\"article\" \/>\n<meta property=\"og:title\" content=\"\u017dirafa s to\u010dionikom 3,5 L - Inti\" \/>\n<meta property=\"og:description\" content=\"Pivski toranj apsolutno je vrhunac na va\u0161oj sljede\u0107oj zabavi ili zabavi s ro\u0161tiljem.Sprema do 3 litre piva (ili drugih napitaka) i napunit \u0107e va\u0161e \u010da\u0161e sa stilom. Prozirni pivski toranj puni se odozgo povla\u010denjem poklopca.\u00a0Dozator pi\u0107a za pivo, vino, bezalkoholna pi\u0107a i ostalo.Prozirni stupac zapremine 3 litreUtika\u010d za jednostavan prijenos.Lako se puni odozgo.\" \/>\n<meta property=\"og:url\" content=\"https:\/\/inti.hr\/sr\/proizvod\/pivski-stupac-s-tocionom-35-l-aparat-za-pivo\/\" \/>\n<meta property=\"og:site_name\" content=\"Inti\" \/>\n<meta property=\"og:image\" content=\"https:\/\/i0.wp.com\/inti.hr\/wp-content\/uploads\/2022\/05\/71YqUSmatML._AC_SL1500_.jpg?fit=1500%2C1500&ssl=1\" \/>\n\t<meta property=\"og:image:width\" content=\"1500\" \/>\n\t<meta property=\"og:image:height\" content=\"1500\" \/>\n\t<meta property=\"og:image:type\" content=\"image\/jpeg\" \/>\n<meta name=\"twitter:card\" content=\"summary_large_image\" \/>\n<script type=\"application\/ld+json\" class=\"yoast-schema-graph\">{\"@context\":\"https:\/\/schema.org\",\"@graph\":[{\"@type\":\"WebPage\",\"@id\":\"https:\/\/inti.hr\/sr\/proizvod\/pivski-stupac-s-tocionom-35-l-aparat-za-pivo\/\",\"url\":\"https:\/\/inti.hr\/sr\/proizvod\/pivski-stupac-s-tocionom-35-l-aparat-za-pivo\/\",\"name\":\"\u017dirafa s to\u010dionikom 3,5 L - Inti\",\"isPartOf\":{\"@id\":\"https:\/\/inti.hr\/sr\/#website\"},\"primaryImageOfPage\":{\"@id\":\"https:\/\/inti.hr\/sr\/proizvod\/pivski-stupac-s-tocionom-35-l-aparat-za-pivo\/#primaryimage\"},\"image\":{\"@id\":\"https:\/\/inti.hr\/sr\/proizvod\/pivski-stupac-s-tocionom-35-l-aparat-za-pivo\/#primaryimage\"},\"thumbnailUrl\":\"https:\/\/i0.wp.com\/inti.hr\/wp-content\/uploads\/2022\/05\/71YqUSmatML._AC_SL1500_.jpg?fit=1500%2C1500&ssl=1\",\"datePublished\":\"2022-05-17T09:13:38+00:00\",\"dateModified\":\"2022-05-17T09:13:38+00:00\",\"description\":\"Pivski toranj apsolutno je vrhunac na va\u0161oj sljede\u0107oj zabavi ili zabavi s ro\u0161tiljem.Sprema do 3 litre piva (ili drugih napitaka) i napunit \u0107e va\u0161e \u010da\u0161e sa stilom. Prozirni pivski toranj puni se odozgo povla\u010denjem poklopca.\u00a0Dozator pi\u0107a za pivo, vino, bezalkoholna pi\u0107a i ostalo.Prozirni stupac zapremine 3 litreUtika\u010d za jednostavan prijenos.Lako se puni odozgo.\",\"breadcrumb\":{\"@id\":\"https:\/\/inti.hr\/sr\/proizvod\/pivski-stupac-s-tocionom-35-l-aparat-za-pivo\/#breadcrumb\"},\"inLanguage\":\"sr-RS\",\"potentialAction\":[{\"@type\":\"ReadAction\",\"target\":[\"https:\/\/inti.hr\/sr\/proizvod\/pivski-stupac-s-tocionom-35-l-aparat-za-pivo\/\"]}]},{\"@type\":\"ImageObject\",\"inLanguage\":\"sr-RS\",\"@id\":\"https:\/\/inti.hr\/sr\/proizvod\/pivski-stupac-s-tocionom-35-l-aparat-za-pivo\/#primaryimage\",\"url\":\"https:\/\/i0.wp.com\/inti.hr\/wp-content\/uploads\/2022\/05\/71YqUSmatML._AC_SL1500_.jpg?fit=1500%2C1500&ssl=1\",\"contentUrl\":\"https:\/\/i0.wp.com\/inti.hr\/wp-content\/uploads\/2022\/05\/71YqUSmatML._AC_SL1500_.jpg?fit=1500%2C1500&ssl=1\",\"width\":1500,\"height\":1500,\"caption\":\"aparat za pivo \u017eirafa s to\u010dinikom\"},{\"@type\":\"BreadcrumbList\",\"@id\":\"https:\/\/inti.hr\/sr\/proizvod\/pivski-stupac-s-tocionom-35-l-aparat-za-pivo\/#breadcrumb\",\"itemListElement\":[{\"@type\":\"ListItem\",\"position\":1,\"name\":\"Po\u010detna stranica\",\"item\":\"https:\/\/inti.hr\/sr\/\"},{\"@type\":\"ListItem\",\"position\":2,\"name\":\"Prodavnica\",\"item\":\"https:\/\/inti.hr\/sr\/prodavnica\/\"},{\"@type\":\"ListItem\",\"position\":3,\"name\":\"\u017dirafa s to\u010dionikom 3,5 L\"}]},{\"@type\":\"WebSite\",\"@id\":\"https:\/\/inti.hr\/sr\/#website\",\"url\":\"https:\/\/inti.hr\/sr\/\",\"name\":\"Inti\",\"description\":\"trgovina\",\"potentialAction\":[{\"@type\":\"SearchAction\",\"target\":{\"@type\":\"EntryPoint\",\"urlTemplate\":\"https:\/\/inti.hr\/sr\/?s={search_term_string}\"},\"query-input\":{\"@type\":\"PropertyValueSpecification\",\"valueRequired\":true,\"valueName\":\"search_term_string\"}}],\"inLanguage\":\"sr-RS\"}]}<\/script>\n<!-- \/ Yoast SEO plugin. -->","yoast_head_json":{"title":"\u017dirafa s to\u010dionikom 3,5 L - Inti","description":"Pivski toranj apsolutno je vrhunac na va\u0161oj sljede\u0107oj zabavi ili zabavi s ro\u0161tiljem.Sprema do 3 litre piva (ili drugih napitaka) i napunit \u0107e va\u0161e \u010da\u0161e sa stilom. Prozirni pivski toranj puni se odozgo povla\u010denjem poklopca.\u00a0Dozator pi\u0107a za pivo, vino, bezalkoholna pi\u0107a i ostalo.Prozirni stupac zapremine 3 litreUtika\u010d za jednostavan prijenos.Lako se puni odozgo.","robots":{"index":"index","follow":"follow","max-snippet":"max-snippet:-1","max-image-preview":"max-image-preview:large","max-video-preview":"max-video-preview:-1"},"canonical":"https:\/\/inti.hr\/sr\/proizvod\/pivski-stupac-s-tocionom-35-l-aparat-za-pivo\/","og_locale":"sr_RS","og_type":"article","og_title":"\u017dirafa s to\u010dionikom 3,5 L - Inti","og_description":"Pivski toranj apsolutno je vrhunac na va\u0161oj sljede\u0107oj zabavi ili zabavi s ro\u0161tiljem.Sprema do 3 litre piva (ili drugih napitaka) i napunit \u0107e va\u0161e \u010da\u0161e sa stilom. Prozirni pivski toranj puni se odozgo povla\u010denjem poklopca.\u00a0Dozator pi\u0107a za pivo, vino, bezalkoholna pi\u0107a i ostalo.Prozirni stupac zapremine 3 litreUtika\u010d za jednostavan prijenos.Lako se puni odozgo.","og_url":"https:\/\/inti.hr\/sr\/proizvod\/pivski-stupac-s-tocionom-35-l-aparat-za-pivo\/","og_site_name":"Inti","og_image":[{"width":1500,"height":1500,"url":"https:\/\/i0.wp.com\/inti.hr\/wp-content\/uploads\/2022\/05\/71YqUSmatML._AC_SL1500_.jpg?fit=1500%2C1500&ssl=1","type":"image\/jpeg"}],"twitter_card":"summary_large_image","schema":{"@context":"https:\/\/schema.org","@graph":[{"@type":"WebPage","@id":"https:\/\/inti.hr\/sr\/proizvod\/pivski-stupac-s-tocionom-35-l-aparat-za-pivo\/","url":"https:\/\/inti.hr\/sr\/proizvod\/pivski-stupac-s-tocionom-35-l-aparat-za-pivo\/","name":"\u017dirafa s to\u010dionikom 3,5 L - Inti","isPartOf":{"@id":"https:\/\/inti.hr\/sr\/#website"},"primaryImageOfPage":{"@id":"https:\/\/inti.hr\/sr\/proizvod\/pivski-stupac-s-tocionom-35-l-aparat-za-pivo\/#primaryimage"},"image":{"@id":"https:\/\/inti.hr\/sr\/proizvod\/pivski-stupac-s-tocionom-35-l-aparat-za-pivo\/#primaryimage"},"thumbnailUrl":"https:\/\/i0.wp.com\/inti.hr\/wp-content\/uploads\/2022\/05\/71YqUSmatML._AC_SL1500_.jpg?fit=1500%2C1500&ssl=1","datePublished":"2022-05-17T09:13:38+00:00","dateModified":"2022-05-17T09:13:38+00:00","description":"Pivski toranj apsolutno je vrhunac na va\u0161oj sljede\u0107oj zabavi ili zabavi s ro\u0161tiljem.Sprema do 3 litre piva (ili drugih napitaka) i napunit \u0107e va\u0161e \u010da\u0161e sa stilom. Prozirni pivski toranj puni se odozgo povla\u010denjem poklopca.\u00a0Dozator pi\u0107a za pivo, vino, bezalkoholna pi\u0107a i ostalo.Prozirni stupac zapremine 3 litreUtika\u010d za jednostavan prijenos.Lako se puni odozgo.","breadcrumb":{"@id":"https:\/\/inti.hr\/sr\/proizvod\/pivski-stupac-s-tocionom-35-l-aparat-za-pivo\/#breadcrumb"},"inLanguage":"sr-RS","potentialAction":[{"@type":"ReadAction","target":["https:\/\/inti.hr\/sr\/proizvod\/pivski-stupac-s-tocionom-35-l-aparat-za-pivo\/"]}]},{"@type":"ImageObject","inLanguage":"sr-RS","@id":"https:\/\/inti.hr\/sr\/proizvod\/pivski-stupac-s-tocionom-35-l-aparat-za-pivo\/#primaryimage","url":"https:\/\/i0.wp.com\/inti.hr\/wp-content\/uploads\/2022\/05\/71YqUSmatML._AC_SL1500_.jpg?fit=1500%2C1500&ssl=1","contentUrl":"https:\/\/i0.wp.com\/inti.hr\/wp-content\/uploads\/2022\/05\/71YqUSmatML._AC_SL1500_.jpg?fit=1500%2C1500&ssl=1","width":1500,"height":1500,"caption":"aparat za pivo \u017eirafa s to\u010dinikom"},{"@type":"BreadcrumbList","@id":"https:\/\/inti.hr\/sr\/proizvod\/pivski-stupac-s-tocionom-35-l-aparat-za-pivo\/#breadcrumb","itemListElement":[{"@type":"ListItem","position":1,"name":"Po\u010detna stranica","item":"https:\/\/inti.hr\/sr\/"},{"@type":"ListItem","position":2,"name":"Prodavnica","item":"https:\/\/inti.hr\/sr\/prodavnica\/"},{"@type":"ListItem","position":3,"name":"\u017dirafa s to\u010dionikom 3,5 L"}]},{"@type":"WebSite","@id":"https:\/\/inti.hr\/sr\/#website","url":"https:\/\/inti.hr\/sr\/","name":"Inti","description":"trgovina","potentialAction":[{"@type":"SearchAction","target":{"@type":"EntryPoint","urlTemplate":"https:\/\/inti.hr\/sr\/?s={search_term_string}"},"query-input":{"@type":"PropertyValueSpecification","valueRequired":true,"valueName":"search_term_string"}}],"inLanguage":"sr-RS"}]}},"jetpack_sharing_enabled":true,"jetpack-related-posts":[],"_links":{"self":[{"href":"https:\/\/inti.hr\/sr\/wp-json\/wp\/v2\/product\/36856"}],"collection":[{"href":"https:\/\/inti.hr\/sr\/wp-json\/wp\/v2\/product"}],"about":[{"href":"https:\/\/inti.hr\/sr\/wp-json\/wp\/v2\/types\/product"}],"wp:featuredmedia":[{"embeddable":true,"href":"https:\/\/inti.hr\/sr\/wp-json\/wp\/v2\/media\/36858"}],"wp:attachment":[{"href":"https:\/\/inti.hr\/sr\/wp-json\/wp\/v2\/media?parent=36856"}],"wp:term":[{"taxonomy":"product_cat","embeddable":true,"href":"https:\/\/inti.hr\/sr\/wp-json\/wp\/v2\/product_cat?post=36856"},{"taxonomy":"product_tag","embeddable":true,"href":"https:\/\/inti.hr\/sr\/wp-json\/wp\/v2\/product_tag?post=36856"}],"curies":[{"name":"wp","href":"https:\/\/api.w.org\/{rel}","templated":true}]}}