{"id":36861,"date":"2022-05-16T08:07:42","date_gmt":"2022-05-16T08:07:42","guid":{"rendered":"https:\/\/inti.hr\/product\/taranto-lezaljka-za-ljuljanje\/"},"modified":"2022-05-16T08:07:42","modified_gmt":"2022-05-16T08:07:42","slug":"taranto-lezaljka-za-ljuljanje","status":"publish","type":"product","link":"https:\/\/inti.hr\/sr\/proizvod\/taranto-lezaljka-za-ljuljanje\/","title":{"rendered":"Taranto le\u017ealjka za ljuljanje"},"content":{"rendered":"<p><b>Detalji o proizvodu:<\/b><\/p>\n<p>&#8211; Savr\u0161eno za balkon, terasu, bazen i vrt<br \/>\n&#8211; Ugodno ljuljanje zahvaljuju\u0107i funkciji ljuljanja<br \/>\n&#8211; Le\u017ee\u0107a povr\u0161ina od materijala koji se brzo su\u0161i<br \/>\n&#8211; Naslon za glavu koji se mo\u017ee skinuti za visoku udobnost le\u017eanja<br \/>\n&#8211; Okvir i nasloni za ruke s neklizaju\u0107im gumenim premazom<br \/>\n&#8211; Moderan i moderan dizajn<br \/>\n&#8211; Ergonomski oblikovana vrtna le\u017ealjka<br \/>\n&#8211; Vodootporan i otporan na vremenske uvjete<br \/>\n&#8211; Maksimalna nosivost do pribli\u017eno 150 kg<\/p>\n<p><b>Materijal:<\/b><\/p>\n<p>&#8211; Okvir: \u010delik<br \/>\n&#8211; Le\u017ee\u0107a povr\u0161ina: tekstil (70% PVC, 30% poliester)<\/p>\n<p><b>Dimenzije:<\/b><\/p>\n<p>&#8211; Ukupno (Dx\u0160xV): 174 x 63 x 88 cm<br \/>\n&#8211; Naslon za glavu (Dx\u0160xV): 29 x 18,5 x 4 cm &#8211;<br \/>\nVisina sjedala: 32,5 &#8211; 42 cm<br \/>\n&#8211; \u0160irina sjedala: 55 cm &#8211;<br \/>\nPromjer cijevi: 30 mm<\/p>\n<p><b>Boja:<\/b><\/p>\n<p>tamno siva<\/p>\n<p><b>Opseg isporuke:<\/b><\/p>\n<p>1x le\u017ealjka za ljuljanje<\/p>\n","protected":false},"excerpt":{"rendered":"<p>Elegantna i udobna, le\u017ealjka je idealna za opu\u0161tanje i nudi vam &#8230; <\/p>\n","protected":false},"featured_media":36862,"template":"","meta":[],"product_cat":[2485,2461],"product_tag":[4183,2480,2464,2561],"yoast_head":"<!-- This site is optimized with the Yoast SEO plugin v23.7 - https:\/\/yoast.com\/wordpress\/plugins\/seo\/ -->\n<title>Taranto le\u017ealjka za ljuljanje - Inti<\/title>\n<meta name=\"description\" content=\"Elegantna i udobna, le\u017ealjka je idealna za opu\u0161tanje i nudi vam lagano i nje\u017eno ljuljanje.\" \/>\n<meta name=\"robots\" content=\"index, follow, max-snippet:-1, max-image-preview:large, max-video-preview:-1\" \/>\n<link rel=\"canonical\" href=\"https:\/\/inti.hr\/sr\/proizvod\/taranto-lezaljka-za-ljuljanje\/\" \/>\n<meta property=\"og:locale\" content=\"sr_RS\" \/>\n<meta property=\"og:type\" content=\"article\" \/>\n<meta property=\"og:title\" content=\"Taranto le\u017ealjka za ljuljanje - Inti\" \/>\n<meta property=\"og:description\" content=\"Elegantna i udobna, le\u017ealjka je idealna za opu\u0161tanje i nudi vam lagano i nje\u017eno ljuljanje.\" \/>\n<meta property=\"og:url\" content=\"https:\/\/inti.hr\/sr\/proizvod\/taranto-lezaljka-za-ljuljanje\/\" \/>\n<meta property=\"og:site_name\" content=\"Inti\" \/>\n<meta property=\"og:image\" content=\"https:\/\/i0.wp.com\/inti.hr\/wp-content\/uploads\/2022\/05\/0120a630bf23b77740de0cee963213f0.webp?fit=2000%2C2000&ssl=1\" \/>\n\t<meta property=\"og:image:width\" content=\"2000\" \/>\n\t<meta property=\"og:image:height\" content=\"2000\" \/>\n\t<meta property=\"og:image:type\" content=\"image\/webp\" \/>\n<meta name=\"twitter:card\" content=\"summary_large_image\" \/>\n<meta name=\"twitter:label1\" content=\"\u041f\u0440\u043e\u0446\u0435\u045a\u0435\u043d\u043e \u0432\u0440\u0435\u043c\u0435 \u0447\u0438\u0442\u0430\u045a\u0430\" \/>\n\t<meta name=\"twitter:data1\" content=\"1 \u043c\u0438\u043d\u0443\u0442\" \/>\n<script type=\"application\/ld+json\" class=\"yoast-schema-graph\">{\"@context\":\"https:\/\/schema.org\",\"@graph\":[{\"@type\":\"WebPage\",\"@id\":\"https:\/\/inti.hr\/sr\/proizvod\/taranto-lezaljka-za-ljuljanje\/\",\"url\":\"https:\/\/inti.hr\/sr\/proizvod\/taranto-lezaljka-za-ljuljanje\/\",\"name\":\"Taranto le\u017ealjka za ljuljanje - Inti\",\"isPartOf\":{\"@id\":\"https:\/\/inti.hr\/sr\/#website\"},\"primaryImageOfPage\":{\"@id\":\"https:\/\/inti.hr\/sr\/proizvod\/taranto-lezaljka-za-ljuljanje\/#primaryimage\"},\"image\":{\"@id\":\"https:\/\/inti.hr\/sr\/proizvod\/taranto-lezaljka-za-ljuljanje\/#primaryimage\"},\"thumbnailUrl\":\"https:\/\/i0.wp.com\/inti.hr\/wp-content\/uploads\/2022\/05\/0120a630bf23b77740de0cee963213f0.webp?fit=2000%2C2000&ssl=1\",\"datePublished\":\"2022-05-16T08:07:42+00:00\",\"dateModified\":\"2022-05-16T08:07:42+00:00\",\"description\":\"Elegantna i udobna, le\u017ealjka je idealna za opu\u0161tanje i nudi vam lagano i nje\u017eno ljuljanje.\",\"breadcrumb\":{\"@id\":\"https:\/\/inti.hr\/sr\/proizvod\/taranto-lezaljka-za-ljuljanje\/#breadcrumb\"},\"inLanguage\":\"sr-RS\",\"potentialAction\":[{\"@type\":\"ReadAction\",\"target\":[\"https:\/\/inti.hr\/sr\/proizvod\/taranto-lezaljka-za-ljuljanje\/\"]}]},{\"@type\":\"ImageObject\",\"inLanguage\":\"sr-RS\",\"@id\":\"https:\/\/inti.hr\/sr\/proizvod\/taranto-lezaljka-za-ljuljanje\/#primaryimage\",\"url\":\"https:\/\/i0.wp.com\/inti.hr\/wp-content\/uploads\/2022\/05\/0120a630bf23b77740de0cee963213f0.webp?fit=2000%2C2000&ssl=1\",\"contentUrl\":\"https:\/\/i0.wp.com\/inti.hr\/wp-content\/uploads\/2022\/05\/0120a630bf23b77740de0cee963213f0.webp?fit=2000%2C2000&ssl=1\",\"width\":2000,\"height\":2000},{\"@type\":\"BreadcrumbList\",\"@id\":\"https:\/\/inti.hr\/sr\/proizvod\/taranto-lezaljka-za-ljuljanje\/#breadcrumb\",\"itemListElement\":[{\"@type\":\"ListItem\",\"position\":1,\"name\":\"Po\u010detna stranica\",\"item\":\"https:\/\/inti.hr\/sr\/\"},{\"@type\":\"ListItem\",\"position\":2,\"name\":\"Prodavnica\",\"item\":\"https:\/\/inti.hr\/sr\/prodavnica\/\"},{\"@type\":\"ListItem\",\"position\":3,\"name\":\"Taranto le\u017ealjka za ljuljanje\"}]},{\"@type\":\"WebSite\",\"@id\":\"https:\/\/inti.hr\/sr\/#website\",\"url\":\"https:\/\/inti.hr\/sr\/\",\"name\":\"Inti\",\"description\":\"trgovina\",\"potentialAction\":[{\"@type\":\"SearchAction\",\"target\":{\"@type\":\"EntryPoint\",\"urlTemplate\":\"https:\/\/inti.hr\/sr\/?s={search_term_string}\"},\"query-input\":{\"@type\":\"PropertyValueSpecification\",\"valueRequired\":true,\"valueName\":\"search_term_string\"}}],\"inLanguage\":\"sr-RS\"}]}<\/script>\n<!-- \/ Yoast SEO plugin. -->","yoast_head_json":{"title":"Taranto le\u017ealjka za ljuljanje - Inti","description":"Elegantna i udobna, le\u017ealjka je idealna za opu\u0161tanje i nudi vam lagano i nje\u017eno ljuljanje.","robots":{"index":"index","follow":"follow","max-snippet":"max-snippet:-1","max-image-preview":"max-image-preview:large","max-video-preview":"max-video-preview:-1"},"canonical":"https:\/\/inti.hr\/sr\/proizvod\/taranto-lezaljka-za-ljuljanje\/","og_locale":"sr_RS","og_type":"article","og_title":"Taranto le\u017ealjka za ljuljanje - Inti","og_description":"Elegantna i udobna, le\u017ealjka je idealna za opu\u0161tanje i nudi vam lagano i nje\u017eno ljuljanje.","og_url":"https:\/\/inti.hr\/sr\/proizvod\/taranto-lezaljka-za-ljuljanje\/","og_site_name":"Inti","og_image":[{"width":2000,"height":2000,"url":"https:\/\/i0.wp.com\/inti.hr\/wp-content\/uploads\/2022\/05\/0120a630bf23b77740de0cee963213f0.webp?fit=2000%2C2000&ssl=1","type":"image\/webp"}],"twitter_card":"summary_large_image","twitter_misc":{"\u041f\u0440\u043e\u0446\u0435\u045a\u0435\u043d\u043e \u0432\u0440\u0435\u043c\u0435 \u0447\u0438\u0442\u0430\u045a\u0430":"1 \u043c\u0438\u043d\u0443\u0442"},"schema":{"@context":"https:\/\/schema.org","@graph":[{"@type":"WebPage","@id":"https:\/\/inti.hr\/sr\/proizvod\/taranto-lezaljka-za-ljuljanje\/","url":"https:\/\/inti.hr\/sr\/proizvod\/taranto-lezaljka-za-ljuljanje\/","name":"Taranto le\u017ealjka za ljuljanje - Inti","isPartOf":{"@id":"https:\/\/inti.hr\/sr\/#website"},"primaryImageOfPage":{"@id":"https:\/\/inti.hr\/sr\/proizvod\/taranto-lezaljka-za-ljuljanje\/#primaryimage"},"image":{"@id":"https:\/\/inti.hr\/sr\/proizvod\/taranto-lezaljka-za-ljuljanje\/#primaryimage"},"thumbnailUrl":"https:\/\/i0.wp.com\/inti.hr\/wp-content\/uploads\/2022\/05\/0120a630bf23b77740de0cee963213f0.webp?fit=2000%2C2000&ssl=1","datePublished":"2022-05-16T08:07:42+00:00","dateModified":"2022-05-16T08:07:42+00:00","description":"Elegantna i udobna, le\u017ealjka je idealna za opu\u0161tanje i nudi vam lagano i nje\u017eno ljuljanje.","breadcrumb":{"@id":"https:\/\/inti.hr\/sr\/proizvod\/taranto-lezaljka-za-ljuljanje\/#breadcrumb"},"inLanguage":"sr-RS","potentialAction":[{"@type":"ReadAction","target":["https:\/\/inti.hr\/sr\/proizvod\/taranto-lezaljka-za-ljuljanje\/"]}]},{"@type":"ImageObject","inLanguage":"sr-RS","@id":"https:\/\/inti.hr\/sr\/proizvod\/taranto-lezaljka-za-ljuljanje\/#primaryimage","url":"https:\/\/i0.wp.com\/inti.hr\/wp-content\/uploads\/2022\/05\/0120a630bf23b77740de0cee963213f0.webp?fit=2000%2C2000&ssl=1","contentUrl":"https:\/\/i0.wp.com\/inti.hr\/wp-content\/uploads\/2022\/05\/0120a630bf23b77740de0cee963213f0.webp?fit=2000%2C2000&ssl=1","width":2000,"height":2000},{"@type":"BreadcrumbList","@id":"https:\/\/inti.hr\/sr\/proizvod\/taranto-lezaljka-za-ljuljanje\/#breadcrumb","itemListElement":[{"@type":"ListItem","position":1,"name":"Po\u010detna stranica","item":"https:\/\/inti.hr\/sr\/"},{"@type":"ListItem","position":2,"name":"Prodavnica","item":"https:\/\/inti.hr\/sr\/prodavnica\/"},{"@type":"ListItem","position":3,"name":"Taranto le\u017ealjka za ljuljanje"}]},{"@type":"WebSite","@id":"https:\/\/inti.hr\/sr\/#website","url":"https:\/\/inti.hr\/sr\/","name":"Inti","description":"trgovina","potentialAction":[{"@type":"SearchAction","target":{"@type":"EntryPoint","urlTemplate":"https:\/\/inti.hr\/sr\/?s={search_term_string}"},"query-input":{"@type":"PropertyValueSpecification","valueRequired":true,"valueName":"search_term_string"}}],"inLanguage":"sr-RS"}]}},"jetpack_sharing_enabled":true,"jetpack-related-posts":[],"_links":{"self":[{"href":"https:\/\/inti.hr\/sr\/wp-json\/wp\/v2\/product\/36861"}],"collection":[{"href":"https:\/\/inti.hr\/sr\/wp-json\/wp\/v2\/product"}],"about":[{"href":"https:\/\/inti.hr\/sr\/wp-json\/wp\/v2\/types\/product"}],"wp:featuredmedia":[{"embeddable":true,"href":"https:\/\/inti.hr\/sr\/wp-json\/wp\/v2\/media\/36862"}],"wp:attachment":[{"href":"https:\/\/inti.hr\/sr\/wp-json\/wp\/v2\/media?parent=36861"}],"wp:term":[{"taxonomy":"product_cat","embeddable":true,"href":"https:\/\/inti.hr\/sr\/wp-json\/wp\/v2\/product_cat?post=36861"},{"taxonomy":"product_tag","embeddable":true,"href":"https:\/\/inti.hr\/sr\/wp-json\/wp\/v2\/product_tag?post=36861"}],"curies":[{"name":"wp","href":"https:\/\/api.w.org\/{rel}","templated":true}]}}