{"id":36865,"date":"2022-05-13T09:07:37","date_gmt":"2022-05-13T09:07:37","guid":{"rendered":"https:\/\/inti.hr\/product\/ormaric-za-cipele-sivi\/"},"modified":"2022-05-13T09:07:37","modified_gmt":"2022-05-13T09:07:37","slug":"ormaric-za-cipele-sivi","status":"publish","type":"product","link":"https:\/\/inti.hr\/sr\/proizvod\/ormaric-za-cipele-sivi\/","title":{"rendered":"Ormari\u0107 za cipele sivi"},"content":{"rendered":"<p><b>Klju\u010dne zna\u010dajke proizvoda:<\/b><\/p>\n<ul>\n<li>Materijal: MDF, s otpornim bijelim melaminskim premazom<\/li>\n<li>Mjere: L54 * D24 * H83 cm, Isporuka sa vijcima za pri\u010dvr\u0161\u0107ivanje ormari\u0107a na zid.<\/li>\n<li>Nosivost: 50 kg, Te\u017eina: 16 kg<\/li>\n<li>S 2 podesiva pretinca s preklopom, \u0161to nudi prili\u010dno prakti\u010dan prostor<\/li>\n<li>S uputama za monta\u017eu i vijcima.\u00a0Jednostavna instalacija.<\/li>\n<\/ul>\n","protected":false},"excerpt":{"rendered":"<p>Doista svestrana klupa, jednostavnog dizajna i klasi\u010dnih boja, savr\u0161ena je kao &#8230; <\/p>\n","protected":false},"featured_media":36866,"template":"","meta":[],"product_cat":[2635],"product_tag":[2636,4965,2640],"yoast_head":"<!-- This site is optimized with the Yoast SEO plugin v23.7 - https:\/\/yoast.com\/wordpress\/plugins\/seo\/ -->\n<title>Ormari\u0107 za cipele sivi - Inti<\/title>\n<meta name=\"description\" content=\"Doista svestrana klupa, jednostavnog dizajna i klasi\u010dnih boja, savr\u0161ena je kao ormari\u0107 za cipele na ulazu. Visokokvalitetne \u0161arke za glatko otvaranje. Dizajn koji \u0161tedi prostor s prostranim pretincima savr\u0161eno se uklapa u svaki interijer. Ormar za cipele je kompaktnog i modernog dizajna pogodnog za potrebe skladi\u0161tenja cipela, male dubine \u0161to ga \u010dini idealnim za hodnike i prolazne prostore. Elegantnog i profinjenog izgleda. Zahvaljuju\u0107i visokokvalitetnoj izradi, zajam\u010dena je optimalna stabilnost.\" \/>\n<meta name=\"robots\" content=\"index, follow, max-snippet:-1, max-image-preview:large, max-video-preview:-1\" \/>\n<link rel=\"canonical\" href=\"https:\/\/inti.hr\/sr\/proizvod\/ormaric-za-cipele-sivi\/\" \/>\n<meta property=\"og:locale\" content=\"sr_RS\" \/>\n<meta property=\"og:type\" content=\"article\" \/>\n<meta property=\"og:title\" content=\"Ormari\u0107 za cipele sivi - Inti\" \/>\n<meta property=\"og:description\" content=\"Doista svestrana klupa, jednostavnog dizajna i klasi\u010dnih boja, savr\u0161ena je kao ormari\u0107 za cipele na ulazu. Visokokvalitetne \u0161arke za glatko otvaranje. Dizajn koji \u0161tedi prostor s prostranim pretincima savr\u0161eno se uklapa u svaki interijer. Ormar za cipele je kompaktnog i modernog dizajna pogodnog za potrebe skladi\u0161tenja cipela, male dubine \u0161to ga \u010dini idealnim za hodnike i prolazne prostore. Elegantnog i profinjenog izgleda. Zahvaljuju\u0107i visokokvalitetnoj izradi, zajam\u010dena je optimalna stabilnost.\" \/>\n<meta property=\"og:url\" content=\"https:\/\/inti.hr\/sr\/proizvod\/ormaric-za-cipele-sivi\/\" \/>\n<meta property=\"og:site_name\" content=\"Inti\" \/>\n<meta property=\"og:image\" content=\"https:\/\/i0.wp.com\/inti.hr\/wp-content\/uploads\/2022\/05\/FSR78-HG-Y002.webp?fit=1600%2C1600&ssl=1\" \/>\n\t<meta property=\"og:image:width\" content=\"1600\" \/>\n\t<meta property=\"og:image:height\" content=\"1600\" \/>\n\t<meta property=\"og:image:type\" content=\"image\/webp\" \/>\n<meta name=\"twitter:card\" content=\"summary_large_image\" \/>\n<script type=\"application\/ld+json\" class=\"yoast-schema-graph\">{\"@context\":\"https:\/\/schema.org\",\"@graph\":[{\"@type\":\"WebPage\",\"@id\":\"https:\/\/inti.hr\/sr\/proizvod\/ormaric-za-cipele-sivi\/\",\"url\":\"https:\/\/inti.hr\/sr\/proizvod\/ormaric-za-cipele-sivi\/\",\"name\":\"Ormari\u0107 za cipele sivi - Inti\",\"isPartOf\":{\"@id\":\"https:\/\/inti.hr\/sr\/#website\"},\"primaryImageOfPage\":{\"@id\":\"https:\/\/inti.hr\/sr\/proizvod\/ormaric-za-cipele-sivi\/#primaryimage\"},\"image\":{\"@id\":\"https:\/\/inti.hr\/sr\/proizvod\/ormaric-za-cipele-sivi\/#primaryimage\"},\"thumbnailUrl\":\"https:\/\/i0.wp.com\/inti.hr\/wp-content\/uploads\/2022\/05\/FSR78-HG-Y002.webp?fit=1600%2C1600&ssl=1\",\"datePublished\":\"2022-05-13T09:07:37+00:00\",\"dateModified\":\"2022-05-13T09:07:37+00:00\",\"description\":\"Doista svestrana klupa, jednostavnog dizajna i klasi\u010dnih boja, savr\u0161ena je kao ormari\u0107 za cipele na ulazu. Visokokvalitetne \u0161arke za glatko otvaranje. Dizajn koji \u0161tedi prostor s prostranim pretincima savr\u0161eno se uklapa u svaki interijer. Ormar za cipele je kompaktnog i modernog dizajna pogodnog za potrebe skladi\u0161tenja cipela, male dubine \u0161to ga \u010dini idealnim za hodnike i prolazne prostore. Elegantnog i profinjenog izgleda. Zahvaljuju\u0107i visokokvalitetnoj izradi, zajam\u010dena je optimalna stabilnost.\",\"breadcrumb\":{\"@id\":\"https:\/\/inti.hr\/sr\/proizvod\/ormaric-za-cipele-sivi\/#breadcrumb\"},\"inLanguage\":\"sr-RS\",\"potentialAction\":[{\"@type\":\"ReadAction\",\"target\":[\"https:\/\/inti.hr\/sr\/proizvod\/ormaric-za-cipele-sivi\/\"]}]},{\"@type\":\"ImageObject\",\"inLanguage\":\"sr-RS\",\"@id\":\"https:\/\/inti.hr\/sr\/proizvod\/ormaric-za-cipele-sivi\/#primaryimage\",\"url\":\"https:\/\/i0.wp.com\/inti.hr\/wp-content\/uploads\/2022\/05\/FSR78-HG-Y002.webp?fit=1600%2C1600&ssl=1\",\"contentUrl\":\"https:\/\/i0.wp.com\/inti.hr\/wp-content\/uploads\/2022\/05\/FSR78-HG-Y002.webp?fit=1600%2C1600&ssl=1\",\"width\":1600,\"height\":1600},{\"@type\":\"BreadcrumbList\",\"@id\":\"https:\/\/inti.hr\/sr\/proizvod\/ormaric-za-cipele-sivi\/#breadcrumb\",\"itemListElement\":[{\"@type\":\"ListItem\",\"position\":1,\"name\":\"Po\u010detna stranica\",\"item\":\"https:\/\/inti.hr\/sr\/\"},{\"@type\":\"ListItem\",\"position\":2,\"name\":\"Prodavnica\",\"item\":\"https:\/\/inti.hr\/sr\/prodavnica\/\"},{\"@type\":\"ListItem\",\"position\":3,\"name\":\"Ormari\u0107 za cipele sivi\"}]},{\"@type\":\"WebSite\",\"@id\":\"https:\/\/inti.hr\/sr\/#website\",\"url\":\"https:\/\/inti.hr\/sr\/\",\"name\":\"Inti\",\"description\":\"trgovina\",\"potentialAction\":[{\"@type\":\"SearchAction\",\"target\":{\"@type\":\"EntryPoint\",\"urlTemplate\":\"https:\/\/inti.hr\/sr\/?s={search_term_string}\"},\"query-input\":{\"@type\":\"PropertyValueSpecification\",\"valueRequired\":true,\"valueName\":\"search_term_string\"}}],\"inLanguage\":\"sr-RS\"}]}<\/script>\n<!-- \/ Yoast SEO plugin. -->","yoast_head_json":{"title":"Ormari\u0107 za cipele sivi - Inti","description":"Doista svestrana klupa, jednostavnog dizajna i klasi\u010dnih boja, savr\u0161ena je kao ormari\u0107 za cipele na ulazu. Visokokvalitetne \u0161arke za glatko otvaranje. Dizajn koji \u0161tedi prostor s prostranim pretincima savr\u0161eno se uklapa u svaki interijer. Ormar za cipele je kompaktnog i modernog dizajna pogodnog za potrebe skladi\u0161tenja cipela, male dubine \u0161to ga \u010dini idealnim za hodnike i prolazne prostore. Elegantnog i profinjenog izgleda. Zahvaljuju\u0107i visokokvalitetnoj izradi, zajam\u010dena je optimalna stabilnost.","robots":{"index":"index","follow":"follow","max-snippet":"max-snippet:-1","max-image-preview":"max-image-preview:large","max-video-preview":"max-video-preview:-1"},"canonical":"https:\/\/inti.hr\/sr\/proizvod\/ormaric-za-cipele-sivi\/","og_locale":"sr_RS","og_type":"article","og_title":"Ormari\u0107 za cipele sivi - Inti","og_description":"Doista svestrana klupa, jednostavnog dizajna i klasi\u010dnih boja, savr\u0161ena je kao ormari\u0107 za cipele na ulazu. Visokokvalitetne \u0161arke za glatko otvaranje. Dizajn koji \u0161tedi prostor s prostranim pretincima savr\u0161eno se uklapa u svaki interijer. Ormar za cipele je kompaktnog i modernog dizajna pogodnog za potrebe skladi\u0161tenja cipela, male dubine \u0161to ga \u010dini idealnim za hodnike i prolazne prostore. Elegantnog i profinjenog izgleda. Zahvaljuju\u0107i visokokvalitetnoj izradi, zajam\u010dena je optimalna stabilnost.","og_url":"https:\/\/inti.hr\/sr\/proizvod\/ormaric-za-cipele-sivi\/","og_site_name":"Inti","og_image":[{"width":1600,"height":1600,"url":"https:\/\/i0.wp.com\/inti.hr\/wp-content\/uploads\/2022\/05\/FSR78-HG-Y002.webp?fit=1600%2C1600&ssl=1","type":"image\/webp"}],"twitter_card":"summary_large_image","schema":{"@context":"https:\/\/schema.org","@graph":[{"@type":"WebPage","@id":"https:\/\/inti.hr\/sr\/proizvod\/ormaric-za-cipele-sivi\/","url":"https:\/\/inti.hr\/sr\/proizvod\/ormaric-za-cipele-sivi\/","name":"Ormari\u0107 za cipele sivi - Inti","isPartOf":{"@id":"https:\/\/inti.hr\/sr\/#website"},"primaryImageOfPage":{"@id":"https:\/\/inti.hr\/sr\/proizvod\/ormaric-za-cipele-sivi\/#primaryimage"},"image":{"@id":"https:\/\/inti.hr\/sr\/proizvod\/ormaric-za-cipele-sivi\/#primaryimage"},"thumbnailUrl":"https:\/\/i0.wp.com\/inti.hr\/wp-content\/uploads\/2022\/05\/FSR78-HG-Y002.webp?fit=1600%2C1600&ssl=1","datePublished":"2022-05-13T09:07:37+00:00","dateModified":"2022-05-13T09:07:37+00:00","description":"Doista svestrana klupa, jednostavnog dizajna i klasi\u010dnih boja, savr\u0161ena je kao ormari\u0107 za cipele na ulazu. Visokokvalitetne \u0161arke za glatko otvaranje. Dizajn koji \u0161tedi prostor s prostranim pretincima savr\u0161eno se uklapa u svaki interijer. Ormar za cipele je kompaktnog i modernog dizajna pogodnog za potrebe skladi\u0161tenja cipela, male dubine \u0161to ga \u010dini idealnim za hodnike i prolazne prostore. Elegantnog i profinjenog izgleda. Zahvaljuju\u0107i visokokvalitetnoj izradi, zajam\u010dena je optimalna stabilnost.","breadcrumb":{"@id":"https:\/\/inti.hr\/sr\/proizvod\/ormaric-za-cipele-sivi\/#breadcrumb"},"inLanguage":"sr-RS","potentialAction":[{"@type":"ReadAction","target":["https:\/\/inti.hr\/sr\/proizvod\/ormaric-za-cipele-sivi\/"]}]},{"@type":"ImageObject","inLanguage":"sr-RS","@id":"https:\/\/inti.hr\/sr\/proizvod\/ormaric-za-cipele-sivi\/#primaryimage","url":"https:\/\/i0.wp.com\/inti.hr\/wp-content\/uploads\/2022\/05\/FSR78-HG-Y002.webp?fit=1600%2C1600&ssl=1","contentUrl":"https:\/\/i0.wp.com\/inti.hr\/wp-content\/uploads\/2022\/05\/FSR78-HG-Y002.webp?fit=1600%2C1600&ssl=1","width":1600,"height":1600},{"@type":"BreadcrumbList","@id":"https:\/\/inti.hr\/sr\/proizvod\/ormaric-za-cipele-sivi\/#breadcrumb","itemListElement":[{"@type":"ListItem","position":1,"name":"Po\u010detna stranica","item":"https:\/\/inti.hr\/sr\/"},{"@type":"ListItem","position":2,"name":"Prodavnica","item":"https:\/\/inti.hr\/sr\/prodavnica\/"},{"@type":"ListItem","position":3,"name":"Ormari\u0107 za cipele sivi"}]},{"@type":"WebSite","@id":"https:\/\/inti.hr\/sr\/#website","url":"https:\/\/inti.hr\/sr\/","name":"Inti","description":"trgovina","potentialAction":[{"@type":"SearchAction","target":{"@type":"EntryPoint","urlTemplate":"https:\/\/inti.hr\/sr\/?s={search_term_string}"},"query-input":{"@type":"PropertyValueSpecification","valueRequired":true,"valueName":"search_term_string"}}],"inLanguage":"sr-RS"}]}},"jetpack_sharing_enabled":true,"jetpack-related-posts":[],"_links":{"self":[{"href":"https:\/\/inti.hr\/sr\/wp-json\/wp\/v2\/product\/36865"}],"collection":[{"href":"https:\/\/inti.hr\/sr\/wp-json\/wp\/v2\/product"}],"about":[{"href":"https:\/\/inti.hr\/sr\/wp-json\/wp\/v2\/types\/product"}],"wp:featuredmedia":[{"embeddable":true,"href":"https:\/\/inti.hr\/sr\/wp-json\/wp\/v2\/media\/36866"}],"wp:attachment":[{"href":"https:\/\/inti.hr\/sr\/wp-json\/wp\/v2\/media?parent=36865"}],"wp:term":[{"taxonomy":"product_cat","embeddable":true,"href":"https:\/\/inti.hr\/sr\/wp-json\/wp\/v2\/product_cat?post=36865"},{"taxonomy":"product_tag","embeddable":true,"href":"https:\/\/inti.hr\/sr\/wp-json\/wp\/v2\/product_tag?post=36865"}],"curies":[{"name":"wp","href":"https:\/\/api.w.org\/{rel}","templated":true}]}}