{"id":36873,"date":"2022-05-13T08:45:59","date_gmt":"2022-05-13T08:45:59","guid":{"rendered":"https:\/\/inti.hr\/product\/3-dijelni-barski-set\/"},"modified":"2022-05-13T08:45:59","modified_gmt":"2022-05-13T08:45:59","slug":"3-dijelni-barski-set","status":"publish","type":"product","link":"https:\/\/inti.hr\/sr\/proizvod\/3-dijelni-barski-set\/","title":{"rendered":"3-dijelni barski set"},"content":{"rendered":"<p><strong>Klju\u010dne zna\u010dajke proizvoda:<\/strong><\/p>\n<ul>\n<li>Materijal: MDF plo\u010da stola i sjedala s PVC-om;\u00a0Struktura: metal, pra\u0161kasto premazan;<\/li>\n<li>Te\u017eina: cca: 25 kg<\/li>\n<li>Nosivost: stol: do 75 kg, stolac: do 150 kg.<\/li>\n<li>Dimenzije proizvoda:<\/li>\n<li>Stol: 110x61X97cm<\/li>\n<li>Tablica: 38x30X68cm<\/li>\n<li>Dimenzije pakiranja: 115x65x23 cm<\/li>\n<li>S uputama za monta\u017eu i vijcima.\u00a0Jednostavan za instalaciju.<\/li>\n<\/ul>\n","protected":false},"excerpt":{"rendered":"<p>Bilo za va\u0161 ku\u0107ni \u0161ank, kuhinju ili stol za blagovanje, ovaj &#8230; <\/p>\n","protected":false},"featured_media":36874,"template":"","meta":[],"product_cat":[2728,2539],"product_tag":[4969,3909,3310,2464,3361],"yoast_head":"<!-- This site is optimized with the Yoast SEO plugin v23.7 - https:\/\/yoast.com\/wordpress\/plugins\/seo\/ -->\n<title>3-dijelni barski set - Inti<\/title>\n<meta name=\"description\" content=\"Bilo za va\u0161 ku\u0107ni \u0161ank, kuhinju ili stol za blagovanje, ovaj set mo\u017eete savr\u0161eno prilagoditi svojim potrebama. Ovaj set je tako\u0111er idealan za terasu, balkon ili va\u0161 bistro. Stavite salatu, tjesteninu i druga jela na policu 110 x 61 cm ovog barskog stola, zapalite film na svom prijenosnom ra\u010dunalu i u\u017eivajte u prekrasnoj ve\u010deri sa svojom dragom. Pub stol opremljen je 3-slojnom metalnom otvorenom policom, koja je vijcima \u010dvrsto pri\u010dvr\u0161\u0107ena ispod stola. Omogu\u0107uje dodatni prostor za pohranu pribora, \u010da\u0161a za vino ili \u010dasopisa u kuhinji. Materijal koji se lako odr\u017eava, vodootporan i UV otporan ne gubi dubinu boje i stoga uvijek izgleda kao nov. Noge stola i stolice izra\u0111ene su od \u010dvrstog i izdr\u017eljivog \u010deli\u010dnog okvira premazanog prahom. S ovim modernim setom stvarate pravi barski osje\u0107aj u svakoj prostoriji. Me\u0111utim, treba ih pokriti ili pohraniti ako se vremenski uvjeti promijene. Budu\u0107i da utjecaj trajne vlage i ogrebotina u premazu mo\u017ee uzrokovati hr\u0111u.\" \/>\n<meta name=\"robots\" content=\"index, follow, max-snippet:-1, max-image-preview:large, max-video-preview:-1\" \/>\n<link rel=\"canonical\" href=\"https:\/\/inti.hr\/sr\/proizvod\/3-dijelni-barski-set\/\" \/>\n<meta property=\"og:locale\" content=\"sr_RS\" \/>\n<meta property=\"og:type\" content=\"article\" \/>\n<meta property=\"og:title\" content=\"3-dijelni barski set - Inti\" \/>\n<meta property=\"og:description\" content=\"Bilo za va\u0161 ku\u0107ni \u0161ank, kuhinju ili stol za blagovanje, ovaj set mo\u017eete savr\u0161eno prilagoditi svojim potrebama. Ovaj set je tako\u0111er idealan za terasu, balkon ili va\u0161 bistro. Stavite salatu, tjesteninu i druga jela na policu 110 x 61 cm ovog barskog stola, zapalite film na svom prijenosnom ra\u010dunalu i u\u017eivajte u prekrasnoj ve\u010deri sa svojom dragom. Pub stol opremljen je 3-slojnom metalnom otvorenom policom, koja je vijcima \u010dvrsto pri\u010dvr\u0161\u0107ena ispod stola. Omogu\u0107uje dodatni prostor za pohranu pribora, \u010da\u0161a za vino ili \u010dasopisa u kuhinji. Materijal koji se lako odr\u017eava, vodootporan i UV otporan ne gubi dubinu boje i stoga uvijek izgleda kao nov. Noge stola i stolice izra\u0111ene su od \u010dvrstog i izdr\u017eljivog \u010deli\u010dnog okvira premazanog prahom. S ovim modernim setom stvarate pravi barski osje\u0107aj u svakoj prostoriji. Me\u0111utim, treba ih pokriti ili pohraniti ako se vremenski uvjeti promijene. Budu\u0107i da utjecaj trajne vlage i ogrebotina u premazu mo\u017ee uzrokovati hr\u0111u.\" \/>\n<meta property=\"og:url\" content=\"https:\/\/inti.hr\/sr\/proizvod\/3-dijelni-barski-set\/\" \/>\n<meta property=\"og:site_name\" content=\"Inti\" \/>\n<meta property=\"og:image\" content=\"https:\/\/i0.wp.com\/inti.hr\/wp-content\/uploads\/2022\/05\/OGT43-F-Y004_670x.webp?fit=670%2C670&ssl=1\" \/>\n\t<meta property=\"og:image:width\" content=\"670\" \/>\n\t<meta property=\"og:image:height\" content=\"670\" \/>\n\t<meta property=\"og:image:type\" content=\"image\/webp\" \/>\n<meta name=\"twitter:card\" content=\"summary_large_image\" \/>\n<script type=\"application\/ld+json\" class=\"yoast-schema-graph\">{\"@context\":\"https:\/\/schema.org\",\"@graph\":[{\"@type\":\"WebPage\",\"@id\":\"https:\/\/inti.hr\/sr\/proizvod\/3-dijelni-barski-set\/\",\"url\":\"https:\/\/inti.hr\/sr\/proizvod\/3-dijelni-barski-set\/\",\"name\":\"3-dijelni barski set - Inti\",\"isPartOf\":{\"@id\":\"https:\/\/inti.hr\/sr\/#website\"},\"primaryImageOfPage\":{\"@id\":\"https:\/\/inti.hr\/sr\/proizvod\/3-dijelni-barski-set\/#primaryimage\"},\"image\":{\"@id\":\"https:\/\/inti.hr\/sr\/proizvod\/3-dijelni-barski-set\/#primaryimage\"},\"thumbnailUrl\":\"https:\/\/i0.wp.com\/inti.hr\/wp-content\/uploads\/2022\/05\/OGT43-F-Y004_670x.webp?fit=670%2C670&ssl=1\",\"datePublished\":\"2022-05-13T08:45:59+00:00\",\"dateModified\":\"2022-05-13T08:45:59+00:00\",\"description\":\"Bilo za va\u0161 ku\u0107ni \u0161ank, kuhinju ili stol za blagovanje, ovaj set mo\u017eete savr\u0161eno prilagoditi svojim potrebama. Ovaj set je tako\u0111er idealan za terasu, balkon ili va\u0161 bistro. Stavite salatu, tjesteninu i druga jela na policu 110 x 61 cm ovog barskog stola, zapalite film na svom prijenosnom ra\u010dunalu i u\u017eivajte u prekrasnoj ve\u010deri sa svojom dragom. Pub stol opremljen je 3-slojnom metalnom otvorenom policom, koja je vijcima \u010dvrsto pri\u010dvr\u0161\u0107ena ispod stola. Omogu\u0107uje dodatni prostor za pohranu pribora, \u010da\u0161a za vino ili \u010dasopisa u kuhinji. Materijal koji se lako odr\u017eava, vodootporan i UV otporan ne gubi dubinu boje i stoga uvijek izgleda kao nov. Noge stola i stolice izra\u0111ene su od \u010dvrstog i izdr\u017eljivog \u010deli\u010dnog okvira premazanog prahom. S ovim modernim setom stvarate pravi barski osje\u0107aj u svakoj prostoriji. Me\u0111utim, treba ih pokriti ili pohraniti ako se vremenski uvjeti promijene. Budu\u0107i da utjecaj trajne vlage i ogrebotina u premazu mo\u017ee uzrokovati hr\u0111u.\",\"breadcrumb\":{\"@id\":\"https:\/\/inti.hr\/sr\/proizvod\/3-dijelni-barski-set\/#breadcrumb\"},\"inLanguage\":\"sr-RS\",\"potentialAction\":[{\"@type\":\"ReadAction\",\"target\":[\"https:\/\/inti.hr\/sr\/proizvod\/3-dijelni-barski-set\/\"]}]},{\"@type\":\"ImageObject\",\"inLanguage\":\"sr-RS\",\"@id\":\"https:\/\/inti.hr\/sr\/proizvod\/3-dijelni-barski-set\/#primaryimage\",\"url\":\"https:\/\/i0.wp.com\/inti.hr\/wp-content\/uploads\/2022\/05\/OGT43-F-Y004_670x.webp?fit=670%2C670&ssl=1\",\"contentUrl\":\"https:\/\/i0.wp.com\/inti.hr\/wp-content\/uploads\/2022\/05\/OGT43-F-Y004_670x.webp?fit=670%2C670&ssl=1\",\"width\":670,\"height\":670,\"caption\":\"3-dijelni barski set vrt ugostiteljstvo\"},{\"@type\":\"BreadcrumbList\",\"@id\":\"https:\/\/inti.hr\/sr\/proizvod\/3-dijelni-barski-set\/#breadcrumb\",\"itemListElement\":[{\"@type\":\"ListItem\",\"position\":1,\"name\":\"Po\u010detna stranica\",\"item\":\"https:\/\/inti.hr\/sr\/\"},{\"@type\":\"ListItem\",\"position\":2,\"name\":\"Prodavnica\",\"item\":\"https:\/\/inti.hr\/sr\/prodavnica\/\"},{\"@type\":\"ListItem\",\"position\":3,\"name\":\"3-dijelni barski set\"}]},{\"@type\":\"WebSite\",\"@id\":\"https:\/\/inti.hr\/sr\/#website\",\"url\":\"https:\/\/inti.hr\/sr\/\",\"name\":\"Inti\",\"description\":\"trgovina\",\"potentialAction\":[{\"@type\":\"SearchAction\",\"target\":{\"@type\":\"EntryPoint\",\"urlTemplate\":\"https:\/\/inti.hr\/sr\/?s={search_term_string}\"},\"query-input\":{\"@type\":\"PropertyValueSpecification\",\"valueRequired\":true,\"valueName\":\"search_term_string\"}}],\"inLanguage\":\"sr-RS\"}]}<\/script>\n<!-- \/ Yoast SEO plugin. -->","yoast_head_json":{"title":"3-dijelni barski set - Inti","description":"Bilo za va\u0161 ku\u0107ni \u0161ank, kuhinju ili stol za blagovanje, ovaj set mo\u017eete savr\u0161eno prilagoditi svojim potrebama. Ovaj set je tako\u0111er idealan za terasu, balkon ili va\u0161 bistro. Stavite salatu, tjesteninu i druga jela na policu 110 x 61 cm ovog barskog stola, zapalite film na svom prijenosnom ra\u010dunalu i u\u017eivajte u prekrasnoj ve\u010deri sa svojom dragom. Pub stol opremljen je 3-slojnom metalnom otvorenom policom, koja je vijcima \u010dvrsto pri\u010dvr\u0161\u0107ena ispod stola. Omogu\u0107uje dodatni prostor za pohranu pribora, \u010da\u0161a za vino ili \u010dasopisa u kuhinji. Materijal koji se lako odr\u017eava, vodootporan i UV otporan ne gubi dubinu boje i stoga uvijek izgleda kao nov. Noge stola i stolice izra\u0111ene su od \u010dvrstog i izdr\u017eljivog \u010deli\u010dnog okvira premazanog prahom. S ovim modernim setom stvarate pravi barski osje\u0107aj u svakoj prostoriji. Me\u0111utim, treba ih pokriti ili pohraniti ako se vremenski uvjeti promijene. Budu\u0107i da utjecaj trajne vlage i ogrebotina u premazu mo\u017ee uzrokovati hr\u0111u.","robots":{"index":"index","follow":"follow","max-snippet":"max-snippet:-1","max-image-preview":"max-image-preview:large","max-video-preview":"max-video-preview:-1"},"canonical":"https:\/\/inti.hr\/sr\/proizvod\/3-dijelni-barski-set\/","og_locale":"sr_RS","og_type":"article","og_title":"3-dijelni barski set - Inti","og_description":"Bilo za va\u0161 ku\u0107ni \u0161ank, kuhinju ili stol za blagovanje, ovaj set mo\u017eete savr\u0161eno prilagoditi svojim potrebama. Ovaj set je tako\u0111er idealan za terasu, balkon ili va\u0161 bistro. Stavite salatu, tjesteninu i druga jela na policu 110 x 61 cm ovog barskog stola, zapalite film na svom prijenosnom ra\u010dunalu i u\u017eivajte u prekrasnoj ve\u010deri sa svojom dragom. Pub stol opremljen je 3-slojnom metalnom otvorenom policom, koja je vijcima \u010dvrsto pri\u010dvr\u0161\u0107ena ispod stola. Omogu\u0107uje dodatni prostor za pohranu pribora, \u010da\u0161a za vino ili \u010dasopisa u kuhinji. Materijal koji se lako odr\u017eava, vodootporan i UV otporan ne gubi dubinu boje i stoga uvijek izgleda kao nov. Noge stola i stolice izra\u0111ene su od \u010dvrstog i izdr\u017eljivog \u010deli\u010dnog okvira premazanog prahom. S ovim modernim setom stvarate pravi barski osje\u0107aj u svakoj prostoriji. Me\u0111utim, treba ih pokriti ili pohraniti ako se vremenski uvjeti promijene. Budu\u0107i da utjecaj trajne vlage i ogrebotina u premazu mo\u017ee uzrokovati hr\u0111u.","og_url":"https:\/\/inti.hr\/sr\/proizvod\/3-dijelni-barski-set\/","og_site_name":"Inti","og_image":[{"width":670,"height":670,"url":"https:\/\/i0.wp.com\/inti.hr\/wp-content\/uploads\/2022\/05\/OGT43-F-Y004_670x.webp?fit=670%2C670&ssl=1","type":"image\/webp"}],"twitter_card":"summary_large_image","schema":{"@context":"https:\/\/schema.org","@graph":[{"@type":"WebPage","@id":"https:\/\/inti.hr\/sr\/proizvod\/3-dijelni-barski-set\/","url":"https:\/\/inti.hr\/sr\/proizvod\/3-dijelni-barski-set\/","name":"3-dijelni barski set - Inti","isPartOf":{"@id":"https:\/\/inti.hr\/sr\/#website"},"primaryImageOfPage":{"@id":"https:\/\/inti.hr\/sr\/proizvod\/3-dijelni-barski-set\/#primaryimage"},"image":{"@id":"https:\/\/inti.hr\/sr\/proizvod\/3-dijelni-barski-set\/#primaryimage"},"thumbnailUrl":"https:\/\/i0.wp.com\/inti.hr\/wp-content\/uploads\/2022\/05\/OGT43-F-Y004_670x.webp?fit=670%2C670&ssl=1","datePublished":"2022-05-13T08:45:59+00:00","dateModified":"2022-05-13T08:45:59+00:00","description":"Bilo za va\u0161 ku\u0107ni \u0161ank, kuhinju ili stol za blagovanje, ovaj set mo\u017eete savr\u0161eno prilagoditi svojim potrebama. Ovaj set je tako\u0111er idealan za terasu, balkon ili va\u0161 bistro. Stavite salatu, tjesteninu i druga jela na policu 110 x 61 cm ovog barskog stola, zapalite film na svom prijenosnom ra\u010dunalu i u\u017eivajte u prekrasnoj ve\u010deri sa svojom dragom. Pub stol opremljen je 3-slojnom metalnom otvorenom policom, koja je vijcima \u010dvrsto pri\u010dvr\u0161\u0107ena ispod stola. Omogu\u0107uje dodatni prostor za pohranu pribora, \u010da\u0161a za vino ili \u010dasopisa u kuhinji. Materijal koji se lako odr\u017eava, vodootporan i UV otporan ne gubi dubinu boje i stoga uvijek izgleda kao nov. Noge stola i stolice izra\u0111ene su od \u010dvrstog i izdr\u017eljivog \u010deli\u010dnog okvira premazanog prahom. S ovim modernim setom stvarate pravi barski osje\u0107aj u svakoj prostoriji. Me\u0111utim, treba ih pokriti ili pohraniti ako se vremenski uvjeti promijene. Budu\u0107i da utjecaj trajne vlage i ogrebotina u premazu mo\u017ee uzrokovati hr\u0111u.","breadcrumb":{"@id":"https:\/\/inti.hr\/sr\/proizvod\/3-dijelni-barski-set\/#breadcrumb"},"inLanguage":"sr-RS","potentialAction":[{"@type":"ReadAction","target":["https:\/\/inti.hr\/sr\/proizvod\/3-dijelni-barski-set\/"]}]},{"@type":"ImageObject","inLanguage":"sr-RS","@id":"https:\/\/inti.hr\/sr\/proizvod\/3-dijelni-barski-set\/#primaryimage","url":"https:\/\/i0.wp.com\/inti.hr\/wp-content\/uploads\/2022\/05\/OGT43-F-Y004_670x.webp?fit=670%2C670&ssl=1","contentUrl":"https:\/\/i0.wp.com\/inti.hr\/wp-content\/uploads\/2022\/05\/OGT43-F-Y004_670x.webp?fit=670%2C670&ssl=1","width":670,"height":670,"caption":"3-dijelni barski set vrt ugostiteljstvo"},{"@type":"BreadcrumbList","@id":"https:\/\/inti.hr\/sr\/proizvod\/3-dijelni-barski-set\/#breadcrumb","itemListElement":[{"@type":"ListItem","position":1,"name":"Po\u010detna stranica","item":"https:\/\/inti.hr\/sr\/"},{"@type":"ListItem","position":2,"name":"Prodavnica","item":"https:\/\/inti.hr\/sr\/prodavnica\/"},{"@type":"ListItem","position":3,"name":"3-dijelni barski set"}]},{"@type":"WebSite","@id":"https:\/\/inti.hr\/sr\/#website","url":"https:\/\/inti.hr\/sr\/","name":"Inti","description":"trgovina","potentialAction":[{"@type":"SearchAction","target":{"@type":"EntryPoint","urlTemplate":"https:\/\/inti.hr\/sr\/?s={search_term_string}"},"query-input":{"@type":"PropertyValueSpecification","valueRequired":true,"valueName":"search_term_string"}}],"inLanguage":"sr-RS"}]}},"jetpack_sharing_enabled":true,"jetpack-related-posts":[],"_links":{"self":[{"href":"https:\/\/inti.hr\/sr\/wp-json\/wp\/v2\/product\/36873"}],"collection":[{"href":"https:\/\/inti.hr\/sr\/wp-json\/wp\/v2\/product"}],"about":[{"href":"https:\/\/inti.hr\/sr\/wp-json\/wp\/v2\/types\/product"}],"wp:featuredmedia":[{"embeddable":true,"href":"https:\/\/inti.hr\/sr\/wp-json\/wp\/v2\/media\/36874"}],"wp:attachment":[{"href":"https:\/\/inti.hr\/sr\/wp-json\/wp\/v2\/media?parent=36873"}],"wp:term":[{"taxonomy":"product_cat","embeddable":true,"href":"https:\/\/inti.hr\/sr\/wp-json\/wp\/v2\/product_cat?post=36873"},{"taxonomy":"product_tag","embeddable":true,"href":"https:\/\/inti.hr\/sr\/wp-json\/wp\/v2\/product_tag?post=36873"}],"curies":[{"name":"wp","href":"https:\/\/api.w.org\/{rel}","templated":true}]}}