{"id":36877,"date":"2022-05-13T08:27:26","date_gmt":"2022-05-13T08:27:26","guid":{"rendered":"https:\/\/inti.hr\/product\/kupaonski-toaletni-ormaric\/"},"modified":"2022-05-13T08:27:26","modified_gmt":"2022-05-13T08:27:26","slug":"kupaonski-toaletni-ormaric","status":"publish","type":"product","link":"https:\/\/inti.hr\/sr\/proizvod\/kupaonski-toaletni-ormaric\/","title":{"rendered":"Kupaonski toaletni ormari\u0107"},"content":{"rendered":"<p><strong>Klju\u010dne zna\u010dajke proizvoda:<\/strong><\/p>\n<ul>\n<li>Te\u017eina: 9 kg<\/li>\n<li>Nosivost: 30 kg (10 kg \/ polica)<\/li>\n<li>Materijal: MDF (E1)<\/li>\n<li>Veli\u010dina proizvoda: 50 x 33 x 60 cm (vidi sliku)<\/li>\n<li>Veli\u010dina pakiranja: 67 x 42 x 20 cm<\/li>\n<li>Dimenzije sifona: 20 x 8 cm<\/li>\n<li>S uputama za monta\u017eu i vijcima.\u00a0Jednostavna instalacija.<\/li>\n<\/ul>\n","protected":false},"excerpt":{"rendered":"<p>Ormari\u0107 za sudoper s dvostrukim vratima, jednostavnog i elegantnog izgleda, koji &#8230; <\/p>\n","protected":false},"featured_media":36878,"template":"","meta":[],"product_cat":[2396],"product_tag":[2522,4972,4973],"yoast_head":"<!-- This site is optimized with the Yoast SEO plugin v23.7 - https:\/\/yoast.com\/wordpress\/plugins\/seo\/ -->\n<title>Kupaonski toaletni ormari\u0107 - Inti<\/title>\n<meta name=\"description\" content=\"Ormari\u0107 za sudoper s dvostrukim vratima, jednostavnog i elegantnog izgleda, koji se savr\u0161eno uklapa u va\u0161 stil ure\u0111enja doma, izvrstan za organiziranje kupaonskih ili kuhinjskih predmeta. Zahvaljuju\u0107i svom dizajnu dizajniranom da propu\u0161ta sifon, ovaj komad namje\u0161taja savr\u0161eno \u0107e stati ispod va\u0161eg sudopera. Optimalno koristi prostor ispod sudopera i stvara dodatni prostor. Veli\u010dina sifona: 20x8cm, prije kupnje izmjerite veli\u010dinu sifona i raspolo\u017eivi prostor ispod sudopera i utvrdite je li ovaj ormari\u0107 prikladan. Kupaonski ormari\u0107 koji \u0161tedi prostor lako se uklapa u uske prostore, \u0161to savr\u0161eno rje\u0161ava problem premalog prostora za vas. Vi\u0161eslojni dizajn dodaje vi\u0161e prostora za smje\u0161taj va\u0161ih osobnih stvari. Ova umivaonica ima zatvoreni pretinac i ima mre\u017easti dizajn za odlaganje deterd\u017eenata, krpa i ostalih kupaonskih dodataka. Glatka povr\u0161ina mo\u017ee se lako \u010distiti i zahvaljuju\u0107i prisutnosti no\u017eica, na udaljenosti stvara se od poda, kako bi se olak\u0161alo \u010di\u0161\u0107enje i sprije\u010dilo stvaranje plijesni.\" \/>\n<meta name=\"robots\" content=\"index, follow, max-snippet:-1, max-image-preview:large, max-video-preview:-1\" \/>\n<link rel=\"canonical\" href=\"https:\/\/inti.hr\/sr\/proizvod\/kupaonski-toaletni-ormaric\/\" \/>\n<meta property=\"og:locale\" content=\"sr_RS\" \/>\n<meta property=\"og:type\" content=\"article\" \/>\n<meta property=\"og:title\" content=\"Kupaonski toaletni ormari\u0107 - Inti\" \/>\n<meta property=\"og:description\" content=\"Ormari\u0107 za sudoper s dvostrukim vratima, jednostavnog i elegantnog izgleda, koji se savr\u0161eno uklapa u va\u0161 stil ure\u0111enja doma, izvrstan za organiziranje kupaonskih ili kuhinjskih predmeta. Zahvaljuju\u0107i svom dizajnu dizajniranom da propu\u0161ta sifon, ovaj komad namje\u0161taja savr\u0161eno \u0107e stati ispod va\u0161eg sudopera. Optimalno koristi prostor ispod sudopera i stvara dodatni prostor. Veli\u010dina sifona: 20x8cm, prije kupnje izmjerite veli\u010dinu sifona i raspolo\u017eivi prostor ispod sudopera i utvrdite je li ovaj ormari\u0107 prikladan. Kupaonski ormari\u0107 koji \u0161tedi prostor lako se uklapa u uske prostore, \u0161to savr\u0161eno rje\u0161ava problem premalog prostora za vas. Vi\u0161eslojni dizajn dodaje vi\u0161e prostora za smje\u0161taj va\u0161ih osobnih stvari. Ova umivaonica ima zatvoreni pretinac i ima mre\u017easti dizajn za odlaganje deterd\u017eenata, krpa i ostalih kupaonskih dodataka. Glatka povr\u0161ina mo\u017ee se lako \u010distiti i zahvaljuju\u0107i prisutnosti no\u017eica, na udaljenosti stvara se od poda, kako bi se olak\u0161alo \u010di\u0161\u0107enje i sprije\u010dilo stvaranje plijesni.\" \/>\n<meta property=\"og:url\" content=\"https:\/\/inti.hr\/sr\/proizvod\/kupaonski-toaletni-ormaric\/\" \/>\n<meta property=\"og:site_name\" content=\"Inti\" \/>\n<meta property=\"og:image\" content=\"https:\/\/i0.wp.com\/inti.hr\/wp-content\/uploads\/2022\/05\/BZR35-W-Y005.webp?fit=1600%2C1600&ssl=1\" \/>\n\t<meta property=\"og:image:width\" content=\"1600\" \/>\n\t<meta property=\"og:image:height\" content=\"1600\" \/>\n\t<meta property=\"og:image:type\" content=\"image\/webp\" \/>\n<meta name=\"twitter:card\" content=\"summary_large_image\" \/>\n<script type=\"application\/ld+json\" class=\"yoast-schema-graph\">{\"@context\":\"https:\/\/schema.org\",\"@graph\":[{\"@type\":\"WebPage\",\"@id\":\"https:\/\/inti.hr\/sr\/proizvod\/kupaonski-toaletni-ormaric\/\",\"url\":\"https:\/\/inti.hr\/sr\/proizvod\/kupaonski-toaletni-ormaric\/\",\"name\":\"Kupaonski toaletni ormari\u0107 - Inti\",\"isPartOf\":{\"@id\":\"https:\/\/inti.hr\/sr\/#website\"},\"primaryImageOfPage\":{\"@id\":\"https:\/\/inti.hr\/sr\/proizvod\/kupaonski-toaletni-ormaric\/#primaryimage\"},\"image\":{\"@id\":\"https:\/\/inti.hr\/sr\/proizvod\/kupaonski-toaletni-ormaric\/#primaryimage\"},\"thumbnailUrl\":\"https:\/\/i0.wp.com\/inti.hr\/wp-content\/uploads\/2022\/05\/BZR35-W-Y005.webp?fit=1600%2C1600&ssl=1\",\"datePublished\":\"2022-05-13T08:27:26+00:00\",\"dateModified\":\"2022-05-13T08:27:26+00:00\",\"description\":\"Ormari\u0107 za sudoper s dvostrukim vratima, jednostavnog i elegantnog izgleda, koji se savr\u0161eno uklapa u va\u0161 stil ure\u0111enja doma, izvrstan za organiziranje kupaonskih ili kuhinjskih predmeta. Zahvaljuju\u0107i svom dizajnu dizajniranom da propu\u0161ta sifon, ovaj komad namje\u0161taja savr\u0161eno \u0107e stati ispod va\u0161eg sudopera. Optimalno koristi prostor ispod sudopera i stvara dodatni prostor. Veli\u010dina sifona: 20x8cm, prije kupnje izmjerite veli\u010dinu sifona i raspolo\u017eivi prostor ispod sudopera i utvrdite je li ovaj ormari\u0107 prikladan. Kupaonski ormari\u0107 koji \u0161tedi prostor lako se uklapa u uske prostore, \u0161to savr\u0161eno rje\u0161ava problem premalog prostora za vas. Vi\u0161eslojni dizajn dodaje vi\u0161e prostora za smje\u0161taj va\u0161ih osobnih stvari. Ova umivaonica ima zatvoreni pretinac i ima mre\u017easti dizajn za odlaganje deterd\u017eenata, krpa i ostalih kupaonskih dodataka. Glatka povr\u0161ina mo\u017ee se lako \u010distiti i zahvaljuju\u0107i prisutnosti no\u017eica, na udaljenosti stvara se od poda, kako bi se olak\u0161alo \u010di\u0161\u0107enje i sprije\u010dilo stvaranje plijesni.\",\"breadcrumb\":{\"@id\":\"https:\/\/inti.hr\/sr\/proizvod\/kupaonski-toaletni-ormaric\/#breadcrumb\"},\"inLanguage\":\"sr-RS\",\"potentialAction\":[{\"@type\":\"ReadAction\",\"target\":[\"https:\/\/inti.hr\/sr\/proizvod\/kupaonski-toaletni-ormaric\/\"]}]},{\"@type\":\"ImageObject\",\"inLanguage\":\"sr-RS\",\"@id\":\"https:\/\/inti.hr\/sr\/proizvod\/kupaonski-toaletni-ormaric\/#primaryimage\",\"url\":\"https:\/\/i0.wp.com\/inti.hr\/wp-content\/uploads\/2022\/05\/BZR35-W-Y005.webp?fit=1600%2C1600&ssl=1\",\"contentUrl\":\"https:\/\/i0.wp.com\/inti.hr\/wp-content\/uploads\/2022\/05\/BZR35-W-Y005.webp?fit=1600%2C1600&ssl=1\",\"width\":1600,\"height\":1600},{\"@type\":\"BreadcrumbList\",\"@id\":\"https:\/\/inti.hr\/sr\/proizvod\/kupaonski-toaletni-ormaric\/#breadcrumb\",\"itemListElement\":[{\"@type\":\"ListItem\",\"position\":1,\"name\":\"Po\u010detna stranica\",\"item\":\"https:\/\/inti.hr\/sr\/\"},{\"@type\":\"ListItem\",\"position\":2,\"name\":\"Prodavnica\",\"item\":\"https:\/\/inti.hr\/sr\/prodavnica\/\"},{\"@type\":\"ListItem\",\"position\":3,\"name\":\"Kupaonski toaletni ormari\u0107\"}]},{\"@type\":\"WebSite\",\"@id\":\"https:\/\/inti.hr\/sr\/#website\",\"url\":\"https:\/\/inti.hr\/sr\/\",\"name\":\"Inti\",\"description\":\"trgovina\",\"potentialAction\":[{\"@type\":\"SearchAction\",\"target\":{\"@type\":\"EntryPoint\",\"urlTemplate\":\"https:\/\/inti.hr\/sr\/?s={search_term_string}\"},\"query-input\":{\"@type\":\"PropertyValueSpecification\",\"valueRequired\":true,\"valueName\":\"search_term_string\"}}],\"inLanguage\":\"sr-RS\"}]}<\/script>\n<!-- \/ Yoast SEO plugin. -->","yoast_head_json":{"title":"Kupaonski toaletni ormari\u0107 - Inti","description":"Ormari\u0107 za sudoper s dvostrukim vratima, jednostavnog i elegantnog izgleda, koji se savr\u0161eno uklapa u va\u0161 stil ure\u0111enja doma, izvrstan za organiziranje kupaonskih ili kuhinjskih predmeta. Zahvaljuju\u0107i svom dizajnu dizajniranom da propu\u0161ta sifon, ovaj komad namje\u0161taja savr\u0161eno \u0107e stati ispod va\u0161eg sudopera. Optimalno koristi prostor ispod sudopera i stvara dodatni prostor. Veli\u010dina sifona: 20x8cm, prije kupnje izmjerite veli\u010dinu sifona i raspolo\u017eivi prostor ispod sudopera i utvrdite je li ovaj ormari\u0107 prikladan. Kupaonski ormari\u0107 koji \u0161tedi prostor lako se uklapa u uske prostore, \u0161to savr\u0161eno rje\u0161ava problem premalog prostora za vas. Vi\u0161eslojni dizajn dodaje vi\u0161e prostora za smje\u0161taj va\u0161ih osobnih stvari. Ova umivaonica ima zatvoreni pretinac i ima mre\u017easti dizajn za odlaganje deterd\u017eenata, krpa i ostalih kupaonskih dodataka. Glatka povr\u0161ina mo\u017ee se lako \u010distiti i zahvaljuju\u0107i prisutnosti no\u017eica, na udaljenosti stvara se od poda, kako bi se olak\u0161alo \u010di\u0161\u0107enje i sprije\u010dilo stvaranje plijesni.","robots":{"index":"index","follow":"follow","max-snippet":"max-snippet:-1","max-image-preview":"max-image-preview:large","max-video-preview":"max-video-preview:-1"},"canonical":"https:\/\/inti.hr\/sr\/proizvod\/kupaonski-toaletni-ormaric\/","og_locale":"sr_RS","og_type":"article","og_title":"Kupaonski toaletni ormari\u0107 - Inti","og_description":"Ormari\u0107 za sudoper s dvostrukim vratima, jednostavnog i elegantnog izgleda, koji se savr\u0161eno uklapa u va\u0161 stil ure\u0111enja doma, izvrstan za organiziranje kupaonskih ili kuhinjskih predmeta. Zahvaljuju\u0107i svom dizajnu dizajniranom da propu\u0161ta sifon, ovaj komad namje\u0161taja savr\u0161eno \u0107e stati ispod va\u0161eg sudopera. Optimalno koristi prostor ispod sudopera i stvara dodatni prostor. Veli\u010dina sifona: 20x8cm, prije kupnje izmjerite veli\u010dinu sifona i raspolo\u017eivi prostor ispod sudopera i utvrdite je li ovaj ormari\u0107 prikladan. Kupaonski ormari\u0107 koji \u0161tedi prostor lako se uklapa u uske prostore, \u0161to savr\u0161eno rje\u0161ava problem premalog prostora za vas. Vi\u0161eslojni dizajn dodaje vi\u0161e prostora za smje\u0161taj va\u0161ih osobnih stvari. Ova umivaonica ima zatvoreni pretinac i ima mre\u017easti dizajn za odlaganje deterd\u017eenata, krpa i ostalih kupaonskih dodataka. Glatka povr\u0161ina mo\u017ee se lako \u010distiti i zahvaljuju\u0107i prisutnosti no\u017eica, na udaljenosti stvara se od poda, kako bi se olak\u0161alo \u010di\u0161\u0107enje i sprije\u010dilo stvaranje plijesni.","og_url":"https:\/\/inti.hr\/sr\/proizvod\/kupaonski-toaletni-ormaric\/","og_site_name":"Inti","og_image":[{"width":1600,"height":1600,"url":"https:\/\/i0.wp.com\/inti.hr\/wp-content\/uploads\/2022\/05\/BZR35-W-Y005.webp?fit=1600%2C1600&ssl=1","type":"image\/webp"}],"twitter_card":"summary_large_image","schema":{"@context":"https:\/\/schema.org","@graph":[{"@type":"WebPage","@id":"https:\/\/inti.hr\/sr\/proizvod\/kupaonski-toaletni-ormaric\/","url":"https:\/\/inti.hr\/sr\/proizvod\/kupaonski-toaletni-ormaric\/","name":"Kupaonski toaletni ormari\u0107 - Inti","isPartOf":{"@id":"https:\/\/inti.hr\/sr\/#website"},"primaryImageOfPage":{"@id":"https:\/\/inti.hr\/sr\/proizvod\/kupaonski-toaletni-ormaric\/#primaryimage"},"image":{"@id":"https:\/\/inti.hr\/sr\/proizvod\/kupaonski-toaletni-ormaric\/#primaryimage"},"thumbnailUrl":"https:\/\/i0.wp.com\/inti.hr\/wp-content\/uploads\/2022\/05\/BZR35-W-Y005.webp?fit=1600%2C1600&ssl=1","datePublished":"2022-05-13T08:27:26+00:00","dateModified":"2022-05-13T08:27:26+00:00","description":"Ormari\u0107 za sudoper s dvostrukim vratima, jednostavnog i elegantnog izgleda, koji se savr\u0161eno uklapa u va\u0161 stil ure\u0111enja doma, izvrstan za organiziranje kupaonskih ili kuhinjskih predmeta. Zahvaljuju\u0107i svom dizajnu dizajniranom da propu\u0161ta sifon, ovaj komad namje\u0161taja savr\u0161eno \u0107e stati ispod va\u0161eg sudopera. Optimalno koristi prostor ispod sudopera i stvara dodatni prostor. Veli\u010dina sifona: 20x8cm, prije kupnje izmjerite veli\u010dinu sifona i raspolo\u017eivi prostor ispod sudopera i utvrdite je li ovaj ormari\u0107 prikladan. Kupaonski ormari\u0107 koji \u0161tedi prostor lako se uklapa u uske prostore, \u0161to savr\u0161eno rje\u0161ava problem premalog prostora za vas. Vi\u0161eslojni dizajn dodaje vi\u0161e prostora za smje\u0161taj va\u0161ih osobnih stvari. Ova umivaonica ima zatvoreni pretinac i ima mre\u017easti dizajn za odlaganje deterd\u017eenata, krpa i ostalih kupaonskih dodataka. Glatka povr\u0161ina mo\u017ee se lako \u010distiti i zahvaljuju\u0107i prisutnosti no\u017eica, na udaljenosti stvara se od poda, kako bi se olak\u0161alo \u010di\u0161\u0107enje i sprije\u010dilo stvaranje plijesni.","breadcrumb":{"@id":"https:\/\/inti.hr\/sr\/proizvod\/kupaonski-toaletni-ormaric\/#breadcrumb"},"inLanguage":"sr-RS","potentialAction":[{"@type":"ReadAction","target":["https:\/\/inti.hr\/sr\/proizvod\/kupaonski-toaletni-ormaric\/"]}]},{"@type":"ImageObject","inLanguage":"sr-RS","@id":"https:\/\/inti.hr\/sr\/proizvod\/kupaonski-toaletni-ormaric\/#primaryimage","url":"https:\/\/i0.wp.com\/inti.hr\/wp-content\/uploads\/2022\/05\/BZR35-W-Y005.webp?fit=1600%2C1600&ssl=1","contentUrl":"https:\/\/i0.wp.com\/inti.hr\/wp-content\/uploads\/2022\/05\/BZR35-W-Y005.webp?fit=1600%2C1600&ssl=1","width":1600,"height":1600},{"@type":"BreadcrumbList","@id":"https:\/\/inti.hr\/sr\/proizvod\/kupaonski-toaletni-ormaric\/#breadcrumb","itemListElement":[{"@type":"ListItem","position":1,"name":"Po\u010detna stranica","item":"https:\/\/inti.hr\/sr\/"},{"@type":"ListItem","position":2,"name":"Prodavnica","item":"https:\/\/inti.hr\/sr\/prodavnica\/"},{"@type":"ListItem","position":3,"name":"Kupaonski toaletni ormari\u0107"}]},{"@type":"WebSite","@id":"https:\/\/inti.hr\/sr\/#website","url":"https:\/\/inti.hr\/sr\/","name":"Inti","description":"trgovina","potentialAction":[{"@type":"SearchAction","target":{"@type":"EntryPoint","urlTemplate":"https:\/\/inti.hr\/sr\/?s={search_term_string}"},"query-input":{"@type":"PropertyValueSpecification","valueRequired":true,"valueName":"search_term_string"}}],"inLanguage":"sr-RS"}]}},"jetpack_sharing_enabled":true,"jetpack-related-posts":[],"_links":{"self":[{"href":"https:\/\/inti.hr\/sr\/wp-json\/wp\/v2\/product\/36877"}],"collection":[{"href":"https:\/\/inti.hr\/sr\/wp-json\/wp\/v2\/product"}],"about":[{"href":"https:\/\/inti.hr\/sr\/wp-json\/wp\/v2\/types\/product"}],"wp:featuredmedia":[{"embeddable":true,"href":"https:\/\/inti.hr\/sr\/wp-json\/wp\/v2\/media\/36878"}],"wp:attachment":[{"href":"https:\/\/inti.hr\/sr\/wp-json\/wp\/v2\/media?parent=36877"}],"wp:term":[{"taxonomy":"product_cat","embeddable":true,"href":"https:\/\/inti.hr\/sr\/wp-json\/wp\/v2\/product_cat?post=36877"},{"taxonomy":"product_tag","embeddable":true,"href":"https:\/\/inti.hr\/sr\/wp-json\/wp\/v2\/product_tag?post=36877"}],"curies":[{"name":"wp","href":"https:\/\/api.w.org\/{rel}","templated":true}]}}