{"id":36958,"date":"2022-01-13T19:34:59","date_gmt":"2022-01-13T19:34:59","guid":{"rendered":"https:\/\/inti.hr\/product\/nocni-ormaric-s-ladicom-i-mrezastom-policom\/"},"modified":"2022-01-13T19:34:59","modified_gmt":"2022-01-13T19:34:59","slug":"nocni-ormaric-s-ladicom-i-mrezastom-policom","status":"publish","type":"product","link":"https:\/\/inti.hr\/sr\/proizvod\/nocni-ormaric-s-ladicom-i-mrezastom-policom\/","title":{"rendered":"No\u0107ni ormari\u0107 s ladicom i mre\u017eastom policom"},"content":{"rendered":"<p>Detalji proizvoda:<\/p>\n<p>&#8211; Boja: bijelo-zlatna<br \/>\n&#8211; Materijal: iverica, \u010delik<br \/>\n&#8211; Veli\u010dina: 40 x 40 x 55 cm (D x \u0160 x V)<br \/>\n&#8211; Te\u017eina: 8,9 kg<br \/>\n&#8211; Maksimalna stati\u010dka nosivost plo\u010de stola: 20 kg<br \/>\n&#8211; Maksimalna stati\u010dka nosivost re\u0161etkaste police: 5 kg<br \/>\n&#8211; Maksimalna stati\u010dka nosivost ladice: 5 kg<\/p>\n","protected":false},"excerpt":{"rendered":"<p>No\u0107ni ormari\u0107 koji \u0107e Vam se zasigurno svidjeti svojom elegancijom i &#8230; <\/p>\n","protected":false},"featured_media":36960,"template":"","meta":[],"product_cat":[2416],"product_tag":[2676,5001],"yoast_head":"<!-- This site is optimized with the Yoast SEO plugin v23.7 - https:\/\/yoast.com\/wordpress\/plugins\/seo\/ -->\n<title>No\u0107ni ormari\u0107 s ladicom i mre\u017eastom policom - Inti<\/title>\n<meta name=\"description\" content=\"No\u0107ni ormari\u0107 koji \u0107e Vam se zasigurno svidjeti svojom elegancijom i dizajnom. Ima jednostavnu bijelu, rasko\u0161nu zlatnu i sofisticiranu re\u0161etkastu ladicu. Izdr\u017eljiva iverica i vrhunski \u010delik dokazuju da je ovaj pomo\u0107ni stol robustan i pouzdan.\u00a0Uvijek \u0107e ostati uz vas da vam pomogne u svakom trenutku.\" \/>\n<meta name=\"robots\" content=\"index, follow, max-snippet:-1, max-image-preview:large, max-video-preview:-1\" \/>\n<link rel=\"canonical\" href=\"https:\/\/inti.hr\/sr\/proizvod\/nocni-ormaric-s-ladicom-i-mrezastom-policom\/\" \/>\n<meta property=\"og:locale\" content=\"sr_RS\" \/>\n<meta property=\"og:type\" content=\"article\" \/>\n<meta property=\"og:title\" content=\"No\u0107ni ormari\u0107 s ladicom i mre\u017eastom policom - Inti\" \/>\n<meta property=\"og:description\" content=\"No\u0107ni ormari\u0107 koji \u0107e Vam se zasigurno svidjeti svojom elegancijom i dizajnom. Ima jednostavnu bijelu, rasko\u0161nu zlatnu i sofisticiranu re\u0161etkastu ladicu. Izdr\u017eljiva iverica i vrhunski \u010delik dokazuju da je ovaj pomo\u0107ni stol robustan i pouzdan.\u00a0Uvijek \u0107e ostati uz vas da vam pomogne u svakom trenutku.\" \/>\n<meta property=\"og:url\" content=\"https:\/\/inti.hr\/sr\/proizvod\/nocni-ormaric-s-ladicom-i-mrezastom-policom\/\" \/>\n<meta property=\"og:site_name\" content=\"Inti\" \/>\n<meta property=\"og:image\" content=\"https:\/\/i0.wp.com\/inti.hr\/wp-content\/uploads\/2022\/01\/91hEEqeaDWL._AC_SL1500_.jpg?fit=1500%2C1500&ssl=1\" \/>\n\t<meta property=\"og:image:width\" content=\"1500\" \/>\n\t<meta property=\"og:image:height\" content=\"1500\" \/>\n\t<meta property=\"og:image:type\" content=\"image\/jpeg\" \/>\n<meta name=\"twitter:card\" content=\"summary_large_image\" \/>\n<script type=\"application\/ld+json\" class=\"yoast-schema-graph\">{\"@context\":\"https:\/\/schema.org\",\"@graph\":[{\"@type\":\"WebPage\",\"@id\":\"https:\/\/inti.hr\/sr\/proizvod\/nocni-ormaric-s-ladicom-i-mrezastom-policom\/\",\"url\":\"https:\/\/inti.hr\/sr\/proizvod\/nocni-ormaric-s-ladicom-i-mrezastom-policom\/\",\"name\":\"No\u0107ni ormari\u0107 s ladicom i mre\u017eastom policom - Inti\",\"isPartOf\":{\"@id\":\"https:\/\/inti.hr\/sr\/#website\"},\"primaryImageOfPage\":{\"@id\":\"https:\/\/inti.hr\/sr\/proizvod\/nocni-ormaric-s-ladicom-i-mrezastom-policom\/#primaryimage\"},\"image\":{\"@id\":\"https:\/\/inti.hr\/sr\/proizvod\/nocni-ormaric-s-ladicom-i-mrezastom-policom\/#primaryimage\"},\"thumbnailUrl\":\"https:\/\/i0.wp.com\/inti.hr\/wp-content\/uploads\/2022\/01\/91hEEqeaDWL._AC_SL1500_.jpg?fit=1500%2C1500&ssl=1\",\"datePublished\":\"2022-01-13T19:34:59+00:00\",\"dateModified\":\"2022-01-13T19:34:59+00:00\",\"description\":\"No\u0107ni ormari\u0107 koji \u0107e Vam se zasigurno svidjeti svojom elegancijom i dizajnom. Ima jednostavnu bijelu, rasko\u0161nu zlatnu i sofisticiranu re\u0161etkastu ladicu. Izdr\u017eljiva iverica i vrhunski \u010delik dokazuju da je ovaj pomo\u0107ni stol robustan i pouzdan.\u00a0Uvijek \u0107e ostati uz vas da vam pomogne u svakom trenutku.\",\"breadcrumb\":{\"@id\":\"https:\/\/inti.hr\/sr\/proizvod\/nocni-ormaric-s-ladicom-i-mrezastom-policom\/#breadcrumb\"},\"inLanguage\":\"sr-RS\",\"potentialAction\":[{\"@type\":\"ReadAction\",\"target\":[\"https:\/\/inti.hr\/sr\/proizvod\/nocni-ormaric-s-ladicom-i-mrezastom-policom\/\"]}]},{\"@type\":\"ImageObject\",\"inLanguage\":\"sr-RS\",\"@id\":\"https:\/\/inti.hr\/sr\/proizvod\/nocni-ormaric-s-ladicom-i-mrezastom-policom\/#primaryimage\",\"url\":\"https:\/\/i0.wp.com\/inti.hr\/wp-content\/uploads\/2022\/01\/91hEEqeaDWL._AC_SL1500_.jpg?fit=1500%2C1500&ssl=1\",\"contentUrl\":\"https:\/\/i0.wp.com\/inti.hr\/wp-content\/uploads\/2022\/01\/91hEEqeaDWL._AC_SL1500_.jpg?fit=1500%2C1500&ssl=1\",\"width\":1500,\"height\":1500,\"caption\":\"No\u0107ni ormari\u0107 s ladicom i mre\u017eastom policom\"},{\"@type\":\"BreadcrumbList\",\"@id\":\"https:\/\/inti.hr\/sr\/proizvod\/nocni-ormaric-s-ladicom-i-mrezastom-policom\/#breadcrumb\",\"itemListElement\":[{\"@type\":\"ListItem\",\"position\":1,\"name\":\"Po\u010detna stranica\",\"item\":\"https:\/\/inti.hr\/sr\/\"},{\"@type\":\"ListItem\",\"position\":2,\"name\":\"Prodavnica\",\"item\":\"https:\/\/inti.hr\/sr\/prodavnica\/\"},{\"@type\":\"ListItem\",\"position\":3,\"name\":\"No\u0107ni ormari\u0107 s ladicom i mre\u017eastom policom\"}]},{\"@type\":\"WebSite\",\"@id\":\"https:\/\/inti.hr\/sr\/#website\",\"url\":\"https:\/\/inti.hr\/sr\/\",\"name\":\"Inti\",\"description\":\"trgovina\",\"potentialAction\":[{\"@type\":\"SearchAction\",\"target\":{\"@type\":\"EntryPoint\",\"urlTemplate\":\"https:\/\/inti.hr\/sr\/?s={search_term_string}\"},\"query-input\":{\"@type\":\"PropertyValueSpecification\",\"valueRequired\":true,\"valueName\":\"search_term_string\"}}],\"inLanguage\":\"sr-RS\"}]}<\/script>\n<!-- \/ Yoast SEO plugin. -->","yoast_head_json":{"title":"No\u0107ni ormari\u0107 s ladicom i mre\u017eastom policom - Inti","description":"No\u0107ni ormari\u0107 koji \u0107e Vam se zasigurno svidjeti svojom elegancijom i dizajnom. Ima jednostavnu bijelu, rasko\u0161nu zlatnu i sofisticiranu re\u0161etkastu ladicu. Izdr\u017eljiva iverica i vrhunski \u010delik dokazuju da je ovaj pomo\u0107ni stol robustan i pouzdan.\u00a0Uvijek \u0107e ostati uz vas da vam pomogne u svakom trenutku.","robots":{"index":"index","follow":"follow","max-snippet":"max-snippet:-1","max-image-preview":"max-image-preview:large","max-video-preview":"max-video-preview:-1"},"canonical":"https:\/\/inti.hr\/sr\/proizvod\/nocni-ormaric-s-ladicom-i-mrezastom-policom\/","og_locale":"sr_RS","og_type":"article","og_title":"No\u0107ni ormari\u0107 s ladicom i mre\u017eastom policom - Inti","og_description":"No\u0107ni ormari\u0107 koji \u0107e Vam se zasigurno svidjeti svojom elegancijom i dizajnom. Ima jednostavnu bijelu, rasko\u0161nu zlatnu i sofisticiranu re\u0161etkastu ladicu. Izdr\u017eljiva iverica i vrhunski \u010delik dokazuju da je ovaj pomo\u0107ni stol robustan i pouzdan.\u00a0Uvijek \u0107e ostati uz vas da vam pomogne u svakom trenutku.","og_url":"https:\/\/inti.hr\/sr\/proizvod\/nocni-ormaric-s-ladicom-i-mrezastom-policom\/","og_site_name":"Inti","og_image":[{"width":1500,"height":1500,"url":"https:\/\/i0.wp.com\/inti.hr\/wp-content\/uploads\/2022\/01\/91hEEqeaDWL._AC_SL1500_.jpg?fit=1500%2C1500&ssl=1","type":"image\/jpeg"}],"twitter_card":"summary_large_image","schema":{"@context":"https:\/\/schema.org","@graph":[{"@type":"WebPage","@id":"https:\/\/inti.hr\/sr\/proizvod\/nocni-ormaric-s-ladicom-i-mrezastom-policom\/","url":"https:\/\/inti.hr\/sr\/proizvod\/nocni-ormaric-s-ladicom-i-mrezastom-policom\/","name":"No\u0107ni ormari\u0107 s ladicom i mre\u017eastom policom - Inti","isPartOf":{"@id":"https:\/\/inti.hr\/sr\/#website"},"primaryImageOfPage":{"@id":"https:\/\/inti.hr\/sr\/proizvod\/nocni-ormaric-s-ladicom-i-mrezastom-policom\/#primaryimage"},"image":{"@id":"https:\/\/inti.hr\/sr\/proizvod\/nocni-ormaric-s-ladicom-i-mrezastom-policom\/#primaryimage"},"thumbnailUrl":"https:\/\/i0.wp.com\/inti.hr\/wp-content\/uploads\/2022\/01\/91hEEqeaDWL._AC_SL1500_.jpg?fit=1500%2C1500&ssl=1","datePublished":"2022-01-13T19:34:59+00:00","dateModified":"2022-01-13T19:34:59+00:00","description":"No\u0107ni ormari\u0107 koji \u0107e Vam se zasigurno svidjeti svojom elegancijom i dizajnom. Ima jednostavnu bijelu, rasko\u0161nu zlatnu i sofisticiranu re\u0161etkastu ladicu. Izdr\u017eljiva iverica i vrhunski \u010delik dokazuju da je ovaj pomo\u0107ni stol robustan i pouzdan.\u00a0Uvijek \u0107e ostati uz vas da vam pomogne u svakom trenutku.","breadcrumb":{"@id":"https:\/\/inti.hr\/sr\/proizvod\/nocni-ormaric-s-ladicom-i-mrezastom-policom\/#breadcrumb"},"inLanguage":"sr-RS","potentialAction":[{"@type":"ReadAction","target":["https:\/\/inti.hr\/sr\/proizvod\/nocni-ormaric-s-ladicom-i-mrezastom-policom\/"]}]},{"@type":"ImageObject","inLanguage":"sr-RS","@id":"https:\/\/inti.hr\/sr\/proizvod\/nocni-ormaric-s-ladicom-i-mrezastom-policom\/#primaryimage","url":"https:\/\/i0.wp.com\/inti.hr\/wp-content\/uploads\/2022\/01\/91hEEqeaDWL._AC_SL1500_.jpg?fit=1500%2C1500&ssl=1","contentUrl":"https:\/\/i0.wp.com\/inti.hr\/wp-content\/uploads\/2022\/01\/91hEEqeaDWL._AC_SL1500_.jpg?fit=1500%2C1500&ssl=1","width":1500,"height":1500,"caption":"No\u0107ni ormari\u0107 s ladicom i mre\u017eastom policom"},{"@type":"BreadcrumbList","@id":"https:\/\/inti.hr\/sr\/proizvod\/nocni-ormaric-s-ladicom-i-mrezastom-policom\/#breadcrumb","itemListElement":[{"@type":"ListItem","position":1,"name":"Po\u010detna stranica","item":"https:\/\/inti.hr\/sr\/"},{"@type":"ListItem","position":2,"name":"Prodavnica","item":"https:\/\/inti.hr\/sr\/prodavnica\/"},{"@type":"ListItem","position":3,"name":"No\u0107ni ormari\u0107 s ladicom i mre\u017eastom policom"}]},{"@type":"WebSite","@id":"https:\/\/inti.hr\/sr\/#website","url":"https:\/\/inti.hr\/sr\/","name":"Inti","description":"trgovina","potentialAction":[{"@type":"SearchAction","target":{"@type":"EntryPoint","urlTemplate":"https:\/\/inti.hr\/sr\/?s={search_term_string}"},"query-input":{"@type":"PropertyValueSpecification","valueRequired":true,"valueName":"search_term_string"}}],"inLanguage":"sr-RS"}]}},"jetpack_sharing_enabled":true,"jetpack-related-posts":[],"_links":{"self":[{"href":"https:\/\/inti.hr\/sr\/wp-json\/wp\/v2\/product\/36958"}],"collection":[{"href":"https:\/\/inti.hr\/sr\/wp-json\/wp\/v2\/product"}],"about":[{"href":"https:\/\/inti.hr\/sr\/wp-json\/wp\/v2\/types\/product"}],"wp:featuredmedia":[{"embeddable":true,"href":"https:\/\/inti.hr\/sr\/wp-json\/wp\/v2\/media\/36960"}],"wp:attachment":[{"href":"https:\/\/inti.hr\/sr\/wp-json\/wp\/v2\/media?parent=36958"}],"wp:term":[{"taxonomy":"product_cat","embeddable":true,"href":"https:\/\/inti.hr\/sr\/wp-json\/wp\/v2\/product_cat?post=36958"},{"taxonomy":"product_tag","embeddable":true,"href":"https:\/\/inti.hr\/sr\/wp-json\/wp\/v2\/product_tag?post=36958"}],"curies":[{"name":"wp","href":"https:\/\/api.w.org\/{rel}","templated":true}]}}