{"id":36973,"date":"2022-01-08T19:39:19","date_gmt":"2022-01-08T19:39:19","guid":{"rendered":"https:\/\/inti.hr\/product\/okrugli-stolic-s-metalnim-okvirom-2\/"},"modified":"2022-01-08T19:39:19","modified_gmt":"2022-01-08T19:39:19","slug":"okrugli-stolic-s-metalnim-okvirom-2","status":"publish","type":"product","link":"https:\/\/inti.hr\/sr\/proizvod\/okrugli-stolic-s-metalnim-okvirom-2\/","title":{"rendered":"Okrugli stoli\u0107 s metalnim okvirom"},"content":{"rendered":"<div class=\"left\">\n<ul>\n<li><b>Detalji o proizvodu:<\/b>Boja: bijelo-zlatne bojeMaterijal: iverica, \u010delikVeli\u010dina: 84 x 45,5 cm (\u00d8 x V)Te\u017eina: 7,9 kgMaksimalno stati\u010dko optere\u0107enje: 30 kg<\/li>\n<\/ul>\n<div class=\"left\">\n<ul>\n<li>Elegantan izgled: sa svojim zaobljenim \u010deli\u010dnim okvirom zlatne boje i bijelom plo\u010dom stola, ovaj stoli\u0107 za kavu pokazuje \u0161arm i stil te pobolj\u0161ava va\u0161 prostor tako da va\u0161 dnevni boravak postaje privla\u010dniji. Jednostavan dizajn sa zlatnim i bijelim bojama \u010dini stol elegantnim.\u00a0S ovim stolom svakako \u0107ete nadograditi opremanje va\u0161eg doma.<\/li>\n<\/ul>\n<\/div>\n<\/div>\n","protected":false},"excerpt":{"rendered":"<p>Stoli\u0107, stol za dnevni boravak, okrugli, stoli\u0107, stoli\u0107, s povr\u0161inom od &#8230; <\/p>\n","protected":false},"featured_media":36974,"template":"","meta":[],"product_cat":[2421],"product_tag":[5008,5009],"yoast_head":"<!-- This site is optimized with the Yoast SEO plugin v23.7 - https:\/\/yoast.com\/wordpress\/plugins\/seo\/ -->\n<title>Okrugli stoli\u0107 s metalnim okvirom - Inti<\/title>\n<meta name=\"description\" content=\"Stoli\u0107, stol za dnevni boravak, okrugli, stoli\u0107, stoli\u0107, s povr\u0161inom od iverice i \u010deli\u010dnim okvirom zlatne boje, laka monta\u017ea, moderan, bijelo-zlatne boje.\" \/>\n<meta name=\"robots\" content=\"index, follow, max-snippet:-1, max-image-preview:large, max-video-preview:-1\" \/>\n<link rel=\"canonical\" href=\"https:\/\/inti.hr\/sr\/proizvod\/okrugli-stolic-s-metalnim-okvirom-2\/\" \/>\n<meta property=\"og:locale\" content=\"sr_RS\" \/>\n<meta property=\"og:type\" content=\"article\" \/>\n<meta property=\"og:title\" content=\"Okrugli stoli\u0107 s metalnim okvirom - Inti\" \/>\n<meta property=\"og:description\" content=\"Stoli\u0107, stol za dnevni boravak, okrugli, stoli\u0107, stoli\u0107, s povr\u0161inom od iverice i \u010deli\u010dnim okvirom zlatne boje, laka monta\u017ea, moderan, bijelo-zlatne boje.\" \/>\n<meta property=\"og:url\" content=\"https:\/\/inti.hr\/sr\/proizvod\/okrugli-stolic-s-metalnim-okvirom-2\/\" \/>\n<meta property=\"og:site_name\" content=\"Inti\" \/>\n<meta property=\"og:image\" content=\"https:\/\/i0.wp.com\/inti.hr\/wp-content\/uploads\/2022\/01\/71vgzzFH5uL._AC_SL1500_-1.jpg?fit=1500%2C1500&ssl=1\" \/>\n\t<meta property=\"og:image:width\" content=\"1500\" \/>\n\t<meta property=\"og:image:height\" content=\"1500\" \/>\n\t<meta property=\"og:image:type\" content=\"image\/jpeg\" \/>\n<meta name=\"twitter:card\" content=\"summary_large_image\" \/>\n<script type=\"application\/ld+json\" class=\"yoast-schema-graph\">{\"@context\":\"https:\/\/schema.org\",\"@graph\":[{\"@type\":\"WebPage\",\"@id\":\"https:\/\/inti.hr\/sr\/proizvod\/okrugli-stolic-s-metalnim-okvirom-2\/\",\"url\":\"https:\/\/inti.hr\/sr\/proizvod\/okrugli-stolic-s-metalnim-okvirom-2\/\",\"name\":\"Okrugli stoli\u0107 s metalnim okvirom - Inti\",\"isPartOf\":{\"@id\":\"https:\/\/inti.hr\/sr\/#website\"},\"primaryImageOfPage\":{\"@id\":\"https:\/\/inti.hr\/sr\/proizvod\/okrugli-stolic-s-metalnim-okvirom-2\/#primaryimage\"},\"image\":{\"@id\":\"https:\/\/inti.hr\/sr\/proizvod\/okrugli-stolic-s-metalnim-okvirom-2\/#primaryimage\"},\"thumbnailUrl\":\"https:\/\/i0.wp.com\/inti.hr\/wp-content\/uploads\/2022\/01\/71vgzzFH5uL._AC_SL1500_-1.jpg?fit=1500%2C1500&ssl=1\",\"datePublished\":\"2022-01-08T19:39:19+00:00\",\"dateModified\":\"2022-01-08T19:39:19+00:00\",\"description\":\"Stoli\u0107, stol za dnevni boravak, okrugli, stoli\u0107, stoli\u0107, s povr\u0161inom od iverice i \u010deli\u010dnim okvirom zlatne boje, laka monta\u017ea, moderan, bijelo-zlatne boje.\",\"breadcrumb\":{\"@id\":\"https:\/\/inti.hr\/sr\/proizvod\/okrugli-stolic-s-metalnim-okvirom-2\/#breadcrumb\"},\"inLanguage\":\"sr-RS\",\"potentialAction\":[{\"@type\":\"ReadAction\",\"target\":[\"https:\/\/inti.hr\/sr\/proizvod\/okrugli-stolic-s-metalnim-okvirom-2\/\"]}]},{\"@type\":\"ImageObject\",\"inLanguage\":\"sr-RS\",\"@id\":\"https:\/\/inti.hr\/sr\/proizvod\/okrugli-stolic-s-metalnim-okvirom-2\/#primaryimage\",\"url\":\"https:\/\/i0.wp.com\/inti.hr\/wp-content\/uploads\/2022\/01\/71vgzzFH5uL._AC_SL1500_-1.jpg?fit=1500%2C1500&ssl=1\",\"contentUrl\":\"https:\/\/i0.wp.com\/inti.hr\/wp-content\/uploads\/2022\/01\/71vgzzFH5uL._AC_SL1500_-1.jpg?fit=1500%2C1500&ssl=1\",\"width\":1500,\"height\":1500},{\"@type\":\"BreadcrumbList\",\"@id\":\"https:\/\/inti.hr\/sr\/proizvod\/okrugli-stolic-s-metalnim-okvirom-2\/#breadcrumb\",\"itemListElement\":[{\"@type\":\"ListItem\",\"position\":1,\"name\":\"Po\u010detna stranica\",\"item\":\"https:\/\/inti.hr\/sr\/\"},{\"@type\":\"ListItem\",\"position\":2,\"name\":\"Prodavnica\",\"item\":\"https:\/\/inti.hr\/sr\/prodavnica\/\"},{\"@type\":\"ListItem\",\"position\":3,\"name\":\"Okrugli stoli\u0107 s metalnim okvirom\"}]},{\"@type\":\"WebSite\",\"@id\":\"https:\/\/inti.hr\/sr\/#website\",\"url\":\"https:\/\/inti.hr\/sr\/\",\"name\":\"Inti\",\"description\":\"trgovina\",\"potentialAction\":[{\"@type\":\"SearchAction\",\"target\":{\"@type\":\"EntryPoint\",\"urlTemplate\":\"https:\/\/inti.hr\/sr\/?s={search_term_string}\"},\"query-input\":{\"@type\":\"PropertyValueSpecification\",\"valueRequired\":true,\"valueName\":\"search_term_string\"}}],\"inLanguage\":\"sr-RS\"}]}<\/script>\n<!-- \/ Yoast SEO plugin. -->","yoast_head_json":{"title":"Okrugli stoli\u0107 s metalnim okvirom - Inti","description":"Stoli\u0107, stol za dnevni boravak, okrugli, stoli\u0107, stoli\u0107, s povr\u0161inom od iverice i \u010deli\u010dnim okvirom zlatne boje, laka monta\u017ea, moderan, bijelo-zlatne boje.","robots":{"index":"index","follow":"follow","max-snippet":"max-snippet:-1","max-image-preview":"max-image-preview:large","max-video-preview":"max-video-preview:-1"},"canonical":"https:\/\/inti.hr\/sr\/proizvod\/okrugli-stolic-s-metalnim-okvirom-2\/","og_locale":"sr_RS","og_type":"article","og_title":"Okrugli stoli\u0107 s metalnim okvirom - Inti","og_description":"Stoli\u0107, stol za dnevni boravak, okrugli, stoli\u0107, stoli\u0107, s povr\u0161inom od iverice i \u010deli\u010dnim okvirom zlatne boje, laka monta\u017ea, moderan, bijelo-zlatne boje.","og_url":"https:\/\/inti.hr\/sr\/proizvod\/okrugli-stolic-s-metalnim-okvirom-2\/","og_site_name":"Inti","og_image":[{"width":1500,"height":1500,"url":"https:\/\/i0.wp.com\/inti.hr\/wp-content\/uploads\/2022\/01\/71vgzzFH5uL._AC_SL1500_-1.jpg?fit=1500%2C1500&ssl=1","type":"image\/jpeg"}],"twitter_card":"summary_large_image","schema":{"@context":"https:\/\/schema.org","@graph":[{"@type":"WebPage","@id":"https:\/\/inti.hr\/sr\/proizvod\/okrugli-stolic-s-metalnim-okvirom-2\/","url":"https:\/\/inti.hr\/sr\/proizvod\/okrugli-stolic-s-metalnim-okvirom-2\/","name":"Okrugli stoli\u0107 s metalnim okvirom - Inti","isPartOf":{"@id":"https:\/\/inti.hr\/sr\/#website"},"primaryImageOfPage":{"@id":"https:\/\/inti.hr\/sr\/proizvod\/okrugli-stolic-s-metalnim-okvirom-2\/#primaryimage"},"image":{"@id":"https:\/\/inti.hr\/sr\/proizvod\/okrugli-stolic-s-metalnim-okvirom-2\/#primaryimage"},"thumbnailUrl":"https:\/\/i0.wp.com\/inti.hr\/wp-content\/uploads\/2022\/01\/71vgzzFH5uL._AC_SL1500_-1.jpg?fit=1500%2C1500&ssl=1","datePublished":"2022-01-08T19:39:19+00:00","dateModified":"2022-01-08T19:39:19+00:00","description":"Stoli\u0107, stol za dnevni boravak, okrugli, stoli\u0107, stoli\u0107, s povr\u0161inom od iverice i \u010deli\u010dnim okvirom zlatne boje, laka monta\u017ea, moderan, bijelo-zlatne boje.","breadcrumb":{"@id":"https:\/\/inti.hr\/sr\/proizvod\/okrugli-stolic-s-metalnim-okvirom-2\/#breadcrumb"},"inLanguage":"sr-RS","potentialAction":[{"@type":"ReadAction","target":["https:\/\/inti.hr\/sr\/proizvod\/okrugli-stolic-s-metalnim-okvirom-2\/"]}]},{"@type":"ImageObject","inLanguage":"sr-RS","@id":"https:\/\/inti.hr\/sr\/proizvod\/okrugli-stolic-s-metalnim-okvirom-2\/#primaryimage","url":"https:\/\/i0.wp.com\/inti.hr\/wp-content\/uploads\/2022\/01\/71vgzzFH5uL._AC_SL1500_-1.jpg?fit=1500%2C1500&ssl=1","contentUrl":"https:\/\/i0.wp.com\/inti.hr\/wp-content\/uploads\/2022\/01\/71vgzzFH5uL._AC_SL1500_-1.jpg?fit=1500%2C1500&ssl=1","width":1500,"height":1500},{"@type":"BreadcrumbList","@id":"https:\/\/inti.hr\/sr\/proizvod\/okrugli-stolic-s-metalnim-okvirom-2\/#breadcrumb","itemListElement":[{"@type":"ListItem","position":1,"name":"Po\u010detna stranica","item":"https:\/\/inti.hr\/sr\/"},{"@type":"ListItem","position":2,"name":"Prodavnica","item":"https:\/\/inti.hr\/sr\/prodavnica\/"},{"@type":"ListItem","position":3,"name":"Okrugli stoli\u0107 s metalnim okvirom"}]},{"@type":"WebSite","@id":"https:\/\/inti.hr\/sr\/#website","url":"https:\/\/inti.hr\/sr\/","name":"Inti","description":"trgovina","potentialAction":[{"@type":"SearchAction","target":{"@type":"EntryPoint","urlTemplate":"https:\/\/inti.hr\/sr\/?s={search_term_string}"},"query-input":{"@type":"PropertyValueSpecification","valueRequired":true,"valueName":"search_term_string"}}],"inLanguage":"sr-RS"}]}},"jetpack_sharing_enabled":true,"jetpack-related-posts":[],"_links":{"self":[{"href":"https:\/\/inti.hr\/sr\/wp-json\/wp\/v2\/product\/36973"}],"collection":[{"href":"https:\/\/inti.hr\/sr\/wp-json\/wp\/v2\/product"}],"about":[{"href":"https:\/\/inti.hr\/sr\/wp-json\/wp\/v2\/types\/product"}],"wp:featuredmedia":[{"embeddable":true,"href":"https:\/\/inti.hr\/sr\/wp-json\/wp\/v2\/media\/36974"}],"wp:attachment":[{"href":"https:\/\/inti.hr\/sr\/wp-json\/wp\/v2\/media?parent=36973"}],"wp:term":[{"taxonomy":"product_cat","embeddable":true,"href":"https:\/\/inti.hr\/sr\/wp-json\/wp\/v2\/product_cat?post=36973"},{"taxonomy":"product_tag","embeddable":true,"href":"https:\/\/inti.hr\/sr\/wp-json\/wp\/v2\/product_tag?post=36973"}],"curies":[{"name":"wp","href":"https:\/\/api.w.org\/{rel}","templated":true}]}}