{"id":37004,"date":"2021-12-30T09:07:04","date_gmt":"2021-12-30T09:07:04","guid":{"rendered":"https:\/\/inti.hr\/product\/5-slojna-kutna-polica\/"},"modified":"2021-12-30T09:07:04","modified_gmt":"2021-12-30T09:07:04","slug":"5-slojna-kutna-polica","status":"publish","type":"product","link":"https:\/\/inti.hr\/sr\/proizvod\/5-slojna-kutna-polica\/","title":{"rendered":"5-slojna kutna polica"},"content":{"rendered":"<p>Detalji proizvoda:<\/p>\n<p>Boja: zlatni ton, crna<\/p>\n<p>Materijal: staklo, metal<\/p>\n<p>Veli\u010dina: 28 x 28 x 158 cm (D x \u0160 x V).<\/p>\n<p>Udaljenost izme\u0111u polica: 30 cm.<\/p>\n<p>Te\u017eina: 5,3 kg.<\/p>\n<p>Maks. Stati\u010dka nosivost po polici: 5 kg<\/p>\n","protected":false},"excerpt":{"rendered":"<p>Sa svojim elegantnim dizajnom, staklenim policama i zlatnim okvirom, ova moderna &#8230; <\/p>\n","protected":false},"featured_media":37005,"template":"","meta":[],"product_cat":[2421],"product_tag":[5017,3794,2801,3795],"yoast_head":"<!-- This site is optimized with the Yoast SEO plugin v23.7 - https:\/\/yoast.com\/wordpress\/plugins\/seo\/ -->\n<title>5-slojna kutna polica - Inti<\/title>\n<meta name=\"description\" content=\"Sa svojim elegantnim dizajnom, staklenim policama i zlatnim-crnim okvirom, ova moderna kutna polica \u0107e va\u0161oj sobi dodati luksuzni \u0161tih. Robusne i \u010dvrste police koje se lako odr\u017eavaju izra\u0111ene su od kaljenog stakla debljine 4 mm i mogu dr\u017eati do 5 kg svaka. Podesive noge i za\u0161tita od nagiba pru\u017eaju dodatnu stabilnost. \u0160tedi prostor, ali nudi vi\u0161e ne morate \u017ertvovati puno prostora na podu. Ova 5-slojna polica za knjige (28 x 28 x 158 cm), \u010dija je udaljenost izme\u0111u polica 30 cm, nudi vam dovoljno prostora za pohranu.\" \/>\n<meta name=\"robots\" content=\"index, follow, max-snippet:-1, max-image-preview:large, max-video-preview:-1\" \/>\n<link rel=\"canonical\" href=\"https:\/\/inti.hr\/sr\/proizvod\/5-slojna-kutna-polica\/\" \/>\n<meta property=\"og:locale\" content=\"sr_RS\" \/>\n<meta property=\"og:type\" content=\"article\" \/>\n<meta property=\"og:title\" content=\"5-slojna kutna polica - Inti\" \/>\n<meta property=\"og:description\" content=\"Sa svojim elegantnim dizajnom, staklenim policama i zlatnim-crnim okvirom, ova moderna kutna polica \u0107e va\u0161oj sobi dodati luksuzni \u0161tih. Robusne i \u010dvrste police koje se lako odr\u017eavaju izra\u0111ene su od kaljenog stakla debljine 4 mm i mogu dr\u017eati do 5 kg svaka. Podesive noge i za\u0161tita od nagiba pru\u017eaju dodatnu stabilnost. \u0160tedi prostor, ali nudi vi\u0161e ne morate \u017ertvovati puno prostora na podu. Ova 5-slojna polica za knjige (28 x 28 x 158 cm), \u010dija je udaljenost izme\u0111u polica 30 cm, nudi vam dovoljno prostora za pohranu.\" \/>\n<meta property=\"og:url\" content=\"https:\/\/inti.hr\/sr\/proizvod\/5-slojna-kutna-polica\/\" \/>\n<meta property=\"og:site_name\" content=\"Inti\" \/>\n<meta property=\"og:image\" content=\"https:\/\/i0.wp.com\/inti.hr\/wp-content\/uploads\/2021\/12\/e0c31ff5-9a5b-4859-8c1e-fe5342bbed2a.__CR00970600_PT0_SX970_V1___.jpg?fit=970%2C600&ssl=1\" \/>\n\t<meta property=\"og:image:width\" content=\"970\" \/>\n\t<meta property=\"og:image:height\" content=\"600\" \/>\n\t<meta property=\"og:image:type\" content=\"image\/jpeg\" \/>\n<meta name=\"twitter:card\" content=\"summary_large_image\" \/>\n<script type=\"application\/ld+json\" class=\"yoast-schema-graph\">{\"@context\":\"https:\/\/schema.org\",\"@graph\":[{\"@type\":\"WebPage\",\"@id\":\"https:\/\/inti.hr\/sr\/proizvod\/5-slojna-kutna-polica\/\",\"url\":\"https:\/\/inti.hr\/sr\/proizvod\/5-slojna-kutna-polica\/\",\"name\":\"5-slojna kutna polica - Inti\",\"isPartOf\":{\"@id\":\"https:\/\/inti.hr\/sr\/#website\"},\"primaryImageOfPage\":{\"@id\":\"https:\/\/inti.hr\/sr\/proizvod\/5-slojna-kutna-polica\/#primaryimage\"},\"image\":{\"@id\":\"https:\/\/inti.hr\/sr\/proizvod\/5-slojna-kutna-polica\/#primaryimage\"},\"thumbnailUrl\":\"https:\/\/i0.wp.com\/inti.hr\/wp-content\/uploads\/2021\/12\/e0c31ff5-9a5b-4859-8c1e-fe5342bbed2a.__CR00970600_PT0_SX970_V1___.jpg?fit=970%2C600&ssl=1\",\"datePublished\":\"2021-12-30T09:07:04+00:00\",\"dateModified\":\"2021-12-30T09:07:04+00:00\",\"description\":\"Sa svojim elegantnim dizajnom, staklenim policama i zlatnim-crnim okvirom, ova moderna kutna polica \u0107e va\u0161oj sobi dodati luksuzni \u0161tih. Robusne i \u010dvrste police koje se lako odr\u017eavaju izra\u0111ene su od kaljenog stakla debljine 4 mm i mogu dr\u017eati do 5 kg svaka. Podesive noge i za\u0161tita od nagiba pru\u017eaju dodatnu stabilnost. \u0160tedi prostor, ali nudi vi\u0161e ne morate \u017ertvovati puno prostora na podu. Ova 5-slojna polica za knjige (28 x 28 x 158 cm), \u010dija je udaljenost izme\u0111u polica 30 cm, nudi vam dovoljno prostora za pohranu.\",\"breadcrumb\":{\"@id\":\"https:\/\/inti.hr\/sr\/proizvod\/5-slojna-kutna-polica\/#breadcrumb\"},\"inLanguage\":\"sr-RS\",\"potentialAction\":[{\"@type\":\"ReadAction\",\"target\":[\"https:\/\/inti.hr\/sr\/proizvod\/5-slojna-kutna-polica\/\"]}]},{\"@type\":\"ImageObject\",\"inLanguage\":\"sr-RS\",\"@id\":\"https:\/\/inti.hr\/sr\/proizvod\/5-slojna-kutna-polica\/#primaryimage\",\"url\":\"https:\/\/i0.wp.com\/inti.hr\/wp-content\/uploads\/2021\/12\/e0c31ff5-9a5b-4859-8c1e-fe5342bbed2a.__CR00970600_PT0_SX970_V1___.jpg?fit=970%2C600&ssl=1\",\"contentUrl\":\"https:\/\/i0.wp.com\/inti.hr\/wp-content\/uploads\/2021\/12\/e0c31ff5-9a5b-4859-8c1e-fe5342bbed2a.__CR00970600_PT0_SX970_V1___.jpg?fit=970%2C600&ssl=1\",\"width\":970,\"height\":600,\"caption\":\"5-slojna kutna polica\"},{\"@type\":\"BreadcrumbList\",\"@id\":\"https:\/\/inti.hr\/sr\/proizvod\/5-slojna-kutna-polica\/#breadcrumb\",\"itemListElement\":[{\"@type\":\"ListItem\",\"position\":1,\"name\":\"Po\u010detna stranica\",\"item\":\"https:\/\/inti.hr\/sr\/\"},{\"@type\":\"ListItem\",\"position\":2,\"name\":\"Prodavnica\",\"item\":\"https:\/\/inti.hr\/sr\/prodavnica\/\"},{\"@type\":\"ListItem\",\"position\":3,\"name\":\"5-slojna kutna polica\"}]},{\"@type\":\"WebSite\",\"@id\":\"https:\/\/inti.hr\/sr\/#website\",\"url\":\"https:\/\/inti.hr\/sr\/\",\"name\":\"Inti\",\"description\":\"trgovina\",\"potentialAction\":[{\"@type\":\"SearchAction\",\"target\":{\"@type\":\"EntryPoint\",\"urlTemplate\":\"https:\/\/inti.hr\/sr\/?s={search_term_string}\"},\"query-input\":{\"@type\":\"PropertyValueSpecification\",\"valueRequired\":true,\"valueName\":\"search_term_string\"}}],\"inLanguage\":\"sr-RS\"}]}<\/script>\n<!-- \/ Yoast SEO plugin. -->","yoast_head_json":{"title":"5-slojna kutna polica - Inti","description":"Sa svojim elegantnim dizajnom, staklenim policama i zlatnim-crnim okvirom, ova moderna kutna polica \u0107e va\u0161oj sobi dodati luksuzni \u0161tih. Robusne i \u010dvrste police koje se lako odr\u017eavaju izra\u0111ene su od kaljenog stakla debljine 4 mm i mogu dr\u017eati do 5 kg svaka. Podesive noge i za\u0161tita od nagiba pru\u017eaju dodatnu stabilnost. \u0160tedi prostor, ali nudi vi\u0161e ne morate \u017ertvovati puno prostora na podu. Ova 5-slojna polica za knjige (28 x 28 x 158 cm), \u010dija je udaljenost izme\u0111u polica 30 cm, nudi vam dovoljno prostora za pohranu.","robots":{"index":"index","follow":"follow","max-snippet":"max-snippet:-1","max-image-preview":"max-image-preview:large","max-video-preview":"max-video-preview:-1"},"canonical":"https:\/\/inti.hr\/sr\/proizvod\/5-slojna-kutna-polica\/","og_locale":"sr_RS","og_type":"article","og_title":"5-slojna kutna polica - Inti","og_description":"Sa svojim elegantnim dizajnom, staklenim policama i zlatnim-crnim okvirom, ova moderna kutna polica \u0107e va\u0161oj sobi dodati luksuzni \u0161tih. Robusne i \u010dvrste police koje se lako odr\u017eavaju izra\u0111ene su od kaljenog stakla debljine 4 mm i mogu dr\u017eati do 5 kg svaka. Podesive noge i za\u0161tita od nagiba pru\u017eaju dodatnu stabilnost. \u0160tedi prostor, ali nudi vi\u0161e ne morate \u017ertvovati puno prostora na podu. Ova 5-slojna polica za knjige (28 x 28 x 158 cm), \u010dija je udaljenost izme\u0111u polica 30 cm, nudi vam dovoljno prostora za pohranu.","og_url":"https:\/\/inti.hr\/sr\/proizvod\/5-slojna-kutna-polica\/","og_site_name":"Inti","og_image":[{"width":970,"height":600,"url":"https:\/\/i0.wp.com\/inti.hr\/wp-content\/uploads\/2021\/12\/e0c31ff5-9a5b-4859-8c1e-fe5342bbed2a.__CR00970600_PT0_SX970_V1___.jpg?fit=970%2C600&ssl=1","type":"image\/jpeg"}],"twitter_card":"summary_large_image","schema":{"@context":"https:\/\/schema.org","@graph":[{"@type":"WebPage","@id":"https:\/\/inti.hr\/sr\/proizvod\/5-slojna-kutna-polica\/","url":"https:\/\/inti.hr\/sr\/proizvod\/5-slojna-kutna-polica\/","name":"5-slojna kutna polica - Inti","isPartOf":{"@id":"https:\/\/inti.hr\/sr\/#website"},"primaryImageOfPage":{"@id":"https:\/\/inti.hr\/sr\/proizvod\/5-slojna-kutna-polica\/#primaryimage"},"image":{"@id":"https:\/\/inti.hr\/sr\/proizvod\/5-slojna-kutna-polica\/#primaryimage"},"thumbnailUrl":"https:\/\/i0.wp.com\/inti.hr\/wp-content\/uploads\/2021\/12\/e0c31ff5-9a5b-4859-8c1e-fe5342bbed2a.__CR00970600_PT0_SX970_V1___.jpg?fit=970%2C600&ssl=1","datePublished":"2021-12-30T09:07:04+00:00","dateModified":"2021-12-30T09:07:04+00:00","description":"Sa svojim elegantnim dizajnom, staklenim policama i zlatnim-crnim okvirom, ova moderna kutna polica \u0107e va\u0161oj sobi dodati luksuzni \u0161tih. Robusne i \u010dvrste police koje se lako odr\u017eavaju izra\u0111ene su od kaljenog stakla debljine 4 mm i mogu dr\u017eati do 5 kg svaka. Podesive noge i za\u0161tita od nagiba pru\u017eaju dodatnu stabilnost. \u0160tedi prostor, ali nudi vi\u0161e ne morate \u017ertvovati puno prostora na podu. Ova 5-slojna polica za knjige (28 x 28 x 158 cm), \u010dija je udaljenost izme\u0111u polica 30 cm, nudi vam dovoljno prostora za pohranu.","breadcrumb":{"@id":"https:\/\/inti.hr\/sr\/proizvod\/5-slojna-kutna-polica\/#breadcrumb"},"inLanguage":"sr-RS","potentialAction":[{"@type":"ReadAction","target":["https:\/\/inti.hr\/sr\/proizvod\/5-slojna-kutna-polica\/"]}]},{"@type":"ImageObject","inLanguage":"sr-RS","@id":"https:\/\/inti.hr\/sr\/proizvod\/5-slojna-kutna-polica\/#primaryimage","url":"https:\/\/i0.wp.com\/inti.hr\/wp-content\/uploads\/2021\/12\/e0c31ff5-9a5b-4859-8c1e-fe5342bbed2a.__CR00970600_PT0_SX970_V1___.jpg?fit=970%2C600&ssl=1","contentUrl":"https:\/\/i0.wp.com\/inti.hr\/wp-content\/uploads\/2021\/12\/e0c31ff5-9a5b-4859-8c1e-fe5342bbed2a.__CR00970600_PT0_SX970_V1___.jpg?fit=970%2C600&ssl=1","width":970,"height":600,"caption":"5-slojna kutna polica"},{"@type":"BreadcrumbList","@id":"https:\/\/inti.hr\/sr\/proizvod\/5-slojna-kutna-polica\/#breadcrumb","itemListElement":[{"@type":"ListItem","position":1,"name":"Po\u010detna stranica","item":"https:\/\/inti.hr\/sr\/"},{"@type":"ListItem","position":2,"name":"Prodavnica","item":"https:\/\/inti.hr\/sr\/prodavnica\/"},{"@type":"ListItem","position":3,"name":"5-slojna kutna polica"}]},{"@type":"WebSite","@id":"https:\/\/inti.hr\/sr\/#website","url":"https:\/\/inti.hr\/sr\/","name":"Inti","description":"trgovina","potentialAction":[{"@type":"SearchAction","target":{"@type":"EntryPoint","urlTemplate":"https:\/\/inti.hr\/sr\/?s={search_term_string}"},"query-input":{"@type":"PropertyValueSpecification","valueRequired":true,"valueName":"search_term_string"}}],"inLanguage":"sr-RS"}]}},"jetpack_sharing_enabled":true,"jetpack-related-posts":[],"_links":{"self":[{"href":"https:\/\/inti.hr\/sr\/wp-json\/wp\/v2\/product\/37004"}],"collection":[{"href":"https:\/\/inti.hr\/sr\/wp-json\/wp\/v2\/product"}],"about":[{"href":"https:\/\/inti.hr\/sr\/wp-json\/wp\/v2\/types\/product"}],"wp:featuredmedia":[{"embeddable":true,"href":"https:\/\/inti.hr\/sr\/wp-json\/wp\/v2\/media\/37005"}],"wp:attachment":[{"href":"https:\/\/inti.hr\/sr\/wp-json\/wp\/v2\/media?parent=37004"}],"wp:term":[{"taxonomy":"product_cat","embeddable":true,"href":"https:\/\/inti.hr\/sr\/wp-json\/wp\/v2\/product_cat?post=37004"},{"taxonomy":"product_tag","embeddable":true,"href":"https:\/\/inti.hr\/sr\/wp-json\/wp\/v2\/product_tag?post=37004"}],"curies":[{"name":"wp","href":"https:\/\/api.w.org\/{rel}","templated":true}]}}