{"id":37097,"date":"2020-12-08T12:17:54","date_gmt":"2020-12-08T12:17:54","guid":{"rendered":"https:\/\/inti.hr\/product\/visilica-20470\/"},"modified":"2020-12-08T12:17:54","modified_gmt":"2020-12-08T12:17:54","slug":"visilica-20470","status":"publish","type":"product","link":"https:\/\/inti.hr\/sr\/proizvod\/visilica-20470\/","title":{"rendered":"VISILICA 20-470\/20"},"content":{"rendered":"<p><span class=\"tehnicki-podaci-naslov\">TEHNI\u010cKI PODACI<\/span><\/p>\n<ul>\n<li><b>Grlo:<\/b>\u00a0G9<\/li>\n<li><b>Broj izvora:<\/b>\u00a04<\/li>\n<li><b>Max.snaga \u017earulje:<\/b>\u00a07W max.<\/li>\n<li><b>\u017darulje uklju\u010dene:<\/b>\u00a0Ne<\/li>\n<li><b>Promjer \/ \u0161irina (u mm):<\/b>\u00a0550<\/li>\n<li><b>Visina (u mm):<\/b>\u00a0830<\/li>\n<li><b>Napon \/ Frekvencija:<\/b>\u00a0220-240V~50\/60Hz<\/li>\n<li><b>Materijal:<\/b>\u00a0Staklo + metal<\/li>\n<li><b>IP za\u0161tita:<\/b>\u00a0IP20<\/li>\n<\/ul>\n","protected":false},"excerpt":{"rendered":"<p>Ako svome domu \u017eelite dodati da\u0161ak nordijskog modernizna ovaj moderan crni &#8230; <\/p>\n","protected":false},"featured_media":37098,"template":"","meta":[],"product_cat":[2611],"product_tag":[5073,4319],"yoast_head":"<!-- This site is optimized with the Yoast SEO plugin v23.7 - https:\/\/yoast.com\/wordpress\/plugins\/seo\/ -->\n<title>VISILICA 20-470\/20 - Inti<\/title>\n<meta name=\"description\" content=\"Ako svome domu \u017eelite dodati da\u0161ak nordijskog modernizna ovaj moderan crni luster sa dodacima zlatne je idealan izbor. Njegova crna i zlatna obrada pristajat \u0107e svakoj boji namje\u0161taja. Metalna baza u crnoj boji oboga\u010dena je s \u010detiri mlije\u010dne kugle.\" \/>\n<meta name=\"robots\" content=\"index, follow, max-snippet:-1, max-image-preview:large, max-video-preview:-1\" \/>\n<link rel=\"canonical\" href=\"https:\/\/inti.hr\/sr\/proizvod\/visilica-20470\/\" \/>\n<meta property=\"og:locale\" content=\"sr_RS\" \/>\n<meta property=\"og:type\" content=\"article\" \/>\n<meta property=\"og:title\" content=\"VISILICA 20-470\/20 - Inti\" \/>\n<meta property=\"og:description\" content=\"Ako svome domu \u017eelite dodati da\u0161ak nordijskog modernizna ovaj moderan crni luster sa dodacima zlatne je idealan izbor. Njegova crna i zlatna obrada pristajat \u0107e svakoj boji namje\u0161taja. Metalna baza u crnoj boji oboga\u010dena je s \u010detiri mlije\u010dne kugle.\" \/>\n<meta property=\"og:url\" content=\"https:\/\/inti.hr\/sr\/proizvod\/visilica-20470\/\" \/>\n<meta property=\"og:site_name\" content=\"Inti\" \/>\n<meta property=\"og:image\" content=\"https:\/\/inti.hr\/wp-content\/uploads\/2020\/12\/20470.jpg\" \/>\n\t<meta property=\"og:image:width\" content=\"790\" \/>\n\t<meta property=\"og:image:height\" content=\"790\" \/>\n\t<meta property=\"og:image:type\" content=\"image\/jpeg\" \/>\n<meta name=\"twitter:card\" content=\"summary_large_image\" \/>\n<script type=\"application\/ld+json\" class=\"yoast-schema-graph\">{\"@context\":\"https:\/\/schema.org\",\"@graph\":[{\"@type\":\"WebPage\",\"@id\":\"https:\/\/inti.hr\/sr\/proizvod\/visilica-20470\/\",\"url\":\"https:\/\/inti.hr\/sr\/proizvod\/visilica-20470\/\",\"name\":\"VISILICA 20-470\/20 - Inti\",\"isPartOf\":{\"@id\":\"https:\/\/inti.hr\/sr\/#website\"},\"primaryImageOfPage\":{\"@id\":\"https:\/\/inti.hr\/sr\/proizvod\/visilica-20470\/#primaryimage\"},\"image\":{\"@id\":\"https:\/\/inti.hr\/sr\/proizvod\/visilica-20470\/#primaryimage\"},\"thumbnailUrl\":\"https:\/\/i0.wp.com\/inti.hr\/wp-content\/uploads\/2020\/12\/20470.jpg?fit=790%2C790&ssl=1\",\"datePublished\":\"2020-12-08T12:17:54+00:00\",\"dateModified\":\"2020-12-08T12:17:54+00:00\",\"description\":\"Ako svome domu \u017eelite dodati da\u0161ak nordijskog modernizna ovaj moderan crni luster sa dodacima zlatne je idealan izbor. Njegova crna i zlatna obrada pristajat \u0107e svakoj boji namje\u0161taja. Metalna baza u crnoj boji oboga\u010dena je s \u010detiri mlije\u010dne kugle.\",\"breadcrumb\":{\"@id\":\"https:\/\/inti.hr\/sr\/proizvod\/visilica-20470\/#breadcrumb\"},\"inLanguage\":\"sr-RS\",\"potentialAction\":[{\"@type\":\"ReadAction\",\"target\":[\"https:\/\/inti.hr\/sr\/proizvod\/visilica-20470\/\"]}]},{\"@type\":\"ImageObject\",\"inLanguage\":\"sr-RS\",\"@id\":\"https:\/\/inti.hr\/sr\/proizvod\/visilica-20470\/#primaryimage\",\"url\":\"https:\/\/i0.wp.com\/inti.hr\/wp-content\/uploads\/2020\/12\/20470.jpg?fit=790%2C790&ssl=1\",\"contentUrl\":\"https:\/\/i0.wp.com\/inti.hr\/wp-content\/uploads\/2020\/12\/20470.jpg?fit=790%2C790&ssl=1\",\"width\":790,\"height\":790,\"caption\":\"20470 VISE\u0106A SVJETILJKA LUSTER CRNO ZLATNI MODERAN 4xG9\"},{\"@type\":\"BreadcrumbList\",\"@id\":\"https:\/\/inti.hr\/sr\/proizvod\/visilica-20470\/#breadcrumb\",\"itemListElement\":[{\"@type\":\"ListItem\",\"position\":1,\"name\":\"Po\u010detna stranica\",\"item\":\"https:\/\/inti.hr\/sr\/\"},{\"@type\":\"ListItem\",\"position\":2,\"name\":\"Prodavnica\",\"item\":\"https:\/\/inti.hr\/sr\/prodavnica\/\"},{\"@type\":\"ListItem\",\"position\":3,\"name\":\"VISILICA 20-470\/20\"}]},{\"@type\":\"WebSite\",\"@id\":\"https:\/\/inti.hr\/sr\/#website\",\"url\":\"https:\/\/inti.hr\/sr\/\",\"name\":\"Inti\",\"description\":\"trgovina\",\"potentialAction\":[{\"@type\":\"SearchAction\",\"target\":{\"@type\":\"EntryPoint\",\"urlTemplate\":\"https:\/\/inti.hr\/sr\/?s={search_term_string}\"},\"query-input\":{\"@type\":\"PropertyValueSpecification\",\"valueRequired\":true,\"valueName\":\"search_term_string\"}}],\"inLanguage\":\"sr-RS\"}]}<\/script>\n<!-- \/ Yoast SEO plugin. -->","yoast_head_json":{"title":"VISILICA 20-470\/20 - Inti","description":"Ako svome domu \u017eelite dodati da\u0161ak nordijskog modernizna ovaj moderan crni luster sa dodacima zlatne je idealan izbor. Njegova crna i zlatna obrada pristajat \u0107e svakoj boji namje\u0161taja. Metalna baza u crnoj boji oboga\u010dena je s \u010detiri mlije\u010dne kugle.","robots":{"index":"index","follow":"follow","max-snippet":"max-snippet:-1","max-image-preview":"max-image-preview:large","max-video-preview":"max-video-preview:-1"},"canonical":"https:\/\/inti.hr\/sr\/proizvod\/visilica-20470\/","og_locale":"sr_RS","og_type":"article","og_title":"VISILICA 20-470\/20 - Inti","og_description":"Ako svome domu \u017eelite dodati da\u0161ak nordijskog modernizna ovaj moderan crni luster sa dodacima zlatne je idealan izbor. Njegova crna i zlatna obrada pristajat \u0107e svakoj boji namje\u0161taja. Metalna baza u crnoj boji oboga\u010dena je s \u010detiri mlije\u010dne kugle.","og_url":"https:\/\/inti.hr\/sr\/proizvod\/visilica-20470\/","og_site_name":"Inti","og_image":[{"width":790,"height":790,"url":"https:\/\/inti.hr\/wp-content\/uploads\/2020\/12\/20470.jpg","type":"image\/jpeg"}],"twitter_card":"summary_large_image","schema":{"@context":"https:\/\/schema.org","@graph":[{"@type":"WebPage","@id":"https:\/\/inti.hr\/sr\/proizvod\/visilica-20470\/","url":"https:\/\/inti.hr\/sr\/proizvod\/visilica-20470\/","name":"VISILICA 20-470\/20 - Inti","isPartOf":{"@id":"https:\/\/inti.hr\/sr\/#website"},"primaryImageOfPage":{"@id":"https:\/\/inti.hr\/sr\/proizvod\/visilica-20470\/#primaryimage"},"image":{"@id":"https:\/\/inti.hr\/sr\/proizvod\/visilica-20470\/#primaryimage"},"thumbnailUrl":"https:\/\/i0.wp.com\/inti.hr\/wp-content\/uploads\/2020\/12\/20470.jpg?fit=790%2C790&ssl=1","datePublished":"2020-12-08T12:17:54+00:00","dateModified":"2020-12-08T12:17:54+00:00","description":"Ako svome domu \u017eelite dodati da\u0161ak nordijskog modernizna ovaj moderan crni luster sa dodacima zlatne je idealan izbor. Njegova crna i zlatna obrada pristajat \u0107e svakoj boji namje\u0161taja. Metalna baza u crnoj boji oboga\u010dena je s \u010detiri mlije\u010dne kugle.","breadcrumb":{"@id":"https:\/\/inti.hr\/sr\/proizvod\/visilica-20470\/#breadcrumb"},"inLanguage":"sr-RS","potentialAction":[{"@type":"ReadAction","target":["https:\/\/inti.hr\/sr\/proizvod\/visilica-20470\/"]}]},{"@type":"ImageObject","inLanguage":"sr-RS","@id":"https:\/\/inti.hr\/sr\/proizvod\/visilica-20470\/#primaryimage","url":"https:\/\/i0.wp.com\/inti.hr\/wp-content\/uploads\/2020\/12\/20470.jpg?fit=790%2C790&ssl=1","contentUrl":"https:\/\/i0.wp.com\/inti.hr\/wp-content\/uploads\/2020\/12\/20470.jpg?fit=790%2C790&ssl=1","width":790,"height":790,"caption":"20470 VISE\u0106A SVJETILJKA LUSTER CRNO ZLATNI MODERAN 4xG9"},{"@type":"BreadcrumbList","@id":"https:\/\/inti.hr\/sr\/proizvod\/visilica-20470\/#breadcrumb","itemListElement":[{"@type":"ListItem","position":1,"name":"Po\u010detna stranica","item":"https:\/\/inti.hr\/sr\/"},{"@type":"ListItem","position":2,"name":"Prodavnica","item":"https:\/\/inti.hr\/sr\/prodavnica\/"},{"@type":"ListItem","position":3,"name":"VISILICA 20-470\/20"}]},{"@type":"WebSite","@id":"https:\/\/inti.hr\/sr\/#website","url":"https:\/\/inti.hr\/sr\/","name":"Inti","description":"trgovina","potentialAction":[{"@type":"SearchAction","target":{"@type":"EntryPoint","urlTemplate":"https:\/\/inti.hr\/sr\/?s={search_term_string}"},"query-input":{"@type":"PropertyValueSpecification","valueRequired":true,"valueName":"search_term_string"}}],"inLanguage":"sr-RS"}]}},"jetpack_sharing_enabled":true,"jetpack-related-posts":[],"_links":{"self":[{"href":"https:\/\/inti.hr\/sr\/wp-json\/wp\/v2\/product\/37097"}],"collection":[{"href":"https:\/\/inti.hr\/sr\/wp-json\/wp\/v2\/product"}],"about":[{"href":"https:\/\/inti.hr\/sr\/wp-json\/wp\/v2\/types\/product"}],"wp:featuredmedia":[{"embeddable":true,"href":"https:\/\/inti.hr\/sr\/wp-json\/wp\/v2\/media\/37098"}],"wp:attachment":[{"href":"https:\/\/inti.hr\/sr\/wp-json\/wp\/v2\/media?parent=37097"}],"wp:term":[{"taxonomy":"product_cat","embeddable":true,"href":"https:\/\/inti.hr\/sr\/wp-json\/wp\/v2\/product_cat?post=37097"},{"taxonomy":"product_tag","embeddable":true,"href":"https:\/\/inti.hr\/sr\/wp-json\/wp\/v2\/product_tag?post=37097"}],"curies":[{"name":"wp","href":"https:\/\/api.w.org\/{rel}","templated":true}]}}