{"id":37122,"date":"2020-12-08T10:18:30","date_gmt":"2020-12-08T10:18:30","guid":{"rendered":"https:\/\/inti.hr\/product\/visilica-19953\/"},"modified":"2020-12-08T10:18:30","modified_gmt":"2020-12-08T10:18:30","slug":"visilica-19953","status":"publish","type":"product","link":"https:\/\/inti.hr\/sr\/proizvod\/visilica-19953\/","title":{"rendered":"VISILICA 19-953\/20"},"content":{"rendered":"<p><span class=\"tehnicki-podaci-naslov\">TEHNI\u010cKI PODACI<\/span><\/p>\n<ul>\n<li><b>Grlo:<\/b>\u00a0E27<\/li>\n<li><b>Broj izvora:<\/b>\u00a01<\/li>\n<li><b>Max.snaga \u017earulje:<\/b>\u00a060W<\/li>\n<li><b>\u017darulje uklju\u010dene:<\/b>\u00a0Ne<\/li>\n<li><b>Promjer \/ \u0161irina (u mm):<\/b>\u00a0250<\/li>\n<li><b>Visina (u mm):<\/b>\u00a01200<\/li>\n<li><b>Napon \/ Frekvencija:<\/b>\u00a0220-240V~50\/60Hz<\/li>\n<li><b>Materijal:<\/b>\u00a0Staklo + metal<\/li>\n<li><b>IP za\u0161tita:<\/b>\u00a0IP20<\/li>\n<\/ul>\n","protected":false},"excerpt":{"rendered":"<p>Bez dobro oblikovane i funkcionalne rasvjete nema ni lijepog interijera, a &#8230; <\/p>\n","protected":false},"featured_media":37124,"template":"","meta":[],"product_cat":[2611],"product_tag":[3166,4069,2615],"yoast_head":"<!-- This site is optimized with the Yoast SEO plugin v23.7 - https:\/\/yoast.com\/wordpress\/plugins\/seo\/ -->\n<title>VISILICA 19-953\/20 - Inti<\/title>\n<meta name=\"description\" content=\"Bez dobro oblikovane i funkcionalne rasvjete nema ni lijepog interijera, a dekorativna i upe\u010datljiva visilica poput ove uvijek \u0107e prostoru dati stilsku to\u010dku na &quot;i&quot;.Elegantan i bezvremenski dizajn, moderna svjetiljka zlatne baze s pri\u010dvr\u0161\u0107enom mlije\u010dnom kuglom posti\u017ee osje\u0107aj ravnote\u017ee i podi\u017ee dojam svake prostorije.Savr\u0161ena je za prostore dnevnih boravaka, blagovaona, iznad kuhinjskih otoka, ali i za ostale prostorije u va\u0161em domu - ne robujte klasici, za\u0161to ne i iznad na\u0161ih no\u0107nih ormari\u0107a!\" \/>\n<meta name=\"robots\" content=\"index, follow, max-snippet:-1, max-image-preview:large, max-video-preview:-1\" \/>\n<link rel=\"canonical\" href=\"https:\/\/inti.hr\/sr\/proizvod\/visilica-19953\/\" \/>\n<meta property=\"og:locale\" content=\"sr_RS\" \/>\n<meta property=\"og:type\" content=\"article\" \/>\n<meta property=\"og:title\" content=\"VISILICA 19-953\/20 - Inti\" \/>\n<meta property=\"og:description\" content=\"Bez dobro oblikovane i funkcionalne rasvjete nema ni lijepog interijera, a dekorativna i upe\u010datljiva visilica poput ove uvijek \u0107e prostoru dati stilsku to\u010dku na &quot;i&quot;.Elegantan i bezvremenski dizajn, moderna svjetiljka zlatne baze s pri\u010dvr\u0161\u0107enom mlije\u010dnom kuglom posti\u017ee osje\u0107aj ravnote\u017ee i podi\u017ee dojam svake prostorije.Savr\u0161ena je za prostore dnevnih boravaka, blagovaona, iznad kuhinjskih otoka, ali i za ostale prostorije u va\u0161em domu - ne robujte klasici, za\u0161to ne i iznad na\u0161ih no\u0107nih ormari\u0107a!\" \/>\n<meta property=\"og:url\" content=\"https:\/\/inti.hr\/sr\/proizvod\/visilica-19953\/\" \/>\n<meta property=\"og:site_name\" content=\"Inti\" \/>\n<meta property=\"og:image\" content=\"https:\/\/inti.hr\/wp-content\/uploads\/2020\/12\/19953-2-scaled.jpg\" \/>\n\t<meta property=\"og:image:width\" content=\"2532\" \/>\n\t<meta property=\"og:image:height\" content=\"2560\" \/>\n\t<meta property=\"og:image:type\" content=\"image\/jpeg\" \/>\n<meta name=\"twitter:card\" content=\"summary_large_image\" \/>\n<script type=\"application\/ld+json\" class=\"yoast-schema-graph\">{\"@context\":\"https:\/\/schema.org\",\"@graph\":[{\"@type\":\"WebPage\",\"@id\":\"https:\/\/inti.hr\/sr\/proizvod\/visilica-19953\/\",\"url\":\"https:\/\/inti.hr\/sr\/proizvod\/visilica-19953\/\",\"name\":\"VISILICA 19-953\/20 - Inti\",\"isPartOf\":{\"@id\":\"https:\/\/inti.hr\/sr\/#website\"},\"primaryImageOfPage\":{\"@id\":\"https:\/\/inti.hr\/sr\/proizvod\/visilica-19953\/#primaryimage\"},\"image\":{\"@id\":\"https:\/\/inti.hr\/sr\/proizvod\/visilica-19953\/#primaryimage\"},\"thumbnailUrl\":\"https:\/\/i0.wp.com\/inti.hr\/wp-content\/uploads\/2020\/12\/19953-2-scaled.jpg?fit=2532%2C2560&ssl=1\",\"datePublished\":\"2020-12-08T10:18:30+00:00\",\"dateModified\":\"2020-12-08T10:18:30+00:00\",\"description\":\"Bez dobro oblikovane i funkcionalne rasvjete nema ni lijepog interijera, a dekorativna i upe\u010datljiva visilica poput ove uvijek \u0107e prostoru dati stilsku to\u010dku na \\\"i\\\".Elegantan i bezvremenski dizajn, moderna svjetiljka zlatne baze s pri\u010dvr\u0161\u0107enom mlije\u010dnom kuglom posti\u017ee osje\u0107aj ravnote\u017ee i podi\u017ee dojam svake prostorije.Savr\u0161ena je za prostore dnevnih boravaka, blagovaona, iznad kuhinjskih otoka, ali i za ostale prostorije u va\u0161em domu - ne robujte klasici, za\u0161to ne i iznad na\u0161ih no\u0107nih ormari\u0107a!\",\"breadcrumb\":{\"@id\":\"https:\/\/inti.hr\/sr\/proizvod\/visilica-19953\/#breadcrumb\"},\"inLanguage\":\"sr-RS\",\"potentialAction\":[{\"@type\":\"ReadAction\",\"target\":[\"https:\/\/inti.hr\/sr\/proizvod\/visilica-19953\/\"]}]},{\"@type\":\"ImageObject\",\"inLanguage\":\"sr-RS\",\"@id\":\"https:\/\/inti.hr\/sr\/proizvod\/visilica-19953\/#primaryimage\",\"url\":\"https:\/\/i0.wp.com\/inti.hr\/wp-content\/uploads\/2020\/12\/19953-2-scaled.jpg?fit=2532%2C2560&ssl=1\",\"contentUrl\":\"https:\/\/i0.wp.com\/inti.hr\/wp-content\/uploads\/2020\/12\/19953-2-scaled.jpg?fit=2532%2C2560&ssl=1\",\"width\":2532,\"height\":2560},{\"@type\":\"BreadcrumbList\",\"@id\":\"https:\/\/inti.hr\/sr\/proizvod\/visilica-19953\/#breadcrumb\",\"itemListElement\":[{\"@type\":\"ListItem\",\"position\":1,\"name\":\"Po\u010detna stranica\",\"item\":\"https:\/\/inti.hr\/sr\/\"},{\"@type\":\"ListItem\",\"position\":2,\"name\":\"Prodavnica\",\"item\":\"https:\/\/inti.hr\/sr\/prodavnica\/\"},{\"@type\":\"ListItem\",\"position\":3,\"name\":\"VISILICA 19-953\/20\"}]},{\"@type\":\"WebSite\",\"@id\":\"https:\/\/inti.hr\/sr\/#website\",\"url\":\"https:\/\/inti.hr\/sr\/\",\"name\":\"Inti\",\"description\":\"trgovina\",\"potentialAction\":[{\"@type\":\"SearchAction\",\"target\":{\"@type\":\"EntryPoint\",\"urlTemplate\":\"https:\/\/inti.hr\/sr\/?s={search_term_string}\"},\"query-input\":{\"@type\":\"PropertyValueSpecification\",\"valueRequired\":true,\"valueName\":\"search_term_string\"}}],\"inLanguage\":\"sr-RS\"}]}<\/script>\n<!-- \/ Yoast SEO plugin. -->","yoast_head_json":{"title":"VISILICA 19-953\/20 - Inti","description":"Bez dobro oblikovane i funkcionalne rasvjete nema ni lijepog interijera, a dekorativna i upe\u010datljiva visilica poput ove uvijek \u0107e prostoru dati stilsku to\u010dku na \"i\".Elegantan i bezvremenski dizajn, moderna svjetiljka zlatne baze s pri\u010dvr\u0161\u0107enom mlije\u010dnom kuglom posti\u017ee osje\u0107aj ravnote\u017ee i podi\u017ee dojam svake prostorije.Savr\u0161ena je za prostore dnevnih boravaka, blagovaona, iznad kuhinjskih otoka, ali i za ostale prostorije u va\u0161em domu - ne robujte klasici, za\u0161to ne i iznad na\u0161ih no\u0107nih ormari\u0107a!","robots":{"index":"index","follow":"follow","max-snippet":"max-snippet:-1","max-image-preview":"max-image-preview:large","max-video-preview":"max-video-preview:-1"},"canonical":"https:\/\/inti.hr\/sr\/proizvod\/visilica-19953\/","og_locale":"sr_RS","og_type":"article","og_title":"VISILICA 19-953\/20 - Inti","og_description":"Bez dobro oblikovane i funkcionalne rasvjete nema ni lijepog interijera, a dekorativna i upe\u010datljiva visilica poput ove uvijek \u0107e prostoru dati stilsku to\u010dku na \"i\".Elegantan i bezvremenski dizajn, moderna svjetiljka zlatne baze s pri\u010dvr\u0161\u0107enom mlije\u010dnom kuglom posti\u017ee osje\u0107aj ravnote\u017ee i podi\u017ee dojam svake prostorije.Savr\u0161ena je za prostore dnevnih boravaka, blagovaona, iznad kuhinjskih otoka, ali i za ostale prostorije u va\u0161em domu - ne robujte klasici, za\u0161to ne i iznad na\u0161ih no\u0107nih ormari\u0107a!","og_url":"https:\/\/inti.hr\/sr\/proizvod\/visilica-19953\/","og_site_name":"Inti","og_image":[{"width":2532,"height":2560,"url":"https:\/\/inti.hr\/wp-content\/uploads\/2020\/12\/19953-2-scaled.jpg","type":"image\/jpeg"}],"twitter_card":"summary_large_image","schema":{"@context":"https:\/\/schema.org","@graph":[{"@type":"WebPage","@id":"https:\/\/inti.hr\/sr\/proizvod\/visilica-19953\/","url":"https:\/\/inti.hr\/sr\/proizvod\/visilica-19953\/","name":"VISILICA 19-953\/20 - Inti","isPartOf":{"@id":"https:\/\/inti.hr\/sr\/#website"},"primaryImageOfPage":{"@id":"https:\/\/inti.hr\/sr\/proizvod\/visilica-19953\/#primaryimage"},"image":{"@id":"https:\/\/inti.hr\/sr\/proizvod\/visilica-19953\/#primaryimage"},"thumbnailUrl":"https:\/\/i0.wp.com\/inti.hr\/wp-content\/uploads\/2020\/12\/19953-2-scaled.jpg?fit=2532%2C2560&ssl=1","datePublished":"2020-12-08T10:18:30+00:00","dateModified":"2020-12-08T10:18:30+00:00","description":"Bez dobro oblikovane i funkcionalne rasvjete nema ni lijepog interijera, a dekorativna i upe\u010datljiva visilica poput ove uvijek \u0107e prostoru dati stilsku to\u010dku na \"i\".Elegantan i bezvremenski dizajn, moderna svjetiljka zlatne baze s pri\u010dvr\u0161\u0107enom mlije\u010dnom kuglom posti\u017ee osje\u0107aj ravnote\u017ee i podi\u017ee dojam svake prostorije.Savr\u0161ena je za prostore dnevnih boravaka, blagovaona, iznad kuhinjskih otoka, ali i za ostale prostorije u va\u0161em domu - ne robujte klasici, za\u0161to ne i iznad na\u0161ih no\u0107nih ormari\u0107a!","breadcrumb":{"@id":"https:\/\/inti.hr\/sr\/proizvod\/visilica-19953\/#breadcrumb"},"inLanguage":"sr-RS","potentialAction":[{"@type":"ReadAction","target":["https:\/\/inti.hr\/sr\/proizvod\/visilica-19953\/"]}]},{"@type":"ImageObject","inLanguage":"sr-RS","@id":"https:\/\/inti.hr\/sr\/proizvod\/visilica-19953\/#primaryimage","url":"https:\/\/i0.wp.com\/inti.hr\/wp-content\/uploads\/2020\/12\/19953-2-scaled.jpg?fit=2532%2C2560&ssl=1","contentUrl":"https:\/\/i0.wp.com\/inti.hr\/wp-content\/uploads\/2020\/12\/19953-2-scaled.jpg?fit=2532%2C2560&ssl=1","width":2532,"height":2560},{"@type":"BreadcrumbList","@id":"https:\/\/inti.hr\/sr\/proizvod\/visilica-19953\/#breadcrumb","itemListElement":[{"@type":"ListItem","position":1,"name":"Po\u010detna stranica","item":"https:\/\/inti.hr\/sr\/"},{"@type":"ListItem","position":2,"name":"Prodavnica","item":"https:\/\/inti.hr\/sr\/prodavnica\/"},{"@type":"ListItem","position":3,"name":"VISILICA 19-953\/20"}]},{"@type":"WebSite","@id":"https:\/\/inti.hr\/sr\/#website","url":"https:\/\/inti.hr\/sr\/","name":"Inti","description":"trgovina","potentialAction":[{"@type":"SearchAction","target":{"@type":"EntryPoint","urlTemplate":"https:\/\/inti.hr\/sr\/?s={search_term_string}"},"query-input":{"@type":"PropertyValueSpecification","valueRequired":true,"valueName":"search_term_string"}}],"inLanguage":"sr-RS"}]}},"jetpack_sharing_enabled":true,"jetpack-related-posts":[],"_links":{"self":[{"href":"https:\/\/inti.hr\/sr\/wp-json\/wp\/v2\/product\/37122"}],"collection":[{"href":"https:\/\/inti.hr\/sr\/wp-json\/wp\/v2\/product"}],"about":[{"href":"https:\/\/inti.hr\/sr\/wp-json\/wp\/v2\/types\/product"}],"wp:featuredmedia":[{"embeddable":true,"href":"https:\/\/inti.hr\/sr\/wp-json\/wp\/v2\/media\/37124"}],"wp:attachment":[{"href":"https:\/\/inti.hr\/sr\/wp-json\/wp\/v2\/media?parent=37122"}],"wp:term":[{"taxonomy":"product_cat","embeddable":true,"href":"https:\/\/inti.hr\/sr\/wp-json\/wp\/v2\/product_cat?post=37122"},{"taxonomy":"product_tag","embeddable":true,"href":"https:\/\/inti.hr\/sr\/wp-json\/wp\/v2\/product_tag?post=37122"}],"curies":[{"name":"wp","href":"https:\/\/api.w.org\/{rel}","templated":true}]}}