{"id":37144,"date":"2020-12-04T12:48:52","date_gmt":"2020-12-04T12:48:52","guid":{"rendered":"https:\/\/inti.hr\/product\/moderan-minimalistici-set-stol-i-4-stolice-barski-set-stol-i-4-stolice-set-barski\/"},"modified":"2020-12-04T12:48:52","modified_gmt":"2020-12-04T12:48:52","slug":"moderan-minimalistici-set-stol-i-4-stolice-barski-set-stol-i-4-stolice-set-barski","status":"publish","type":"product","link":"https:\/\/inti.hr\/sr\/proizvod\/moderan-minimalistici-set-stol-i-4-stolice-barski-set-stol-i-4-stolice-set-barski\/","title":{"rendered":"Barski set stol i 4 stolice"},"content":{"rendered":"<div class=\"wpb-content-wrapper\"><p>[vc_row][vc_column][vc_column_text]Moderan minimalisti\u010dki set stol i 4 stolice<\/p>\n<p>5 -dijelni set &#8211; Elegantan set koji se sastoji od balkonskog stola s 4 stolice.<br \/>\nMaterijal: Struktura prevu\u010dena \u017eeljezom u prahu. MDF plo\u010de (povr\u0161ina: drveni furnir)<br \/>\nTe\u017eina 29 kg<br \/>\nStol: L100 * P60 * V87 cm, Maksimalno optere\u0107enje: 60 kg<br \/>\nTabure: L32 * P32 * H57 cm, Maksimalno optere\u0107enje: 120 kg<\/p>\n<p>&nbsp;<\/p>\n<p>Ovaj set idealan je za terasu, balkon, ljetni ili zimski vrt.[\/vc_column_text][\/vc_column][\/vc_row]<\/p>\n<\/div>","protected":false},"excerpt":{"rendered":"<p>Ovaj bar set klasi\u010dnog dizajna sastoji se od 4 barske stolice &#8230; <\/p>\n","protected":false},"featured_media":37146,"template":"","meta":[],"product_cat":[2728,2814],"product_tag":[4200,4241],"yoast_head":"<!-- This site is optimized with the Yoast SEO plugin v23.7 - https:\/\/yoast.com\/wordpress\/plugins\/seo\/ -->\n<title>Barski set stol i 4 stolice - Inti<\/title>\n<meta name=\"description\" content=\"Ovaj bar set klasi\u010dnog dizajna sastoji se od 4 barske stolice i velikog stola Prilagodit \u0107e se svakom modernom ku\u0107nom okru\u017eenju Dobro dizajnirani barski stol savr\u0161en je za romanti\u010dnu ve\u010deru ili popodnevni me\u0111uobrok s prijateljima ili obitelji\" \/>\n<meta name=\"robots\" content=\"index, follow, max-snippet:-1, max-image-preview:large, max-video-preview:-1\" \/>\n<link rel=\"canonical\" href=\"https:\/\/inti.hr\/sr\/proizvod\/moderan-minimalistici-set-stol-i-4-stolice-barski-set-stol-i-4-stolice-set-barski\/\" \/>\n<meta property=\"og:locale\" content=\"sr_RS\" \/>\n<meta property=\"og:type\" content=\"article\" \/>\n<meta property=\"og:title\" content=\"Barski set stol i 4 stolice - Inti\" \/>\n<meta property=\"og:description\" content=\"Ovaj bar set klasi\u010dnog dizajna sastoji se od 4 barske stolice i velikog stola Prilagodit \u0107e se svakom modernom ku\u0107nom okru\u017eenju Dobro dizajnirani barski stol savr\u0161en je za romanti\u010dnu ve\u010deru ili popodnevni me\u0111uobrok s prijateljima ili obitelji\" \/>\n<meta property=\"og:url\" content=\"https:\/\/inti.hr\/sr\/proizvod\/moderan-minimalistici-set-stol-i-4-stolice-barski-set-stol-i-4-stolice-set-barski\/\" \/>\n<meta property=\"og:site_name\" content=\"Inti\" \/>\n<meta property=\"og:image\" content=\"https:\/\/inti.hr\/wp-content\/uploads\/2020\/12\/OGT11-N-Y001_2048x2048-1.jpg\" \/>\n\t<meta property=\"og:image:width\" content=\"709\" \/>\n\t<meta property=\"og:image:height\" content=\"709\" \/>\n\t<meta property=\"og:image:type\" content=\"image\/jpeg\" \/>\n<meta name=\"twitter:card\" content=\"summary_large_image\" \/>\n<script type=\"application\/ld+json\" class=\"yoast-schema-graph\">{\"@context\":\"https:\/\/schema.org\",\"@graph\":[{\"@type\":\"WebPage\",\"@id\":\"https:\/\/inti.hr\/sr\/proizvod\/moderan-minimalistici-set-stol-i-4-stolice-barski-set-stol-i-4-stolice-set-barski\/\",\"url\":\"https:\/\/inti.hr\/sr\/proizvod\/moderan-minimalistici-set-stol-i-4-stolice-barski-set-stol-i-4-stolice-set-barski\/\",\"name\":\"Barski set stol i 4 stolice - Inti\",\"isPartOf\":{\"@id\":\"https:\/\/inti.hr\/sr\/#website\"},\"primaryImageOfPage\":{\"@id\":\"https:\/\/inti.hr\/sr\/proizvod\/moderan-minimalistici-set-stol-i-4-stolice-barski-set-stol-i-4-stolice-set-barski\/#primaryimage\"},\"image\":{\"@id\":\"https:\/\/inti.hr\/sr\/proizvod\/moderan-minimalistici-set-stol-i-4-stolice-barski-set-stol-i-4-stolice-set-barski\/#primaryimage\"},\"thumbnailUrl\":\"https:\/\/i0.wp.com\/inti.hr\/wp-content\/uploads\/2020\/12\/OGT11-N-Y001_2048x2048-1.jpg?fit=709%2C709&ssl=1\",\"datePublished\":\"2020-12-04T12:48:52+00:00\",\"dateModified\":\"2020-12-04T12:48:52+00:00\",\"description\":\"Ovaj bar set klasi\u010dnog dizajna sastoji se od 4 barske stolice i velikog stola Prilagodit \u0107e se svakom modernom ku\u0107nom okru\u017eenju Dobro dizajnirani barski stol savr\u0161en je za romanti\u010dnu ve\u010deru ili popodnevni me\u0111uobrok s prijateljima ili obitelji\",\"breadcrumb\":{\"@id\":\"https:\/\/inti.hr\/sr\/proizvod\/moderan-minimalistici-set-stol-i-4-stolice-barski-set-stol-i-4-stolice-set-barski\/#breadcrumb\"},\"inLanguage\":\"sr-RS\",\"potentialAction\":[{\"@type\":\"ReadAction\",\"target\":[\"https:\/\/inti.hr\/sr\/proizvod\/moderan-minimalistici-set-stol-i-4-stolice-barski-set-stol-i-4-stolice-set-barski\/\"]}]},{\"@type\":\"ImageObject\",\"inLanguage\":\"sr-RS\",\"@id\":\"https:\/\/inti.hr\/sr\/proizvod\/moderan-minimalistici-set-stol-i-4-stolice-barski-set-stol-i-4-stolice-set-barski\/#primaryimage\",\"url\":\"https:\/\/i0.wp.com\/inti.hr\/wp-content\/uploads\/2020\/12\/OGT11-N-Y001_2048x2048-1.jpg?fit=709%2C709&ssl=1\",\"contentUrl\":\"https:\/\/i0.wp.com\/inti.hr\/wp-content\/uploads\/2020\/12\/OGT11-N-Y001_2048x2048-1.jpg?fit=709%2C709&ssl=1\",\"width\":709,\"height\":709,\"caption\":\"Barski set stol i 4 stolice\"},{\"@type\":\"BreadcrumbList\",\"@id\":\"https:\/\/inti.hr\/sr\/proizvod\/moderan-minimalistici-set-stol-i-4-stolice-barski-set-stol-i-4-stolice-set-barski\/#breadcrumb\",\"itemListElement\":[{\"@type\":\"ListItem\",\"position\":1,\"name\":\"Po\u010detna stranica\",\"item\":\"https:\/\/inti.hr\/sr\/\"},{\"@type\":\"ListItem\",\"position\":2,\"name\":\"Prodavnica\",\"item\":\"https:\/\/inti.hr\/sr\/prodavnica\/\"},{\"@type\":\"ListItem\",\"position\":3,\"name\":\"Barski set stol i 4 stolice\"}]},{\"@type\":\"WebSite\",\"@id\":\"https:\/\/inti.hr\/sr\/#website\",\"url\":\"https:\/\/inti.hr\/sr\/\",\"name\":\"Inti\",\"description\":\"trgovina\",\"potentialAction\":[{\"@type\":\"SearchAction\",\"target\":{\"@type\":\"EntryPoint\",\"urlTemplate\":\"https:\/\/inti.hr\/sr\/?s={search_term_string}\"},\"query-input\":{\"@type\":\"PropertyValueSpecification\",\"valueRequired\":true,\"valueName\":\"search_term_string\"}}],\"inLanguage\":\"sr-RS\"}]}<\/script>\n<!-- \/ Yoast SEO plugin. -->","yoast_head_json":{"title":"Barski set stol i 4 stolice - Inti","description":"Ovaj bar set klasi\u010dnog dizajna sastoji se od 4 barske stolice i velikog stola Prilagodit \u0107e se svakom modernom ku\u0107nom okru\u017eenju Dobro dizajnirani barski stol savr\u0161en je za romanti\u010dnu ve\u010deru ili popodnevni me\u0111uobrok s prijateljima ili obitelji","robots":{"index":"index","follow":"follow","max-snippet":"max-snippet:-1","max-image-preview":"max-image-preview:large","max-video-preview":"max-video-preview:-1"},"canonical":"https:\/\/inti.hr\/sr\/proizvod\/moderan-minimalistici-set-stol-i-4-stolice-barski-set-stol-i-4-stolice-set-barski\/","og_locale":"sr_RS","og_type":"article","og_title":"Barski set stol i 4 stolice - Inti","og_description":"Ovaj bar set klasi\u010dnog dizajna sastoji se od 4 barske stolice i velikog stola Prilagodit \u0107e se svakom modernom ku\u0107nom okru\u017eenju Dobro dizajnirani barski stol savr\u0161en je za romanti\u010dnu ve\u010deru ili popodnevni me\u0111uobrok s prijateljima ili obitelji","og_url":"https:\/\/inti.hr\/sr\/proizvod\/moderan-minimalistici-set-stol-i-4-stolice-barski-set-stol-i-4-stolice-set-barski\/","og_site_name":"Inti","og_image":[{"width":709,"height":709,"url":"https:\/\/inti.hr\/wp-content\/uploads\/2020\/12\/OGT11-N-Y001_2048x2048-1.jpg","type":"image\/jpeg"}],"twitter_card":"summary_large_image","schema":{"@context":"https:\/\/schema.org","@graph":[{"@type":"WebPage","@id":"https:\/\/inti.hr\/sr\/proizvod\/moderan-minimalistici-set-stol-i-4-stolice-barski-set-stol-i-4-stolice-set-barski\/","url":"https:\/\/inti.hr\/sr\/proizvod\/moderan-minimalistici-set-stol-i-4-stolice-barski-set-stol-i-4-stolice-set-barski\/","name":"Barski set stol i 4 stolice - Inti","isPartOf":{"@id":"https:\/\/inti.hr\/sr\/#website"},"primaryImageOfPage":{"@id":"https:\/\/inti.hr\/sr\/proizvod\/moderan-minimalistici-set-stol-i-4-stolice-barski-set-stol-i-4-stolice-set-barski\/#primaryimage"},"image":{"@id":"https:\/\/inti.hr\/sr\/proizvod\/moderan-minimalistici-set-stol-i-4-stolice-barski-set-stol-i-4-stolice-set-barski\/#primaryimage"},"thumbnailUrl":"https:\/\/i0.wp.com\/inti.hr\/wp-content\/uploads\/2020\/12\/OGT11-N-Y001_2048x2048-1.jpg?fit=709%2C709&ssl=1","datePublished":"2020-12-04T12:48:52+00:00","dateModified":"2020-12-04T12:48:52+00:00","description":"Ovaj bar set klasi\u010dnog dizajna sastoji se od 4 barske stolice i velikog stola Prilagodit \u0107e se svakom modernom ku\u0107nom okru\u017eenju Dobro dizajnirani barski stol savr\u0161en je za romanti\u010dnu ve\u010deru ili popodnevni me\u0111uobrok s prijateljima ili obitelji","breadcrumb":{"@id":"https:\/\/inti.hr\/sr\/proizvod\/moderan-minimalistici-set-stol-i-4-stolice-barski-set-stol-i-4-stolice-set-barski\/#breadcrumb"},"inLanguage":"sr-RS","potentialAction":[{"@type":"ReadAction","target":["https:\/\/inti.hr\/sr\/proizvod\/moderan-minimalistici-set-stol-i-4-stolice-barski-set-stol-i-4-stolice-set-barski\/"]}]},{"@type":"ImageObject","inLanguage":"sr-RS","@id":"https:\/\/inti.hr\/sr\/proizvod\/moderan-minimalistici-set-stol-i-4-stolice-barski-set-stol-i-4-stolice-set-barski\/#primaryimage","url":"https:\/\/i0.wp.com\/inti.hr\/wp-content\/uploads\/2020\/12\/OGT11-N-Y001_2048x2048-1.jpg?fit=709%2C709&ssl=1","contentUrl":"https:\/\/i0.wp.com\/inti.hr\/wp-content\/uploads\/2020\/12\/OGT11-N-Y001_2048x2048-1.jpg?fit=709%2C709&ssl=1","width":709,"height":709,"caption":"Barski set stol i 4 stolice"},{"@type":"BreadcrumbList","@id":"https:\/\/inti.hr\/sr\/proizvod\/moderan-minimalistici-set-stol-i-4-stolice-barski-set-stol-i-4-stolice-set-barski\/#breadcrumb","itemListElement":[{"@type":"ListItem","position":1,"name":"Po\u010detna stranica","item":"https:\/\/inti.hr\/sr\/"},{"@type":"ListItem","position":2,"name":"Prodavnica","item":"https:\/\/inti.hr\/sr\/prodavnica\/"},{"@type":"ListItem","position":3,"name":"Barski set stol i 4 stolice"}]},{"@type":"WebSite","@id":"https:\/\/inti.hr\/sr\/#website","url":"https:\/\/inti.hr\/sr\/","name":"Inti","description":"trgovina","potentialAction":[{"@type":"SearchAction","target":{"@type":"EntryPoint","urlTemplate":"https:\/\/inti.hr\/sr\/?s={search_term_string}"},"query-input":{"@type":"PropertyValueSpecification","valueRequired":true,"valueName":"search_term_string"}}],"inLanguage":"sr-RS"}]}},"jetpack_sharing_enabled":true,"jetpack-related-posts":[],"_links":{"self":[{"href":"https:\/\/inti.hr\/sr\/wp-json\/wp\/v2\/product\/37144"}],"collection":[{"href":"https:\/\/inti.hr\/sr\/wp-json\/wp\/v2\/product"}],"about":[{"href":"https:\/\/inti.hr\/sr\/wp-json\/wp\/v2\/types\/product"}],"wp:featuredmedia":[{"embeddable":true,"href":"https:\/\/inti.hr\/sr\/wp-json\/wp\/v2\/media\/37146"}],"wp:attachment":[{"href":"https:\/\/inti.hr\/sr\/wp-json\/wp\/v2\/media?parent=37144"}],"wp:term":[{"taxonomy":"product_cat","embeddable":true,"href":"https:\/\/inti.hr\/sr\/wp-json\/wp\/v2\/product_cat?post=37144"},{"taxonomy":"product_tag","embeddable":true,"href":"https:\/\/inti.hr\/sr\/wp-json\/wp\/v2\/product_tag?post=37144"}],"curies":[{"name":"wp","href":"https:\/\/api.w.org\/{rel}","templated":true}]}}