{"id":37173,"date":"2024-07-18T08:30:17","date_gmt":"2024-07-18T07:30:17","guid":{"rendered":"https:\/\/inti.hr\/product\/barske-stolice-sa-zakrivljenim-naslonom\/"},"modified":"2024-07-18T08:30:17","modified_gmt":"2024-07-18T07:30:17","slug":"barske-stolice-sa-zakrivljenim-naslonom","status":"publish","type":"product","link":"https:\/\/inti.hr\/sr\/proizvod\/barske-stolice-sa-zakrivljenim-naslonom\/","title":{"rendered":"Barske stolice sa zakrivljenim naslonom"},"content":{"rendered":"<ul>\n<li><b>Tehni\u010dki podaci:<\/b><\/li>\n<li>Boja: crna tinta<\/li>\n<li>Dimenzije pakiranja: 84,5 x 45,5 x 27,5 cm; 11,4 kilograma, 89 x 44,5 x 27,5 cm; 12 kilograma<\/li>\n<li>Te\u017eina predmeta: 11,4 kilograma, 12 kilograma.<\/li>\n<\/ul>\n","protected":false},"excerpt":{"rendered":"<p>Iskusite sveobuhvatnu potporu zahvaljuju\u0107i naslonu za le\u0111a s dvostrukim zakrivljenjima koji &#8230; <\/p>\n","protected":false},"featured_media":37174,"template":"","meta":[],"product_cat":[2573,2539,2814],"product_tag":[2629,5093,2574],"yoast_head":"<!-- This site is optimized with the Yoast SEO plugin v23.7 - https:\/\/yoast.com\/wordpress\/plugins\/seo\/ -->\n<title>Barske stolice sa zakrivljenim naslonom - Inti<\/title>\n<meta name=\"description\" content=\"Iskusite sveobuhvatnu potporu zahvaljuju\u0107i naslonu za le\u0111a s dvostrukim zakrivljenjima koji hvataju donji dio le\u0111a iz bilo kojeg kuta. Ovaj set od 2 barske stolice ergonomski je dizajniran za optimalnu udobnost. S naslonima od PE ratana s boho elementima, ove barske stolice dodaju topao i prirodan dodir raznim ukrasima. Savr\u0161eni su za wabi-sabi-sabi stil, suvremeni ili moderni stil srednjeg stolje\u0107a. Opremljeni podesivim zglobnim stopalima, ovi kuhinjski stolci mogu ostati uravnote\u017eeni na razli\u010ditim vrstama podova, od tvrdih podova do mekih tepiha, \u010dak i na blago neravnim povr\u0161inama. Ove stolice za stolove veli\u010dine 19&quot; x 18&quot; x 36&quot; imaju podstavljeni jastuk debljine 8 cm i promjera 42,1 cm od visokokvalitetnog PU materijala. Nude meko i udobno sjedalo. Naslon od pletenog ratana ima ventilaciju i pru\u017ea osvje\u017eavaju\u0107e iskustvo sjedenja \u010dak iu najtoplijim godi\u0161njim dobima.\" \/>\n<meta name=\"robots\" content=\"index, follow, max-snippet:-1, max-image-preview:large, max-video-preview:-1\" \/>\n<link rel=\"canonical\" href=\"https:\/\/inti.hr\/sr\/proizvod\/barske-stolice-sa-zakrivljenim-naslonom\/\" \/>\n<meta property=\"og:locale\" content=\"sr_RS\" \/>\n<meta property=\"og:type\" content=\"article\" \/>\n<meta property=\"og:title\" content=\"Barske stolice sa zakrivljenim naslonom - Inti\" \/>\n<meta property=\"og:description\" content=\"Iskusite sveobuhvatnu potporu zahvaljuju\u0107i naslonu za le\u0111a s dvostrukim zakrivljenjima koji hvataju donji dio le\u0111a iz bilo kojeg kuta. Ovaj set od 2 barske stolice ergonomski je dizajniran za optimalnu udobnost. S naslonima od PE ratana s boho elementima, ove barske stolice dodaju topao i prirodan dodir raznim ukrasima. Savr\u0161eni su za wabi-sabi-sabi stil, suvremeni ili moderni stil srednjeg stolje\u0107a. Opremljeni podesivim zglobnim stopalima, ovi kuhinjski stolci mogu ostati uravnote\u017eeni na razli\u010ditim vrstama podova, od tvrdih podova do mekih tepiha, \u010dak i na blago neravnim povr\u0161inama. Ove stolice za stolove veli\u010dine 19&quot; x 18&quot; x 36&quot; imaju podstavljeni jastuk debljine 8 cm i promjera 42,1 cm od visokokvalitetnog PU materijala. Nude meko i udobno sjedalo. Naslon od pletenog ratana ima ventilaciju i pru\u017ea osvje\u017eavaju\u0107e iskustvo sjedenja \u010dak iu najtoplijim godi\u0161njim dobima.\" \/>\n<meta property=\"og:url\" content=\"https:\/\/inti.hr\/sr\/proizvod\/barske-stolice-sa-zakrivljenim-naslonom\/\" \/>\n<meta property=\"og:site_name\" content=\"Inti\" \/>\n<meta property=\"og:image\" content=\"https:\/\/i0.wp.com\/inti.hr\/wp-content\/uploads\/2024\/07\/LBC097B01-2.jpg?fit=800%2C1000&ssl=1\" \/>\n\t<meta property=\"og:image:width\" content=\"800\" \/>\n\t<meta property=\"og:image:height\" content=\"1000\" \/>\n\t<meta property=\"og:image:type\" content=\"image\/jpeg\" \/>\n<meta name=\"twitter:card\" content=\"summary_large_image\" \/>\n<script type=\"application\/ld+json\" class=\"yoast-schema-graph\">{\"@context\":\"https:\/\/schema.org\",\"@graph\":[{\"@type\":\"WebPage\",\"@id\":\"https:\/\/inti.hr\/sr\/proizvod\/barske-stolice-sa-zakrivljenim-naslonom\/\",\"url\":\"https:\/\/inti.hr\/sr\/proizvod\/barske-stolice-sa-zakrivljenim-naslonom\/\",\"name\":\"Barske stolice sa zakrivljenim naslonom - Inti\",\"isPartOf\":{\"@id\":\"https:\/\/inti.hr\/sr\/#website\"},\"primaryImageOfPage\":{\"@id\":\"https:\/\/inti.hr\/sr\/proizvod\/barske-stolice-sa-zakrivljenim-naslonom\/#primaryimage\"},\"image\":{\"@id\":\"https:\/\/inti.hr\/sr\/proizvod\/barske-stolice-sa-zakrivljenim-naslonom\/#primaryimage\"},\"thumbnailUrl\":\"https:\/\/i0.wp.com\/inti.hr\/wp-content\/uploads\/2024\/07\/LBC097B01-2.jpg?fit=800%2C1000&ssl=1\",\"datePublished\":\"2024-07-18T07:30:17+00:00\",\"dateModified\":\"2024-07-18T07:30:17+00:00\",\"description\":\"Iskusite sveobuhvatnu potporu zahvaljuju\u0107i naslonu za le\u0111a s dvostrukim zakrivljenjima koji hvataju donji dio le\u0111a iz bilo kojeg kuta. Ovaj set od 2 barske stolice ergonomski je dizajniran za optimalnu udobnost. S naslonima od PE ratana s boho elementima, ove barske stolice dodaju topao i prirodan dodir raznim ukrasima. Savr\u0161eni su za wabi-sabi-sabi stil, suvremeni ili moderni stil srednjeg stolje\u0107a. Opremljeni podesivim zglobnim stopalima, ovi kuhinjski stolci mogu ostati uravnote\u017eeni na razli\u010ditim vrstama podova, od tvrdih podova do mekih tepiha, \u010dak i na blago neravnim povr\u0161inama. Ove stolice za stolove veli\u010dine 19\\\" x 18\\\" x 36\\\" imaju podstavljeni jastuk debljine 8 cm i promjera 42,1 cm od visokokvalitetnog PU materijala. Nude meko i udobno sjedalo. Naslon od pletenog ratana ima ventilaciju i pru\u017ea osvje\u017eavaju\u0107e iskustvo sjedenja \u010dak iu najtoplijim godi\u0161njim dobima.\",\"breadcrumb\":{\"@id\":\"https:\/\/inti.hr\/sr\/proizvod\/barske-stolice-sa-zakrivljenim-naslonom\/#breadcrumb\"},\"inLanguage\":\"sr-RS\",\"potentialAction\":[{\"@type\":\"ReadAction\",\"target\":[\"https:\/\/inti.hr\/sr\/proizvod\/barske-stolice-sa-zakrivljenim-naslonom\/\"]}]},{\"@type\":\"ImageObject\",\"inLanguage\":\"sr-RS\",\"@id\":\"https:\/\/inti.hr\/sr\/proizvod\/barske-stolice-sa-zakrivljenim-naslonom\/#primaryimage\",\"url\":\"https:\/\/i0.wp.com\/inti.hr\/wp-content\/uploads\/2024\/07\/LBC097B01-2.jpg?fit=800%2C1000&ssl=1\",\"contentUrl\":\"https:\/\/i0.wp.com\/inti.hr\/wp-content\/uploads\/2024\/07\/LBC097B01-2.jpg?fit=800%2C1000&ssl=1\",\"width\":800,\"height\":1000,\"caption\":\"barske stolice, barske stolice visoki pult kuhinjski stolac sa zakrivljenim naslonom\"},{\"@type\":\"BreadcrumbList\",\"@id\":\"https:\/\/inti.hr\/sr\/proizvod\/barske-stolice-sa-zakrivljenim-naslonom\/#breadcrumb\",\"itemListElement\":[{\"@type\":\"ListItem\",\"position\":1,\"name\":\"Po\u010detna stranica\",\"item\":\"https:\/\/inti.hr\/sr\/\"},{\"@type\":\"ListItem\",\"position\":2,\"name\":\"Prodavnica\",\"item\":\"https:\/\/inti.hr\/sr\/prodavnica\/\"},{\"@type\":\"ListItem\",\"position\":3,\"name\":\"Barske stolice sa zakrivljenim naslonom\"}]},{\"@type\":\"WebSite\",\"@id\":\"https:\/\/inti.hr\/sr\/#website\",\"url\":\"https:\/\/inti.hr\/sr\/\",\"name\":\"Inti\",\"description\":\"trgovina\",\"potentialAction\":[{\"@type\":\"SearchAction\",\"target\":{\"@type\":\"EntryPoint\",\"urlTemplate\":\"https:\/\/inti.hr\/sr\/?s={search_term_string}\"},\"query-input\":{\"@type\":\"PropertyValueSpecification\",\"valueRequired\":true,\"valueName\":\"search_term_string\"}}],\"inLanguage\":\"sr-RS\"}]}<\/script>\n<!-- \/ Yoast SEO plugin. -->","yoast_head_json":{"title":"Barske stolice sa zakrivljenim naslonom - Inti","description":"Iskusite sveobuhvatnu potporu zahvaljuju\u0107i naslonu za le\u0111a s dvostrukim zakrivljenjima koji hvataju donji dio le\u0111a iz bilo kojeg kuta. Ovaj set od 2 barske stolice ergonomski je dizajniran za optimalnu udobnost. S naslonima od PE ratana s boho elementima, ove barske stolice dodaju topao i prirodan dodir raznim ukrasima. Savr\u0161eni su za wabi-sabi-sabi stil, suvremeni ili moderni stil srednjeg stolje\u0107a. Opremljeni podesivim zglobnim stopalima, ovi kuhinjski stolci mogu ostati uravnote\u017eeni na razli\u010ditim vrstama podova, od tvrdih podova do mekih tepiha, \u010dak i na blago neravnim povr\u0161inama. Ove stolice za stolove veli\u010dine 19\" x 18\" x 36\" imaju podstavljeni jastuk debljine 8 cm i promjera 42,1 cm od visokokvalitetnog PU materijala. Nude meko i udobno sjedalo. Naslon od pletenog ratana ima ventilaciju i pru\u017ea osvje\u017eavaju\u0107e iskustvo sjedenja \u010dak iu najtoplijim godi\u0161njim dobima.","robots":{"index":"index","follow":"follow","max-snippet":"max-snippet:-1","max-image-preview":"max-image-preview:large","max-video-preview":"max-video-preview:-1"},"canonical":"https:\/\/inti.hr\/sr\/proizvod\/barske-stolice-sa-zakrivljenim-naslonom\/","og_locale":"sr_RS","og_type":"article","og_title":"Barske stolice sa zakrivljenim naslonom - Inti","og_description":"Iskusite sveobuhvatnu potporu zahvaljuju\u0107i naslonu za le\u0111a s dvostrukim zakrivljenjima koji hvataju donji dio le\u0111a iz bilo kojeg kuta. Ovaj set od 2 barske stolice ergonomski je dizajniran za optimalnu udobnost. S naslonima od PE ratana s boho elementima, ove barske stolice dodaju topao i prirodan dodir raznim ukrasima. Savr\u0161eni su za wabi-sabi-sabi stil, suvremeni ili moderni stil srednjeg stolje\u0107a. Opremljeni podesivim zglobnim stopalima, ovi kuhinjski stolci mogu ostati uravnote\u017eeni na razli\u010ditim vrstama podova, od tvrdih podova do mekih tepiha, \u010dak i na blago neravnim povr\u0161inama. Ove stolice za stolove veli\u010dine 19\" x 18\" x 36\" imaju podstavljeni jastuk debljine 8 cm i promjera 42,1 cm od visokokvalitetnog PU materijala. Nude meko i udobno sjedalo. Naslon od pletenog ratana ima ventilaciju i pru\u017ea osvje\u017eavaju\u0107e iskustvo sjedenja \u010dak iu najtoplijim godi\u0161njim dobima.","og_url":"https:\/\/inti.hr\/sr\/proizvod\/barske-stolice-sa-zakrivljenim-naslonom\/","og_site_name":"Inti","og_image":[{"width":800,"height":1000,"url":"https:\/\/i0.wp.com\/inti.hr\/wp-content\/uploads\/2024\/07\/LBC097B01-2.jpg?fit=800%2C1000&ssl=1","type":"image\/jpeg"}],"twitter_card":"summary_large_image","schema":{"@context":"https:\/\/schema.org","@graph":[{"@type":"WebPage","@id":"https:\/\/inti.hr\/sr\/proizvod\/barske-stolice-sa-zakrivljenim-naslonom\/","url":"https:\/\/inti.hr\/sr\/proizvod\/barske-stolice-sa-zakrivljenim-naslonom\/","name":"Barske stolice sa zakrivljenim naslonom - Inti","isPartOf":{"@id":"https:\/\/inti.hr\/sr\/#website"},"primaryImageOfPage":{"@id":"https:\/\/inti.hr\/sr\/proizvod\/barske-stolice-sa-zakrivljenim-naslonom\/#primaryimage"},"image":{"@id":"https:\/\/inti.hr\/sr\/proizvod\/barske-stolice-sa-zakrivljenim-naslonom\/#primaryimage"},"thumbnailUrl":"https:\/\/i0.wp.com\/inti.hr\/wp-content\/uploads\/2024\/07\/LBC097B01-2.jpg?fit=800%2C1000&ssl=1","datePublished":"2024-07-18T07:30:17+00:00","dateModified":"2024-07-18T07:30:17+00:00","description":"Iskusite sveobuhvatnu potporu zahvaljuju\u0107i naslonu za le\u0111a s dvostrukim zakrivljenjima koji hvataju donji dio le\u0111a iz bilo kojeg kuta. Ovaj set od 2 barske stolice ergonomski je dizajniran za optimalnu udobnost. S naslonima od PE ratana s boho elementima, ove barske stolice dodaju topao i prirodan dodir raznim ukrasima. Savr\u0161eni su za wabi-sabi-sabi stil, suvremeni ili moderni stil srednjeg stolje\u0107a. Opremljeni podesivim zglobnim stopalima, ovi kuhinjski stolci mogu ostati uravnote\u017eeni na razli\u010ditim vrstama podova, od tvrdih podova do mekih tepiha, \u010dak i na blago neravnim povr\u0161inama. Ove stolice za stolove veli\u010dine 19\" x 18\" x 36\" imaju podstavljeni jastuk debljine 8 cm i promjera 42,1 cm od visokokvalitetnog PU materijala. Nude meko i udobno sjedalo. Naslon od pletenog ratana ima ventilaciju i pru\u017ea osvje\u017eavaju\u0107e iskustvo sjedenja \u010dak iu najtoplijim godi\u0161njim dobima.","breadcrumb":{"@id":"https:\/\/inti.hr\/sr\/proizvod\/barske-stolice-sa-zakrivljenim-naslonom\/#breadcrumb"},"inLanguage":"sr-RS","potentialAction":[{"@type":"ReadAction","target":["https:\/\/inti.hr\/sr\/proizvod\/barske-stolice-sa-zakrivljenim-naslonom\/"]}]},{"@type":"ImageObject","inLanguage":"sr-RS","@id":"https:\/\/inti.hr\/sr\/proizvod\/barske-stolice-sa-zakrivljenim-naslonom\/#primaryimage","url":"https:\/\/i0.wp.com\/inti.hr\/wp-content\/uploads\/2024\/07\/LBC097B01-2.jpg?fit=800%2C1000&ssl=1","contentUrl":"https:\/\/i0.wp.com\/inti.hr\/wp-content\/uploads\/2024\/07\/LBC097B01-2.jpg?fit=800%2C1000&ssl=1","width":800,"height":1000,"caption":"barske stolice, barske stolice visoki pult kuhinjski stolac sa zakrivljenim naslonom"},{"@type":"BreadcrumbList","@id":"https:\/\/inti.hr\/sr\/proizvod\/barske-stolice-sa-zakrivljenim-naslonom\/#breadcrumb","itemListElement":[{"@type":"ListItem","position":1,"name":"Po\u010detna stranica","item":"https:\/\/inti.hr\/sr\/"},{"@type":"ListItem","position":2,"name":"Prodavnica","item":"https:\/\/inti.hr\/sr\/prodavnica\/"},{"@type":"ListItem","position":3,"name":"Barske stolice sa zakrivljenim naslonom"}]},{"@type":"WebSite","@id":"https:\/\/inti.hr\/sr\/#website","url":"https:\/\/inti.hr\/sr\/","name":"Inti","description":"trgovina","potentialAction":[{"@type":"SearchAction","target":{"@type":"EntryPoint","urlTemplate":"https:\/\/inti.hr\/sr\/?s={search_term_string}"},"query-input":{"@type":"PropertyValueSpecification","valueRequired":true,"valueName":"search_term_string"}}],"inLanguage":"sr-RS"}]}},"jetpack_sharing_enabled":true,"jetpack-related-posts":[],"_links":{"self":[{"href":"https:\/\/inti.hr\/sr\/wp-json\/wp\/v2\/product\/37173"}],"collection":[{"href":"https:\/\/inti.hr\/sr\/wp-json\/wp\/v2\/product"}],"about":[{"href":"https:\/\/inti.hr\/sr\/wp-json\/wp\/v2\/types\/product"}],"wp:featuredmedia":[{"embeddable":true,"href":"https:\/\/inti.hr\/sr\/wp-json\/wp\/v2\/media\/37174"}],"wp:attachment":[{"href":"https:\/\/inti.hr\/sr\/wp-json\/wp\/v2\/media?parent=37173"}],"wp:term":[{"taxonomy":"product_cat","embeddable":true,"href":"https:\/\/inti.hr\/sr\/wp-json\/wp\/v2\/product_cat?post=37173"},{"taxonomy":"product_tag","embeddable":true,"href":"https:\/\/inti.hr\/sr\/wp-json\/wp\/v2\/product_tag?post=37173"}],"curies":[{"name":"wp","href":"https:\/\/api.w.org\/{rel}","templated":true}]}}