{"id":37185,"date":"2024-07-12T08:24:55","date_gmt":"2024-07-12T07:24:55","guid":{"rendered":"https:\/\/inti.hr\/product\/elektricni-radni-stol-podesiv-po-visini-60-x-120-x-72-120-cm\/"},"modified":"2024-07-12T08:24:55","modified_gmt":"2024-07-12T07:24:55","slug":"elektricni-radni-stol-podesiv-po-visini-60-x-120-x-72-120-cm","status":"publish","type":"product","link":"https:\/\/inti.hr\/sr\/proizvod\/elektricni-radni-stol-podesiv-po-visini-60-x-120-x-72-120-cm\/","title":{"rendered":"Elektri\u010dni radni stol podesiv po visini 60 x 120 x (72-120) cm"},"content":{"rendered":"<p>Detalji proizvoda:<\/p>\n<p>Boja: oblak bijela, crna<br \/>\nMaterijal: iverica, \u010delik, Oxford tkanina<br \/>\nVeli\u010dina: 60 x 120 x (72-120) cm (D x \u0160 x V)<br \/>\nTe\u017eina: 21,8 kg<br \/>\nMaksimalna stati\u010dka nosivost: 70 kg<\/p>\n","protected":false},"excerpt":{"rendered":"<p>Izra\u0111en od \u010dvrstog \u010deli\u010dnog okvira i iverice, stol mo\u017ee izdr\u017eati do &#8230; <\/p>\n","protected":false},"featured_media":37186,"template":"","meta":[],"product_cat":[2440],"product_tag":[5097,2656],"yoast_head":"<!-- This site is optimized with the Yoast SEO plugin v23.7 - https:\/\/yoast.com\/wordpress\/plugins\/seo\/ -->\n<title>Elektri\u010dni radni stol podesiv po visini 60 x 120 x (72-120) cm - Inti<\/title>\n<meta name=\"description\" content=\"Izra\u0111en od \u010dvrstog \u010deli\u010dnog okvira i iverice, stol mo\u017ee izdr\u017eati do 70 kg, pru\u017eaju\u0107i vam stabilan i pouzdan radni prostor \u010dak i kada je stol pode\u0161en na maksimalnu visinu. Stol se mo\u017ee podesiti izme\u0111u 72 i 120 cm i sprema 4 visine kao brze postavke. Mehanizam za pode\u0161avanje visine zaustavlja se i lagano pomi\u010de unatrag kada postoji prepreka i nudi dodatnu sigurnost. Zahvaljuju\u0107i ozna\u010denim dijelovima i jasnim uputama, sastavljanje ovog podesivog stola je povjetarac! Manje vremena za postavljanje zna\u010di vi\u0161e produktivnog vremena na va\u0161em novom radnom mjestu. Izvrstan motor ovog stoje\u0107eg stola osigurava glatko pode\u0161avanje visine uz razinu buke manju od 50 dB, \u010dime se osigurava tiho radno okru\u017eenje. Oxford platneni organizator za pohranjivanje va\u0161ih knjiga i pribora, kuka za vje\u0161anje slu\u0161alica ili torbi i 2 rupe za dr\u017eanje kabela - sve to odr\u017eava va\u0161u plo\u010du stola urednom.\" \/>\n<meta name=\"robots\" content=\"index, follow, max-snippet:-1, max-image-preview:large, max-video-preview:-1\" \/>\n<link rel=\"canonical\" href=\"https:\/\/inti.hr\/sr\/proizvod\/elektricni-radni-stol-podesiv-po-visini-60-x-120-x-72-120-cm\/\" \/>\n<meta property=\"og:locale\" content=\"sr_RS\" \/>\n<meta property=\"og:type\" content=\"article\" \/>\n<meta property=\"og:title\" content=\"Elektri\u010dni radni stol podesiv po visini 60 x 120 x (72-120) cm - Inti\" \/>\n<meta property=\"og:description\" content=\"Izra\u0111en od \u010dvrstog \u010deli\u010dnog okvira i iverice, stol mo\u017ee izdr\u017eati do 70 kg, pru\u017eaju\u0107i vam stabilan i pouzdan radni prostor \u010dak i kada je stol pode\u0161en na maksimalnu visinu. Stol se mo\u017ee podesiti izme\u0111u 72 i 120 cm i sprema 4 visine kao brze postavke. Mehanizam za pode\u0161avanje visine zaustavlja se i lagano pomi\u010de unatrag kada postoji prepreka i nudi dodatnu sigurnost. Zahvaljuju\u0107i ozna\u010denim dijelovima i jasnim uputama, sastavljanje ovog podesivog stola je povjetarac! Manje vremena za postavljanje zna\u010di vi\u0161e produktivnog vremena na va\u0161em novom radnom mjestu. Izvrstan motor ovog stoje\u0107eg stola osigurava glatko pode\u0161avanje visine uz razinu buke manju od 50 dB, \u010dime se osigurava tiho radno okru\u017eenje. Oxford platneni organizator za pohranjivanje va\u0161ih knjiga i pribora, kuka za vje\u0161anje slu\u0161alica ili torbi i 2 rupe za dr\u017eanje kabela - sve to odr\u017eava va\u0161u plo\u010du stola urednom.\" \/>\n<meta property=\"og:url\" content=\"https:\/\/inti.hr\/sr\/proizvod\/elektricni-radni-stol-podesiv-po-visini-60-x-120-x-72-120-cm\/\" \/>\n<meta property=\"og:site_name\" content=\"Inti\" \/>\n<meta property=\"og:image\" content=\"https:\/\/i0.wp.com\/inti.hr\/wp-content\/uploads\/2024\/07\/LSD132W01-2.jpg?fit=800%2C1000&ssl=1\" \/>\n\t<meta property=\"og:image:width\" content=\"800\" \/>\n\t<meta property=\"og:image:height\" content=\"1000\" \/>\n\t<meta property=\"og:image:type\" content=\"image\/jpeg\" \/>\n<meta name=\"twitter:card\" content=\"summary_large_image\" \/>\n<script type=\"application\/ld+json\" class=\"yoast-schema-graph\">{\"@context\":\"https:\/\/schema.org\",\"@graph\":[{\"@type\":\"WebPage\",\"@id\":\"https:\/\/inti.hr\/sr\/proizvod\/elektricni-radni-stol-podesiv-po-visini-60-x-120-x-72-120-cm\/\",\"url\":\"https:\/\/inti.hr\/sr\/proizvod\/elektricni-radni-stol-podesiv-po-visini-60-x-120-x-72-120-cm\/\",\"name\":\"Elektri\u010dni radni stol podesiv po visini 60 x 120 x (72-120) cm - Inti\",\"isPartOf\":{\"@id\":\"https:\/\/inti.hr\/sr\/#website\"},\"primaryImageOfPage\":{\"@id\":\"https:\/\/inti.hr\/sr\/proizvod\/elektricni-radni-stol-podesiv-po-visini-60-x-120-x-72-120-cm\/#primaryimage\"},\"image\":{\"@id\":\"https:\/\/inti.hr\/sr\/proizvod\/elektricni-radni-stol-podesiv-po-visini-60-x-120-x-72-120-cm\/#primaryimage\"},\"thumbnailUrl\":\"https:\/\/i0.wp.com\/inti.hr\/wp-content\/uploads\/2024\/07\/LSD132W01-2.jpg?fit=800%2C1000&ssl=1\",\"datePublished\":\"2024-07-12T07:24:55+00:00\",\"dateModified\":\"2024-07-12T07:24:55+00:00\",\"description\":\"Izra\u0111en od \u010dvrstog \u010deli\u010dnog okvira i iverice, stol mo\u017ee izdr\u017eati do 70 kg, pru\u017eaju\u0107i vam stabilan i pouzdan radni prostor \u010dak i kada je stol pode\u0161en na maksimalnu visinu. Stol se mo\u017ee podesiti izme\u0111u 72 i 120 cm i sprema 4 visine kao brze postavke. Mehanizam za pode\u0161avanje visine zaustavlja se i lagano pomi\u010de unatrag kada postoji prepreka i nudi dodatnu sigurnost. Zahvaljuju\u0107i ozna\u010denim dijelovima i jasnim uputama, sastavljanje ovog podesivog stola je povjetarac! Manje vremena za postavljanje zna\u010di vi\u0161e produktivnog vremena na va\u0161em novom radnom mjestu. Izvrstan motor ovog stoje\u0107eg stola osigurava glatko pode\u0161avanje visine uz razinu buke manju od 50 dB, \u010dime se osigurava tiho radno okru\u017eenje. Oxford platneni organizator za pohranjivanje va\u0161ih knjiga i pribora, kuka za vje\u0161anje slu\u0161alica ili torbi i 2 rupe za dr\u017eanje kabela - sve to odr\u017eava va\u0161u plo\u010du stola urednom.\",\"breadcrumb\":{\"@id\":\"https:\/\/inti.hr\/sr\/proizvod\/elektricni-radni-stol-podesiv-po-visini-60-x-120-x-72-120-cm\/#breadcrumb\"},\"inLanguage\":\"sr-RS\",\"potentialAction\":[{\"@type\":\"ReadAction\",\"target\":[\"https:\/\/inti.hr\/sr\/proizvod\/elektricni-radni-stol-podesiv-po-visini-60-x-120-x-72-120-cm\/\"]}]},{\"@type\":\"ImageObject\",\"inLanguage\":\"sr-RS\",\"@id\":\"https:\/\/inti.hr\/sr\/proizvod\/elektricni-radni-stol-podesiv-po-visini-60-x-120-x-72-120-cm\/#primaryimage\",\"url\":\"https:\/\/i0.wp.com\/inti.hr\/wp-content\/uploads\/2024\/07\/LSD132W01-2.jpg?fit=800%2C1000&ssl=1\",\"contentUrl\":\"https:\/\/i0.wp.com\/inti.hr\/wp-content\/uploads\/2024\/07\/LSD132W01-2.jpg?fit=800%2C1000&ssl=1\",\"width\":800,\"height\":1000,\"caption\":\"Elektri\u010dni radni stol podesiv po visini 60 x 120 x (72-120) cm\"},{\"@type\":\"BreadcrumbList\",\"@id\":\"https:\/\/inti.hr\/sr\/proizvod\/elektricni-radni-stol-podesiv-po-visini-60-x-120-x-72-120-cm\/#breadcrumb\",\"itemListElement\":[{\"@type\":\"ListItem\",\"position\":1,\"name\":\"Po\u010detna stranica\",\"item\":\"https:\/\/inti.hr\/sr\/\"},{\"@type\":\"ListItem\",\"position\":2,\"name\":\"Prodavnica\",\"item\":\"https:\/\/inti.hr\/sr\/prodavnica\/\"},{\"@type\":\"ListItem\",\"position\":3,\"name\":\"Elektri\u010dni radni stol podesiv po visini 60 x 120 x (72-120) cm\"}]},{\"@type\":\"WebSite\",\"@id\":\"https:\/\/inti.hr\/sr\/#website\",\"url\":\"https:\/\/inti.hr\/sr\/\",\"name\":\"Inti\",\"description\":\"trgovina\",\"potentialAction\":[{\"@type\":\"SearchAction\",\"target\":{\"@type\":\"EntryPoint\",\"urlTemplate\":\"https:\/\/inti.hr\/sr\/?s={search_term_string}\"},\"query-input\":{\"@type\":\"PropertyValueSpecification\",\"valueRequired\":true,\"valueName\":\"search_term_string\"}}],\"inLanguage\":\"sr-RS\"}]}<\/script>\n<!-- \/ Yoast SEO plugin. -->","yoast_head_json":{"title":"Elektri\u010dni radni stol podesiv po visini 60 x 120 x (72-120) cm - Inti","description":"Izra\u0111en od \u010dvrstog \u010deli\u010dnog okvira i iverice, stol mo\u017ee izdr\u017eati do 70 kg, pru\u017eaju\u0107i vam stabilan i pouzdan radni prostor \u010dak i kada je stol pode\u0161en na maksimalnu visinu. Stol se mo\u017ee podesiti izme\u0111u 72 i 120 cm i sprema 4 visine kao brze postavke. Mehanizam za pode\u0161avanje visine zaustavlja se i lagano pomi\u010de unatrag kada postoji prepreka i nudi dodatnu sigurnost. Zahvaljuju\u0107i ozna\u010denim dijelovima i jasnim uputama, sastavljanje ovog podesivog stola je povjetarac! Manje vremena za postavljanje zna\u010di vi\u0161e produktivnog vremena na va\u0161em novom radnom mjestu. Izvrstan motor ovog stoje\u0107eg stola osigurava glatko pode\u0161avanje visine uz razinu buke manju od 50 dB, \u010dime se osigurava tiho radno okru\u017eenje. Oxford platneni organizator za pohranjivanje va\u0161ih knjiga i pribora, kuka za vje\u0161anje slu\u0161alica ili torbi i 2 rupe za dr\u017eanje kabela - sve to odr\u017eava va\u0161u plo\u010du stola urednom.","robots":{"index":"index","follow":"follow","max-snippet":"max-snippet:-1","max-image-preview":"max-image-preview:large","max-video-preview":"max-video-preview:-1"},"canonical":"https:\/\/inti.hr\/sr\/proizvod\/elektricni-radni-stol-podesiv-po-visini-60-x-120-x-72-120-cm\/","og_locale":"sr_RS","og_type":"article","og_title":"Elektri\u010dni radni stol podesiv po visini 60 x 120 x (72-120) cm - Inti","og_description":"Izra\u0111en od \u010dvrstog \u010deli\u010dnog okvira i iverice, stol mo\u017ee izdr\u017eati do 70 kg, pru\u017eaju\u0107i vam stabilan i pouzdan radni prostor \u010dak i kada je stol pode\u0161en na maksimalnu visinu. Stol se mo\u017ee podesiti izme\u0111u 72 i 120 cm i sprema 4 visine kao brze postavke. Mehanizam za pode\u0161avanje visine zaustavlja se i lagano pomi\u010de unatrag kada postoji prepreka i nudi dodatnu sigurnost. Zahvaljuju\u0107i ozna\u010denim dijelovima i jasnim uputama, sastavljanje ovog podesivog stola je povjetarac! Manje vremena za postavljanje zna\u010di vi\u0161e produktivnog vremena na va\u0161em novom radnom mjestu. Izvrstan motor ovog stoje\u0107eg stola osigurava glatko pode\u0161avanje visine uz razinu buke manju od 50 dB, \u010dime se osigurava tiho radno okru\u017eenje. Oxford platneni organizator za pohranjivanje va\u0161ih knjiga i pribora, kuka za vje\u0161anje slu\u0161alica ili torbi i 2 rupe za dr\u017eanje kabela - sve to odr\u017eava va\u0161u plo\u010du stola urednom.","og_url":"https:\/\/inti.hr\/sr\/proizvod\/elektricni-radni-stol-podesiv-po-visini-60-x-120-x-72-120-cm\/","og_site_name":"Inti","og_image":[{"width":800,"height":1000,"url":"https:\/\/i0.wp.com\/inti.hr\/wp-content\/uploads\/2024\/07\/LSD132W01-2.jpg?fit=800%2C1000&ssl=1","type":"image\/jpeg"}],"twitter_card":"summary_large_image","schema":{"@context":"https:\/\/schema.org","@graph":[{"@type":"WebPage","@id":"https:\/\/inti.hr\/sr\/proizvod\/elektricni-radni-stol-podesiv-po-visini-60-x-120-x-72-120-cm\/","url":"https:\/\/inti.hr\/sr\/proizvod\/elektricni-radni-stol-podesiv-po-visini-60-x-120-x-72-120-cm\/","name":"Elektri\u010dni radni stol podesiv po visini 60 x 120 x (72-120) cm - Inti","isPartOf":{"@id":"https:\/\/inti.hr\/sr\/#website"},"primaryImageOfPage":{"@id":"https:\/\/inti.hr\/sr\/proizvod\/elektricni-radni-stol-podesiv-po-visini-60-x-120-x-72-120-cm\/#primaryimage"},"image":{"@id":"https:\/\/inti.hr\/sr\/proizvod\/elektricni-radni-stol-podesiv-po-visini-60-x-120-x-72-120-cm\/#primaryimage"},"thumbnailUrl":"https:\/\/i0.wp.com\/inti.hr\/wp-content\/uploads\/2024\/07\/LSD132W01-2.jpg?fit=800%2C1000&ssl=1","datePublished":"2024-07-12T07:24:55+00:00","dateModified":"2024-07-12T07:24:55+00:00","description":"Izra\u0111en od \u010dvrstog \u010deli\u010dnog okvira i iverice, stol mo\u017ee izdr\u017eati do 70 kg, pru\u017eaju\u0107i vam stabilan i pouzdan radni prostor \u010dak i kada je stol pode\u0161en na maksimalnu visinu. Stol se mo\u017ee podesiti izme\u0111u 72 i 120 cm i sprema 4 visine kao brze postavke. Mehanizam za pode\u0161avanje visine zaustavlja se i lagano pomi\u010de unatrag kada postoji prepreka i nudi dodatnu sigurnost. Zahvaljuju\u0107i ozna\u010denim dijelovima i jasnim uputama, sastavljanje ovog podesivog stola je povjetarac! Manje vremena za postavljanje zna\u010di vi\u0161e produktivnog vremena na va\u0161em novom radnom mjestu. Izvrstan motor ovog stoje\u0107eg stola osigurava glatko pode\u0161avanje visine uz razinu buke manju od 50 dB, \u010dime se osigurava tiho radno okru\u017eenje. Oxford platneni organizator za pohranjivanje va\u0161ih knjiga i pribora, kuka za vje\u0161anje slu\u0161alica ili torbi i 2 rupe za dr\u017eanje kabela - sve to odr\u017eava va\u0161u plo\u010du stola urednom.","breadcrumb":{"@id":"https:\/\/inti.hr\/sr\/proizvod\/elektricni-radni-stol-podesiv-po-visini-60-x-120-x-72-120-cm\/#breadcrumb"},"inLanguage":"sr-RS","potentialAction":[{"@type":"ReadAction","target":["https:\/\/inti.hr\/sr\/proizvod\/elektricni-radni-stol-podesiv-po-visini-60-x-120-x-72-120-cm\/"]}]},{"@type":"ImageObject","inLanguage":"sr-RS","@id":"https:\/\/inti.hr\/sr\/proizvod\/elektricni-radni-stol-podesiv-po-visini-60-x-120-x-72-120-cm\/#primaryimage","url":"https:\/\/i0.wp.com\/inti.hr\/wp-content\/uploads\/2024\/07\/LSD132W01-2.jpg?fit=800%2C1000&ssl=1","contentUrl":"https:\/\/i0.wp.com\/inti.hr\/wp-content\/uploads\/2024\/07\/LSD132W01-2.jpg?fit=800%2C1000&ssl=1","width":800,"height":1000,"caption":"Elektri\u010dni radni stol podesiv po visini 60 x 120 x (72-120) cm"},{"@type":"BreadcrumbList","@id":"https:\/\/inti.hr\/sr\/proizvod\/elektricni-radni-stol-podesiv-po-visini-60-x-120-x-72-120-cm\/#breadcrumb","itemListElement":[{"@type":"ListItem","position":1,"name":"Po\u010detna stranica","item":"https:\/\/inti.hr\/sr\/"},{"@type":"ListItem","position":2,"name":"Prodavnica","item":"https:\/\/inti.hr\/sr\/prodavnica\/"},{"@type":"ListItem","position":3,"name":"Elektri\u010dni radni stol podesiv po visini 60 x 120 x (72-120) cm"}]},{"@type":"WebSite","@id":"https:\/\/inti.hr\/sr\/#website","url":"https:\/\/inti.hr\/sr\/","name":"Inti","description":"trgovina","potentialAction":[{"@type":"SearchAction","target":{"@type":"EntryPoint","urlTemplate":"https:\/\/inti.hr\/sr\/?s={search_term_string}"},"query-input":{"@type":"PropertyValueSpecification","valueRequired":true,"valueName":"search_term_string"}}],"inLanguage":"sr-RS"}]}},"jetpack_sharing_enabled":true,"jetpack-related-posts":[],"_links":{"self":[{"href":"https:\/\/inti.hr\/sr\/wp-json\/wp\/v2\/product\/37185"}],"collection":[{"href":"https:\/\/inti.hr\/sr\/wp-json\/wp\/v2\/product"}],"about":[{"href":"https:\/\/inti.hr\/sr\/wp-json\/wp\/v2\/types\/product"}],"wp:featuredmedia":[{"embeddable":true,"href":"https:\/\/inti.hr\/sr\/wp-json\/wp\/v2\/media\/37186"}],"wp:attachment":[{"href":"https:\/\/inti.hr\/sr\/wp-json\/wp\/v2\/media?parent=37185"}],"wp:term":[{"taxonomy":"product_cat","embeddable":true,"href":"https:\/\/inti.hr\/sr\/wp-json\/wp\/v2\/product_cat?post=37185"},{"taxonomy":"product_tag","embeddable":true,"href":"https:\/\/inti.hr\/sr\/wp-json\/wp\/v2\/product_tag?post=37185"}],"curies":[{"name":"wp","href":"https:\/\/api.w.org\/{rel}","templated":true}]}}