{"id":37296,"date":"2024-03-19T10:06:30","date_gmt":"2024-03-19T09:06:30","guid":{"rendered":"https:\/\/inti.hr\/product\/viseca-stolica-s-2-jastuka-i-metalnim-lancem\/"},"modified":"2024-03-19T10:06:30","modified_gmt":"2024-03-19T09:06:30","slug":"viseca-stolica-s-2-jastuka-i-metalnim-lancem","status":"publish","type":"product","link":"https:\/\/inti.hr\/sr\/proizvod\/viseca-stolica-s-2-jastuka-i-metalnim-lancem\/","title":{"rendered":"Vise\u0107a stolica s 2 jastuka i metalnim lancem"},"content":{"rendered":"<p>Detalji proizvoda:<\/p>\n<p>Materijal: mje\u0161avina poliestera i pamuka, poliestersko punjenje, \u010deli\u010dna \u0161ipka<br \/>\nVisina vise\u0107e stolice: 140 cm<br \/>\nVeli\u010dina sjedala od tkanine: 150 x 128 cm (D x \u0160)<br \/>\nVeli\u010dina svakog jastuka: 40 x 40 cm (D x \u0160)<br \/>\nTe\u017eina: 3,4 kg<br \/>\nMaksimalna stati\u010dka nosivost: 150 kg<\/p>\n","protected":false},"excerpt":{"rendered":"<p>Poduprta sna\u017enom, stabilnom i rastavljenom \u010deli\u010dnom \u0161ipkom promjera 5 cm, ova &#8230; <\/p>\n","protected":false},"featured_media":37297,"template":"","meta":[],"product_cat":[2461],"product_tag":[5120,5121],"yoast_head":"<!-- This site is optimized with the Yoast SEO plugin v23.7 - https:\/\/yoast.com\/wordpress\/plugins\/seo\/ -->\n<title>Vise\u0107a stolica s 2 jastuka i metalnim lancem - Inti<\/title>\n<meta name=\"description\" content=\"Poduprta sna\u017enom, stabilnom i rastavljenom \u010deli\u010dnom \u0161ipkom promjera 5 cm, ova stolica za ljuljanje mo\u017ee izdr\u017eati do 150 kg - tako da mo\u017eete sjediti i ljuljati se potpuno opu\u0161teno! Ljulja\u010dka ima 2 velika d\u017eepa u koje mo\u017eete pohraniti sve \u0161to vam je potrebno za sate opu\u0161tanja, poput boce vode za uta\u017eivanje \u017ee\u0111i ili knjige i telefone kada zadrijemate. Bilo na terasi, balkonu, dnevnom boravku ili spava\u0107oj sobi, vise\u0107a stolica dodaje da\u0161ak privla\u010dnosti i \u0161arma svakoj prostoriji. Stolica za vje\u0161anje dolazi s metalnim lancem i karabinerom. Jednostavno odaberite mjesto i prilo\u017eeni dodaci za monta\u017eu olak\u0161avaju pri\u010dvr\u0161\u0107ivanje. Ova vise\u0107a stolica s 2 mekana jastuka izra\u0111ena je od prozra\u010dne mje\u0161avine poliestera i pamuka, pru\u017eaju\u0107i visoku udobnost. Osim toga, ova ljulja\u010dka u boho stilu pobolj\u0161at \u0107e ugo\u0111aj svake prostorije u koju se smjesti.\u00a0\" \/>\n<meta name=\"robots\" content=\"index, follow, max-snippet:-1, max-image-preview:large, max-video-preview:-1\" \/>\n<link rel=\"canonical\" href=\"https:\/\/inti.hr\/sr\/proizvod\/viseca-stolica-s-2-jastuka-i-metalnim-lancem\/\" \/>\n<meta property=\"og:locale\" content=\"sr_RS\" \/>\n<meta property=\"og:type\" content=\"article\" \/>\n<meta property=\"og:title\" content=\"Vise\u0107a stolica s 2 jastuka i metalnim lancem - Inti\" \/>\n<meta property=\"og:description\" content=\"Poduprta sna\u017enom, stabilnom i rastavljenom \u010deli\u010dnom \u0161ipkom promjera 5 cm, ova stolica za ljuljanje mo\u017ee izdr\u017eati do 150 kg - tako da mo\u017eete sjediti i ljuljati se potpuno opu\u0161teno! Ljulja\u010dka ima 2 velika d\u017eepa u koje mo\u017eete pohraniti sve \u0161to vam je potrebno za sate opu\u0161tanja, poput boce vode za uta\u017eivanje \u017ee\u0111i ili knjige i telefone kada zadrijemate. Bilo na terasi, balkonu, dnevnom boravku ili spava\u0107oj sobi, vise\u0107a stolica dodaje da\u0161ak privla\u010dnosti i \u0161arma svakoj prostoriji. Stolica za vje\u0161anje dolazi s metalnim lancem i karabinerom. Jednostavno odaberite mjesto i prilo\u017eeni dodaci za monta\u017eu olak\u0161avaju pri\u010dvr\u0161\u0107ivanje. Ova vise\u0107a stolica s 2 mekana jastuka izra\u0111ena je od prozra\u010dne mje\u0161avine poliestera i pamuka, pru\u017eaju\u0107i visoku udobnost. Osim toga, ova ljulja\u010dka u boho stilu pobolj\u0161at \u0107e ugo\u0111aj svake prostorije u koju se smjesti.\u00a0\" \/>\n<meta property=\"og:url\" content=\"https:\/\/inti.hr\/sr\/proizvod\/viseca-stolica-s-2-jastuka-i-metalnim-lancem\/\" \/>\n<meta property=\"og:site_name\" content=\"Inti\" \/>\n<meta property=\"og:image\" content=\"https:\/\/i0.wp.com\/inti.hr\/wp-content\/uploads\/2024\/03\/GDC197M01-2-e1710839089137.jpg?fit=800%2C868&ssl=1\" \/>\n\t<meta property=\"og:image:width\" content=\"800\" \/>\n\t<meta property=\"og:image:height\" content=\"868\" \/>\n\t<meta property=\"og:image:type\" content=\"image\/jpeg\" \/>\n<meta name=\"twitter:card\" content=\"summary_large_image\" \/>\n<script type=\"application\/ld+json\" class=\"yoast-schema-graph\">{\"@context\":\"https:\/\/schema.org\",\"@graph\":[{\"@type\":\"WebPage\",\"@id\":\"https:\/\/inti.hr\/sr\/proizvod\/viseca-stolica-s-2-jastuka-i-metalnim-lancem\/\",\"url\":\"https:\/\/inti.hr\/sr\/proizvod\/viseca-stolica-s-2-jastuka-i-metalnim-lancem\/\",\"name\":\"Vise\u0107a stolica s 2 jastuka i metalnim lancem - Inti\",\"isPartOf\":{\"@id\":\"https:\/\/inti.hr\/sr\/#website\"},\"primaryImageOfPage\":{\"@id\":\"https:\/\/inti.hr\/sr\/proizvod\/viseca-stolica-s-2-jastuka-i-metalnim-lancem\/#primaryimage\"},\"image\":{\"@id\":\"https:\/\/inti.hr\/sr\/proizvod\/viseca-stolica-s-2-jastuka-i-metalnim-lancem\/#primaryimage\"},\"thumbnailUrl\":\"https:\/\/i0.wp.com\/inti.hr\/wp-content\/uploads\/2024\/03\/GDC197M01-2-e1710839089137.jpg?fit=800%2C868&ssl=1\",\"datePublished\":\"2024-03-19T09:06:30+00:00\",\"dateModified\":\"2024-03-19T09:06:30+00:00\",\"description\":\"Poduprta sna\u017enom, stabilnom i rastavljenom \u010deli\u010dnom \u0161ipkom promjera 5 cm, ova stolica za ljuljanje mo\u017ee izdr\u017eati do 150 kg - tako da mo\u017eete sjediti i ljuljati se potpuno opu\u0161teno! Ljulja\u010dka ima 2 velika d\u017eepa u koje mo\u017eete pohraniti sve \u0161to vam je potrebno za sate opu\u0161tanja, poput boce vode za uta\u017eivanje \u017ee\u0111i ili knjige i telefone kada zadrijemate. Bilo na terasi, balkonu, dnevnom boravku ili spava\u0107oj sobi, vise\u0107a stolica dodaje da\u0161ak privla\u010dnosti i \u0161arma svakoj prostoriji. Stolica za vje\u0161anje dolazi s metalnim lancem i karabinerom. Jednostavno odaberite mjesto i prilo\u017eeni dodaci za monta\u017eu olak\u0161avaju pri\u010dvr\u0161\u0107ivanje. Ova vise\u0107a stolica s 2 mekana jastuka izra\u0111ena je od prozra\u010dne mje\u0161avine poliestera i pamuka, pru\u017eaju\u0107i visoku udobnost. Osim toga, ova ljulja\u010dka u boho stilu pobolj\u0161at \u0107e ugo\u0111aj svake prostorije u koju se smjesti.\u00a0\",\"breadcrumb\":{\"@id\":\"https:\/\/inti.hr\/sr\/proizvod\/viseca-stolica-s-2-jastuka-i-metalnim-lancem\/#breadcrumb\"},\"inLanguage\":\"sr-RS\",\"potentialAction\":[{\"@type\":\"ReadAction\",\"target\":[\"https:\/\/inti.hr\/sr\/proizvod\/viseca-stolica-s-2-jastuka-i-metalnim-lancem\/\"]}]},{\"@type\":\"ImageObject\",\"inLanguage\":\"sr-RS\",\"@id\":\"https:\/\/inti.hr\/sr\/proizvod\/viseca-stolica-s-2-jastuka-i-metalnim-lancem\/#primaryimage\",\"url\":\"https:\/\/i0.wp.com\/inti.hr\/wp-content\/uploads\/2024\/03\/GDC197M01-2-e1710839089137.jpg?fit=800%2C868&ssl=1\",\"contentUrl\":\"https:\/\/i0.wp.com\/inti.hr\/wp-content\/uploads\/2024\/03\/GDC197M01-2-e1710839089137.jpg?fit=800%2C868&ssl=1\",\"width\":800,\"height\":868,\"caption\":\"Vise\u0107a stolica s 2 jastuka i metalnim lancem\"},{\"@type\":\"BreadcrumbList\",\"@id\":\"https:\/\/inti.hr\/sr\/proizvod\/viseca-stolica-s-2-jastuka-i-metalnim-lancem\/#breadcrumb\",\"itemListElement\":[{\"@type\":\"ListItem\",\"position\":1,\"name\":\"Po\u010detna stranica\",\"item\":\"https:\/\/inti.hr\/sr\/\"},{\"@type\":\"ListItem\",\"position\":2,\"name\":\"Prodavnica\",\"item\":\"https:\/\/inti.hr\/sr\/prodavnica\/\"},{\"@type\":\"ListItem\",\"position\":3,\"name\":\"Vise\u0107a stolica s 2 jastuka i metalnim lancem\"}]},{\"@type\":\"WebSite\",\"@id\":\"https:\/\/inti.hr\/sr\/#website\",\"url\":\"https:\/\/inti.hr\/sr\/\",\"name\":\"Inti\",\"description\":\"trgovina\",\"potentialAction\":[{\"@type\":\"SearchAction\",\"target\":{\"@type\":\"EntryPoint\",\"urlTemplate\":\"https:\/\/inti.hr\/sr\/?s={search_term_string}\"},\"query-input\":{\"@type\":\"PropertyValueSpecification\",\"valueRequired\":true,\"valueName\":\"search_term_string\"}}],\"inLanguage\":\"sr-RS\"}]}<\/script>\n<!-- \/ Yoast SEO plugin. -->","yoast_head_json":{"title":"Vise\u0107a stolica s 2 jastuka i metalnim lancem - Inti","description":"Poduprta sna\u017enom, stabilnom i rastavljenom \u010deli\u010dnom \u0161ipkom promjera 5 cm, ova stolica za ljuljanje mo\u017ee izdr\u017eati do 150 kg - tako da mo\u017eete sjediti i ljuljati se potpuno opu\u0161teno! Ljulja\u010dka ima 2 velika d\u017eepa u koje mo\u017eete pohraniti sve \u0161to vam je potrebno za sate opu\u0161tanja, poput boce vode za uta\u017eivanje \u017ee\u0111i ili knjige i telefone kada zadrijemate. Bilo na terasi, balkonu, dnevnom boravku ili spava\u0107oj sobi, vise\u0107a stolica dodaje da\u0161ak privla\u010dnosti i \u0161arma svakoj prostoriji. Stolica za vje\u0161anje dolazi s metalnim lancem i karabinerom. Jednostavno odaberite mjesto i prilo\u017eeni dodaci za monta\u017eu olak\u0161avaju pri\u010dvr\u0161\u0107ivanje. Ova vise\u0107a stolica s 2 mekana jastuka izra\u0111ena je od prozra\u010dne mje\u0161avine poliestera i pamuka, pru\u017eaju\u0107i visoku udobnost. Osim toga, ova ljulja\u010dka u boho stilu pobolj\u0161at \u0107e ugo\u0111aj svake prostorije u koju se smjesti.\u00a0","robots":{"index":"index","follow":"follow","max-snippet":"max-snippet:-1","max-image-preview":"max-image-preview:large","max-video-preview":"max-video-preview:-1"},"canonical":"https:\/\/inti.hr\/sr\/proizvod\/viseca-stolica-s-2-jastuka-i-metalnim-lancem\/","og_locale":"sr_RS","og_type":"article","og_title":"Vise\u0107a stolica s 2 jastuka i metalnim lancem - Inti","og_description":"Poduprta sna\u017enom, stabilnom i rastavljenom \u010deli\u010dnom \u0161ipkom promjera 5 cm, ova stolica za ljuljanje mo\u017ee izdr\u017eati do 150 kg - tako da mo\u017eete sjediti i ljuljati se potpuno opu\u0161teno! Ljulja\u010dka ima 2 velika d\u017eepa u koje mo\u017eete pohraniti sve \u0161to vam je potrebno za sate opu\u0161tanja, poput boce vode za uta\u017eivanje \u017ee\u0111i ili knjige i telefone kada zadrijemate. Bilo na terasi, balkonu, dnevnom boravku ili spava\u0107oj sobi, vise\u0107a stolica dodaje da\u0161ak privla\u010dnosti i \u0161arma svakoj prostoriji. Stolica za vje\u0161anje dolazi s metalnim lancem i karabinerom. Jednostavno odaberite mjesto i prilo\u017eeni dodaci za monta\u017eu olak\u0161avaju pri\u010dvr\u0161\u0107ivanje. Ova vise\u0107a stolica s 2 mekana jastuka izra\u0111ena je od prozra\u010dne mje\u0161avine poliestera i pamuka, pru\u017eaju\u0107i visoku udobnost. Osim toga, ova ljulja\u010dka u boho stilu pobolj\u0161at \u0107e ugo\u0111aj svake prostorije u koju se smjesti.\u00a0","og_url":"https:\/\/inti.hr\/sr\/proizvod\/viseca-stolica-s-2-jastuka-i-metalnim-lancem\/","og_site_name":"Inti","og_image":[{"width":800,"height":868,"url":"https:\/\/i0.wp.com\/inti.hr\/wp-content\/uploads\/2024\/03\/GDC197M01-2-e1710839089137.jpg?fit=800%2C868&ssl=1","type":"image\/jpeg"}],"twitter_card":"summary_large_image","schema":{"@context":"https:\/\/schema.org","@graph":[{"@type":"WebPage","@id":"https:\/\/inti.hr\/sr\/proizvod\/viseca-stolica-s-2-jastuka-i-metalnim-lancem\/","url":"https:\/\/inti.hr\/sr\/proizvod\/viseca-stolica-s-2-jastuka-i-metalnim-lancem\/","name":"Vise\u0107a stolica s 2 jastuka i metalnim lancem - Inti","isPartOf":{"@id":"https:\/\/inti.hr\/sr\/#website"},"primaryImageOfPage":{"@id":"https:\/\/inti.hr\/sr\/proizvod\/viseca-stolica-s-2-jastuka-i-metalnim-lancem\/#primaryimage"},"image":{"@id":"https:\/\/inti.hr\/sr\/proizvod\/viseca-stolica-s-2-jastuka-i-metalnim-lancem\/#primaryimage"},"thumbnailUrl":"https:\/\/i0.wp.com\/inti.hr\/wp-content\/uploads\/2024\/03\/GDC197M01-2-e1710839089137.jpg?fit=800%2C868&ssl=1","datePublished":"2024-03-19T09:06:30+00:00","dateModified":"2024-03-19T09:06:30+00:00","description":"Poduprta sna\u017enom, stabilnom i rastavljenom \u010deli\u010dnom \u0161ipkom promjera 5 cm, ova stolica za ljuljanje mo\u017ee izdr\u017eati do 150 kg - tako da mo\u017eete sjediti i ljuljati se potpuno opu\u0161teno! Ljulja\u010dka ima 2 velika d\u017eepa u koje mo\u017eete pohraniti sve \u0161to vam je potrebno za sate opu\u0161tanja, poput boce vode za uta\u017eivanje \u017ee\u0111i ili knjige i telefone kada zadrijemate. Bilo na terasi, balkonu, dnevnom boravku ili spava\u0107oj sobi, vise\u0107a stolica dodaje da\u0161ak privla\u010dnosti i \u0161arma svakoj prostoriji. Stolica za vje\u0161anje dolazi s metalnim lancem i karabinerom. Jednostavno odaberite mjesto i prilo\u017eeni dodaci za monta\u017eu olak\u0161avaju pri\u010dvr\u0161\u0107ivanje. Ova vise\u0107a stolica s 2 mekana jastuka izra\u0111ena je od prozra\u010dne mje\u0161avine poliestera i pamuka, pru\u017eaju\u0107i visoku udobnost. Osim toga, ova ljulja\u010dka u boho stilu pobolj\u0161at \u0107e ugo\u0111aj svake prostorije u koju se smjesti.\u00a0","breadcrumb":{"@id":"https:\/\/inti.hr\/sr\/proizvod\/viseca-stolica-s-2-jastuka-i-metalnim-lancem\/#breadcrumb"},"inLanguage":"sr-RS","potentialAction":[{"@type":"ReadAction","target":["https:\/\/inti.hr\/sr\/proizvod\/viseca-stolica-s-2-jastuka-i-metalnim-lancem\/"]}]},{"@type":"ImageObject","inLanguage":"sr-RS","@id":"https:\/\/inti.hr\/sr\/proizvod\/viseca-stolica-s-2-jastuka-i-metalnim-lancem\/#primaryimage","url":"https:\/\/i0.wp.com\/inti.hr\/wp-content\/uploads\/2024\/03\/GDC197M01-2-e1710839089137.jpg?fit=800%2C868&ssl=1","contentUrl":"https:\/\/i0.wp.com\/inti.hr\/wp-content\/uploads\/2024\/03\/GDC197M01-2-e1710839089137.jpg?fit=800%2C868&ssl=1","width":800,"height":868,"caption":"Vise\u0107a stolica s 2 jastuka i metalnim lancem"},{"@type":"BreadcrumbList","@id":"https:\/\/inti.hr\/sr\/proizvod\/viseca-stolica-s-2-jastuka-i-metalnim-lancem\/#breadcrumb","itemListElement":[{"@type":"ListItem","position":1,"name":"Po\u010detna stranica","item":"https:\/\/inti.hr\/sr\/"},{"@type":"ListItem","position":2,"name":"Prodavnica","item":"https:\/\/inti.hr\/sr\/prodavnica\/"},{"@type":"ListItem","position":3,"name":"Vise\u0107a stolica s 2 jastuka i metalnim lancem"}]},{"@type":"WebSite","@id":"https:\/\/inti.hr\/sr\/#website","url":"https:\/\/inti.hr\/sr\/","name":"Inti","description":"trgovina","potentialAction":[{"@type":"SearchAction","target":{"@type":"EntryPoint","urlTemplate":"https:\/\/inti.hr\/sr\/?s={search_term_string}"},"query-input":{"@type":"PropertyValueSpecification","valueRequired":true,"valueName":"search_term_string"}}],"inLanguage":"sr-RS"}]}},"jetpack_sharing_enabled":true,"jetpack-related-posts":[],"_links":{"self":[{"href":"https:\/\/inti.hr\/sr\/wp-json\/wp\/v2\/product\/37296"}],"collection":[{"href":"https:\/\/inti.hr\/sr\/wp-json\/wp\/v2\/product"}],"about":[{"href":"https:\/\/inti.hr\/sr\/wp-json\/wp\/v2\/types\/product"}],"wp:featuredmedia":[{"embeddable":true,"href":"https:\/\/inti.hr\/sr\/wp-json\/wp\/v2\/media\/37297"}],"wp:attachment":[{"href":"https:\/\/inti.hr\/sr\/wp-json\/wp\/v2\/media?parent=37296"}],"wp:term":[{"taxonomy":"product_cat","embeddable":true,"href":"https:\/\/inti.hr\/sr\/wp-json\/wp\/v2\/product_cat?post=37296"},{"taxonomy":"product_tag","embeddable":true,"href":"https:\/\/inti.hr\/sr\/wp-json\/wp\/v2\/product_tag?post=37296"}],"curies":[{"name":"wp","href":"https:\/\/api.w.org\/{rel}","templated":true}]}}