{"id":37345,"date":"2024-03-18T17:50:09","date_gmt":"2024-03-18T16:50:09","guid":{"rendered":"https:\/\/inti.hr\/product\/ekho-set-barskih-stolica-od-2-komada-s-naslonom\/"},"modified":"2024-03-18T17:50:09","modified_gmt":"2024-03-18T16:50:09","slug":"ekho-set-barskih-stolica-od-2-komada-s-naslonom","status":"publish","type":"product","link":"https:\/\/inti.hr\/sr\/proizvod\/ekho-set-barskih-stolica-od-2-komada-s-naslonom\/","title":{"rendered":"EKHO set barskih stolica od 2 komada s naslonom"},"content":{"rendered":"<p>Detalji proizvoda:<\/p>\n<p>Boja: crna i karamela<br \/>\nVeli\u010dina: 54 x 54 x 91 cm<br \/>\nPreporuka za maksimalnu te\u017einu: 120 kilograma<\/p>\n","protected":false},"excerpt":{"rendered":"<p>Na\u0161e barske stolice iz kolekcije VASAGLE EKHO primamljiva su mje\u0161avina umjetne &#8230; <\/p>\n","protected":false},"featured_media":37347,"template":"","meta":[],"product_cat":[2573,2539],"product_tag":[2629,2540],"yoast_head":"<!-- This site is optimized with the Yoast SEO plugin v23.7 - https:\/\/yoast.com\/wordpress\/plugins\/seo\/ -->\n<title>EKHO set barskih stolica od 2 komada s naslonom - Inti<\/title>\n<meta name=\"description\" content=\"Na\u0161e barske stolice iz kolekcije VASAGLE EKHO primamljiva su mje\u0161avina umjetne ko\u017ee, finih \u0161avova i su\u017eenih nogu koje odaju po\u010dast umije\u0107u izrade i podi\u017eu va\u0161 dom na novu razinu sofisticiranosti. Metalne noge okrenute prema van koje tvore \u010dvrstu bazu, uparene s podesivim univerzalnim stopalima, ne samo da daju ovim stolcima visoku stabilnost na neravnim podovima, ve\u0107 i \u0161tite pod od ogrebotina. Jeste li ikada ne\u0161to prolili? Nema problema! Na\u0161a vodootporna navlaka od umjetne ko\u017ee \u010dini \u010di\u0161\u0107enje lakim. Zajedno s nogama otpornim na ogrebotine izra\u0111enim od mat \u010delika, na\u0161i taburei trajno zadr\u017eavaju svoj visokokvalitetni \u0161arm. Prije\u0111ite rukom preko glatke navlake i utonite u 8 cm debelu 58D lijevanu pjenu. Ove barske stolice pru\u017eaju udobno iskustvo sjedenja koje \u0107e izdr\u017eati test vremena. Barske stolice koje se okre\u0107u za 360\u00b0 slobodno se okre\u0107u za interakciju sa svima oko vas. To \u010dini svaki dru\u0161tveni doga\u0111aj \u2013 bilo u kuhinji, ku\u0107nom baru ili sobi za zabavu \u2013 hit!\" \/>\n<meta name=\"robots\" content=\"index, follow, max-snippet:-1, max-image-preview:large, max-video-preview:-1\" \/>\n<link rel=\"canonical\" href=\"https:\/\/inti.hr\/sr\/proizvod\/ekho-set-barskih-stolica-od-2-komada-s-naslonom\/\" \/>\n<meta property=\"og:locale\" content=\"sr_RS\" \/>\n<meta property=\"og:type\" content=\"article\" \/>\n<meta property=\"og:title\" content=\"EKHO set barskih stolica od 2 komada s naslonom - Inti\" \/>\n<meta property=\"og:description\" content=\"Na\u0161e barske stolice iz kolekcije VASAGLE EKHO primamljiva su mje\u0161avina umjetne ko\u017ee, finih \u0161avova i su\u017eenih nogu koje odaju po\u010dast umije\u0107u izrade i podi\u017eu va\u0161 dom na novu razinu sofisticiranosti. Metalne noge okrenute prema van koje tvore \u010dvrstu bazu, uparene s podesivim univerzalnim stopalima, ne samo da daju ovim stolcima visoku stabilnost na neravnim podovima, ve\u0107 i \u0161tite pod od ogrebotina. Jeste li ikada ne\u0161to prolili? Nema problema! Na\u0161a vodootporna navlaka od umjetne ko\u017ee \u010dini \u010di\u0161\u0107enje lakim. Zajedno s nogama otpornim na ogrebotine izra\u0111enim od mat \u010delika, na\u0161i taburei trajno zadr\u017eavaju svoj visokokvalitetni \u0161arm. Prije\u0111ite rukom preko glatke navlake i utonite u 8 cm debelu 58D lijevanu pjenu. Ove barske stolice pru\u017eaju udobno iskustvo sjedenja koje \u0107e izdr\u017eati test vremena. Barske stolice koje se okre\u0107u za 360\u00b0 slobodno se okre\u0107u za interakciju sa svima oko vas. To \u010dini svaki dru\u0161tveni doga\u0111aj \u2013 bilo u kuhinji, ku\u0107nom baru ili sobi za zabavu \u2013 hit!\" \/>\n<meta property=\"og:url\" content=\"https:\/\/inti.hr\/sr\/proizvod\/ekho-set-barskih-stolica-od-2-komada-s-naslonom\/\" \/>\n<meta property=\"og:site_name\" content=\"Inti\" \/>\n<meta property=\"og:image\" content=\"https:\/\/i0.wp.com\/inti.hr\/wp-content\/uploads\/2024\/03\/LBC089B01-1-3.jpg?fit=1000%2C1000&ssl=1\" \/>\n\t<meta property=\"og:image:width\" content=\"1000\" \/>\n\t<meta property=\"og:image:height\" content=\"1000\" \/>\n\t<meta property=\"og:image:type\" content=\"image\/jpeg\" \/>\n<meta name=\"twitter:card\" content=\"summary_large_image\" \/>\n<script type=\"application\/ld+json\" class=\"yoast-schema-graph\">{\"@context\":\"https:\/\/schema.org\",\"@graph\":[{\"@type\":\"WebPage\",\"@id\":\"https:\/\/inti.hr\/sr\/proizvod\/ekho-set-barskih-stolica-od-2-komada-s-naslonom\/\",\"url\":\"https:\/\/inti.hr\/sr\/proizvod\/ekho-set-barskih-stolica-od-2-komada-s-naslonom\/\",\"name\":\"EKHO set barskih stolica od 2 komada s naslonom - Inti\",\"isPartOf\":{\"@id\":\"https:\/\/inti.hr\/sr\/#website\"},\"primaryImageOfPage\":{\"@id\":\"https:\/\/inti.hr\/sr\/proizvod\/ekho-set-barskih-stolica-od-2-komada-s-naslonom\/#primaryimage\"},\"image\":{\"@id\":\"https:\/\/inti.hr\/sr\/proizvod\/ekho-set-barskih-stolica-od-2-komada-s-naslonom\/#primaryimage\"},\"thumbnailUrl\":\"https:\/\/i0.wp.com\/inti.hr\/wp-content\/uploads\/2024\/03\/LBC089B01-1-3.jpg?fit=1000%2C1000&ssl=1\",\"datePublished\":\"2024-03-18T16:50:09+00:00\",\"dateModified\":\"2024-03-18T16:50:09+00:00\",\"description\":\"Na\u0161e barske stolice iz kolekcije VASAGLE EKHO primamljiva su mje\u0161avina umjetne ko\u017ee, finih \u0161avova i su\u017eenih nogu koje odaju po\u010dast umije\u0107u izrade i podi\u017eu va\u0161 dom na novu razinu sofisticiranosti. Metalne noge okrenute prema van koje tvore \u010dvrstu bazu, uparene s podesivim univerzalnim stopalima, ne samo da daju ovim stolcima visoku stabilnost na neravnim podovima, ve\u0107 i \u0161tite pod od ogrebotina. Jeste li ikada ne\u0161to prolili? Nema problema! Na\u0161a vodootporna navlaka od umjetne ko\u017ee \u010dini \u010di\u0161\u0107enje lakim. Zajedno s nogama otpornim na ogrebotine izra\u0111enim od mat \u010delika, na\u0161i taburei trajno zadr\u017eavaju svoj visokokvalitetni \u0161arm. Prije\u0111ite rukom preko glatke navlake i utonite u 8 cm debelu 58D lijevanu pjenu. Ove barske stolice pru\u017eaju udobno iskustvo sjedenja koje \u0107e izdr\u017eati test vremena. Barske stolice koje se okre\u0107u za 360\u00b0 slobodno se okre\u0107u za interakciju sa svima oko vas. To \u010dini svaki dru\u0161tveni doga\u0111aj \u2013 bilo u kuhinji, ku\u0107nom baru ili sobi za zabavu \u2013 hit!\",\"breadcrumb\":{\"@id\":\"https:\/\/inti.hr\/sr\/proizvod\/ekho-set-barskih-stolica-od-2-komada-s-naslonom\/#breadcrumb\"},\"inLanguage\":\"sr-RS\",\"potentialAction\":[{\"@type\":\"ReadAction\",\"target\":[\"https:\/\/inti.hr\/sr\/proizvod\/ekho-set-barskih-stolica-od-2-komada-s-naslonom\/\"]}]},{\"@type\":\"ImageObject\",\"inLanguage\":\"sr-RS\",\"@id\":\"https:\/\/inti.hr\/sr\/proizvod\/ekho-set-barskih-stolica-od-2-komada-s-naslonom\/#primaryimage\",\"url\":\"https:\/\/i0.wp.com\/inti.hr\/wp-content\/uploads\/2024\/03\/LBC089B01-1-3.jpg?fit=1000%2C1000&ssl=1\",\"contentUrl\":\"https:\/\/i0.wp.com\/inti.hr\/wp-content\/uploads\/2024\/03\/LBC089B01-1-3.jpg?fit=1000%2C1000&ssl=1\",\"width\":1000,\"height\":1000,\"caption\":\"VASAGLE EKHO kolekcija - Set od 2 barske stolice s naslonom\"},{\"@type\":\"BreadcrumbList\",\"@id\":\"https:\/\/inti.hr\/sr\/proizvod\/ekho-set-barskih-stolica-od-2-komada-s-naslonom\/#breadcrumb\",\"itemListElement\":[{\"@type\":\"ListItem\",\"position\":1,\"name\":\"Po\u010detna stranica\",\"item\":\"https:\/\/inti.hr\/sr\/\"},{\"@type\":\"ListItem\",\"position\":2,\"name\":\"Prodavnica\",\"item\":\"https:\/\/inti.hr\/sr\/prodavnica\/\"},{\"@type\":\"ListItem\",\"position\":3,\"name\":\"EKHO set barskih stolica od 2 komada s naslonom\"}]},{\"@type\":\"WebSite\",\"@id\":\"https:\/\/inti.hr\/sr\/#website\",\"url\":\"https:\/\/inti.hr\/sr\/\",\"name\":\"Inti\",\"description\":\"trgovina\",\"potentialAction\":[{\"@type\":\"SearchAction\",\"target\":{\"@type\":\"EntryPoint\",\"urlTemplate\":\"https:\/\/inti.hr\/sr\/?s={search_term_string}\"},\"query-input\":{\"@type\":\"PropertyValueSpecification\",\"valueRequired\":true,\"valueName\":\"search_term_string\"}}],\"inLanguage\":\"sr-RS\"}]}<\/script>\n<!-- \/ Yoast SEO plugin. -->","yoast_head_json":{"title":"EKHO set barskih stolica od 2 komada s naslonom - Inti","description":"Na\u0161e barske stolice iz kolekcije VASAGLE EKHO primamljiva su mje\u0161avina umjetne ko\u017ee, finih \u0161avova i su\u017eenih nogu koje odaju po\u010dast umije\u0107u izrade i podi\u017eu va\u0161 dom na novu razinu sofisticiranosti. Metalne noge okrenute prema van koje tvore \u010dvrstu bazu, uparene s podesivim univerzalnim stopalima, ne samo da daju ovim stolcima visoku stabilnost na neravnim podovima, ve\u0107 i \u0161tite pod od ogrebotina. Jeste li ikada ne\u0161to prolili? Nema problema! Na\u0161a vodootporna navlaka od umjetne ko\u017ee \u010dini \u010di\u0161\u0107enje lakim. Zajedno s nogama otpornim na ogrebotine izra\u0111enim od mat \u010delika, na\u0161i taburei trajno zadr\u017eavaju svoj visokokvalitetni \u0161arm. Prije\u0111ite rukom preko glatke navlake i utonite u 8 cm debelu 58D lijevanu pjenu. Ove barske stolice pru\u017eaju udobno iskustvo sjedenja koje \u0107e izdr\u017eati test vremena. Barske stolice koje se okre\u0107u za 360\u00b0 slobodno se okre\u0107u za interakciju sa svima oko vas. To \u010dini svaki dru\u0161tveni doga\u0111aj \u2013 bilo u kuhinji, ku\u0107nom baru ili sobi za zabavu \u2013 hit!","robots":{"index":"index","follow":"follow","max-snippet":"max-snippet:-1","max-image-preview":"max-image-preview:large","max-video-preview":"max-video-preview:-1"},"canonical":"https:\/\/inti.hr\/sr\/proizvod\/ekho-set-barskih-stolica-od-2-komada-s-naslonom\/","og_locale":"sr_RS","og_type":"article","og_title":"EKHO set barskih stolica od 2 komada s naslonom - Inti","og_description":"Na\u0161e barske stolice iz kolekcije VASAGLE EKHO primamljiva su mje\u0161avina umjetne ko\u017ee, finih \u0161avova i su\u017eenih nogu koje odaju po\u010dast umije\u0107u izrade i podi\u017eu va\u0161 dom na novu razinu sofisticiranosti. Metalne noge okrenute prema van koje tvore \u010dvrstu bazu, uparene s podesivim univerzalnim stopalima, ne samo da daju ovim stolcima visoku stabilnost na neravnim podovima, ve\u0107 i \u0161tite pod od ogrebotina. Jeste li ikada ne\u0161to prolili? Nema problema! Na\u0161a vodootporna navlaka od umjetne ko\u017ee \u010dini \u010di\u0161\u0107enje lakim. Zajedno s nogama otpornim na ogrebotine izra\u0111enim od mat \u010delika, na\u0161i taburei trajno zadr\u017eavaju svoj visokokvalitetni \u0161arm. Prije\u0111ite rukom preko glatke navlake i utonite u 8 cm debelu 58D lijevanu pjenu. Ove barske stolice pru\u017eaju udobno iskustvo sjedenja koje \u0107e izdr\u017eati test vremena. Barske stolice koje se okre\u0107u za 360\u00b0 slobodno se okre\u0107u za interakciju sa svima oko vas. To \u010dini svaki dru\u0161tveni doga\u0111aj \u2013 bilo u kuhinji, ku\u0107nom baru ili sobi za zabavu \u2013 hit!","og_url":"https:\/\/inti.hr\/sr\/proizvod\/ekho-set-barskih-stolica-od-2-komada-s-naslonom\/","og_site_name":"Inti","og_image":[{"width":1000,"height":1000,"url":"https:\/\/i0.wp.com\/inti.hr\/wp-content\/uploads\/2024\/03\/LBC089B01-1-3.jpg?fit=1000%2C1000&ssl=1","type":"image\/jpeg"}],"twitter_card":"summary_large_image","schema":{"@context":"https:\/\/schema.org","@graph":[{"@type":"WebPage","@id":"https:\/\/inti.hr\/sr\/proizvod\/ekho-set-barskih-stolica-od-2-komada-s-naslonom\/","url":"https:\/\/inti.hr\/sr\/proizvod\/ekho-set-barskih-stolica-od-2-komada-s-naslonom\/","name":"EKHO set barskih stolica od 2 komada s naslonom - Inti","isPartOf":{"@id":"https:\/\/inti.hr\/sr\/#website"},"primaryImageOfPage":{"@id":"https:\/\/inti.hr\/sr\/proizvod\/ekho-set-barskih-stolica-od-2-komada-s-naslonom\/#primaryimage"},"image":{"@id":"https:\/\/inti.hr\/sr\/proizvod\/ekho-set-barskih-stolica-od-2-komada-s-naslonom\/#primaryimage"},"thumbnailUrl":"https:\/\/i0.wp.com\/inti.hr\/wp-content\/uploads\/2024\/03\/LBC089B01-1-3.jpg?fit=1000%2C1000&ssl=1","datePublished":"2024-03-18T16:50:09+00:00","dateModified":"2024-03-18T16:50:09+00:00","description":"Na\u0161e barske stolice iz kolekcije VASAGLE EKHO primamljiva su mje\u0161avina umjetne ko\u017ee, finih \u0161avova i su\u017eenih nogu koje odaju po\u010dast umije\u0107u izrade i podi\u017eu va\u0161 dom na novu razinu sofisticiranosti. Metalne noge okrenute prema van koje tvore \u010dvrstu bazu, uparene s podesivim univerzalnim stopalima, ne samo da daju ovim stolcima visoku stabilnost na neravnim podovima, ve\u0107 i \u0161tite pod od ogrebotina. Jeste li ikada ne\u0161to prolili? Nema problema! Na\u0161a vodootporna navlaka od umjetne ko\u017ee \u010dini \u010di\u0161\u0107enje lakim. Zajedno s nogama otpornim na ogrebotine izra\u0111enim od mat \u010delika, na\u0161i taburei trajno zadr\u017eavaju svoj visokokvalitetni \u0161arm. Prije\u0111ite rukom preko glatke navlake i utonite u 8 cm debelu 58D lijevanu pjenu. Ove barske stolice pru\u017eaju udobno iskustvo sjedenja koje \u0107e izdr\u017eati test vremena. Barske stolice koje se okre\u0107u za 360\u00b0 slobodno se okre\u0107u za interakciju sa svima oko vas. To \u010dini svaki dru\u0161tveni doga\u0111aj \u2013 bilo u kuhinji, ku\u0107nom baru ili sobi za zabavu \u2013 hit!","breadcrumb":{"@id":"https:\/\/inti.hr\/sr\/proizvod\/ekho-set-barskih-stolica-od-2-komada-s-naslonom\/#breadcrumb"},"inLanguage":"sr-RS","potentialAction":[{"@type":"ReadAction","target":["https:\/\/inti.hr\/sr\/proizvod\/ekho-set-barskih-stolica-od-2-komada-s-naslonom\/"]}]},{"@type":"ImageObject","inLanguage":"sr-RS","@id":"https:\/\/inti.hr\/sr\/proizvod\/ekho-set-barskih-stolica-od-2-komada-s-naslonom\/#primaryimage","url":"https:\/\/i0.wp.com\/inti.hr\/wp-content\/uploads\/2024\/03\/LBC089B01-1-3.jpg?fit=1000%2C1000&ssl=1","contentUrl":"https:\/\/i0.wp.com\/inti.hr\/wp-content\/uploads\/2024\/03\/LBC089B01-1-3.jpg?fit=1000%2C1000&ssl=1","width":1000,"height":1000,"caption":"VASAGLE EKHO kolekcija - Set od 2 barske stolice s naslonom"},{"@type":"BreadcrumbList","@id":"https:\/\/inti.hr\/sr\/proizvod\/ekho-set-barskih-stolica-od-2-komada-s-naslonom\/#breadcrumb","itemListElement":[{"@type":"ListItem","position":1,"name":"Po\u010detna stranica","item":"https:\/\/inti.hr\/sr\/"},{"@type":"ListItem","position":2,"name":"Prodavnica","item":"https:\/\/inti.hr\/sr\/prodavnica\/"},{"@type":"ListItem","position":3,"name":"EKHO set barskih stolica od 2 komada s naslonom"}]},{"@type":"WebSite","@id":"https:\/\/inti.hr\/sr\/#website","url":"https:\/\/inti.hr\/sr\/","name":"Inti","description":"trgovina","potentialAction":[{"@type":"SearchAction","target":{"@type":"EntryPoint","urlTemplate":"https:\/\/inti.hr\/sr\/?s={search_term_string}"},"query-input":{"@type":"PropertyValueSpecification","valueRequired":true,"valueName":"search_term_string"}}],"inLanguage":"sr-RS"}]}},"jetpack_sharing_enabled":true,"jetpack-related-posts":[],"_links":{"self":[{"href":"https:\/\/inti.hr\/sr\/wp-json\/wp\/v2\/product\/37345"}],"collection":[{"href":"https:\/\/inti.hr\/sr\/wp-json\/wp\/v2\/product"}],"about":[{"href":"https:\/\/inti.hr\/sr\/wp-json\/wp\/v2\/types\/product"}],"wp:featuredmedia":[{"embeddable":true,"href":"https:\/\/inti.hr\/sr\/wp-json\/wp\/v2\/media\/37347"}],"wp:attachment":[{"href":"https:\/\/inti.hr\/sr\/wp-json\/wp\/v2\/media?parent=37345"}],"wp:term":[{"taxonomy":"product_cat","embeddable":true,"href":"https:\/\/inti.hr\/sr\/wp-json\/wp\/v2\/product_cat?post=37345"},{"taxonomy":"product_tag","embeddable":true,"href":"https:\/\/inti.hr\/sr\/wp-json\/wp\/v2\/product_tag?post=37345"}],"curies":[{"name":"wp","href":"https:\/\/api.w.org\/{rel}","templated":true}]}}