{"id":37353,"date":"2024-03-13T17:03:05","date_gmt":"2024-03-13T16:03:05","guid":{"rendered":"https:\/\/inti.hr\/product\/stolica-za-kampiranje-s-naramenicama-i-naslonima-za-ruke\/"},"modified":"2024-03-13T17:03:05","modified_gmt":"2024-03-13T16:03:05","slug":"stolica-za-kampiranje-s-naramenicama-i-naslonima-za-ruke","status":"publish","type":"product","link":"https:\/\/inti.hr\/sr\/proizvod\/stolica-za-kampiranje-s-naramenicama-i-naslonima-za-ruke\/","title":{"rendered":"Stolica za kampiranje s naramenicama i naslonima za ruke"},"content":{"rendered":"<p>Detalji proizvoda:<\/p>\n<p>Boja: Crveno-bijela<br \/>\nMaterijal: aluminij, Oxford tkanina<br \/>\nRasklopljena veli\u010dina: 68 x 63 x 75 cm (D x \u0160 x V)<br \/>\nSklopljena veli\u010dina: 66,5 x 70 x 11 cm (D x \u0160 x V)<br \/>\nVeli\u010dina sjedala: 48 x 39 cm (D x \u0160)<br \/>\nVisina naslona: 65 cm<br \/>\nUdaljenost izme\u0111u sjedala i poda: 21 cm<br \/>\nTe\u017eina: 3,1 kg<br \/>\nMaksimalna stati\u010dka nosivost: 150 kg<\/p>\n","protected":false},"excerpt":{"rendered":"<p>Naslon za le\u0111a visine 65 cm, podesiv u 4 razine (od &#8230; <\/p>\n","protected":false},"featured_media":37354,"template":"","meta":[],"product_cat":[2461],"product_tag":[],"yoast_head":"<!-- This site is optimized with the Yoast SEO plugin v23.7 - https:\/\/yoast.com\/wordpress\/plugins\/seo\/ -->\n<title>Stolica za kampiranje s naramenicama i naslonima za ruke - Inti<\/title>\n<meta name=\"description\" content=\"Naslon za le\u0111a visine 65 cm, podesiv u 4 razine (od 110 do 180\u00b0), veli\u010dina sjedala: 48 x 39 cm (D x \u0160), visina sjedala: 21 cm - stolica za pla\u017eu je dizajnirana da pru\u017ei ponuditi optimalnu udobnost sjedenja. Aluminijski okvir, cijevi debljine stijenke 0,9 mm - vrlo stabilan; 600D Oxford tkanina s vodootpornim premazom - ekstra otporna na habanje i izdr\u017eljiva. Sklopiva stolica nosi do 150 kg. Koristite ove sklopive stolice za kampiranje ne samo na pla\u017ei, ve\u0107 iu kampu za u\u017eivanje u zalasku sunca, na rijeci za pecanje ili u uredu za drijemanje. Stolica za kampiranje te\u0161ka je samo 3,1 kg i opremljena je remenima za ramena kako biste je lak\u0161e nosili vi, pa \u010dak i va\u0161a djeca. Kada je sklopljena, dimenzija je 66,5 x 70 x 11 cm i mo\u017ee se spremiti u prtlja\u017enik va\u0161eg automobila. Jednostavno rasklopite stolicu za pecanje kada je koristite - nema kompliciranog sastavljanja. Stolica tako\u0111er ima dr\u017ea\u010d za \u010da\u0161e i jo\u0161 jedan mali d\u017eep za mobitel ili kremu za sun\u010danje.\u00a0\" \/>\n<meta name=\"robots\" content=\"index, follow, max-snippet:-1, max-image-preview:large, max-video-preview:-1\" \/>\n<link rel=\"canonical\" href=\"https:\/\/inti.hr\/sr\/proizvod\/stolica-za-kampiranje-s-naramenicama-i-naslonima-za-ruke\/\" \/>\n<meta property=\"og:locale\" content=\"sr_RS\" \/>\n<meta property=\"og:type\" content=\"article\" \/>\n<meta property=\"og:title\" content=\"Stolica za kampiranje s naramenicama i naslonima za ruke - Inti\" \/>\n<meta property=\"og:description\" content=\"Naslon za le\u0111a visine 65 cm, podesiv u 4 razine (od 110 do 180\u00b0), veli\u010dina sjedala: 48 x 39 cm (D x \u0160), visina sjedala: 21 cm - stolica za pla\u017eu je dizajnirana da pru\u017ei ponuditi optimalnu udobnost sjedenja. Aluminijski okvir, cijevi debljine stijenke 0,9 mm - vrlo stabilan; 600D Oxford tkanina s vodootpornim premazom - ekstra otporna na habanje i izdr\u017eljiva. Sklopiva stolica nosi do 150 kg. Koristite ove sklopive stolice za kampiranje ne samo na pla\u017ei, ve\u0107 iu kampu za u\u017eivanje u zalasku sunca, na rijeci za pecanje ili u uredu za drijemanje. Stolica za kampiranje te\u0161ka je samo 3,1 kg i opremljena je remenima za ramena kako biste je lak\u0161e nosili vi, pa \u010dak i va\u0161a djeca. Kada je sklopljena, dimenzija je 66,5 x 70 x 11 cm i mo\u017ee se spremiti u prtlja\u017enik va\u0161eg automobila. Jednostavno rasklopite stolicu za pecanje kada je koristite - nema kompliciranog sastavljanja. Stolica tako\u0111er ima dr\u017ea\u010d za \u010da\u0161e i jo\u0161 jedan mali d\u017eep za mobitel ili kremu za sun\u010danje.\u00a0\" \/>\n<meta property=\"og:url\" content=\"https:\/\/inti.hr\/sr\/proizvod\/stolica-za-kampiranje-s-naramenicama-i-naslonima-za-ruke\/\" \/>\n<meta property=\"og:site_name\" content=\"Inti\" \/>\n<meta property=\"og:image\" content=\"https:\/\/i0.wp.com\/inti.hr\/wp-content\/uploads\/2024\/03\/GCB062R01-1.jpg?fit=1000%2C1000&ssl=1\" \/>\n\t<meta property=\"og:image:width\" content=\"1000\" \/>\n\t<meta property=\"og:image:height\" content=\"1000\" \/>\n\t<meta property=\"og:image:type\" content=\"image\/jpeg\" \/>\n<meta name=\"twitter:card\" content=\"summary_large_image\" \/>\n<script type=\"application\/ld+json\" class=\"yoast-schema-graph\">{\"@context\":\"https:\/\/schema.org\",\"@graph\":[{\"@type\":\"WebPage\",\"@id\":\"https:\/\/inti.hr\/sr\/proizvod\/stolica-za-kampiranje-s-naramenicama-i-naslonima-za-ruke\/\",\"url\":\"https:\/\/inti.hr\/sr\/proizvod\/stolica-za-kampiranje-s-naramenicama-i-naslonima-za-ruke\/\",\"name\":\"Stolica za kampiranje s naramenicama i naslonima za ruke - Inti\",\"isPartOf\":{\"@id\":\"https:\/\/inti.hr\/sr\/#website\"},\"primaryImageOfPage\":{\"@id\":\"https:\/\/inti.hr\/sr\/proizvod\/stolica-za-kampiranje-s-naramenicama-i-naslonima-za-ruke\/#primaryimage\"},\"image\":{\"@id\":\"https:\/\/inti.hr\/sr\/proizvod\/stolica-za-kampiranje-s-naramenicama-i-naslonima-za-ruke\/#primaryimage\"},\"thumbnailUrl\":\"https:\/\/i0.wp.com\/inti.hr\/wp-content\/uploads\/2024\/03\/GCB062R01-1.jpg?fit=1000%2C1000&ssl=1\",\"datePublished\":\"2024-03-13T16:03:05+00:00\",\"dateModified\":\"2024-03-13T16:03:05+00:00\",\"description\":\"Naslon za le\u0111a visine 65 cm, podesiv u 4 razine (od 110 do 180\u00b0), veli\u010dina sjedala: 48 x 39 cm (D x \u0160), visina sjedala: 21 cm - stolica za pla\u017eu je dizajnirana da pru\u017ei ponuditi optimalnu udobnost sjedenja. Aluminijski okvir, cijevi debljine stijenke 0,9 mm - vrlo stabilan; 600D Oxford tkanina s vodootpornim premazom - ekstra otporna na habanje i izdr\u017eljiva. Sklopiva stolica nosi do 150 kg. Koristite ove sklopive stolice za kampiranje ne samo na pla\u017ei, ve\u0107 iu kampu za u\u017eivanje u zalasku sunca, na rijeci za pecanje ili u uredu za drijemanje. Stolica za kampiranje te\u0161ka je samo 3,1 kg i opremljena je remenima za ramena kako biste je lak\u0161e nosili vi, pa \u010dak i va\u0161a djeca. Kada je sklopljena, dimenzija je 66,5 x 70 x 11 cm i mo\u017ee se spremiti u prtlja\u017enik va\u0161eg automobila. Jednostavno rasklopite stolicu za pecanje kada je koristite - nema kompliciranog sastavljanja. Stolica tako\u0111er ima dr\u017ea\u010d za \u010da\u0161e i jo\u0161 jedan mali d\u017eep za mobitel ili kremu za sun\u010danje.\u00a0\",\"breadcrumb\":{\"@id\":\"https:\/\/inti.hr\/sr\/proizvod\/stolica-za-kampiranje-s-naramenicama-i-naslonima-za-ruke\/#breadcrumb\"},\"inLanguage\":\"sr-RS\",\"potentialAction\":[{\"@type\":\"ReadAction\",\"target\":[\"https:\/\/inti.hr\/sr\/proizvod\/stolica-za-kampiranje-s-naramenicama-i-naslonima-za-ruke\/\"]}]},{\"@type\":\"ImageObject\",\"inLanguage\":\"sr-RS\",\"@id\":\"https:\/\/inti.hr\/sr\/proizvod\/stolica-za-kampiranje-s-naramenicama-i-naslonima-za-ruke\/#primaryimage\",\"url\":\"https:\/\/i0.wp.com\/inti.hr\/wp-content\/uploads\/2024\/03\/GCB062R01-1.jpg?fit=1000%2C1000&ssl=1\",\"contentUrl\":\"https:\/\/i0.wp.com\/inti.hr\/wp-content\/uploads\/2024\/03\/GCB062R01-1.jpg?fit=1000%2C1000&ssl=1\",\"width\":1000,\"height\":1000,\"caption\":\"Stolica za kampiranje s naramenicama i naslonima za ruke crveno-bijela\"},{\"@type\":\"BreadcrumbList\",\"@id\":\"https:\/\/inti.hr\/sr\/proizvod\/stolica-za-kampiranje-s-naramenicama-i-naslonima-za-ruke\/#breadcrumb\",\"itemListElement\":[{\"@type\":\"ListItem\",\"position\":1,\"name\":\"Po\u010detna stranica\",\"item\":\"https:\/\/inti.hr\/sr\/\"},{\"@type\":\"ListItem\",\"position\":2,\"name\":\"Prodavnica\",\"item\":\"https:\/\/inti.hr\/sr\/prodavnica\/\"},{\"@type\":\"ListItem\",\"position\":3,\"name\":\"Stolica za kampiranje s naramenicama i naslonima za ruke\"}]},{\"@type\":\"WebSite\",\"@id\":\"https:\/\/inti.hr\/sr\/#website\",\"url\":\"https:\/\/inti.hr\/sr\/\",\"name\":\"Inti\",\"description\":\"trgovina\",\"potentialAction\":[{\"@type\":\"SearchAction\",\"target\":{\"@type\":\"EntryPoint\",\"urlTemplate\":\"https:\/\/inti.hr\/sr\/?s={search_term_string}\"},\"query-input\":{\"@type\":\"PropertyValueSpecification\",\"valueRequired\":true,\"valueName\":\"search_term_string\"}}],\"inLanguage\":\"sr-RS\"}]}<\/script>\n<!-- \/ Yoast SEO plugin. -->","yoast_head_json":{"title":"Stolica za kampiranje s naramenicama i naslonima za ruke - Inti","description":"Naslon za le\u0111a visine 65 cm, podesiv u 4 razine (od 110 do 180\u00b0), veli\u010dina sjedala: 48 x 39 cm (D x \u0160), visina sjedala: 21 cm - stolica za pla\u017eu je dizajnirana da pru\u017ei ponuditi optimalnu udobnost sjedenja. Aluminijski okvir, cijevi debljine stijenke 0,9 mm - vrlo stabilan; 600D Oxford tkanina s vodootpornim premazom - ekstra otporna na habanje i izdr\u017eljiva. Sklopiva stolica nosi do 150 kg. Koristite ove sklopive stolice za kampiranje ne samo na pla\u017ei, ve\u0107 iu kampu za u\u017eivanje u zalasku sunca, na rijeci za pecanje ili u uredu za drijemanje. Stolica za kampiranje te\u0161ka je samo 3,1 kg i opremljena je remenima za ramena kako biste je lak\u0161e nosili vi, pa \u010dak i va\u0161a djeca. Kada je sklopljena, dimenzija je 66,5 x 70 x 11 cm i mo\u017ee se spremiti u prtlja\u017enik va\u0161eg automobila. Jednostavno rasklopite stolicu za pecanje kada je koristite - nema kompliciranog sastavljanja. Stolica tako\u0111er ima dr\u017ea\u010d za \u010da\u0161e i jo\u0161 jedan mali d\u017eep za mobitel ili kremu za sun\u010danje.\u00a0","robots":{"index":"index","follow":"follow","max-snippet":"max-snippet:-1","max-image-preview":"max-image-preview:large","max-video-preview":"max-video-preview:-1"},"canonical":"https:\/\/inti.hr\/sr\/proizvod\/stolica-za-kampiranje-s-naramenicama-i-naslonima-za-ruke\/","og_locale":"sr_RS","og_type":"article","og_title":"Stolica za kampiranje s naramenicama i naslonima za ruke - Inti","og_description":"Naslon za le\u0111a visine 65 cm, podesiv u 4 razine (od 110 do 180\u00b0), veli\u010dina sjedala: 48 x 39 cm (D x \u0160), visina sjedala: 21 cm - stolica za pla\u017eu je dizajnirana da pru\u017ei ponuditi optimalnu udobnost sjedenja. Aluminijski okvir, cijevi debljine stijenke 0,9 mm - vrlo stabilan; 600D Oxford tkanina s vodootpornim premazom - ekstra otporna na habanje i izdr\u017eljiva. Sklopiva stolica nosi do 150 kg. Koristite ove sklopive stolice za kampiranje ne samo na pla\u017ei, ve\u0107 iu kampu za u\u017eivanje u zalasku sunca, na rijeci za pecanje ili u uredu za drijemanje. Stolica za kampiranje te\u0161ka je samo 3,1 kg i opremljena je remenima za ramena kako biste je lak\u0161e nosili vi, pa \u010dak i va\u0161a djeca. Kada je sklopljena, dimenzija je 66,5 x 70 x 11 cm i mo\u017ee se spremiti u prtlja\u017enik va\u0161eg automobila. Jednostavno rasklopite stolicu za pecanje kada je koristite - nema kompliciranog sastavljanja. Stolica tako\u0111er ima dr\u017ea\u010d za \u010da\u0161e i jo\u0161 jedan mali d\u017eep za mobitel ili kremu za sun\u010danje.\u00a0","og_url":"https:\/\/inti.hr\/sr\/proizvod\/stolica-za-kampiranje-s-naramenicama-i-naslonima-za-ruke\/","og_site_name":"Inti","og_image":[{"width":1000,"height":1000,"url":"https:\/\/i0.wp.com\/inti.hr\/wp-content\/uploads\/2024\/03\/GCB062R01-1.jpg?fit=1000%2C1000&ssl=1","type":"image\/jpeg"}],"twitter_card":"summary_large_image","schema":{"@context":"https:\/\/schema.org","@graph":[{"@type":"WebPage","@id":"https:\/\/inti.hr\/sr\/proizvod\/stolica-za-kampiranje-s-naramenicama-i-naslonima-za-ruke\/","url":"https:\/\/inti.hr\/sr\/proizvod\/stolica-za-kampiranje-s-naramenicama-i-naslonima-za-ruke\/","name":"Stolica za kampiranje s naramenicama i naslonima za ruke - Inti","isPartOf":{"@id":"https:\/\/inti.hr\/sr\/#website"},"primaryImageOfPage":{"@id":"https:\/\/inti.hr\/sr\/proizvod\/stolica-za-kampiranje-s-naramenicama-i-naslonima-za-ruke\/#primaryimage"},"image":{"@id":"https:\/\/inti.hr\/sr\/proizvod\/stolica-za-kampiranje-s-naramenicama-i-naslonima-za-ruke\/#primaryimage"},"thumbnailUrl":"https:\/\/i0.wp.com\/inti.hr\/wp-content\/uploads\/2024\/03\/GCB062R01-1.jpg?fit=1000%2C1000&ssl=1","datePublished":"2024-03-13T16:03:05+00:00","dateModified":"2024-03-13T16:03:05+00:00","description":"Naslon za le\u0111a visine 65 cm, podesiv u 4 razine (od 110 do 180\u00b0), veli\u010dina sjedala: 48 x 39 cm (D x \u0160), visina sjedala: 21 cm - stolica za pla\u017eu je dizajnirana da pru\u017ei ponuditi optimalnu udobnost sjedenja. Aluminijski okvir, cijevi debljine stijenke 0,9 mm - vrlo stabilan; 600D Oxford tkanina s vodootpornim premazom - ekstra otporna na habanje i izdr\u017eljiva. Sklopiva stolica nosi do 150 kg. Koristite ove sklopive stolice za kampiranje ne samo na pla\u017ei, ve\u0107 iu kampu za u\u017eivanje u zalasku sunca, na rijeci za pecanje ili u uredu za drijemanje. Stolica za kampiranje te\u0161ka je samo 3,1 kg i opremljena je remenima za ramena kako biste je lak\u0161e nosili vi, pa \u010dak i va\u0161a djeca. Kada je sklopljena, dimenzija je 66,5 x 70 x 11 cm i mo\u017ee se spremiti u prtlja\u017enik va\u0161eg automobila. Jednostavno rasklopite stolicu za pecanje kada je koristite - nema kompliciranog sastavljanja. Stolica tako\u0111er ima dr\u017ea\u010d za \u010da\u0161e i jo\u0161 jedan mali d\u017eep za mobitel ili kremu za sun\u010danje.\u00a0","breadcrumb":{"@id":"https:\/\/inti.hr\/sr\/proizvod\/stolica-za-kampiranje-s-naramenicama-i-naslonima-za-ruke\/#breadcrumb"},"inLanguage":"sr-RS","potentialAction":[{"@type":"ReadAction","target":["https:\/\/inti.hr\/sr\/proizvod\/stolica-za-kampiranje-s-naramenicama-i-naslonima-za-ruke\/"]}]},{"@type":"ImageObject","inLanguage":"sr-RS","@id":"https:\/\/inti.hr\/sr\/proizvod\/stolica-za-kampiranje-s-naramenicama-i-naslonima-za-ruke\/#primaryimage","url":"https:\/\/i0.wp.com\/inti.hr\/wp-content\/uploads\/2024\/03\/GCB062R01-1.jpg?fit=1000%2C1000&ssl=1","contentUrl":"https:\/\/i0.wp.com\/inti.hr\/wp-content\/uploads\/2024\/03\/GCB062R01-1.jpg?fit=1000%2C1000&ssl=1","width":1000,"height":1000,"caption":"Stolica za kampiranje s naramenicama i naslonima za ruke crveno-bijela"},{"@type":"BreadcrumbList","@id":"https:\/\/inti.hr\/sr\/proizvod\/stolica-za-kampiranje-s-naramenicama-i-naslonima-za-ruke\/#breadcrumb","itemListElement":[{"@type":"ListItem","position":1,"name":"Po\u010detna stranica","item":"https:\/\/inti.hr\/sr\/"},{"@type":"ListItem","position":2,"name":"Prodavnica","item":"https:\/\/inti.hr\/sr\/prodavnica\/"},{"@type":"ListItem","position":3,"name":"Stolica za kampiranje s naramenicama i naslonima za ruke"}]},{"@type":"WebSite","@id":"https:\/\/inti.hr\/sr\/#website","url":"https:\/\/inti.hr\/sr\/","name":"Inti","description":"trgovina","potentialAction":[{"@type":"SearchAction","target":{"@type":"EntryPoint","urlTemplate":"https:\/\/inti.hr\/sr\/?s={search_term_string}"},"query-input":{"@type":"PropertyValueSpecification","valueRequired":true,"valueName":"search_term_string"}}],"inLanguage":"sr-RS"}]}},"jetpack_sharing_enabled":true,"jetpack-related-posts":[],"_links":{"self":[{"href":"https:\/\/inti.hr\/sr\/wp-json\/wp\/v2\/product\/37353"}],"collection":[{"href":"https:\/\/inti.hr\/sr\/wp-json\/wp\/v2\/product"}],"about":[{"href":"https:\/\/inti.hr\/sr\/wp-json\/wp\/v2\/types\/product"}],"wp:featuredmedia":[{"embeddable":true,"href":"https:\/\/inti.hr\/sr\/wp-json\/wp\/v2\/media\/37354"}],"wp:attachment":[{"href":"https:\/\/inti.hr\/sr\/wp-json\/wp\/v2\/media?parent=37353"}],"wp:term":[{"taxonomy":"product_cat","embeddable":true,"href":"https:\/\/inti.hr\/sr\/wp-json\/wp\/v2\/product_cat?post=37353"},{"taxonomy":"product_tag","embeddable":true,"href":"https:\/\/inti.hr\/sr\/wp-json\/wp\/v2\/product_tag?post=37353"}],"curies":[{"name":"wp","href":"https:\/\/api.w.org\/{rel}","templated":true}]}}