{"id":37369,"date":"2024-03-12T10:25:33","date_gmt":"2024-03-12T09:25:33","guid":{"rendered":"https:\/\/inti.hr\/product\/set-vrtnog-namjestaja-3-kom-terasa-vrtana-garnitura\/"},"modified":"2024-03-12T10:25:33","modified_gmt":"2024-03-12T09:25:33","slug":"set-vrtnog-namjestaja-3-kom-terasa-vrtana-garnitura","status":"publish","type":"product","link":"https:\/\/inti.hr\/sr\/proizvod\/set-vrtnog-namjestaja-3-kom-terasa-vrtana-garnitura\/","title":{"rendered":"Set vrtnog namje\u0161taja 3 kom"},"content":{"rendered":"<p>&#8211; Boja: Brown Taupe<br \/>\n&#8211; Materijal stolice i stola: okvir od pocin\u010danog metala, PE poliratan, kaljeno staklo,<br \/>\n&#8211; Materijal jastuka: VFT podstava (Vertical Fiber Technology), presvlaka od poliesterske tkanine<br \/>\n&#8211; Veli\u010dina stolice: 56,5 x 54,5 x 81,5 cm (D x \u0160 x V)<br \/>\n&#8211; Veli\u010dina stola: 40 x 40 x 45,5 cm (D x \u0160 x V)<br \/>\n&#8211; Ukupna te\u017eina: 16,3 kg<br \/>\n&#8211; Maksimalna stati\u010dka nosivost po stolcu: 150 kg<br \/>\n&#8211; Maksimalna stati\u010dka nosivost stola: 30 kg<\/p>\n","protected":false},"excerpt":{"rendered":"<p>Jednostavan izgled i \u010dvrste metalne noge nagla\u0161avaju moderan \u0161arm ovog vrtnog &#8230; <\/p>\n","protected":false},"featured_media":37370,"template":"","meta":[],"product_cat":[2461],"product_tag":[2527,2487],"yoast_head":"<!-- This site is optimized with the Yoast SEO plugin v23.7 - https:\/\/yoast.com\/wordpress\/plugins\/seo\/ -->\n<title>Set vrtnog namje\u0161taja 3 kom - Inti<\/title>\n<meta name=\"description\" content=\"Jednostavan izgled i \u010dvrste metalne noge nagla\u0161avaju moderan \u0161arm ovog vrtnog namje\u0161taja. PE ratan povr\u0161ina dodaje primamljivu notu va\u0161em ljetnom vrtu. Pomo\u0107ni stol ima robusnu plo\u010du od kaljenog stakla. Zahvaljuju\u0107i \u010dvrstom metalnom okviru i PE poli zve\u010dki otpornoj na vremenske uvjete, ovaj balkonski namje\u0161taj \u0107e vas pratiti dugi niz godina. Ne morate tro\u0161iti vrijeme na tra\u017eenje pravog vijka jer vam isporu\u010dujemo vijke iste veli\u010dine. Precizno izbu\u0161ene rupe i jasne upute poma\u017eu vam da sastavite namje\u0161taj bez napora. Dobro podstavljeni jastuci za sjedenje (5 cm debljine) i ergonomski oblikovani nasloni osiguravaju ugodno iskustvo sjedenja. Ups! Jeste li ne\u0161to prolili? Uklonjive navlake za jastuke i staklena plo\u010da stola lako se \u010diste: zbogom brigama!\" \/>\n<meta name=\"robots\" content=\"index, follow, max-snippet:-1, max-image-preview:large, max-video-preview:-1\" \/>\n<link rel=\"canonical\" href=\"https:\/\/inti.hr\/sr\/proizvod\/set-vrtnog-namjestaja-3-kom-terasa-vrtana-garnitura\/\" \/>\n<meta property=\"og:locale\" content=\"sr_RS\" \/>\n<meta property=\"og:type\" content=\"article\" \/>\n<meta property=\"og:title\" content=\"Set vrtnog namje\u0161taja 3 kom - Inti\" \/>\n<meta property=\"og:description\" content=\"Jednostavan izgled i \u010dvrste metalne noge nagla\u0161avaju moderan \u0161arm ovog vrtnog namje\u0161taja. PE ratan povr\u0161ina dodaje primamljivu notu va\u0161em ljetnom vrtu. Pomo\u0107ni stol ima robusnu plo\u010du od kaljenog stakla. Zahvaljuju\u0107i \u010dvrstom metalnom okviru i PE poli zve\u010dki otpornoj na vremenske uvjete, ovaj balkonski namje\u0161taj \u0107e vas pratiti dugi niz godina. Ne morate tro\u0161iti vrijeme na tra\u017eenje pravog vijka jer vam isporu\u010dujemo vijke iste veli\u010dine. Precizno izbu\u0161ene rupe i jasne upute poma\u017eu vam da sastavite namje\u0161taj bez napora. Dobro podstavljeni jastuci za sjedenje (5 cm debljine) i ergonomski oblikovani nasloni osiguravaju ugodno iskustvo sjedenja. Ups! Jeste li ne\u0161to prolili? Uklonjive navlake za jastuke i staklena plo\u010da stola lako se \u010diste: zbogom brigama!\" \/>\n<meta property=\"og:url\" content=\"https:\/\/inti.hr\/sr\/proizvod\/set-vrtnog-namjestaja-3-kom-terasa-vrtana-garnitura\/\" \/>\n<meta property=\"og:site_name\" content=\"Inti\" \/>\n<meta property=\"og:image\" content=\"https:\/\/i0.wp.com\/inti.hr\/wp-content\/uploads\/2024\/03\/GGF003K01-2jpg-e1710235410376.jpg?fit=1000%2C896&ssl=1\" \/>\n\t<meta property=\"og:image:width\" content=\"1000\" \/>\n\t<meta property=\"og:image:height\" content=\"896\" \/>\n\t<meta property=\"og:image:type\" content=\"image\/jpeg\" \/>\n<meta name=\"twitter:card\" content=\"summary_large_image\" \/>\n<script type=\"application\/ld+json\" class=\"yoast-schema-graph\">{\"@context\":\"https:\/\/schema.org\",\"@graph\":[{\"@type\":\"WebPage\",\"@id\":\"https:\/\/inti.hr\/sr\/proizvod\/set-vrtnog-namjestaja-3-kom-terasa-vrtana-garnitura\/\",\"url\":\"https:\/\/inti.hr\/sr\/proizvod\/set-vrtnog-namjestaja-3-kom-terasa-vrtana-garnitura\/\",\"name\":\"Set vrtnog namje\u0161taja 3 kom - Inti\",\"isPartOf\":{\"@id\":\"https:\/\/inti.hr\/sr\/#website\"},\"primaryImageOfPage\":{\"@id\":\"https:\/\/inti.hr\/sr\/proizvod\/set-vrtnog-namjestaja-3-kom-terasa-vrtana-garnitura\/#primaryimage\"},\"image\":{\"@id\":\"https:\/\/inti.hr\/sr\/proizvod\/set-vrtnog-namjestaja-3-kom-terasa-vrtana-garnitura\/#primaryimage\"},\"thumbnailUrl\":\"https:\/\/i0.wp.com\/inti.hr\/wp-content\/uploads\/2024\/03\/GGF003K01-2jpg-e1710235410376.jpg?fit=1000%2C896&ssl=1\",\"datePublished\":\"2024-03-12T09:25:33+00:00\",\"dateModified\":\"2024-03-12T09:25:33+00:00\",\"description\":\"Jednostavan izgled i \u010dvrste metalne noge nagla\u0161avaju moderan \u0161arm ovog vrtnog namje\u0161taja. PE ratan povr\u0161ina dodaje primamljivu notu va\u0161em ljetnom vrtu. Pomo\u0107ni stol ima robusnu plo\u010du od kaljenog stakla. Zahvaljuju\u0107i \u010dvrstom metalnom okviru i PE poli zve\u010dki otpornoj na vremenske uvjete, ovaj balkonski namje\u0161taj \u0107e vas pratiti dugi niz godina. Ne morate tro\u0161iti vrijeme na tra\u017eenje pravog vijka jer vam isporu\u010dujemo vijke iste veli\u010dine. Precizno izbu\u0161ene rupe i jasne upute poma\u017eu vam da sastavite namje\u0161taj bez napora. Dobro podstavljeni jastuci za sjedenje (5 cm debljine) i ergonomski oblikovani nasloni osiguravaju ugodno iskustvo sjedenja. Ups! Jeste li ne\u0161to prolili? Uklonjive navlake za jastuke i staklena plo\u010da stola lako se \u010diste: zbogom brigama!\",\"breadcrumb\":{\"@id\":\"https:\/\/inti.hr\/sr\/proizvod\/set-vrtnog-namjestaja-3-kom-terasa-vrtana-garnitura\/#breadcrumb\"},\"inLanguage\":\"sr-RS\",\"potentialAction\":[{\"@type\":\"ReadAction\",\"target\":[\"https:\/\/inti.hr\/sr\/proizvod\/set-vrtnog-namjestaja-3-kom-terasa-vrtana-garnitura\/\"]}]},{\"@type\":\"ImageObject\",\"inLanguage\":\"sr-RS\",\"@id\":\"https:\/\/inti.hr\/sr\/proizvod\/set-vrtnog-namjestaja-3-kom-terasa-vrtana-garnitura\/#primaryimage\",\"url\":\"https:\/\/i0.wp.com\/inti.hr\/wp-content\/uploads\/2024\/03\/GGF003K01-2jpg-e1710235410376.jpg?fit=1000%2C896&ssl=1\",\"contentUrl\":\"https:\/\/i0.wp.com\/inti.hr\/wp-content\/uploads\/2024\/03\/GGF003K01-2jpg-e1710235410376.jpg?fit=1000%2C896&ssl=1\",\"width\":1000,\"height\":896,\"caption\":\"Set vrtnog namje\u0161taja 3 kom\"},{\"@type\":\"BreadcrumbList\",\"@id\":\"https:\/\/inti.hr\/sr\/proizvod\/set-vrtnog-namjestaja-3-kom-terasa-vrtana-garnitura\/#breadcrumb\",\"itemListElement\":[{\"@type\":\"ListItem\",\"position\":1,\"name\":\"Po\u010detna stranica\",\"item\":\"https:\/\/inti.hr\/sr\/\"},{\"@type\":\"ListItem\",\"position\":2,\"name\":\"Prodavnica\",\"item\":\"https:\/\/inti.hr\/sr\/prodavnica\/\"},{\"@type\":\"ListItem\",\"position\":3,\"name\":\"Set vrtnog namje\u0161taja 3 kom\"}]},{\"@type\":\"WebSite\",\"@id\":\"https:\/\/inti.hr\/sr\/#website\",\"url\":\"https:\/\/inti.hr\/sr\/\",\"name\":\"Inti\",\"description\":\"trgovina\",\"potentialAction\":[{\"@type\":\"SearchAction\",\"target\":{\"@type\":\"EntryPoint\",\"urlTemplate\":\"https:\/\/inti.hr\/sr\/?s={search_term_string}\"},\"query-input\":{\"@type\":\"PropertyValueSpecification\",\"valueRequired\":true,\"valueName\":\"search_term_string\"}}],\"inLanguage\":\"sr-RS\"}]}<\/script>\n<!-- \/ Yoast SEO plugin. -->","yoast_head_json":{"title":"Set vrtnog namje\u0161taja 3 kom - Inti","description":"Jednostavan izgled i \u010dvrste metalne noge nagla\u0161avaju moderan \u0161arm ovog vrtnog namje\u0161taja. PE ratan povr\u0161ina dodaje primamljivu notu va\u0161em ljetnom vrtu. Pomo\u0107ni stol ima robusnu plo\u010du od kaljenog stakla. Zahvaljuju\u0107i \u010dvrstom metalnom okviru i PE poli zve\u010dki otpornoj na vremenske uvjete, ovaj balkonski namje\u0161taj \u0107e vas pratiti dugi niz godina. Ne morate tro\u0161iti vrijeme na tra\u017eenje pravog vijka jer vam isporu\u010dujemo vijke iste veli\u010dine. Precizno izbu\u0161ene rupe i jasne upute poma\u017eu vam da sastavite namje\u0161taj bez napora. Dobro podstavljeni jastuci za sjedenje (5 cm debljine) i ergonomski oblikovani nasloni osiguravaju ugodno iskustvo sjedenja. Ups! Jeste li ne\u0161to prolili? Uklonjive navlake za jastuke i staklena plo\u010da stola lako se \u010diste: zbogom brigama!","robots":{"index":"index","follow":"follow","max-snippet":"max-snippet:-1","max-image-preview":"max-image-preview:large","max-video-preview":"max-video-preview:-1"},"canonical":"https:\/\/inti.hr\/sr\/proizvod\/set-vrtnog-namjestaja-3-kom-terasa-vrtana-garnitura\/","og_locale":"sr_RS","og_type":"article","og_title":"Set vrtnog namje\u0161taja 3 kom - Inti","og_description":"Jednostavan izgled i \u010dvrste metalne noge nagla\u0161avaju moderan \u0161arm ovog vrtnog namje\u0161taja. PE ratan povr\u0161ina dodaje primamljivu notu va\u0161em ljetnom vrtu. Pomo\u0107ni stol ima robusnu plo\u010du od kaljenog stakla. Zahvaljuju\u0107i \u010dvrstom metalnom okviru i PE poli zve\u010dki otpornoj na vremenske uvjete, ovaj balkonski namje\u0161taj \u0107e vas pratiti dugi niz godina. Ne morate tro\u0161iti vrijeme na tra\u017eenje pravog vijka jer vam isporu\u010dujemo vijke iste veli\u010dine. Precizno izbu\u0161ene rupe i jasne upute poma\u017eu vam da sastavite namje\u0161taj bez napora. Dobro podstavljeni jastuci za sjedenje (5 cm debljine) i ergonomski oblikovani nasloni osiguravaju ugodno iskustvo sjedenja. Ups! Jeste li ne\u0161to prolili? Uklonjive navlake za jastuke i staklena plo\u010da stola lako se \u010diste: zbogom brigama!","og_url":"https:\/\/inti.hr\/sr\/proizvod\/set-vrtnog-namjestaja-3-kom-terasa-vrtana-garnitura\/","og_site_name":"Inti","og_image":[{"width":1000,"height":896,"url":"https:\/\/i0.wp.com\/inti.hr\/wp-content\/uploads\/2024\/03\/GGF003K01-2jpg-e1710235410376.jpg?fit=1000%2C896&ssl=1","type":"image\/jpeg"}],"twitter_card":"summary_large_image","schema":{"@context":"https:\/\/schema.org","@graph":[{"@type":"WebPage","@id":"https:\/\/inti.hr\/sr\/proizvod\/set-vrtnog-namjestaja-3-kom-terasa-vrtana-garnitura\/","url":"https:\/\/inti.hr\/sr\/proizvod\/set-vrtnog-namjestaja-3-kom-terasa-vrtana-garnitura\/","name":"Set vrtnog namje\u0161taja 3 kom - Inti","isPartOf":{"@id":"https:\/\/inti.hr\/sr\/#website"},"primaryImageOfPage":{"@id":"https:\/\/inti.hr\/sr\/proizvod\/set-vrtnog-namjestaja-3-kom-terasa-vrtana-garnitura\/#primaryimage"},"image":{"@id":"https:\/\/inti.hr\/sr\/proizvod\/set-vrtnog-namjestaja-3-kom-terasa-vrtana-garnitura\/#primaryimage"},"thumbnailUrl":"https:\/\/i0.wp.com\/inti.hr\/wp-content\/uploads\/2024\/03\/GGF003K01-2jpg-e1710235410376.jpg?fit=1000%2C896&ssl=1","datePublished":"2024-03-12T09:25:33+00:00","dateModified":"2024-03-12T09:25:33+00:00","description":"Jednostavan izgled i \u010dvrste metalne noge nagla\u0161avaju moderan \u0161arm ovog vrtnog namje\u0161taja. PE ratan povr\u0161ina dodaje primamljivu notu va\u0161em ljetnom vrtu. Pomo\u0107ni stol ima robusnu plo\u010du od kaljenog stakla. Zahvaljuju\u0107i \u010dvrstom metalnom okviru i PE poli zve\u010dki otpornoj na vremenske uvjete, ovaj balkonski namje\u0161taj \u0107e vas pratiti dugi niz godina. Ne morate tro\u0161iti vrijeme na tra\u017eenje pravog vijka jer vam isporu\u010dujemo vijke iste veli\u010dine. Precizno izbu\u0161ene rupe i jasne upute poma\u017eu vam da sastavite namje\u0161taj bez napora. Dobro podstavljeni jastuci za sjedenje (5 cm debljine) i ergonomski oblikovani nasloni osiguravaju ugodno iskustvo sjedenja. Ups! Jeste li ne\u0161to prolili? Uklonjive navlake za jastuke i staklena plo\u010da stola lako se \u010diste: zbogom brigama!","breadcrumb":{"@id":"https:\/\/inti.hr\/sr\/proizvod\/set-vrtnog-namjestaja-3-kom-terasa-vrtana-garnitura\/#breadcrumb"},"inLanguage":"sr-RS","potentialAction":[{"@type":"ReadAction","target":["https:\/\/inti.hr\/sr\/proizvod\/set-vrtnog-namjestaja-3-kom-terasa-vrtana-garnitura\/"]}]},{"@type":"ImageObject","inLanguage":"sr-RS","@id":"https:\/\/inti.hr\/sr\/proizvod\/set-vrtnog-namjestaja-3-kom-terasa-vrtana-garnitura\/#primaryimage","url":"https:\/\/i0.wp.com\/inti.hr\/wp-content\/uploads\/2024\/03\/GGF003K01-2jpg-e1710235410376.jpg?fit=1000%2C896&ssl=1","contentUrl":"https:\/\/i0.wp.com\/inti.hr\/wp-content\/uploads\/2024\/03\/GGF003K01-2jpg-e1710235410376.jpg?fit=1000%2C896&ssl=1","width":1000,"height":896,"caption":"Set vrtnog namje\u0161taja 3 kom"},{"@type":"BreadcrumbList","@id":"https:\/\/inti.hr\/sr\/proizvod\/set-vrtnog-namjestaja-3-kom-terasa-vrtana-garnitura\/#breadcrumb","itemListElement":[{"@type":"ListItem","position":1,"name":"Po\u010detna stranica","item":"https:\/\/inti.hr\/sr\/"},{"@type":"ListItem","position":2,"name":"Prodavnica","item":"https:\/\/inti.hr\/sr\/prodavnica\/"},{"@type":"ListItem","position":3,"name":"Set vrtnog namje\u0161taja 3 kom"}]},{"@type":"WebSite","@id":"https:\/\/inti.hr\/sr\/#website","url":"https:\/\/inti.hr\/sr\/","name":"Inti","description":"trgovina","potentialAction":[{"@type":"SearchAction","target":{"@type":"EntryPoint","urlTemplate":"https:\/\/inti.hr\/sr\/?s={search_term_string}"},"query-input":{"@type":"PropertyValueSpecification","valueRequired":true,"valueName":"search_term_string"}}],"inLanguage":"sr-RS"}]}},"jetpack_sharing_enabled":true,"jetpack-related-posts":[],"_links":{"self":[{"href":"https:\/\/inti.hr\/sr\/wp-json\/wp\/v2\/product\/37369"}],"collection":[{"href":"https:\/\/inti.hr\/sr\/wp-json\/wp\/v2\/product"}],"about":[{"href":"https:\/\/inti.hr\/sr\/wp-json\/wp\/v2\/types\/product"}],"wp:featuredmedia":[{"embeddable":true,"href":"https:\/\/inti.hr\/sr\/wp-json\/wp\/v2\/media\/37370"}],"wp:attachment":[{"href":"https:\/\/inti.hr\/sr\/wp-json\/wp\/v2\/media?parent=37369"}],"wp:term":[{"taxonomy":"product_cat","embeddable":true,"href":"https:\/\/inti.hr\/sr\/wp-json\/wp\/v2\/product_cat?post=37369"},{"taxonomy":"product_tag","embeddable":true,"href":"https:\/\/inti.hr\/sr\/wp-json\/wp\/v2\/product_tag?post=37369"}],"curies":[{"name":"wp","href":"https:\/\/api.w.org\/{rel}","templated":true}]}}