{"id":37385,"date":"2024-03-12T09:55:04","date_gmt":"2024-03-12T08:55:04","guid":{"rendered":"https:\/\/inti.hr\/product\/sklopivi-boks-za-pse-velicine-s-classic-crni\/"},"modified":"2024-03-12T09:55:04","modified_gmt":"2024-03-12T08:55:04","slug":"sklopivi-boks-za-pse-velicine-s-classic-crni","status":"publish","type":"product","link":"https:\/\/inti.hr\/sr\/proizvod\/sklopivi-boks-za-pse-velicine-s-classic-crni\/","title":{"rendered":"Sklopivi boks za pse veli\u010dine S classic crni"},"content":{"rendered":"<p>Detalji proizvoda:<\/p>\n<p>Boja: klasi\u010dna crna<br \/>\nMaterijal: metalni okvir, 600D Oxford tkanina, PVC premaz, flis<br \/>\nRasklopljena veli\u010dina: 43 x 30 x 30 cm (D x \u0160 x V)<br \/>\nSklopljena veli\u010dina: 43 x 30 x 10 cm (D x \u0160 x V)<br \/>\nTe\u017eina: 2 kg<br \/>\nPreporu\u010da se za \u017eivotinje te\u017eine do 6 kg<\/p>\n","protected":false},"excerpt":{"rendered":"<p>Ova nosiljka za ku\u0107ne ljubimce dimenzija 43 x 30 x 30 &#8230; <\/p>\n","protected":false},"featured_media":37386,"template":"","meta":[],"product_cat":[2404],"product_tag":[2649,5147],"yoast_head":"<!-- This site is optimized with the Yoast SEO plugin v23.7 - https:\/\/yoast.com\/wordpress\/plugins\/seo\/ -->\n<title>Sklopivi boks za pse veli\u010dine S classic crni - Inti<\/title>\n<meta name=\"robots\" content=\"index, follow, max-snippet:-1, max-image-preview:large, max-video-preview:-1\" \/>\n<link rel=\"canonical\" href=\"https:\/\/inti.hr\/sr\/proizvod\/sklopivi-boks-za-pse-velicine-s-classic-crni\/\" \/>\n<meta property=\"og:locale\" content=\"sr_RS\" \/>\n<meta property=\"og:type\" content=\"article\" \/>\n<meta property=\"og:title\" content=\"Sklopivi boks za pse veli\u010dine S classic crni - Inti\" \/>\n<meta property=\"og:description\" content=\"Ova nosiljka za ku\u0107ne ljubimce dimenzija 43 x 30 x 30 ...\" \/>\n<meta property=\"og:url\" content=\"https:\/\/inti.hr\/sr\/proizvod\/sklopivi-boks-za-pse-velicine-s-classic-crni\/\" \/>\n<meta property=\"og:site_name\" content=\"Inti\" \/>\n<meta property=\"og:image\" content=\"https:\/\/i0.wp.com\/inti.hr\/wp-content\/uploads\/2024\/03\/PDC004B01-1.jpg?fit=1000%2C1000&ssl=1\" \/>\n\t<meta property=\"og:image:width\" content=\"1000\" \/>\n\t<meta property=\"og:image:height\" content=\"1000\" \/>\n\t<meta property=\"og:image:type\" content=\"image\/jpeg\" \/>\n<meta name=\"twitter:card\" content=\"summary_large_image\" \/>\n<script type=\"application\/ld+json\" class=\"yoast-schema-graph\">{\"@context\":\"https:\/\/schema.org\",\"@graph\":[{\"@type\":\"WebPage\",\"@id\":\"https:\/\/inti.hr\/sr\/proizvod\/sklopivi-boks-za-pse-velicine-s-classic-crni\/\",\"url\":\"https:\/\/inti.hr\/sr\/proizvod\/sklopivi-boks-za-pse-velicine-s-classic-crni\/\",\"name\":\"Sklopivi boks za pse veli\u010dine S classic crni - Inti\",\"isPartOf\":{\"@id\":\"https:\/\/inti.hr\/sr\/#website\"},\"primaryImageOfPage\":{\"@id\":\"https:\/\/inti.hr\/sr\/proizvod\/sklopivi-boks-za-pse-velicine-s-classic-crni\/#primaryimage\"},\"image\":{\"@id\":\"https:\/\/inti.hr\/sr\/proizvod\/sklopivi-boks-za-pse-velicine-s-classic-crni\/#primaryimage\"},\"thumbnailUrl\":\"https:\/\/i0.wp.com\/inti.hr\/wp-content\/uploads\/2024\/03\/PDC004B01-1.jpg?fit=1000%2C1000&ssl=1\",\"datePublished\":\"2024-03-12T08:55:04+00:00\",\"dateModified\":\"2024-03-12T08:55:04+00:00\",\"breadcrumb\":{\"@id\":\"https:\/\/inti.hr\/sr\/proizvod\/sklopivi-boks-za-pse-velicine-s-classic-crni\/#breadcrumb\"},\"inLanguage\":\"sr-RS\",\"potentialAction\":[{\"@type\":\"ReadAction\",\"target\":[\"https:\/\/inti.hr\/sr\/proizvod\/sklopivi-boks-za-pse-velicine-s-classic-crni\/\"]}]},{\"@type\":\"ImageObject\",\"inLanguage\":\"sr-RS\",\"@id\":\"https:\/\/inti.hr\/sr\/proizvod\/sklopivi-boks-za-pse-velicine-s-classic-crni\/#primaryimage\",\"url\":\"https:\/\/i0.wp.com\/inti.hr\/wp-content\/uploads\/2024\/03\/PDC004B01-1.jpg?fit=1000%2C1000&ssl=1\",\"contentUrl\":\"https:\/\/i0.wp.com\/inti.hr\/wp-content\/uploads\/2024\/03\/PDC004B01-1.jpg?fit=1000%2C1000&ssl=1\",\"width\":1000,\"height\":1000,\"caption\":\"Sklopivi boks za pse veli\u010dine S classic crni\"},{\"@type\":\"BreadcrumbList\",\"@id\":\"https:\/\/inti.hr\/sr\/proizvod\/sklopivi-boks-za-pse-velicine-s-classic-crni\/#breadcrumb\",\"itemListElement\":[{\"@type\":\"ListItem\",\"position\":1,\"name\":\"Po\u010detna stranica\",\"item\":\"https:\/\/inti.hr\/sr\/\"},{\"@type\":\"ListItem\",\"position\":2,\"name\":\"Prodavnica\",\"item\":\"https:\/\/inti.hr\/sr\/prodavnica\/\"},{\"@type\":\"ListItem\",\"position\":3,\"name\":\"Sklopivi boks za pse veli\u010dine S classic crni\"}]},{\"@type\":\"WebSite\",\"@id\":\"https:\/\/inti.hr\/sr\/#website\",\"url\":\"https:\/\/inti.hr\/sr\/\",\"name\":\"Inti\",\"description\":\"trgovina\",\"potentialAction\":[{\"@type\":\"SearchAction\",\"target\":{\"@type\":\"EntryPoint\",\"urlTemplate\":\"https:\/\/inti.hr\/sr\/?s={search_term_string}\"},\"query-input\":{\"@type\":\"PropertyValueSpecification\",\"valueRequired\":true,\"valueName\":\"search_term_string\"}}],\"inLanguage\":\"sr-RS\"}]}<\/script>\n<!-- \/ Yoast SEO plugin. -->","yoast_head_json":{"title":"Sklopivi boks za pse veli\u010dine S classic crni - Inti","robots":{"index":"index","follow":"follow","max-snippet":"max-snippet:-1","max-image-preview":"max-image-preview:large","max-video-preview":"max-video-preview:-1"},"canonical":"https:\/\/inti.hr\/sr\/proizvod\/sklopivi-boks-za-pse-velicine-s-classic-crni\/","og_locale":"sr_RS","og_type":"article","og_title":"Sklopivi boks za pse veli\u010dine S classic crni - Inti","og_description":"Ova nosiljka za ku\u0107ne ljubimce dimenzija 43 x 30 x 30 ...","og_url":"https:\/\/inti.hr\/sr\/proizvod\/sklopivi-boks-za-pse-velicine-s-classic-crni\/","og_site_name":"Inti","og_image":[{"width":1000,"height":1000,"url":"https:\/\/i0.wp.com\/inti.hr\/wp-content\/uploads\/2024\/03\/PDC004B01-1.jpg?fit=1000%2C1000&ssl=1","type":"image\/jpeg"}],"twitter_card":"summary_large_image","schema":{"@context":"https:\/\/schema.org","@graph":[{"@type":"WebPage","@id":"https:\/\/inti.hr\/sr\/proizvod\/sklopivi-boks-za-pse-velicine-s-classic-crni\/","url":"https:\/\/inti.hr\/sr\/proizvod\/sklopivi-boks-za-pse-velicine-s-classic-crni\/","name":"Sklopivi boks za pse veli\u010dine S classic crni - Inti","isPartOf":{"@id":"https:\/\/inti.hr\/sr\/#website"},"primaryImageOfPage":{"@id":"https:\/\/inti.hr\/sr\/proizvod\/sklopivi-boks-za-pse-velicine-s-classic-crni\/#primaryimage"},"image":{"@id":"https:\/\/inti.hr\/sr\/proizvod\/sklopivi-boks-za-pse-velicine-s-classic-crni\/#primaryimage"},"thumbnailUrl":"https:\/\/i0.wp.com\/inti.hr\/wp-content\/uploads\/2024\/03\/PDC004B01-1.jpg?fit=1000%2C1000&ssl=1","datePublished":"2024-03-12T08:55:04+00:00","dateModified":"2024-03-12T08:55:04+00:00","breadcrumb":{"@id":"https:\/\/inti.hr\/sr\/proizvod\/sklopivi-boks-za-pse-velicine-s-classic-crni\/#breadcrumb"},"inLanguage":"sr-RS","potentialAction":[{"@type":"ReadAction","target":["https:\/\/inti.hr\/sr\/proizvod\/sklopivi-boks-za-pse-velicine-s-classic-crni\/"]}]},{"@type":"ImageObject","inLanguage":"sr-RS","@id":"https:\/\/inti.hr\/sr\/proizvod\/sklopivi-boks-za-pse-velicine-s-classic-crni\/#primaryimage","url":"https:\/\/i0.wp.com\/inti.hr\/wp-content\/uploads\/2024\/03\/PDC004B01-1.jpg?fit=1000%2C1000&ssl=1","contentUrl":"https:\/\/i0.wp.com\/inti.hr\/wp-content\/uploads\/2024\/03\/PDC004B01-1.jpg?fit=1000%2C1000&ssl=1","width":1000,"height":1000,"caption":"Sklopivi boks za pse veli\u010dine S classic crni"},{"@type":"BreadcrumbList","@id":"https:\/\/inti.hr\/sr\/proizvod\/sklopivi-boks-za-pse-velicine-s-classic-crni\/#breadcrumb","itemListElement":[{"@type":"ListItem","position":1,"name":"Po\u010detna stranica","item":"https:\/\/inti.hr\/sr\/"},{"@type":"ListItem","position":2,"name":"Prodavnica","item":"https:\/\/inti.hr\/sr\/prodavnica\/"},{"@type":"ListItem","position":3,"name":"Sklopivi boks za pse veli\u010dine S classic crni"}]},{"@type":"WebSite","@id":"https:\/\/inti.hr\/sr\/#website","url":"https:\/\/inti.hr\/sr\/","name":"Inti","description":"trgovina","potentialAction":[{"@type":"SearchAction","target":{"@type":"EntryPoint","urlTemplate":"https:\/\/inti.hr\/sr\/?s={search_term_string}"},"query-input":{"@type":"PropertyValueSpecification","valueRequired":true,"valueName":"search_term_string"}}],"inLanguage":"sr-RS"}]}},"jetpack_sharing_enabled":true,"jetpack-related-posts":[],"_links":{"self":[{"href":"https:\/\/inti.hr\/sr\/wp-json\/wp\/v2\/product\/37385"}],"collection":[{"href":"https:\/\/inti.hr\/sr\/wp-json\/wp\/v2\/product"}],"about":[{"href":"https:\/\/inti.hr\/sr\/wp-json\/wp\/v2\/types\/product"}],"wp:featuredmedia":[{"embeddable":true,"href":"https:\/\/inti.hr\/sr\/wp-json\/wp\/v2\/media\/37386"}],"wp:attachment":[{"href":"https:\/\/inti.hr\/sr\/wp-json\/wp\/v2\/media?parent=37385"}],"wp:term":[{"taxonomy":"product_cat","embeddable":true,"href":"https:\/\/inti.hr\/sr\/wp-json\/wp\/v2\/product_cat?post=37385"},{"taxonomy":"product_tag","embeddable":true,"href":"https:\/\/inti.hr\/sr\/wp-json\/wp\/v2\/product_tag?post=37385"}],"curies":[{"name":"wp","href":"https:\/\/api.w.org\/{rel}","templated":true}]}}