{"id":37389,"date":"2024-03-12T09:51:10","date_gmt":"2024-03-12T08:51:10","guid":{"rendered":"https:\/\/inti.hr\/product\/grebalica-visoka-111-cm-s-deblom-od-sisala-u-klasicnoj-crnoj-boji\/"},"modified":"2024-03-12T09:51:10","modified_gmt":"2024-03-12T08:51:10","slug":"grebalica-visoka-111-cm-s-deblom-od-sisala-u-klasicnoj-crnoj-boji","status":"publish","type":"product","link":"https:\/\/inti.hr\/sr\/proizvod\/grebalica-visoka-111-cm-s-deblom-od-sisala-u-klasicnoj-crnoj-boji\/","title":{"rendered":"Grebalica visoka 111 cm s deblom od sisala u klasi\u010dnoj crnoj boji"},"content":{"rendered":"<p>Detalji proizvoda:<\/p>\n<p>Boja: klasi\u010dna crna<br \/>\nMaterijal: \u010delik, iverica, sisal<br \/>\nVeli\u010dina: 80 x 43 x 111 cm (D x \u0160 x V)<br \/>\nTe\u017eina: 15,4 kg<br \/>\nMaksimalna ukupna stati\u010dka nosivost: 60 kg<\/p>\n","protected":false},"excerpt":{"rendered":"<p>Ovo ma\u010dje stablo minimalisti\u010dkog dizajna mo\u017ee se lako integrirati u stil &#8230; <\/p>\n","protected":false},"featured_media":37390,"template":"","meta":[],"product_cat":[2404],"product_tag":[2532,2649],"yoast_head":"<!-- This site is optimized with the Yoast SEO plugin v23.7 - https:\/\/yoast.com\/wordpress\/plugins\/seo\/ -->\n<title>Grebalica visoka 111 cm s deblom od sisala u klasi\u010dnoj crnoj boji - Inti<\/title>\n<meta name=\"description\" content=\"Ovo ma\u010dje stablo minimalisti\u010dkog dizajna mo\u017ee se lako integrirati u stil va\u0161eg doma, a istovremeno pru\u017ea udobno uto\u010di\u0161te i igrali\u0161te za va\u0161eg krznenog prijatelja. Prostrana platforma (\u00d8 43 cm) nudi velikim ma\u010dkama udobno mjesto za odmor. Deblo od sisala visine 69 cm omogu\u0107uje \u010detverono\u017enim prijateljima da rastegnu i o\u0161tre kand\u017ee. Stub za grebanje ma\u010daka ima tri razine koje ma\u010dkama omogu\u0107uju skakanje na razli\u010dite visine. Struktura raspore\u0111ena u stupnjevima za jednostavno ula\u017eenje i sila\u017eenje. Izra\u0111eno od cjevastog \u010delika i drvene sje\u010dke i opremljeno za\u0161titom od prevrtanja, ovo ma\u010dje drvo pru\u017ea visoku stabilnost kada va\u0161a ma\u010dka ska\u010de i igra se, stvaraju\u0107i sigurno okru\u017eenje za vas i va\u0161u obitelj. Ma\u010dke se mogu odmoriti na dobro podstavljenoj platformi i promatrati svoje kraljevstvo. Va\u0161e ma\u010dke mogu napuniti baterije pomo\u0107u stupa za grebanje, \u0161pilje i ma\u010dje lopte za igranje koja visi ispod. Izra\u0111ena od drvene iverice, povr\u0161ina ma\u010djeg stabla lako se \u010disti. Jednostavno obri\u0161ite krpom kako biste uklonili sve dlake, prljav\u0161tinu ili mrvice kako bi podru\u010dje ostalo \u010disto, a va\u0161 krzneni prijatelj zdrav. Vise\u0107a lopta igra\u010dka budi lova\u010dki instinkt va\u0161e male krznene lopte; zvono pru\u017ea dodatnu zabavu; Postoji i zamjenska lopta bez zvona.\u00a0\" \/>\n<meta name=\"robots\" content=\"index, follow, max-snippet:-1, max-image-preview:large, max-video-preview:-1\" \/>\n<link rel=\"canonical\" href=\"https:\/\/inti.hr\/sr\/proizvod\/grebalica-visoka-111-cm-s-deblom-od-sisala-u-klasicnoj-crnoj-boji\/\" \/>\n<meta property=\"og:locale\" content=\"sr_RS\" \/>\n<meta property=\"og:type\" content=\"article\" \/>\n<meta property=\"og:title\" content=\"Grebalica visoka 111 cm s deblom od sisala u klasi\u010dnoj crnoj boji - Inti\" \/>\n<meta property=\"og:description\" content=\"Ovo ma\u010dje stablo minimalisti\u010dkog dizajna mo\u017ee se lako integrirati u stil va\u0161eg doma, a istovremeno pru\u017ea udobno uto\u010di\u0161te i igrali\u0161te za va\u0161eg krznenog prijatelja. Prostrana platforma (\u00d8 43 cm) nudi velikim ma\u010dkama udobno mjesto za odmor. Deblo od sisala visine 69 cm omogu\u0107uje \u010detverono\u017enim prijateljima da rastegnu i o\u0161tre kand\u017ee. Stub za grebanje ma\u010daka ima tri razine koje ma\u010dkama omogu\u0107uju skakanje na razli\u010dite visine. Struktura raspore\u0111ena u stupnjevima za jednostavno ula\u017eenje i sila\u017eenje. Izra\u0111eno od cjevastog \u010delika i drvene sje\u010dke i opremljeno za\u0161titom od prevrtanja, ovo ma\u010dje drvo pru\u017ea visoku stabilnost kada va\u0161a ma\u010dka ska\u010de i igra se, stvaraju\u0107i sigurno okru\u017eenje za vas i va\u0161u obitelj. Ma\u010dke se mogu odmoriti na dobro podstavljenoj platformi i promatrati svoje kraljevstvo. Va\u0161e ma\u010dke mogu napuniti baterije pomo\u0107u stupa za grebanje, \u0161pilje i ma\u010dje lopte za igranje koja visi ispod. Izra\u0111ena od drvene iverice, povr\u0161ina ma\u010djeg stabla lako se \u010disti. Jednostavno obri\u0161ite krpom kako biste uklonili sve dlake, prljav\u0161tinu ili mrvice kako bi podru\u010dje ostalo \u010disto, a va\u0161 krzneni prijatelj zdrav. Vise\u0107a lopta igra\u010dka budi lova\u010dki instinkt va\u0161e male krznene lopte; zvono pru\u017ea dodatnu zabavu; Postoji i zamjenska lopta bez zvona.\u00a0\" \/>\n<meta property=\"og:url\" content=\"https:\/\/inti.hr\/sr\/proizvod\/grebalica-visoka-111-cm-s-deblom-od-sisala-u-klasicnoj-crnoj-boji\/\" \/>\n<meta property=\"og:site_name\" content=\"Inti\" \/>\n<meta property=\"og:image\" content=\"https:\/\/i0.wp.com\/inti.hr\/wp-content\/uploads\/2024\/03\/PCT117B01-1.jpg?fit=1000%2C1000&ssl=1\" \/>\n\t<meta property=\"og:image:width\" content=\"1000\" \/>\n\t<meta property=\"og:image:height\" content=\"1000\" \/>\n\t<meta property=\"og:image:type\" content=\"image\/jpeg\" \/>\n<meta name=\"twitter:card\" content=\"summary_large_image\" \/>\n<script type=\"application\/ld+json\" class=\"yoast-schema-graph\">{\"@context\":\"https:\/\/schema.org\",\"@graph\":[{\"@type\":\"WebPage\",\"@id\":\"https:\/\/inti.hr\/sr\/proizvod\/grebalica-visoka-111-cm-s-deblom-od-sisala-u-klasicnoj-crnoj-boji\/\",\"url\":\"https:\/\/inti.hr\/sr\/proizvod\/grebalica-visoka-111-cm-s-deblom-od-sisala-u-klasicnoj-crnoj-boji\/\",\"name\":\"Grebalica visoka 111 cm s deblom od sisala u klasi\u010dnoj crnoj boji - Inti\",\"isPartOf\":{\"@id\":\"https:\/\/inti.hr\/sr\/#website\"},\"primaryImageOfPage\":{\"@id\":\"https:\/\/inti.hr\/sr\/proizvod\/grebalica-visoka-111-cm-s-deblom-od-sisala-u-klasicnoj-crnoj-boji\/#primaryimage\"},\"image\":{\"@id\":\"https:\/\/inti.hr\/sr\/proizvod\/grebalica-visoka-111-cm-s-deblom-od-sisala-u-klasicnoj-crnoj-boji\/#primaryimage\"},\"thumbnailUrl\":\"https:\/\/i0.wp.com\/inti.hr\/wp-content\/uploads\/2024\/03\/PCT117B01-1.jpg?fit=1000%2C1000&ssl=1\",\"datePublished\":\"2024-03-12T08:51:10+00:00\",\"dateModified\":\"2024-03-12T08:51:10+00:00\",\"description\":\"Ovo ma\u010dje stablo minimalisti\u010dkog dizajna mo\u017ee se lako integrirati u stil va\u0161eg doma, a istovremeno pru\u017ea udobno uto\u010di\u0161te i igrali\u0161te za va\u0161eg krznenog prijatelja. Prostrana platforma (\u00d8 43 cm) nudi velikim ma\u010dkama udobno mjesto za odmor. Deblo od sisala visine 69 cm omogu\u0107uje \u010detverono\u017enim prijateljima da rastegnu i o\u0161tre kand\u017ee. Stub za grebanje ma\u010daka ima tri razine koje ma\u010dkama omogu\u0107uju skakanje na razli\u010dite visine. Struktura raspore\u0111ena u stupnjevima za jednostavno ula\u017eenje i sila\u017eenje. Izra\u0111eno od cjevastog \u010delika i drvene sje\u010dke i opremljeno za\u0161titom od prevrtanja, ovo ma\u010dje drvo pru\u017ea visoku stabilnost kada va\u0161a ma\u010dka ska\u010de i igra se, stvaraju\u0107i sigurno okru\u017eenje za vas i va\u0161u obitelj. Ma\u010dke se mogu odmoriti na dobro podstavljenoj platformi i promatrati svoje kraljevstvo. Va\u0161e ma\u010dke mogu napuniti baterije pomo\u0107u stupa za grebanje, \u0161pilje i ma\u010dje lopte za igranje koja visi ispod. Izra\u0111ena od drvene iverice, povr\u0161ina ma\u010djeg stabla lako se \u010disti. Jednostavno obri\u0161ite krpom kako biste uklonili sve dlake, prljav\u0161tinu ili mrvice kako bi podru\u010dje ostalo \u010disto, a va\u0161 krzneni prijatelj zdrav. Vise\u0107a lopta igra\u010dka budi lova\u010dki instinkt va\u0161e male krznene lopte; zvono pru\u017ea dodatnu zabavu; Postoji i zamjenska lopta bez zvona.\u00a0\",\"breadcrumb\":{\"@id\":\"https:\/\/inti.hr\/sr\/proizvod\/grebalica-visoka-111-cm-s-deblom-od-sisala-u-klasicnoj-crnoj-boji\/#breadcrumb\"},\"inLanguage\":\"sr-RS\",\"potentialAction\":[{\"@type\":\"ReadAction\",\"target\":[\"https:\/\/inti.hr\/sr\/proizvod\/grebalica-visoka-111-cm-s-deblom-od-sisala-u-klasicnoj-crnoj-boji\/\"]}]},{\"@type\":\"ImageObject\",\"inLanguage\":\"sr-RS\",\"@id\":\"https:\/\/inti.hr\/sr\/proizvod\/grebalica-visoka-111-cm-s-deblom-od-sisala-u-klasicnoj-crnoj-boji\/#primaryimage\",\"url\":\"https:\/\/i0.wp.com\/inti.hr\/wp-content\/uploads\/2024\/03\/PCT117B01-1.jpg?fit=1000%2C1000&ssl=1\",\"contentUrl\":\"https:\/\/i0.wp.com\/inti.hr\/wp-content\/uploads\/2024\/03\/PCT117B01-1.jpg?fit=1000%2C1000&ssl=1\",\"width\":1000,\"height\":1000,\"caption\":\"Grebalica visoka 111 cm s deblom od sisala u klasi\u010dnoj crnoj boji\"},{\"@type\":\"BreadcrumbList\",\"@id\":\"https:\/\/inti.hr\/sr\/proizvod\/grebalica-visoka-111-cm-s-deblom-od-sisala-u-klasicnoj-crnoj-boji\/#breadcrumb\",\"itemListElement\":[{\"@type\":\"ListItem\",\"position\":1,\"name\":\"Po\u010detna stranica\",\"item\":\"https:\/\/inti.hr\/sr\/\"},{\"@type\":\"ListItem\",\"position\":2,\"name\":\"Prodavnica\",\"item\":\"https:\/\/inti.hr\/sr\/prodavnica\/\"},{\"@type\":\"ListItem\",\"position\":3,\"name\":\"Grebalica visoka 111 cm s deblom od sisala u klasi\u010dnoj crnoj boji\"}]},{\"@type\":\"WebSite\",\"@id\":\"https:\/\/inti.hr\/sr\/#website\",\"url\":\"https:\/\/inti.hr\/sr\/\",\"name\":\"Inti\",\"description\":\"trgovina\",\"potentialAction\":[{\"@type\":\"SearchAction\",\"target\":{\"@type\":\"EntryPoint\",\"urlTemplate\":\"https:\/\/inti.hr\/sr\/?s={search_term_string}\"},\"query-input\":{\"@type\":\"PropertyValueSpecification\",\"valueRequired\":true,\"valueName\":\"search_term_string\"}}],\"inLanguage\":\"sr-RS\"}]}<\/script>\n<!-- \/ Yoast SEO plugin. -->","yoast_head_json":{"title":"Grebalica visoka 111 cm s deblom od sisala u klasi\u010dnoj crnoj boji - Inti","description":"Ovo ma\u010dje stablo minimalisti\u010dkog dizajna mo\u017ee se lako integrirati u stil va\u0161eg doma, a istovremeno pru\u017ea udobno uto\u010di\u0161te i igrali\u0161te za va\u0161eg krznenog prijatelja. Prostrana platforma (\u00d8 43 cm) nudi velikim ma\u010dkama udobno mjesto za odmor. Deblo od sisala visine 69 cm omogu\u0107uje \u010detverono\u017enim prijateljima da rastegnu i o\u0161tre kand\u017ee. Stub za grebanje ma\u010daka ima tri razine koje ma\u010dkama omogu\u0107uju skakanje na razli\u010dite visine. Struktura raspore\u0111ena u stupnjevima za jednostavno ula\u017eenje i sila\u017eenje. Izra\u0111eno od cjevastog \u010delika i drvene sje\u010dke i opremljeno za\u0161titom od prevrtanja, ovo ma\u010dje drvo pru\u017ea visoku stabilnost kada va\u0161a ma\u010dka ska\u010de i igra se, stvaraju\u0107i sigurno okru\u017eenje za vas i va\u0161u obitelj. Ma\u010dke se mogu odmoriti na dobro podstavljenoj platformi i promatrati svoje kraljevstvo. Va\u0161e ma\u010dke mogu napuniti baterije pomo\u0107u stupa za grebanje, \u0161pilje i ma\u010dje lopte za igranje koja visi ispod. Izra\u0111ena od drvene iverice, povr\u0161ina ma\u010djeg stabla lako se \u010disti. Jednostavno obri\u0161ite krpom kako biste uklonili sve dlake, prljav\u0161tinu ili mrvice kako bi podru\u010dje ostalo \u010disto, a va\u0161 krzneni prijatelj zdrav. Vise\u0107a lopta igra\u010dka budi lova\u010dki instinkt va\u0161e male krznene lopte; zvono pru\u017ea dodatnu zabavu; Postoji i zamjenska lopta bez zvona.\u00a0","robots":{"index":"index","follow":"follow","max-snippet":"max-snippet:-1","max-image-preview":"max-image-preview:large","max-video-preview":"max-video-preview:-1"},"canonical":"https:\/\/inti.hr\/sr\/proizvod\/grebalica-visoka-111-cm-s-deblom-od-sisala-u-klasicnoj-crnoj-boji\/","og_locale":"sr_RS","og_type":"article","og_title":"Grebalica visoka 111 cm s deblom od sisala u klasi\u010dnoj crnoj boji - Inti","og_description":"Ovo ma\u010dje stablo minimalisti\u010dkog dizajna mo\u017ee se lako integrirati u stil va\u0161eg doma, a istovremeno pru\u017ea udobno uto\u010di\u0161te i igrali\u0161te za va\u0161eg krznenog prijatelja. Prostrana platforma (\u00d8 43 cm) nudi velikim ma\u010dkama udobno mjesto za odmor. Deblo od sisala visine 69 cm omogu\u0107uje \u010detverono\u017enim prijateljima da rastegnu i o\u0161tre kand\u017ee. Stub za grebanje ma\u010daka ima tri razine koje ma\u010dkama omogu\u0107uju skakanje na razli\u010dite visine. Struktura raspore\u0111ena u stupnjevima za jednostavno ula\u017eenje i sila\u017eenje. Izra\u0111eno od cjevastog \u010delika i drvene sje\u010dke i opremljeno za\u0161titom od prevrtanja, ovo ma\u010dje drvo pru\u017ea visoku stabilnost kada va\u0161a ma\u010dka ska\u010de i igra se, stvaraju\u0107i sigurno okru\u017eenje za vas i va\u0161u obitelj. Ma\u010dke se mogu odmoriti na dobro podstavljenoj platformi i promatrati svoje kraljevstvo. Va\u0161e ma\u010dke mogu napuniti baterije pomo\u0107u stupa za grebanje, \u0161pilje i ma\u010dje lopte za igranje koja visi ispod. Izra\u0111ena od drvene iverice, povr\u0161ina ma\u010djeg stabla lako se \u010disti. Jednostavno obri\u0161ite krpom kako biste uklonili sve dlake, prljav\u0161tinu ili mrvice kako bi podru\u010dje ostalo \u010disto, a va\u0161 krzneni prijatelj zdrav. Vise\u0107a lopta igra\u010dka budi lova\u010dki instinkt va\u0161e male krznene lopte; zvono pru\u017ea dodatnu zabavu; Postoji i zamjenska lopta bez zvona.\u00a0","og_url":"https:\/\/inti.hr\/sr\/proizvod\/grebalica-visoka-111-cm-s-deblom-od-sisala-u-klasicnoj-crnoj-boji\/","og_site_name":"Inti","og_image":[{"width":1000,"height":1000,"url":"https:\/\/i0.wp.com\/inti.hr\/wp-content\/uploads\/2024\/03\/PCT117B01-1.jpg?fit=1000%2C1000&ssl=1","type":"image\/jpeg"}],"twitter_card":"summary_large_image","schema":{"@context":"https:\/\/schema.org","@graph":[{"@type":"WebPage","@id":"https:\/\/inti.hr\/sr\/proizvod\/grebalica-visoka-111-cm-s-deblom-od-sisala-u-klasicnoj-crnoj-boji\/","url":"https:\/\/inti.hr\/sr\/proizvod\/grebalica-visoka-111-cm-s-deblom-od-sisala-u-klasicnoj-crnoj-boji\/","name":"Grebalica visoka 111 cm s deblom od sisala u klasi\u010dnoj crnoj boji - Inti","isPartOf":{"@id":"https:\/\/inti.hr\/sr\/#website"},"primaryImageOfPage":{"@id":"https:\/\/inti.hr\/sr\/proizvod\/grebalica-visoka-111-cm-s-deblom-od-sisala-u-klasicnoj-crnoj-boji\/#primaryimage"},"image":{"@id":"https:\/\/inti.hr\/sr\/proizvod\/grebalica-visoka-111-cm-s-deblom-od-sisala-u-klasicnoj-crnoj-boji\/#primaryimage"},"thumbnailUrl":"https:\/\/i0.wp.com\/inti.hr\/wp-content\/uploads\/2024\/03\/PCT117B01-1.jpg?fit=1000%2C1000&ssl=1","datePublished":"2024-03-12T08:51:10+00:00","dateModified":"2024-03-12T08:51:10+00:00","description":"Ovo ma\u010dje stablo minimalisti\u010dkog dizajna mo\u017ee se lako integrirati u stil va\u0161eg doma, a istovremeno pru\u017ea udobno uto\u010di\u0161te i igrali\u0161te za va\u0161eg krznenog prijatelja. Prostrana platforma (\u00d8 43 cm) nudi velikim ma\u010dkama udobno mjesto za odmor. Deblo od sisala visine 69 cm omogu\u0107uje \u010detverono\u017enim prijateljima da rastegnu i o\u0161tre kand\u017ee. Stub za grebanje ma\u010daka ima tri razine koje ma\u010dkama omogu\u0107uju skakanje na razli\u010dite visine. Struktura raspore\u0111ena u stupnjevima za jednostavno ula\u017eenje i sila\u017eenje. Izra\u0111eno od cjevastog \u010delika i drvene sje\u010dke i opremljeno za\u0161titom od prevrtanja, ovo ma\u010dje drvo pru\u017ea visoku stabilnost kada va\u0161a ma\u010dka ska\u010de i igra se, stvaraju\u0107i sigurno okru\u017eenje za vas i va\u0161u obitelj. Ma\u010dke se mogu odmoriti na dobro podstavljenoj platformi i promatrati svoje kraljevstvo. Va\u0161e ma\u010dke mogu napuniti baterije pomo\u0107u stupa za grebanje, \u0161pilje i ma\u010dje lopte za igranje koja visi ispod. Izra\u0111ena od drvene iverice, povr\u0161ina ma\u010djeg stabla lako se \u010disti. Jednostavno obri\u0161ite krpom kako biste uklonili sve dlake, prljav\u0161tinu ili mrvice kako bi podru\u010dje ostalo \u010disto, a va\u0161 krzneni prijatelj zdrav. Vise\u0107a lopta igra\u010dka budi lova\u010dki instinkt va\u0161e male krznene lopte; zvono pru\u017ea dodatnu zabavu; Postoji i zamjenska lopta bez zvona.\u00a0","breadcrumb":{"@id":"https:\/\/inti.hr\/sr\/proizvod\/grebalica-visoka-111-cm-s-deblom-od-sisala-u-klasicnoj-crnoj-boji\/#breadcrumb"},"inLanguage":"sr-RS","potentialAction":[{"@type":"ReadAction","target":["https:\/\/inti.hr\/sr\/proizvod\/grebalica-visoka-111-cm-s-deblom-od-sisala-u-klasicnoj-crnoj-boji\/"]}]},{"@type":"ImageObject","inLanguage":"sr-RS","@id":"https:\/\/inti.hr\/sr\/proizvod\/grebalica-visoka-111-cm-s-deblom-od-sisala-u-klasicnoj-crnoj-boji\/#primaryimage","url":"https:\/\/i0.wp.com\/inti.hr\/wp-content\/uploads\/2024\/03\/PCT117B01-1.jpg?fit=1000%2C1000&ssl=1","contentUrl":"https:\/\/i0.wp.com\/inti.hr\/wp-content\/uploads\/2024\/03\/PCT117B01-1.jpg?fit=1000%2C1000&ssl=1","width":1000,"height":1000,"caption":"Grebalica visoka 111 cm s deblom od sisala u klasi\u010dnoj crnoj boji"},{"@type":"BreadcrumbList","@id":"https:\/\/inti.hr\/sr\/proizvod\/grebalica-visoka-111-cm-s-deblom-od-sisala-u-klasicnoj-crnoj-boji\/#breadcrumb","itemListElement":[{"@type":"ListItem","position":1,"name":"Po\u010detna stranica","item":"https:\/\/inti.hr\/sr\/"},{"@type":"ListItem","position":2,"name":"Prodavnica","item":"https:\/\/inti.hr\/sr\/prodavnica\/"},{"@type":"ListItem","position":3,"name":"Grebalica visoka 111 cm s deblom od sisala u klasi\u010dnoj crnoj boji"}]},{"@type":"WebSite","@id":"https:\/\/inti.hr\/sr\/#website","url":"https:\/\/inti.hr\/sr\/","name":"Inti","description":"trgovina","potentialAction":[{"@type":"SearchAction","target":{"@type":"EntryPoint","urlTemplate":"https:\/\/inti.hr\/sr\/?s={search_term_string}"},"query-input":{"@type":"PropertyValueSpecification","valueRequired":true,"valueName":"search_term_string"}}],"inLanguage":"sr-RS"}]}},"jetpack_sharing_enabled":true,"jetpack-related-posts":[],"_links":{"self":[{"href":"https:\/\/inti.hr\/sr\/wp-json\/wp\/v2\/product\/37389"}],"collection":[{"href":"https:\/\/inti.hr\/sr\/wp-json\/wp\/v2\/product"}],"about":[{"href":"https:\/\/inti.hr\/sr\/wp-json\/wp\/v2\/types\/product"}],"wp:featuredmedia":[{"embeddable":true,"href":"https:\/\/inti.hr\/sr\/wp-json\/wp\/v2\/media\/37390"}],"wp:attachment":[{"href":"https:\/\/inti.hr\/sr\/wp-json\/wp\/v2\/media?parent=37389"}],"wp:term":[{"taxonomy":"product_cat","embeddable":true,"href":"https:\/\/inti.hr\/sr\/wp-json\/wp\/v2\/product_cat?post=37389"},{"taxonomy":"product_tag","embeddable":true,"href":"https:\/\/inti.hr\/sr\/wp-json\/wp\/v2\/product_tag?post=37389"}],"curies":[{"name":"wp","href":"https:\/\/api.w.org\/{rel}","templated":true}]}}