{"id":37425,"date":"2024-03-09T11:34:53","date_gmt":"2024-03-09T10:34:53","guid":{"rendered":"https:\/\/inti.hr\/product\/suncobran-s-led-solarnom-rasvjetom-i-postoljem\/"},"modified":"2024-03-09T11:34:53","modified_gmt":"2024-03-09T10:34:53","slug":"suncobran-s-led-solarnom-rasvjetom-i-postoljem","status":"publish","type":"product","link":"https:\/\/inti.hr\/sr\/proizvod\/suncobran-s-led-solarnom-rasvjetom-i-postoljem\/","title":{"rendered":"Suncobran s LED solarnom rasvjetom i postoljem"},"content":{"rendered":"<p>Detalji proizvoda:<\/p>\n<p>&#8211; Boja: Taupe, crvena<br \/>\n&#8211; Materijal: metalna \u0161ipka presvu\u010dena prahom, poliesterska tkanina 180 g\/m\u00b2<br \/>\n&#8211; Promjer poklopca: 3 m<br \/>\n&#8211; Visina: 2,45 m<br \/>\n&#8211; Te\u017eina proizvoda: 14,1 kg<\/p>\n","protected":false},"excerpt":{"rendered":"<p>Zalazak sunca ne zna\u010di kraj opu\u0161taju\u0107eg dana na otvorenom! 32 LED &#8230; <\/p>\n","protected":false},"featured_media":37426,"template":"","meta":[],"product_cat":[2461],"product_tag":[5162,5163,2464],"yoast_head":"<!-- This site is optimized with the Yoast SEO plugin v23.7 - https:\/\/yoast.com\/wordpress\/plugins\/seo\/ -->\n<title>Suncobran s LED solarnom rasvjetom i postoljem - Inti<\/title>\n<meta name=\"description\" content=\"Zalazak sunca ne zna\u010di kraj opu\u0161taju\u0107eg dana na otvorenom! 32 LED svjetla koja se napajaju sun\u010devom svjetlo\u0161\u0107u i pri\u010dvr\u0161\u0107ena du\u017e rebra sjenila stvaraju romanti\u010dnu atmosferu do 6 sati! Poduprt s 8 rebara, ovaj konzolni suncobran mo\u017ee bacati \u0161iru sjenku s krovom promjera 3 m. Cool oazu mo\u017eete podijeliti s prijateljima i obitelji kako biste slobodno vrijeme proveli na otvorenom. Konzolni vrtni ki\u0161obran s LED svjetlima, polugom za jednostavno otvaranje i zatvaranje i kri\u017enom bazom za stabilnost. Dodajte utege od 70-90 kg (nije uklju\u010deno) ili vi\u0161e iznad baze kako biste osigurali njegovu funkcionalnost. Nadstre\u0161nica od 180 g\/m2 poliestera pru\u017ea UPF 50+ za\u0161titu i blokira 98% UV zraka.\u00a0Tako\u0111er je vodootporan da izdr\u017ei laganu ki\u0161u i nije lako izblijediti kako bi vam dugoro\u010dno slu\u017eio. Ima \u010dvrsta pravokutna rebra, 2 oja\u010dana spoja omotana metalom na stupu, u\u017ee na nadstre\u0161nici za pri\u010dvr\u0161\u0107ivanje na stup i ventilacijski otvor na vrhu koji smanjuje pritisak vjetra i omogu\u0107uje cirkulaciju zraka.\" \/>\n<meta name=\"robots\" content=\"index, follow, max-snippet:-1, max-image-preview:large, max-video-preview:-1\" \/>\n<link rel=\"canonical\" href=\"https:\/\/inti.hr\/sr\/proizvod\/suncobran-s-led-solarnom-rasvjetom-i-postoljem\/\" \/>\n<meta property=\"og:locale\" content=\"sr_RS\" \/>\n<meta property=\"og:type\" content=\"article\" \/>\n<meta property=\"og:title\" content=\"Suncobran s LED solarnom rasvjetom i postoljem - Inti\" \/>\n<meta property=\"og:description\" content=\"Zalazak sunca ne zna\u010di kraj opu\u0161taju\u0107eg dana na otvorenom! 32 LED svjetla koja se napajaju sun\u010devom svjetlo\u0161\u0107u i pri\u010dvr\u0161\u0107ena du\u017e rebra sjenila stvaraju romanti\u010dnu atmosferu do 6 sati! Poduprt s 8 rebara, ovaj konzolni suncobran mo\u017ee bacati \u0161iru sjenku s krovom promjera 3 m. Cool oazu mo\u017eete podijeliti s prijateljima i obitelji kako biste slobodno vrijeme proveli na otvorenom. Konzolni vrtni ki\u0161obran s LED svjetlima, polugom za jednostavno otvaranje i zatvaranje i kri\u017enom bazom za stabilnost. Dodajte utege od 70-90 kg (nije uklju\u010deno) ili vi\u0161e iznad baze kako biste osigurali njegovu funkcionalnost. Nadstre\u0161nica od 180 g\/m2 poliestera pru\u017ea UPF 50+ za\u0161titu i blokira 98% UV zraka.\u00a0Tako\u0111er je vodootporan da izdr\u017ei laganu ki\u0161u i nije lako izblijediti kako bi vam dugoro\u010dno slu\u017eio. Ima \u010dvrsta pravokutna rebra, 2 oja\u010dana spoja omotana metalom na stupu, u\u017ee na nadstre\u0161nici za pri\u010dvr\u0161\u0107ivanje na stup i ventilacijski otvor na vrhu koji smanjuje pritisak vjetra i omogu\u0107uje cirkulaciju zraka.\" \/>\n<meta property=\"og:url\" content=\"https:\/\/inti.hr\/sr\/proizvod\/suncobran-s-led-solarnom-rasvjetom-i-postoljem\/\" \/>\n<meta property=\"og:site_name\" content=\"Inti\" \/>\n<meta property=\"og:image\" content=\"https:\/\/i0.wp.com\/inti.hr\/wp-content\/uploads\/2024\/03\/GPU118K01-1.jpg?fit=1000%2C1000&ssl=1\" \/>\n\t<meta property=\"og:image:width\" content=\"1000\" \/>\n\t<meta property=\"og:image:height\" content=\"1000\" \/>\n\t<meta property=\"og:image:type\" content=\"image\/jpeg\" \/>\n<meta name=\"twitter:card\" content=\"summary_large_image\" \/>\n<script type=\"application\/ld+json\" class=\"yoast-schema-graph\">{\"@context\":\"https:\/\/schema.org\",\"@graph\":[{\"@type\":\"WebPage\",\"@id\":\"https:\/\/inti.hr\/sr\/proizvod\/suncobran-s-led-solarnom-rasvjetom-i-postoljem\/\",\"url\":\"https:\/\/inti.hr\/sr\/proizvod\/suncobran-s-led-solarnom-rasvjetom-i-postoljem\/\",\"name\":\"Suncobran s LED solarnom rasvjetom i postoljem - Inti\",\"isPartOf\":{\"@id\":\"https:\/\/inti.hr\/sr\/#website\"},\"primaryImageOfPage\":{\"@id\":\"https:\/\/inti.hr\/sr\/proizvod\/suncobran-s-led-solarnom-rasvjetom-i-postoljem\/#primaryimage\"},\"image\":{\"@id\":\"https:\/\/inti.hr\/sr\/proizvod\/suncobran-s-led-solarnom-rasvjetom-i-postoljem\/#primaryimage\"},\"thumbnailUrl\":\"https:\/\/i0.wp.com\/inti.hr\/wp-content\/uploads\/2024\/03\/GPU118K01-1.jpg?fit=1000%2C1000&ssl=1\",\"datePublished\":\"2024-03-09T10:34:53+00:00\",\"dateModified\":\"2024-03-09T10:34:53+00:00\",\"description\":\"Zalazak sunca ne zna\u010di kraj opu\u0161taju\u0107eg dana na otvorenom! 32 LED svjetla koja se napajaju sun\u010devom svjetlo\u0161\u0107u i pri\u010dvr\u0161\u0107ena du\u017e rebra sjenila stvaraju romanti\u010dnu atmosferu do 6 sati! Poduprt s 8 rebara, ovaj konzolni suncobran mo\u017ee bacati \u0161iru sjenku s krovom promjera 3 m. Cool oazu mo\u017eete podijeliti s prijateljima i obitelji kako biste slobodno vrijeme proveli na otvorenom. Konzolni vrtni ki\u0161obran s LED svjetlima, polugom za jednostavno otvaranje i zatvaranje i kri\u017enom bazom za stabilnost. Dodajte utege od 70-90 kg (nije uklju\u010deno) ili vi\u0161e iznad baze kako biste osigurali njegovu funkcionalnost. Nadstre\u0161nica od 180 g\/m2 poliestera pru\u017ea UPF 50+ za\u0161titu i blokira 98% UV zraka.\u00a0Tako\u0111er je vodootporan da izdr\u017ei laganu ki\u0161u i nije lako izblijediti kako bi vam dugoro\u010dno slu\u017eio. Ima \u010dvrsta pravokutna rebra, 2 oja\u010dana spoja omotana metalom na stupu, u\u017ee na nadstre\u0161nici za pri\u010dvr\u0161\u0107ivanje na stup i ventilacijski otvor na vrhu koji smanjuje pritisak vjetra i omogu\u0107uje cirkulaciju zraka.\",\"breadcrumb\":{\"@id\":\"https:\/\/inti.hr\/sr\/proizvod\/suncobran-s-led-solarnom-rasvjetom-i-postoljem\/#breadcrumb\"},\"inLanguage\":\"sr-RS\",\"potentialAction\":[{\"@type\":\"ReadAction\",\"target\":[\"https:\/\/inti.hr\/sr\/proizvod\/suncobran-s-led-solarnom-rasvjetom-i-postoljem\/\"]}]},{\"@type\":\"ImageObject\",\"inLanguage\":\"sr-RS\",\"@id\":\"https:\/\/inti.hr\/sr\/proizvod\/suncobran-s-led-solarnom-rasvjetom-i-postoljem\/#primaryimage\",\"url\":\"https:\/\/i0.wp.com\/inti.hr\/wp-content\/uploads\/2024\/03\/GPU118K01-1.jpg?fit=1000%2C1000&ssl=1\",\"contentUrl\":\"https:\/\/i0.wp.com\/inti.hr\/wp-content\/uploads\/2024\/03\/GPU118K01-1.jpg?fit=1000%2C1000&ssl=1\",\"width\":1000,\"height\":1000,\"caption\":\"Suncobran s LED solarnom rasvjetom i postoljem\"},{\"@type\":\"BreadcrumbList\",\"@id\":\"https:\/\/inti.hr\/sr\/proizvod\/suncobran-s-led-solarnom-rasvjetom-i-postoljem\/#breadcrumb\",\"itemListElement\":[{\"@type\":\"ListItem\",\"position\":1,\"name\":\"Po\u010detna stranica\",\"item\":\"https:\/\/inti.hr\/sr\/\"},{\"@type\":\"ListItem\",\"position\":2,\"name\":\"Prodavnica\",\"item\":\"https:\/\/inti.hr\/sr\/prodavnica\/\"},{\"@type\":\"ListItem\",\"position\":3,\"name\":\"Suncobran s LED solarnom rasvjetom i postoljem\"}]},{\"@type\":\"WebSite\",\"@id\":\"https:\/\/inti.hr\/sr\/#website\",\"url\":\"https:\/\/inti.hr\/sr\/\",\"name\":\"Inti\",\"description\":\"trgovina\",\"potentialAction\":[{\"@type\":\"SearchAction\",\"target\":{\"@type\":\"EntryPoint\",\"urlTemplate\":\"https:\/\/inti.hr\/sr\/?s={search_term_string}\"},\"query-input\":{\"@type\":\"PropertyValueSpecification\",\"valueRequired\":true,\"valueName\":\"search_term_string\"}}],\"inLanguage\":\"sr-RS\"}]}<\/script>\n<!-- \/ Yoast SEO plugin. -->","yoast_head_json":{"title":"Suncobran s LED solarnom rasvjetom i postoljem - Inti","description":"Zalazak sunca ne zna\u010di kraj opu\u0161taju\u0107eg dana na otvorenom! 32 LED svjetla koja se napajaju sun\u010devom svjetlo\u0161\u0107u i pri\u010dvr\u0161\u0107ena du\u017e rebra sjenila stvaraju romanti\u010dnu atmosferu do 6 sati! Poduprt s 8 rebara, ovaj konzolni suncobran mo\u017ee bacati \u0161iru sjenku s krovom promjera 3 m. Cool oazu mo\u017eete podijeliti s prijateljima i obitelji kako biste slobodno vrijeme proveli na otvorenom. Konzolni vrtni ki\u0161obran s LED svjetlima, polugom za jednostavno otvaranje i zatvaranje i kri\u017enom bazom za stabilnost. Dodajte utege od 70-90 kg (nije uklju\u010deno) ili vi\u0161e iznad baze kako biste osigurali njegovu funkcionalnost. Nadstre\u0161nica od 180 g\/m2 poliestera pru\u017ea UPF 50+ za\u0161titu i blokira 98% UV zraka.\u00a0Tako\u0111er je vodootporan da izdr\u017ei laganu ki\u0161u i nije lako izblijediti kako bi vam dugoro\u010dno slu\u017eio. Ima \u010dvrsta pravokutna rebra, 2 oja\u010dana spoja omotana metalom na stupu, u\u017ee na nadstre\u0161nici za pri\u010dvr\u0161\u0107ivanje na stup i ventilacijski otvor na vrhu koji smanjuje pritisak vjetra i omogu\u0107uje cirkulaciju zraka.","robots":{"index":"index","follow":"follow","max-snippet":"max-snippet:-1","max-image-preview":"max-image-preview:large","max-video-preview":"max-video-preview:-1"},"canonical":"https:\/\/inti.hr\/sr\/proizvod\/suncobran-s-led-solarnom-rasvjetom-i-postoljem\/","og_locale":"sr_RS","og_type":"article","og_title":"Suncobran s LED solarnom rasvjetom i postoljem - Inti","og_description":"Zalazak sunca ne zna\u010di kraj opu\u0161taju\u0107eg dana na otvorenom! 32 LED svjetla koja se napajaju sun\u010devom svjetlo\u0161\u0107u i pri\u010dvr\u0161\u0107ena du\u017e rebra sjenila stvaraju romanti\u010dnu atmosferu do 6 sati! Poduprt s 8 rebara, ovaj konzolni suncobran mo\u017ee bacati \u0161iru sjenku s krovom promjera 3 m. Cool oazu mo\u017eete podijeliti s prijateljima i obitelji kako biste slobodno vrijeme proveli na otvorenom. Konzolni vrtni ki\u0161obran s LED svjetlima, polugom za jednostavno otvaranje i zatvaranje i kri\u017enom bazom za stabilnost. Dodajte utege od 70-90 kg (nije uklju\u010deno) ili vi\u0161e iznad baze kako biste osigurali njegovu funkcionalnost. Nadstre\u0161nica od 180 g\/m2 poliestera pru\u017ea UPF 50+ za\u0161titu i blokira 98% UV zraka.\u00a0Tako\u0111er je vodootporan da izdr\u017ei laganu ki\u0161u i nije lako izblijediti kako bi vam dugoro\u010dno slu\u017eio. Ima \u010dvrsta pravokutna rebra, 2 oja\u010dana spoja omotana metalom na stupu, u\u017ee na nadstre\u0161nici za pri\u010dvr\u0161\u0107ivanje na stup i ventilacijski otvor na vrhu koji smanjuje pritisak vjetra i omogu\u0107uje cirkulaciju zraka.","og_url":"https:\/\/inti.hr\/sr\/proizvod\/suncobran-s-led-solarnom-rasvjetom-i-postoljem\/","og_site_name":"Inti","og_image":[{"width":1000,"height":1000,"url":"https:\/\/i0.wp.com\/inti.hr\/wp-content\/uploads\/2024\/03\/GPU118K01-1.jpg?fit=1000%2C1000&ssl=1","type":"image\/jpeg"}],"twitter_card":"summary_large_image","schema":{"@context":"https:\/\/schema.org","@graph":[{"@type":"WebPage","@id":"https:\/\/inti.hr\/sr\/proizvod\/suncobran-s-led-solarnom-rasvjetom-i-postoljem\/","url":"https:\/\/inti.hr\/sr\/proizvod\/suncobran-s-led-solarnom-rasvjetom-i-postoljem\/","name":"Suncobran s LED solarnom rasvjetom i postoljem - Inti","isPartOf":{"@id":"https:\/\/inti.hr\/sr\/#website"},"primaryImageOfPage":{"@id":"https:\/\/inti.hr\/sr\/proizvod\/suncobran-s-led-solarnom-rasvjetom-i-postoljem\/#primaryimage"},"image":{"@id":"https:\/\/inti.hr\/sr\/proizvod\/suncobran-s-led-solarnom-rasvjetom-i-postoljem\/#primaryimage"},"thumbnailUrl":"https:\/\/i0.wp.com\/inti.hr\/wp-content\/uploads\/2024\/03\/GPU118K01-1.jpg?fit=1000%2C1000&ssl=1","datePublished":"2024-03-09T10:34:53+00:00","dateModified":"2024-03-09T10:34:53+00:00","description":"Zalazak sunca ne zna\u010di kraj opu\u0161taju\u0107eg dana na otvorenom! 32 LED svjetla koja se napajaju sun\u010devom svjetlo\u0161\u0107u i pri\u010dvr\u0161\u0107ena du\u017e rebra sjenila stvaraju romanti\u010dnu atmosferu do 6 sati! Poduprt s 8 rebara, ovaj konzolni suncobran mo\u017ee bacati \u0161iru sjenku s krovom promjera 3 m. Cool oazu mo\u017eete podijeliti s prijateljima i obitelji kako biste slobodno vrijeme proveli na otvorenom. Konzolni vrtni ki\u0161obran s LED svjetlima, polugom za jednostavno otvaranje i zatvaranje i kri\u017enom bazom za stabilnost. Dodajte utege od 70-90 kg (nije uklju\u010deno) ili vi\u0161e iznad baze kako biste osigurali njegovu funkcionalnost. Nadstre\u0161nica od 180 g\/m2 poliestera pru\u017ea UPF 50+ za\u0161titu i blokira 98% UV zraka.\u00a0Tako\u0111er je vodootporan da izdr\u017ei laganu ki\u0161u i nije lako izblijediti kako bi vam dugoro\u010dno slu\u017eio. Ima \u010dvrsta pravokutna rebra, 2 oja\u010dana spoja omotana metalom na stupu, u\u017ee na nadstre\u0161nici za pri\u010dvr\u0161\u0107ivanje na stup i ventilacijski otvor na vrhu koji smanjuje pritisak vjetra i omogu\u0107uje cirkulaciju zraka.","breadcrumb":{"@id":"https:\/\/inti.hr\/sr\/proizvod\/suncobran-s-led-solarnom-rasvjetom-i-postoljem\/#breadcrumb"},"inLanguage":"sr-RS","potentialAction":[{"@type":"ReadAction","target":["https:\/\/inti.hr\/sr\/proizvod\/suncobran-s-led-solarnom-rasvjetom-i-postoljem\/"]}]},{"@type":"ImageObject","inLanguage":"sr-RS","@id":"https:\/\/inti.hr\/sr\/proizvod\/suncobran-s-led-solarnom-rasvjetom-i-postoljem\/#primaryimage","url":"https:\/\/i0.wp.com\/inti.hr\/wp-content\/uploads\/2024\/03\/GPU118K01-1.jpg?fit=1000%2C1000&ssl=1","contentUrl":"https:\/\/i0.wp.com\/inti.hr\/wp-content\/uploads\/2024\/03\/GPU118K01-1.jpg?fit=1000%2C1000&ssl=1","width":1000,"height":1000,"caption":"Suncobran s LED solarnom rasvjetom i postoljem"},{"@type":"BreadcrumbList","@id":"https:\/\/inti.hr\/sr\/proizvod\/suncobran-s-led-solarnom-rasvjetom-i-postoljem\/#breadcrumb","itemListElement":[{"@type":"ListItem","position":1,"name":"Po\u010detna stranica","item":"https:\/\/inti.hr\/sr\/"},{"@type":"ListItem","position":2,"name":"Prodavnica","item":"https:\/\/inti.hr\/sr\/prodavnica\/"},{"@type":"ListItem","position":3,"name":"Suncobran s LED solarnom rasvjetom i postoljem"}]},{"@type":"WebSite","@id":"https:\/\/inti.hr\/sr\/#website","url":"https:\/\/inti.hr\/sr\/","name":"Inti","description":"trgovina","potentialAction":[{"@type":"SearchAction","target":{"@type":"EntryPoint","urlTemplate":"https:\/\/inti.hr\/sr\/?s={search_term_string}"},"query-input":{"@type":"PropertyValueSpecification","valueRequired":true,"valueName":"search_term_string"}}],"inLanguage":"sr-RS"}]}},"jetpack_sharing_enabled":true,"jetpack-related-posts":[],"_links":{"self":[{"href":"https:\/\/inti.hr\/sr\/wp-json\/wp\/v2\/product\/37425"}],"collection":[{"href":"https:\/\/inti.hr\/sr\/wp-json\/wp\/v2\/product"}],"about":[{"href":"https:\/\/inti.hr\/sr\/wp-json\/wp\/v2\/types\/product"}],"wp:featuredmedia":[{"embeddable":true,"href":"https:\/\/inti.hr\/sr\/wp-json\/wp\/v2\/media\/37426"}],"wp:attachment":[{"href":"https:\/\/inti.hr\/sr\/wp-json\/wp\/v2\/media?parent=37425"}],"wp:term":[{"taxonomy":"product_cat","embeddable":true,"href":"https:\/\/inti.hr\/sr\/wp-json\/wp\/v2\/product_cat?post=37425"},{"taxonomy":"product_tag","embeddable":true,"href":"https:\/\/inti.hr\/sr\/wp-json\/wp\/v2\/product_tag?post=37425"}],"curies":[{"name":"wp","href":"https:\/\/api.w.org\/{rel}","templated":true}]}}