{"id":37443,"date":"2024-02-06T10:34:51","date_gmt":"2024-02-06T09:34:51","guid":{"rendered":"https:\/\/inti.hr\/product\/lier-pomocni-stolic-sa-staklenom-plocom-crna\/"},"modified":"2024-02-06T10:34:51","modified_gmt":"2024-02-06T09:34:51","slug":"lier-pomocni-stolic-sa-staklenom-plocom-crna","status":"publish","type":"product","link":"https:\/\/inti.hr\/sr\/proizvod\/lier-pomocni-stolic-sa-staklenom-plocom-crna\/","title":{"rendered":"Lier pomo\u0107ni stoli\u0107 sa staklenom plo\u010dom crna"},"content":{"rendered":"<p>Detalji proizvoda:<\/p>\n<p>&#8211; Svestrani pomo\u0107ni stoli\u0107<br \/>\n&#8211; Izniman i bezvremenski dizajn<br \/>\n&#8211; Mo\u017ee se koristiti i kao no\u0107ni ormari\u0107<br \/>\n&#8211; Povr\u0161ina se lako \u010disti<br \/>\n&#8211; Stabilno postolje zahvaljuju\u0107i ukrasnom okviru stoli\u0107a<\/p>\n<p>Dimenzije:<\/p>\n<p>&#8211; Ukupno (\u00d8xV): 41,5 x 46 cm<br \/>\n&#8211; Visina plo\u010de stola: 43,5 cm<\/p>\n<p>Materijal:<\/p>\n<p>&#8211; Okvir: metal<br \/>\n&#8211; Plo\u010da stola: 4mm kaljeno staklo<\/p>\n<p>Boja:<\/p>\n<p>Crno<\/p>\n","protected":false},"excerpt":{"rendered":"<p>Ovaj stakleni stol savr\u0161en je dodatak va\u0161em domu. Sa svojim bezvremenskim &#8230; <\/p>\n","protected":false},"featured_media":37444,"template":"","meta":[],"product_cat":[2421],"product_tag":[2448,5170,5171],"yoast_head":"<!-- This site is optimized with the Yoast SEO plugin v23.7 - https:\/\/yoast.com\/wordpress\/plugins\/seo\/ -->\n<title>Lier pomo\u0107ni stoli\u0107 sa staklenom plo\u010dom crna - Inti<\/title>\n<meta name=\"description\" content=\"Ovaj stakleni stol savr\u0161en je dodatak va\u0161em domu. Sa svojim bezvremenskim i elegantnim dizajnom, stol je prava vrijednost za svaki \u017eivotni prostor, bilo da se radi o dnevnoj sobi, spava\u0107oj sobi, uredu ili hodniku.Plo\u010da stola nudi dovoljno prostora za daljinski upravlja\u010d, knjige, \u010dasopise i druge osobne stvari. Mo\u017eete sigurno pohraniti grickalice i pi\u0107a dok gledate svoju omiljenu seriju ili dr\u017eati svoje trenutno \u0161tivo pri ruci. Tako\u0111er mo\u017eete kreativno koristiti stol za izlaganje ukrasnih predmeta kao \u0161to su vaze, svije\u0107e ili okviri za slike. Svestranost pomo\u0107nog stoli\u0107a omogu\u0107uje vam fleksibilnu upotrebu u razli\u010ditim sobama. U dnevnoj sobi mo\u017ee poslu\u017eiti kao prakti\u010dna polica uz kau\u010d, dok u spava\u0107oj sobi mo\u017ee poslu\u017eiti kao no\u0107ni ormari\u0107 za va\u0161u lampu za \u010ditanje i knjigu. Osim toga, mo\u017ee pru\u017eiti gostoljubivu dobrodo\u0161licu u ulaznom prostoru. Okvir stola uvijek osigurava stabilan stalak i pridonosi uspje\u0161nom dizajnu. Njegova povr\u0161ina laka za odr\u017eavanje omogu\u0107uje jednostavno \u010di\u0161\u0107enje. Za jednostavno uklanjanje pra\u0161ine i prljav\u0161tine dovoljna je vla\u017ena krpa.\" \/>\n<meta name=\"robots\" content=\"index, follow, max-snippet:-1, max-image-preview:large, max-video-preview:-1\" \/>\n<link rel=\"canonical\" href=\"https:\/\/inti.hr\/sr\/proizvod\/lier-pomocni-stolic-sa-staklenom-plocom-crna\/\" \/>\n<meta property=\"og:locale\" content=\"sr_RS\" \/>\n<meta property=\"og:type\" content=\"article\" \/>\n<meta property=\"og:title\" content=\"Lier pomo\u0107ni stoli\u0107 sa staklenom plo\u010dom crna - Inti\" \/>\n<meta property=\"og:description\" content=\"Ovaj stakleni stol savr\u0161en je dodatak va\u0161em domu. Sa svojim bezvremenskim i elegantnim dizajnom, stol je prava vrijednost za svaki \u017eivotni prostor, bilo da se radi o dnevnoj sobi, spava\u0107oj sobi, uredu ili hodniku.Plo\u010da stola nudi dovoljno prostora za daljinski upravlja\u010d, knjige, \u010dasopise i druge osobne stvari. Mo\u017eete sigurno pohraniti grickalice i pi\u0107a dok gledate svoju omiljenu seriju ili dr\u017eati svoje trenutno \u0161tivo pri ruci. Tako\u0111er mo\u017eete kreativno koristiti stol za izlaganje ukrasnih predmeta kao \u0161to su vaze, svije\u0107e ili okviri za slike. Svestranost pomo\u0107nog stoli\u0107a omogu\u0107uje vam fleksibilnu upotrebu u razli\u010ditim sobama. U dnevnoj sobi mo\u017ee poslu\u017eiti kao prakti\u010dna polica uz kau\u010d, dok u spava\u0107oj sobi mo\u017ee poslu\u017eiti kao no\u0107ni ormari\u0107 za va\u0161u lampu za \u010ditanje i knjigu. Osim toga, mo\u017ee pru\u017eiti gostoljubivu dobrodo\u0161licu u ulaznom prostoru. Okvir stola uvijek osigurava stabilan stalak i pridonosi uspje\u0161nom dizajnu. Njegova povr\u0161ina laka za odr\u017eavanje omogu\u0107uje jednostavno \u010di\u0161\u0107enje. Za jednostavno uklanjanje pra\u0161ine i prljav\u0161tine dovoljna je vla\u017ena krpa.\" \/>\n<meta property=\"og:url\" content=\"https:\/\/inti.hr\/sr\/proizvod\/lier-pomocni-stolic-sa-staklenom-plocom-crna\/\" \/>\n<meta property=\"og:site_name\" content=\"Inti\" \/>\n<meta property=\"og:image\" content=\"https:\/\/i0.wp.com\/inti.hr\/wp-content\/uploads\/2024\/02\/68021121d4229486b38146bdd8f89209.jpg?fit=1400%2C1400&ssl=1\" \/>\n\t<meta property=\"og:image:width\" content=\"1400\" \/>\n\t<meta property=\"og:image:height\" content=\"1400\" \/>\n\t<meta property=\"og:image:type\" content=\"image\/jpeg\" \/>\n<meta name=\"twitter:card\" content=\"summary_large_image\" \/>\n<script type=\"application\/ld+json\" class=\"yoast-schema-graph\">{\"@context\":\"https:\/\/schema.org\",\"@graph\":[{\"@type\":\"WebPage\",\"@id\":\"https:\/\/inti.hr\/sr\/proizvod\/lier-pomocni-stolic-sa-staklenom-plocom-crna\/\",\"url\":\"https:\/\/inti.hr\/sr\/proizvod\/lier-pomocni-stolic-sa-staklenom-plocom-crna\/\",\"name\":\"Lier pomo\u0107ni stoli\u0107 sa staklenom plo\u010dom crna - Inti\",\"isPartOf\":{\"@id\":\"https:\/\/inti.hr\/sr\/#website\"},\"primaryImageOfPage\":{\"@id\":\"https:\/\/inti.hr\/sr\/proizvod\/lier-pomocni-stolic-sa-staklenom-plocom-crna\/#primaryimage\"},\"image\":{\"@id\":\"https:\/\/inti.hr\/sr\/proizvod\/lier-pomocni-stolic-sa-staklenom-plocom-crna\/#primaryimage\"},\"thumbnailUrl\":\"https:\/\/i0.wp.com\/inti.hr\/wp-content\/uploads\/2024\/02\/68021121d4229486b38146bdd8f89209.jpg?fit=1400%2C1400&ssl=1\",\"datePublished\":\"2024-02-06T09:34:51+00:00\",\"dateModified\":\"2024-02-06T09:34:51+00:00\",\"description\":\"Ovaj stakleni stol savr\u0161en je dodatak va\u0161em domu. Sa svojim bezvremenskim i elegantnim dizajnom, stol je prava vrijednost za svaki \u017eivotni prostor, bilo da se radi o dnevnoj sobi, spava\u0107oj sobi, uredu ili hodniku.Plo\u010da stola nudi dovoljno prostora za daljinski upravlja\u010d, knjige, \u010dasopise i druge osobne stvari. Mo\u017eete sigurno pohraniti grickalice i pi\u0107a dok gledate svoju omiljenu seriju ili dr\u017eati svoje trenutno \u0161tivo pri ruci. Tako\u0111er mo\u017eete kreativno koristiti stol za izlaganje ukrasnih predmeta kao \u0161to su vaze, svije\u0107e ili okviri za slike. Svestranost pomo\u0107nog stoli\u0107a omogu\u0107uje vam fleksibilnu upotrebu u razli\u010ditim sobama. U dnevnoj sobi mo\u017ee poslu\u017eiti kao prakti\u010dna polica uz kau\u010d, dok u spava\u0107oj sobi mo\u017ee poslu\u017eiti kao no\u0107ni ormari\u0107 za va\u0161u lampu za \u010ditanje i knjigu. Osim toga, mo\u017ee pru\u017eiti gostoljubivu dobrodo\u0161licu u ulaznom prostoru. Okvir stola uvijek osigurava stabilan stalak i pridonosi uspje\u0161nom dizajnu. Njegova povr\u0161ina laka za odr\u017eavanje omogu\u0107uje jednostavno \u010di\u0161\u0107enje. Za jednostavno uklanjanje pra\u0161ine i prljav\u0161tine dovoljna je vla\u017ena krpa.\",\"breadcrumb\":{\"@id\":\"https:\/\/inti.hr\/sr\/proizvod\/lier-pomocni-stolic-sa-staklenom-plocom-crna\/#breadcrumb\"},\"inLanguage\":\"sr-RS\",\"potentialAction\":[{\"@type\":\"ReadAction\",\"target\":[\"https:\/\/inti.hr\/sr\/proizvod\/lier-pomocni-stolic-sa-staklenom-plocom-crna\/\"]}]},{\"@type\":\"ImageObject\",\"inLanguage\":\"sr-RS\",\"@id\":\"https:\/\/inti.hr\/sr\/proizvod\/lier-pomocni-stolic-sa-staklenom-plocom-crna\/#primaryimage\",\"url\":\"https:\/\/i0.wp.com\/inti.hr\/wp-content\/uploads\/2024\/02\/68021121d4229486b38146bdd8f89209.jpg?fit=1400%2C1400&ssl=1\",\"contentUrl\":\"https:\/\/i0.wp.com\/inti.hr\/wp-content\/uploads\/2024\/02\/68021121d4229486b38146bdd8f89209.jpg?fit=1400%2C1400&ssl=1\",\"width\":1400,\"height\":1400},{\"@type\":\"BreadcrumbList\",\"@id\":\"https:\/\/inti.hr\/sr\/proizvod\/lier-pomocni-stolic-sa-staklenom-plocom-crna\/#breadcrumb\",\"itemListElement\":[{\"@type\":\"ListItem\",\"position\":1,\"name\":\"Po\u010detna stranica\",\"item\":\"https:\/\/inti.hr\/sr\/\"},{\"@type\":\"ListItem\",\"position\":2,\"name\":\"Prodavnica\",\"item\":\"https:\/\/inti.hr\/sr\/prodavnica\/\"},{\"@type\":\"ListItem\",\"position\":3,\"name\":\"Lier pomo\u0107ni stoli\u0107 sa staklenom plo\u010dom crna\"}]},{\"@type\":\"WebSite\",\"@id\":\"https:\/\/inti.hr\/sr\/#website\",\"url\":\"https:\/\/inti.hr\/sr\/\",\"name\":\"Inti\",\"description\":\"trgovina\",\"potentialAction\":[{\"@type\":\"SearchAction\",\"target\":{\"@type\":\"EntryPoint\",\"urlTemplate\":\"https:\/\/inti.hr\/sr\/?s={search_term_string}\"},\"query-input\":{\"@type\":\"PropertyValueSpecification\",\"valueRequired\":true,\"valueName\":\"search_term_string\"}}],\"inLanguage\":\"sr-RS\"}]}<\/script>\n<!-- \/ Yoast SEO plugin. -->","yoast_head_json":{"title":"Lier pomo\u0107ni stoli\u0107 sa staklenom plo\u010dom crna - Inti","description":"Ovaj stakleni stol savr\u0161en je dodatak va\u0161em domu. Sa svojim bezvremenskim i elegantnim dizajnom, stol je prava vrijednost za svaki \u017eivotni prostor, bilo da se radi o dnevnoj sobi, spava\u0107oj sobi, uredu ili hodniku.Plo\u010da stola nudi dovoljno prostora za daljinski upravlja\u010d, knjige, \u010dasopise i druge osobne stvari. Mo\u017eete sigurno pohraniti grickalice i pi\u0107a dok gledate svoju omiljenu seriju ili dr\u017eati svoje trenutno \u0161tivo pri ruci. Tako\u0111er mo\u017eete kreativno koristiti stol za izlaganje ukrasnih predmeta kao \u0161to su vaze, svije\u0107e ili okviri za slike. Svestranost pomo\u0107nog stoli\u0107a omogu\u0107uje vam fleksibilnu upotrebu u razli\u010ditim sobama. U dnevnoj sobi mo\u017ee poslu\u017eiti kao prakti\u010dna polica uz kau\u010d, dok u spava\u0107oj sobi mo\u017ee poslu\u017eiti kao no\u0107ni ormari\u0107 za va\u0161u lampu za \u010ditanje i knjigu. Osim toga, mo\u017ee pru\u017eiti gostoljubivu dobrodo\u0161licu u ulaznom prostoru. Okvir stola uvijek osigurava stabilan stalak i pridonosi uspje\u0161nom dizajnu. Njegova povr\u0161ina laka za odr\u017eavanje omogu\u0107uje jednostavno \u010di\u0161\u0107enje. Za jednostavno uklanjanje pra\u0161ine i prljav\u0161tine dovoljna je vla\u017ena krpa.","robots":{"index":"index","follow":"follow","max-snippet":"max-snippet:-1","max-image-preview":"max-image-preview:large","max-video-preview":"max-video-preview:-1"},"canonical":"https:\/\/inti.hr\/sr\/proizvod\/lier-pomocni-stolic-sa-staklenom-plocom-crna\/","og_locale":"sr_RS","og_type":"article","og_title":"Lier pomo\u0107ni stoli\u0107 sa staklenom plo\u010dom crna - Inti","og_description":"Ovaj stakleni stol savr\u0161en je dodatak va\u0161em domu. Sa svojim bezvremenskim i elegantnim dizajnom, stol je prava vrijednost za svaki \u017eivotni prostor, bilo da se radi o dnevnoj sobi, spava\u0107oj sobi, uredu ili hodniku.Plo\u010da stola nudi dovoljno prostora za daljinski upravlja\u010d, knjige, \u010dasopise i druge osobne stvari. Mo\u017eete sigurno pohraniti grickalice i pi\u0107a dok gledate svoju omiljenu seriju ili dr\u017eati svoje trenutno \u0161tivo pri ruci. Tako\u0111er mo\u017eete kreativno koristiti stol za izlaganje ukrasnih predmeta kao \u0161to su vaze, svije\u0107e ili okviri za slike. Svestranost pomo\u0107nog stoli\u0107a omogu\u0107uje vam fleksibilnu upotrebu u razli\u010ditim sobama. U dnevnoj sobi mo\u017ee poslu\u017eiti kao prakti\u010dna polica uz kau\u010d, dok u spava\u0107oj sobi mo\u017ee poslu\u017eiti kao no\u0107ni ormari\u0107 za va\u0161u lampu za \u010ditanje i knjigu. Osim toga, mo\u017ee pru\u017eiti gostoljubivu dobrodo\u0161licu u ulaznom prostoru. Okvir stola uvijek osigurava stabilan stalak i pridonosi uspje\u0161nom dizajnu. Njegova povr\u0161ina laka za odr\u017eavanje omogu\u0107uje jednostavno \u010di\u0161\u0107enje. Za jednostavno uklanjanje pra\u0161ine i prljav\u0161tine dovoljna je vla\u017ena krpa.","og_url":"https:\/\/inti.hr\/sr\/proizvod\/lier-pomocni-stolic-sa-staklenom-plocom-crna\/","og_site_name":"Inti","og_image":[{"width":1400,"height":1400,"url":"https:\/\/i0.wp.com\/inti.hr\/wp-content\/uploads\/2024\/02\/68021121d4229486b38146bdd8f89209.jpg?fit=1400%2C1400&ssl=1","type":"image\/jpeg"}],"twitter_card":"summary_large_image","schema":{"@context":"https:\/\/schema.org","@graph":[{"@type":"WebPage","@id":"https:\/\/inti.hr\/sr\/proizvod\/lier-pomocni-stolic-sa-staklenom-plocom-crna\/","url":"https:\/\/inti.hr\/sr\/proizvod\/lier-pomocni-stolic-sa-staklenom-plocom-crna\/","name":"Lier pomo\u0107ni stoli\u0107 sa staklenom plo\u010dom crna - Inti","isPartOf":{"@id":"https:\/\/inti.hr\/sr\/#website"},"primaryImageOfPage":{"@id":"https:\/\/inti.hr\/sr\/proizvod\/lier-pomocni-stolic-sa-staklenom-plocom-crna\/#primaryimage"},"image":{"@id":"https:\/\/inti.hr\/sr\/proizvod\/lier-pomocni-stolic-sa-staklenom-plocom-crna\/#primaryimage"},"thumbnailUrl":"https:\/\/i0.wp.com\/inti.hr\/wp-content\/uploads\/2024\/02\/68021121d4229486b38146bdd8f89209.jpg?fit=1400%2C1400&ssl=1","datePublished":"2024-02-06T09:34:51+00:00","dateModified":"2024-02-06T09:34:51+00:00","description":"Ovaj stakleni stol savr\u0161en je dodatak va\u0161em domu. Sa svojim bezvremenskim i elegantnim dizajnom, stol je prava vrijednost za svaki \u017eivotni prostor, bilo da se radi o dnevnoj sobi, spava\u0107oj sobi, uredu ili hodniku.Plo\u010da stola nudi dovoljno prostora za daljinski upravlja\u010d, knjige, \u010dasopise i druge osobne stvari. Mo\u017eete sigurno pohraniti grickalice i pi\u0107a dok gledate svoju omiljenu seriju ili dr\u017eati svoje trenutno \u0161tivo pri ruci. Tako\u0111er mo\u017eete kreativno koristiti stol za izlaganje ukrasnih predmeta kao \u0161to su vaze, svije\u0107e ili okviri za slike. Svestranost pomo\u0107nog stoli\u0107a omogu\u0107uje vam fleksibilnu upotrebu u razli\u010ditim sobama. U dnevnoj sobi mo\u017ee poslu\u017eiti kao prakti\u010dna polica uz kau\u010d, dok u spava\u0107oj sobi mo\u017ee poslu\u017eiti kao no\u0107ni ormari\u0107 za va\u0161u lampu za \u010ditanje i knjigu. Osim toga, mo\u017ee pru\u017eiti gostoljubivu dobrodo\u0161licu u ulaznom prostoru. Okvir stola uvijek osigurava stabilan stalak i pridonosi uspje\u0161nom dizajnu. Njegova povr\u0161ina laka za odr\u017eavanje omogu\u0107uje jednostavno \u010di\u0161\u0107enje. Za jednostavno uklanjanje pra\u0161ine i prljav\u0161tine dovoljna je vla\u017ena krpa.","breadcrumb":{"@id":"https:\/\/inti.hr\/sr\/proizvod\/lier-pomocni-stolic-sa-staklenom-plocom-crna\/#breadcrumb"},"inLanguage":"sr-RS","potentialAction":[{"@type":"ReadAction","target":["https:\/\/inti.hr\/sr\/proizvod\/lier-pomocni-stolic-sa-staklenom-plocom-crna\/"]}]},{"@type":"ImageObject","inLanguage":"sr-RS","@id":"https:\/\/inti.hr\/sr\/proizvod\/lier-pomocni-stolic-sa-staklenom-plocom-crna\/#primaryimage","url":"https:\/\/i0.wp.com\/inti.hr\/wp-content\/uploads\/2024\/02\/68021121d4229486b38146bdd8f89209.jpg?fit=1400%2C1400&ssl=1","contentUrl":"https:\/\/i0.wp.com\/inti.hr\/wp-content\/uploads\/2024\/02\/68021121d4229486b38146bdd8f89209.jpg?fit=1400%2C1400&ssl=1","width":1400,"height":1400},{"@type":"BreadcrumbList","@id":"https:\/\/inti.hr\/sr\/proizvod\/lier-pomocni-stolic-sa-staklenom-plocom-crna\/#breadcrumb","itemListElement":[{"@type":"ListItem","position":1,"name":"Po\u010detna stranica","item":"https:\/\/inti.hr\/sr\/"},{"@type":"ListItem","position":2,"name":"Prodavnica","item":"https:\/\/inti.hr\/sr\/prodavnica\/"},{"@type":"ListItem","position":3,"name":"Lier pomo\u0107ni stoli\u0107 sa staklenom plo\u010dom crna"}]},{"@type":"WebSite","@id":"https:\/\/inti.hr\/sr\/#website","url":"https:\/\/inti.hr\/sr\/","name":"Inti","description":"trgovina","potentialAction":[{"@type":"SearchAction","target":{"@type":"EntryPoint","urlTemplate":"https:\/\/inti.hr\/sr\/?s={search_term_string}"},"query-input":{"@type":"PropertyValueSpecification","valueRequired":true,"valueName":"search_term_string"}}],"inLanguage":"sr-RS"}]}},"jetpack_sharing_enabled":true,"jetpack-related-posts":[],"_links":{"self":[{"href":"https:\/\/inti.hr\/sr\/wp-json\/wp\/v2\/product\/37443"}],"collection":[{"href":"https:\/\/inti.hr\/sr\/wp-json\/wp\/v2\/product"}],"about":[{"href":"https:\/\/inti.hr\/sr\/wp-json\/wp\/v2\/types\/product"}],"wp:featuredmedia":[{"embeddable":true,"href":"https:\/\/inti.hr\/sr\/wp-json\/wp\/v2\/media\/37444"}],"wp:attachment":[{"href":"https:\/\/inti.hr\/sr\/wp-json\/wp\/v2\/media?parent=37443"}],"wp:term":[{"taxonomy":"product_cat","embeddable":true,"href":"https:\/\/inti.hr\/sr\/wp-json\/wp\/v2\/product_cat?post=37443"},{"taxonomy":"product_tag","embeddable":true,"href":"https:\/\/inti.hr\/sr\/wp-json\/wp\/v2\/product_tag?post=37443"}],"curies":[{"name":"wp","href":"https:\/\/api.w.org\/{rel}","templated":true}]}}