{"id":37449,"date":"2024-02-06T10:16:05","date_gmt":"2024-02-06T09:16:05","guid":{"rendered":"https:\/\/inti.hr\/product\/podstavljena-klupa-za-cipele-3-odjeljka\/"},"modified":"2024-02-06T10:16:05","modified_gmt":"2024-02-06T09:16:05","slug":"podstavljena-klupa-za-cipele-3-odjeljka","status":"publish","type":"product","link":"https:\/\/inti.hr\/sr\/proizvod\/podstavljena-klupa-za-cipele-3-odjeljka\/","title":{"rendered":"Podstavljena klupa za cipele 3 odjeljka"},"content":{"rendered":"<p>Detalji proizvoda:<\/p>\n<p><span>&#8211; Boja: Tamno sme\u0111a\/vintage, bijela<\/span><br \/>\n<span>&#8211; Materijal: E1 klasa iveral, pjena, PU\u00a0<\/span><br \/>\n<span>&#8211; Veli\u010dina: 80 x 30 x 44 cm (D x \u0160 x V)\u00a0<\/span><br \/>\n<span>&#8211; Te\u017eina: 15,9 kg\u00a0<\/span><br \/>\n<span>&#8211; Maksimalna stati\u010dka nosivost: 150 kg<\/span><\/p>\n","protected":false},"excerpt":{"rendered":"<p>Kad do\u0111ete ku\u0107i, sjednite na klupu i izujte cipele kako biste &#8230; <\/p>\n","protected":false},"featured_media":37450,"template":"","meta":[],"product_cat":[2635],"product_tag":[2636,2797],"yoast_head":"<!-- This site is optimized with the Yoast SEO plugin v23.7 - https:\/\/yoast.com\/wordpress\/plugins\/seo\/ -->\n<title>Podstavljena klupa za cipele 3 odjeljka - Inti<\/title>\n<meta name=\"description\" content=\"Kad do\u0111ete ku\u0107i, sjednite na klupu i izujte cipele kako biste ih spremili u isti komad namje\u0161taja. Daleko je prakti\u010dnije nau\u010diti djecu pospremati u dnevnoj ili spava\u0107oj sobi. Ova sjedalica za odlaganje cipela ima izgled koji se prilago\u0111ava svim ku\u0107nim namje\u0161tajima. Sastoji se od 2 police za 6 pari cipela, pretinca s desne strane i mini \u0161krinje s otvorima za odlaganje knjiga, \u017elica za cipele, \u010detki itd. Ova klupa za cipele, izra\u0111ena od E1 iverice, robusna je i stabilna i ima ultra mekan jastuk zahvaljuju\u0107i 4 cm debeloj pjeni. Povr\u0161ina podstavljenog sjedala izra\u0111ena je od PU radi lak\u0161eg \u010di\u0161\u0107enja.\u00a0\" \/>\n<meta name=\"robots\" content=\"index, follow, max-snippet:-1, max-image-preview:large, max-video-preview:-1\" \/>\n<link rel=\"canonical\" href=\"https:\/\/inti.hr\/sr\/proizvod\/podstavljena-klupa-za-cipele-3-odjeljka\/\" \/>\n<meta property=\"og:locale\" content=\"sr_RS\" \/>\n<meta property=\"og:type\" content=\"article\" \/>\n<meta property=\"og:title\" content=\"Podstavljena klupa za cipele 3 odjeljka - Inti\" \/>\n<meta property=\"og:description\" content=\"Kad do\u0111ete ku\u0107i, sjednite na klupu i izujte cipele kako biste ih spremili u isti komad namje\u0161taja. Daleko je prakti\u010dnije nau\u010diti djecu pospremati u dnevnoj ili spava\u0107oj sobi. Ova sjedalica za odlaganje cipela ima izgled koji se prilago\u0111ava svim ku\u0107nim namje\u0161tajima. Sastoji se od 2 police za 6 pari cipela, pretinca s desne strane i mini \u0161krinje s otvorima za odlaganje knjiga, \u017elica za cipele, \u010detki itd. Ova klupa za cipele, izra\u0111ena od E1 iverice, robusna je i stabilna i ima ultra mekan jastuk zahvaljuju\u0107i 4 cm debeloj pjeni. Povr\u0161ina podstavljenog sjedala izra\u0111ena je od PU radi lak\u0161eg \u010di\u0161\u0107enja.\u00a0\" \/>\n<meta property=\"og:url\" content=\"https:\/\/inti.hr\/sr\/proizvod\/podstavljena-klupa-za-cipele-3-odjeljka\/\" \/>\n<meta property=\"og:site_name\" content=\"Inti\" \/>\n<meta property=\"og:image\" content=\"https:\/\/i0.wp.com\/inti.hr\/wp-content\/uploads\/2024\/02\/Gepolsterte-Schuhbank-3-Faecher-Weiss-LHS30W-4.jpg?fit=1000%2C1000&ssl=1\" \/>\n\t<meta property=\"og:image:width\" content=\"1000\" \/>\n\t<meta property=\"og:image:height\" content=\"1000\" \/>\n\t<meta property=\"og:image:type\" content=\"image\/jpeg\" \/>\n<meta name=\"twitter:card\" content=\"summary_large_image\" \/>\n<script type=\"application\/ld+json\" class=\"yoast-schema-graph\">{\"@context\":\"https:\/\/schema.org\",\"@graph\":[{\"@type\":\"WebPage\",\"@id\":\"https:\/\/inti.hr\/sr\/proizvod\/podstavljena-klupa-za-cipele-3-odjeljka\/\",\"url\":\"https:\/\/inti.hr\/sr\/proizvod\/podstavljena-klupa-za-cipele-3-odjeljka\/\",\"name\":\"Podstavljena klupa za cipele 3 odjeljka - Inti\",\"isPartOf\":{\"@id\":\"https:\/\/inti.hr\/sr\/#website\"},\"primaryImageOfPage\":{\"@id\":\"https:\/\/inti.hr\/sr\/proizvod\/podstavljena-klupa-za-cipele-3-odjeljka\/#primaryimage\"},\"image\":{\"@id\":\"https:\/\/inti.hr\/sr\/proizvod\/podstavljena-klupa-za-cipele-3-odjeljka\/#primaryimage\"},\"thumbnailUrl\":\"https:\/\/i0.wp.com\/inti.hr\/wp-content\/uploads\/2024\/02\/Gepolsterte-Schuhbank-3-Faecher-Weiss-LHS30W-4.jpg?fit=1000%2C1000&ssl=1\",\"datePublished\":\"2024-02-06T09:16:05+00:00\",\"dateModified\":\"2024-02-06T09:16:05+00:00\",\"description\":\"Kad do\u0111ete ku\u0107i, sjednite na klupu i izujte cipele kako biste ih spremili u isti komad namje\u0161taja. Daleko je prakti\u010dnije nau\u010diti djecu pospremati u dnevnoj ili spava\u0107oj sobi. Ova sjedalica za odlaganje cipela ima izgled koji se prilago\u0111ava svim ku\u0107nim namje\u0161tajima. Sastoji se od 2 police za 6 pari cipela, pretinca s desne strane i mini \u0161krinje s otvorima za odlaganje knjiga, \u017elica za cipele, \u010detki itd. Ova klupa za cipele, izra\u0111ena od E1 iverice, robusna je i stabilna i ima ultra mekan jastuk zahvaljuju\u0107i 4 cm debeloj pjeni. Povr\u0161ina podstavljenog sjedala izra\u0111ena je od PU radi lak\u0161eg \u010di\u0161\u0107enja.\u00a0\",\"breadcrumb\":{\"@id\":\"https:\/\/inti.hr\/sr\/proizvod\/podstavljena-klupa-za-cipele-3-odjeljka\/#breadcrumb\"},\"inLanguage\":\"sr-RS\",\"potentialAction\":[{\"@type\":\"ReadAction\",\"target\":[\"https:\/\/inti.hr\/sr\/proizvod\/podstavljena-klupa-za-cipele-3-odjeljka\/\"]}]},{\"@type\":\"ImageObject\",\"inLanguage\":\"sr-RS\",\"@id\":\"https:\/\/inti.hr\/sr\/proizvod\/podstavljena-klupa-za-cipele-3-odjeljka\/#primaryimage\",\"url\":\"https:\/\/i0.wp.com\/inti.hr\/wp-content\/uploads\/2024\/02\/Gepolsterte-Schuhbank-3-Faecher-Weiss-LHS30W-4.jpg?fit=1000%2C1000&ssl=1\",\"contentUrl\":\"https:\/\/i0.wp.com\/inti.hr\/wp-content\/uploads\/2024\/02\/Gepolsterte-Schuhbank-3-Faecher-Weiss-LHS30W-4.jpg?fit=1000%2C1000&ssl=1\",\"width\":1000,\"height\":1000},{\"@type\":\"BreadcrumbList\",\"@id\":\"https:\/\/inti.hr\/sr\/proizvod\/podstavljena-klupa-za-cipele-3-odjeljka\/#breadcrumb\",\"itemListElement\":[{\"@type\":\"ListItem\",\"position\":1,\"name\":\"Po\u010detna stranica\",\"item\":\"https:\/\/inti.hr\/sr\/\"},{\"@type\":\"ListItem\",\"position\":2,\"name\":\"Prodavnica\",\"item\":\"https:\/\/inti.hr\/sr\/prodavnica\/\"},{\"@type\":\"ListItem\",\"position\":3,\"name\":\"Podstavljena klupa za cipele 3 odjeljka\"}]},{\"@type\":\"WebSite\",\"@id\":\"https:\/\/inti.hr\/sr\/#website\",\"url\":\"https:\/\/inti.hr\/sr\/\",\"name\":\"Inti\",\"description\":\"trgovina\",\"potentialAction\":[{\"@type\":\"SearchAction\",\"target\":{\"@type\":\"EntryPoint\",\"urlTemplate\":\"https:\/\/inti.hr\/sr\/?s={search_term_string}\"},\"query-input\":{\"@type\":\"PropertyValueSpecification\",\"valueRequired\":true,\"valueName\":\"search_term_string\"}}],\"inLanguage\":\"sr-RS\"}]}<\/script>\n<!-- \/ Yoast SEO plugin. -->","yoast_head_json":{"title":"Podstavljena klupa za cipele 3 odjeljka - Inti","description":"Kad do\u0111ete ku\u0107i, sjednite na klupu i izujte cipele kako biste ih spremili u isti komad namje\u0161taja. Daleko je prakti\u010dnije nau\u010diti djecu pospremati u dnevnoj ili spava\u0107oj sobi. Ova sjedalica za odlaganje cipela ima izgled koji se prilago\u0111ava svim ku\u0107nim namje\u0161tajima. Sastoji se od 2 police za 6 pari cipela, pretinca s desne strane i mini \u0161krinje s otvorima za odlaganje knjiga, \u017elica za cipele, \u010detki itd. Ova klupa za cipele, izra\u0111ena od E1 iverice, robusna je i stabilna i ima ultra mekan jastuk zahvaljuju\u0107i 4 cm debeloj pjeni. Povr\u0161ina podstavljenog sjedala izra\u0111ena je od PU radi lak\u0161eg \u010di\u0161\u0107enja.\u00a0","robots":{"index":"index","follow":"follow","max-snippet":"max-snippet:-1","max-image-preview":"max-image-preview:large","max-video-preview":"max-video-preview:-1"},"canonical":"https:\/\/inti.hr\/sr\/proizvod\/podstavljena-klupa-za-cipele-3-odjeljka\/","og_locale":"sr_RS","og_type":"article","og_title":"Podstavljena klupa za cipele 3 odjeljka - Inti","og_description":"Kad do\u0111ete ku\u0107i, sjednite na klupu i izujte cipele kako biste ih spremili u isti komad namje\u0161taja. Daleko je prakti\u010dnije nau\u010diti djecu pospremati u dnevnoj ili spava\u0107oj sobi. Ova sjedalica za odlaganje cipela ima izgled koji se prilago\u0111ava svim ku\u0107nim namje\u0161tajima. Sastoji se od 2 police za 6 pari cipela, pretinca s desne strane i mini \u0161krinje s otvorima za odlaganje knjiga, \u017elica za cipele, \u010detki itd. Ova klupa za cipele, izra\u0111ena od E1 iverice, robusna je i stabilna i ima ultra mekan jastuk zahvaljuju\u0107i 4 cm debeloj pjeni. Povr\u0161ina podstavljenog sjedala izra\u0111ena je od PU radi lak\u0161eg \u010di\u0161\u0107enja.\u00a0","og_url":"https:\/\/inti.hr\/sr\/proizvod\/podstavljena-klupa-za-cipele-3-odjeljka\/","og_site_name":"Inti","og_image":[{"width":1000,"height":1000,"url":"https:\/\/i0.wp.com\/inti.hr\/wp-content\/uploads\/2024\/02\/Gepolsterte-Schuhbank-3-Faecher-Weiss-LHS30W-4.jpg?fit=1000%2C1000&ssl=1","type":"image\/jpeg"}],"twitter_card":"summary_large_image","schema":{"@context":"https:\/\/schema.org","@graph":[{"@type":"WebPage","@id":"https:\/\/inti.hr\/sr\/proizvod\/podstavljena-klupa-za-cipele-3-odjeljka\/","url":"https:\/\/inti.hr\/sr\/proizvod\/podstavljena-klupa-za-cipele-3-odjeljka\/","name":"Podstavljena klupa za cipele 3 odjeljka - Inti","isPartOf":{"@id":"https:\/\/inti.hr\/sr\/#website"},"primaryImageOfPage":{"@id":"https:\/\/inti.hr\/sr\/proizvod\/podstavljena-klupa-za-cipele-3-odjeljka\/#primaryimage"},"image":{"@id":"https:\/\/inti.hr\/sr\/proizvod\/podstavljena-klupa-za-cipele-3-odjeljka\/#primaryimage"},"thumbnailUrl":"https:\/\/i0.wp.com\/inti.hr\/wp-content\/uploads\/2024\/02\/Gepolsterte-Schuhbank-3-Faecher-Weiss-LHS30W-4.jpg?fit=1000%2C1000&ssl=1","datePublished":"2024-02-06T09:16:05+00:00","dateModified":"2024-02-06T09:16:05+00:00","description":"Kad do\u0111ete ku\u0107i, sjednite na klupu i izujte cipele kako biste ih spremili u isti komad namje\u0161taja. Daleko je prakti\u010dnije nau\u010diti djecu pospremati u dnevnoj ili spava\u0107oj sobi. Ova sjedalica za odlaganje cipela ima izgled koji se prilago\u0111ava svim ku\u0107nim namje\u0161tajima. Sastoji se od 2 police za 6 pari cipela, pretinca s desne strane i mini \u0161krinje s otvorima za odlaganje knjiga, \u017elica za cipele, \u010detki itd. Ova klupa za cipele, izra\u0111ena od E1 iverice, robusna je i stabilna i ima ultra mekan jastuk zahvaljuju\u0107i 4 cm debeloj pjeni. Povr\u0161ina podstavljenog sjedala izra\u0111ena je od PU radi lak\u0161eg \u010di\u0161\u0107enja.\u00a0","breadcrumb":{"@id":"https:\/\/inti.hr\/sr\/proizvod\/podstavljena-klupa-za-cipele-3-odjeljka\/#breadcrumb"},"inLanguage":"sr-RS","potentialAction":[{"@type":"ReadAction","target":["https:\/\/inti.hr\/sr\/proizvod\/podstavljena-klupa-za-cipele-3-odjeljka\/"]}]},{"@type":"ImageObject","inLanguage":"sr-RS","@id":"https:\/\/inti.hr\/sr\/proizvod\/podstavljena-klupa-za-cipele-3-odjeljka\/#primaryimage","url":"https:\/\/i0.wp.com\/inti.hr\/wp-content\/uploads\/2024\/02\/Gepolsterte-Schuhbank-3-Faecher-Weiss-LHS30W-4.jpg?fit=1000%2C1000&ssl=1","contentUrl":"https:\/\/i0.wp.com\/inti.hr\/wp-content\/uploads\/2024\/02\/Gepolsterte-Schuhbank-3-Faecher-Weiss-LHS30W-4.jpg?fit=1000%2C1000&ssl=1","width":1000,"height":1000},{"@type":"BreadcrumbList","@id":"https:\/\/inti.hr\/sr\/proizvod\/podstavljena-klupa-za-cipele-3-odjeljka\/#breadcrumb","itemListElement":[{"@type":"ListItem","position":1,"name":"Po\u010detna stranica","item":"https:\/\/inti.hr\/sr\/"},{"@type":"ListItem","position":2,"name":"Prodavnica","item":"https:\/\/inti.hr\/sr\/prodavnica\/"},{"@type":"ListItem","position":3,"name":"Podstavljena klupa za cipele 3 odjeljka"}]},{"@type":"WebSite","@id":"https:\/\/inti.hr\/sr\/#website","url":"https:\/\/inti.hr\/sr\/","name":"Inti","description":"trgovina","potentialAction":[{"@type":"SearchAction","target":{"@type":"EntryPoint","urlTemplate":"https:\/\/inti.hr\/sr\/?s={search_term_string}"},"query-input":{"@type":"PropertyValueSpecification","valueRequired":true,"valueName":"search_term_string"}}],"inLanguage":"sr-RS"}]}},"jetpack_sharing_enabled":true,"jetpack-related-posts":[],"_links":{"self":[{"href":"https:\/\/inti.hr\/sr\/wp-json\/wp\/v2\/product\/37449"}],"collection":[{"href":"https:\/\/inti.hr\/sr\/wp-json\/wp\/v2\/product"}],"about":[{"href":"https:\/\/inti.hr\/sr\/wp-json\/wp\/v2\/types\/product"}],"wp:featuredmedia":[{"embeddable":true,"href":"https:\/\/inti.hr\/sr\/wp-json\/wp\/v2\/media\/37450"}],"wp:attachment":[{"href":"https:\/\/inti.hr\/sr\/wp-json\/wp\/v2\/media?parent=37449"}],"wp:term":[{"taxonomy":"product_cat","embeddable":true,"href":"https:\/\/inti.hr\/sr\/wp-json\/wp\/v2\/product_cat?post=37449"},{"taxonomy":"product_tag","embeddable":true,"href":"https:\/\/inti.hr\/sr\/wp-json\/wp\/v2\/product_tag?post=37449"}],"curies":[{"name":"wp","href":"https:\/\/api.w.org\/{rel}","templated":true}]}}