{"id":37503,"date":"2024-02-02T12:06:20","date_gmt":"2024-02-02T12:06:20","guid":{"rendered":"https:\/\/inti.hr\/product\/stalak-za-biljke-tuusula-s-2-police\/"},"modified":"2024-02-02T12:06:20","modified_gmt":"2024-02-02T12:06:20","slug":"stalak-za-biljke-tuusula-s-2-police","status":"publish","type":"product","link":"https:\/\/inti.hr\/sr\/proizvod\/stalak-za-biljke-tuusula-s-2-police\/","title":{"rendered":"Stalak za biljke Tuusula s 2 police"},"content":{"rendered":"<p>Detalji proizvoda:<\/p>\n<p>&#8211; Dekorativni stalak za biljke za va\u0161 \u017eivotni prostor<br \/>\n&#8211; Elegantna prezentacija sobnih biljaka<br \/>\n&#8211; Dvije police za odlaganje koje \u0161tede prostor<br \/>\n&#8211; Sigurno postolje zahvaljuju\u0107i \u010dvrstom okviru<br \/>\n&#8211; Brzo i jednostavno postavljanje<\/p>\n<p>Dimenzije:<\/p>\n<p>&#8211; Ukupna visina: 54 cm<br \/>\n&#8211; Promjer polica: 25 cm svaka<br \/>\n&#8211; Razmak izme\u0111u polica: 39 cm<\/p>\n<p>Materijal:<\/p>\n<p>metal<\/p>\n<p>Boja:<\/p>\n<p>Crno<\/p>\n","protected":false},"excerpt":{"rendered":"<p>Stalak za biljke savr\u0161eno je rje\u0161enje za izlaganje va\u0161ih omiljenih biljaka &#8230; <\/p>\n","protected":false},"featured_media":37504,"template":"","meta":[],"product_cat":[2893],"product_tag":[3501,3127],"yoast_head":"<!-- This site is optimized with the Yoast SEO plugin v23.7 - https:\/\/yoast.com\/wordpress\/plugins\/seo\/ -->\n<title>Stalak za biljke Tuusula s 2 police - Inti<\/title>\n<meta name=\"description\" content=\"Stalak za biljke savr\u0161eno je rje\u0161enje za izlaganje va\u0161ih omiljenih biljaka u stilu. Osmi\u0161ljen je kako bi va\u0161e sobne biljke i posude za cvije\u0107e stavio u fokus dok istovremeno pobolj\u0161ava va\u0161 \u017eivotni prostor. Elegantan dizajn besprijekorno se uklapa u razli\u010dite stilove interijera. Postavljanje stalka za cvije\u0107e brzo je i jednostavno. Dvije police omogu\u0107uju vam izlaganje biljaka na pregledan na\u010din koji \u0161tedi prostor.Okvir osigurava sigurno postolje i doprinosi uspje\u0161nom dizajnu.\" \/>\n<meta name=\"robots\" content=\"index, follow, max-snippet:-1, max-image-preview:large, max-video-preview:-1\" \/>\n<link rel=\"canonical\" href=\"https:\/\/inti.hr\/sr\/proizvod\/stalak-za-biljke-tuusula-s-2-police\/\" \/>\n<meta property=\"og:locale\" content=\"sr_RS\" \/>\n<meta property=\"og:type\" content=\"article\" \/>\n<meta property=\"og:title\" content=\"Stalak za biljke Tuusula s 2 police - Inti\" \/>\n<meta property=\"og:description\" content=\"Stalak za biljke savr\u0161eno je rje\u0161enje za izlaganje va\u0161ih omiljenih biljaka u stilu. Osmi\u0161ljen je kako bi va\u0161e sobne biljke i posude za cvije\u0107e stavio u fokus dok istovremeno pobolj\u0161ava va\u0161 \u017eivotni prostor. Elegantan dizajn besprijekorno se uklapa u razli\u010dite stilove interijera. Postavljanje stalka za cvije\u0107e brzo je i jednostavno. Dvije police omogu\u0107uju vam izlaganje biljaka na pregledan na\u010din koji \u0161tedi prostor.Okvir osigurava sigurno postolje i doprinosi uspje\u0161nom dizajnu.\" \/>\n<meta property=\"og:url\" content=\"https:\/\/inti.hr\/sr\/proizvod\/stalak-za-biljke-tuusula-s-2-police\/\" \/>\n<meta property=\"og:site_name\" content=\"Inti\" \/>\n<meta property=\"og:image\" content=\"https:\/\/i0.wp.com\/inti.hr\/wp-content\/uploads\/2024\/02\/5039b8da1d9b244680ab523af77a1a36.jpg?fit=1400%2C1400&ssl=1\" \/>\n\t<meta property=\"og:image:width\" content=\"1400\" \/>\n\t<meta property=\"og:image:height\" content=\"1400\" \/>\n\t<meta property=\"og:image:type\" content=\"image\/jpeg\" \/>\n<meta name=\"twitter:card\" content=\"summary_large_image\" \/>\n<script type=\"application\/ld+json\" class=\"yoast-schema-graph\">{\"@context\":\"https:\/\/schema.org\",\"@graph\":[{\"@type\":\"WebPage\",\"@id\":\"https:\/\/inti.hr\/sr\/proizvod\/stalak-za-biljke-tuusula-s-2-police\/\",\"url\":\"https:\/\/inti.hr\/sr\/proizvod\/stalak-za-biljke-tuusula-s-2-police\/\",\"name\":\"Stalak za biljke Tuusula s 2 police - Inti\",\"isPartOf\":{\"@id\":\"https:\/\/inti.hr\/sr\/#website\"},\"primaryImageOfPage\":{\"@id\":\"https:\/\/inti.hr\/sr\/proizvod\/stalak-za-biljke-tuusula-s-2-police\/#primaryimage\"},\"image\":{\"@id\":\"https:\/\/inti.hr\/sr\/proizvod\/stalak-za-biljke-tuusula-s-2-police\/#primaryimage\"},\"thumbnailUrl\":\"https:\/\/i0.wp.com\/inti.hr\/wp-content\/uploads\/2024\/02\/5039b8da1d9b244680ab523af77a1a36.jpg?fit=1400%2C1400&ssl=1\",\"datePublished\":\"2024-02-02T12:06:20+00:00\",\"dateModified\":\"2024-02-02T12:06:20+00:00\",\"description\":\"Stalak za biljke savr\u0161eno je rje\u0161enje za izlaganje va\u0161ih omiljenih biljaka u stilu. Osmi\u0161ljen je kako bi va\u0161e sobne biljke i posude za cvije\u0107e stavio u fokus dok istovremeno pobolj\u0161ava va\u0161 \u017eivotni prostor. Elegantan dizajn besprijekorno se uklapa u razli\u010dite stilove interijera. Postavljanje stalka za cvije\u0107e brzo je i jednostavno. Dvije police omogu\u0107uju vam izlaganje biljaka na pregledan na\u010din koji \u0161tedi prostor.Okvir osigurava sigurno postolje i doprinosi uspje\u0161nom dizajnu.\",\"breadcrumb\":{\"@id\":\"https:\/\/inti.hr\/sr\/proizvod\/stalak-za-biljke-tuusula-s-2-police\/#breadcrumb\"},\"inLanguage\":\"sr-RS\",\"potentialAction\":[{\"@type\":\"ReadAction\",\"target\":[\"https:\/\/inti.hr\/sr\/proizvod\/stalak-za-biljke-tuusula-s-2-police\/\"]}]},{\"@type\":\"ImageObject\",\"inLanguage\":\"sr-RS\",\"@id\":\"https:\/\/inti.hr\/sr\/proizvod\/stalak-za-biljke-tuusula-s-2-police\/#primaryimage\",\"url\":\"https:\/\/i0.wp.com\/inti.hr\/wp-content\/uploads\/2024\/02\/5039b8da1d9b244680ab523af77a1a36.jpg?fit=1400%2C1400&ssl=1\",\"contentUrl\":\"https:\/\/i0.wp.com\/inti.hr\/wp-content\/uploads\/2024\/02\/5039b8da1d9b244680ab523af77a1a36.jpg?fit=1400%2C1400&ssl=1\",\"width\":1400,\"height\":1400},{\"@type\":\"BreadcrumbList\",\"@id\":\"https:\/\/inti.hr\/sr\/proizvod\/stalak-za-biljke-tuusula-s-2-police\/#breadcrumb\",\"itemListElement\":[{\"@type\":\"ListItem\",\"position\":1,\"name\":\"Po\u010detna stranica\",\"item\":\"https:\/\/inti.hr\/sr\/\"},{\"@type\":\"ListItem\",\"position\":2,\"name\":\"Prodavnica\",\"item\":\"https:\/\/inti.hr\/sr\/prodavnica\/\"},{\"@type\":\"ListItem\",\"position\":3,\"name\":\"Stalak za biljke Tuusula s 2 police\"}]},{\"@type\":\"WebSite\",\"@id\":\"https:\/\/inti.hr\/sr\/#website\",\"url\":\"https:\/\/inti.hr\/sr\/\",\"name\":\"Inti\",\"description\":\"trgovina\",\"potentialAction\":[{\"@type\":\"SearchAction\",\"target\":{\"@type\":\"EntryPoint\",\"urlTemplate\":\"https:\/\/inti.hr\/sr\/?s={search_term_string}\"},\"query-input\":{\"@type\":\"PropertyValueSpecification\",\"valueRequired\":true,\"valueName\":\"search_term_string\"}}],\"inLanguage\":\"sr-RS\"}]}<\/script>\n<!-- \/ Yoast SEO plugin. -->","yoast_head_json":{"title":"Stalak za biljke Tuusula s 2 police - Inti","description":"Stalak za biljke savr\u0161eno je rje\u0161enje za izlaganje va\u0161ih omiljenih biljaka u stilu. Osmi\u0161ljen je kako bi va\u0161e sobne biljke i posude za cvije\u0107e stavio u fokus dok istovremeno pobolj\u0161ava va\u0161 \u017eivotni prostor. Elegantan dizajn besprijekorno se uklapa u razli\u010dite stilove interijera. Postavljanje stalka za cvije\u0107e brzo je i jednostavno. Dvije police omogu\u0107uju vam izlaganje biljaka na pregledan na\u010din koji \u0161tedi prostor.Okvir osigurava sigurno postolje i doprinosi uspje\u0161nom dizajnu.","robots":{"index":"index","follow":"follow","max-snippet":"max-snippet:-1","max-image-preview":"max-image-preview:large","max-video-preview":"max-video-preview:-1"},"canonical":"https:\/\/inti.hr\/sr\/proizvod\/stalak-za-biljke-tuusula-s-2-police\/","og_locale":"sr_RS","og_type":"article","og_title":"Stalak za biljke Tuusula s 2 police - Inti","og_description":"Stalak za biljke savr\u0161eno je rje\u0161enje za izlaganje va\u0161ih omiljenih biljaka u stilu. Osmi\u0161ljen je kako bi va\u0161e sobne biljke i posude za cvije\u0107e stavio u fokus dok istovremeno pobolj\u0161ava va\u0161 \u017eivotni prostor. Elegantan dizajn besprijekorno se uklapa u razli\u010dite stilove interijera. Postavljanje stalka za cvije\u0107e brzo je i jednostavno. Dvije police omogu\u0107uju vam izlaganje biljaka na pregledan na\u010din koji \u0161tedi prostor.Okvir osigurava sigurno postolje i doprinosi uspje\u0161nom dizajnu.","og_url":"https:\/\/inti.hr\/sr\/proizvod\/stalak-za-biljke-tuusula-s-2-police\/","og_site_name":"Inti","og_image":[{"width":1400,"height":1400,"url":"https:\/\/i0.wp.com\/inti.hr\/wp-content\/uploads\/2024\/02\/5039b8da1d9b244680ab523af77a1a36.jpg?fit=1400%2C1400&ssl=1","type":"image\/jpeg"}],"twitter_card":"summary_large_image","schema":{"@context":"https:\/\/schema.org","@graph":[{"@type":"WebPage","@id":"https:\/\/inti.hr\/sr\/proizvod\/stalak-za-biljke-tuusula-s-2-police\/","url":"https:\/\/inti.hr\/sr\/proizvod\/stalak-za-biljke-tuusula-s-2-police\/","name":"Stalak za biljke Tuusula s 2 police - Inti","isPartOf":{"@id":"https:\/\/inti.hr\/sr\/#website"},"primaryImageOfPage":{"@id":"https:\/\/inti.hr\/sr\/proizvod\/stalak-za-biljke-tuusula-s-2-police\/#primaryimage"},"image":{"@id":"https:\/\/inti.hr\/sr\/proizvod\/stalak-za-biljke-tuusula-s-2-police\/#primaryimage"},"thumbnailUrl":"https:\/\/i0.wp.com\/inti.hr\/wp-content\/uploads\/2024\/02\/5039b8da1d9b244680ab523af77a1a36.jpg?fit=1400%2C1400&ssl=1","datePublished":"2024-02-02T12:06:20+00:00","dateModified":"2024-02-02T12:06:20+00:00","description":"Stalak za biljke savr\u0161eno je rje\u0161enje za izlaganje va\u0161ih omiljenih biljaka u stilu. Osmi\u0161ljen je kako bi va\u0161e sobne biljke i posude za cvije\u0107e stavio u fokus dok istovremeno pobolj\u0161ava va\u0161 \u017eivotni prostor. Elegantan dizajn besprijekorno se uklapa u razli\u010dite stilove interijera. Postavljanje stalka za cvije\u0107e brzo je i jednostavno. Dvije police omogu\u0107uju vam izlaganje biljaka na pregledan na\u010din koji \u0161tedi prostor.Okvir osigurava sigurno postolje i doprinosi uspje\u0161nom dizajnu.","breadcrumb":{"@id":"https:\/\/inti.hr\/sr\/proizvod\/stalak-za-biljke-tuusula-s-2-police\/#breadcrumb"},"inLanguage":"sr-RS","potentialAction":[{"@type":"ReadAction","target":["https:\/\/inti.hr\/sr\/proizvod\/stalak-za-biljke-tuusula-s-2-police\/"]}]},{"@type":"ImageObject","inLanguage":"sr-RS","@id":"https:\/\/inti.hr\/sr\/proizvod\/stalak-za-biljke-tuusula-s-2-police\/#primaryimage","url":"https:\/\/i0.wp.com\/inti.hr\/wp-content\/uploads\/2024\/02\/5039b8da1d9b244680ab523af77a1a36.jpg?fit=1400%2C1400&ssl=1","contentUrl":"https:\/\/i0.wp.com\/inti.hr\/wp-content\/uploads\/2024\/02\/5039b8da1d9b244680ab523af77a1a36.jpg?fit=1400%2C1400&ssl=1","width":1400,"height":1400},{"@type":"BreadcrumbList","@id":"https:\/\/inti.hr\/sr\/proizvod\/stalak-za-biljke-tuusula-s-2-police\/#breadcrumb","itemListElement":[{"@type":"ListItem","position":1,"name":"Po\u010detna stranica","item":"https:\/\/inti.hr\/sr\/"},{"@type":"ListItem","position":2,"name":"Prodavnica","item":"https:\/\/inti.hr\/sr\/prodavnica\/"},{"@type":"ListItem","position":3,"name":"Stalak za biljke Tuusula s 2 police"}]},{"@type":"WebSite","@id":"https:\/\/inti.hr\/sr\/#website","url":"https:\/\/inti.hr\/sr\/","name":"Inti","description":"trgovina","potentialAction":[{"@type":"SearchAction","target":{"@type":"EntryPoint","urlTemplate":"https:\/\/inti.hr\/sr\/?s={search_term_string}"},"query-input":{"@type":"PropertyValueSpecification","valueRequired":true,"valueName":"search_term_string"}}],"inLanguage":"sr-RS"}]}},"jetpack_sharing_enabled":true,"jetpack-related-posts":[],"_links":{"self":[{"href":"https:\/\/inti.hr\/sr\/wp-json\/wp\/v2\/product\/37503"}],"collection":[{"href":"https:\/\/inti.hr\/sr\/wp-json\/wp\/v2\/product"}],"about":[{"href":"https:\/\/inti.hr\/sr\/wp-json\/wp\/v2\/types\/product"}],"wp:featuredmedia":[{"embeddable":true,"href":"https:\/\/inti.hr\/sr\/wp-json\/wp\/v2\/media\/37504"}],"wp:attachment":[{"href":"https:\/\/inti.hr\/sr\/wp-json\/wp\/v2\/media?parent=37503"}],"wp:term":[{"taxonomy":"product_cat","embeddable":true,"href":"https:\/\/inti.hr\/sr\/wp-json\/wp\/v2\/product_cat?post=37503"},{"taxonomy":"product_tag","embeddable":true,"href":"https:\/\/inti.hr\/sr\/wp-json\/wp\/v2\/product_tag?post=37503"}],"curies":[{"name":"wp","href":"https:\/\/api.w.org\/{rel}","templated":true}]}}