{"id":37531,"date":"2024-01-31T18:04:37","date_gmt":"2024-01-31T18:04:37","guid":{"rendered":"https:\/\/inti.hr\/product\/kosara-za-rublje-s-3-odjeljka\/"},"modified":"2024-01-31T18:04:37","modified_gmt":"2024-01-31T18:04:37","slug":"kosara-za-rublje-s-3-odjeljka","status":"publish","type":"product","link":"https:\/\/inti.hr\/sr\/proizvod\/kosara-za-rublje-s-3-odjeljka\/","title":{"rendered":"Ko\u0161ara za rublje s 3 odjeljka"},"content":{"rendered":"<p>Detalji proizvoda:<\/p>\n<p>Boja: prirodne boje<\/p>\n<p>Materijal: PP plastika (polipropilen), metalni okvir, pamuk<\/p>\n<p>Veli\u010dina: 66 x 33 x 60 cm (D x \u0160 x V)<\/p>\n<p>Te\u017eina: 3,5 kg<\/p>\n<p>Maksimalna stati\u010dka nosivost: 30 kg<\/p>\n","protected":false},"excerpt":{"rendered":"<p>Ru\u010dno tkani dizajn daje ovoj visokokvalitetnoj ko\u0161ari za rublje jedinstven stilski &#8230; <\/p>\n","protected":false},"featured_media":37532,"template":"","meta":[],"product_cat":[2396],"product_tag":[2430,3432],"yoast_head":"<!-- This site is optimized with the Yoast SEO plugin v23.7 - https:\/\/yoast.com\/wordpress\/plugins\/seo\/ -->\n<title>Ko\u0161ara za rublje s 3 odjeljka - Inti<\/title>\n<meta name=\"description\" content=\"Ru\u010dno tkani dizajn daje ovoj visokokvalitetnoj ko\u0161ari za rublje jedinstven stilski \u0161tih i donosi da\u0161ak prirode u va\u0161 dom. Ne zaboravi pamu\u010dnu vre\u0107icu na ko\u0161ari za rublje kad radi\u0161 ve\u0107e \u010di\u0161\u0107enje! Vre\u0107ica za rublje se mo\u017ee ukloniti kako bi se olak\u0161alo \u010di\u0161\u0107enje; Torbica se tako\u0111er mo\u017ee prati u perilici! Za sljede\u0107i dan pranja! \u010cvrsta ko\u0161ara za rublje s metalnim okvirom, koja ima 3 pretinca, 1 bo\u010dni d\u017eep i ukupni kapacitet od 140 L. Osim toga, ova korpa za rublje mo\u017ee se postaviti u samo nekoliko minuta i mo\u017ee se lako sklopiti kada se ne korist. Razvrstajte svoju svijetlu, tamnu i osjetljivu odje\u0107u odvojeno u ovoj korpi za pranje rublja s 3 odjeljka tako da ne morate preturati okolo na dan pranja rublja.\u00a0Za donje rublje predvi\u0111en je bo\u010dni d\u017eep! Omogu\u0107uju vam da lako gurate kolica za pranje rublja ili ih zaklju\u010date kada je to potrebno, pru\u017eaju\u0107i vam sigurnost i udobnost pri kori\u0161tenju.\" \/>\n<meta name=\"robots\" content=\"index, follow, max-snippet:-1, max-image-preview:large, max-video-preview:-1\" \/>\n<link rel=\"canonical\" href=\"https:\/\/inti.hr\/sr\/proizvod\/kosara-za-rublje-s-3-odjeljka\/\" \/>\n<meta property=\"og:locale\" content=\"sr_RS\" \/>\n<meta property=\"og:type\" content=\"article\" \/>\n<meta property=\"og:title\" content=\"Ko\u0161ara za rublje s 3 odjeljka - Inti\" \/>\n<meta property=\"og:description\" content=\"Ru\u010dno tkani dizajn daje ovoj visokokvalitetnoj ko\u0161ari za rublje jedinstven stilski \u0161tih i donosi da\u0161ak prirode u va\u0161 dom. Ne zaboravi pamu\u010dnu vre\u0107icu na ko\u0161ari za rublje kad radi\u0161 ve\u0107e \u010di\u0161\u0107enje! Vre\u0107ica za rublje se mo\u017ee ukloniti kako bi se olak\u0161alo \u010di\u0161\u0107enje; Torbica se tako\u0111er mo\u017ee prati u perilici! Za sljede\u0107i dan pranja! \u010cvrsta ko\u0161ara za rublje s metalnim okvirom, koja ima 3 pretinca, 1 bo\u010dni d\u017eep i ukupni kapacitet od 140 L. Osim toga, ova korpa za rublje mo\u017ee se postaviti u samo nekoliko minuta i mo\u017ee se lako sklopiti kada se ne korist. Razvrstajte svoju svijetlu, tamnu i osjetljivu odje\u0107u odvojeno u ovoj korpi za pranje rublja s 3 odjeljka tako da ne morate preturati okolo na dan pranja rublja.\u00a0Za donje rublje predvi\u0111en je bo\u010dni d\u017eep! Omogu\u0107uju vam da lako gurate kolica za pranje rublja ili ih zaklju\u010date kada je to potrebno, pru\u017eaju\u0107i vam sigurnost i udobnost pri kori\u0161tenju.\" \/>\n<meta property=\"og:url\" content=\"https:\/\/inti.hr\/sr\/proizvod\/kosara-za-rublje-s-3-odjeljka\/\" \/>\n<meta property=\"og:site_name\" content=\"Inti\" \/>\n<meta property=\"og:image\" content=\"https:\/\/i0.wp.com\/inti.hr\/wp-content\/uploads\/2024\/01\/LCB365G01-2-1-e1706724139471.jpg?fit=1000%2C857&ssl=1\" \/>\n\t<meta property=\"og:image:width\" content=\"1000\" \/>\n\t<meta property=\"og:image:height\" content=\"857\" \/>\n\t<meta property=\"og:image:type\" content=\"image\/jpeg\" \/>\n<meta name=\"twitter:card\" content=\"summary_large_image\" \/>\n<script type=\"application\/ld+json\" class=\"yoast-schema-graph\">{\"@context\":\"https:\/\/schema.org\",\"@graph\":[{\"@type\":\"WebPage\",\"@id\":\"https:\/\/inti.hr\/sr\/proizvod\/kosara-za-rublje-s-3-odjeljka\/\",\"url\":\"https:\/\/inti.hr\/sr\/proizvod\/kosara-za-rublje-s-3-odjeljka\/\",\"name\":\"Ko\u0161ara za rublje s 3 odjeljka - Inti\",\"isPartOf\":{\"@id\":\"https:\/\/inti.hr\/sr\/#website\"},\"primaryImageOfPage\":{\"@id\":\"https:\/\/inti.hr\/sr\/proizvod\/kosara-za-rublje-s-3-odjeljka\/#primaryimage\"},\"image\":{\"@id\":\"https:\/\/inti.hr\/sr\/proizvod\/kosara-za-rublje-s-3-odjeljka\/#primaryimage\"},\"thumbnailUrl\":\"https:\/\/i0.wp.com\/inti.hr\/wp-content\/uploads\/2024\/01\/LCB365G01-2-1-e1706724139471.jpg?fit=1000%2C857&ssl=1\",\"datePublished\":\"2024-01-31T18:04:37+00:00\",\"dateModified\":\"2024-01-31T18:04:37+00:00\",\"description\":\"Ru\u010dno tkani dizajn daje ovoj visokokvalitetnoj ko\u0161ari za rublje jedinstven stilski \u0161tih i donosi da\u0161ak prirode u va\u0161 dom. Ne zaboravi pamu\u010dnu vre\u0107icu na ko\u0161ari za rublje kad radi\u0161 ve\u0107e \u010di\u0161\u0107enje! Vre\u0107ica za rublje se mo\u017ee ukloniti kako bi se olak\u0161alo \u010di\u0161\u0107enje; Torbica se tako\u0111er mo\u017ee prati u perilici! Za sljede\u0107i dan pranja! \u010cvrsta ko\u0161ara za rublje s metalnim okvirom, koja ima 3 pretinca, 1 bo\u010dni d\u017eep i ukupni kapacitet od 140 L. Osim toga, ova korpa za rublje mo\u017ee se postaviti u samo nekoliko minuta i mo\u017ee se lako sklopiti kada se ne korist. Razvrstajte svoju svijetlu, tamnu i osjetljivu odje\u0107u odvojeno u ovoj korpi za pranje rublja s 3 odjeljka tako da ne morate preturati okolo na dan pranja rublja.\u00a0Za donje rublje predvi\u0111en je bo\u010dni d\u017eep! Omogu\u0107uju vam da lako gurate kolica za pranje rublja ili ih zaklju\u010date kada je to potrebno, pru\u017eaju\u0107i vam sigurnost i udobnost pri kori\u0161tenju.\",\"breadcrumb\":{\"@id\":\"https:\/\/inti.hr\/sr\/proizvod\/kosara-za-rublje-s-3-odjeljka\/#breadcrumb\"},\"inLanguage\":\"sr-RS\",\"potentialAction\":[{\"@type\":\"ReadAction\",\"target\":[\"https:\/\/inti.hr\/sr\/proizvod\/kosara-za-rublje-s-3-odjeljka\/\"]}]},{\"@type\":\"ImageObject\",\"inLanguage\":\"sr-RS\",\"@id\":\"https:\/\/inti.hr\/sr\/proizvod\/kosara-za-rublje-s-3-odjeljka\/#primaryimage\",\"url\":\"https:\/\/i0.wp.com\/inti.hr\/wp-content\/uploads\/2024\/01\/LCB365G01-2-1-e1706724139471.jpg?fit=1000%2C857&ssl=1\",\"contentUrl\":\"https:\/\/i0.wp.com\/inti.hr\/wp-content\/uploads\/2024\/01\/LCB365G01-2-1-e1706724139471.jpg?fit=1000%2C857&ssl=1\",\"width\":1000,\"height\":857,\"caption\":\"Ko\u0161ara za rublje s 3 odjeljka\"},{\"@type\":\"BreadcrumbList\",\"@id\":\"https:\/\/inti.hr\/sr\/proizvod\/kosara-za-rublje-s-3-odjeljka\/#breadcrumb\",\"itemListElement\":[{\"@type\":\"ListItem\",\"position\":1,\"name\":\"Po\u010detna stranica\",\"item\":\"https:\/\/inti.hr\/sr\/\"},{\"@type\":\"ListItem\",\"position\":2,\"name\":\"Prodavnica\",\"item\":\"https:\/\/inti.hr\/sr\/prodavnica\/\"},{\"@type\":\"ListItem\",\"position\":3,\"name\":\"Ko\u0161ara za rublje s 3 odjeljka\"}]},{\"@type\":\"WebSite\",\"@id\":\"https:\/\/inti.hr\/sr\/#website\",\"url\":\"https:\/\/inti.hr\/sr\/\",\"name\":\"Inti\",\"description\":\"trgovina\",\"potentialAction\":[{\"@type\":\"SearchAction\",\"target\":{\"@type\":\"EntryPoint\",\"urlTemplate\":\"https:\/\/inti.hr\/sr\/?s={search_term_string}\"},\"query-input\":{\"@type\":\"PropertyValueSpecification\",\"valueRequired\":true,\"valueName\":\"search_term_string\"}}],\"inLanguage\":\"sr-RS\"}]}<\/script>\n<!-- \/ Yoast SEO plugin. -->","yoast_head_json":{"title":"Ko\u0161ara za rublje s 3 odjeljka - Inti","description":"Ru\u010dno tkani dizajn daje ovoj visokokvalitetnoj ko\u0161ari za rublje jedinstven stilski \u0161tih i donosi da\u0161ak prirode u va\u0161 dom. Ne zaboravi pamu\u010dnu vre\u0107icu na ko\u0161ari za rublje kad radi\u0161 ve\u0107e \u010di\u0161\u0107enje! Vre\u0107ica za rublje se mo\u017ee ukloniti kako bi se olak\u0161alo \u010di\u0161\u0107enje; Torbica se tako\u0111er mo\u017ee prati u perilici! Za sljede\u0107i dan pranja! \u010cvrsta ko\u0161ara za rublje s metalnim okvirom, koja ima 3 pretinca, 1 bo\u010dni d\u017eep i ukupni kapacitet od 140 L. Osim toga, ova korpa za rublje mo\u017ee se postaviti u samo nekoliko minuta i mo\u017ee se lako sklopiti kada se ne korist. Razvrstajte svoju svijetlu, tamnu i osjetljivu odje\u0107u odvojeno u ovoj korpi za pranje rublja s 3 odjeljka tako da ne morate preturati okolo na dan pranja rublja.\u00a0Za donje rublje predvi\u0111en je bo\u010dni d\u017eep! Omogu\u0107uju vam da lako gurate kolica za pranje rublja ili ih zaklju\u010date kada je to potrebno, pru\u017eaju\u0107i vam sigurnost i udobnost pri kori\u0161tenju.","robots":{"index":"index","follow":"follow","max-snippet":"max-snippet:-1","max-image-preview":"max-image-preview:large","max-video-preview":"max-video-preview:-1"},"canonical":"https:\/\/inti.hr\/sr\/proizvod\/kosara-za-rublje-s-3-odjeljka\/","og_locale":"sr_RS","og_type":"article","og_title":"Ko\u0161ara za rublje s 3 odjeljka - Inti","og_description":"Ru\u010dno tkani dizajn daje ovoj visokokvalitetnoj ko\u0161ari za rublje jedinstven stilski \u0161tih i donosi da\u0161ak prirode u va\u0161 dom. Ne zaboravi pamu\u010dnu vre\u0107icu na ko\u0161ari za rublje kad radi\u0161 ve\u0107e \u010di\u0161\u0107enje! Vre\u0107ica za rublje se mo\u017ee ukloniti kako bi se olak\u0161alo \u010di\u0161\u0107enje; Torbica se tako\u0111er mo\u017ee prati u perilici! Za sljede\u0107i dan pranja! \u010cvrsta ko\u0161ara za rublje s metalnim okvirom, koja ima 3 pretinca, 1 bo\u010dni d\u017eep i ukupni kapacitet od 140 L. Osim toga, ova korpa za rublje mo\u017ee se postaviti u samo nekoliko minuta i mo\u017ee se lako sklopiti kada se ne korist. Razvrstajte svoju svijetlu, tamnu i osjetljivu odje\u0107u odvojeno u ovoj korpi za pranje rublja s 3 odjeljka tako da ne morate preturati okolo na dan pranja rublja.\u00a0Za donje rublje predvi\u0111en je bo\u010dni d\u017eep! Omogu\u0107uju vam da lako gurate kolica za pranje rublja ili ih zaklju\u010date kada je to potrebno, pru\u017eaju\u0107i vam sigurnost i udobnost pri kori\u0161tenju.","og_url":"https:\/\/inti.hr\/sr\/proizvod\/kosara-za-rublje-s-3-odjeljka\/","og_site_name":"Inti","og_image":[{"width":1000,"height":857,"url":"https:\/\/i0.wp.com\/inti.hr\/wp-content\/uploads\/2024\/01\/LCB365G01-2-1-e1706724139471.jpg?fit=1000%2C857&ssl=1","type":"image\/jpeg"}],"twitter_card":"summary_large_image","schema":{"@context":"https:\/\/schema.org","@graph":[{"@type":"WebPage","@id":"https:\/\/inti.hr\/sr\/proizvod\/kosara-za-rublje-s-3-odjeljka\/","url":"https:\/\/inti.hr\/sr\/proizvod\/kosara-za-rublje-s-3-odjeljka\/","name":"Ko\u0161ara za rublje s 3 odjeljka - Inti","isPartOf":{"@id":"https:\/\/inti.hr\/sr\/#website"},"primaryImageOfPage":{"@id":"https:\/\/inti.hr\/sr\/proizvod\/kosara-za-rublje-s-3-odjeljka\/#primaryimage"},"image":{"@id":"https:\/\/inti.hr\/sr\/proizvod\/kosara-za-rublje-s-3-odjeljka\/#primaryimage"},"thumbnailUrl":"https:\/\/i0.wp.com\/inti.hr\/wp-content\/uploads\/2024\/01\/LCB365G01-2-1-e1706724139471.jpg?fit=1000%2C857&ssl=1","datePublished":"2024-01-31T18:04:37+00:00","dateModified":"2024-01-31T18:04:37+00:00","description":"Ru\u010dno tkani dizajn daje ovoj visokokvalitetnoj ko\u0161ari za rublje jedinstven stilski \u0161tih i donosi da\u0161ak prirode u va\u0161 dom. Ne zaboravi pamu\u010dnu vre\u0107icu na ko\u0161ari za rublje kad radi\u0161 ve\u0107e \u010di\u0161\u0107enje! Vre\u0107ica za rublje se mo\u017ee ukloniti kako bi se olak\u0161alo \u010di\u0161\u0107enje; Torbica se tako\u0111er mo\u017ee prati u perilici! Za sljede\u0107i dan pranja! \u010cvrsta ko\u0161ara za rublje s metalnim okvirom, koja ima 3 pretinca, 1 bo\u010dni d\u017eep i ukupni kapacitet od 140 L. Osim toga, ova korpa za rublje mo\u017ee se postaviti u samo nekoliko minuta i mo\u017ee se lako sklopiti kada se ne korist. Razvrstajte svoju svijetlu, tamnu i osjetljivu odje\u0107u odvojeno u ovoj korpi za pranje rublja s 3 odjeljka tako da ne morate preturati okolo na dan pranja rublja.\u00a0Za donje rublje predvi\u0111en je bo\u010dni d\u017eep! Omogu\u0107uju vam da lako gurate kolica za pranje rublja ili ih zaklju\u010date kada je to potrebno, pru\u017eaju\u0107i vam sigurnost i udobnost pri kori\u0161tenju.","breadcrumb":{"@id":"https:\/\/inti.hr\/sr\/proizvod\/kosara-za-rublje-s-3-odjeljka\/#breadcrumb"},"inLanguage":"sr-RS","potentialAction":[{"@type":"ReadAction","target":["https:\/\/inti.hr\/sr\/proizvod\/kosara-za-rublje-s-3-odjeljka\/"]}]},{"@type":"ImageObject","inLanguage":"sr-RS","@id":"https:\/\/inti.hr\/sr\/proizvod\/kosara-za-rublje-s-3-odjeljka\/#primaryimage","url":"https:\/\/i0.wp.com\/inti.hr\/wp-content\/uploads\/2024\/01\/LCB365G01-2-1-e1706724139471.jpg?fit=1000%2C857&ssl=1","contentUrl":"https:\/\/i0.wp.com\/inti.hr\/wp-content\/uploads\/2024\/01\/LCB365G01-2-1-e1706724139471.jpg?fit=1000%2C857&ssl=1","width":1000,"height":857,"caption":"Ko\u0161ara za rublje s 3 odjeljka"},{"@type":"BreadcrumbList","@id":"https:\/\/inti.hr\/sr\/proizvod\/kosara-za-rublje-s-3-odjeljka\/#breadcrumb","itemListElement":[{"@type":"ListItem","position":1,"name":"Po\u010detna stranica","item":"https:\/\/inti.hr\/sr\/"},{"@type":"ListItem","position":2,"name":"Prodavnica","item":"https:\/\/inti.hr\/sr\/prodavnica\/"},{"@type":"ListItem","position":3,"name":"Ko\u0161ara za rublje s 3 odjeljka"}]},{"@type":"WebSite","@id":"https:\/\/inti.hr\/sr\/#website","url":"https:\/\/inti.hr\/sr\/","name":"Inti","description":"trgovina","potentialAction":[{"@type":"SearchAction","target":{"@type":"EntryPoint","urlTemplate":"https:\/\/inti.hr\/sr\/?s={search_term_string}"},"query-input":{"@type":"PropertyValueSpecification","valueRequired":true,"valueName":"search_term_string"}}],"inLanguage":"sr-RS"}]}},"jetpack_sharing_enabled":true,"jetpack-related-posts":[],"_links":{"self":[{"href":"https:\/\/inti.hr\/sr\/wp-json\/wp\/v2\/product\/37531"}],"collection":[{"href":"https:\/\/inti.hr\/sr\/wp-json\/wp\/v2\/product"}],"about":[{"href":"https:\/\/inti.hr\/sr\/wp-json\/wp\/v2\/types\/product"}],"wp:featuredmedia":[{"embeddable":true,"href":"https:\/\/inti.hr\/sr\/wp-json\/wp\/v2\/media\/37532"}],"wp:attachment":[{"href":"https:\/\/inti.hr\/sr\/wp-json\/wp\/v2\/media?parent=37531"}],"wp:term":[{"taxonomy":"product_cat","embeddable":true,"href":"https:\/\/inti.hr\/sr\/wp-json\/wp\/v2\/product_cat?post=37531"},{"taxonomy":"product_tag","embeddable":true,"href":"https:\/\/inti.hr\/sr\/wp-json\/wp\/v2\/product_tag?post=37531"}],"curies":[{"name":"wp","href":"https:\/\/api.w.org\/{rel}","templated":true}]}}