{"id":37539,"date":"2024-01-31T17:33:43","date_gmt":"2024-01-31T17:33:43","guid":{"rendered":"https:\/\/inti.hr\/product\/toaletni-stolic-s-led-rasvjetom-moderna-cloud-white\/"},"modified":"2024-01-31T17:33:43","modified_gmt":"2024-01-31T17:33:43","slug":"toaletni-stolic-s-led-rasvjetom-moderna-cloud-white","status":"publish","type":"product","link":"https:\/\/inti.hr\/sr\/proizvod\/toaletni-stolic-s-led-rasvjetom-moderna-cloud-white\/","title":{"rendered":"Toaletni stoli\u0107 s LED rasvjetom moderna cloud white"},"content":{"rendered":"<p>Detalji proizvoda:<\/p>\n<p>Boja: Obla\u010dno bijelo<br \/>\nVeli\u010dina: 40 x 97,5 x 145 cm<br \/>\nDimenzije proizvoda: 40 D x 97,5 \u0160 x 145 V centimetara<br \/>\nMaterijal okvira :drvo<\/p>\n","protected":false},"excerpt":{"rendered":"<p>Gornja polica, 7 otvorenih pretinaca, 2 velike ladice, 2 police i &#8230; <\/p>\n","protected":false},"featured_media":37540,"template":"","meta":[],"product_cat":[2416],"product_tag":[2677,5181],"yoast_head":"<!-- This site is optimized with the Yoast SEO plugin v23.7 - https:\/\/yoast.com\/wordpress\/plugins\/seo\/ -->\n<title>Toaletni stoli\u0107 s LED rasvjetom moderna cloud white - Inti<\/title>\n<meta name=\"description\" content=\"Gornja polica, 7 otvorenih pretinaca, 2 velike ladice, 2 police i kuke iza ogledala te ormari\u0107 s 4 ladice. Ovaj kozmeti\u010dki stol nudi dovoljno prostora za uredno pohranjivanje svih va\u0161ih predmeta. 2 police na lijevoj strani i polica u sredini desne strane podesive su visine u 3 razine tako da lako mo\u017eete smjestiti predmete razli\u010ditih veli\u010dina. Jednostavan dizajn, \u010diste linije i elegantna bijela \u010dine ovaj moderni toaletni stoli\u0107 elegantnim dodatkom va\u0161oj spava\u0107oj sobi ili garderobi. Dugo pritisnite prekida\u010d za pode\u0161avanje svjetline, kratko pritisnite za pode\u0161avanje boje svjetla. LED osvjetljenje mo\u017eete prilagoditi svojim potrebama za nano\u0161enje savr\u0161ene \u0161minke. Ovaj toaletni stoli\u0107 izra\u0111en od visokokvalitetnog iverala robustan je i izdr\u017eljiv; povr\u0161ina mu je otporna na habanje i lako se \u010disti, \u0161to omogu\u0107uje dugotrajnu upotrebu.\" \/>\n<meta name=\"robots\" content=\"index, follow, max-snippet:-1, max-image-preview:large, max-video-preview:-1\" \/>\n<link rel=\"canonical\" href=\"https:\/\/inti.hr\/sr\/proizvod\/toaletni-stolic-s-led-rasvjetom-moderna-cloud-white\/\" \/>\n<meta property=\"og:locale\" content=\"sr_RS\" \/>\n<meta property=\"og:type\" content=\"article\" \/>\n<meta property=\"og:title\" content=\"Toaletni stoli\u0107 s LED rasvjetom moderna cloud white - Inti\" \/>\n<meta property=\"og:description\" content=\"Gornja polica, 7 otvorenih pretinaca, 2 velike ladice, 2 police i kuke iza ogledala te ormari\u0107 s 4 ladice. Ovaj kozmeti\u010dki stol nudi dovoljno prostora za uredno pohranjivanje svih va\u0161ih predmeta. 2 police na lijevoj strani i polica u sredini desne strane podesive su visine u 3 razine tako da lako mo\u017eete smjestiti predmete razli\u010ditih veli\u010dina. Jednostavan dizajn, \u010diste linije i elegantna bijela \u010dine ovaj moderni toaletni stoli\u0107 elegantnim dodatkom va\u0161oj spava\u0107oj sobi ili garderobi. Dugo pritisnite prekida\u010d za pode\u0161avanje svjetline, kratko pritisnite za pode\u0161avanje boje svjetla. LED osvjetljenje mo\u017eete prilagoditi svojim potrebama za nano\u0161enje savr\u0161ene \u0161minke. Ovaj toaletni stoli\u0107 izra\u0111en od visokokvalitetnog iverala robustan je i izdr\u017eljiv; povr\u0161ina mu je otporna na habanje i lako se \u010disti, \u0161to omogu\u0107uje dugotrajnu upotrebu.\" \/>\n<meta property=\"og:url\" content=\"https:\/\/inti.hr\/sr\/proizvod\/toaletni-stolic-s-led-rasvjetom-moderna-cloud-white\/\" \/>\n<meta property=\"og:site_name\" content=\"Inti\" \/>\n<meta property=\"og:image\" content=\"https:\/\/i0.wp.com\/inti.hr\/wp-content\/uploads\/2024\/01\/RDT124W01-2-e1706719643138.jpg?fit=800%2C862&ssl=1\" \/>\n\t<meta property=\"og:image:width\" content=\"800\" \/>\n\t<meta property=\"og:image:height\" content=\"862\" \/>\n\t<meta property=\"og:image:type\" content=\"image\/jpeg\" \/>\n<meta name=\"twitter:card\" content=\"summary_large_image\" \/>\n<script type=\"application\/ld+json\" class=\"yoast-schema-graph\">{\"@context\":\"https:\/\/schema.org\",\"@graph\":[{\"@type\":\"WebPage\",\"@id\":\"https:\/\/inti.hr\/sr\/proizvod\/toaletni-stolic-s-led-rasvjetom-moderna-cloud-white\/\",\"url\":\"https:\/\/inti.hr\/sr\/proizvod\/toaletni-stolic-s-led-rasvjetom-moderna-cloud-white\/\",\"name\":\"Toaletni stoli\u0107 s LED rasvjetom moderna cloud white - Inti\",\"isPartOf\":{\"@id\":\"https:\/\/inti.hr\/sr\/#website\"},\"primaryImageOfPage\":{\"@id\":\"https:\/\/inti.hr\/sr\/proizvod\/toaletni-stolic-s-led-rasvjetom-moderna-cloud-white\/#primaryimage\"},\"image\":{\"@id\":\"https:\/\/inti.hr\/sr\/proizvod\/toaletni-stolic-s-led-rasvjetom-moderna-cloud-white\/#primaryimage\"},\"thumbnailUrl\":\"https:\/\/i0.wp.com\/inti.hr\/wp-content\/uploads\/2024\/01\/RDT124W01-2-e1706719643138.jpg?fit=800%2C862&ssl=1\",\"datePublished\":\"2024-01-31T17:33:43+00:00\",\"dateModified\":\"2024-01-31T17:33:43+00:00\",\"description\":\"Gornja polica, 7 otvorenih pretinaca, 2 velike ladice, 2 police i kuke iza ogledala te ormari\u0107 s 4 ladice. Ovaj kozmeti\u010dki stol nudi dovoljno prostora za uredno pohranjivanje svih va\u0161ih predmeta. 2 police na lijevoj strani i polica u sredini desne strane podesive su visine u 3 razine tako da lako mo\u017eete smjestiti predmete razli\u010ditih veli\u010dina. Jednostavan dizajn, \u010diste linije i elegantna bijela \u010dine ovaj moderni toaletni stoli\u0107 elegantnim dodatkom va\u0161oj spava\u0107oj sobi ili garderobi. Dugo pritisnite prekida\u010d za pode\u0161avanje svjetline, kratko pritisnite za pode\u0161avanje boje svjetla. LED osvjetljenje mo\u017eete prilagoditi svojim potrebama za nano\u0161enje savr\u0161ene \u0161minke. Ovaj toaletni stoli\u0107 izra\u0111en od visokokvalitetnog iverala robustan je i izdr\u017eljiv; povr\u0161ina mu je otporna na habanje i lako se \u010disti, \u0161to omogu\u0107uje dugotrajnu upotrebu.\",\"breadcrumb\":{\"@id\":\"https:\/\/inti.hr\/sr\/proizvod\/toaletni-stolic-s-led-rasvjetom-moderna-cloud-white\/#breadcrumb\"},\"inLanguage\":\"sr-RS\",\"potentialAction\":[{\"@type\":\"ReadAction\",\"target\":[\"https:\/\/inti.hr\/sr\/proizvod\/toaletni-stolic-s-led-rasvjetom-moderna-cloud-white\/\"]}]},{\"@type\":\"ImageObject\",\"inLanguage\":\"sr-RS\",\"@id\":\"https:\/\/inti.hr\/sr\/proizvod\/toaletni-stolic-s-led-rasvjetom-moderna-cloud-white\/#primaryimage\",\"url\":\"https:\/\/i0.wp.com\/inti.hr\/wp-content\/uploads\/2024\/01\/RDT124W01-2-e1706719643138.jpg?fit=800%2C862&ssl=1\",\"contentUrl\":\"https:\/\/i0.wp.com\/inti.hr\/wp-content\/uploads\/2024\/01\/RDT124W01-2-e1706719643138.jpg?fit=800%2C862&ssl=1\",\"width\":800,\"height\":862},{\"@type\":\"BreadcrumbList\",\"@id\":\"https:\/\/inti.hr\/sr\/proizvod\/toaletni-stolic-s-led-rasvjetom-moderna-cloud-white\/#breadcrumb\",\"itemListElement\":[{\"@type\":\"ListItem\",\"position\":1,\"name\":\"Po\u010detna stranica\",\"item\":\"https:\/\/inti.hr\/sr\/\"},{\"@type\":\"ListItem\",\"position\":2,\"name\":\"Prodavnica\",\"item\":\"https:\/\/inti.hr\/sr\/prodavnica\/\"},{\"@type\":\"ListItem\",\"position\":3,\"name\":\"Toaletni stoli\u0107 s LED rasvjetom moderna cloud white\"}]},{\"@type\":\"WebSite\",\"@id\":\"https:\/\/inti.hr\/sr\/#website\",\"url\":\"https:\/\/inti.hr\/sr\/\",\"name\":\"Inti\",\"description\":\"trgovina\",\"potentialAction\":[{\"@type\":\"SearchAction\",\"target\":{\"@type\":\"EntryPoint\",\"urlTemplate\":\"https:\/\/inti.hr\/sr\/?s={search_term_string}\"},\"query-input\":{\"@type\":\"PropertyValueSpecification\",\"valueRequired\":true,\"valueName\":\"search_term_string\"}}],\"inLanguage\":\"sr-RS\"}]}<\/script>\n<!-- \/ Yoast SEO plugin. -->","yoast_head_json":{"title":"Toaletni stoli\u0107 s LED rasvjetom moderna cloud white - Inti","description":"Gornja polica, 7 otvorenih pretinaca, 2 velike ladice, 2 police i kuke iza ogledala te ormari\u0107 s 4 ladice. Ovaj kozmeti\u010dki stol nudi dovoljno prostora za uredno pohranjivanje svih va\u0161ih predmeta. 2 police na lijevoj strani i polica u sredini desne strane podesive su visine u 3 razine tako da lako mo\u017eete smjestiti predmete razli\u010ditih veli\u010dina. Jednostavan dizajn, \u010diste linije i elegantna bijela \u010dine ovaj moderni toaletni stoli\u0107 elegantnim dodatkom va\u0161oj spava\u0107oj sobi ili garderobi. Dugo pritisnite prekida\u010d za pode\u0161avanje svjetline, kratko pritisnite za pode\u0161avanje boje svjetla. LED osvjetljenje mo\u017eete prilagoditi svojim potrebama za nano\u0161enje savr\u0161ene \u0161minke. Ovaj toaletni stoli\u0107 izra\u0111en od visokokvalitetnog iverala robustan je i izdr\u017eljiv; povr\u0161ina mu je otporna na habanje i lako se \u010disti, \u0161to omogu\u0107uje dugotrajnu upotrebu.","robots":{"index":"index","follow":"follow","max-snippet":"max-snippet:-1","max-image-preview":"max-image-preview:large","max-video-preview":"max-video-preview:-1"},"canonical":"https:\/\/inti.hr\/sr\/proizvod\/toaletni-stolic-s-led-rasvjetom-moderna-cloud-white\/","og_locale":"sr_RS","og_type":"article","og_title":"Toaletni stoli\u0107 s LED rasvjetom moderna cloud white - Inti","og_description":"Gornja polica, 7 otvorenih pretinaca, 2 velike ladice, 2 police i kuke iza ogledala te ormari\u0107 s 4 ladice. Ovaj kozmeti\u010dki stol nudi dovoljno prostora za uredno pohranjivanje svih va\u0161ih predmeta. 2 police na lijevoj strani i polica u sredini desne strane podesive su visine u 3 razine tako da lako mo\u017eete smjestiti predmete razli\u010ditih veli\u010dina. Jednostavan dizajn, \u010diste linije i elegantna bijela \u010dine ovaj moderni toaletni stoli\u0107 elegantnim dodatkom va\u0161oj spava\u0107oj sobi ili garderobi. Dugo pritisnite prekida\u010d za pode\u0161avanje svjetline, kratko pritisnite za pode\u0161avanje boje svjetla. LED osvjetljenje mo\u017eete prilagoditi svojim potrebama za nano\u0161enje savr\u0161ene \u0161minke. Ovaj toaletni stoli\u0107 izra\u0111en od visokokvalitetnog iverala robustan je i izdr\u017eljiv; povr\u0161ina mu je otporna na habanje i lako se \u010disti, \u0161to omogu\u0107uje dugotrajnu upotrebu.","og_url":"https:\/\/inti.hr\/sr\/proizvod\/toaletni-stolic-s-led-rasvjetom-moderna-cloud-white\/","og_site_name":"Inti","og_image":[{"width":800,"height":862,"url":"https:\/\/i0.wp.com\/inti.hr\/wp-content\/uploads\/2024\/01\/RDT124W01-2-e1706719643138.jpg?fit=800%2C862&ssl=1","type":"image\/jpeg"}],"twitter_card":"summary_large_image","schema":{"@context":"https:\/\/schema.org","@graph":[{"@type":"WebPage","@id":"https:\/\/inti.hr\/sr\/proizvod\/toaletni-stolic-s-led-rasvjetom-moderna-cloud-white\/","url":"https:\/\/inti.hr\/sr\/proizvod\/toaletni-stolic-s-led-rasvjetom-moderna-cloud-white\/","name":"Toaletni stoli\u0107 s LED rasvjetom moderna cloud white - Inti","isPartOf":{"@id":"https:\/\/inti.hr\/sr\/#website"},"primaryImageOfPage":{"@id":"https:\/\/inti.hr\/sr\/proizvod\/toaletni-stolic-s-led-rasvjetom-moderna-cloud-white\/#primaryimage"},"image":{"@id":"https:\/\/inti.hr\/sr\/proizvod\/toaletni-stolic-s-led-rasvjetom-moderna-cloud-white\/#primaryimage"},"thumbnailUrl":"https:\/\/i0.wp.com\/inti.hr\/wp-content\/uploads\/2024\/01\/RDT124W01-2-e1706719643138.jpg?fit=800%2C862&ssl=1","datePublished":"2024-01-31T17:33:43+00:00","dateModified":"2024-01-31T17:33:43+00:00","description":"Gornja polica, 7 otvorenih pretinaca, 2 velike ladice, 2 police i kuke iza ogledala te ormari\u0107 s 4 ladice. Ovaj kozmeti\u010dki stol nudi dovoljno prostora za uredno pohranjivanje svih va\u0161ih predmeta. 2 police na lijevoj strani i polica u sredini desne strane podesive su visine u 3 razine tako da lako mo\u017eete smjestiti predmete razli\u010ditih veli\u010dina. Jednostavan dizajn, \u010diste linije i elegantna bijela \u010dine ovaj moderni toaletni stoli\u0107 elegantnim dodatkom va\u0161oj spava\u0107oj sobi ili garderobi. Dugo pritisnite prekida\u010d za pode\u0161avanje svjetline, kratko pritisnite za pode\u0161avanje boje svjetla. LED osvjetljenje mo\u017eete prilagoditi svojim potrebama za nano\u0161enje savr\u0161ene \u0161minke. Ovaj toaletni stoli\u0107 izra\u0111en od visokokvalitetnog iverala robustan je i izdr\u017eljiv; povr\u0161ina mu je otporna na habanje i lako se \u010disti, \u0161to omogu\u0107uje dugotrajnu upotrebu.","breadcrumb":{"@id":"https:\/\/inti.hr\/sr\/proizvod\/toaletni-stolic-s-led-rasvjetom-moderna-cloud-white\/#breadcrumb"},"inLanguage":"sr-RS","potentialAction":[{"@type":"ReadAction","target":["https:\/\/inti.hr\/sr\/proizvod\/toaletni-stolic-s-led-rasvjetom-moderna-cloud-white\/"]}]},{"@type":"ImageObject","inLanguage":"sr-RS","@id":"https:\/\/inti.hr\/sr\/proizvod\/toaletni-stolic-s-led-rasvjetom-moderna-cloud-white\/#primaryimage","url":"https:\/\/i0.wp.com\/inti.hr\/wp-content\/uploads\/2024\/01\/RDT124W01-2-e1706719643138.jpg?fit=800%2C862&ssl=1","contentUrl":"https:\/\/i0.wp.com\/inti.hr\/wp-content\/uploads\/2024\/01\/RDT124W01-2-e1706719643138.jpg?fit=800%2C862&ssl=1","width":800,"height":862},{"@type":"BreadcrumbList","@id":"https:\/\/inti.hr\/sr\/proizvod\/toaletni-stolic-s-led-rasvjetom-moderna-cloud-white\/#breadcrumb","itemListElement":[{"@type":"ListItem","position":1,"name":"Po\u010detna stranica","item":"https:\/\/inti.hr\/sr\/"},{"@type":"ListItem","position":2,"name":"Prodavnica","item":"https:\/\/inti.hr\/sr\/prodavnica\/"},{"@type":"ListItem","position":3,"name":"Toaletni stoli\u0107 s LED rasvjetom moderna cloud white"}]},{"@type":"WebSite","@id":"https:\/\/inti.hr\/sr\/#website","url":"https:\/\/inti.hr\/sr\/","name":"Inti","description":"trgovina","potentialAction":[{"@type":"SearchAction","target":{"@type":"EntryPoint","urlTemplate":"https:\/\/inti.hr\/sr\/?s={search_term_string}"},"query-input":{"@type":"PropertyValueSpecification","valueRequired":true,"valueName":"search_term_string"}}],"inLanguage":"sr-RS"}]}},"jetpack_sharing_enabled":true,"jetpack-related-posts":[],"_links":{"self":[{"href":"https:\/\/inti.hr\/sr\/wp-json\/wp\/v2\/product\/37539"}],"collection":[{"href":"https:\/\/inti.hr\/sr\/wp-json\/wp\/v2\/product"}],"about":[{"href":"https:\/\/inti.hr\/sr\/wp-json\/wp\/v2\/types\/product"}],"wp:featuredmedia":[{"embeddable":true,"href":"https:\/\/inti.hr\/sr\/wp-json\/wp\/v2\/media\/37540"}],"wp:attachment":[{"href":"https:\/\/inti.hr\/sr\/wp-json\/wp\/v2\/media?parent=37539"}],"wp:term":[{"taxonomy":"product_cat","embeddable":true,"href":"https:\/\/inti.hr\/sr\/wp-json\/wp\/v2\/product_cat?post=37539"},{"taxonomy":"product_tag","embeddable":true,"href":"https:\/\/inti.hr\/sr\/wp-json\/wp\/v2\/product_tag?post=37539"}],"curies":[{"name":"wp","href":"https:\/\/api.w.org\/{rel}","templated":true}]}}